{"id":37160,"date":"2024-10-04T16:44:33","date_gmt":"2024-10-04T14:44:33","guid":{"rendered":"https:\/\/www.antderground.com\/producto\/strumigenys-sp\/"},"modified":"2024-10-04T16:44:33","modified_gmt":"2024-10-04T14:44:33","slug":"strumigenys-sp","status":"publish","type":"product","link":"https:\/\/antderground.com\/en\/product\/strumigenys-sp\/","title":{"rendered":"Strumigenys sp"},"content":{"rendered":"<h3>Technical Sheet for <em>Strumigenys sp.<\/em><\/h3>\n<p><strong>Scientific Name:<\/strong> <em>Strumigenys sp.<\/em><br \/>\n<strong>Family:<\/strong> Formicidae<br \/>\n<strong>Genus:<\/strong> <em>Strumigenys<\/em><br \/>\n<strong>Size:<\/strong> 0.8 mm to 3 mm in length.<\/p>\n<p><strong>Distribution:<\/strong><br \/>\n<em>Strumigenys<\/em> ants are found worldwide, especially in tropical and subtropical regions.<\/p>\n<p><strong>Description:<\/strong><br \/>\n<em>Strumigenys<\/em> ants are known for their tiny size and long, specialized mandibles that snap shut quickly to capture prey. Their bodies are often covered with small hairs or bristles, giving them a fuzzy appearance. They vary in color, ranging from shades of brown, yellow, and sometimes gray.<\/p>\n<p><strong>Habitat:<\/strong><br \/>\nThese ants live in leaf litter, decaying logs, and moist, shaded areas. They are commonly found in the forest floor of jungles and areas with high humidity.<\/p>\n<p><strong>Behavior:<\/strong><br \/>\nThey are predators, primarily hunting small arthropods such as springtails. They ambush their prey using their fast, precision jaws. Colonies are small and relatively inconspicuous, with less visible activity compared to other ant species.<\/p>\n<p><strong>Care in Captivity:<\/strong><\/p>\n<ul>\n<li><strong>Humidity:<\/strong> Keep the formicarium at high humidity levels (60-80%).<\/li>\n<li><strong>Temperature:<\/strong> Ideal temperature range is between 22\u00b0C and 26\u00b0C. Avoid extreme temperatures.<\/li>\n<li><strong>Diet:<\/strong> Feed them small insects like springtails or micro-crickets, mimicking their natural diet.<\/li>\n<li><strong>Formicarium:<\/strong> A small formicarium with easy-to-access chambers and a suitable foraging area is recommended.<\/li>\n<\/ul>\n<p><strong>Difficulty of Keeping:<\/strong><br \/>\nModerate. They require constant humidity and a specific diet, making them a bit challenging for beginners.<\/p>\n<p><strong>Curiosities:<\/strong><\/p>\n<ul>\n<li>They possess &#8220;trap-jaw&#8221; mandibles that snap shut at high speeds to capture prey.<\/li>\n<li>Due to their small size and discreet behavior, they are often overlooked in their natural habitat.<\/li>\n<\/ul>\n","protected":false},"excerpt":{"rendered":"<p>Strumigenys sp. are tiny predatory ants, 0.8 mm to 3 mm, ideal for those seeking exotic and fascinating species. With trap-like jaws and small colonies, they are perfect for advanced hobbyists who value detail.<\/p>\n","protected":false},"featured_media":37098,"template":"","meta":[],"product_brand":[],"product_cat":[206,475],"product_tag":[],"class_list":{"0":"post-37160","1":"product","2":"type-product","3":"status-publish","4":"has-post-thumbnail","6":"product_cat-ants","7":"product_cat-exotic-ants","9":"first","10":"outofstock","11":"shipping-taxable","12":"purchasable","13":"product-type-variable"},"yoast_head":"<!-- This site is optimized with the Yoast SEO plugin v27.3 - https:\/\/yoast.com\/product\/yoast-seo-wordpress\/ -->\n<title>Strumigenys sp | Exotic Ants - ANTDERGROUND<\/title>\n<meta name=\"description\" content=\"Buy Strumigenys sp., exotic ants from 0.8 mm to 3 mm. Small, fascinating predatory ants, ideal for experienced breeders.\" \/>\n<meta name=\"robots\" content=\"index, follow, max-snippet:-1, max-image-preview:large, max-video-preview:-1\" \/>\n<link rel=\"canonical\" href=\"https:\/\/antderground.com\/en\/product\/strumigenys-sp\/\" \/>\n<meta property=\"og:locale\" content=\"en_US\" \/>\n<meta property=\"og:type\" content=\"article\" \/>\n<meta property=\"og:title\" content=\"Strumigenys sp | Exotic Ants - ANTDERGROUND\" \/>\n<meta property=\"og:description\" content=\"Buy Strumigenys sp., exotic ants from 0.8 mm to 3 mm. Small, fascinating predatory ants, ideal for experienced breeders.\" \/>\n<meta property=\"og:url\" content=\"https:\/\/antderground.com\/en\/product\/strumigenys-sp\/\" \/>\n<meta property=\"og:site_name\" content=\"ANTDERGROUND\" \/>\n<meta property=\"og:image\" content=\"https:\/\/antderground.com\/wp-content\/uploads\/2024\/10\/strumigenis-sp.jpg\" \/>\n\t<meta property=\"og:image:width\" content=\"1600\" \/>\n\t<meta property=\"og:image:height\" content=\"1600\" \/>\n\t<meta property=\"og:image:type\" content=\"image\/jpeg\" \/>\n<meta name=\"twitter:card\" content=\"summary_large_image\" \/>\n<meta name=\"twitter:label1\" content=\"Est. reading time\" \/>\n\t<meta name=\"twitter:data1\" content=\"1 minute\" \/>\n<script type=\"application\/ld+json\" class=\"yoast-schema-graph\">{\"@context\":\"https:\\\/\\\/schema.org\",\"@graph\":[{\"@type\":\"WebPage\",\"@id\":\"https:\\\/\\\/antderground.com\\\/en\\\/product\\\/strumigenys-sp\\\/\",\"url\":\"https:\\\/\\\/antderground.com\\\/en\\\/product\\\/strumigenys-sp\\\/\",\"name\":\"Strumigenys sp | Exotic Ants - ANTDERGROUND\",\"isPartOf\":{\"@id\":\"https:\\\/\\\/antderground.com\\\/en\\\/#website\"},\"primaryImageOfPage\":{\"@id\":\"https:\\\/\\\/antderground.com\\\/en\\\/product\\\/strumigenys-sp\\\/#primaryimage\"},\"image\":{\"@id\":\"https:\\\/\\\/antderground.com\\\/en\\\/product\\\/strumigenys-sp\\\/#primaryimage\"},\"thumbnailUrl\":\"https:\\\/\\\/antderground.com\\\/wp-content\\\/uploads\\\/2024\\\/10\\\/strumigenis-sp.jpg\",\"datePublished\":\"2024-10-04T14:44:33+00:00\",\"description\":\"Buy Strumigenys sp., exotic ants from 0.8 mm to 3 mm. Small, fascinating predatory ants, ideal for experienced breeders.\",\"breadcrumb\":{\"@id\":\"https:\\\/\\\/antderground.com\\\/en\\\/product\\\/strumigenys-sp\\\/#breadcrumb\"},\"inLanguage\":\"en-US\",\"potentialAction\":[{\"@type\":\"ReadAction\",\"target\":[\"https:\\\/\\\/antderground.com\\\/en\\\/product\\\/strumigenys-sp\\\/\"]}]},{\"@type\":\"ImageObject\",\"inLanguage\":\"en-US\",\"@id\":\"https:\\\/\\\/antderground.com\\\/en\\\/product\\\/strumigenys-sp\\\/#primaryimage\",\"url\":\"https:\\\/\\\/antderground.com\\\/wp-content\\\/uploads\\\/2024\\\/10\\\/strumigenis-sp.jpg\",\"contentUrl\":\"https:\\\/\\\/antderground.com\\\/wp-content\\\/uploads\\\/2024\\\/10\\\/strumigenis-sp.jpg\",\"width\":1600,\"height\":1600},{\"@type\":\"BreadcrumbList\",\"@id\":\"https:\\\/\\\/antderground.com\\\/en\\\/product\\\/strumigenys-sp\\\/#breadcrumb\",\"itemListElement\":[{\"@type\":\"ListItem\",\"position\":1,\"name\":\"Portada\",\"item\":\"https:\\\/\\\/antderground.com\\\/en\\\/\"},{\"@type\":\"ListItem\",\"position\":2,\"name\":\"Products\",\"item\":\"https:\\\/\\\/antderground.com\\\/en\\\/myrmecology-store\\\/\"},{\"@type\":\"ListItem\",\"position\":3,\"name\":\"Strumigenys sp\"}]},{\"@type\":\"WebSite\",\"@id\":\"https:\\\/\\\/antderground.com\\\/en\\\/#website\",\"url\":\"https:\\\/\\\/antderground.com\\\/en\\\/\",\"name\":\"ANTDERGROUND\",\"description\":\"Tu tienda de hormigas, gran variedad de hormigueros acr\u00edlicos,madera,arena,3D y mas.. Pide tus hormigas gratis con tu pedido, somos expertos en hormigueros antifugas.\",\"publisher\":{\"@id\":\"https:\\\/\\\/antderground.com\\\/en\\\/#\\\/schema\\\/person\\\/0e322c505e84fe72c65e2f6d08f96b81\"},\"alternateName\":\"Antderground\",\"potentialAction\":[{\"@type\":\"SearchAction\",\"target\":{\"@type\":\"EntryPoint\",\"urlTemplate\":\"https:\\\/\\\/antderground.com\\\/en\\\/?s={search_term_string}\"},\"query-input\":{\"@type\":\"PropertyValueSpecification\",\"valueRequired\":true,\"valueName\":\"search_term_string\"}}],\"inLanguage\":\"en-US\"},{\"@type\":[\"Person\",\"Organization\"],\"@id\":\"https:\\\/\\\/antderground.com\\\/en\\\/#\\\/schema\\\/person\\\/0e322c505e84fe72c65e2f6d08f96b81\",\"name\":\"Eric de Antderground\",\"image\":{\"@type\":\"ImageObject\",\"inLanguage\":\"en-US\",\"@id\":\"https:\\\/\\\/secure.gravatar.com\\\/avatar\\\/c49a1b9f79216d1498cb73c1e85cd47f4465dda35f2a94c03790d491bd4423c3?s=96&d=mm&r=g\",\"url\":\"https:\\\/\\\/secure.gravatar.com\\\/avatar\\\/c49a1b9f79216d1498cb73c1e85cd47f4465dda35f2a94c03790d491bd4423c3?s=96&d=mm&r=g\",\"contentUrl\":\"https:\\\/\\\/secure.gravatar.com\\\/avatar\\\/c49a1b9f79216d1498cb73c1e85cd47f4465dda35f2a94c03790d491bd4423c3?s=96&d=mm&r=g\",\"caption\":\"Eric de Antderground\"},\"logo\":{\"@id\":\"https:\\\/\\\/secure.gravatar.com\\\/avatar\\\/c49a1b9f79216d1498cb73c1e85cd47f4465dda35f2a94c03790d491bd4423c3?s=96&d=mm&r=g\"},\"description\":\"Eric es el especialista y fundador de Antderground, con una amplia trayectoria en artr\u00f3podos y enfocado en la mirmecolog\u00eda y el dise\u00f1o de hormigueros artificiales. Su enfoque combina la innovaci\u00f3n t\u00e9cnica con el respeto por la biolog\u00eda de las hormigas, is\u00f3podos y otros, desarrollando sistemas de nidos modulares 3D y acr\u00edlicos que son referentes para aficionados y profesionales en toda Europa. Su objetivo es facilitar la cr\u00eda de hormigas y otros artr\u00f3podos mediante soluciones seguras y divulgaci\u00f3n de calidad.\",\"sameAs\":[\"https:\\\/\\\/antderground.com\\\/\",\"https:\\\/\\\/www.youtube.com\\\/channel\\\/UCio72z7TlbufkAthAJIJfPw\"]}]}<\/script>\n<!-- \/ Yoast SEO plugin. -->","yoast_head_json":{"title":"Strumigenys sp | Exotic Ants - ANTDERGROUND","description":"Buy Strumigenys sp., exotic ants from 0.8 mm to 3 mm. Small, fascinating predatory ants, ideal for experienced breeders.","robots":{"index":"index","follow":"follow","max-snippet":"max-snippet:-1","max-image-preview":"max-image-preview:large","max-video-preview":"max-video-preview:-1"},"canonical":"https:\/\/antderground.com\/en\/product\/strumigenys-sp\/","og_locale":"en_US","og_type":"article","og_title":"Strumigenys sp | Exotic Ants - ANTDERGROUND","og_description":"Buy Strumigenys sp., exotic ants from 0.8 mm to 3 mm. Small, fascinating predatory ants, ideal for experienced breeders.","og_url":"https:\/\/antderground.com\/en\/product\/strumigenys-sp\/","og_site_name":"ANTDERGROUND","og_image":[{"width":1600,"height":1600,"url":"https:\/\/antderground.com\/wp-content\/uploads\/2024\/10\/strumigenis-sp.jpg","type":"image\/jpeg"}],"twitter_card":"summary_large_image","twitter_misc":{"Est. reading time":"1 minute"},"schema":{"@context":"https:\/\/schema.org","@graph":[{"@type":"WebPage","@id":"https:\/\/antderground.com\/en\/product\/strumigenys-sp\/","url":"https:\/\/antderground.com\/en\/product\/strumigenys-sp\/","name":"Strumigenys sp | Exotic Ants - ANTDERGROUND","isPartOf":{"@id":"https:\/\/antderground.com\/en\/#website"},"primaryImageOfPage":{"@id":"https:\/\/antderground.com\/en\/product\/strumigenys-sp\/#primaryimage"},"image":{"@id":"https:\/\/antderground.com\/en\/product\/strumigenys-sp\/#primaryimage"},"thumbnailUrl":"https:\/\/antderground.com\/wp-content\/uploads\/2024\/10\/strumigenis-sp.jpg","datePublished":"2024-10-04T14:44:33+00:00","description":"Buy Strumigenys sp., exotic ants from 0.8 mm to 3 mm. Small, fascinating predatory ants, ideal for experienced breeders.","breadcrumb":{"@id":"https:\/\/antderground.com\/en\/product\/strumigenys-sp\/#breadcrumb"},"inLanguage":"en-US","potentialAction":[{"@type":"ReadAction","target":["https:\/\/antderground.com\/en\/product\/strumigenys-sp\/"]}]},{"@type":"ImageObject","inLanguage":"en-US","@id":"https:\/\/antderground.com\/en\/product\/strumigenys-sp\/#primaryimage","url":"https:\/\/antderground.com\/wp-content\/uploads\/2024\/10\/strumigenis-sp.jpg","contentUrl":"https:\/\/antderground.com\/wp-content\/uploads\/2024\/10\/strumigenis-sp.jpg","width":1600,"height":1600},{"@type":"BreadcrumbList","@id":"https:\/\/antderground.com\/en\/product\/strumigenys-sp\/#breadcrumb","itemListElement":[{"@type":"ListItem","position":1,"name":"Portada","item":"https:\/\/antderground.com\/en\/"},{"@type":"ListItem","position":2,"name":"Products","item":"https:\/\/antderground.com\/en\/myrmecology-store\/"},{"@type":"ListItem","position":3,"name":"Strumigenys sp"}]},{"@type":"WebSite","@id":"https:\/\/antderground.com\/en\/#website","url":"https:\/\/antderground.com\/en\/","name":"ANTDERGROUND","description":"Tu tienda de hormigas, gran variedad de hormigueros acr\u00edlicos,madera,arena,3D y mas.. Pide tus hormigas gratis con tu pedido, somos expertos en hormigueros antifugas.","publisher":{"@id":"https:\/\/antderground.com\/en\/#\/schema\/person\/0e322c505e84fe72c65e2f6d08f96b81"},"alternateName":"Antderground","potentialAction":[{"@type":"SearchAction","target":{"@type":"EntryPoint","urlTemplate":"https:\/\/antderground.com\/en\/?s={search_term_string}"},"query-input":{"@type":"PropertyValueSpecification","valueRequired":true,"valueName":"search_term_string"}}],"inLanguage":"en-US"},{"@type":["Person","Organization"],"@id":"https:\/\/antderground.com\/en\/#\/schema\/person\/0e322c505e84fe72c65e2f6d08f96b81","name":"Eric de Antderground","image":{"@type":"ImageObject","inLanguage":"en-US","@id":"https:\/\/secure.gravatar.com\/avatar\/c49a1b9f79216d1498cb73c1e85cd47f4465dda35f2a94c03790d491bd4423c3?s=96&d=mm&r=g","url":"https:\/\/secure.gravatar.com\/avatar\/c49a1b9f79216d1498cb73c1e85cd47f4465dda35f2a94c03790d491bd4423c3?s=96&d=mm&r=g","contentUrl":"https:\/\/secure.gravatar.com\/avatar\/c49a1b9f79216d1498cb73c1e85cd47f4465dda35f2a94c03790d491bd4423c3?s=96&d=mm&r=g","caption":"Eric de Antderground"},"logo":{"@id":"https:\/\/secure.gravatar.com\/avatar\/c49a1b9f79216d1498cb73c1e85cd47f4465dda35f2a94c03790d491bd4423c3?s=96&d=mm&r=g"},"description":"Eric es el especialista y fundador de Antderground, con una amplia trayectoria en artr\u00f3podos y enfocado en la mirmecolog\u00eda y el dise\u00f1o de hormigueros artificiales. Su enfoque combina la innovaci\u00f3n t\u00e9cnica con el respeto por la biolog\u00eda de las hormigas, is\u00f3podos y otros, desarrollando sistemas de nidos modulares 3D y acr\u00edlicos que son referentes para aficionados y profesionales en toda Europa. Su objetivo es facilitar la cr\u00eda de hormigas y otros artr\u00f3podos mediante soluciones seguras y divulgaci\u00f3n de calidad.","sameAs":["https:\/\/antderground.com\/","https:\/\/www.youtube.com\/channel\/UCio72z7TlbufkAthAJIJfPw"]}]}},"_links":{"self":[{"href":"https:\/\/antderground.com\/en\/wp-json\/wp\/v2\/product\/37160","targetHints":{"allow":["GET"]}}],"collection":[{"href":"https:\/\/antderground.com\/en\/wp-json\/wp\/v2\/product"}],"about":[{"href":"https:\/\/antderground.com\/en\/wp-json\/wp\/v2\/types\/product"}],"version-history":[{"count":0,"href":"https:\/\/antderground.com\/en\/wp-json\/wp\/v2\/product\/37160\/revisions"}],"wp:featuredmedia":[{"embeddable":true,"href":"https:\/\/antderground.com\/en\/wp-json\/wp\/v2\/media\/37098"}],"wp:attachment":[{"href":"https:\/\/antderground.com\/en\/wp-json\/wp\/v2\/media?parent=37160"}],"wp:term":[{"taxonomy":"product_brand","embeddable":true,"href":"https:\/\/antderground.com\/en\/wp-json\/wp\/v2\/product_brand?post=37160"},{"taxonomy":"product_cat","embeddable":true,"href":"https:\/\/antderground.com\/en\/wp-json\/wp\/v2\/product_cat?post=37160"},{"taxonomy":"product_tag","embeddable":true,"href":"https:\/\/antderground.com\/en\/wp-json\/wp\/v2\/product_tag?post=37160"}],"curies":[{"name":"wp","href":"https:\/\/api.w.org\/{rel}","templated":true}]}}