{"id":37208,"date":"2024-09-28T22:04:36","date_gmt":"2024-09-28T20:04:36","guid":{"rendered":"https:\/\/www.antderground.com\/producto\/exo-terra-glass-terrarium-paludarium-various-sizes\/"},"modified":"2024-09-28T22:04:36","modified_gmt":"2024-09-28T20:04:36","slug":"exo-terra-glass-terrarium-paludarium-various-sizes","status":"publish","type":"product","link":"https:\/\/antderground.com\/en\/product\/exo-terra-glass-terrarium-paludarium-various-sizes\/","title":{"rendered":"Exo Terra Glass Terrarium Paludarium (Various sizes)"},"content":{"rendered":"<h2><strong>Exo Terra Paludarium: Complete Semi-Aquatic Habitat<\/strong><\/h2>\n<p> The Exo Terra Paludarium combines aquarium and terrarium, recreating a tropical, swampy, or stream environment. Its tall front glass design allows for a higher water level, providing space for both aquatic and terrestrial species. It is ideal for the breeding, development, and health of various animal and plant species. <\/p>\n<h4>Main Features:<\/h4>\n<ul>\n<li>Fully glass Aqua-Terrarium combination<\/li>\n<li>Extra deep waterproof bottom<\/li>\n<li>Perfect for species that live in streams<\/li>\n<li>Creates a rainforest, swamp, or river habitat<\/li>\n<li>Ideal for installing a biological filtration system<\/li>\n<li>Decorative root background included<\/li>\n<li>Dual front doors for escape-free access<\/li>\n<li>Unique ventilation in the front window<\/li>\n<li>Cable and\/or tubing inlets that can be sealed<\/li>\n<li>Front panel height of the paludariums is approximately 27 cm<\/li>\n<\/ul>\n<h3>The paludarium\u2019s living area is divided into three main zones:<\/h3>\n<p> <strong>Terrestrial Zone<\/strong> The terrestrial zone is a dry area that includes plants, shrubs, trees, and rocks, and it always remains out of the water. In tropical regions, this zone is home to various invertebrates, reptiles, and amphibians.<br \/>\n<strong>Riparian Zone<\/strong> The riparian zone or riverbank is the meeting point between water and land. Semi-aquatic reptiles and amphibians inhabit this area.<\/p>\n<p><strong>Aquatic Zone<\/strong> The aquatic zone can represent a stream, pond, or lake, making it an ideal space for turtles, aquatic amphibians, fish, and freshwater shrimp. Thanks to the <em>front panel height of approximately 27 cm<\/em>, a greater water volume can be maintained in this section.<\/p>\n<table border=\"3\">\n<tbody>\n<tr>\n<td style=\"text-align: center;\"><strong>Model<\/strong><\/td>\n<td style=\"text-align: center;\"><strong>Mini X-Tall<\/strong><\/td>\n<td style=\"text-align: center;\"><strong>Small X-Tall<\/strong><\/td>\n<td style=\"text-align: center;\"><strong>Medium X-Tall<\/strong><\/td>\n<td style=\"text-align: center;\"><strong>Large X-Tall<\/strong><\/td>\n<\/tr>\n<tr>\n<td style=\"text-align: center;\">Approximate Aquatic Zone Volume<\/td>\n<td style=\"text-align: center;\">24 liters<\/td>\n<td style=\"text-align: center;\">\u00a054 liters<\/td>\n<td style=\"text-align: center;\">72 liters<\/td>\n<td style=\"text-align: center;\">109 liters<\/td>\n<\/tr>\n<\/tbody>\n<\/table>\n<p> <strong>Decorative Root Background<\/strong> The decorative root background offers the paludarium inhabitants more climbing opportunities and recreates the natural setting of the roots of a Bengal fig tree. This expanded three-dimensional space creates an ideal habitat for various arboreal species, such as arboreal boas and pythons, day geckos, leaf-tailed geckos, tokay geckos, tree frogs, and others. <\/p>\n<h2>Technical Specifications and Sizes<\/h2>\n<table border=\"3\">\n<tbody>\n<tr>\n<td><strong>Description<\/strong><\/td>\n<td><strong>Dimensions (LxWxH)<\/strong><\/td>\n<td><strong>Approximate Aquatic Zone Volume<\/strong><\/td>\n<\/tr>\n<tr>\n<td>\u00a0Mini X-Tall<\/td>\n<td>\u00a030 x 30 x 60 cm<\/td>\n<td>\u00a024 liters<\/td>\n<\/tr>\n<tr>\n<td>\u00a0Small X-Tall<\/td>\n<td>\u00a045 x 45 x 90 cm<\/td>\n<td>\u00a054 liters<\/td>\n<\/tr>\n<tr>\n<td>\u00a0Medium X-Tall<\/td>\n<td>\u00a060 x 45 x 60 cm<\/td>\n<td>\u00a072 liters<\/td>\n<\/tr>\n<tr>\n<td>\u00a0Large X-Tall<\/td>\n<td>\u00a090 x 45 x 90 cm<\/td>\n<td>\u00a0109 liters<\/td>\n<\/tr>\n<\/tbody>\n<\/table>\n","protected":false},"excerpt":{"rendered":"<p>The Exo Terra Paludarium offers the best of both worlds, with an extra-high glass front at the bottom that allows for a higher water level than traditional terrariums. This makes it easy to incorporate a sizable aquatic section, where both aquatic animals and plants can be kept, perfectly complementing the terrestrial or terrarium area.<\/p>\n<p><strong>**This product is shipped directly from the factory, with an estimated delivery time of 3 to 7 business days.<\/strong><\/p>\n","protected":false},"featured_media":36781,"template":"","meta":[],"product_brand":[],"product_cat":[425],"product_tag":[],"class_list":{"0":"post-37208","1":"product","2":"type-product","3":"status-publish","4":"has-post-thumbnail","6":"product_cat-terrariums-en","8":"first","9":"instock","10":"shipping-taxable","11":"purchasable","12":"product-type-variable"},"yoast_head":"<!-- This site is optimized with the Yoast SEO plugin v27.4 - https:\/\/yoast.com\/product\/yoast-seo-wordpress\/ -->\n<title>Exo Terra Glass Terrarium Paludarium (Various sizes) - ANTDERGROUND<\/title>\n<meta name=\"description\" content=\"Discover the Exo Terra Paludarium, a semi-aquatic habitat that combines aquarium and terrarium, ideal for aquatic and terrestrial species.\" \/>\n<meta name=\"robots\" content=\"index, follow, max-snippet:-1, max-image-preview:large, max-video-preview:-1\" \/>\n<link rel=\"canonical\" href=\"https:\/\/antderground.com\/en\/product\/exo-terra-glass-terrarium-paludarium-various-sizes\/\" \/>\n<meta property=\"og:locale\" content=\"en_US\" \/>\n<meta property=\"og:type\" content=\"article\" \/>\n<meta property=\"og:title\" content=\"Exo Terra Glass Terrarium Paludarium (Various sizes) - ANTDERGROUND\" \/>\n<meta property=\"og:description\" content=\"Discover the Exo Terra Paludarium, a semi-aquatic habitat that combines aquarium and terrarium, ideal for aquatic and terrestrial species.\" \/>\n<meta property=\"og:url\" content=\"https:\/\/antderground.com\/en\/product\/exo-terra-glass-terrarium-paludarium-various-sizes\/\" \/>\n<meta property=\"og:site_name\" content=\"ANTDERGROUND\" \/>\n<meta property=\"og:image\" content=\"https:\/\/antderground.com\/wp-content\/uploads\/2024\/09\/paludarium-terrario-de-cristal-exo-terra-pequeno.jpg\" \/>\n\t<meta property=\"og:image:width\" content=\"800\" \/>\n\t<meta property=\"og:image:height\" content=\"800\" \/>\n\t<meta property=\"og:image:type\" content=\"image\/jpeg\" \/>\n<meta name=\"twitter:card\" content=\"summary_large_image\" \/>\n<meta name=\"twitter:label1\" content=\"Est. reading time\" \/>\n\t<meta name=\"twitter:data1\" content=\"2 minutes\" \/>\n<script type=\"application\/ld+json\" class=\"yoast-schema-graph\">{\"@context\":\"https:\\\/\\\/schema.org\",\"@graph\":[{\"@type\":\"WebPage\",\"@id\":\"https:\\\/\\\/antderground.com\\\/en\\\/product\\\/exo-terra-glass-terrarium-paludarium-various-sizes\\\/\",\"url\":\"https:\\\/\\\/antderground.com\\\/en\\\/product\\\/exo-terra-glass-terrarium-paludarium-various-sizes\\\/\",\"name\":\"Exo Terra Glass Terrarium Paludarium (Various sizes) - ANTDERGROUND\",\"isPartOf\":{\"@id\":\"https:\\\/\\\/antderground.com\\\/en\\\/#website\"},\"primaryImageOfPage\":{\"@id\":\"https:\\\/\\\/antderground.com\\\/en\\\/product\\\/exo-terra-glass-terrarium-paludarium-various-sizes\\\/#primaryimage\"},\"image\":{\"@id\":\"https:\\\/\\\/antderground.com\\\/en\\\/product\\\/exo-terra-glass-terrarium-paludarium-various-sizes\\\/#primaryimage\"},\"thumbnailUrl\":\"https:\\\/\\\/antderground.com\\\/wp-content\\\/uploads\\\/2024\\\/09\\\/paludarium-terrario-de-cristal-exo-terra-pequeno.jpg\",\"datePublished\":\"2024-09-28T20:04:36+00:00\",\"description\":\"Discover the Exo Terra Paludarium, a semi-aquatic habitat that combines aquarium and terrarium, ideal for aquatic and terrestrial species.\",\"breadcrumb\":{\"@id\":\"https:\\\/\\\/antderground.com\\\/en\\\/product\\\/exo-terra-glass-terrarium-paludarium-various-sizes\\\/#breadcrumb\"},\"inLanguage\":\"en-US\",\"potentialAction\":[{\"@type\":\"ReadAction\",\"target\":[\"https:\\\/\\\/antderground.com\\\/en\\\/product\\\/exo-terra-glass-terrarium-paludarium-various-sizes\\\/\"]}]},{\"@type\":\"ImageObject\",\"inLanguage\":\"en-US\",\"@id\":\"https:\\\/\\\/antderground.com\\\/en\\\/product\\\/exo-terra-glass-terrarium-paludarium-various-sizes\\\/#primaryimage\",\"url\":\"https:\\\/\\\/antderground.com\\\/wp-content\\\/uploads\\\/2024\\\/09\\\/paludarium-terrario-de-cristal-exo-terra-pequeno.jpg\",\"contentUrl\":\"https:\\\/\\\/antderground.com\\\/wp-content\\\/uploads\\\/2024\\\/09\\\/paludarium-terrario-de-cristal-exo-terra-pequeno.jpg\",\"width\":800,\"height\":800},{\"@type\":\"BreadcrumbList\",\"@id\":\"https:\\\/\\\/antderground.com\\\/en\\\/product\\\/exo-terra-glass-terrarium-paludarium-various-sizes\\\/#breadcrumb\",\"itemListElement\":[{\"@type\":\"ListItem\",\"position\":1,\"name\":\"Portada\",\"item\":\"https:\\\/\\\/antderground.com\\\/en\\\/\"},{\"@type\":\"ListItem\",\"position\":2,\"name\":\"Products\",\"item\":\"https:\\\/\\\/antderground.com\\\/en\\\/myrmecology-store\\\/\"},{\"@type\":\"ListItem\",\"position\":3,\"name\":\"Exo Terra Glass Terrarium Paludarium (Various sizes)\"}]},{\"@type\":\"WebSite\",\"@id\":\"https:\\\/\\\/antderground.com\\\/en\\\/#website\",\"url\":\"https:\\\/\\\/antderground.com\\\/en\\\/\",\"name\":\"ANTDERGROUND\",\"description\":\"Tu tienda de hormigas, gran variedad de hormigueros acr\u00edlicos,madera,arena,3D y mas.. Pide tus hormigas gratis con tu pedido, somos expertos en hormigueros antifugas.\",\"publisher\":{\"@id\":\"https:\\\/\\\/antderground.com\\\/en\\\/#\\\/schema\\\/person\\\/0e322c505e84fe72c65e2f6d08f96b81\"},\"alternateName\":\"Antderground\",\"potentialAction\":[{\"@type\":\"SearchAction\",\"target\":{\"@type\":\"EntryPoint\",\"urlTemplate\":\"https:\\\/\\\/antderground.com\\\/en\\\/?s={search_term_string}\"},\"query-input\":{\"@type\":\"PropertyValueSpecification\",\"valueRequired\":true,\"valueName\":\"search_term_string\"}}],\"inLanguage\":\"en-US\"},{\"@type\":[\"Person\",\"Organization\"],\"@id\":\"https:\\\/\\\/antderground.com\\\/en\\\/#\\\/schema\\\/person\\\/0e322c505e84fe72c65e2f6d08f96b81\",\"name\":\"Eric de Antderground\",\"image\":{\"@type\":\"ImageObject\",\"inLanguage\":\"en-US\",\"@id\":\"https:\\\/\\\/secure.gravatar.com\\\/avatar\\\/c49a1b9f79216d1498cb73c1e85cd47f4465dda35f2a94c03790d491bd4423c3?s=96&d=mm&r=g\",\"url\":\"https:\\\/\\\/secure.gravatar.com\\\/avatar\\\/c49a1b9f79216d1498cb73c1e85cd47f4465dda35f2a94c03790d491bd4423c3?s=96&d=mm&r=g\",\"contentUrl\":\"https:\\\/\\\/secure.gravatar.com\\\/avatar\\\/c49a1b9f79216d1498cb73c1e85cd47f4465dda35f2a94c03790d491bd4423c3?s=96&d=mm&r=g\",\"caption\":\"Eric de Antderground\"},\"logo\":{\"@id\":\"https:\\\/\\\/secure.gravatar.com\\\/avatar\\\/c49a1b9f79216d1498cb73c1e85cd47f4465dda35f2a94c03790d491bd4423c3?s=96&d=mm&r=g\"},\"description\":\"Eric es el especialista y fundador de Antderground, con una amplia trayectoria en artr\u00f3podos y enfocado en la mirmecolog\u00eda y el dise\u00f1o de hormigueros artificiales. Su enfoque combina la innovaci\u00f3n t\u00e9cnica con el respeto por la biolog\u00eda de las hormigas, is\u00f3podos y otros, desarrollando sistemas de nidos modulares 3D y acr\u00edlicos que son referentes para aficionados y profesionales en toda Europa. Su objetivo es facilitar la cr\u00eda de hormigas y otros artr\u00f3podos mediante soluciones seguras y divulgaci\u00f3n de calidad.\",\"sameAs\":[\"https:\\\/\\\/antderground.com\\\/\",\"https:\\\/\\\/www.youtube.com\\\/channel\\\/UCio72z7TlbufkAthAJIJfPw\"]}]}<\/script>\n<!-- \/ Yoast SEO plugin. -->","yoast_head_json":{"title":"Exo Terra Glass Terrarium Paludarium (Various sizes) - ANTDERGROUND","description":"Discover the Exo Terra Paludarium, a semi-aquatic habitat that combines aquarium and terrarium, ideal for aquatic and terrestrial species.","robots":{"index":"index","follow":"follow","max-snippet":"max-snippet:-1","max-image-preview":"max-image-preview:large","max-video-preview":"max-video-preview:-1"},"canonical":"https:\/\/antderground.com\/en\/product\/exo-terra-glass-terrarium-paludarium-various-sizes\/","og_locale":"en_US","og_type":"article","og_title":"Exo Terra Glass Terrarium Paludarium (Various sizes) - ANTDERGROUND","og_description":"Discover the Exo Terra Paludarium, a semi-aquatic habitat that combines aquarium and terrarium, ideal for aquatic and terrestrial species.","og_url":"https:\/\/antderground.com\/en\/product\/exo-terra-glass-terrarium-paludarium-various-sizes\/","og_site_name":"ANTDERGROUND","og_image":[{"width":800,"height":800,"url":"https:\/\/antderground.com\/wp-content\/uploads\/2024\/09\/paludarium-terrario-de-cristal-exo-terra-pequeno.jpg","type":"image\/jpeg"}],"twitter_card":"summary_large_image","twitter_misc":{"Est. reading time":"2 minutes"},"schema":{"@context":"https:\/\/schema.org","@graph":[{"@type":"WebPage","@id":"https:\/\/antderground.com\/en\/product\/exo-terra-glass-terrarium-paludarium-various-sizes\/","url":"https:\/\/antderground.com\/en\/product\/exo-terra-glass-terrarium-paludarium-various-sizes\/","name":"Exo Terra Glass Terrarium Paludarium (Various sizes) - ANTDERGROUND","isPartOf":{"@id":"https:\/\/antderground.com\/en\/#website"},"primaryImageOfPage":{"@id":"https:\/\/antderground.com\/en\/product\/exo-terra-glass-terrarium-paludarium-various-sizes\/#primaryimage"},"image":{"@id":"https:\/\/antderground.com\/en\/product\/exo-terra-glass-terrarium-paludarium-various-sizes\/#primaryimage"},"thumbnailUrl":"https:\/\/antderground.com\/wp-content\/uploads\/2024\/09\/paludarium-terrario-de-cristal-exo-terra-pequeno.jpg","datePublished":"2024-09-28T20:04:36+00:00","description":"Discover the Exo Terra Paludarium, a semi-aquatic habitat that combines aquarium and terrarium, ideal for aquatic and terrestrial species.","breadcrumb":{"@id":"https:\/\/antderground.com\/en\/product\/exo-terra-glass-terrarium-paludarium-various-sizes\/#breadcrumb"},"inLanguage":"en-US","potentialAction":[{"@type":"ReadAction","target":["https:\/\/antderground.com\/en\/product\/exo-terra-glass-terrarium-paludarium-various-sizes\/"]}]},{"@type":"ImageObject","inLanguage":"en-US","@id":"https:\/\/antderground.com\/en\/product\/exo-terra-glass-terrarium-paludarium-various-sizes\/#primaryimage","url":"https:\/\/antderground.com\/wp-content\/uploads\/2024\/09\/paludarium-terrario-de-cristal-exo-terra-pequeno.jpg","contentUrl":"https:\/\/antderground.com\/wp-content\/uploads\/2024\/09\/paludarium-terrario-de-cristal-exo-terra-pequeno.jpg","width":800,"height":800},{"@type":"BreadcrumbList","@id":"https:\/\/antderground.com\/en\/product\/exo-terra-glass-terrarium-paludarium-various-sizes\/#breadcrumb","itemListElement":[{"@type":"ListItem","position":1,"name":"Portada","item":"https:\/\/antderground.com\/en\/"},{"@type":"ListItem","position":2,"name":"Products","item":"https:\/\/antderground.com\/en\/myrmecology-store\/"},{"@type":"ListItem","position":3,"name":"Exo Terra Glass Terrarium Paludarium (Various sizes)"}]},{"@type":"WebSite","@id":"https:\/\/antderground.com\/en\/#website","url":"https:\/\/antderground.com\/en\/","name":"ANTDERGROUND","description":"Tu tienda de hormigas, gran variedad de hormigueros acr\u00edlicos,madera,arena,3D y mas.. Pide tus hormigas gratis con tu pedido, somos expertos en hormigueros antifugas.","publisher":{"@id":"https:\/\/antderground.com\/en\/#\/schema\/person\/0e322c505e84fe72c65e2f6d08f96b81"},"alternateName":"Antderground","potentialAction":[{"@type":"SearchAction","target":{"@type":"EntryPoint","urlTemplate":"https:\/\/antderground.com\/en\/?s={search_term_string}"},"query-input":{"@type":"PropertyValueSpecification","valueRequired":true,"valueName":"search_term_string"}}],"inLanguage":"en-US"},{"@type":["Person","Organization"],"@id":"https:\/\/antderground.com\/en\/#\/schema\/person\/0e322c505e84fe72c65e2f6d08f96b81","name":"Eric de Antderground","image":{"@type":"ImageObject","inLanguage":"en-US","@id":"https:\/\/secure.gravatar.com\/avatar\/c49a1b9f79216d1498cb73c1e85cd47f4465dda35f2a94c03790d491bd4423c3?s=96&d=mm&r=g","url":"https:\/\/secure.gravatar.com\/avatar\/c49a1b9f79216d1498cb73c1e85cd47f4465dda35f2a94c03790d491bd4423c3?s=96&d=mm&r=g","contentUrl":"https:\/\/secure.gravatar.com\/avatar\/c49a1b9f79216d1498cb73c1e85cd47f4465dda35f2a94c03790d491bd4423c3?s=96&d=mm&r=g","caption":"Eric de Antderground"},"logo":{"@id":"https:\/\/secure.gravatar.com\/avatar\/c49a1b9f79216d1498cb73c1e85cd47f4465dda35f2a94c03790d491bd4423c3?s=96&d=mm&r=g"},"description":"Eric es el especialista y fundador de Antderground, con una amplia trayectoria en artr\u00f3podos y enfocado en la mirmecolog\u00eda y el dise\u00f1o de hormigueros artificiales. Su enfoque combina la innovaci\u00f3n t\u00e9cnica con el respeto por la biolog\u00eda de las hormigas, is\u00f3podos y otros, desarrollando sistemas de nidos modulares 3D y acr\u00edlicos que son referentes para aficionados y profesionales en toda Europa. Su objetivo es facilitar la cr\u00eda de hormigas y otros artr\u00f3podos mediante soluciones seguras y divulgaci\u00f3n de calidad.","sameAs":["https:\/\/antderground.com\/","https:\/\/www.youtube.com\/channel\/UCio72z7TlbufkAthAJIJfPw"]}]}},"_links":{"self":[{"href":"https:\/\/antderground.com\/en\/wp-json\/wp\/v2\/product\/37208","targetHints":{"allow":["GET"]}}],"collection":[{"href":"https:\/\/antderground.com\/en\/wp-json\/wp\/v2\/product"}],"about":[{"href":"https:\/\/antderground.com\/en\/wp-json\/wp\/v2\/types\/product"}],"version-history":[{"count":0,"href":"https:\/\/antderground.com\/en\/wp-json\/wp\/v2\/product\/37208\/revisions"}],"wp:featuredmedia":[{"embeddable":true,"href":"https:\/\/antderground.com\/en\/wp-json\/wp\/v2\/media\/36781"}],"wp:attachment":[{"href":"https:\/\/antderground.com\/en\/wp-json\/wp\/v2\/media?parent=37208"}],"wp:term":[{"taxonomy":"product_brand","embeddable":true,"href":"https:\/\/antderground.com\/en\/wp-json\/wp\/v2\/product_brand?post=37208"},{"taxonomy":"product_cat","embeddable":true,"href":"https:\/\/antderground.com\/en\/wp-json\/wp\/v2\/product_cat?post=37208"},{"taxonomy":"product_tag","embeddable":true,"href":"https:\/\/antderground.com\/en\/wp-json\/wp\/v2\/product_tag?post=37208"}],"curies":[{"name":"wp","href":"https:\/\/api.w.org\/{rel}","templated":true}]}}