{"id":37835,"date":"2024-11-08T17:28:27","date_gmt":"2024-11-08T16:28:27","guid":{"rendered":"https:\/\/www.antderground.com\/producto\/3d-modular-kit-v2m\/"},"modified":"2024-12-02T10:34:18","modified_gmt":"2024-12-02T09:34:18","slug":"3d-modular-kit-v2m","status":"publish","type":"product","link":"https:\/\/antderground.com\/en\/product\/3d-modular-kit-v2m\/","title":{"rendered":"3D Modular Kit (v2)(M)"},"content":{"rendered":"<h3><strong>3D Medium Modular Kit for Ant Colonies<\/strong><\/h3>\n<p>This 3D modular kit, medium size, is perfect for those looking to start with medium-sized ant colonies. Thanks to its modular design, you can expand it as needed, adapting it to the growth of your colonies.<\/p>\n<h3>Pack Contents<\/h3>\n<ol>\n<li><strong>Foraging Box 10&#215;10 cm<\/strong><br \/>\nIdeal for providing a secure foraging area for the ants.<br \/>\n<strong>Features<\/strong>:<\/p>\n<ul>\n<li><strong>Color<\/strong>: White<\/li>\n<li><strong>Structure<\/strong>: 3D-printed with acrylic sides<\/li>\n<li><strong>Ventilation System<\/strong>: Yes<\/li>\n<li><strong>Modular<\/strong>: Yes<\/li>\n<li><strong>Entrances\/Connections<\/strong>: 4<\/li>\n<\/ul>\n<\/li>\n<li><strong>3D Modular Ant Nest 10&#215;20 cm<\/strong><br \/>\nA medium-sized nest designed to accommodate growing colonies.<br \/>\n<strong>Features<\/strong>:<\/p>\n<ul>\n<li><strong>Version 2<\/strong>: Includes larger zones for better comfort<\/li>\n<li><strong>Water Reservoir<\/strong>: 20 ml<\/li>\n<li><strong>Color<\/strong>: White \/ Yellow<\/li>\n<li><strong>Lid<\/strong>: Included, in red<\/li>\n<li><strong>Modular<\/strong>: Yes<\/li>\n<li><strong>Internal Doors<\/strong>: 1<\/li>\n<li><strong>External Doors<\/strong>: 6<\/li>\n<\/ul>\n<\/li>\n<li><strong>Modular Connector<\/strong><br \/>\nEssential accessory for expanding and connecting additional modules.<\/li>\n<li><strong>Red Lid for Nest<\/strong><br \/>\nKeeps the nest closed and secure for the ants.<\/li>\n<\/ol>\n<p>With this modular kit, you\u2019ll have a fully adaptable system to start raising ants, with the possibility of expanding it as needed, maintaining a safe and controlled environment for your colonies.<\/p>\n","protected":false},"excerpt":{"rendered":"<p>This kit is ideal for starting ant colonies, with a modular design that allows you to expand it as you wish. It includes a foraging box, nest, connector, and red lid. Perfect for a safe and customizable environment.<\/p>\n<p><strong>Features:<\/strong><\/p>\n<ul>\n<li>Foraging Box: 10&#215;10 cm<\/li>\n<li>Nest: 10&#215;20 cm<\/li>\n<li>Modular Connector: Yes<\/li>\n<li>Red Lid: Yes<\/li>\n<\/ul>\n","protected":false},"featured_media":37790,"template":"","meta":[],"product_brand":[],"product_cat":[207,432,372],"product_tag":[],"class_list":{"0":"post-37835","1":"product","2":"type-product","3":"status-publish","4":"has-post-thumbnail","6":"product_cat-ant-nests","7":"product_cat-3d-ant-nests","8":"product_cat-ants-nests-kits","10":"first","11":"instock","12":"sale","13":"shipping-taxable","14":"purchasable","15":"product-type-simple"},"yoast_head":"<!-- This site is optimized with the Yoast SEO plugin v27.4 - https:\/\/yoast.com\/product\/yoast-seo-wordpress\/ -->\n<title>3D modular kit (v2)(M) | Antnest 10x20 + Foraging box 10x10 - ANTDERGROUND<\/title>\n<meta name=\"description\" content=\"New 3D modular kit (v2)(M) consisting of a 10x20 3D anthill and a 10x10 foraging box. Your most brutal and surprising anthill!! ;-)\" \/>\n<meta name=\"robots\" content=\"index, follow, max-snippet:-1, max-image-preview:large, max-video-preview:-1\" \/>\n<link rel=\"canonical\" href=\"https:\/\/antderground.com\/en\/product\/3d-modular-kit-v2m\/\" \/>\n<meta property=\"og:locale\" content=\"en_US\" \/>\n<meta property=\"og:type\" content=\"article\" \/>\n<meta property=\"og:title\" content=\"3D modular kit (v2)(M) | Antnest 10x20 + Foraging box 10x10 - ANTDERGROUND\" \/>\n<meta property=\"og:description\" content=\"New 3D modular kit (v2)(M) consisting of a 10x20 3D anthill and a 10x10 foraging box. Your most brutal and surprising anthill!! ;-)\" \/>\n<meta property=\"og:url\" content=\"https:\/\/antderground.com\/en\/product\/3d-modular-kit-v2m\/\" \/>\n<meta property=\"og:site_name\" content=\"ANTDERGROUND\" \/>\n<meta property=\"article:modified_time\" content=\"2024-12-02T09:34:18+00:00\" \/>\n<meta property=\"og:image\" content=\"https:\/\/antderground.com\/wp-content\/uploads\/2024\/11\/kit-10x20-1.jpg\" \/>\n\t<meta property=\"og:image:width\" content=\"1600\" \/>\n\t<meta property=\"og:image:height\" content=\"1600\" \/>\n\t<meta property=\"og:image:type\" content=\"image\/jpeg\" \/>\n<meta name=\"twitter:card\" content=\"summary_large_image\" \/>\n<meta name=\"twitter:label1\" content=\"Est. reading time\" \/>\n\t<meta name=\"twitter:data1\" content=\"1 minute\" \/>\n<script type=\"application\/ld+json\" class=\"yoast-schema-graph\">{\"@context\":\"https:\\\/\\\/schema.org\",\"@graph\":[{\"@type\":\"WebPage\",\"@id\":\"https:\\\/\\\/antderground.com\\\/en\\\/product\\\/3d-modular-kit-v2m\\\/\",\"url\":\"https:\\\/\\\/antderground.com\\\/en\\\/product\\\/3d-modular-kit-v2m\\\/\",\"name\":\"3D modular kit (v2)(M) | Antnest 10x20 + Foraging box 10x10 - ANTDERGROUND\",\"isPartOf\":{\"@id\":\"https:\\\/\\\/antderground.com\\\/en\\\/#website\"},\"primaryImageOfPage\":{\"@id\":\"https:\\\/\\\/antderground.com\\\/en\\\/product\\\/3d-modular-kit-v2m\\\/#primaryimage\"},\"image\":{\"@id\":\"https:\\\/\\\/antderground.com\\\/en\\\/product\\\/3d-modular-kit-v2m\\\/#primaryimage\"},\"thumbnailUrl\":\"https:\\\/\\\/antderground.com\\\/wp-content\\\/uploads\\\/2024\\\/11\\\/kit-10x20-1.jpg\",\"datePublished\":\"2024-11-08T16:28:27+00:00\",\"dateModified\":\"2024-12-02T09:34:18+00:00\",\"description\":\"New 3D modular kit (v2)(M) consisting of a 10x20 3D anthill and a 10x10 foraging box. Your most brutal and surprising anthill!! ;-)\",\"breadcrumb\":{\"@id\":\"https:\\\/\\\/antderground.com\\\/en\\\/product\\\/3d-modular-kit-v2m\\\/#breadcrumb\"},\"inLanguage\":\"en-US\",\"potentialAction\":[{\"@type\":\"ReadAction\",\"target\":[\"https:\\\/\\\/antderground.com\\\/en\\\/product\\\/3d-modular-kit-v2m\\\/\"]}]},{\"@type\":\"ImageObject\",\"inLanguage\":\"en-US\",\"@id\":\"https:\\\/\\\/antderground.com\\\/en\\\/product\\\/3d-modular-kit-v2m\\\/#primaryimage\",\"url\":\"https:\\\/\\\/antderground.com\\\/wp-content\\\/uploads\\\/2024\\\/11\\\/kit-10x20-1.jpg\",\"contentUrl\":\"https:\\\/\\\/antderground.com\\\/wp-content\\\/uploads\\\/2024\\\/11\\\/kit-10x20-1.jpg\",\"width\":1600,\"height\":1600},{\"@type\":\"BreadcrumbList\",\"@id\":\"https:\\\/\\\/antderground.com\\\/en\\\/product\\\/3d-modular-kit-v2m\\\/#breadcrumb\",\"itemListElement\":[{\"@type\":\"ListItem\",\"position\":1,\"name\":\"Portada\",\"item\":\"https:\\\/\\\/antderground.com\\\/en\\\/\"},{\"@type\":\"ListItem\",\"position\":2,\"name\":\"Products\",\"item\":\"https:\\\/\\\/antderground.com\\\/en\\\/myrmecology-store\\\/\"},{\"@type\":\"ListItem\",\"position\":3,\"name\":\"3D Modular Kit (v2)(M)\"}]},{\"@type\":\"WebSite\",\"@id\":\"https:\\\/\\\/antderground.com\\\/en\\\/#website\",\"url\":\"https:\\\/\\\/antderground.com\\\/en\\\/\",\"name\":\"ANTDERGROUND\",\"description\":\"Tu tienda de hormigas, gran variedad de hormigueros acr\u00edlicos,madera,arena,3D y mas.. Pide tus hormigas gratis con tu pedido, somos expertos en hormigueros antifugas.\",\"publisher\":{\"@id\":\"https:\\\/\\\/antderground.com\\\/en\\\/#\\\/schema\\\/person\\\/0e322c505e84fe72c65e2f6d08f96b81\"},\"alternateName\":\"Antderground\",\"potentialAction\":[{\"@type\":\"SearchAction\",\"target\":{\"@type\":\"EntryPoint\",\"urlTemplate\":\"https:\\\/\\\/antderground.com\\\/en\\\/?s={search_term_string}\"},\"query-input\":{\"@type\":\"PropertyValueSpecification\",\"valueRequired\":true,\"valueName\":\"search_term_string\"}}],\"inLanguage\":\"en-US\"},{\"@type\":[\"Person\",\"Organization\"],\"@id\":\"https:\\\/\\\/antderground.com\\\/en\\\/#\\\/schema\\\/person\\\/0e322c505e84fe72c65e2f6d08f96b81\",\"name\":\"Eric de Antderground\",\"image\":{\"@type\":\"ImageObject\",\"inLanguage\":\"en-US\",\"@id\":\"https:\\\/\\\/secure.gravatar.com\\\/avatar\\\/c49a1b9f79216d1498cb73c1e85cd47f4465dda35f2a94c03790d491bd4423c3?s=96&d=mm&r=g\",\"url\":\"https:\\\/\\\/secure.gravatar.com\\\/avatar\\\/c49a1b9f79216d1498cb73c1e85cd47f4465dda35f2a94c03790d491bd4423c3?s=96&d=mm&r=g\",\"contentUrl\":\"https:\\\/\\\/secure.gravatar.com\\\/avatar\\\/c49a1b9f79216d1498cb73c1e85cd47f4465dda35f2a94c03790d491bd4423c3?s=96&d=mm&r=g\",\"caption\":\"Eric de Antderground\"},\"logo\":{\"@id\":\"https:\\\/\\\/secure.gravatar.com\\\/avatar\\\/c49a1b9f79216d1498cb73c1e85cd47f4465dda35f2a94c03790d491bd4423c3?s=96&d=mm&r=g\"},\"description\":\"Eric es el especialista y fundador de Antderground, con una amplia trayectoria en artr\u00f3podos y enfocado en la mirmecolog\u00eda y el dise\u00f1o de hormigueros artificiales. Su enfoque combina la innovaci\u00f3n t\u00e9cnica con el respeto por la biolog\u00eda de las hormigas, is\u00f3podos y otros, desarrollando sistemas de nidos modulares 3D y acr\u00edlicos que son referentes para aficionados y profesionales en toda Europa. Su objetivo es facilitar la cr\u00eda de hormigas y otros artr\u00f3podos mediante soluciones seguras y divulgaci\u00f3n de calidad.\",\"sameAs\":[\"https:\\\/\\\/antderground.com\\\/\",\"https:\\\/\\\/www.youtube.com\\\/channel\\\/UCio72z7TlbufkAthAJIJfPw\"]}]}<\/script>\n<!-- \/ Yoast SEO plugin. -->","yoast_head_json":{"title":"3D modular kit (v2)(M) | Antnest 10x20 + Foraging box 10x10 - ANTDERGROUND","description":"New 3D modular kit (v2)(M) consisting of a 10x20 3D anthill and a 10x10 foraging box. Your most brutal and surprising anthill!! ;-)","robots":{"index":"index","follow":"follow","max-snippet":"max-snippet:-1","max-image-preview":"max-image-preview:large","max-video-preview":"max-video-preview:-1"},"canonical":"https:\/\/antderground.com\/en\/product\/3d-modular-kit-v2m\/","og_locale":"en_US","og_type":"article","og_title":"3D modular kit (v2)(M) | Antnest 10x20 + Foraging box 10x10 - ANTDERGROUND","og_description":"New 3D modular kit (v2)(M) consisting of a 10x20 3D anthill and a 10x10 foraging box. Your most brutal and surprising anthill!! ;-)","og_url":"https:\/\/antderground.com\/en\/product\/3d-modular-kit-v2m\/","og_site_name":"ANTDERGROUND","article_modified_time":"2024-12-02T09:34:18+00:00","og_image":[{"width":1600,"height":1600,"url":"https:\/\/antderground.com\/wp-content\/uploads\/2024\/11\/kit-10x20-1.jpg","type":"image\/jpeg"}],"twitter_card":"summary_large_image","twitter_misc":{"Est. reading time":"1 minute"},"schema":{"@context":"https:\/\/schema.org","@graph":[{"@type":"WebPage","@id":"https:\/\/antderground.com\/en\/product\/3d-modular-kit-v2m\/","url":"https:\/\/antderground.com\/en\/product\/3d-modular-kit-v2m\/","name":"3D modular kit (v2)(M) | Antnest 10x20 + Foraging box 10x10 - ANTDERGROUND","isPartOf":{"@id":"https:\/\/antderground.com\/en\/#website"},"primaryImageOfPage":{"@id":"https:\/\/antderground.com\/en\/product\/3d-modular-kit-v2m\/#primaryimage"},"image":{"@id":"https:\/\/antderground.com\/en\/product\/3d-modular-kit-v2m\/#primaryimage"},"thumbnailUrl":"https:\/\/antderground.com\/wp-content\/uploads\/2024\/11\/kit-10x20-1.jpg","datePublished":"2024-11-08T16:28:27+00:00","dateModified":"2024-12-02T09:34:18+00:00","description":"New 3D modular kit (v2)(M) consisting of a 10x20 3D anthill and a 10x10 foraging box. Your most brutal and surprising anthill!! ;-)","breadcrumb":{"@id":"https:\/\/antderground.com\/en\/product\/3d-modular-kit-v2m\/#breadcrumb"},"inLanguage":"en-US","potentialAction":[{"@type":"ReadAction","target":["https:\/\/antderground.com\/en\/product\/3d-modular-kit-v2m\/"]}]},{"@type":"ImageObject","inLanguage":"en-US","@id":"https:\/\/antderground.com\/en\/product\/3d-modular-kit-v2m\/#primaryimage","url":"https:\/\/antderground.com\/wp-content\/uploads\/2024\/11\/kit-10x20-1.jpg","contentUrl":"https:\/\/antderground.com\/wp-content\/uploads\/2024\/11\/kit-10x20-1.jpg","width":1600,"height":1600},{"@type":"BreadcrumbList","@id":"https:\/\/antderground.com\/en\/product\/3d-modular-kit-v2m\/#breadcrumb","itemListElement":[{"@type":"ListItem","position":1,"name":"Portada","item":"https:\/\/antderground.com\/en\/"},{"@type":"ListItem","position":2,"name":"Products","item":"https:\/\/antderground.com\/en\/myrmecology-store\/"},{"@type":"ListItem","position":3,"name":"3D Modular Kit (v2)(M)"}]},{"@type":"WebSite","@id":"https:\/\/antderground.com\/en\/#website","url":"https:\/\/antderground.com\/en\/","name":"ANTDERGROUND","description":"Tu tienda de hormigas, gran variedad de hormigueros acr\u00edlicos,madera,arena,3D y mas.. Pide tus hormigas gratis con tu pedido, somos expertos en hormigueros antifugas.","publisher":{"@id":"https:\/\/antderground.com\/en\/#\/schema\/person\/0e322c505e84fe72c65e2f6d08f96b81"},"alternateName":"Antderground","potentialAction":[{"@type":"SearchAction","target":{"@type":"EntryPoint","urlTemplate":"https:\/\/antderground.com\/en\/?s={search_term_string}"},"query-input":{"@type":"PropertyValueSpecification","valueRequired":true,"valueName":"search_term_string"}}],"inLanguage":"en-US"},{"@type":["Person","Organization"],"@id":"https:\/\/antderground.com\/en\/#\/schema\/person\/0e322c505e84fe72c65e2f6d08f96b81","name":"Eric de Antderground","image":{"@type":"ImageObject","inLanguage":"en-US","@id":"https:\/\/secure.gravatar.com\/avatar\/c49a1b9f79216d1498cb73c1e85cd47f4465dda35f2a94c03790d491bd4423c3?s=96&d=mm&r=g","url":"https:\/\/secure.gravatar.com\/avatar\/c49a1b9f79216d1498cb73c1e85cd47f4465dda35f2a94c03790d491bd4423c3?s=96&d=mm&r=g","contentUrl":"https:\/\/secure.gravatar.com\/avatar\/c49a1b9f79216d1498cb73c1e85cd47f4465dda35f2a94c03790d491bd4423c3?s=96&d=mm&r=g","caption":"Eric de Antderground"},"logo":{"@id":"https:\/\/secure.gravatar.com\/avatar\/c49a1b9f79216d1498cb73c1e85cd47f4465dda35f2a94c03790d491bd4423c3?s=96&d=mm&r=g"},"description":"Eric es el especialista y fundador de Antderground, con una amplia trayectoria en artr\u00f3podos y enfocado en la mirmecolog\u00eda y el dise\u00f1o de hormigueros artificiales. Su enfoque combina la innovaci\u00f3n t\u00e9cnica con el respeto por la biolog\u00eda de las hormigas, is\u00f3podos y otros, desarrollando sistemas de nidos modulares 3D y acr\u00edlicos que son referentes para aficionados y profesionales en toda Europa. Su objetivo es facilitar la cr\u00eda de hormigas y otros artr\u00f3podos mediante soluciones seguras y divulgaci\u00f3n de calidad.","sameAs":["https:\/\/antderground.com\/","https:\/\/www.youtube.com\/channel\/UCio72z7TlbufkAthAJIJfPw"]}]}},"_links":{"self":[{"href":"https:\/\/antderground.com\/en\/wp-json\/wp\/v2\/product\/37835","targetHints":{"allow":["GET"]}}],"collection":[{"href":"https:\/\/antderground.com\/en\/wp-json\/wp\/v2\/product"}],"about":[{"href":"https:\/\/antderground.com\/en\/wp-json\/wp\/v2\/types\/product"}],"version-history":[{"count":0,"href":"https:\/\/antderground.com\/en\/wp-json\/wp\/v2\/product\/37835\/revisions"}],"wp:featuredmedia":[{"embeddable":true,"href":"https:\/\/antderground.com\/en\/wp-json\/wp\/v2\/media\/37790"}],"wp:attachment":[{"href":"https:\/\/antderground.com\/en\/wp-json\/wp\/v2\/media?parent=37835"}],"wp:term":[{"taxonomy":"product_brand","embeddable":true,"href":"https:\/\/antderground.com\/en\/wp-json\/wp\/v2\/product_brand?post=37835"},{"taxonomy":"product_cat","embeddable":true,"href":"https:\/\/antderground.com\/en\/wp-json\/wp\/v2\/product_cat?post=37835"},{"taxonomy":"product_tag","embeddable":true,"href":"https:\/\/antderground.com\/en\/wp-json\/wp\/v2\/product_tag?post=37835"}],"curies":[{"name":"wp","href":"https:\/\/api.w.org\/{rel}","templated":true}]}}