{"id":39522,"date":"2025-01-20T18:20:14","date_gmt":"2025-01-20T17:20:14","guid":{"rendered":"https:\/\/www.antderground.com\/producto\/armadillidium-spec-albino\/"},"modified":"2025-01-21T12:10:07","modified_gmt":"2025-01-21T11:10:07","slug":"armadillidium-spec-albino","status":"publish","type":"product","link":"https:\/\/antderground.com\/en\/product\/armadillidium-spec-albino\/","title":{"rendered":"Armadillidium sp. &#8220;Albino&#8221;"},"content":{"rendered":"","protected":false},"excerpt":{"rendered":"<p>Armadillidium spec. Albino is a terrestrial isopod unique for its white or yellowish color. Ideal for bioactive terrariums, it helps keep things clean and is easy to care for. Perfect for enthusiasts, it adds a special touch to your collection!<\/p>\n","protected":false},"featured_media":39508,"template":"","meta":[],"product_brand":[],"product_cat":[479,485,711],"product_tag":[],"class_list":{"0":"post-39522","1":"product","2":"type-product","3":"status-publish","4":"has-post-thumbnail","6":"product_cat-arthropods","7":"product_cat-isopods","8":"product_cat-armadillidium","10":"first","11":"instock","12":"shipping-taxable","13":"purchasable","14":"product-type-variable"},"yoast_head":"<!-- This site is optimized with the Yoast SEO plugin v27.3 - https:\/\/yoast.com\/product\/yoast-seo-wordpress\/ -->\n<title>Armadillidium sp. &quot;Albino&quot;| Isopods shop - ANTDERGROUND<\/title>\n<meta name=\"description\" content=\"Armadillidium spec. Albino isopod, ideal for bioactive terrariums. Easy to care for, useful for cleaning and with a unique color.\" \/>\n<meta name=\"robots\" content=\"index, follow, max-snippet:-1, max-image-preview:large, max-video-preview:-1\" \/>\n<link rel=\"canonical\" href=\"https:\/\/antderground.com\/en\/product\/armadillidium-spec-albino\/\" \/>\n<meta property=\"og:locale\" content=\"en_US\" \/>\n<meta property=\"og:type\" content=\"article\" \/>\n<meta property=\"og:title\" content=\"Armadillidium sp. &quot;Albino&quot;| Isopods shop - ANTDERGROUND\" \/>\n<meta property=\"og:description\" content=\"Armadillidium spec. Albino isopod, ideal for bioactive terrariums. Easy to care for, useful for cleaning and with a unique color.\" \/>\n<meta property=\"og:url\" content=\"https:\/\/antderground.com\/en\/product\/armadillidium-spec-albino\/\" \/>\n<meta property=\"og:site_name\" content=\"ANTDERGROUND\" \/>\n<meta property=\"article:modified_time\" content=\"2025-01-21T11:10:07+00:00\" \/>\n<meta property=\"og:image\" content=\"https:\/\/antderground.com\/wp-content\/uploads\/2025\/01\/Armadillidium-spec-Albino.jpg\" \/>\n\t<meta property=\"og:image:width\" content=\"1600\" \/>\n\t<meta property=\"og:image:height\" content=\"1598\" \/>\n\t<meta property=\"og:image:type\" content=\"image\/jpeg\" \/>\n<meta name=\"twitter:card\" content=\"summary_large_image\" \/>\n<script type=\"application\/ld+json\" class=\"yoast-schema-graph\">{\"@context\":\"https:\\\/\\\/schema.org\",\"@graph\":[{\"@type\":\"WebPage\",\"@id\":\"https:\\\/\\\/antderground.com\\\/en\\\/product\\\/armadillidium-spec-albino\\\/\",\"url\":\"https:\\\/\\\/antderground.com\\\/en\\\/product\\\/armadillidium-spec-albino\\\/\",\"name\":\"Armadillidium sp. \\\"Albino\\\"| Isopods shop - ANTDERGROUND\",\"isPartOf\":{\"@id\":\"https:\\\/\\\/antderground.com\\\/en\\\/#website\"},\"primaryImageOfPage\":{\"@id\":\"https:\\\/\\\/antderground.com\\\/en\\\/product\\\/armadillidium-spec-albino\\\/#primaryimage\"},\"image\":{\"@id\":\"https:\\\/\\\/antderground.com\\\/en\\\/product\\\/armadillidium-spec-albino\\\/#primaryimage\"},\"thumbnailUrl\":\"https:\\\/\\\/antderground.com\\\/wp-content\\\/uploads\\\/2025\\\/01\\\/Armadillidium-spec-Albino.jpg\",\"datePublished\":\"2025-01-20T17:20:14+00:00\",\"dateModified\":\"2025-01-21T11:10:07+00:00\",\"description\":\"Armadillidium spec. Albino isopod, ideal for bioactive terrariums. Easy to care for, useful for cleaning and with a unique color.\",\"breadcrumb\":{\"@id\":\"https:\\\/\\\/antderground.com\\\/en\\\/product\\\/armadillidium-spec-albino\\\/#breadcrumb\"},\"inLanguage\":\"en-US\",\"potentialAction\":[{\"@type\":\"ReadAction\",\"target\":[\"https:\\\/\\\/antderground.com\\\/en\\\/product\\\/armadillidium-spec-albino\\\/\"]}]},{\"@type\":\"ImageObject\",\"inLanguage\":\"en-US\",\"@id\":\"https:\\\/\\\/antderground.com\\\/en\\\/product\\\/armadillidium-spec-albino\\\/#primaryimage\",\"url\":\"https:\\\/\\\/antderground.com\\\/wp-content\\\/uploads\\\/2025\\\/01\\\/Armadillidium-spec-Albino.jpg\",\"contentUrl\":\"https:\\\/\\\/antderground.com\\\/wp-content\\\/uploads\\\/2025\\\/01\\\/Armadillidium-spec-Albino.jpg\",\"width\":1600,\"height\":1598},{\"@type\":\"BreadcrumbList\",\"@id\":\"https:\\\/\\\/antderground.com\\\/en\\\/product\\\/armadillidium-spec-albino\\\/#breadcrumb\",\"itemListElement\":[{\"@type\":\"ListItem\",\"position\":1,\"name\":\"Portada\",\"item\":\"https:\\\/\\\/antderground.com\\\/en\\\/\"},{\"@type\":\"ListItem\",\"position\":2,\"name\":\"Products\",\"item\":\"https:\\\/\\\/antderground.com\\\/en\\\/myrmecology-store\\\/\"},{\"@type\":\"ListItem\",\"position\":3,\"name\":\"Armadillidium sp. &#8220;Albino&#8221;\"}]},{\"@type\":\"WebSite\",\"@id\":\"https:\\\/\\\/antderground.com\\\/en\\\/#website\",\"url\":\"https:\\\/\\\/antderground.com\\\/en\\\/\",\"name\":\"ANTDERGROUND\",\"description\":\"Tu tienda de hormigas, gran variedad de hormigueros acr\u00edlicos,madera,arena,3D y mas.. Pide tus hormigas gratis con tu pedido, somos expertos en hormigueros antifugas.\",\"publisher\":{\"@id\":\"https:\\\/\\\/antderground.com\\\/en\\\/#\\\/schema\\\/person\\\/0e322c505e84fe72c65e2f6d08f96b81\"},\"alternateName\":\"Antderground\",\"potentialAction\":[{\"@type\":\"SearchAction\",\"target\":{\"@type\":\"EntryPoint\",\"urlTemplate\":\"https:\\\/\\\/antderground.com\\\/en\\\/?s={search_term_string}\"},\"query-input\":{\"@type\":\"PropertyValueSpecification\",\"valueRequired\":true,\"valueName\":\"search_term_string\"}}],\"inLanguage\":\"en-US\"},{\"@type\":[\"Person\",\"Organization\"],\"@id\":\"https:\\\/\\\/antderground.com\\\/en\\\/#\\\/schema\\\/person\\\/0e322c505e84fe72c65e2f6d08f96b81\",\"name\":\"Eric de Antderground\",\"image\":{\"@type\":\"ImageObject\",\"inLanguage\":\"en-US\",\"@id\":\"https:\\\/\\\/secure.gravatar.com\\\/avatar\\\/c49a1b9f79216d1498cb73c1e85cd47f4465dda35f2a94c03790d491bd4423c3?s=96&d=mm&r=g\",\"url\":\"https:\\\/\\\/secure.gravatar.com\\\/avatar\\\/c49a1b9f79216d1498cb73c1e85cd47f4465dda35f2a94c03790d491bd4423c3?s=96&d=mm&r=g\",\"contentUrl\":\"https:\\\/\\\/secure.gravatar.com\\\/avatar\\\/c49a1b9f79216d1498cb73c1e85cd47f4465dda35f2a94c03790d491bd4423c3?s=96&d=mm&r=g\",\"caption\":\"Eric de Antderground\"},\"logo\":{\"@id\":\"https:\\\/\\\/secure.gravatar.com\\\/avatar\\\/c49a1b9f79216d1498cb73c1e85cd47f4465dda35f2a94c03790d491bd4423c3?s=96&d=mm&r=g\"},\"description\":\"Eric es el especialista y fundador de Antderground, con una amplia trayectoria en artr\u00f3podos y enfocado en la mirmecolog\u00eda y el dise\u00f1o de hormigueros artificiales. Su enfoque combina la innovaci\u00f3n t\u00e9cnica con el respeto por la biolog\u00eda de las hormigas, is\u00f3podos y otros, desarrollando sistemas de nidos modulares 3D y acr\u00edlicos que son referentes para aficionados y profesionales en toda Europa. Su objetivo es facilitar la cr\u00eda de hormigas y otros artr\u00f3podos mediante soluciones seguras y divulgaci\u00f3n de calidad.\",\"sameAs\":[\"https:\\\/\\\/antderground.com\\\/\",\"https:\\\/\\\/www.youtube.com\\\/channel\\\/UCio72z7TlbufkAthAJIJfPw\"]}]}<\/script>\n<!-- \/ Yoast SEO plugin. -->","yoast_head_json":{"title":"Armadillidium sp. \"Albino\"| Isopods shop - ANTDERGROUND","description":"Armadillidium spec. Albino isopod, ideal for bioactive terrariums. Easy to care for, useful for cleaning and with a unique color.","robots":{"index":"index","follow":"follow","max-snippet":"max-snippet:-1","max-image-preview":"max-image-preview:large","max-video-preview":"max-video-preview:-1"},"canonical":"https:\/\/antderground.com\/en\/product\/armadillidium-spec-albino\/","og_locale":"en_US","og_type":"article","og_title":"Armadillidium sp. \"Albino\"| Isopods shop - ANTDERGROUND","og_description":"Armadillidium spec. Albino isopod, ideal for bioactive terrariums. Easy to care for, useful for cleaning and with a unique color.","og_url":"https:\/\/antderground.com\/en\/product\/armadillidium-spec-albino\/","og_site_name":"ANTDERGROUND","article_modified_time":"2025-01-21T11:10:07+00:00","og_image":[{"width":1600,"height":1598,"url":"https:\/\/antderground.com\/wp-content\/uploads\/2025\/01\/Armadillidium-spec-Albino.jpg","type":"image\/jpeg"}],"twitter_card":"summary_large_image","schema":{"@context":"https:\/\/schema.org","@graph":[{"@type":"WebPage","@id":"https:\/\/antderground.com\/en\/product\/armadillidium-spec-albino\/","url":"https:\/\/antderground.com\/en\/product\/armadillidium-spec-albino\/","name":"Armadillidium sp. \"Albino\"| Isopods shop - ANTDERGROUND","isPartOf":{"@id":"https:\/\/antderground.com\/en\/#website"},"primaryImageOfPage":{"@id":"https:\/\/antderground.com\/en\/product\/armadillidium-spec-albino\/#primaryimage"},"image":{"@id":"https:\/\/antderground.com\/en\/product\/armadillidium-spec-albino\/#primaryimage"},"thumbnailUrl":"https:\/\/antderground.com\/wp-content\/uploads\/2025\/01\/Armadillidium-spec-Albino.jpg","datePublished":"2025-01-20T17:20:14+00:00","dateModified":"2025-01-21T11:10:07+00:00","description":"Armadillidium spec. Albino isopod, ideal for bioactive terrariums. Easy to care for, useful for cleaning and with a unique color.","breadcrumb":{"@id":"https:\/\/antderground.com\/en\/product\/armadillidium-spec-albino\/#breadcrumb"},"inLanguage":"en-US","potentialAction":[{"@type":"ReadAction","target":["https:\/\/antderground.com\/en\/product\/armadillidium-spec-albino\/"]}]},{"@type":"ImageObject","inLanguage":"en-US","@id":"https:\/\/antderground.com\/en\/product\/armadillidium-spec-albino\/#primaryimage","url":"https:\/\/antderground.com\/wp-content\/uploads\/2025\/01\/Armadillidium-spec-Albino.jpg","contentUrl":"https:\/\/antderground.com\/wp-content\/uploads\/2025\/01\/Armadillidium-spec-Albino.jpg","width":1600,"height":1598},{"@type":"BreadcrumbList","@id":"https:\/\/antderground.com\/en\/product\/armadillidium-spec-albino\/#breadcrumb","itemListElement":[{"@type":"ListItem","position":1,"name":"Portada","item":"https:\/\/antderground.com\/en\/"},{"@type":"ListItem","position":2,"name":"Products","item":"https:\/\/antderground.com\/en\/myrmecology-store\/"},{"@type":"ListItem","position":3,"name":"Armadillidium sp. &#8220;Albino&#8221;"}]},{"@type":"WebSite","@id":"https:\/\/antderground.com\/en\/#website","url":"https:\/\/antderground.com\/en\/","name":"ANTDERGROUND","description":"Tu tienda de hormigas, gran variedad de hormigueros acr\u00edlicos,madera,arena,3D y mas.. Pide tus hormigas gratis con tu pedido, somos expertos en hormigueros antifugas.","publisher":{"@id":"https:\/\/antderground.com\/en\/#\/schema\/person\/0e322c505e84fe72c65e2f6d08f96b81"},"alternateName":"Antderground","potentialAction":[{"@type":"SearchAction","target":{"@type":"EntryPoint","urlTemplate":"https:\/\/antderground.com\/en\/?s={search_term_string}"},"query-input":{"@type":"PropertyValueSpecification","valueRequired":true,"valueName":"search_term_string"}}],"inLanguage":"en-US"},{"@type":["Person","Organization"],"@id":"https:\/\/antderground.com\/en\/#\/schema\/person\/0e322c505e84fe72c65e2f6d08f96b81","name":"Eric de Antderground","image":{"@type":"ImageObject","inLanguage":"en-US","@id":"https:\/\/secure.gravatar.com\/avatar\/c49a1b9f79216d1498cb73c1e85cd47f4465dda35f2a94c03790d491bd4423c3?s=96&d=mm&r=g","url":"https:\/\/secure.gravatar.com\/avatar\/c49a1b9f79216d1498cb73c1e85cd47f4465dda35f2a94c03790d491bd4423c3?s=96&d=mm&r=g","contentUrl":"https:\/\/secure.gravatar.com\/avatar\/c49a1b9f79216d1498cb73c1e85cd47f4465dda35f2a94c03790d491bd4423c3?s=96&d=mm&r=g","caption":"Eric de Antderground"},"logo":{"@id":"https:\/\/secure.gravatar.com\/avatar\/c49a1b9f79216d1498cb73c1e85cd47f4465dda35f2a94c03790d491bd4423c3?s=96&d=mm&r=g"},"description":"Eric es el especialista y fundador de Antderground, con una amplia trayectoria en artr\u00f3podos y enfocado en la mirmecolog\u00eda y el dise\u00f1o de hormigueros artificiales. Su enfoque combina la innovaci\u00f3n t\u00e9cnica con el respeto por la biolog\u00eda de las hormigas, is\u00f3podos y otros, desarrollando sistemas de nidos modulares 3D y acr\u00edlicos que son referentes para aficionados y profesionales en toda Europa. Su objetivo es facilitar la cr\u00eda de hormigas y otros artr\u00f3podos mediante soluciones seguras y divulgaci\u00f3n de calidad.","sameAs":["https:\/\/antderground.com\/","https:\/\/www.youtube.com\/channel\/UCio72z7TlbufkAthAJIJfPw"]}]}},"_links":{"self":[{"href":"https:\/\/antderground.com\/en\/wp-json\/wp\/v2\/product\/39522","targetHints":{"allow":["GET"]}}],"collection":[{"href":"https:\/\/antderground.com\/en\/wp-json\/wp\/v2\/product"}],"about":[{"href":"https:\/\/antderground.com\/en\/wp-json\/wp\/v2\/types\/product"}],"version-history":[{"count":0,"href":"https:\/\/antderground.com\/en\/wp-json\/wp\/v2\/product\/39522\/revisions"}],"wp:featuredmedia":[{"embeddable":true,"href":"https:\/\/antderground.com\/en\/wp-json\/wp\/v2\/media\/39508"}],"wp:attachment":[{"href":"https:\/\/antderground.com\/en\/wp-json\/wp\/v2\/media?parent=39522"}],"wp:term":[{"taxonomy":"product_brand","embeddable":true,"href":"https:\/\/antderground.com\/en\/wp-json\/wp\/v2\/product_brand?post=39522"},{"taxonomy":"product_cat","embeddable":true,"href":"https:\/\/antderground.com\/en\/wp-json\/wp\/v2\/product_cat?post=39522"},{"taxonomy":"product_tag","embeddable":true,"href":"https:\/\/antderground.com\/en\/wp-json\/wp\/v2\/product_tag?post=39522"}],"curies":[{"name":"wp","href":"https:\/\/api.w.org\/{rel}","templated":true}]}}