{"id":39922,"date":"2025-02-05T14:13:51","date_gmt":"2025-02-05T13:13:51","guid":{"rendered":"https:\/\/www.antderground.com\/producto\/tliltocatl-albopilosum\/"},"modified":"2026-04-07T15:59:51","modified_gmt":"2026-04-07T13:59:51","slug":"tliltocatl-albopilosum","status":"publish","type":"product","link":"https:\/\/antderground.com\/en\/product\/tliltocatl-albopilosum\/","title":{"rendered":"Tliltocatl albopilosum"},"content":{"rendered":"<h3><strong>Technical Sheet: Tliltocatl albopilosum<\/strong><\/h3>\n<p><strong>Common Name:<\/strong> Curly Hair Tarantula<br \/>\n<strong>Scientific Name:<\/strong> <em>Tliltocatl albopilosum<\/em><br \/>\n<strong>Family:<\/strong> Theraphosidae<br \/>\n<strong>Distribution:<\/strong> Central America (Nicaragua, Costa Rica, and Honduras)<br \/>\n<strong>Habitat:<\/strong> Humid forests and low-altitude areas with high humidity<\/p>\n<p><strong>Morphology:<\/strong><\/p>\n<ul>\n<li>Size: Up to 15 cm in leg span<\/li>\n<li>Color: Dark brown to black with golden or light brown hairs, giving it a curly appearance<\/li>\n<li>Robust body with long, hairy legs<\/li>\n<\/ul>\n<p><strong>Temperature and Humidity:<\/strong><\/p>\n<ul>\n<li>Ideal temperature: 22-28\u00b0C<\/li>\n<li>Humidity: 65-80%<\/li>\n<\/ul>\n<p><strong>Terrarium:<\/strong><\/p>\n<ul>\n<li>Recommended size: Minimum 30x30x30 cm<\/li>\n<li>Substrate: Coconut fiber or peat with at least 5-10 cm depth for burrowing<\/li>\n<li>Decoration: Hides such as bark and natural or artificial plants<\/li>\n<li>Hydration: A small dish with clean water<\/li>\n<\/ul>\n<p><strong>Diet:<\/strong><\/p>\n<ul>\n<li>Live insects such as crickets, roaches, and mealworms<\/li>\n<li>Feeding frequency: 1-2 times per week for adults, more frequently for juveniles<\/li>\n<\/ul>\n<p><strong>Behavior:<\/strong><\/p>\n<ul>\n<li>Calm and manageable temperament<\/li>\n<li>Can flick urticating hairs if threatened<\/li>\n<li>Not aggressive but may adopt defensive postures<\/li>\n<\/ul>\n<p><strong>Reproduction:<\/strong><\/p>\n<ul>\n<li>Sexual maturity: 3-5 years<\/li>\n<li>Egg sac: Between 100 and 600 eggs<\/li>\n<li>Incubation period: 6-8 weeks<\/li>\n<\/ul>\n<p><strong>Lifespan:<\/strong><\/p>\n<ul>\n<li>Females: Up to 20 years<\/li>\n<li>Males: 3-5 years<\/li>\n<\/ul>\n<p><strong>Notes:<\/strong><\/p>\n<ul>\n<li>An excellent species for beginners due to its docile nature and easy maintenance<\/li>\n<li>Avoid unnecessary handling to reduce stress<\/li>\n<li>Ensure proper ventilation in the terrarium to prevent mold and bacterial issues<\/li>\n<\/ul>\n","protected":false},"excerpt":{"rendered":"<p>The <em>Tliltocatl albopilosum<\/em> is the perfect tarantula for beginners! \ud83d\udd77\ufe0f With its curly appearance and calm nature, it\u2019s easy to care for. Ideal for humid terrariums, it feeds on live insects and can live up to 20 years. Add it to your collection today! \ud83d\udd25<\/p>\n","protected":false},"featured_media":39911,"template":"","meta":[],"product_brand":[],"product_cat":[479,584],"product_tag":[],"class_list":{"0":"post-39922","1":"product","2":"type-product","3":"status-publish","4":"has-post-thumbnail","6":"product_cat-arthropods","7":"product_cat-tarantula","9":"first","10":"instock","11":"shipping-taxable","12":"purchasable","13":"product-type-variable"},"yoast_head":"<!-- This site is optimized with the Yoast SEO plugin v27.3 - https:\/\/yoast.com\/product\/yoast-seo-wordpress\/ -->\n<title>Tliltocatl albopilosum (exotic tarantulas) - ANTDERGROUND<\/title>\n<meta name=\"description\" content=\"Get your Tliltocatl albopilosum, a docile and easy-to-care-for tarantula! \ud83d\udd77\ufe0f Perfect for beginners, with a curly look and long lifespan.\" \/>\n<meta name=\"robots\" content=\"index, follow, max-snippet:-1, max-image-preview:large, max-video-preview:-1\" \/>\n<link rel=\"canonical\" href=\"https:\/\/antderground.com\/en\/product\/tliltocatl-albopilosum\/\" \/>\n<meta property=\"og:locale\" content=\"en_US\" \/>\n<meta property=\"og:type\" content=\"article\" \/>\n<meta property=\"og:title\" content=\"Tliltocatl albopilosum (exotic tarantulas) - ANTDERGROUND\" \/>\n<meta property=\"og:description\" content=\"Get your Tliltocatl albopilosum, a docile and easy-to-care-for tarantula! \ud83d\udd77\ufe0f Perfect for beginners, with a curly look and long lifespan.\" \/>\n<meta property=\"og:url\" content=\"https:\/\/antderground.com\/en\/product\/tliltocatl-albopilosum\/\" \/>\n<meta property=\"og:site_name\" content=\"ANTDERGROUND\" \/>\n<meta property=\"article:modified_time\" content=\"2026-04-07T13:59:51+00:00\" \/>\n<meta property=\"og:image\" content=\"https:\/\/antderground.com\/wp-content\/uploads\/2025\/02\/tliltocatl-albopilosum-blanc.png\" \/>\n\t<meta property=\"og:image:width\" content=\"1280\" \/>\n\t<meta property=\"og:image:height\" content=\"1280\" \/>\n\t<meta property=\"og:image:type\" content=\"image\/png\" \/>\n<meta name=\"twitter:card\" content=\"summary_large_image\" \/>\n<meta name=\"twitter:label1\" content=\"Est. reading time\" \/>\n\t<meta name=\"twitter:data1\" content=\"1 minute\" \/>\n<script type=\"application\/ld+json\" class=\"yoast-schema-graph\">{\"@context\":\"https:\\\/\\\/schema.org\",\"@graph\":[{\"@type\":\"WebPage\",\"@id\":\"https:\\\/\\\/antderground.com\\\/en\\\/product\\\/tliltocatl-albopilosum\\\/\",\"url\":\"https:\\\/\\\/antderground.com\\\/en\\\/product\\\/tliltocatl-albopilosum\\\/\",\"name\":\"Tliltocatl albopilosum (exotic tarantulas) - ANTDERGROUND\",\"isPartOf\":{\"@id\":\"https:\\\/\\\/antderground.com\\\/en\\\/#website\"},\"primaryImageOfPage\":{\"@id\":\"https:\\\/\\\/antderground.com\\\/en\\\/product\\\/tliltocatl-albopilosum\\\/#primaryimage\"},\"image\":{\"@id\":\"https:\\\/\\\/antderground.com\\\/en\\\/product\\\/tliltocatl-albopilosum\\\/#primaryimage\"},\"thumbnailUrl\":\"https:\\\/\\\/antderground.com\\\/wp-content\\\/uploads\\\/2025\\\/02\\\/tliltocatl-albopilosum-blanc.png\",\"datePublished\":\"2025-02-05T13:13:51+00:00\",\"dateModified\":\"2026-04-07T13:59:51+00:00\",\"description\":\"Get your Tliltocatl albopilosum, a docile and easy-to-care-for tarantula! \ud83d\udd77\ufe0f Perfect for beginners, with a curly look and long lifespan.\",\"breadcrumb\":{\"@id\":\"https:\\\/\\\/antderground.com\\\/en\\\/product\\\/tliltocatl-albopilosum\\\/#breadcrumb\"},\"inLanguage\":\"en-US\",\"potentialAction\":[{\"@type\":\"ReadAction\",\"target\":[\"https:\\\/\\\/antderground.com\\\/en\\\/product\\\/tliltocatl-albopilosum\\\/\"]}]},{\"@type\":\"ImageObject\",\"inLanguage\":\"en-US\",\"@id\":\"https:\\\/\\\/antderground.com\\\/en\\\/product\\\/tliltocatl-albopilosum\\\/#primaryimage\",\"url\":\"https:\\\/\\\/antderground.com\\\/wp-content\\\/uploads\\\/2025\\\/02\\\/tliltocatl-albopilosum-blanc.png\",\"contentUrl\":\"https:\\\/\\\/antderground.com\\\/wp-content\\\/uploads\\\/2025\\\/02\\\/tliltocatl-albopilosum-blanc.png\",\"width\":1280,\"height\":1280,\"caption\":\"tliltocatl albopilosum\"},{\"@type\":\"BreadcrumbList\",\"@id\":\"https:\\\/\\\/antderground.com\\\/en\\\/product\\\/tliltocatl-albopilosum\\\/#breadcrumb\",\"itemListElement\":[{\"@type\":\"ListItem\",\"position\":1,\"name\":\"Portada\",\"item\":\"https:\\\/\\\/antderground.com\\\/en\\\/\"},{\"@type\":\"ListItem\",\"position\":2,\"name\":\"Products\",\"item\":\"https:\\\/\\\/antderground.com\\\/en\\\/myrmecology-store\\\/\"},{\"@type\":\"ListItem\",\"position\":3,\"name\":\"Tliltocatl albopilosum\"}]},{\"@type\":\"WebSite\",\"@id\":\"https:\\\/\\\/antderground.com\\\/en\\\/#website\",\"url\":\"https:\\\/\\\/antderground.com\\\/en\\\/\",\"name\":\"ANTDERGROUND\",\"description\":\"Tu tienda de hormigas, gran variedad de hormigueros acr\u00edlicos,madera,arena,3D y mas.. Pide tus hormigas gratis con tu pedido, somos expertos en hormigueros antifugas.\",\"publisher\":{\"@id\":\"https:\\\/\\\/antderground.com\\\/en\\\/#\\\/schema\\\/person\\\/0e322c505e84fe72c65e2f6d08f96b81\"},\"alternateName\":\"Antderground\",\"potentialAction\":[{\"@type\":\"SearchAction\",\"target\":{\"@type\":\"EntryPoint\",\"urlTemplate\":\"https:\\\/\\\/antderground.com\\\/en\\\/?s={search_term_string}\"},\"query-input\":{\"@type\":\"PropertyValueSpecification\",\"valueRequired\":true,\"valueName\":\"search_term_string\"}}],\"inLanguage\":\"en-US\"},{\"@type\":[\"Person\",\"Organization\"],\"@id\":\"https:\\\/\\\/antderground.com\\\/en\\\/#\\\/schema\\\/person\\\/0e322c505e84fe72c65e2f6d08f96b81\",\"name\":\"Eric de Antderground\",\"image\":{\"@type\":\"ImageObject\",\"inLanguage\":\"en-US\",\"@id\":\"https:\\\/\\\/secure.gravatar.com\\\/avatar\\\/c49a1b9f79216d1498cb73c1e85cd47f4465dda35f2a94c03790d491bd4423c3?s=96&d=mm&r=g\",\"url\":\"https:\\\/\\\/secure.gravatar.com\\\/avatar\\\/c49a1b9f79216d1498cb73c1e85cd47f4465dda35f2a94c03790d491bd4423c3?s=96&d=mm&r=g\",\"contentUrl\":\"https:\\\/\\\/secure.gravatar.com\\\/avatar\\\/c49a1b9f79216d1498cb73c1e85cd47f4465dda35f2a94c03790d491bd4423c3?s=96&d=mm&r=g\",\"caption\":\"Eric de Antderground\"},\"logo\":{\"@id\":\"https:\\\/\\\/secure.gravatar.com\\\/avatar\\\/c49a1b9f79216d1498cb73c1e85cd47f4465dda35f2a94c03790d491bd4423c3?s=96&d=mm&r=g\"},\"description\":\"Eric es el especialista y fundador de Antderground, con una amplia trayectoria en artr\u00f3podos y enfocado en la mirmecolog\u00eda y el dise\u00f1o de hormigueros artificiales. Su enfoque combina la innovaci\u00f3n t\u00e9cnica con el respeto por la biolog\u00eda de las hormigas, is\u00f3podos y otros, desarrollando sistemas de nidos modulares 3D y acr\u00edlicos que son referentes para aficionados y profesionales en toda Europa. Su objetivo es facilitar la cr\u00eda de hormigas y otros artr\u00f3podos mediante soluciones seguras y divulgaci\u00f3n de calidad.\",\"sameAs\":[\"https:\\\/\\\/antderground.com\\\/\",\"https:\\\/\\\/www.youtube.com\\\/channel\\\/UCio72z7TlbufkAthAJIJfPw\"]}]}<\/script>\n<!-- \/ Yoast SEO plugin. -->","yoast_head_json":{"title":"Tliltocatl albopilosum (exotic tarantulas) - ANTDERGROUND","description":"Get your Tliltocatl albopilosum, a docile and easy-to-care-for tarantula! \ud83d\udd77\ufe0f Perfect for beginners, with a curly look and long lifespan.","robots":{"index":"index","follow":"follow","max-snippet":"max-snippet:-1","max-image-preview":"max-image-preview:large","max-video-preview":"max-video-preview:-1"},"canonical":"https:\/\/antderground.com\/en\/product\/tliltocatl-albopilosum\/","og_locale":"en_US","og_type":"article","og_title":"Tliltocatl albopilosum (exotic tarantulas) - ANTDERGROUND","og_description":"Get your Tliltocatl albopilosum, a docile and easy-to-care-for tarantula! \ud83d\udd77\ufe0f Perfect for beginners, with a curly look and long lifespan.","og_url":"https:\/\/antderground.com\/en\/product\/tliltocatl-albopilosum\/","og_site_name":"ANTDERGROUND","article_modified_time":"2026-04-07T13:59:51+00:00","og_image":[{"width":1280,"height":1280,"url":"https:\/\/antderground.com\/wp-content\/uploads\/2025\/02\/tliltocatl-albopilosum-blanc.png","type":"image\/png"}],"twitter_card":"summary_large_image","twitter_misc":{"Est. reading time":"1 minute"},"schema":{"@context":"https:\/\/schema.org","@graph":[{"@type":"WebPage","@id":"https:\/\/antderground.com\/en\/product\/tliltocatl-albopilosum\/","url":"https:\/\/antderground.com\/en\/product\/tliltocatl-albopilosum\/","name":"Tliltocatl albopilosum (exotic tarantulas) - ANTDERGROUND","isPartOf":{"@id":"https:\/\/antderground.com\/en\/#website"},"primaryImageOfPage":{"@id":"https:\/\/antderground.com\/en\/product\/tliltocatl-albopilosum\/#primaryimage"},"image":{"@id":"https:\/\/antderground.com\/en\/product\/tliltocatl-albopilosum\/#primaryimage"},"thumbnailUrl":"https:\/\/antderground.com\/wp-content\/uploads\/2025\/02\/tliltocatl-albopilosum-blanc.png","datePublished":"2025-02-05T13:13:51+00:00","dateModified":"2026-04-07T13:59:51+00:00","description":"Get your Tliltocatl albopilosum, a docile and easy-to-care-for tarantula! \ud83d\udd77\ufe0f Perfect for beginners, with a curly look and long lifespan.","breadcrumb":{"@id":"https:\/\/antderground.com\/en\/product\/tliltocatl-albopilosum\/#breadcrumb"},"inLanguage":"en-US","potentialAction":[{"@type":"ReadAction","target":["https:\/\/antderground.com\/en\/product\/tliltocatl-albopilosum\/"]}]},{"@type":"ImageObject","inLanguage":"en-US","@id":"https:\/\/antderground.com\/en\/product\/tliltocatl-albopilosum\/#primaryimage","url":"https:\/\/antderground.com\/wp-content\/uploads\/2025\/02\/tliltocatl-albopilosum-blanc.png","contentUrl":"https:\/\/antderground.com\/wp-content\/uploads\/2025\/02\/tliltocatl-albopilosum-blanc.png","width":1280,"height":1280,"caption":"tliltocatl albopilosum"},{"@type":"BreadcrumbList","@id":"https:\/\/antderground.com\/en\/product\/tliltocatl-albopilosum\/#breadcrumb","itemListElement":[{"@type":"ListItem","position":1,"name":"Portada","item":"https:\/\/antderground.com\/en\/"},{"@type":"ListItem","position":2,"name":"Products","item":"https:\/\/antderground.com\/en\/myrmecology-store\/"},{"@type":"ListItem","position":3,"name":"Tliltocatl albopilosum"}]},{"@type":"WebSite","@id":"https:\/\/antderground.com\/en\/#website","url":"https:\/\/antderground.com\/en\/","name":"ANTDERGROUND","description":"Tu tienda de hormigas, gran variedad de hormigueros acr\u00edlicos,madera,arena,3D y mas.. Pide tus hormigas gratis con tu pedido, somos expertos en hormigueros antifugas.","publisher":{"@id":"https:\/\/antderground.com\/en\/#\/schema\/person\/0e322c505e84fe72c65e2f6d08f96b81"},"alternateName":"Antderground","potentialAction":[{"@type":"SearchAction","target":{"@type":"EntryPoint","urlTemplate":"https:\/\/antderground.com\/en\/?s={search_term_string}"},"query-input":{"@type":"PropertyValueSpecification","valueRequired":true,"valueName":"search_term_string"}}],"inLanguage":"en-US"},{"@type":["Person","Organization"],"@id":"https:\/\/antderground.com\/en\/#\/schema\/person\/0e322c505e84fe72c65e2f6d08f96b81","name":"Eric de Antderground","image":{"@type":"ImageObject","inLanguage":"en-US","@id":"https:\/\/secure.gravatar.com\/avatar\/c49a1b9f79216d1498cb73c1e85cd47f4465dda35f2a94c03790d491bd4423c3?s=96&d=mm&r=g","url":"https:\/\/secure.gravatar.com\/avatar\/c49a1b9f79216d1498cb73c1e85cd47f4465dda35f2a94c03790d491bd4423c3?s=96&d=mm&r=g","contentUrl":"https:\/\/secure.gravatar.com\/avatar\/c49a1b9f79216d1498cb73c1e85cd47f4465dda35f2a94c03790d491bd4423c3?s=96&d=mm&r=g","caption":"Eric de Antderground"},"logo":{"@id":"https:\/\/secure.gravatar.com\/avatar\/c49a1b9f79216d1498cb73c1e85cd47f4465dda35f2a94c03790d491bd4423c3?s=96&d=mm&r=g"},"description":"Eric es el especialista y fundador de Antderground, con una amplia trayectoria en artr\u00f3podos y enfocado en la mirmecolog\u00eda y el dise\u00f1o de hormigueros artificiales. Su enfoque combina la innovaci\u00f3n t\u00e9cnica con el respeto por la biolog\u00eda de las hormigas, is\u00f3podos y otros, desarrollando sistemas de nidos modulares 3D y acr\u00edlicos que son referentes para aficionados y profesionales en toda Europa. Su objetivo es facilitar la cr\u00eda de hormigas y otros artr\u00f3podos mediante soluciones seguras y divulgaci\u00f3n de calidad.","sameAs":["https:\/\/antderground.com\/","https:\/\/www.youtube.com\/channel\/UCio72z7TlbufkAthAJIJfPw"]}]}},"_links":{"self":[{"href":"https:\/\/antderground.com\/en\/wp-json\/wp\/v2\/product\/39922","targetHints":{"allow":["GET"]}}],"collection":[{"href":"https:\/\/antderground.com\/en\/wp-json\/wp\/v2\/product"}],"about":[{"href":"https:\/\/antderground.com\/en\/wp-json\/wp\/v2\/types\/product"}],"version-history":[{"count":1,"href":"https:\/\/antderground.com\/en\/wp-json\/wp\/v2\/product\/39922\/revisions"}],"predecessor-version":[{"id":51996,"href":"https:\/\/antderground.com\/en\/wp-json\/wp\/v2\/product\/39922\/revisions\/51996"}],"wp:featuredmedia":[{"embeddable":true,"href":"https:\/\/antderground.com\/en\/wp-json\/wp\/v2\/media\/39911"}],"wp:attachment":[{"href":"https:\/\/antderground.com\/en\/wp-json\/wp\/v2\/media?parent=39922"}],"wp:term":[{"taxonomy":"product_brand","embeddable":true,"href":"https:\/\/antderground.com\/en\/wp-json\/wp\/v2\/product_brand?post=39922"},{"taxonomy":"product_cat","embeddable":true,"href":"https:\/\/antderground.com\/en\/wp-json\/wp\/v2\/product_cat?post=39922"},{"taxonomy":"product_tag","embeddable":true,"href":"https:\/\/antderground.com\/en\/wp-json\/wp\/v2\/product_tag?post=39922"}],"curies":[{"name":"wp","href":"https:\/\/api.w.org\/{rel}","templated":true}]}}