{"id":40140,"date":"2024-11-29T21:14:17","date_gmt":"2024-11-29T20:14:17","guid":{"rendered":"https:\/\/www.antderground.com\/producto\/cubaris-murina-papaya\/"},"modified":"2026-02-19T15:29:06","modified_gmt":"2026-02-19T14:29:06","slug":"cubaris-murina-papaya","status":"publish","type":"product","link":"https:\/\/antderground.com\/en\/product\/cubaris-murina-papaya\/","title":{"rendered":"Cubaris murina &#8220;Papaya&#8221;"},"content":{"rendered":"<h3 data-start=\"48\" data-end=\"103\"><strong data-start=\"52\" data-end=\"101\">Technical Data Sheet: Cubaris murina &#8220;Papaya&#8221;<\/strong><\/h3>\n<p data-start=\"105\" data-end=\"256\"><strong data-start=\"105\" data-end=\"121\">Common Name:<\/strong> Papaya Isopod<br data-start=\"135\" data-end=\"138\" \/><strong data-start=\"138\" data-end=\"158\">Scientific Name:<\/strong> <em data-start=\"159\" data-end=\"175\">Cubaris murina<\/em><br data-start=\"175\" data-end=\"178\" \/><strong data-start=\"178\" data-end=\"189\">Family:<\/strong> Armadillidiidae<br data-start=\"205\" data-end=\"208\" \/><strong data-start=\"208\" data-end=\"219\">Origin:<\/strong> Thailand, tropical regions of Asia<\/p>\n<h4 data-start=\"258\" data-end=\"281\"><strong data-start=\"263\" data-end=\"279\">Description:<\/strong><\/h4>\n<p data-start=\"282\" data-end=\"654\">The <em data-start=\"286\" data-end=\"311\">Cubaris murina &#8220;Papaya&#8221;<\/em> is an isopod from the Armadillidiidae family, known for its vibrant colors and exoskeleton in shades of orange and brown, resembling the papaya fruit. Its segmented body is protected by a rigid exoskeleton that allows it to roll into a ball as a defense mechanism. This isopod is relatively small, reaching an adult size of about 2 to 3 cm.<\/p>\n<h4 data-start=\"656\" data-end=\"675\"><strong data-start=\"661\" data-end=\"673\">Habitat:<\/strong><\/h4>\n<p data-start=\"676\" data-end=\"997\">The <em data-start=\"680\" data-end=\"705\">Cubaris murina &#8220;Papaya&#8221;<\/em> is a terrestrial species that thrives in dark, humid soils typical of tropical ecosystems. It prefers warm and moist environments, such as well-maintained terrariums. It should be kept under conditions similar to other tropical isopods, with a substrate of damp soil, bark, and dry leaves.<\/p>\n<h4 data-start=\"999\" data-end=\"1033\"><strong data-start=\"1004\" data-end=\"1031\">Temperature &amp; Humidity:<\/strong><\/h4>\n<ul data-start=\"1034\" data-end=\"1212\">\n<li data-start=\"1034\" data-end=\"1091\"><strong data-start=\"1036\" data-end=\"1052\">Temperature:<\/strong> Between 22\u00b0C and 28\u00b0C (72\u00b0F &#8211; 82\u00b0F).<\/li>\n<li data-start=\"1092\" data-end=\"1212\"><strong data-start=\"1094\" data-end=\"1107\">Humidity:<\/strong> High, around 60-80%. It is essential to maintain the substrate consistently moist but not waterlogged.<\/li>\n<\/ul>\n<h4 data-start=\"1214\" data-end=\"1230\"><strong data-start=\"1219\" data-end=\"1228\">Diet:<\/strong><\/h4>\n<p data-start=\"1231\" data-end=\"1473\">This omnivorous species feeds on decomposing organic matter such as dry leaves, rotting wood, and vegetable scraps. It can also consume small pieces of fruits and vegetables, but these should be offered in moderation to prevent mold growth.<\/p>\n<h4 data-start=\"1475\" data-end=\"1499\"><strong data-start=\"1480\" data-end=\"1497\">Reproduction:<\/strong><\/h4>\n<p data-start=\"1500\" data-end=\"1738\"><em data-start=\"1500\" data-end=\"1525\">Cubaris murina &#8220;Papaya&#8221;<\/em> has a relatively fast reproductive cycle. The female carries the offspring in her marsupium (brood pouch) until they are fully developed. The young emerge from the pouch in their juvenile form and grow quickly.<\/p>\n<h4 data-start=\"1740\" data-end=\"1756\"><strong data-start=\"1745\" data-end=\"1754\">Care:<\/strong><\/h4>\n<ul data-start=\"1757\" data-end=\"2120\">\n<li data-start=\"1757\" data-end=\"1852\"><strong data-start=\"1759\" data-end=\"1773\">Terrarium:<\/strong> Ensure the enclosure has enough space and dark hiding spots for the isopods.<\/li>\n<li data-start=\"1853\" data-end=\"1979\"><strong data-start=\"1855\" data-end=\"1869\">Substrate:<\/strong> A mix of soil, dry leaves, and bark is ideal for maintaining proper humidity and providing burrowing areas.<\/li>\n<li data-start=\"1980\" data-end=\"2120\"><strong data-start=\"1982\" data-end=\"1992\">Decor:<\/strong> Natural elements such as stones, wood pieces, and live or artificial plants are recommended to create a naturalistic habitat.<\/li>\n<\/ul>\n<h4 data-start=\"2122\" data-end=\"2142\"><strong data-start=\"2127\" data-end=\"2140\">Behavior:<\/strong><\/h4>\n<p data-start=\"2143\" data-end=\"2329\">The <em data-start=\"2147\" data-end=\"2172\">Cubaris murina &#8220;Papaya&#8221;<\/em> is a calm isopod, but it may exhibit defensive behavior by rolling into a ball when threatened. They are mostly nocturnal, showing more activity at night.<\/p>\n<h4 data-start=\"2331\" data-end=\"2356\"><strong data-start=\"2336\" data-end=\"2354\">Compatibility:<\/strong><\/h4>\n<p data-start=\"2357\" data-end=\"2567\">This isopod can be kept in groups, but the terrarium should provide enough resources to avoid excessive competition. It can coexist with other isopod species as long as their environmental requirements match.<\/p>\n<h4 data-start=\"2569\" data-end=\"2591\"><strong data-start=\"2574\" data-end=\"2589\">Advantages:<\/strong><\/h4>\n<ul data-start=\"2592\" data-end=\"2905\">\n<li data-start=\"2592\" data-end=\"2695\"><strong data-start=\"2594\" data-end=\"2617\">Visually Appealing:<\/strong> Its orange and brown coloration makes it a striking species for terrariums.<\/li>\n<li data-start=\"2696\" data-end=\"2790\"><strong data-start=\"2698\" data-end=\"2721\">Natural Decomposer:<\/strong> Helps recycle organic matter, contributing to a healthy ecosystem.<\/li>\n<li data-start=\"2791\" data-end=\"2905\"><strong data-start=\"2793\" data-end=\"2814\">Easy to Care For:<\/strong> Requires basic care in a tropical environment, making it an ideal species for beginners.<\/li>\n<\/ul>\n","protected":false},"excerpt":{"rendered":"<p>The <em data-start=\"4\" data-end=\"29\">Cubaris murina &#8220;Papaya&#8221;<\/em> is a fascinating isopod with a unique orange and brown coloration. Perfect for tropical terrariums, it is easy to care for and helps maintain a healthy environment by decomposing organic matter. A true gem for your collection!<\/p>\n","protected":false},"featured_media":38357,"template":"","meta":[],"product_brand":[],"product_cat":[479,485,717],"product_tag":[],"class_list":{"0":"post-40140","1":"product","2":"type-product","3":"status-publish","4":"has-post-thumbnail","6":"product_cat-arthropods","7":"product_cat-isopods","8":"product_cat-cubaris","10":"first","11":"instock","12":"shipping-taxable","13":"purchasable","14":"product-type-variable"},"yoast_head":"<!-- This site is optimized with the Yoast SEO plugin v27.4 - https:\/\/yoast.com\/product\/yoast-seo-wordpress\/ -->\n<title>Cubaris murina &quot;Papaya&quot; | Isopods - ANTDERGROUND<\/title>\n<meta name=\"description\" content=\"Isopod Cubaris murina &quot;Papaya&quot;: vibrant color, easy care and perfect for tropical terrariums. \ud83c\udf3f\ud83e\udde1 Add an exotic touch to your terrarium!\" \/>\n<meta name=\"robots\" content=\"index, follow, max-snippet:-1, max-image-preview:large, max-video-preview:-1\" \/>\n<link rel=\"canonical\" href=\"https:\/\/antderground.com\/en\/product\/cubaris-murina-papaya\/\" \/>\n<meta property=\"og:locale\" content=\"en_US\" \/>\n<meta property=\"og:type\" content=\"article\" \/>\n<meta property=\"og:title\" content=\"Cubaris murina &quot;Papaya&quot; | Isopods - ANTDERGROUND\" \/>\n<meta property=\"og:description\" content=\"Isopod Cubaris murina &quot;Papaya&quot;: vibrant color, easy care and perfect for tropical terrariums. \ud83c\udf3f\ud83e\udde1 Add an exotic touch to your terrarium!\" \/>\n<meta property=\"og:url\" content=\"https:\/\/antderground.com\/en\/product\/cubaris-murina-papaya\/\" \/>\n<meta property=\"og:site_name\" content=\"ANTDERGROUND\" \/>\n<meta property=\"article:modified_time\" content=\"2026-02-19T14:29:06+00:00\" \/>\n<meta property=\"og:image\" content=\"https:\/\/antderground.com\/wp-content\/uploads\/2024\/11\/Cubaris-murina-papaya.jpg\" \/>\n\t<meta property=\"og:image:width\" content=\"2042\" \/>\n\t<meta property=\"og:image:height\" content=\"2042\" \/>\n\t<meta property=\"og:image:type\" content=\"image\/jpeg\" \/>\n<meta name=\"twitter:card\" content=\"summary_large_image\" \/>\n<meta name=\"twitter:label1\" content=\"Est. reading time\" \/>\n\t<meta name=\"twitter:data1\" content=\"2 minutes\" \/>\n<script type=\"application\/ld+json\" class=\"yoast-schema-graph\">{\"@context\":\"https:\\\/\\\/schema.org\",\"@graph\":[{\"@type\":\"WebPage\",\"@id\":\"https:\\\/\\\/antderground.com\\\/en\\\/product\\\/cubaris-murina-papaya\\\/\",\"url\":\"https:\\\/\\\/antderground.com\\\/en\\\/product\\\/cubaris-murina-papaya\\\/\",\"name\":\"Cubaris murina \\\"Papaya\\\" | Isopods - ANTDERGROUND\",\"isPartOf\":{\"@id\":\"https:\\\/\\\/antderground.com\\\/en\\\/#website\"},\"primaryImageOfPage\":{\"@id\":\"https:\\\/\\\/antderground.com\\\/en\\\/product\\\/cubaris-murina-papaya\\\/#primaryimage\"},\"image\":{\"@id\":\"https:\\\/\\\/antderground.com\\\/en\\\/product\\\/cubaris-murina-papaya\\\/#primaryimage\"},\"thumbnailUrl\":\"https:\\\/\\\/antderground.com\\\/wp-content\\\/uploads\\\/2024\\\/11\\\/Cubaris-murina-papaya.jpg\",\"datePublished\":\"2024-11-29T20:14:17+00:00\",\"dateModified\":\"2026-02-19T14:29:06+00:00\",\"description\":\"Isopod Cubaris murina \\\"Papaya\\\": vibrant color, easy care and perfect for tropical terrariums. \ud83c\udf3f\ud83e\udde1 Add an exotic touch to your terrarium!\",\"breadcrumb\":{\"@id\":\"https:\\\/\\\/antderground.com\\\/en\\\/product\\\/cubaris-murina-papaya\\\/#breadcrumb\"},\"inLanguage\":\"en-US\",\"potentialAction\":[{\"@type\":\"ReadAction\",\"target\":[\"https:\\\/\\\/antderground.com\\\/en\\\/product\\\/cubaris-murina-papaya\\\/\"]}]},{\"@type\":\"ImageObject\",\"inLanguage\":\"en-US\",\"@id\":\"https:\\\/\\\/antderground.com\\\/en\\\/product\\\/cubaris-murina-papaya\\\/#primaryimage\",\"url\":\"https:\\\/\\\/antderground.com\\\/wp-content\\\/uploads\\\/2024\\\/11\\\/Cubaris-murina-papaya.jpg\",\"contentUrl\":\"https:\\\/\\\/antderground.com\\\/wp-content\\\/uploads\\\/2024\\\/11\\\/Cubaris-murina-papaya.jpg\",\"width\":2042,\"height\":2042,\"caption\":\"Cubaris murina papaya\"},{\"@type\":\"BreadcrumbList\",\"@id\":\"https:\\\/\\\/antderground.com\\\/en\\\/product\\\/cubaris-murina-papaya\\\/#breadcrumb\",\"itemListElement\":[{\"@type\":\"ListItem\",\"position\":1,\"name\":\"Portada\",\"item\":\"https:\\\/\\\/antderground.com\\\/en\\\/\"},{\"@type\":\"ListItem\",\"position\":2,\"name\":\"Products\",\"item\":\"https:\\\/\\\/antderground.com\\\/en\\\/myrmecology-store\\\/\"},{\"@type\":\"ListItem\",\"position\":3,\"name\":\"Cubaris murina &#8220;Papaya&#8221;\"}]},{\"@type\":\"WebSite\",\"@id\":\"https:\\\/\\\/antderground.com\\\/en\\\/#website\",\"url\":\"https:\\\/\\\/antderground.com\\\/en\\\/\",\"name\":\"ANTDERGROUND\",\"description\":\"Tu tienda de hormigas, gran variedad de hormigueros acr\u00edlicos,madera,arena,3D y mas.. Pide tus hormigas gratis con tu pedido, somos expertos en hormigueros antifugas.\",\"publisher\":{\"@id\":\"https:\\\/\\\/antderground.com\\\/en\\\/#\\\/schema\\\/person\\\/0e322c505e84fe72c65e2f6d08f96b81\"},\"alternateName\":\"Antderground\",\"potentialAction\":[{\"@type\":\"SearchAction\",\"target\":{\"@type\":\"EntryPoint\",\"urlTemplate\":\"https:\\\/\\\/antderground.com\\\/en\\\/?s={search_term_string}\"},\"query-input\":{\"@type\":\"PropertyValueSpecification\",\"valueRequired\":true,\"valueName\":\"search_term_string\"}}],\"inLanguage\":\"en-US\"},{\"@type\":[\"Person\",\"Organization\"],\"@id\":\"https:\\\/\\\/antderground.com\\\/en\\\/#\\\/schema\\\/person\\\/0e322c505e84fe72c65e2f6d08f96b81\",\"name\":\"Eric de Antderground\",\"image\":{\"@type\":\"ImageObject\",\"inLanguage\":\"en-US\",\"@id\":\"https:\\\/\\\/secure.gravatar.com\\\/avatar\\\/c49a1b9f79216d1498cb73c1e85cd47f4465dda35f2a94c03790d491bd4423c3?s=96&d=mm&r=g\",\"url\":\"https:\\\/\\\/secure.gravatar.com\\\/avatar\\\/c49a1b9f79216d1498cb73c1e85cd47f4465dda35f2a94c03790d491bd4423c3?s=96&d=mm&r=g\",\"contentUrl\":\"https:\\\/\\\/secure.gravatar.com\\\/avatar\\\/c49a1b9f79216d1498cb73c1e85cd47f4465dda35f2a94c03790d491bd4423c3?s=96&d=mm&r=g\",\"caption\":\"Eric de Antderground\"},\"logo\":{\"@id\":\"https:\\\/\\\/secure.gravatar.com\\\/avatar\\\/c49a1b9f79216d1498cb73c1e85cd47f4465dda35f2a94c03790d491bd4423c3?s=96&d=mm&r=g\"},\"description\":\"Eric es el especialista y fundador de Antderground, con una amplia trayectoria en artr\u00f3podos y enfocado en la mirmecolog\u00eda y el dise\u00f1o de hormigueros artificiales. Su enfoque combina la innovaci\u00f3n t\u00e9cnica con el respeto por la biolog\u00eda de las hormigas, is\u00f3podos y otros, desarrollando sistemas de nidos modulares 3D y acr\u00edlicos que son referentes para aficionados y profesionales en toda Europa. Su objetivo es facilitar la cr\u00eda de hormigas y otros artr\u00f3podos mediante soluciones seguras y divulgaci\u00f3n de calidad.\",\"sameAs\":[\"https:\\\/\\\/antderground.com\\\/\",\"https:\\\/\\\/www.youtube.com\\\/channel\\\/UCio72z7TlbufkAthAJIJfPw\"]}]}<\/script>\n<!-- \/ Yoast SEO plugin. -->","yoast_head_json":{"title":"Cubaris murina \"Papaya\" | Isopods - ANTDERGROUND","description":"Isopod Cubaris murina \"Papaya\": vibrant color, easy care and perfect for tropical terrariums. \ud83c\udf3f\ud83e\udde1 Add an exotic touch to your terrarium!","robots":{"index":"index","follow":"follow","max-snippet":"max-snippet:-1","max-image-preview":"max-image-preview:large","max-video-preview":"max-video-preview:-1"},"canonical":"https:\/\/antderground.com\/en\/product\/cubaris-murina-papaya\/","og_locale":"en_US","og_type":"article","og_title":"Cubaris murina \"Papaya\" | Isopods - ANTDERGROUND","og_description":"Isopod Cubaris murina \"Papaya\": vibrant color, easy care and perfect for tropical terrariums. \ud83c\udf3f\ud83e\udde1 Add an exotic touch to your terrarium!","og_url":"https:\/\/antderground.com\/en\/product\/cubaris-murina-papaya\/","og_site_name":"ANTDERGROUND","article_modified_time":"2026-02-19T14:29:06+00:00","og_image":[{"width":2042,"height":2042,"url":"https:\/\/antderground.com\/wp-content\/uploads\/2024\/11\/Cubaris-murina-papaya.jpg","type":"image\/jpeg"}],"twitter_card":"summary_large_image","twitter_misc":{"Est. reading time":"2 minutes"},"schema":{"@context":"https:\/\/schema.org","@graph":[{"@type":"WebPage","@id":"https:\/\/antderground.com\/en\/product\/cubaris-murina-papaya\/","url":"https:\/\/antderground.com\/en\/product\/cubaris-murina-papaya\/","name":"Cubaris murina \"Papaya\" | Isopods - ANTDERGROUND","isPartOf":{"@id":"https:\/\/antderground.com\/en\/#website"},"primaryImageOfPage":{"@id":"https:\/\/antderground.com\/en\/product\/cubaris-murina-papaya\/#primaryimage"},"image":{"@id":"https:\/\/antderground.com\/en\/product\/cubaris-murina-papaya\/#primaryimage"},"thumbnailUrl":"https:\/\/antderground.com\/wp-content\/uploads\/2024\/11\/Cubaris-murina-papaya.jpg","datePublished":"2024-11-29T20:14:17+00:00","dateModified":"2026-02-19T14:29:06+00:00","description":"Isopod Cubaris murina \"Papaya\": vibrant color, easy care and perfect for tropical terrariums. \ud83c\udf3f\ud83e\udde1 Add an exotic touch to your terrarium!","breadcrumb":{"@id":"https:\/\/antderground.com\/en\/product\/cubaris-murina-papaya\/#breadcrumb"},"inLanguage":"en-US","potentialAction":[{"@type":"ReadAction","target":["https:\/\/antderground.com\/en\/product\/cubaris-murina-papaya\/"]}]},{"@type":"ImageObject","inLanguage":"en-US","@id":"https:\/\/antderground.com\/en\/product\/cubaris-murina-papaya\/#primaryimage","url":"https:\/\/antderground.com\/wp-content\/uploads\/2024\/11\/Cubaris-murina-papaya.jpg","contentUrl":"https:\/\/antderground.com\/wp-content\/uploads\/2024\/11\/Cubaris-murina-papaya.jpg","width":2042,"height":2042,"caption":"Cubaris murina papaya"},{"@type":"BreadcrumbList","@id":"https:\/\/antderground.com\/en\/product\/cubaris-murina-papaya\/#breadcrumb","itemListElement":[{"@type":"ListItem","position":1,"name":"Portada","item":"https:\/\/antderground.com\/en\/"},{"@type":"ListItem","position":2,"name":"Products","item":"https:\/\/antderground.com\/en\/myrmecology-store\/"},{"@type":"ListItem","position":3,"name":"Cubaris murina &#8220;Papaya&#8221;"}]},{"@type":"WebSite","@id":"https:\/\/antderground.com\/en\/#website","url":"https:\/\/antderground.com\/en\/","name":"ANTDERGROUND","description":"Tu tienda de hormigas, gran variedad de hormigueros acr\u00edlicos,madera,arena,3D y mas.. Pide tus hormigas gratis con tu pedido, somos expertos en hormigueros antifugas.","publisher":{"@id":"https:\/\/antderground.com\/en\/#\/schema\/person\/0e322c505e84fe72c65e2f6d08f96b81"},"alternateName":"Antderground","potentialAction":[{"@type":"SearchAction","target":{"@type":"EntryPoint","urlTemplate":"https:\/\/antderground.com\/en\/?s={search_term_string}"},"query-input":{"@type":"PropertyValueSpecification","valueRequired":true,"valueName":"search_term_string"}}],"inLanguage":"en-US"},{"@type":["Person","Organization"],"@id":"https:\/\/antderground.com\/en\/#\/schema\/person\/0e322c505e84fe72c65e2f6d08f96b81","name":"Eric de Antderground","image":{"@type":"ImageObject","inLanguage":"en-US","@id":"https:\/\/secure.gravatar.com\/avatar\/c49a1b9f79216d1498cb73c1e85cd47f4465dda35f2a94c03790d491bd4423c3?s=96&d=mm&r=g","url":"https:\/\/secure.gravatar.com\/avatar\/c49a1b9f79216d1498cb73c1e85cd47f4465dda35f2a94c03790d491bd4423c3?s=96&d=mm&r=g","contentUrl":"https:\/\/secure.gravatar.com\/avatar\/c49a1b9f79216d1498cb73c1e85cd47f4465dda35f2a94c03790d491bd4423c3?s=96&d=mm&r=g","caption":"Eric de Antderground"},"logo":{"@id":"https:\/\/secure.gravatar.com\/avatar\/c49a1b9f79216d1498cb73c1e85cd47f4465dda35f2a94c03790d491bd4423c3?s=96&d=mm&r=g"},"description":"Eric es el especialista y fundador de Antderground, con una amplia trayectoria en artr\u00f3podos y enfocado en la mirmecolog\u00eda y el dise\u00f1o de hormigueros artificiales. Su enfoque combina la innovaci\u00f3n t\u00e9cnica con el respeto por la biolog\u00eda de las hormigas, is\u00f3podos y otros, desarrollando sistemas de nidos modulares 3D y acr\u00edlicos que son referentes para aficionados y profesionales en toda Europa. Su objetivo es facilitar la cr\u00eda de hormigas y otros artr\u00f3podos mediante soluciones seguras y divulgaci\u00f3n de calidad.","sameAs":["https:\/\/antderground.com\/","https:\/\/www.youtube.com\/channel\/UCio72z7TlbufkAthAJIJfPw"]}]}},"_links":{"self":[{"href":"https:\/\/antderground.com\/en\/wp-json\/wp\/v2\/product\/40140","targetHints":{"allow":["GET"]}}],"collection":[{"href":"https:\/\/antderground.com\/en\/wp-json\/wp\/v2\/product"}],"about":[{"href":"https:\/\/antderground.com\/en\/wp-json\/wp\/v2\/types\/product"}],"version-history":[{"count":0,"href":"https:\/\/antderground.com\/en\/wp-json\/wp\/v2\/product\/40140\/revisions"}],"wp:featuredmedia":[{"embeddable":true,"href":"https:\/\/antderground.com\/en\/wp-json\/wp\/v2\/media\/38357"}],"wp:attachment":[{"href":"https:\/\/antderground.com\/en\/wp-json\/wp\/v2\/media?parent=40140"}],"wp:term":[{"taxonomy":"product_brand","embeddable":true,"href":"https:\/\/antderground.com\/en\/wp-json\/wp\/v2\/product_brand?post=40140"},{"taxonomy":"product_cat","embeddable":true,"href":"https:\/\/antderground.com\/en\/wp-json\/wp\/v2\/product_cat?post=40140"},{"taxonomy":"product_tag","embeddable":true,"href":"https:\/\/antderground.com\/en\/wp-json\/wp\/v2\/product_tag?post=40140"}],"curies":[{"name":"wp","href":"https:\/\/api.w.org\/{rel}","templated":true}]}}