{"id":40148,"date":"2024-11-29T20:37:57","date_gmt":"2024-11-29T19:37:57","guid":{"rendered":"https:\/\/www.antderground.com\/producto\/cubaris-sp-cappuccino\/"},"modified":"2024-11-29T20:37:57","modified_gmt":"2024-11-29T19:37:57","slug":"cubaris-sp-cappuccino","status":"publish","type":"product","link":"https:\/\/antderground.com\/en\/product\/cubaris-sp-cappuccino\/","title":{"rendered":"Cubaris sp. &#8220;Cappuccino&#8221;"},"content":{"rendered":"<h3 data-start=\"0\" data-end=\"50\"><strong data-start=\"4\" data-end=\"48\">Technical Data Sheet: Cubaris Cappuccino<\/strong><\/h3>\n<h4 data-start=\"57\" data-end=\"87\"><strong data-start=\"62\" data-end=\"85\">General Information<\/strong><\/h4>\n<ul data-start=\"88\" data-end=\"244\">\n<li data-start=\"88\" data-end=\"127\"><strong data-start=\"90\" data-end=\"106\">Common Name:<\/strong> Cubaris Cappuccino<\/li>\n<li data-start=\"128\" data-end=\"164\"><strong data-start=\"130\" data-end=\"150\">Scientific Name:<\/strong> Cubaris sp.<\/li>\n<li data-start=\"165\" data-end=\"193\"><strong data-start=\"167\" data-end=\"178\">Family:<\/strong> Armadillidae<\/li>\n<li data-start=\"194\" data-end=\"244\"><strong data-start=\"196\" data-end=\"207\">Origin:<\/strong> Tropical regions of Southeast Asia<\/li>\n<\/ul>\n<h4 data-start=\"251\" data-end=\"273\"><strong data-start=\"256\" data-end=\"271\">Description<\/strong><\/h4>\n<p data-start=\"274\" data-end=\"576\">The <strong data-start=\"278\" data-end=\"300\">Cubaris Cappuccino<\/strong> is an exotic terrestrial isopod known for its elegant coloration in light and dark brown shades, resembling a cappuccino coffee. Its rounded shell and ability to roll into a ball make it a fascinating species, highly valued by terrarium and bioactive enclosure enthusiasts.<\/p>\n<h4 data-start=\"583\" data-end=\"598\"><strong data-start=\"588\" data-end=\"596\">Size<\/strong><\/h4>\n<ul data-start=\"599\" data-end=\"622\">\n<li data-start=\"599\" data-end=\"622\">Adults: 1.5 to 2 cm<\/li>\n<\/ul>\n<h4 data-start=\"629\" data-end=\"648\"><strong data-start=\"634\" data-end=\"646\">Behavior<\/strong><\/h4>\n<ul data-start=\"649\" data-end=\"781\">\n<li data-start=\"649\" data-end=\"690\">A calm species with nocturnal habits.<\/li>\n<li data-start=\"691\" data-end=\"732\">Prefers humid and quiet environments.<\/li>\n<li data-start=\"733\" data-end=\"781\">Tends to cluster in shelters during the day.<\/li>\n<\/ul>\n<h4 data-start=\"788\" data-end=\"817\"><strong data-start=\"793\" data-end=\"815\">Optimal Conditions<\/strong><\/h4>\n<ul data-start=\"818\" data-end=\"1124\">\n<li data-start=\"818\" data-end=\"856\"><strong data-start=\"820\" data-end=\"836\">Temperature:<\/strong> 22-26\u00b0C (72-79\u00b0F)<\/li>\n<li data-start=\"857\" data-end=\"937\"><strong data-start=\"859\" data-end=\"872\">Humidity:<\/strong> 75-85%. Keeping the substrate moist but not soaked is crucial.<\/li>\n<li data-start=\"938\" data-end=\"1006\"><strong data-start=\"940\" data-end=\"953\">Lighting:<\/strong> Indirect light, avoiding direct sunlight exposure.<\/li>\n<li data-start=\"1007\" data-end=\"1124\"><strong data-start=\"1009\" data-end=\"1023\">Substrate:<\/strong> A mix of coconut fiber, sphagnum moss, and dry leaves is ideal for recreating its natural habitat.<\/li>\n<\/ul>\n<h4 data-start=\"1131\" data-end=\"1146\"><strong data-start=\"1136\" data-end=\"1144\">Diet<\/strong><\/h4>\n<ul data-start=\"1147\" data-end=\"1293\">\n<li data-start=\"1147\" data-end=\"1293\">Omnivorous. Feeds on decomposing organic matter (dry leaves, rotting wood) and supplements such as vegetables, fruits, and calcium-rich foods.<\/li>\n<\/ul>\n<h4 data-start=\"1300\" data-end=\"1323\"><strong data-start=\"1305\" data-end=\"1321\">Reproduction<\/strong><\/h4>\n<ul data-start=\"1324\" data-end=\"1522\">\n<li data-start=\"1324\" data-end=\"1441\">Ovoviviparous: juveniles are born fully developed and remain in the female\u2019s marsupium during their early stages.<\/li>\n<li data-start=\"1442\" data-end=\"1522\">Active reproductive cycle under optimal temperature and humidity conditions.<\/li>\n<\/ul>\n<h4 data-start=\"1529\" data-end=\"1553\"><strong data-start=\"1534\" data-end=\"1551\">Compatibility<\/strong><\/h4>\n<ul data-start=\"1554\" data-end=\"1720\">\n<li data-start=\"1554\" data-end=\"1658\">Ideal for bioactive terrariums with reptiles, amphibians, or as part of a self-sustaining ecosystem.<\/li>\n<li data-start=\"1659\" data-end=\"1720\">Non-toxic and harmless to other species in the enclosure.<\/li>\n<\/ul>\n<h4 data-start=\"1727\" data-end=\"1778\"><strong data-start=\"1732\" data-end=\"1776\">Advantages of Keeping Cubaris Cappuccino<\/strong><\/h4>\n<ul data-start=\"1779\" data-end=\"1928\">\n<li data-start=\"1779\" data-end=\"1836\">Helps recycle organic matter in bioactive terrariums.<\/li>\n<li data-start=\"1837\" data-end=\"1857\">Low maintenance.<\/li>\n<li data-start=\"1858\" data-end=\"1928\">Its exotic appearance adds a decorative touch to bioactive setups.<\/li>\n<\/ul>\n<h4 data-start=\"1935\" data-end=\"1961\"><strong data-start=\"1940\" data-end=\"1959\">Important Notes<\/strong><\/h4>\n<ul data-start=\"1962\" data-end=\"2112\">\n<li data-start=\"1962\" data-end=\"2024\">Avoid overfeeding to prevent mold growth in the substrate.<\/li>\n<li data-start=\"2025\" data-end=\"2112\">Provide hiding spots such as tree bark, stones, or small cavities in the terrarium.<\/li>\n<\/ul>\n","protected":false},"excerpt":{"rendered":"<p>The Cubaris Cappuccino is an isopod with a unique color that resembles a coffee \ud83d\ude09. Perfect for bioactive terrariums, it helps keep the substrate clean while adding a special touch. Easy to care for, ideal for those who enjoy nature at home. \ud83c\udf3f<\/p>\n","protected":false},"featured_media":38325,"template":"","meta":[],"product_brand":[],"product_cat":[479,485,717],"product_tag":[],"class_list":{"0":"post-40148","1":"product","2":"type-product","3":"status-publish","4":"has-post-thumbnail","6":"product_cat-arthropods","7":"product_cat-isopods","8":"product_cat-cubaris","10":"first","11":"outofstock","12":"shipping-taxable","13":"purchasable","14":"product-type-variable"},"yoast_head":"<!-- This site is optimized with the Yoast SEO plugin v27.3 - https:\/\/yoast.com\/product\/yoast-seo-wordpress\/ -->\n<title>Cubaris sp. &quot;Cappuccino&quot; - ANTDERGROUND<\/title>\n<meta name=\"description\" content=\"Discover the exotic isopod Cubaris Cappuccino \u2615, perfect for bioactive terrariums. Easy care and unique natural design. \ud83c\udf3f\" \/>\n<meta name=\"robots\" content=\"index, follow, max-snippet:-1, max-image-preview:large, max-video-preview:-1\" \/>\n<link rel=\"canonical\" href=\"https:\/\/antderground.com\/en\/product\/cubaris-sp-cappuccino\/\" \/>\n<meta property=\"og:locale\" content=\"en_US\" \/>\n<meta property=\"og:type\" content=\"article\" \/>\n<meta property=\"og:title\" content=\"Cubaris sp. &quot;Cappuccino&quot; - ANTDERGROUND\" \/>\n<meta property=\"og:description\" content=\"Discover the exotic isopod Cubaris Cappuccino \u2615, perfect for bioactive terrariums. Easy care and unique natural design. \ud83c\udf3f\" \/>\n<meta property=\"og:url\" content=\"https:\/\/antderground.com\/en\/product\/cubaris-sp-cappuccino\/\" \/>\n<meta property=\"og:site_name\" content=\"ANTDERGROUND\" \/>\n<meta property=\"og:image\" content=\"https:\/\/antderground.com\/wp-content\/uploads\/2024\/11\/Cubaris-Cappuccino.jpg\" \/>\n\t<meta property=\"og:image:width\" content=\"1600\" \/>\n\t<meta property=\"og:image:height\" content=\"1600\" \/>\n\t<meta property=\"og:image:type\" content=\"image\/jpeg\" \/>\n<meta name=\"twitter:card\" content=\"summary_large_image\" \/>\n<meta name=\"twitter:label1\" content=\"Est. reading time\" \/>\n\t<meta name=\"twitter:data1\" content=\"1 minute\" \/>\n<script type=\"application\/ld+json\" class=\"yoast-schema-graph\">{\"@context\":\"https:\\\/\\\/schema.org\",\"@graph\":[{\"@type\":\"WebPage\",\"@id\":\"https:\\\/\\\/antderground.com\\\/en\\\/product\\\/cubaris-sp-cappuccino\\\/\",\"url\":\"https:\\\/\\\/antderground.com\\\/en\\\/product\\\/cubaris-sp-cappuccino\\\/\",\"name\":\"Cubaris sp. \\\"Cappuccino\\\" - ANTDERGROUND\",\"isPartOf\":{\"@id\":\"https:\\\/\\\/antderground.com\\\/en\\\/#website\"},\"primaryImageOfPage\":{\"@id\":\"https:\\\/\\\/antderground.com\\\/en\\\/product\\\/cubaris-sp-cappuccino\\\/#primaryimage\"},\"image\":{\"@id\":\"https:\\\/\\\/antderground.com\\\/en\\\/product\\\/cubaris-sp-cappuccino\\\/#primaryimage\"},\"thumbnailUrl\":\"https:\\\/\\\/antderground.com\\\/wp-content\\\/uploads\\\/2024\\\/11\\\/Cubaris-Cappuccino.jpg\",\"datePublished\":\"2024-11-29T19:37:57+00:00\",\"description\":\"Discover the exotic isopod Cubaris Cappuccino \u2615, perfect for bioactive terrariums. Easy care and unique natural design. \ud83c\udf3f\",\"breadcrumb\":{\"@id\":\"https:\\\/\\\/antderground.com\\\/en\\\/product\\\/cubaris-sp-cappuccino\\\/#breadcrumb\"},\"inLanguage\":\"en-US\",\"potentialAction\":[{\"@type\":\"ReadAction\",\"target\":[\"https:\\\/\\\/antderground.com\\\/en\\\/product\\\/cubaris-sp-cappuccino\\\/\"]}]},{\"@type\":\"ImageObject\",\"inLanguage\":\"en-US\",\"@id\":\"https:\\\/\\\/antderground.com\\\/en\\\/product\\\/cubaris-sp-cappuccino\\\/#primaryimage\",\"url\":\"https:\\\/\\\/antderground.com\\\/wp-content\\\/uploads\\\/2024\\\/11\\\/Cubaris-Cappuccino.jpg\",\"contentUrl\":\"https:\\\/\\\/antderground.com\\\/wp-content\\\/uploads\\\/2024\\\/11\\\/Cubaris-Cappuccino.jpg\",\"width\":1600,\"height\":1600,\"caption\":\"Cubaris Cappuccino\"},{\"@type\":\"BreadcrumbList\",\"@id\":\"https:\\\/\\\/antderground.com\\\/en\\\/product\\\/cubaris-sp-cappuccino\\\/#breadcrumb\",\"itemListElement\":[{\"@type\":\"ListItem\",\"position\":1,\"name\":\"Portada\",\"item\":\"https:\\\/\\\/antderground.com\\\/en\\\/\"},{\"@type\":\"ListItem\",\"position\":2,\"name\":\"Products\",\"item\":\"https:\\\/\\\/antderground.com\\\/en\\\/myrmecology-store\\\/\"},{\"@type\":\"ListItem\",\"position\":3,\"name\":\"Cubaris sp. &#8220;Cappuccino&#8221;\"}]},{\"@type\":\"WebSite\",\"@id\":\"https:\\\/\\\/antderground.com\\\/en\\\/#website\",\"url\":\"https:\\\/\\\/antderground.com\\\/en\\\/\",\"name\":\"ANTDERGROUND\",\"description\":\"Tu tienda de hormigas, gran variedad de hormigueros acr\u00edlicos,madera,arena,3D y mas.. Pide tus hormigas gratis con tu pedido, somos expertos en hormigueros antifugas.\",\"publisher\":{\"@id\":\"https:\\\/\\\/antderground.com\\\/en\\\/#\\\/schema\\\/person\\\/0e322c505e84fe72c65e2f6d08f96b81\"},\"alternateName\":\"Antderground\",\"potentialAction\":[{\"@type\":\"SearchAction\",\"target\":{\"@type\":\"EntryPoint\",\"urlTemplate\":\"https:\\\/\\\/antderground.com\\\/en\\\/?s={search_term_string}\"},\"query-input\":{\"@type\":\"PropertyValueSpecification\",\"valueRequired\":true,\"valueName\":\"search_term_string\"}}],\"inLanguage\":\"en-US\"},{\"@type\":[\"Person\",\"Organization\"],\"@id\":\"https:\\\/\\\/antderground.com\\\/en\\\/#\\\/schema\\\/person\\\/0e322c505e84fe72c65e2f6d08f96b81\",\"name\":\"Eric de Antderground\",\"image\":{\"@type\":\"ImageObject\",\"inLanguage\":\"en-US\",\"@id\":\"https:\\\/\\\/secure.gravatar.com\\\/avatar\\\/c49a1b9f79216d1498cb73c1e85cd47f4465dda35f2a94c03790d491bd4423c3?s=96&d=mm&r=g\",\"url\":\"https:\\\/\\\/secure.gravatar.com\\\/avatar\\\/c49a1b9f79216d1498cb73c1e85cd47f4465dda35f2a94c03790d491bd4423c3?s=96&d=mm&r=g\",\"contentUrl\":\"https:\\\/\\\/secure.gravatar.com\\\/avatar\\\/c49a1b9f79216d1498cb73c1e85cd47f4465dda35f2a94c03790d491bd4423c3?s=96&d=mm&r=g\",\"caption\":\"Eric de Antderground\"},\"logo\":{\"@id\":\"https:\\\/\\\/secure.gravatar.com\\\/avatar\\\/c49a1b9f79216d1498cb73c1e85cd47f4465dda35f2a94c03790d491bd4423c3?s=96&d=mm&r=g\"},\"description\":\"Eric es el especialista y fundador de Antderground, con una amplia trayectoria en artr\u00f3podos y enfocado en la mirmecolog\u00eda y el dise\u00f1o de hormigueros artificiales. Su enfoque combina la innovaci\u00f3n t\u00e9cnica con el respeto por la biolog\u00eda de las hormigas, is\u00f3podos y otros, desarrollando sistemas de nidos modulares 3D y acr\u00edlicos que son referentes para aficionados y profesionales en toda Europa. Su objetivo es facilitar la cr\u00eda de hormigas y otros artr\u00f3podos mediante soluciones seguras y divulgaci\u00f3n de calidad.\",\"sameAs\":[\"https:\\\/\\\/antderground.com\\\/\",\"https:\\\/\\\/www.youtube.com\\\/channel\\\/UCio72z7TlbufkAthAJIJfPw\"]}]}<\/script>\n<!-- \/ Yoast SEO plugin. -->","yoast_head_json":{"title":"Cubaris sp. \"Cappuccino\" - ANTDERGROUND","description":"Discover the exotic isopod Cubaris Cappuccino \u2615, perfect for bioactive terrariums. Easy care and unique natural design. \ud83c\udf3f","robots":{"index":"index","follow":"follow","max-snippet":"max-snippet:-1","max-image-preview":"max-image-preview:large","max-video-preview":"max-video-preview:-1"},"canonical":"https:\/\/antderground.com\/en\/product\/cubaris-sp-cappuccino\/","og_locale":"en_US","og_type":"article","og_title":"Cubaris sp. \"Cappuccino\" - ANTDERGROUND","og_description":"Discover the exotic isopod Cubaris Cappuccino \u2615, perfect for bioactive terrariums. Easy care and unique natural design. \ud83c\udf3f","og_url":"https:\/\/antderground.com\/en\/product\/cubaris-sp-cappuccino\/","og_site_name":"ANTDERGROUND","og_image":[{"width":1600,"height":1600,"url":"https:\/\/antderground.com\/wp-content\/uploads\/2024\/11\/Cubaris-Cappuccino.jpg","type":"image\/jpeg"}],"twitter_card":"summary_large_image","twitter_misc":{"Est. reading time":"1 minute"},"schema":{"@context":"https:\/\/schema.org","@graph":[{"@type":"WebPage","@id":"https:\/\/antderground.com\/en\/product\/cubaris-sp-cappuccino\/","url":"https:\/\/antderground.com\/en\/product\/cubaris-sp-cappuccino\/","name":"Cubaris sp. \"Cappuccino\" - ANTDERGROUND","isPartOf":{"@id":"https:\/\/antderground.com\/en\/#website"},"primaryImageOfPage":{"@id":"https:\/\/antderground.com\/en\/product\/cubaris-sp-cappuccino\/#primaryimage"},"image":{"@id":"https:\/\/antderground.com\/en\/product\/cubaris-sp-cappuccino\/#primaryimage"},"thumbnailUrl":"https:\/\/antderground.com\/wp-content\/uploads\/2024\/11\/Cubaris-Cappuccino.jpg","datePublished":"2024-11-29T19:37:57+00:00","description":"Discover the exotic isopod Cubaris Cappuccino \u2615, perfect for bioactive terrariums. Easy care and unique natural design. \ud83c\udf3f","breadcrumb":{"@id":"https:\/\/antderground.com\/en\/product\/cubaris-sp-cappuccino\/#breadcrumb"},"inLanguage":"en-US","potentialAction":[{"@type":"ReadAction","target":["https:\/\/antderground.com\/en\/product\/cubaris-sp-cappuccino\/"]}]},{"@type":"ImageObject","inLanguage":"en-US","@id":"https:\/\/antderground.com\/en\/product\/cubaris-sp-cappuccino\/#primaryimage","url":"https:\/\/antderground.com\/wp-content\/uploads\/2024\/11\/Cubaris-Cappuccino.jpg","contentUrl":"https:\/\/antderground.com\/wp-content\/uploads\/2024\/11\/Cubaris-Cappuccino.jpg","width":1600,"height":1600,"caption":"Cubaris Cappuccino"},{"@type":"BreadcrumbList","@id":"https:\/\/antderground.com\/en\/product\/cubaris-sp-cappuccino\/#breadcrumb","itemListElement":[{"@type":"ListItem","position":1,"name":"Portada","item":"https:\/\/antderground.com\/en\/"},{"@type":"ListItem","position":2,"name":"Products","item":"https:\/\/antderground.com\/en\/myrmecology-store\/"},{"@type":"ListItem","position":3,"name":"Cubaris sp. &#8220;Cappuccino&#8221;"}]},{"@type":"WebSite","@id":"https:\/\/antderground.com\/en\/#website","url":"https:\/\/antderground.com\/en\/","name":"ANTDERGROUND","description":"Tu tienda de hormigas, gran variedad de hormigueros acr\u00edlicos,madera,arena,3D y mas.. Pide tus hormigas gratis con tu pedido, somos expertos en hormigueros antifugas.","publisher":{"@id":"https:\/\/antderground.com\/en\/#\/schema\/person\/0e322c505e84fe72c65e2f6d08f96b81"},"alternateName":"Antderground","potentialAction":[{"@type":"SearchAction","target":{"@type":"EntryPoint","urlTemplate":"https:\/\/antderground.com\/en\/?s={search_term_string}"},"query-input":{"@type":"PropertyValueSpecification","valueRequired":true,"valueName":"search_term_string"}}],"inLanguage":"en-US"},{"@type":["Person","Organization"],"@id":"https:\/\/antderground.com\/en\/#\/schema\/person\/0e322c505e84fe72c65e2f6d08f96b81","name":"Eric de Antderground","image":{"@type":"ImageObject","inLanguage":"en-US","@id":"https:\/\/secure.gravatar.com\/avatar\/c49a1b9f79216d1498cb73c1e85cd47f4465dda35f2a94c03790d491bd4423c3?s=96&d=mm&r=g","url":"https:\/\/secure.gravatar.com\/avatar\/c49a1b9f79216d1498cb73c1e85cd47f4465dda35f2a94c03790d491bd4423c3?s=96&d=mm&r=g","contentUrl":"https:\/\/secure.gravatar.com\/avatar\/c49a1b9f79216d1498cb73c1e85cd47f4465dda35f2a94c03790d491bd4423c3?s=96&d=mm&r=g","caption":"Eric de Antderground"},"logo":{"@id":"https:\/\/secure.gravatar.com\/avatar\/c49a1b9f79216d1498cb73c1e85cd47f4465dda35f2a94c03790d491bd4423c3?s=96&d=mm&r=g"},"description":"Eric es el especialista y fundador de Antderground, con una amplia trayectoria en artr\u00f3podos y enfocado en la mirmecolog\u00eda y el dise\u00f1o de hormigueros artificiales. Su enfoque combina la innovaci\u00f3n t\u00e9cnica con el respeto por la biolog\u00eda de las hormigas, is\u00f3podos y otros, desarrollando sistemas de nidos modulares 3D y acr\u00edlicos que son referentes para aficionados y profesionales en toda Europa. Su objetivo es facilitar la cr\u00eda de hormigas y otros artr\u00f3podos mediante soluciones seguras y divulgaci\u00f3n de calidad.","sameAs":["https:\/\/antderground.com\/","https:\/\/www.youtube.com\/channel\/UCio72z7TlbufkAthAJIJfPw"]}]}},"_links":{"self":[{"href":"https:\/\/antderground.com\/en\/wp-json\/wp\/v2\/product\/40148","targetHints":{"allow":["GET"]}}],"collection":[{"href":"https:\/\/antderground.com\/en\/wp-json\/wp\/v2\/product"}],"about":[{"href":"https:\/\/antderground.com\/en\/wp-json\/wp\/v2\/types\/product"}],"version-history":[{"count":0,"href":"https:\/\/antderground.com\/en\/wp-json\/wp\/v2\/product\/40148\/revisions"}],"wp:featuredmedia":[{"embeddable":true,"href":"https:\/\/antderground.com\/en\/wp-json\/wp\/v2\/media\/38325"}],"wp:attachment":[{"href":"https:\/\/antderground.com\/en\/wp-json\/wp\/v2\/media?parent=40148"}],"wp:term":[{"taxonomy":"product_brand","embeddable":true,"href":"https:\/\/antderground.com\/en\/wp-json\/wp\/v2\/product_brand?post=40148"},{"taxonomy":"product_cat","embeddable":true,"href":"https:\/\/antderground.com\/en\/wp-json\/wp\/v2\/product_cat?post=40148"},{"taxonomy":"product_tag","embeddable":true,"href":"https:\/\/antderground.com\/en\/wp-json\/wp\/v2\/product_tag?post=40148"}],"curies":[{"name":"wp","href":"https:\/\/api.w.org\/{rel}","templated":true}]}}