{"id":40171,"date":"2024-11-22T11:03:13","date_gmt":"2024-11-22T10:03:13","guid":{"rendered":"https:\/\/www.antderground.com\/producto\/cockroach-food\/"},"modified":"2024-11-22T11:03:13","modified_gmt":"2024-11-22T10:03:13","slug":"cockroach-food","status":"publish","type":"product","link":"https:\/\/antderground.com\/en\/product\/cockroach-food\/","title":{"rendered":"Cockroach Food"},"content":{"rendered":"<h3 data-start=\"0\" data-end=\"32\"><strong data-start=\"4\" data-end=\"30\">Premium Cockroach Food<\/strong><\/h3>\n<p data-start=\"33\" data-end=\"93\"><strong data-start=\"33\" data-end=\"91\">Ideal for breeding and maintaining healthy cockroaches<\/strong><\/p>\n<p data-start=\"95\" data-end=\"409\">This specialized food is formulated with a base of enriched cereals and natural calcium, ensuring a balanced diet for optimal growth, reproduction, and development of cockroaches. Thanks to its formula, it is suitable for both amateur and professional breeders looking for superior performance in their colonies.<\/p>\n<h4 data-start=\"411\" data-end=\"436\"><strong data-start=\"416\" data-end=\"434\">Main Benefits:<\/strong><\/h4>\n<ul data-start=\"437\" data-end=\"953\">\n<li data-start=\"437\" data-end=\"537\"><strong data-start=\"439\" data-end=\"460\">Balanced formula:<\/strong> Provides all essential nutrients to promote healthy growth of cockroaches.<\/li>\n<li data-start=\"538\" data-end=\"641\"><strong data-start=\"540\" data-end=\"574\">Enriched with natural calcium:<\/strong> Ideal for strengthening exoskeletons and promoting reproduction.<\/li>\n<li data-start=\"642\" data-end=\"723\"><strong data-start=\"644\" data-end=\"660\">Easy to use:<\/strong> Its granular form ensures simple feeding with minimal waste.<\/li>\n<li data-start=\"724\" data-end=\"823\"><strong data-start=\"726\" data-end=\"750\">Boosts productivity:<\/strong> Improves reproduction rates and overall well-being of the cockroaches.<\/li>\n<li data-start=\"824\" data-end=\"953\"><strong data-start=\"826\" data-end=\"864\">Compatible with different species:<\/strong> Ideal for Dubia, Blaptica, Lateralis, and other cockroaches used in breeding programs.<\/li>\n<\/ul>\n<h4 data-start=\"955\" data-end=\"988\"><strong data-start=\"960\" data-end=\"986\">Usage Recommendations:<\/strong><\/h4>\n<p data-start=\"989\" data-end=\"1149\">Place a small amount in the feeding area and replace regularly to keep it fresh. Complement with fruits and vegetables to diversify the diet of your colonies.<\/p>\n<p data-start=\"1151\" data-end=\"1264\" data-is-last-node=\"\"><strong data-start=\"1151\" data-end=\"1264\" data-is-last-node=\"\">This food is designed exclusively for cockroaches and is not suitable for human consumption or other animals.<\/strong><\/p>\n","protected":false},"excerpt":{"rendered":"<p>Give your cockroaches the best to grow strong and healthy! \ud83c\udf1f Our food with cereals and natural calcium is just what you need to keep your colonies at their full potential. \ud83e\udd97 Take care of what you breed, success is in your hands! \ud83d\udcaa<\/p>\n","protected":false},"featured_media":38148,"template":"","meta":[],"product_brand":[],"product_cat":[201,670],"product_tag":[],"class_list":{"0":"post-40171","1":"product","2":"type-product","3":"status-publish","4":"has-post-thumbnail","6":"product_cat-food-for-ants","7":"product_cat-dry-food-seeds-and-grains","9":"first","10":"instock","11":"shipping-taxable","12":"purchasable","13":"product-type-variable"},"yoast_head":"<!-- This site is optimized with the Yoast SEO plugin v27.4 - https:\/\/yoast.com\/product\/yoast-seo-wordpress\/ -->\n<title>Cockroach Food - ANTDERGROUND<\/title>\n<meta name=\"description\" content=\"Premium food for cockroaches \ud83e\udd97 based on cereals and natural calcium. Ideal for breeders looking for healthy and productive colonies. \ud83c\udf1f\" \/>\n<meta name=\"robots\" content=\"index, follow, max-snippet:-1, max-image-preview:large, max-video-preview:-1\" \/>\n<link rel=\"canonical\" href=\"https:\/\/antderground.com\/en\/product\/cockroach-food\/\" \/>\n<meta property=\"og:locale\" content=\"en_US\" \/>\n<meta property=\"og:type\" content=\"article\" \/>\n<meta property=\"og:title\" content=\"Cockroach Food - ANTDERGROUND\" \/>\n<meta property=\"og:description\" content=\"Premium food for cockroaches \ud83e\udd97 based on cereals and natural calcium. Ideal for breeders looking for healthy and productive colonies. \ud83c\udf1f\" \/>\n<meta property=\"og:url\" content=\"https:\/\/antderground.com\/en\/product\/cockroach-food\/\" \/>\n<meta property=\"og:site_name\" content=\"ANTDERGROUND\" \/>\n<meta property=\"og:image\" content=\"https:\/\/antderground.com\/wp-content\/uploads\/2024\/11\/alimento-para-cucarachas.jpeg\" \/>\n\t<meta property=\"og:image:width\" content=\"1600\" \/>\n\t<meta property=\"og:image:height\" content=\"1600\" \/>\n\t<meta property=\"og:image:type\" content=\"image\/jpeg\" \/>\n<meta name=\"twitter:card\" content=\"summary_large_image\" \/>\n<meta name=\"twitter:label1\" content=\"Est. reading time\" \/>\n\t<meta name=\"twitter:data1\" content=\"1 minute\" \/>\n<script type=\"application\/ld+json\" class=\"yoast-schema-graph\">{\"@context\":\"https:\\\/\\\/schema.org\",\"@graph\":[{\"@type\":\"WebPage\",\"@id\":\"https:\\\/\\\/antderground.com\\\/en\\\/product\\\/cockroach-food\\\/\",\"url\":\"https:\\\/\\\/antderground.com\\\/en\\\/product\\\/cockroach-food\\\/\",\"name\":\"Cockroach Food - ANTDERGROUND\",\"isPartOf\":{\"@id\":\"https:\\\/\\\/antderground.com\\\/en\\\/#website\"},\"primaryImageOfPage\":{\"@id\":\"https:\\\/\\\/antderground.com\\\/en\\\/product\\\/cockroach-food\\\/#primaryimage\"},\"image\":{\"@id\":\"https:\\\/\\\/antderground.com\\\/en\\\/product\\\/cockroach-food\\\/#primaryimage\"},\"thumbnailUrl\":\"https:\\\/\\\/antderground.com\\\/wp-content\\\/uploads\\\/2024\\\/11\\\/alimento-para-cucarachas.jpeg\",\"datePublished\":\"2024-11-22T10:03:13+00:00\",\"description\":\"Premium food for cockroaches \ud83e\udd97 based on cereals and natural calcium. Ideal for breeders looking for healthy and productive colonies. \ud83c\udf1f\",\"breadcrumb\":{\"@id\":\"https:\\\/\\\/antderground.com\\\/en\\\/product\\\/cockroach-food\\\/#breadcrumb\"},\"inLanguage\":\"en-US\",\"potentialAction\":[{\"@type\":\"ReadAction\",\"target\":[\"https:\\\/\\\/antderground.com\\\/en\\\/product\\\/cockroach-food\\\/\"]}]},{\"@type\":\"ImageObject\",\"inLanguage\":\"en-US\",\"@id\":\"https:\\\/\\\/antderground.com\\\/en\\\/product\\\/cockroach-food\\\/#primaryimage\",\"url\":\"https:\\\/\\\/antderground.com\\\/wp-content\\\/uploads\\\/2024\\\/11\\\/alimento-para-cucarachas.jpeg\",\"contentUrl\":\"https:\\\/\\\/antderground.com\\\/wp-content\\\/uploads\\\/2024\\\/11\\\/alimento-para-cucarachas.jpeg\",\"width\":1600,\"height\":1600,\"caption\":\"Cockroach Food\"},{\"@type\":\"BreadcrumbList\",\"@id\":\"https:\\\/\\\/antderground.com\\\/en\\\/product\\\/cockroach-food\\\/#breadcrumb\",\"itemListElement\":[{\"@type\":\"ListItem\",\"position\":1,\"name\":\"Portada\",\"item\":\"https:\\\/\\\/antderground.com\\\/en\\\/\"},{\"@type\":\"ListItem\",\"position\":2,\"name\":\"Products\",\"item\":\"https:\\\/\\\/antderground.com\\\/en\\\/myrmecology-store\\\/\"},{\"@type\":\"ListItem\",\"position\":3,\"name\":\"Cockroach Food\"}]},{\"@type\":\"WebSite\",\"@id\":\"https:\\\/\\\/antderground.com\\\/en\\\/#website\",\"url\":\"https:\\\/\\\/antderground.com\\\/en\\\/\",\"name\":\"ANTDERGROUND\",\"description\":\"Tu tienda de hormigas, gran variedad de hormigueros acr\u00edlicos,madera,arena,3D y mas.. Pide tus hormigas gratis con tu pedido, somos expertos en hormigueros antifugas.\",\"publisher\":{\"@id\":\"https:\\\/\\\/antderground.com\\\/en\\\/#\\\/schema\\\/person\\\/0e322c505e84fe72c65e2f6d08f96b81\"},\"alternateName\":\"Antderground\",\"potentialAction\":[{\"@type\":\"SearchAction\",\"target\":{\"@type\":\"EntryPoint\",\"urlTemplate\":\"https:\\\/\\\/antderground.com\\\/en\\\/?s={search_term_string}\"},\"query-input\":{\"@type\":\"PropertyValueSpecification\",\"valueRequired\":true,\"valueName\":\"search_term_string\"}}],\"inLanguage\":\"en-US\"},{\"@type\":[\"Person\",\"Organization\"],\"@id\":\"https:\\\/\\\/antderground.com\\\/en\\\/#\\\/schema\\\/person\\\/0e322c505e84fe72c65e2f6d08f96b81\",\"name\":\"Eric de Antderground\",\"image\":{\"@type\":\"ImageObject\",\"inLanguage\":\"en-US\",\"@id\":\"https:\\\/\\\/secure.gravatar.com\\\/avatar\\\/c49a1b9f79216d1498cb73c1e85cd47f4465dda35f2a94c03790d491bd4423c3?s=96&d=mm&r=g\",\"url\":\"https:\\\/\\\/secure.gravatar.com\\\/avatar\\\/c49a1b9f79216d1498cb73c1e85cd47f4465dda35f2a94c03790d491bd4423c3?s=96&d=mm&r=g\",\"contentUrl\":\"https:\\\/\\\/secure.gravatar.com\\\/avatar\\\/c49a1b9f79216d1498cb73c1e85cd47f4465dda35f2a94c03790d491bd4423c3?s=96&d=mm&r=g\",\"caption\":\"Eric de Antderground\"},\"logo\":{\"@id\":\"https:\\\/\\\/secure.gravatar.com\\\/avatar\\\/c49a1b9f79216d1498cb73c1e85cd47f4465dda35f2a94c03790d491bd4423c3?s=96&d=mm&r=g\"},\"description\":\"Eric es el especialista y fundador de Antderground, con una amplia trayectoria en artr\u00f3podos y enfocado en la mirmecolog\u00eda y el dise\u00f1o de hormigueros artificiales. Su enfoque combina la innovaci\u00f3n t\u00e9cnica con el respeto por la biolog\u00eda de las hormigas, is\u00f3podos y otros, desarrollando sistemas de nidos modulares 3D y acr\u00edlicos que son referentes para aficionados y profesionales en toda Europa. Su objetivo es facilitar la cr\u00eda de hormigas y otros artr\u00f3podos mediante soluciones seguras y divulgaci\u00f3n de calidad.\",\"sameAs\":[\"https:\\\/\\\/antderground.com\\\/\",\"https:\\\/\\\/www.youtube.com\\\/channel\\\/UCio72z7TlbufkAthAJIJfPw\"]}]}<\/script>\n<!-- \/ Yoast SEO plugin. -->","yoast_head_json":{"title":"Cockroach Food - ANTDERGROUND","description":"Premium food for cockroaches \ud83e\udd97 based on cereals and natural calcium. Ideal for breeders looking for healthy and productive colonies. \ud83c\udf1f","robots":{"index":"index","follow":"follow","max-snippet":"max-snippet:-1","max-image-preview":"max-image-preview:large","max-video-preview":"max-video-preview:-1"},"canonical":"https:\/\/antderground.com\/en\/product\/cockroach-food\/","og_locale":"en_US","og_type":"article","og_title":"Cockroach Food - ANTDERGROUND","og_description":"Premium food for cockroaches \ud83e\udd97 based on cereals and natural calcium. Ideal for breeders looking for healthy and productive colonies. \ud83c\udf1f","og_url":"https:\/\/antderground.com\/en\/product\/cockroach-food\/","og_site_name":"ANTDERGROUND","og_image":[{"width":1600,"height":1600,"url":"https:\/\/antderground.com\/wp-content\/uploads\/2024\/11\/alimento-para-cucarachas.jpeg","type":"image\/jpeg"}],"twitter_card":"summary_large_image","twitter_misc":{"Est. reading time":"1 minute"},"schema":{"@context":"https:\/\/schema.org","@graph":[{"@type":"WebPage","@id":"https:\/\/antderground.com\/en\/product\/cockroach-food\/","url":"https:\/\/antderground.com\/en\/product\/cockroach-food\/","name":"Cockroach Food - ANTDERGROUND","isPartOf":{"@id":"https:\/\/antderground.com\/en\/#website"},"primaryImageOfPage":{"@id":"https:\/\/antderground.com\/en\/product\/cockroach-food\/#primaryimage"},"image":{"@id":"https:\/\/antderground.com\/en\/product\/cockroach-food\/#primaryimage"},"thumbnailUrl":"https:\/\/antderground.com\/wp-content\/uploads\/2024\/11\/alimento-para-cucarachas.jpeg","datePublished":"2024-11-22T10:03:13+00:00","description":"Premium food for cockroaches \ud83e\udd97 based on cereals and natural calcium. Ideal for breeders looking for healthy and productive colonies. \ud83c\udf1f","breadcrumb":{"@id":"https:\/\/antderground.com\/en\/product\/cockroach-food\/#breadcrumb"},"inLanguage":"en-US","potentialAction":[{"@type":"ReadAction","target":["https:\/\/antderground.com\/en\/product\/cockroach-food\/"]}]},{"@type":"ImageObject","inLanguage":"en-US","@id":"https:\/\/antderground.com\/en\/product\/cockroach-food\/#primaryimage","url":"https:\/\/antderground.com\/wp-content\/uploads\/2024\/11\/alimento-para-cucarachas.jpeg","contentUrl":"https:\/\/antderground.com\/wp-content\/uploads\/2024\/11\/alimento-para-cucarachas.jpeg","width":1600,"height":1600,"caption":"Cockroach Food"},{"@type":"BreadcrumbList","@id":"https:\/\/antderground.com\/en\/product\/cockroach-food\/#breadcrumb","itemListElement":[{"@type":"ListItem","position":1,"name":"Portada","item":"https:\/\/antderground.com\/en\/"},{"@type":"ListItem","position":2,"name":"Products","item":"https:\/\/antderground.com\/en\/myrmecology-store\/"},{"@type":"ListItem","position":3,"name":"Cockroach Food"}]},{"@type":"WebSite","@id":"https:\/\/antderground.com\/en\/#website","url":"https:\/\/antderground.com\/en\/","name":"ANTDERGROUND","description":"Tu tienda de hormigas, gran variedad de hormigueros acr\u00edlicos,madera,arena,3D y mas.. Pide tus hormigas gratis con tu pedido, somos expertos en hormigueros antifugas.","publisher":{"@id":"https:\/\/antderground.com\/en\/#\/schema\/person\/0e322c505e84fe72c65e2f6d08f96b81"},"alternateName":"Antderground","potentialAction":[{"@type":"SearchAction","target":{"@type":"EntryPoint","urlTemplate":"https:\/\/antderground.com\/en\/?s={search_term_string}"},"query-input":{"@type":"PropertyValueSpecification","valueRequired":true,"valueName":"search_term_string"}}],"inLanguage":"en-US"},{"@type":["Person","Organization"],"@id":"https:\/\/antderground.com\/en\/#\/schema\/person\/0e322c505e84fe72c65e2f6d08f96b81","name":"Eric de Antderground","image":{"@type":"ImageObject","inLanguage":"en-US","@id":"https:\/\/secure.gravatar.com\/avatar\/c49a1b9f79216d1498cb73c1e85cd47f4465dda35f2a94c03790d491bd4423c3?s=96&d=mm&r=g","url":"https:\/\/secure.gravatar.com\/avatar\/c49a1b9f79216d1498cb73c1e85cd47f4465dda35f2a94c03790d491bd4423c3?s=96&d=mm&r=g","contentUrl":"https:\/\/secure.gravatar.com\/avatar\/c49a1b9f79216d1498cb73c1e85cd47f4465dda35f2a94c03790d491bd4423c3?s=96&d=mm&r=g","caption":"Eric de Antderground"},"logo":{"@id":"https:\/\/secure.gravatar.com\/avatar\/c49a1b9f79216d1498cb73c1e85cd47f4465dda35f2a94c03790d491bd4423c3?s=96&d=mm&r=g"},"description":"Eric es el especialista y fundador de Antderground, con una amplia trayectoria en artr\u00f3podos y enfocado en la mirmecolog\u00eda y el dise\u00f1o de hormigueros artificiales. Su enfoque combina la innovaci\u00f3n t\u00e9cnica con el respeto por la biolog\u00eda de las hormigas, is\u00f3podos y otros, desarrollando sistemas de nidos modulares 3D y acr\u00edlicos que son referentes para aficionados y profesionales en toda Europa. Su objetivo es facilitar la cr\u00eda de hormigas y otros artr\u00f3podos mediante soluciones seguras y divulgaci\u00f3n de calidad.","sameAs":["https:\/\/antderground.com\/","https:\/\/www.youtube.com\/channel\/UCio72z7TlbufkAthAJIJfPw"]}]}},"_links":{"self":[{"href":"https:\/\/antderground.com\/en\/wp-json\/wp\/v2\/product\/40171","targetHints":{"allow":["GET"]}}],"collection":[{"href":"https:\/\/antderground.com\/en\/wp-json\/wp\/v2\/product"}],"about":[{"href":"https:\/\/antderground.com\/en\/wp-json\/wp\/v2\/types\/product"}],"version-history":[{"count":0,"href":"https:\/\/antderground.com\/en\/wp-json\/wp\/v2\/product\/40171\/revisions"}],"wp:featuredmedia":[{"embeddable":true,"href":"https:\/\/antderground.com\/en\/wp-json\/wp\/v2\/media\/38148"}],"wp:attachment":[{"href":"https:\/\/antderground.com\/en\/wp-json\/wp\/v2\/media?parent=40171"}],"wp:term":[{"taxonomy":"product_brand","embeddable":true,"href":"https:\/\/antderground.com\/en\/wp-json\/wp\/v2\/product_brand?post=40171"},{"taxonomy":"product_cat","embeddable":true,"href":"https:\/\/antderground.com\/en\/wp-json\/wp\/v2\/product_cat?post=40171"},{"taxonomy":"product_tag","embeddable":true,"href":"https:\/\/antderground.com\/en\/wp-json\/wp\/v2\/product_tag?post=40171"}],"curies":[{"name":"wp","href":"https:\/\/api.w.org\/{rel}","templated":true}]}}