{"id":40204,"date":"2025-02-14T11:21:41","date_gmt":"2025-02-14T10:21:41","guid":{"rendered":"https:\/\/www.antderground.com\/producto\/davus-pentaloris\/"},"modified":"2025-02-14T11:21:41","modified_gmt":"2025-02-14T10:21:41","slug":"davus-pentaloris","status":"publish","type":"product","link":"https:\/\/antderground.com\/en\/product\/davus-pentaloris\/","title":{"rendered":"Davus pentaloris"},"content":{"rendered":"<p data-pm-slice=\"1 1 []\"><strong>Technical Sheet: Davus pentaloris Tarantula<\/strong><\/p>\n<p><strong>Scientific Name:<\/strong> Davus pentaloris<br \/>\n<strong>Common Name:<\/strong> Guatemalan Tiger Rump Tarantula<br \/>\n<strong>Family:<\/strong> Theraphosidae<br \/>\n<strong>Distribution:<\/strong> Guatemala and southern Mexico<\/p>\n<h3>Description:<\/h3>\n<p>Davus pentaloris is a medium-sized tarantula known for its striking coloration. It has a dark body with orange and black striped legs, giving it a distinctive appearance. Its carapace usually has a brown hue with golden reflections.<\/p>\n<h3>Size:<\/h3>\n<ul data-spread=\"false\">\n<li>Males: Up to 10 cm in leg span.<\/li>\n<li>Females: Up to 12 cm in leg span.<\/li>\n<\/ul>\n<h3>Lifespan:<\/h3>\n<ul data-spread=\"false\">\n<li>Males: 3-4 years.<\/li>\n<li>Females: 10-12 years.<\/li>\n<\/ul>\n<h3>Behavior:<\/h3>\n<ul data-spread=\"false\">\n<li>Moderately defensive but more likely to flee than attack.<\/li>\n<li>Can use urticating hairs as a defense mechanism.<\/li>\n<li>Semi-fossorial, meaning it enjoys digging and creating burrows.<\/li>\n<\/ul>\n<h3>Care Requirements:<\/h3>\n<p><strong>Terrarium:<\/strong><\/p>\n<ul data-spread=\"false\">\n<li>Minimum dimensions: 30x30x30 cm.<\/li>\n<li>Substrate: Peat, coconut fiber, or moss with at least 5-10 cm depth to allow burrowing.<\/li>\n<li>Humidity: 65-75%.<\/li>\n<li>Temperature: 22-26\u00baC.<\/li>\n<li>Proper ventilation to prevent mold growth.<\/li>\n<\/ul>\n<h3>Diet:<\/h3>\n<ul data-spread=\"false\">\n<li>Insectivorous: Crickets, roaches, locusts, and mealworms.<\/li>\n<li>Feeding is recommended 1-2 times per week, depending on the specimen\u2019s size and age.<\/li>\n<\/ul>\n<h3>Reproduction:<\/h3>\n<ul data-spread=\"false\">\n<li>Males should be introduced into the female\u2019s enclosure with caution.<\/li>\n<li>After mating, the female may produce an egg sac containing between 100 and 200 eggs.<\/li>\n<li>The eggs hatch in about 6-8 weeks.<\/li>\n<\/ul>\n<h3>Precautions:<\/h3>\n<ul data-spread=\"false\">\n<li>Keep in a safe and stable environment to prevent escapes.<\/li>\n<\/ul>\n<p>Davus pentaloris is an excellent species for beginners and advanced enthusiasts due to its beauty and easy maintenance.<\/p>\n","protected":false},"excerpt":{"rendered":"<p>Discover the <em data-start=\"46\" data-end=\"64\">Davus pentaloris<\/em>! \ud83d\udd77\ufe0f A stunning tarantula with vibrant orange and black stripes, perfect for enthusiasts. Easy to care for, semi-fossorial, and moderately defensive. A great addition to any collection! \ud83c\udf3f\ud83d\udd25 #Tarantulas #ExoticPets<\/p>\n","protected":false},"featured_media":40193,"template":"","meta":[],"product_brand":[],"product_cat":[479,584],"product_tag":[],"class_list":{"0":"post-40204","1":"product","2":"type-product","3":"status-publish","4":"has-post-thumbnail","6":"product_cat-arthropods","7":"product_cat-tarantula","9":"first","10":"outofstock","11":"sale","12":"shipping-taxable","13":"purchasable","14":"product-type-variable"},"yoast_head":"<!-- This site is optimized with the Yoast SEO plugin v27.4 - https:\/\/yoast.com\/product\/yoast-seo-wordpress\/ -->\n<title>Davus pentaloris | Exotic tarantulas - ANTDERGROUND<\/title>\n<meta name=\"description\" content=\"Get the Davus pentaloris \ud83d\udd77\ufe0f, an exotic tarantula with striking colors and easy care. Perfect for enthusiasts! \ud83c\udf3f\u2728\" \/>\n<meta name=\"robots\" content=\"index, follow, max-snippet:-1, max-image-preview:large, max-video-preview:-1\" \/>\n<link rel=\"canonical\" href=\"https:\/\/antderground.com\/en\/product\/davus-pentaloris\/\" \/>\n<meta property=\"og:locale\" content=\"en_US\" \/>\n<meta property=\"og:type\" content=\"article\" \/>\n<meta property=\"og:title\" content=\"Davus pentaloris | Exotic tarantulas - ANTDERGROUND\" \/>\n<meta property=\"og:description\" content=\"Get the Davus pentaloris \ud83d\udd77\ufe0f, an exotic tarantula with striking colors and easy care. Perfect for enthusiasts! \ud83c\udf3f\u2728\" \/>\n<meta property=\"og:url\" content=\"https:\/\/antderground.com\/en\/product\/davus-pentaloris\/\" \/>\n<meta property=\"og:site_name\" content=\"ANTDERGROUND\" \/>\n<meta property=\"og:image\" content=\"https:\/\/antderground.com\/wp-content\/uploads\/2025\/02\/davus-pentaloris.jpeg\" \/>\n\t<meta property=\"og:image:width\" content=\"1600\" \/>\n\t<meta property=\"og:image:height\" content=\"1600\" \/>\n\t<meta property=\"og:image:type\" content=\"image\/jpeg\" \/>\n<meta name=\"twitter:card\" content=\"summary_large_image\" \/>\n<meta name=\"twitter:label1\" content=\"Est. reading time\" \/>\n\t<meta name=\"twitter:data1\" content=\"1 minute\" \/>\n<script type=\"application\/ld+json\" class=\"yoast-schema-graph\">{\"@context\":\"https:\\\/\\\/schema.org\",\"@graph\":[{\"@type\":\"WebPage\",\"@id\":\"https:\\\/\\\/antderground.com\\\/en\\\/product\\\/davus-pentaloris\\\/\",\"url\":\"https:\\\/\\\/antderground.com\\\/en\\\/product\\\/davus-pentaloris\\\/\",\"name\":\"Davus pentaloris | Exotic tarantulas - ANTDERGROUND\",\"isPartOf\":{\"@id\":\"https:\\\/\\\/antderground.com\\\/en\\\/#website\"},\"primaryImageOfPage\":{\"@id\":\"https:\\\/\\\/antderground.com\\\/en\\\/product\\\/davus-pentaloris\\\/#primaryimage\"},\"image\":{\"@id\":\"https:\\\/\\\/antderground.com\\\/en\\\/product\\\/davus-pentaloris\\\/#primaryimage\"},\"thumbnailUrl\":\"https:\\\/\\\/antderground.com\\\/wp-content\\\/uploads\\\/2025\\\/02\\\/davus-pentaloris.jpeg\",\"datePublished\":\"2025-02-14T10:21:41+00:00\",\"description\":\"Get the Davus pentaloris \ud83d\udd77\ufe0f, an exotic tarantula with striking colors and easy care. Perfect for enthusiasts! \ud83c\udf3f\u2728\",\"breadcrumb\":{\"@id\":\"https:\\\/\\\/antderground.com\\\/en\\\/product\\\/davus-pentaloris\\\/#breadcrumb\"},\"inLanguage\":\"en-US\",\"potentialAction\":[{\"@type\":\"ReadAction\",\"target\":[\"https:\\\/\\\/antderground.com\\\/en\\\/product\\\/davus-pentaloris\\\/\"]}]},{\"@type\":\"ImageObject\",\"inLanguage\":\"en-US\",\"@id\":\"https:\\\/\\\/antderground.com\\\/en\\\/product\\\/davus-pentaloris\\\/#primaryimage\",\"url\":\"https:\\\/\\\/antderground.com\\\/wp-content\\\/uploads\\\/2025\\\/02\\\/davus-pentaloris.jpeg\",\"contentUrl\":\"https:\\\/\\\/antderground.com\\\/wp-content\\\/uploads\\\/2025\\\/02\\\/davus-pentaloris.jpeg\",\"width\":1600,\"height\":1600,\"caption\":\"davus pentaloris\"},{\"@type\":\"BreadcrumbList\",\"@id\":\"https:\\\/\\\/antderground.com\\\/en\\\/product\\\/davus-pentaloris\\\/#breadcrumb\",\"itemListElement\":[{\"@type\":\"ListItem\",\"position\":1,\"name\":\"Portada\",\"item\":\"https:\\\/\\\/antderground.com\\\/en\\\/\"},{\"@type\":\"ListItem\",\"position\":2,\"name\":\"Products\",\"item\":\"https:\\\/\\\/antderground.com\\\/en\\\/myrmecology-store\\\/\"},{\"@type\":\"ListItem\",\"position\":3,\"name\":\"Davus pentaloris\"}]},{\"@type\":\"WebSite\",\"@id\":\"https:\\\/\\\/antderground.com\\\/en\\\/#website\",\"url\":\"https:\\\/\\\/antderground.com\\\/en\\\/\",\"name\":\"ANTDERGROUND\",\"description\":\"Tu tienda de hormigas, gran variedad de hormigueros acr\u00edlicos,madera,arena,3D y mas.. Pide tus hormigas gratis con tu pedido, somos expertos en hormigueros antifugas.\",\"publisher\":{\"@id\":\"https:\\\/\\\/antderground.com\\\/en\\\/#\\\/schema\\\/person\\\/0e322c505e84fe72c65e2f6d08f96b81\"},\"alternateName\":\"Antderground\",\"potentialAction\":[{\"@type\":\"SearchAction\",\"target\":{\"@type\":\"EntryPoint\",\"urlTemplate\":\"https:\\\/\\\/antderground.com\\\/en\\\/?s={search_term_string}\"},\"query-input\":{\"@type\":\"PropertyValueSpecification\",\"valueRequired\":true,\"valueName\":\"search_term_string\"}}],\"inLanguage\":\"en-US\"},{\"@type\":[\"Person\",\"Organization\"],\"@id\":\"https:\\\/\\\/antderground.com\\\/en\\\/#\\\/schema\\\/person\\\/0e322c505e84fe72c65e2f6d08f96b81\",\"name\":\"Eric de Antderground\",\"image\":{\"@type\":\"ImageObject\",\"inLanguage\":\"en-US\",\"@id\":\"https:\\\/\\\/secure.gravatar.com\\\/avatar\\\/c49a1b9f79216d1498cb73c1e85cd47f4465dda35f2a94c03790d491bd4423c3?s=96&d=mm&r=g\",\"url\":\"https:\\\/\\\/secure.gravatar.com\\\/avatar\\\/c49a1b9f79216d1498cb73c1e85cd47f4465dda35f2a94c03790d491bd4423c3?s=96&d=mm&r=g\",\"contentUrl\":\"https:\\\/\\\/secure.gravatar.com\\\/avatar\\\/c49a1b9f79216d1498cb73c1e85cd47f4465dda35f2a94c03790d491bd4423c3?s=96&d=mm&r=g\",\"caption\":\"Eric de Antderground\"},\"logo\":{\"@id\":\"https:\\\/\\\/secure.gravatar.com\\\/avatar\\\/c49a1b9f79216d1498cb73c1e85cd47f4465dda35f2a94c03790d491bd4423c3?s=96&d=mm&r=g\"},\"description\":\"Eric es el especialista y fundador de Antderground, con una amplia trayectoria en artr\u00f3podos y enfocado en la mirmecolog\u00eda y el dise\u00f1o de hormigueros artificiales. Su enfoque combina la innovaci\u00f3n t\u00e9cnica con el respeto por la biolog\u00eda de las hormigas, is\u00f3podos y otros, desarrollando sistemas de nidos modulares 3D y acr\u00edlicos que son referentes para aficionados y profesionales en toda Europa. Su objetivo es facilitar la cr\u00eda de hormigas y otros artr\u00f3podos mediante soluciones seguras y divulgaci\u00f3n de calidad.\",\"sameAs\":[\"https:\\\/\\\/antderground.com\\\/\",\"https:\\\/\\\/www.youtube.com\\\/channel\\\/UCio72z7TlbufkAthAJIJfPw\"]}]}<\/script>\n<!-- \/ Yoast SEO plugin. -->","yoast_head_json":{"title":"Davus pentaloris | Exotic tarantulas - ANTDERGROUND","description":"Get the Davus pentaloris \ud83d\udd77\ufe0f, an exotic tarantula with striking colors and easy care. Perfect for enthusiasts! \ud83c\udf3f\u2728","robots":{"index":"index","follow":"follow","max-snippet":"max-snippet:-1","max-image-preview":"max-image-preview:large","max-video-preview":"max-video-preview:-1"},"canonical":"https:\/\/antderground.com\/en\/product\/davus-pentaloris\/","og_locale":"en_US","og_type":"article","og_title":"Davus pentaloris | Exotic tarantulas - ANTDERGROUND","og_description":"Get the Davus pentaloris \ud83d\udd77\ufe0f, an exotic tarantula with striking colors and easy care. Perfect for enthusiasts! \ud83c\udf3f\u2728","og_url":"https:\/\/antderground.com\/en\/product\/davus-pentaloris\/","og_site_name":"ANTDERGROUND","og_image":[{"width":1600,"height":1600,"url":"https:\/\/antderground.com\/wp-content\/uploads\/2025\/02\/davus-pentaloris.jpeg","type":"image\/jpeg"}],"twitter_card":"summary_large_image","twitter_misc":{"Est. reading time":"1 minute"},"schema":{"@context":"https:\/\/schema.org","@graph":[{"@type":"WebPage","@id":"https:\/\/antderground.com\/en\/product\/davus-pentaloris\/","url":"https:\/\/antderground.com\/en\/product\/davus-pentaloris\/","name":"Davus pentaloris | Exotic tarantulas - ANTDERGROUND","isPartOf":{"@id":"https:\/\/antderground.com\/en\/#website"},"primaryImageOfPage":{"@id":"https:\/\/antderground.com\/en\/product\/davus-pentaloris\/#primaryimage"},"image":{"@id":"https:\/\/antderground.com\/en\/product\/davus-pentaloris\/#primaryimage"},"thumbnailUrl":"https:\/\/antderground.com\/wp-content\/uploads\/2025\/02\/davus-pentaloris.jpeg","datePublished":"2025-02-14T10:21:41+00:00","description":"Get the Davus pentaloris \ud83d\udd77\ufe0f, an exotic tarantula with striking colors and easy care. Perfect for enthusiasts! \ud83c\udf3f\u2728","breadcrumb":{"@id":"https:\/\/antderground.com\/en\/product\/davus-pentaloris\/#breadcrumb"},"inLanguage":"en-US","potentialAction":[{"@type":"ReadAction","target":["https:\/\/antderground.com\/en\/product\/davus-pentaloris\/"]}]},{"@type":"ImageObject","inLanguage":"en-US","@id":"https:\/\/antderground.com\/en\/product\/davus-pentaloris\/#primaryimage","url":"https:\/\/antderground.com\/wp-content\/uploads\/2025\/02\/davus-pentaloris.jpeg","contentUrl":"https:\/\/antderground.com\/wp-content\/uploads\/2025\/02\/davus-pentaloris.jpeg","width":1600,"height":1600,"caption":"davus pentaloris"},{"@type":"BreadcrumbList","@id":"https:\/\/antderground.com\/en\/product\/davus-pentaloris\/#breadcrumb","itemListElement":[{"@type":"ListItem","position":1,"name":"Portada","item":"https:\/\/antderground.com\/en\/"},{"@type":"ListItem","position":2,"name":"Products","item":"https:\/\/antderground.com\/en\/myrmecology-store\/"},{"@type":"ListItem","position":3,"name":"Davus pentaloris"}]},{"@type":"WebSite","@id":"https:\/\/antderground.com\/en\/#website","url":"https:\/\/antderground.com\/en\/","name":"ANTDERGROUND","description":"Tu tienda de hormigas, gran variedad de hormigueros acr\u00edlicos,madera,arena,3D y mas.. Pide tus hormigas gratis con tu pedido, somos expertos en hormigueros antifugas.","publisher":{"@id":"https:\/\/antderground.com\/en\/#\/schema\/person\/0e322c505e84fe72c65e2f6d08f96b81"},"alternateName":"Antderground","potentialAction":[{"@type":"SearchAction","target":{"@type":"EntryPoint","urlTemplate":"https:\/\/antderground.com\/en\/?s={search_term_string}"},"query-input":{"@type":"PropertyValueSpecification","valueRequired":true,"valueName":"search_term_string"}}],"inLanguage":"en-US"},{"@type":["Person","Organization"],"@id":"https:\/\/antderground.com\/en\/#\/schema\/person\/0e322c505e84fe72c65e2f6d08f96b81","name":"Eric de Antderground","image":{"@type":"ImageObject","inLanguage":"en-US","@id":"https:\/\/secure.gravatar.com\/avatar\/c49a1b9f79216d1498cb73c1e85cd47f4465dda35f2a94c03790d491bd4423c3?s=96&d=mm&r=g","url":"https:\/\/secure.gravatar.com\/avatar\/c49a1b9f79216d1498cb73c1e85cd47f4465dda35f2a94c03790d491bd4423c3?s=96&d=mm&r=g","contentUrl":"https:\/\/secure.gravatar.com\/avatar\/c49a1b9f79216d1498cb73c1e85cd47f4465dda35f2a94c03790d491bd4423c3?s=96&d=mm&r=g","caption":"Eric de Antderground"},"logo":{"@id":"https:\/\/secure.gravatar.com\/avatar\/c49a1b9f79216d1498cb73c1e85cd47f4465dda35f2a94c03790d491bd4423c3?s=96&d=mm&r=g"},"description":"Eric es el especialista y fundador de Antderground, con una amplia trayectoria en artr\u00f3podos y enfocado en la mirmecolog\u00eda y el dise\u00f1o de hormigueros artificiales. Su enfoque combina la innovaci\u00f3n t\u00e9cnica con el respeto por la biolog\u00eda de las hormigas, is\u00f3podos y otros, desarrollando sistemas de nidos modulares 3D y acr\u00edlicos que son referentes para aficionados y profesionales en toda Europa. Su objetivo es facilitar la cr\u00eda de hormigas y otros artr\u00f3podos mediante soluciones seguras y divulgaci\u00f3n de calidad.","sameAs":["https:\/\/antderground.com\/","https:\/\/www.youtube.com\/channel\/UCio72z7TlbufkAthAJIJfPw"]}]}},"_links":{"self":[{"href":"https:\/\/antderground.com\/en\/wp-json\/wp\/v2\/product\/40204","targetHints":{"allow":["GET"]}}],"collection":[{"href":"https:\/\/antderground.com\/en\/wp-json\/wp\/v2\/product"}],"about":[{"href":"https:\/\/antderground.com\/en\/wp-json\/wp\/v2\/types\/product"}],"version-history":[{"count":0,"href":"https:\/\/antderground.com\/en\/wp-json\/wp\/v2\/product\/40204\/revisions"}],"wp:featuredmedia":[{"embeddable":true,"href":"https:\/\/antderground.com\/en\/wp-json\/wp\/v2\/media\/40193"}],"wp:attachment":[{"href":"https:\/\/antderground.com\/en\/wp-json\/wp\/v2\/media?parent=40204"}],"wp:term":[{"taxonomy":"product_brand","embeddable":true,"href":"https:\/\/antderground.com\/en\/wp-json\/wp\/v2\/product_brand?post=40204"},{"taxonomy":"product_cat","embeddable":true,"href":"https:\/\/antderground.com\/en\/wp-json\/wp\/v2\/product_cat?post=40204"},{"taxonomy":"product_tag","embeddable":true,"href":"https:\/\/antderground.com\/en\/wp-json\/wp\/v2\/product_tag?post=40204"}],"curies":[{"name":"wp","href":"https:\/\/api.w.org\/{rel}","templated":true}]}}