{"id":40216,"date":"2024-10-25T12:07:37","date_gmt":"2024-10-25T10:07:37","guid":{"rendered":"https:\/\/www.antderground.com\/producto\/glass-jar-1-6l-with-cork-lid\/"},"modified":"2025-08-07T18:31:24","modified_gmt":"2025-08-07T16:31:24","slug":"glass-jar-1-6l-with-cork-lid","status":"publish","type":"product","link":"https:\/\/antderground.com\/en\/product\/glass-jar-1-6l-with-cork-lid\/","title":{"rendered":"Glass jar (1.6l) with cork lid"},"content":{"rendered":"<h3 data-start=\"38\" data-end=\"56\"><strong data-start=\"42\" data-end=\"54\">Overview<\/strong><\/h3>\n<p data-start=\"57\" data-end=\"245\">Introducing the glass jar with a cork lid, an elegant and practical accessory for your home. With a capacity of 1.6 liters, this jar is perfect for adding a special touch to your spaces.<\/p>\n<h3 data-start=\"247\" data-end=\"267\"><strong data-start=\"251\" data-end=\"265\">Ideal Uses<\/strong><\/h3>\n<p data-start=\"268\" data-end=\"572\">This jar is ideal for creating an eternal garden, allowing you to display plants that require minimal care. It is also perfect for an isopod terrarium, providing a suitable environment for these small creatures. Its transparent design makes whatever you place inside a striking focal point in any room.<\/p>\n<h3 data-start=\"574\" data-end=\"600\"><strong data-start=\"578\" data-end=\"598\">Product Features<\/strong><\/h3>\n<ul data-start=\"601\" data-end=\"735\">\n<li data-start=\"601\" data-end=\"622\"><strong data-start=\"603\" data-end=\"614\">Height:<\/strong> 12 cm<\/li>\n<li data-start=\"623\" data-end=\"643\"><strong data-start=\"625\" data-end=\"635\">Width:<\/strong> 16 cm<\/li>\n<li data-start=\"644\" data-end=\"672\"><strong data-start=\"646\" data-end=\"659\">Capacity:<\/strong> 1.6 liters<\/li>\n<li data-start=\"673\" data-end=\"709\"><strong data-start=\"675\" data-end=\"688\">Material:<\/strong> High-quality glass<\/li>\n<li data-start=\"710\" data-end=\"735\"><strong data-start=\"712\" data-end=\"720\">Lid:<\/strong> Cork stopper<\/li>\n<\/ul>\n<h3 data-start=\"737\" data-end=\"757\"><strong data-start=\"741\" data-end=\"755\">Advantages<\/strong><\/h3>\n<p data-start=\"758\" data-end=\"1043\">In addition to being visually appealing, the cork lid ensures an airtight seal, keeping your contents fresh and protected. If you love nature and home d\u00e9cor, this glass jar is the perfect choice to bring life to your space. Let your home shine with this beautiful and functional jar!<\/p>\n","protected":false},"excerpt":{"rendered":"<p data-start=\"1050\" data-end=\"1288\">\u2728 <strong data-start=\"1052\" data-end=\"1120\">Bring life to your home with our 1.6L glass jar with a cork lid!<\/strong> \ud83c\udf3f Perfect for an eternal garden or an isopod terrarium. Its elegant and airtight design keeps your plants fresh. Don&#8217;t wait any longer\u2014transform your space today! \u2728<\/p>\n<h3 data-start=\"1290\" data-end=\"1316\"><strong data-start=\"1294\" data-end=\"1314\">Product Features<\/strong><\/h3>\n<ul data-start=\"1317\" data-end=\"1438\">\n<li data-start=\"1317\" data-end=\"1338\"><strong data-start=\"1319\" data-end=\"1330\">Height:<\/strong> 12 cm<\/li>\n<li data-start=\"1339\" data-end=\"1359\"><strong data-start=\"1341\" data-end=\"1351\">Width:<\/strong> 16 cm<\/li>\n<li data-start=\"1360\" data-end=\"1388\"><strong data-start=\"1362\" data-end=\"1375\">Capacity:<\/strong> 1.6 liters<\/li>\n<li data-start=\"1389\" data-end=\"1412\"><strong data-start=\"1391\" data-end=\"1404\">Material:<\/strong> Glass<\/li>\n<li data-start=\"1413\" data-end=\"1438\"><strong data-start=\"1415\" data-end=\"1423\">Lid:<\/strong> Cork stopper<\/li>\n<\/ul>\n","protected":false},"featured_media":37558,"template":"","meta":[],"product_brand":[],"product_cat":[622],"product_tag":[],"class_list":{"0":"post-40216","1":"product","2":"type-product","3":"status-publish","4":"has-post-thumbnail","6":"product_cat-eternal-terrariums","8":"first","9":"outofstock","10":"shipping-taxable","11":"purchasable","12":"product-type-simple"},"yoast_head":"<!-- This site is optimized with the Yoast SEO plugin v27.4 - https:\/\/yoast.com\/product\/yoast-seo-wordpress\/ -->\n<title>Glass jar (1.6l) with cork lid - ANTDERGROUND<\/title>\n<meta name=\"description\" content=\"\ud83d\uded2 Get our 1.6L glass jar with a cork lid\u2014perfect for eternal gardens and terrariums. A great addition to your home d\u00e9cor!\" \/>\n<meta name=\"robots\" content=\"index, follow, max-snippet:-1, max-image-preview:large, max-video-preview:-1\" \/>\n<link rel=\"canonical\" href=\"https:\/\/antderground.com\/en\/product\/glass-jar-1-6l-with-cork-lid\/\" \/>\n<meta property=\"og:locale\" content=\"en_US\" \/>\n<meta property=\"og:type\" content=\"article\" \/>\n<meta property=\"og:title\" content=\"Glass jar (1.6l) with cork lid - ANTDERGROUND\" \/>\n<meta property=\"og:description\" content=\"\ud83d\uded2 Get our 1.6L glass jar with a cork lid\u2014perfect for eternal gardens and terrariums. A great addition to your home d\u00e9cor!\" \/>\n<meta property=\"og:url\" content=\"https:\/\/antderground.com\/en\/product\/glass-jar-1-6l-with-cork-lid\/\" \/>\n<meta property=\"og:site_name\" content=\"ANTDERGROUND\" \/>\n<meta property=\"article:modified_time\" content=\"2025-08-07T16:31:24+00:00\" \/>\n<meta property=\"og:image\" content=\"https:\/\/antderground.com\/wp-content\/uploads\/2024\/10\/Tarro-de-vidrio-16l-con-tapon-de-corcho.jpeg\" \/>\n\t<meta property=\"og:image:width\" content=\"1417\" \/>\n\t<meta property=\"og:image:height\" content=\"1417\" \/>\n\t<meta property=\"og:image:type\" content=\"image\/jpeg\" \/>\n<meta name=\"twitter:card\" content=\"summary_large_image\" \/>\n<meta name=\"twitter:label1\" content=\"Est. reading time\" \/>\n\t<meta name=\"twitter:data1\" content=\"1 minute\" \/>\n<script type=\"application\/ld+json\" class=\"yoast-schema-graph\">{\"@context\":\"https:\\\/\\\/schema.org\",\"@graph\":[{\"@type\":\"WebPage\",\"@id\":\"https:\\\/\\\/antderground.com\\\/en\\\/product\\\/glass-jar-1-6l-with-cork-lid\\\/\",\"url\":\"https:\\\/\\\/antderground.com\\\/en\\\/product\\\/glass-jar-1-6l-with-cork-lid\\\/\",\"name\":\"Glass jar (1.6l) with cork lid - ANTDERGROUND\",\"isPartOf\":{\"@id\":\"https:\\\/\\\/antderground.com\\\/en\\\/#website\"},\"primaryImageOfPage\":{\"@id\":\"https:\\\/\\\/antderground.com\\\/en\\\/product\\\/glass-jar-1-6l-with-cork-lid\\\/#primaryimage\"},\"image\":{\"@id\":\"https:\\\/\\\/antderground.com\\\/en\\\/product\\\/glass-jar-1-6l-with-cork-lid\\\/#primaryimage\"},\"thumbnailUrl\":\"https:\\\/\\\/antderground.com\\\/wp-content\\\/uploads\\\/2024\\\/10\\\/Tarro-de-vidrio-16l-con-tapon-de-corcho.jpeg\",\"datePublished\":\"2024-10-25T10:07:37+00:00\",\"dateModified\":\"2025-08-07T16:31:24+00:00\",\"description\":\"\ud83d\uded2 Get our 1.6L glass jar with a cork lid\u2014perfect for eternal gardens and terrariums. A great addition to your home d\u00e9cor!\",\"breadcrumb\":{\"@id\":\"https:\\\/\\\/antderground.com\\\/en\\\/product\\\/glass-jar-1-6l-with-cork-lid\\\/#breadcrumb\"},\"inLanguage\":\"en-US\",\"potentialAction\":[{\"@type\":\"ReadAction\",\"target\":[\"https:\\\/\\\/antderground.com\\\/en\\\/product\\\/glass-jar-1-6l-with-cork-lid\\\/\"]}]},{\"@type\":\"ImageObject\",\"inLanguage\":\"en-US\",\"@id\":\"https:\\\/\\\/antderground.com\\\/en\\\/product\\\/glass-jar-1-6l-with-cork-lid\\\/#primaryimage\",\"url\":\"https:\\\/\\\/antderground.com\\\/wp-content\\\/uploads\\\/2024\\\/10\\\/Tarro-de-vidrio-16l-con-tapon-de-corcho.jpeg\",\"contentUrl\":\"https:\\\/\\\/antderground.com\\\/wp-content\\\/uploads\\\/2024\\\/10\\\/Tarro-de-vidrio-16l-con-tapon-de-corcho.jpeg\",\"width\":1417,\"height\":1417,\"caption\":\"Glass jar (1.6l) with cork lid\"},{\"@type\":\"BreadcrumbList\",\"@id\":\"https:\\\/\\\/antderground.com\\\/en\\\/product\\\/glass-jar-1-6l-with-cork-lid\\\/#breadcrumb\",\"itemListElement\":[{\"@type\":\"ListItem\",\"position\":1,\"name\":\"Portada\",\"item\":\"https:\\\/\\\/antderground.com\\\/en\\\/\"},{\"@type\":\"ListItem\",\"position\":2,\"name\":\"Products\",\"item\":\"https:\\\/\\\/antderground.com\\\/en\\\/myrmecology-store\\\/\"},{\"@type\":\"ListItem\",\"position\":3,\"name\":\"Glass jar (1.6l) with cork lid\"}]},{\"@type\":\"WebSite\",\"@id\":\"https:\\\/\\\/antderground.com\\\/en\\\/#website\",\"url\":\"https:\\\/\\\/antderground.com\\\/en\\\/\",\"name\":\"ANTDERGROUND\",\"description\":\"Tu tienda de hormigas, gran variedad de hormigueros acr\u00edlicos,madera,arena,3D y mas.. Pide tus hormigas gratis con tu pedido, somos expertos en hormigueros antifugas.\",\"publisher\":{\"@id\":\"https:\\\/\\\/antderground.com\\\/en\\\/#\\\/schema\\\/person\\\/0e322c505e84fe72c65e2f6d08f96b81\"},\"alternateName\":\"Antderground\",\"potentialAction\":[{\"@type\":\"SearchAction\",\"target\":{\"@type\":\"EntryPoint\",\"urlTemplate\":\"https:\\\/\\\/antderground.com\\\/en\\\/?s={search_term_string}\"},\"query-input\":{\"@type\":\"PropertyValueSpecification\",\"valueRequired\":true,\"valueName\":\"search_term_string\"}}],\"inLanguage\":\"en-US\"},{\"@type\":[\"Person\",\"Organization\"],\"@id\":\"https:\\\/\\\/antderground.com\\\/en\\\/#\\\/schema\\\/person\\\/0e322c505e84fe72c65e2f6d08f96b81\",\"name\":\"Eric de Antderground\",\"image\":{\"@type\":\"ImageObject\",\"inLanguage\":\"en-US\",\"@id\":\"https:\\\/\\\/secure.gravatar.com\\\/avatar\\\/c49a1b9f79216d1498cb73c1e85cd47f4465dda35f2a94c03790d491bd4423c3?s=96&d=mm&r=g\",\"url\":\"https:\\\/\\\/secure.gravatar.com\\\/avatar\\\/c49a1b9f79216d1498cb73c1e85cd47f4465dda35f2a94c03790d491bd4423c3?s=96&d=mm&r=g\",\"contentUrl\":\"https:\\\/\\\/secure.gravatar.com\\\/avatar\\\/c49a1b9f79216d1498cb73c1e85cd47f4465dda35f2a94c03790d491bd4423c3?s=96&d=mm&r=g\",\"caption\":\"Eric de Antderground\"},\"logo\":{\"@id\":\"https:\\\/\\\/secure.gravatar.com\\\/avatar\\\/c49a1b9f79216d1498cb73c1e85cd47f4465dda35f2a94c03790d491bd4423c3?s=96&d=mm&r=g\"},\"description\":\"Eric es el especialista y fundador de Antderground, con una amplia trayectoria en artr\u00f3podos y enfocado en la mirmecolog\u00eda y el dise\u00f1o de hormigueros artificiales. Su enfoque combina la innovaci\u00f3n t\u00e9cnica con el respeto por la biolog\u00eda de las hormigas, is\u00f3podos y otros, desarrollando sistemas de nidos modulares 3D y acr\u00edlicos que son referentes para aficionados y profesionales en toda Europa. Su objetivo es facilitar la cr\u00eda de hormigas y otros artr\u00f3podos mediante soluciones seguras y divulgaci\u00f3n de calidad.\",\"sameAs\":[\"https:\\\/\\\/antderground.com\\\/\",\"https:\\\/\\\/www.youtube.com\\\/channel\\\/UCio72z7TlbufkAthAJIJfPw\"]}]}<\/script>\n<!-- \/ Yoast SEO plugin. -->","yoast_head_json":{"title":"Glass jar (1.6l) with cork lid - ANTDERGROUND","description":"\ud83d\uded2 Get our 1.6L glass jar with a cork lid\u2014perfect for eternal gardens and terrariums. A great addition to your home d\u00e9cor!","robots":{"index":"index","follow":"follow","max-snippet":"max-snippet:-1","max-image-preview":"max-image-preview:large","max-video-preview":"max-video-preview:-1"},"canonical":"https:\/\/antderground.com\/en\/product\/glass-jar-1-6l-with-cork-lid\/","og_locale":"en_US","og_type":"article","og_title":"Glass jar (1.6l) with cork lid - ANTDERGROUND","og_description":"\ud83d\uded2 Get our 1.6L glass jar with a cork lid\u2014perfect for eternal gardens and terrariums. A great addition to your home d\u00e9cor!","og_url":"https:\/\/antderground.com\/en\/product\/glass-jar-1-6l-with-cork-lid\/","og_site_name":"ANTDERGROUND","article_modified_time":"2025-08-07T16:31:24+00:00","og_image":[{"width":1417,"height":1417,"url":"https:\/\/antderground.com\/wp-content\/uploads\/2024\/10\/Tarro-de-vidrio-16l-con-tapon-de-corcho.jpeg","type":"image\/jpeg"}],"twitter_card":"summary_large_image","twitter_misc":{"Est. reading time":"1 minute"},"schema":{"@context":"https:\/\/schema.org","@graph":[{"@type":"WebPage","@id":"https:\/\/antderground.com\/en\/product\/glass-jar-1-6l-with-cork-lid\/","url":"https:\/\/antderground.com\/en\/product\/glass-jar-1-6l-with-cork-lid\/","name":"Glass jar (1.6l) with cork lid - ANTDERGROUND","isPartOf":{"@id":"https:\/\/antderground.com\/en\/#website"},"primaryImageOfPage":{"@id":"https:\/\/antderground.com\/en\/product\/glass-jar-1-6l-with-cork-lid\/#primaryimage"},"image":{"@id":"https:\/\/antderground.com\/en\/product\/glass-jar-1-6l-with-cork-lid\/#primaryimage"},"thumbnailUrl":"https:\/\/antderground.com\/wp-content\/uploads\/2024\/10\/Tarro-de-vidrio-16l-con-tapon-de-corcho.jpeg","datePublished":"2024-10-25T10:07:37+00:00","dateModified":"2025-08-07T16:31:24+00:00","description":"\ud83d\uded2 Get our 1.6L glass jar with a cork lid\u2014perfect for eternal gardens and terrariums. A great addition to your home d\u00e9cor!","breadcrumb":{"@id":"https:\/\/antderground.com\/en\/product\/glass-jar-1-6l-with-cork-lid\/#breadcrumb"},"inLanguage":"en-US","potentialAction":[{"@type":"ReadAction","target":["https:\/\/antderground.com\/en\/product\/glass-jar-1-6l-with-cork-lid\/"]}]},{"@type":"ImageObject","inLanguage":"en-US","@id":"https:\/\/antderground.com\/en\/product\/glass-jar-1-6l-with-cork-lid\/#primaryimage","url":"https:\/\/antderground.com\/wp-content\/uploads\/2024\/10\/Tarro-de-vidrio-16l-con-tapon-de-corcho.jpeg","contentUrl":"https:\/\/antderground.com\/wp-content\/uploads\/2024\/10\/Tarro-de-vidrio-16l-con-tapon-de-corcho.jpeg","width":1417,"height":1417,"caption":"Glass jar (1.6l) with cork lid"},{"@type":"BreadcrumbList","@id":"https:\/\/antderground.com\/en\/product\/glass-jar-1-6l-with-cork-lid\/#breadcrumb","itemListElement":[{"@type":"ListItem","position":1,"name":"Portada","item":"https:\/\/antderground.com\/en\/"},{"@type":"ListItem","position":2,"name":"Products","item":"https:\/\/antderground.com\/en\/myrmecology-store\/"},{"@type":"ListItem","position":3,"name":"Glass jar (1.6l) with cork lid"}]},{"@type":"WebSite","@id":"https:\/\/antderground.com\/en\/#website","url":"https:\/\/antderground.com\/en\/","name":"ANTDERGROUND","description":"Tu tienda de hormigas, gran variedad de hormigueros acr\u00edlicos,madera,arena,3D y mas.. Pide tus hormigas gratis con tu pedido, somos expertos en hormigueros antifugas.","publisher":{"@id":"https:\/\/antderground.com\/en\/#\/schema\/person\/0e322c505e84fe72c65e2f6d08f96b81"},"alternateName":"Antderground","potentialAction":[{"@type":"SearchAction","target":{"@type":"EntryPoint","urlTemplate":"https:\/\/antderground.com\/en\/?s={search_term_string}"},"query-input":{"@type":"PropertyValueSpecification","valueRequired":true,"valueName":"search_term_string"}}],"inLanguage":"en-US"},{"@type":["Person","Organization"],"@id":"https:\/\/antderground.com\/en\/#\/schema\/person\/0e322c505e84fe72c65e2f6d08f96b81","name":"Eric de Antderground","image":{"@type":"ImageObject","inLanguage":"en-US","@id":"https:\/\/secure.gravatar.com\/avatar\/c49a1b9f79216d1498cb73c1e85cd47f4465dda35f2a94c03790d491bd4423c3?s=96&d=mm&r=g","url":"https:\/\/secure.gravatar.com\/avatar\/c49a1b9f79216d1498cb73c1e85cd47f4465dda35f2a94c03790d491bd4423c3?s=96&d=mm&r=g","contentUrl":"https:\/\/secure.gravatar.com\/avatar\/c49a1b9f79216d1498cb73c1e85cd47f4465dda35f2a94c03790d491bd4423c3?s=96&d=mm&r=g","caption":"Eric de Antderground"},"logo":{"@id":"https:\/\/secure.gravatar.com\/avatar\/c49a1b9f79216d1498cb73c1e85cd47f4465dda35f2a94c03790d491bd4423c3?s=96&d=mm&r=g"},"description":"Eric es el especialista y fundador de Antderground, con una amplia trayectoria en artr\u00f3podos y enfocado en la mirmecolog\u00eda y el dise\u00f1o de hormigueros artificiales. Su enfoque combina la innovaci\u00f3n t\u00e9cnica con el respeto por la biolog\u00eda de las hormigas, is\u00f3podos y otros, desarrollando sistemas de nidos modulares 3D y acr\u00edlicos que son referentes para aficionados y profesionales en toda Europa. Su objetivo es facilitar la cr\u00eda de hormigas y otros artr\u00f3podos mediante soluciones seguras y divulgaci\u00f3n de calidad.","sameAs":["https:\/\/antderground.com\/","https:\/\/www.youtube.com\/channel\/UCio72z7TlbufkAthAJIJfPw"]}]}},"_links":{"self":[{"href":"https:\/\/antderground.com\/en\/wp-json\/wp\/v2\/product\/40216","targetHints":{"allow":["GET"]}}],"collection":[{"href":"https:\/\/antderground.com\/en\/wp-json\/wp\/v2\/product"}],"about":[{"href":"https:\/\/antderground.com\/en\/wp-json\/wp\/v2\/types\/product"}],"version-history":[{"count":0,"href":"https:\/\/antderground.com\/en\/wp-json\/wp\/v2\/product\/40216\/revisions"}],"wp:featuredmedia":[{"embeddable":true,"href":"https:\/\/antderground.com\/en\/wp-json\/wp\/v2\/media\/37558"}],"wp:attachment":[{"href":"https:\/\/antderground.com\/en\/wp-json\/wp\/v2\/media?parent=40216"}],"wp:term":[{"taxonomy":"product_brand","embeddable":true,"href":"https:\/\/antderground.com\/en\/wp-json\/wp\/v2\/product_brand?post=40216"},{"taxonomy":"product_cat","embeddable":true,"href":"https:\/\/antderground.com\/en\/wp-json\/wp\/v2\/product_cat?post=40216"},{"taxonomy":"product_tag","embeddable":true,"href":"https:\/\/antderground.com\/en\/wp-json\/wp\/v2\/product_tag?post=40216"}],"curies":[{"name":"wp","href":"https:\/\/api.w.org\/{rel}","templated":true}]}}