{"id":40414,"date":"2024-11-21T11:24:53","date_gmt":"2024-11-21T10:24:53","guid":{"rendered":"https:\/\/www.antderground.com\/producto\/isosnack-nutritious-food-for-isopods\/"},"modified":"2024-11-21T11:24:53","modified_gmt":"2024-11-21T10:24:53","slug":"isosnack-nutritious-food-for-isopods","status":"publish","type":"product","link":"https:\/\/antderground.com\/en\/product\/isosnack-nutritious-food-for-isopods\/","title":{"rendered":"IsoSnack: Nutritious Food for Isopods"},"content":{"rendered":"<h3 data-start=\"0\" data-end=\"43\">IsoSnack: Nutritious Food for Isopods<\/h3>\n<h4 data-start=\"45\" data-end=\"71\">Product Description<\/h4>\n<p data-start=\"72\" data-end=\"319\">IsoSnack is a specially formulated food for isopods, designed to supplement their diet with essential nutrients. Its pellet format makes it easy to consume and ensures even distribution in the terrarium, promoting balanced and healthy nutrition.<\/p>\n<h4 data-start=\"321\" data-end=\"348\">Instructions for Use<\/h4>\n<p data-start=\"349\" data-end=\"383\"><strong data-start=\"349\" data-end=\"381\">Preparation and Combination:<\/strong><\/p>\n<ul data-start=\"384\" data-end=\"593\">\n<li data-start=\"384\" data-end=\"497\">Mix IsoSnack with other natural foods such as dried leaves, decomposing wood, and fresh fruits or vegetables.<\/li>\n<li data-start=\"498\" data-end=\"593\">Offer the product in small amounts to avoid waste and ensure isopods receive a varied diet.<\/li>\n<\/ul>\n<p data-start=\"595\" data-end=\"611\"><strong data-start=\"595\" data-end=\"609\">Important:<\/strong><\/p>\n<ul data-start=\"612\" data-end=\"817\">\n<li data-start=\"612\" data-end=\"744\">Do not use it as the sole food source, as isopods need dietary diversity to obtain other essential nutrients and microorganisms.<\/li>\n<li data-start=\"745\" data-end=\"817\">Maintain a substrate-rich environment to complement their nutrition.<\/li>\n<\/ul>\n<h4 data-start=\"819\" data-end=\"849\">Nutritional Composition<\/h4>\n<ul data-start=\"850\" data-end=\"1021\">\n<li data-start=\"850\" data-end=\"876\"><strong data-start=\"852\" data-end=\"870\">Crude protein:<\/strong> 20%<\/li>\n<li data-start=\"877\" data-end=\"901\"><strong data-start=\"879\" data-end=\"895\">Crude fiber:<\/strong> 18%<\/li>\n<li data-start=\"902\" data-end=\"933\"><strong data-start=\"904\" data-end=\"928\">Crude oils and fats:<\/strong> 2%<\/li>\n<li data-start=\"934\" data-end=\"955\"><strong data-start=\"936\" data-end=\"950\">Crude ash:<\/strong> 9%<\/li>\n<li data-start=\"956\" data-end=\"975\"><strong data-start=\"958\" data-end=\"970\">Calcium:<\/strong> 4%<\/li>\n<li data-start=\"976\" data-end=\"1000\"><strong data-start=\"978\" data-end=\"993\">Phosphorus:<\/strong> 0.5%<\/li>\n<li data-start=\"1001\" data-end=\"1021\"><strong data-start=\"1003\" data-end=\"1014\">Sodium:<\/strong> 0.2%<\/li>\n<\/ul>\n<h4 data-start=\"1023\" data-end=\"1056\">Additional Recommendations<\/h4>\n<p data-start=\"1057\" data-end=\"1200\">Store the food in a dry, cool place to preserve its quality. A diverse and high-quality diet is essential for the well-being of your isopods.<\/p>\n<h4 data-start=\"1202\" data-end=\"1225\">Important Notice<\/h4>\n<p data-start=\"1226\" data-end=\"1318\">This food is <strong data-start=\"1239\" data-end=\"1276\">exclusively designed for isopods.<\/strong> <strong data-start=\"1277\" data-end=\"1316\">Not suitable for human consumption.<\/strong><\/p>\n<p data-start=\"1320\" data-end=\"1429\" data-is-last-node=\"\" data-is-only-node=\"\">With IsoSnack, your isopods will enjoy a nutritious supplement that perfectly complements their natural diet.<\/p>\n","protected":false},"excerpt":{"rendered":"<p>Fantastic food for isopods, ideal as a supplement to their diet. Presented in a practical pellet format that makes it easy to consume and ensures balanced nutrition.<\/p>\n<p><strong>Information:<\/strong><\/p>\n<ul>\n<li>Mix it with other natural foods such as dry leaves, decaying wood and fresh fruits or vegetables. Do not use it as the only food, since isopods need diversity to obtain other nutrients and microorganisms that are not present in this product.<\/li>\n<li>Combine it with an environment rich in natural substrate so that they obtain a full spectrum of nutrients.<\/li>\n<\/ul>\n<p><strong>Composition:<\/strong><br \/>\nCrude protein 20%, Crude fiber 18%, crude oils and fats 2%, crude ash 9%, calcium 4%, phosphorus 0.5%, sodium 0.2%.<\/p>\n<p><strong>Recommendation:<\/strong> Offer this food in small quantities.<\/p>\n<p><strong>Warning:<\/strong> Not suitable for human consumption. This food is intended for and is for isopods.<\/p>\n","protected":false},"featured_media":38133,"template":"","meta":[],"product_brand":[],"product_cat":[201,670],"product_tag":[],"class_list":{"0":"post-40414","1":"product","2":"type-product","3":"status-publish","4":"has-post-thumbnail","6":"product_cat-food-for-ants","7":"product_cat-dry-food-seeds-and-grains","9":"first","10":"instock","11":"shipping-taxable","12":"purchasable","13":"product-type-variable"},"yoast_head":"<!-- This site is optimized with the Yoast SEO plugin v27.3 - https:\/\/yoast.com\/product\/yoast-seo-wordpress\/ -->\n<title>IsoSnack: Nutritious Food for Isopods - ANTDERGROUND<\/title>\n<meta name=\"description\" content=\"Premium food for isopods! \ud83c\udf3f Complement their diet with nutritious and practical pellets. Ideal for their health and well-being. \ud83e\udeb5 #Isopods\" \/>\n<meta name=\"robots\" content=\"index, follow, max-snippet:-1, max-image-preview:large, max-video-preview:-1\" \/>\n<link rel=\"canonical\" href=\"https:\/\/antderground.com\/en\/product\/isosnack-nutritious-food-for-isopods\/\" \/>\n<meta property=\"og:locale\" content=\"en_US\" \/>\n<meta property=\"og:type\" content=\"article\" \/>\n<meta property=\"og:title\" content=\"IsoSnack: Nutritious Food for Isopods - ANTDERGROUND\" \/>\n<meta property=\"og:description\" content=\"Premium food for isopods! \ud83c\udf3f Complement their diet with nutritious and practical pellets. Ideal for their health and well-being. \ud83e\udeb5 #Isopods\" \/>\n<meta property=\"og:url\" content=\"https:\/\/antderground.com\/en\/product\/isosnack-nutritious-food-for-isopods\/\" \/>\n<meta property=\"og:site_name\" content=\"ANTDERGROUND\" \/>\n<meta property=\"og:image\" content=\"https:\/\/antderground.com\/wp-content\/uploads\/2024\/11\/comida-isopodos.jpeg\" \/>\n\t<meta property=\"og:image:width\" content=\"2048\" \/>\n\t<meta property=\"og:image:height\" content=\"2048\" \/>\n\t<meta property=\"og:image:type\" content=\"image\/jpeg\" \/>\n<meta name=\"twitter:card\" content=\"summary_large_image\" \/>\n<meta name=\"twitter:label1\" content=\"Est. reading time\" \/>\n\t<meta name=\"twitter:data1\" content=\"1 minute\" \/>\n<script type=\"application\/ld+json\" class=\"yoast-schema-graph\">{\"@context\":\"https:\\\/\\\/schema.org\",\"@graph\":[{\"@type\":\"WebPage\",\"@id\":\"https:\\\/\\\/antderground.com\\\/en\\\/product\\\/isosnack-nutritious-food-for-isopods\\\/\",\"url\":\"https:\\\/\\\/antderground.com\\\/en\\\/product\\\/isosnack-nutritious-food-for-isopods\\\/\",\"name\":\"IsoSnack: Nutritious Food for Isopods - ANTDERGROUND\",\"isPartOf\":{\"@id\":\"https:\\\/\\\/antderground.com\\\/en\\\/#website\"},\"primaryImageOfPage\":{\"@id\":\"https:\\\/\\\/antderground.com\\\/en\\\/product\\\/isosnack-nutritious-food-for-isopods\\\/#primaryimage\"},\"image\":{\"@id\":\"https:\\\/\\\/antderground.com\\\/en\\\/product\\\/isosnack-nutritious-food-for-isopods\\\/#primaryimage\"},\"thumbnailUrl\":\"https:\\\/\\\/antderground.com\\\/wp-content\\\/uploads\\\/2024\\\/11\\\/comida-isopodos.jpeg\",\"datePublished\":\"2024-11-21T10:24:53+00:00\",\"description\":\"Premium food for isopods! \ud83c\udf3f Complement their diet with nutritious and practical pellets. Ideal for their health and well-being. \ud83e\udeb5 #Isopods\",\"breadcrumb\":{\"@id\":\"https:\\\/\\\/antderground.com\\\/en\\\/product\\\/isosnack-nutritious-food-for-isopods\\\/#breadcrumb\"},\"inLanguage\":\"en-US\",\"potentialAction\":[{\"@type\":\"ReadAction\",\"target\":[\"https:\\\/\\\/antderground.com\\\/en\\\/product\\\/isosnack-nutritious-food-for-isopods\\\/\"]}]},{\"@type\":\"ImageObject\",\"inLanguage\":\"en-US\",\"@id\":\"https:\\\/\\\/antderground.com\\\/en\\\/product\\\/isosnack-nutritious-food-for-isopods\\\/#primaryimage\",\"url\":\"https:\\\/\\\/antderground.com\\\/wp-content\\\/uploads\\\/2024\\\/11\\\/comida-isopodos.jpeg\",\"contentUrl\":\"https:\\\/\\\/antderground.com\\\/wp-content\\\/uploads\\\/2024\\\/11\\\/comida-isopodos.jpeg\",\"width\":2048,\"height\":2048,\"caption\":\"IsoSnack: Nutritious Food for Isopods\"},{\"@type\":\"BreadcrumbList\",\"@id\":\"https:\\\/\\\/antderground.com\\\/en\\\/product\\\/isosnack-nutritious-food-for-isopods\\\/#breadcrumb\",\"itemListElement\":[{\"@type\":\"ListItem\",\"position\":1,\"name\":\"Portada\",\"item\":\"https:\\\/\\\/antderground.com\\\/en\\\/\"},{\"@type\":\"ListItem\",\"position\":2,\"name\":\"Products\",\"item\":\"https:\\\/\\\/antderground.com\\\/en\\\/myrmecology-store\\\/\"},{\"@type\":\"ListItem\",\"position\":3,\"name\":\"IsoSnack: Nutritious Food for Isopods\"}]},{\"@type\":\"WebSite\",\"@id\":\"https:\\\/\\\/antderground.com\\\/en\\\/#website\",\"url\":\"https:\\\/\\\/antderground.com\\\/en\\\/\",\"name\":\"ANTDERGROUND\",\"description\":\"Tu tienda de hormigas, gran variedad de hormigueros acr\u00edlicos,madera,arena,3D y mas.. Pide tus hormigas gratis con tu pedido, somos expertos en hormigueros antifugas.\",\"publisher\":{\"@id\":\"https:\\\/\\\/antderground.com\\\/en\\\/#\\\/schema\\\/person\\\/0e322c505e84fe72c65e2f6d08f96b81\"},\"alternateName\":\"Antderground\",\"potentialAction\":[{\"@type\":\"SearchAction\",\"target\":{\"@type\":\"EntryPoint\",\"urlTemplate\":\"https:\\\/\\\/antderground.com\\\/en\\\/?s={search_term_string}\"},\"query-input\":{\"@type\":\"PropertyValueSpecification\",\"valueRequired\":true,\"valueName\":\"search_term_string\"}}],\"inLanguage\":\"en-US\"},{\"@type\":[\"Person\",\"Organization\"],\"@id\":\"https:\\\/\\\/antderground.com\\\/en\\\/#\\\/schema\\\/person\\\/0e322c505e84fe72c65e2f6d08f96b81\",\"name\":\"Eric de Antderground\",\"image\":{\"@type\":\"ImageObject\",\"inLanguage\":\"en-US\",\"@id\":\"https:\\\/\\\/secure.gravatar.com\\\/avatar\\\/c49a1b9f79216d1498cb73c1e85cd47f4465dda35f2a94c03790d491bd4423c3?s=96&d=mm&r=g\",\"url\":\"https:\\\/\\\/secure.gravatar.com\\\/avatar\\\/c49a1b9f79216d1498cb73c1e85cd47f4465dda35f2a94c03790d491bd4423c3?s=96&d=mm&r=g\",\"contentUrl\":\"https:\\\/\\\/secure.gravatar.com\\\/avatar\\\/c49a1b9f79216d1498cb73c1e85cd47f4465dda35f2a94c03790d491bd4423c3?s=96&d=mm&r=g\",\"caption\":\"Eric de Antderground\"},\"logo\":{\"@id\":\"https:\\\/\\\/secure.gravatar.com\\\/avatar\\\/c49a1b9f79216d1498cb73c1e85cd47f4465dda35f2a94c03790d491bd4423c3?s=96&d=mm&r=g\"},\"description\":\"Eric es el especialista y fundador de Antderground, con una amplia trayectoria en artr\u00f3podos y enfocado en la mirmecolog\u00eda y el dise\u00f1o de hormigueros artificiales. Su enfoque combina la innovaci\u00f3n t\u00e9cnica con el respeto por la biolog\u00eda de las hormigas, is\u00f3podos y otros, desarrollando sistemas de nidos modulares 3D y acr\u00edlicos que son referentes para aficionados y profesionales en toda Europa. Su objetivo es facilitar la cr\u00eda de hormigas y otros artr\u00f3podos mediante soluciones seguras y divulgaci\u00f3n de calidad.\",\"sameAs\":[\"https:\\\/\\\/antderground.com\\\/\",\"https:\\\/\\\/www.youtube.com\\\/channel\\\/UCio72z7TlbufkAthAJIJfPw\"]}]}<\/script>\n<!-- \/ Yoast SEO plugin. -->","yoast_head_json":{"title":"IsoSnack: Nutritious Food for Isopods - ANTDERGROUND","description":"Premium food for isopods! \ud83c\udf3f Complement their diet with nutritious and practical pellets. Ideal for their health and well-being. \ud83e\udeb5 #Isopods","robots":{"index":"index","follow":"follow","max-snippet":"max-snippet:-1","max-image-preview":"max-image-preview:large","max-video-preview":"max-video-preview:-1"},"canonical":"https:\/\/antderground.com\/en\/product\/isosnack-nutritious-food-for-isopods\/","og_locale":"en_US","og_type":"article","og_title":"IsoSnack: Nutritious Food for Isopods - ANTDERGROUND","og_description":"Premium food for isopods! \ud83c\udf3f Complement their diet with nutritious and practical pellets. Ideal for their health and well-being. \ud83e\udeb5 #Isopods","og_url":"https:\/\/antderground.com\/en\/product\/isosnack-nutritious-food-for-isopods\/","og_site_name":"ANTDERGROUND","og_image":[{"width":2048,"height":2048,"url":"https:\/\/antderground.com\/wp-content\/uploads\/2024\/11\/comida-isopodos.jpeg","type":"image\/jpeg"}],"twitter_card":"summary_large_image","twitter_misc":{"Est. reading time":"1 minute"},"schema":{"@context":"https:\/\/schema.org","@graph":[{"@type":"WebPage","@id":"https:\/\/antderground.com\/en\/product\/isosnack-nutritious-food-for-isopods\/","url":"https:\/\/antderground.com\/en\/product\/isosnack-nutritious-food-for-isopods\/","name":"IsoSnack: Nutritious Food for Isopods - ANTDERGROUND","isPartOf":{"@id":"https:\/\/antderground.com\/en\/#website"},"primaryImageOfPage":{"@id":"https:\/\/antderground.com\/en\/product\/isosnack-nutritious-food-for-isopods\/#primaryimage"},"image":{"@id":"https:\/\/antderground.com\/en\/product\/isosnack-nutritious-food-for-isopods\/#primaryimage"},"thumbnailUrl":"https:\/\/antderground.com\/wp-content\/uploads\/2024\/11\/comida-isopodos.jpeg","datePublished":"2024-11-21T10:24:53+00:00","description":"Premium food for isopods! \ud83c\udf3f Complement their diet with nutritious and practical pellets. Ideal for their health and well-being. \ud83e\udeb5 #Isopods","breadcrumb":{"@id":"https:\/\/antderground.com\/en\/product\/isosnack-nutritious-food-for-isopods\/#breadcrumb"},"inLanguage":"en-US","potentialAction":[{"@type":"ReadAction","target":["https:\/\/antderground.com\/en\/product\/isosnack-nutritious-food-for-isopods\/"]}]},{"@type":"ImageObject","inLanguage":"en-US","@id":"https:\/\/antderground.com\/en\/product\/isosnack-nutritious-food-for-isopods\/#primaryimage","url":"https:\/\/antderground.com\/wp-content\/uploads\/2024\/11\/comida-isopodos.jpeg","contentUrl":"https:\/\/antderground.com\/wp-content\/uploads\/2024\/11\/comida-isopodos.jpeg","width":2048,"height":2048,"caption":"IsoSnack: Nutritious Food for Isopods"},{"@type":"BreadcrumbList","@id":"https:\/\/antderground.com\/en\/product\/isosnack-nutritious-food-for-isopods\/#breadcrumb","itemListElement":[{"@type":"ListItem","position":1,"name":"Portada","item":"https:\/\/antderground.com\/en\/"},{"@type":"ListItem","position":2,"name":"Products","item":"https:\/\/antderground.com\/en\/myrmecology-store\/"},{"@type":"ListItem","position":3,"name":"IsoSnack: Nutritious Food for Isopods"}]},{"@type":"WebSite","@id":"https:\/\/antderground.com\/en\/#website","url":"https:\/\/antderground.com\/en\/","name":"ANTDERGROUND","description":"Tu tienda de hormigas, gran variedad de hormigueros acr\u00edlicos,madera,arena,3D y mas.. Pide tus hormigas gratis con tu pedido, somos expertos en hormigueros antifugas.","publisher":{"@id":"https:\/\/antderground.com\/en\/#\/schema\/person\/0e322c505e84fe72c65e2f6d08f96b81"},"alternateName":"Antderground","potentialAction":[{"@type":"SearchAction","target":{"@type":"EntryPoint","urlTemplate":"https:\/\/antderground.com\/en\/?s={search_term_string}"},"query-input":{"@type":"PropertyValueSpecification","valueRequired":true,"valueName":"search_term_string"}}],"inLanguage":"en-US"},{"@type":["Person","Organization"],"@id":"https:\/\/antderground.com\/en\/#\/schema\/person\/0e322c505e84fe72c65e2f6d08f96b81","name":"Eric de Antderground","image":{"@type":"ImageObject","inLanguage":"en-US","@id":"https:\/\/secure.gravatar.com\/avatar\/c49a1b9f79216d1498cb73c1e85cd47f4465dda35f2a94c03790d491bd4423c3?s=96&d=mm&r=g","url":"https:\/\/secure.gravatar.com\/avatar\/c49a1b9f79216d1498cb73c1e85cd47f4465dda35f2a94c03790d491bd4423c3?s=96&d=mm&r=g","contentUrl":"https:\/\/secure.gravatar.com\/avatar\/c49a1b9f79216d1498cb73c1e85cd47f4465dda35f2a94c03790d491bd4423c3?s=96&d=mm&r=g","caption":"Eric de Antderground"},"logo":{"@id":"https:\/\/secure.gravatar.com\/avatar\/c49a1b9f79216d1498cb73c1e85cd47f4465dda35f2a94c03790d491bd4423c3?s=96&d=mm&r=g"},"description":"Eric es el especialista y fundador de Antderground, con una amplia trayectoria en artr\u00f3podos y enfocado en la mirmecolog\u00eda y el dise\u00f1o de hormigueros artificiales. Su enfoque combina la innovaci\u00f3n t\u00e9cnica con el respeto por la biolog\u00eda de las hormigas, is\u00f3podos y otros, desarrollando sistemas de nidos modulares 3D y acr\u00edlicos que son referentes para aficionados y profesionales en toda Europa. Su objetivo es facilitar la cr\u00eda de hormigas y otros artr\u00f3podos mediante soluciones seguras y divulgaci\u00f3n de calidad.","sameAs":["https:\/\/antderground.com\/","https:\/\/www.youtube.com\/channel\/UCio72z7TlbufkAthAJIJfPw"]}]}},"_links":{"self":[{"href":"https:\/\/antderground.com\/en\/wp-json\/wp\/v2\/product\/40414","targetHints":{"allow":["GET"]}}],"collection":[{"href":"https:\/\/antderground.com\/en\/wp-json\/wp\/v2\/product"}],"about":[{"href":"https:\/\/antderground.com\/en\/wp-json\/wp\/v2\/types\/product"}],"version-history":[{"count":0,"href":"https:\/\/antderground.com\/en\/wp-json\/wp\/v2\/product\/40414\/revisions"}],"wp:featuredmedia":[{"embeddable":true,"href":"https:\/\/antderground.com\/en\/wp-json\/wp\/v2\/media\/38133"}],"wp:attachment":[{"href":"https:\/\/antderground.com\/en\/wp-json\/wp\/v2\/media?parent=40414"}],"wp:term":[{"taxonomy":"product_brand","embeddable":true,"href":"https:\/\/antderground.com\/en\/wp-json\/wp\/v2\/product_brand?post=40414"},{"taxonomy":"product_cat","embeddable":true,"href":"https:\/\/antderground.com\/en\/wp-json\/wp\/v2\/product_cat?post=40414"},{"taxonomy":"product_tag","embeddable":true,"href":"https:\/\/antderground.com\/en\/wp-json\/wp\/v2\/product_tag?post=40414"}],"curies":[{"name":"wp","href":"https:\/\/api.w.org\/{rel}","templated":true}]}}