{"id":40465,"date":"2025-02-21T22:02:15","date_gmt":"2025-02-21T21:02:15","guid":{"rendered":"https:\/\/www.antderground.com\/producto\/cubaris-sp-red-edge-albino\/"},"modified":"2025-02-24T12:17:22","modified_gmt":"2025-02-24T11:17:22","slug":"cubaris-sp-red-edge-albino","status":"publish","type":"product","link":"https:\/\/antderground.com\/en\/product\/cubaris-sp-red-edge-albino\/","title":{"rendered":"Cubaris sp. &#8220;Red Edge Albino &#8211; andaman Pearl&#8221;"},"content":{"rendered":"<h3 data-start=\"0\" data-end=\"71\"><strong data-start=\"4\" data-end=\"69\">Technical Data Sheet for Isopod Cubaris sp. \u2018Red Edge Albino &#8211; andaman Pearl\u2019<\/strong><\/h3>\n<h4 data-start=\"73\" data-end=\"100\"><strong data-start=\"78\" data-end=\"98\">Scientific Name:<\/strong><\/h4>\n<p data-start=\"101\" data-end=\"132\">Cubaris sp. \u2018Red Edge Albino\u2019<\/p>\n<h4 data-start=\"134\" data-end=\"157\"><strong data-start=\"139\" data-end=\"155\">Common Name:<\/strong><\/h4>\n<p data-start=\"158\" data-end=\"182\">Red Edge Albino Isopod<\/p>\n<h4 data-start=\"184\" data-end=\"222\"><strong data-start=\"189\" data-end=\"220\">Origin and Natural Habitat:<\/strong><\/h4>\n<p data-start=\"223\" data-end=\"355\">Native to Southeast Asia, it thrives in humid soils, under rocks, and decaying logs. Prefers warm environments with high humidity.<\/p>\n<h4 data-start=\"357\" data-end=\"379\"><strong data-start=\"362\" data-end=\"377\">Adult Size:<\/strong><\/h4>\n<p data-start=\"380\" data-end=\"403\">Approximately 1.5 cm.<\/p>\n<h4 data-start=\"405\" data-end=\"442\"><strong data-start=\"410\" data-end=\"440\">Coloration and Morphology:<\/strong><\/h4>\n<p data-start=\"443\" data-end=\"601\">Features a pale white or cream-colored base due to its albino condition, with reddish edges on its exoskeleton. Can roll into a ball as a defense mechanism.<\/p>\n<h4 data-start=\"603\" data-end=\"623\"><strong data-start=\"608\" data-end=\"621\">Lifespan:<\/strong><\/h4>\n<p data-start=\"624\" data-end=\"673\">Between 2 and 3 years under optimal conditions.<\/p>\n<h4 data-start=\"675\" data-end=\"711\"><strong data-start=\"680\" data-end=\"709\">Environmental Conditions:<\/strong><\/h4>\n<ul data-start=\"712\" data-end=\"846\">\n<li data-start=\"712\" data-end=\"751\"><strong data-start=\"714\" data-end=\"730\">Temperature:<\/strong> 22-26\u00b0C (71-79\u00b0F).<\/li>\n<li data-start=\"752\" data-end=\"777\"><strong data-start=\"754\" data-end=\"767\">Humidity:<\/strong> 70-85%.<\/li>\n<li data-start=\"778\" data-end=\"846\"><strong data-start=\"780\" data-end=\"796\">Ventilation:<\/strong> Moderate, avoiding excessive stagnant humidity.<\/li>\n<\/ul>\n<h4 data-start=\"848\" data-end=\"864\"><strong data-start=\"853\" data-end=\"862\">Diet:<\/strong><\/h4>\n<p data-start=\"865\" data-end=\"1013\">Detritivore and omnivore. Its diet includes dried leaves, decaying wood, calcium, protein supplements, and small portions of fruits or vegetables.<\/p>\n<h4 data-start=\"1015\" data-end=\"1039\"><strong data-start=\"1020\" data-end=\"1037\">Reproduction:<\/strong><\/h4>\n<ul data-start=\"1040\" data-end=\"1212\">\n<li data-start=\"1040\" data-end=\"1082\">Reaches sexual maturity at 4-6 months.<\/li>\n<li data-start=\"1083\" data-end=\"1172\">The female incubates the eggs in her marsupium, from which fully formed young emerge.<\/li>\n<li data-start=\"1173\" data-end=\"1212\">Moderately slow reproductive cycle.<\/li>\n<\/ul>\n<h4 data-start=\"1214\" data-end=\"1252\"><strong data-start=\"1219\" data-end=\"1250\">Behavior and Compatibility:<\/strong><\/h4>\n<p data-start=\"1253\" data-end=\"1396\">A shy, nocturnal species. Lives in colonies but is not as gregarious as other isopods. Can coexist with species requiring similar conditions.<\/p>\n<h4 data-start=\"1398\" data-end=\"1431\"><strong data-start=\"1403\" data-end=\"1429\">Recommended Substrate:<\/strong><\/h4>\n<p data-start=\"1432\" data-end=\"1568\">Coconut fiber, dry leaf litter, decaying wood, sphagnum moss, and calcium supplement. Should always be kept moist but not waterlogged.<\/p>\n<h4 data-start=\"1570\" data-end=\"1597\"><strong data-start=\"1575\" data-end=\"1595\">Care Difficulty:<\/strong><\/h4>\n<p data-start=\"1598\" data-end=\"1690\">Medium. Requires stable temperature and humidity levels with a proper ventilation balance.<\/p>\n<h4 data-start=\"1692\" data-end=\"1725\"><strong data-start=\"1697\" data-end=\"1723\">Uses and Applications:<\/strong><\/h4>\n<ul data-start=\"1726\" data-end=\"1853\">\n<li data-start=\"1726\" data-end=\"1761\">Ideal for bioactive terrariums.<\/li>\n<li data-start=\"1762\" data-end=\"1796\">Bred as a collectible species.<\/li>\n<li data-start=\"1797\" data-end=\"1853\">Helps decompose organic matter in closed ecosystems.<\/li>\n<\/ul>\n","protected":false},"excerpt":{"rendered":"<p>Exclusive and fascinating! \ud83d\ude0d The Cubaris sp. \u2018Red Edge Albino &#8211; andaman Pearl\u2019 stands out for its unique coloration and curious behavior. Perfect for bioactive setups . \ud83c\udf3f\ud83d\udc3e Add it to your colony and give your terrarium a special touch!<\/p>\n","protected":false},"featured_media":40451,"template":"","meta":[],"product_brand":[],"product_cat":[479,485,717],"product_tag":[],"class_list":{"0":"post-40465","1":"product","2":"type-product","3":"status-publish","4":"has-post-thumbnail","6":"product_cat-arthropods","7":"product_cat-isopods","8":"product_cat-cubaris","10":"first","11":"instock","12":"shipping-taxable","13":"purchasable","14":"product-type-variable"},"yoast_head":"<!-- This site is optimized with the Yoast SEO plugin v27.3 - https:\/\/yoast.com\/product\/yoast-seo-wordpress\/ -->\n<title>Cubaris sp. &quot;Red Edge Albino - andaman Pearl&quot; | exotics isopods - ANTDERGROUND<\/title>\n<meta name=\"description\" content=\"Discover the amazing Cubaris sp. \u2018Red Edge Albino\u2019 \ud83d\udc1e\ud83c\udf3f, an exotic isopod with unique colors. Perfect for bioactive terrariums! \ud83d\ude80\" \/>\n<meta name=\"robots\" content=\"index, follow, max-snippet:-1, max-image-preview:large, max-video-preview:-1\" \/>\n<link rel=\"canonical\" href=\"https:\/\/antderground.com\/en\/product\/cubaris-sp-red-edge-albino\/\" \/>\n<meta property=\"og:locale\" content=\"en_US\" \/>\n<meta property=\"og:type\" content=\"article\" \/>\n<meta property=\"og:title\" content=\"Cubaris sp. &quot;Red Edge Albino - andaman Pearl&quot; | exotics isopods - ANTDERGROUND\" \/>\n<meta property=\"og:description\" content=\"Discover the amazing Cubaris sp. \u2018Red Edge Albino\u2019 \ud83d\udc1e\ud83c\udf3f, an exotic isopod with unique colors. Perfect for bioactive terrariums! \ud83d\ude80\" \/>\n<meta property=\"og:url\" content=\"https:\/\/antderground.com\/en\/product\/cubaris-sp-red-edge-albino\/\" \/>\n<meta property=\"og:site_name\" content=\"ANTDERGROUND\" \/>\n<meta property=\"article:modified_time\" content=\"2025-02-24T11:17:22+00:00\" \/>\n<meta property=\"og:image\" content=\"https:\/\/antderground.com\/wp-content\/uploads\/2025\/02\/Cubaris-red-Edge-albino-1021x1024.png\" \/>\n\t<meta property=\"og:image:width\" content=\"1021\" \/>\n\t<meta property=\"og:image:height\" content=\"1024\" \/>\n\t<meta property=\"og:image:type\" content=\"image\/png\" \/>\n<meta name=\"twitter:card\" content=\"summary_large_image\" \/>\n<meta name=\"twitter:label1\" content=\"Est. reading time\" \/>\n\t<meta name=\"twitter:data1\" content=\"1 minute\" \/>\n<script type=\"application\/ld+json\" class=\"yoast-schema-graph\">{\"@context\":\"https:\\\/\\\/schema.org\",\"@graph\":[{\"@type\":\"WebPage\",\"@id\":\"https:\\\/\\\/antderground.com\\\/en\\\/product\\\/cubaris-sp-red-edge-albino\\\/\",\"url\":\"https:\\\/\\\/antderground.com\\\/en\\\/product\\\/cubaris-sp-red-edge-albino\\\/\",\"name\":\"Cubaris sp. \\\"Red Edge Albino - andaman Pearl\\\" | exotics isopods - ANTDERGROUND\",\"isPartOf\":{\"@id\":\"https:\\\/\\\/antderground.com\\\/en\\\/#website\"},\"primaryImageOfPage\":{\"@id\":\"https:\\\/\\\/antderground.com\\\/en\\\/product\\\/cubaris-sp-red-edge-albino\\\/#primaryimage\"},\"image\":{\"@id\":\"https:\\\/\\\/antderground.com\\\/en\\\/product\\\/cubaris-sp-red-edge-albino\\\/#primaryimage\"},\"thumbnailUrl\":\"https:\\\/\\\/antderground.com\\\/wp-content\\\/uploads\\\/2025\\\/02\\\/Cubaris-red-Edge-albino.png\",\"datePublished\":\"2025-02-21T21:02:15+00:00\",\"dateModified\":\"2025-02-24T11:17:22+00:00\",\"description\":\"Discover the amazing Cubaris sp. \u2018Red Edge Albino\u2019 \ud83d\udc1e\ud83c\udf3f, an exotic isopod with unique colors. Perfect for bioactive terrariums! \ud83d\ude80\",\"breadcrumb\":{\"@id\":\"https:\\\/\\\/antderground.com\\\/en\\\/product\\\/cubaris-sp-red-edge-albino\\\/#breadcrumb\"},\"inLanguage\":\"en-US\",\"potentialAction\":[{\"@type\":\"ReadAction\",\"target\":[\"https:\\\/\\\/antderground.com\\\/en\\\/product\\\/cubaris-sp-red-edge-albino\\\/\"]}]},{\"@type\":\"ImageObject\",\"inLanguage\":\"en-US\",\"@id\":\"https:\\\/\\\/antderground.com\\\/en\\\/product\\\/cubaris-sp-red-edge-albino\\\/#primaryimage\",\"url\":\"https:\\\/\\\/antderground.com\\\/wp-content\\\/uploads\\\/2025\\\/02\\\/Cubaris-red-Edge-albino.png\",\"contentUrl\":\"https:\\\/\\\/antderground.com\\\/wp-content\\\/uploads\\\/2025\\\/02\\\/Cubaris-red-Edge-albino.png\",\"width\":1500,\"height\":1504,\"caption\":\"Red Edge Albino\"},{\"@type\":\"BreadcrumbList\",\"@id\":\"https:\\\/\\\/antderground.com\\\/en\\\/product\\\/cubaris-sp-red-edge-albino\\\/#breadcrumb\",\"itemListElement\":[{\"@type\":\"ListItem\",\"position\":1,\"name\":\"Portada\",\"item\":\"https:\\\/\\\/antderground.com\\\/en\\\/\"},{\"@type\":\"ListItem\",\"position\":2,\"name\":\"Products\",\"item\":\"https:\\\/\\\/antderground.com\\\/en\\\/myrmecology-store\\\/\"},{\"@type\":\"ListItem\",\"position\":3,\"name\":\"Cubaris sp. &#8220;Red Edge Albino &#8211; andaman Pearl&#8221;\"}]},{\"@type\":\"WebSite\",\"@id\":\"https:\\\/\\\/antderground.com\\\/en\\\/#website\",\"url\":\"https:\\\/\\\/antderground.com\\\/en\\\/\",\"name\":\"ANTDERGROUND\",\"description\":\"Tu tienda de hormigas, gran variedad de hormigueros acr\u00edlicos,madera,arena,3D y mas.. Pide tus hormigas gratis con tu pedido, somos expertos en hormigueros antifugas.\",\"publisher\":{\"@id\":\"https:\\\/\\\/antderground.com\\\/en\\\/#\\\/schema\\\/person\\\/0e322c505e84fe72c65e2f6d08f96b81\"},\"alternateName\":\"Antderground\",\"potentialAction\":[{\"@type\":\"SearchAction\",\"target\":{\"@type\":\"EntryPoint\",\"urlTemplate\":\"https:\\\/\\\/antderground.com\\\/en\\\/?s={search_term_string}\"},\"query-input\":{\"@type\":\"PropertyValueSpecification\",\"valueRequired\":true,\"valueName\":\"search_term_string\"}}],\"inLanguage\":\"en-US\"},{\"@type\":[\"Person\",\"Organization\"],\"@id\":\"https:\\\/\\\/antderground.com\\\/en\\\/#\\\/schema\\\/person\\\/0e322c505e84fe72c65e2f6d08f96b81\",\"name\":\"Eric de Antderground\",\"image\":{\"@type\":\"ImageObject\",\"inLanguage\":\"en-US\",\"@id\":\"https:\\\/\\\/secure.gravatar.com\\\/avatar\\\/c49a1b9f79216d1498cb73c1e85cd47f4465dda35f2a94c03790d491bd4423c3?s=96&d=mm&r=g\",\"url\":\"https:\\\/\\\/secure.gravatar.com\\\/avatar\\\/c49a1b9f79216d1498cb73c1e85cd47f4465dda35f2a94c03790d491bd4423c3?s=96&d=mm&r=g\",\"contentUrl\":\"https:\\\/\\\/secure.gravatar.com\\\/avatar\\\/c49a1b9f79216d1498cb73c1e85cd47f4465dda35f2a94c03790d491bd4423c3?s=96&d=mm&r=g\",\"caption\":\"Eric de Antderground\"},\"logo\":{\"@id\":\"https:\\\/\\\/secure.gravatar.com\\\/avatar\\\/c49a1b9f79216d1498cb73c1e85cd47f4465dda35f2a94c03790d491bd4423c3?s=96&d=mm&r=g\"},\"description\":\"Eric es el especialista y fundador de Antderground, con una amplia trayectoria en artr\u00f3podos y enfocado en la mirmecolog\u00eda y el dise\u00f1o de hormigueros artificiales. Su enfoque combina la innovaci\u00f3n t\u00e9cnica con el respeto por la biolog\u00eda de las hormigas, is\u00f3podos y otros, desarrollando sistemas de nidos modulares 3D y acr\u00edlicos que son referentes para aficionados y profesionales en toda Europa. Su objetivo es facilitar la cr\u00eda de hormigas y otros artr\u00f3podos mediante soluciones seguras y divulgaci\u00f3n de calidad.\",\"sameAs\":[\"https:\\\/\\\/antderground.com\\\/\",\"https:\\\/\\\/www.youtube.com\\\/channel\\\/UCio72z7TlbufkAthAJIJfPw\"]}]}<\/script>\n<!-- \/ Yoast SEO plugin. -->","yoast_head_json":{"title":"Cubaris sp. \"Red Edge Albino - andaman Pearl\" | exotics isopods - ANTDERGROUND","description":"Discover the amazing Cubaris sp. \u2018Red Edge Albino\u2019 \ud83d\udc1e\ud83c\udf3f, an exotic isopod with unique colors. Perfect for bioactive terrariums! \ud83d\ude80","robots":{"index":"index","follow":"follow","max-snippet":"max-snippet:-1","max-image-preview":"max-image-preview:large","max-video-preview":"max-video-preview:-1"},"canonical":"https:\/\/antderground.com\/en\/product\/cubaris-sp-red-edge-albino\/","og_locale":"en_US","og_type":"article","og_title":"Cubaris sp. \"Red Edge Albino - andaman Pearl\" | exotics isopods - ANTDERGROUND","og_description":"Discover the amazing Cubaris sp. \u2018Red Edge Albino\u2019 \ud83d\udc1e\ud83c\udf3f, an exotic isopod with unique colors. Perfect for bioactive terrariums! \ud83d\ude80","og_url":"https:\/\/antderground.com\/en\/product\/cubaris-sp-red-edge-albino\/","og_site_name":"ANTDERGROUND","article_modified_time":"2025-02-24T11:17:22+00:00","og_image":[{"width":1021,"height":1024,"url":"https:\/\/antderground.com\/wp-content\/uploads\/2025\/02\/Cubaris-red-Edge-albino-1021x1024.png","type":"image\/png"}],"twitter_card":"summary_large_image","twitter_misc":{"Est. reading time":"1 minute"},"schema":{"@context":"https:\/\/schema.org","@graph":[{"@type":"WebPage","@id":"https:\/\/antderground.com\/en\/product\/cubaris-sp-red-edge-albino\/","url":"https:\/\/antderground.com\/en\/product\/cubaris-sp-red-edge-albino\/","name":"Cubaris sp. \"Red Edge Albino - andaman Pearl\" | exotics isopods - ANTDERGROUND","isPartOf":{"@id":"https:\/\/antderground.com\/en\/#website"},"primaryImageOfPage":{"@id":"https:\/\/antderground.com\/en\/product\/cubaris-sp-red-edge-albino\/#primaryimage"},"image":{"@id":"https:\/\/antderground.com\/en\/product\/cubaris-sp-red-edge-albino\/#primaryimage"},"thumbnailUrl":"https:\/\/antderground.com\/wp-content\/uploads\/2025\/02\/Cubaris-red-Edge-albino.png","datePublished":"2025-02-21T21:02:15+00:00","dateModified":"2025-02-24T11:17:22+00:00","description":"Discover the amazing Cubaris sp. \u2018Red Edge Albino\u2019 \ud83d\udc1e\ud83c\udf3f, an exotic isopod with unique colors. Perfect for bioactive terrariums! \ud83d\ude80","breadcrumb":{"@id":"https:\/\/antderground.com\/en\/product\/cubaris-sp-red-edge-albino\/#breadcrumb"},"inLanguage":"en-US","potentialAction":[{"@type":"ReadAction","target":["https:\/\/antderground.com\/en\/product\/cubaris-sp-red-edge-albino\/"]}]},{"@type":"ImageObject","inLanguage":"en-US","@id":"https:\/\/antderground.com\/en\/product\/cubaris-sp-red-edge-albino\/#primaryimage","url":"https:\/\/antderground.com\/wp-content\/uploads\/2025\/02\/Cubaris-red-Edge-albino.png","contentUrl":"https:\/\/antderground.com\/wp-content\/uploads\/2025\/02\/Cubaris-red-Edge-albino.png","width":1500,"height":1504,"caption":"Red Edge Albino"},{"@type":"BreadcrumbList","@id":"https:\/\/antderground.com\/en\/product\/cubaris-sp-red-edge-albino\/#breadcrumb","itemListElement":[{"@type":"ListItem","position":1,"name":"Portada","item":"https:\/\/antderground.com\/en\/"},{"@type":"ListItem","position":2,"name":"Products","item":"https:\/\/antderground.com\/en\/myrmecology-store\/"},{"@type":"ListItem","position":3,"name":"Cubaris sp. &#8220;Red Edge Albino &#8211; andaman Pearl&#8221;"}]},{"@type":"WebSite","@id":"https:\/\/antderground.com\/en\/#website","url":"https:\/\/antderground.com\/en\/","name":"ANTDERGROUND","description":"Tu tienda de hormigas, gran variedad de hormigueros acr\u00edlicos,madera,arena,3D y mas.. Pide tus hormigas gratis con tu pedido, somos expertos en hormigueros antifugas.","publisher":{"@id":"https:\/\/antderground.com\/en\/#\/schema\/person\/0e322c505e84fe72c65e2f6d08f96b81"},"alternateName":"Antderground","potentialAction":[{"@type":"SearchAction","target":{"@type":"EntryPoint","urlTemplate":"https:\/\/antderground.com\/en\/?s={search_term_string}"},"query-input":{"@type":"PropertyValueSpecification","valueRequired":true,"valueName":"search_term_string"}}],"inLanguage":"en-US"},{"@type":["Person","Organization"],"@id":"https:\/\/antderground.com\/en\/#\/schema\/person\/0e322c505e84fe72c65e2f6d08f96b81","name":"Eric de Antderground","image":{"@type":"ImageObject","inLanguage":"en-US","@id":"https:\/\/secure.gravatar.com\/avatar\/c49a1b9f79216d1498cb73c1e85cd47f4465dda35f2a94c03790d491bd4423c3?s=96&d=mm&r=g","url":"https:\/\/secure.gravatar.com\/avatar\/c49a1b9f79216d1498cb73c1e85cd47f4465dda35f2a94c03790d491bd4423c3?s=96&d=mm&r=g","contentUrl":"https:\/\/secure.gravatar.com\/avatar\/c49a1b9f79216d1498cb73c1e85cd47f4465dda35f2a94c03790d491bd4423c3?s=96&d=mm&r=g","caption":"Eric de Antderground"},"logo":{"@id":"https:\/\/secure.gravatar.com\/avatar\/c49a1b9f79216d1498cb73c1e85cd47f4465dda35f2a94c03790d491bd4423c3?s=96&d=mm&r=g"},"description":"Eric es el especialista y fundador de Antderground, con una amplia trayectoria en artr\u00f3podos y enfocado en la mirmecolog\u00eda y el dise\u00f1o de hormigueros artificiales. Su enfoque combina la innovaci\u00f3n t\u00e9cnica con el respeto por la biolog\u00eda de las hormigas, is\u00f3podos y otros, desarrollando sistemas de nidos modulares 3D y acr\u00edlicos que son referentes para aficionados y profesionales en toda Europa. Su objetivo es facilitar la cr\u00eda de hormigas y otros artr\u00f3podos mediante soluciones seguras y divulgaci\u00f3n de calidad.","sameAs":["https:\/\/antderground.com\/","https:\/\/www.youtube.com\/channel\/UCio72z7TlbufkAthAJIJfPw"]}]}},"_links":{"self":[{"href":"https:\/\/antderground.com\/en\/wp-json\/wp\/v2\/product\/40465","targetHints":{"allow":["GET"]}}],"collection":[{"href":"https:\/\/antderground.com\/en\/wp-json\/wp\/v2\/product"}],"about":[{"href":"https:\/\/antderground.com\/en\/wp-json\/wp\/v2\/types\/product"}],"version-history":[{"count":0,"href":"https:\/\/antderground.com\/en\/wp-json\/wp\/v2\/product\/40465\/revisions"}],"wp:featuredmedia":[{"embeddable":true,"href":"https:\/\/antderground.com\/en\/wp-json\/wp\/v2\/media\/40451"}],"wp:attachment":[{"href":"https:\/\/antderground.com\/en\/wp-json\/wp\/v2\/media?parent=40465"}],"wp:term":[{"taxonomy":"product_brand","embeddable":true,"href":"https:\/\/antderground.com\/en\/wp-json\/wp\/v2\/product_brand?post=40465"},{"taxonomy":"product_cat","embeddable":true,"href":"https:\/\/antderground.com\/en\/wp-json\/wp\/v2\/product_cat?post=40465"},{"taxonomy":"product_tag","embeddable":true,"href":"https:\/\/antderground.com\/en\/wp-json\/wp\/v2\/product_tag?post=40465"}],"curies":[{"name":"wp","href":"https:\/\/api.w.org\/{rel}","templated":true}]}}