{"id":40528,"date":"2025-02-24T15:28:46","date_gmt":"2025-02-24T14:28:46","guid":{"rendered":"https:\/\/www.antderground.com\/producto\/cubaris-panda-king-white\/"},"modified":"2025-02-25T10:37:51","modified_gmt":"2025-02-25T09:37:51","slug":"cubaris-panda-king-white","status":"publish","type":"product","link":"https:\/\/antderground.com\/en\/product\/cubaris-panda-king-white\/","title":{"rendered":"Cubaris panda King &#8220;White&#8221;"},"content":{"rendered":"<h3 data-start=\"0\" data-end=\"79\"><strong data-start=\"4\" data-end=\"77\">Complete Technical Sheet of the Isopod Cubaris Panda King &#8220;White&#8221;<\/strong><\/h3>\n<p data-start=\"81\" data-end=\"141\"><strong data-start=\"86\" data-end=\"106\">Scientific Name:<\/strong> <em data-start=\"107\" data-end=\"139\">Cubaris sp. &#8220;Panda King White&#8221;<\/em><\/p>\n<p data-start=\"142\" data-end=\"190\"><strong data-start=\"147\" data-end=\"163\">Common Name:<\/strong> Cubaris Panda King White<\/p>\n<h4 data-start=\"191\" data-end=\"217\"><strong data-start=\"196\" data-end=\"215\">Classification:<\/strong><\/h4>\n<ul data-start=\"218\" data-end=\"350\">\n<li data-start=\"218\" data-end=\"243\"><strong data-start=\"220\" data-end=\"232\">Kingdom:<\/strong> Animalia<\/li>\n<li data-start=\"244\" data-end=\"270\"><strong data-start=\"246\" data-end=\"257\">Phylum:<\/strong> Arthropoda<\/li>\n<li data-start=\"271\" data-end=\"298\"><strong data-start=\"273\" data-end=\"283\">Class:<\/strong> Malacostraca<\/li>\n<li data-start=\"299\" data-end=\"321\"><strong data-start=\"301\" data-end=\"311\">Order:<\/strong> Isopoda<\/li>\n<li data-start=\"322\" data-end=\"350\"><strong data-start=\"324\" data-end=\"335\">Family:<\/strong> Armadillidae<\/li>\n<\/ul>\n<h4 data-start=\"352\" data-end=\"387\"><strong data-start=\"357\" data-end=\"385\">Origin and Distribution:<\/strong><\/h4>\n<p data-start=\"388\" data-end=\"514\">This isopod originates from tropical regions of Southeast Asia, where it inhabits moist, decomposing soils in dense forests.<\/p>\n<h4 data-start=\"516\" data-end=\"538\"><strong data-start=\"521\" data-end=\"536\">Morphology:<\/strong><\/h4>\n<ul data-start=\"539\" data-end=\"739\">\n<li data-start=\"539\" data-end=\"579\"><strong data-start=\"541\" data-end=\"556\">Adult Size:<\/strong> Between 1.5 and 2 cm<\/li>\n<li data-start=\"580\" data-end=\"650\"><strong data-start=\"582\" data-end=\"597\">Coloration:<\/strong> White with well-defined dark patterns on the shell<\/li>\n<li data-start=\"651\" data-end=\"739\"><strong data-start=\"653\" data-end=\"672\">Body Structure:<\/strong> Segmented, capable of rolling into a ball as a defense mechanism<\/li>\n<\/ul>\n<h4 data-start=\"741\" data-end=\"775\"><strong data-start=\"746\" data-end=\"773\">Maintenance Conditions:<\/strong><\/h4>\n<ul data-start=\"776\" data-end=\"1091\">\n<li data-start=\"776\" data-end=\"838\"><strong data-start=\"778\" data-end=\"800\">Ideal Temperature:<\/strong> Between 22\u00b0C and 26\u00b0C (72\u00b0F &#8211; 79\u00b0F)<\/li>\n<li data-start=\"839\" data-end=\"885\"><strong data-start=\"841\" data-end=\"863\">Relative Humidity:<\/strong> Between 70% and 80%<\/li>\n<li data-start=\"886\" data-end=\"976\"><strong data-start=\"888\" data-end=\"902\">Substrate:<\/strong> A mix of coconut fiber, dry leaves, decomposing wood, and sphagnum moss<\/li>\n<li data-start=\"977\" data-end=\"1034\"><strong data-start=\"979\" data-end=\"995\">Ventilation:<\/strong> Moderate, avoiding excessive dryness<\/li>\n<li data-start=\"1035\" data-end=\"1091\"><strong data-start=\"1037\" data-end=\"1054\">Hiding Spots:<\/strong> Logs, bark, and stones for shelter<\/li>\n<\/ul>\n<h4 data-start=\"1093\" data-end=\"1109\"><strong data-start=\"1098\" data-end=\"1107\">Diet:<\/strong><\/h4>\n<ul data-start=\"1110\" data-end=\"1285\">\n<li data-start=\"1110\" data-end=\"1163\">Decomposing plant matter (dry leaves, bark, moss)<\/li>\n<li data-start=\"1164\" data-end=\"1202\">Decomposing wood rich in cellulose<\/li>\n<li data-start=\"1203\" data-end=\"1285\">Protein supplements such as fish food, powdered calcium, and crushed eggshells<\/li>\n<\/ul>\n<h4 data-start=\"1287\" data-end=\"1323\"><strong data-start=\"1292\" data-end=\"1321\">Behavior and Sociability:<\/strong><\/h4>\n<ul data-start=\"1324\" data-end=\"1511\">\n<li data-start=\"1324\" data-end=\"1381\">Gregarious species, prefers to live in large colonies<\/li>\n<li data-start=\"1382\" data-end=\"1431\">Active in food searching, especially at night<\/li>\n<li data-start=\"1432\" data-end=\"1511\">Their burrowing behavior helps aerate the substrate in bioactive terrariums<\/li>\n<\/ul>\n<h4 data-start=\"1513\" data-end=\"1537\"><strong data-start=\"1518\" data-end=\"1535\">Reproduction:<\/strong><\/h4>\n<ul data-start=\"1538\" data-end=\"1782\">\n<li data-start=\"1538\" data-end=\"1630\">Ovoviviparous reproduction, young are born fully developed inside the female\u2019s marsupium<\/li>\n<li data-start=\"1631\" data-end=\"1682\">Reaches maturity in approximately 4 to 6 months<\/li>\n<li data-start=\"1683\" data-end=\"1782\">It is recommended to keep an initial group of at least 10 individuals to encourage reproduction<\/li>\n<\/ul>\n<h4 data-start=\"1784\" data-end=\"1818\"><strong data-start=\"1789\" data-end=\"1816\">Maintenance Difficulty:<\/strong><\/h4>\n<ul data-start=\"1819\" data-end=\"1949\">\n<li data-start=\"1819\" data-end=\"1893\">Medium level, requires constant monitoring of humidity and temperature<\/li>\n<li data-start=\"1894\" data-end=\"1949\">Ideal for bioactive projects in tropical terrariums<\/li>\n<\/ul>\n<h4 data-start=\"1951\" data-end=\"1987\"><strong data-start=\"1956\" data-end=\"1985\">Bioactivity Applications:<\/strong><\/h4>\n<ul data-start=\"1988\" data-end=\"2241\">\n<li data-start=\"1988\" data-end=\"2062\">Contributes to the decomposition cycle of organic matter in terrariums<\/li>\n<li data-start=\"2063\" data-end=\"2133\">Helps maintain ecosystem balance by consuming food scraps and mold<\/li>\n<li data-start=\"2134\" data-end=\"2241\">Compatible with various species of reptiles, amphibians, and other invertebrates in tropical terrariums<\/li>\n<\/ul>\n<h4 data-start=\"2243\" data-end=\"2271\"><strong data-start=\"2248\" data-end=\"2269\">Additional Notes:<\/strong><\/h4>\n<p data-start=\"2272\" data-end=\"2501\">The <em data-start=\"2276\" data-end=\"2302\">Cubaris Panda King White<\/em> is a variant of the <a href=\"https:\/\/antderground.com\/en\/product\/cubaris-panda-king\/\"><em data-start=\"2323\" data-end=\"2343\">Cubaris Panda King<\/em><\/a>, distinguished by its more intense white coloration. Its patterns and coloration make it highly appreciated by collectors and bioactive system enthusiasts.<\/p>\n","protected":false},"excerpt":{"rendered":"<p>\ud83d\udc3c\u2728 The <em data-start=\"2576\" data-end=\"2602\">Cubaris Panda King White<\/em> is an exotic gem for your terrarium! With its elegant white tone and dark patterns, this isopod is perfect for bioactive setups. Easy to care for and highly active, they will bring life to your ecosystem \ud83c\udf3f\ud83d\udd2c.<\/p>\n","protected":false},"featured_media":40513,"template":"","meta":[],"product_brand":[],"product_cat":[479,485,717],"product_tag":[],"class_list":{"0":"post-40528","1":"product","2":"type-product","3":"status-publish","4":"has-post-thumbnail","6":"product_cat-arthropods","7":"product_cat-isopods","8":"product_cat-cubaris","10":"first","11":"instock","12":"sale","13":"shipping-taxable","14":"purchasable","15":"product-type-variable"},"yoast_head":"<!-- This site is optimized with the Yoast SEO plugin v27.3 - https:\/\/yoast.com\/product\/yoast-seo-wordpress\/ -->\n<title>Cubaris panda King &quot;White&quot; | Isopods - ANTDERGROUND<\/title>\n<meta name=\"description\" content=\"\ud83d\udc3c\u2744\ufe0f Discover the Cubaris Panda King White, an exotic white-toned isopod ideal for bioactive setups. Add it to your terrarium today! \ud83c\udf31\u2728\" \/>\n<meta name=\"robots\" content=\"index, follow, max-snippet:-1, max-image-preview:large, max-video-preview:-1\" \/>\n<link rel=\"canonical\" href=\"https:\/\/antderground.com\/en\/product\/cubaris-panda-king-white\/\" \/>\n<meta property=\"og:locale\" content=\"en_US\" \/>\n<meta property=\"og:type\" content=\"article\" \/>\n<meta property=\"og:title\" content=\"Cubaris panda King &quot;White&quot; | Isopods - ANTDERGROUND\" \/>\n<meta property=\"og:description\" content=\"\ud83d\udc3c\u2744\ufe0f Discover the Cubaris Panda King White, an exotic white-toned isopod ideal for bioactive setups. Add it to your terrarium today! \ud83c\udf31\u2728\" \/>\n<meta property=\"og:url\" content=\"https:\/\/antderground.com\/en\/product\/cubaris-panda-king-white\/\" \/>\n<meta property=\"og:site_name\" content=\"ANTDERGROUND\" \/>\n<meta property=\"article:modified_time\" content=\"2025-02-25T09:37:51+00:00\" \/>\n<meta property=\"og:image\" content=\"https:\/\/antderground.com\/wp-content\/uploads\/2025\/02\/Cubaris-panda-King-22White22.jpeg\" \/>\n\t<meta property=\"og:image:width\" content=\"1400\" \/>\n\t<meta property=\"og:image:height\" content=\"1400\" \/>\n\t<meta property=\"og:image:type\" content=\"image\/jpeg\" \/>\n<meta name=\"twitter:card\" content=\"summary_large_image\" \/>\n<meta name=\"twitter:label1\" content=\"Est. reading time\" \/>\n\t<meta name=\"twitter:data1\" content=\"1 minute\" \/>\n<script type=\"application\/ld+json\" class=\"yoast-schema-graph\">{\"@context\":\"https:\\\/\\\/schema.org\",\"@graph\":[{\"@type\":\"WebPage\",\"@id\":\"https:\\\/\\\/antderground.com\\\/en\\\/product\\\/cubaris-panda-king-white\\\/\",\"url\":\"https:\\\/\\\/antderground.com\\\/en\\\/product\\\/cubaris-panda-king-white\\\/\",\"name\":\"Cubaris panda King \\\"White\\\" | Isopods - ANTDERGROUND\",\"isPartOf\":{\"@id\":\"https:\\\/\\\/antderground.com\\\/en\\\/#website\"},\"primaryImageOfPage\":{\"@id\":\"https:\\\/\\\/antderground.com\\\/en\\\/product\\\/cubaris-panda-king-white\\\/#primaryimage\"},\"image\":{\"@id\":\"https:\\\/\\\/antderground.com\\\/en\\\/product\\\/cubaris-panda-king-white\\\/#primaryimage\"},\"thumbnailUrl\":\"https:\\\/\\\/antderground.com\\\/wp-content\\\/uploads\\\/2025\\\/02\\\/Cubaris-panda-King-22White22.jpeg\",\"datePublished\":\"2025-02-24T14:28:46+00:00\",\"dateModified\":\"2025-02-25T09:37:51+00:00\",\"description\":\"\ud83d\udc3c\u2744\ufe0f Discover the Cubaris Panda King White, an exotic white-toned isopod ideal for bioactive setups. Add it to your terrarium today! \ud83c\udf31\u2728\",\"breadcrumb\":{\"@id\":\"https:\\\/\\\/antderground.com\\\/en\\\/product\\\/cubaris-panda-king-white\\\/#breadcrumb\"},\"inLanguage\":\"en-US\",\"potentialAction\":[{\"@type\":\"ReadAction\",\"target\":[\"https:\\\/\\\/antderground.com\\\/en\\\/product\\\/cubaris-panda-king-white\\\/\"]}]},{\"@type\":\"ImageObject\",\"inLanguage\":\"en-US\",\"@id\":\"https:\\\/\\\/antderground.com\\\/en\\\/product\\\/cubaris-panda-king-white\\\/#primaryimage\",\"url\":\"https:\\\/\\\/antderground.com\\\/wp-content\\\/uploads\\\/2025\\\/02\\\/Cubaris-panda-King-22White22.jpeg\",\"contentUrl\":\"https:\\\/\\\/antderground.com\\\/wp-content\\\/uploads\\\/2025\\\/02\\\/Cubaris-panda-King-22White22.jpeg\",\"width\":1400,\"height\":1400,\"caption\":\"Cubaris panda King \\\"White\\\"\"},{\"@type\":\"BreadcrumbList\",\"@id\":\"https:\\\/\\\/antderground.com\\\/en\\\/product\\\/cubaris-panda-king-white\\\/#breadcrumb\",\"itemListElement\":[{\"@type\":\"ListItem\",\"position\":1,\"name\":\"Portada\",\"item\":\"https:\\\/\\\/antderground.com\\\/en\\\/\"},{\"@type\":\"ListItem\",\"position\":2,\"name\":\"Products\",\"item\":\"https:\\\/\\\/antderground.com\\\/en\\\/myrmecology-store\\\/\"},{\"@type\":\"ListItem\",\"position\":3,\"name\":\"Cubaris panda King &#8220;White&#8221;\"}]},{\"@type\":\"WebSite\",\"@id\":\"https:\\\/\\\/antderground.com\\\/en\\\/#website\",\"url\":\"https:\\\/\\\/antderground.com\\\/en\\\/\",\"name\":\"ANTDERGROUND\",\"description\":\"Tu tienda de hormigas, gran variedad de hormigueros acr\u00edlicos,madera,arena,3D y mas.. Pide tus hormigas gratis con tu pedido, somos expertos en hormigueros antifugas.\",\"publisher\":{\"@id\":\"https:\\\/\\\/antderground.com\\\/en\\\/#\\\/schema\\\/person\\\/0e322c505e84fe72c65e2f6d08f96b81\"},\"alternateName\":\"Antderground\",\"potentialAction\":[{\"@type\":\"SearchAction\",\"target\":{\"@type\":\"EntryPoint\",\"urlTemplate\":\"https:\\\/\\\/antderground.com\\\/en\\\/?s={search_term_string}\"},\"query-input\":{\"@type\":\"PropertyValueSpecification\",\"valueRequired\":true,\"valueName\":\"search_term_string\"}}],\"inLanguage\":\"en-US\"},{\"@type\":[\"Person\",\"Organization\"],\"@id\":\"https:\\\/\\\/antderground.com\\\/en\\\/#\\\/schema\\\/person\\\/0e322c505e84fe72c65e2f6d08f96b81\",\"name\":\"Eric de Antderground\",\"image\":{\"@type\":\"ImageObject\",\"inLanguage\":\"en-US\",\"@id\":\"https:\\\/\\\/secure.gravatar.com\\\/avatar\\\/c49a1b9f79216d1498cb73c1e85cd47f4465dda35f2a94c03790d491bd4423c3?s=96&d=mm&r=g\",\"url\":\"https:\\\/\\\/secure.gravatar.com\\\/avatar\\\/c49a1b9f79216d1498cb73c1e85cd47f4465dda35f2a94c03790d491bd4423c3?s=96&d=mm&r=g\",\"contentUrl\":\"https:\\\/\\\/secure.gravatar.com\\\/avatar\\\/c49a1b9f79216d1498cb73c1e85cd47f4465dda35f2a94c03790d491bd4423c3?s=96&d=mm&r=g\",\"caption\":\"Eric de Antderground\"},\"logo\":{\"@id\":\"https:\\\/\\\/secure.gravatar.com\\\/avatar\\\/c49a1b9f79216d1498cb73c1e85cd47f4465dda35f2a94c03790d491bd4423c3?s=96&d=mm&r=g\"},\"description\":\"Eric es el especialista y fundador de Antderground, con una amplia trayectoria en artr\u00f3podos y enfocado en la mirmecolog\u00eda y el dise\u00f1o de hormigueros artificiales. Su enfoque combina la innovaci\u00f3n t\u00e9cnica con el respeto por la biolog\u00eda de las hormigas, is\u00f3podos y otros, desarrollando sistemas de nidos modulares 3D y acr\u00edlicos que son referentes para aficionados y profesionales en toda Europa. Su objetivo es facilitar la cr\u00eda de hormigas y otros artr\u00f3podos mediante soluciones seguras y divulgaci\u00f3n de calidad.\",\"sameAs\":[\"https:\\\/\\\/antderground.com\\\/\",\"https:\\\/\\\/www.youtube.com\\\/channel\\\/UCio72z7TlbufkAthAJIJfPw\"]}]}<\/script>\n<!-- \/ Yoast SEO plugin. -->","yoast_head_json":{"title":"Cubaris panda King \"White\" | Isopods - ANTDERGROUND","description":"\ud83d\udc3c\u2744\ufe0f Discover the Cubaris Panda King White, an exotic white-toned isopod ideal for bioactive setups. Add it to your terrarium today! \ud83c\udf31\u2728","robots":{"index":"index","follow":"follow","max-snippet":"max-snippet:-1","max-image-preview":"max-image-preview:large","max-video-preview":"max-video-preview:-1"},"canonical":"https:\/\/antderground.com\/en\/product\/cubaris-panda-king-white\/","og_locale":"en_US","og_type":"article","og_title":"Cubaris panda King \"White\" | Isopods - ANTDERGROUND","og_description":"\ud83d\udc3c\u2744\ufe0f Discover the Cubaris Panda King White, an exotic white-toned isopod ideal for bioactive setups. Add it to your terrarium today! \ud83c\udf31\u2728","og_url":"https:\/\/antderground.com\/en\/product\/cubaris-panda-king-white\/","og_site_name":"ANTDERGROUND","article_modified_time":"2025-02-25T09:37:51+00:00","og_image":[{"width":1400,"height":1400,"url":"https:\/\/antderground.com\/wp-content\/uploads\/2025\/02\/Cubaris-panda-King-22White22.jpeg","type":"image\/jpeg"}],"twitter_card":"summary_large_image","twitter_misc":{"Est. reading time":"1 minute"},"schema":{"@context":"https:\/\/schema.org","@graph":[{"@type":"WebPage","@id":"https:\/\/antderground.com\/en\/product\/cubaris-panda-king-white\/","url":"https:\/\/antderground.com\/en\/product\/cubaris-panda-king-white\/","name":"Cubaris panda King \"White\" | Isopods - ANTDERGROUND","isPartOf":{"@id":"https:\/\/antderground.com\/en\/#website"},"primaryImageOfPage":{"@id":"https:\/\/antderground.com\/en\/product\/cubaris-panda-king-white\/#primaryimage"},"image":{"@id":"https:\/\/antderground.com\/en\/product\/cubaris-panda-king-white\/#primaryimage"},"thumbnailUrl":"https:\/\/antderground.com\/wp-content\/uploads\/2025\/02\/Cubaris-panda-King-22White22.jpeg","datePublished":"2025-02-24T14:28:46+00:00","dateModified":"2025-02-25T09:37:51+00:00","description":"\ud83d\udc3c\u2744\ufe0f Discover the Cubaris Panda King White, an exotic white-toned isopod ideal for bioactive setups. Add it to your terrarium today! \ud83c\udf31\u2728","breadcrumb":{"@id":"https:\/\/antderground.com\/en\/product\/cubaris-panda-king-white\/#breadcrumb"},"inLanguage":"en-US","potentialAction":[{"@type":"ReadAction","target":["https:\/\/antderground.com\/en\/product\/cubaris-panda-king-white\/"]}]},{"@type":"ImageObject","inLanguage":"en-US","@id":"https:\/\/antderground.com\/en\/product\/cubaris-panda-king-white\/#primaryimage","url":"https:\/\/antderground.com\/wp-content\/uploads\/2025\/02\/Cubaris-panda-King-22White22.jpeg","contentUrl":"https:\/\/antderground.com\/wp-content\/uploads\/2025\/02\/Cubaris-panda-King-22White22.jpeg","width":1400,"height":1400,"caption":"Cubaris panda King \"White\""},{"@type":"BreadcrumbList","@id":"https:\/\/antderground.com\/en\/product\/cubaris-panda-king-white\/#breadcrumb","itemListElement":[{"@type":"ListItem","position":1,"name":"Portada","item":"https:\/\/antderground.com\/en\/"},{"@type":"ListItem","position":2,"name":"Products","item":"https:\/\/antderground.com\/en\/myrmecology-store\/"},{"@type":"ListItem","position":3,"name":"Cubaris panda King &#8220;White&#8221;"}]},{"@type":"WebSite","@id":"https:\/\/antderground.com\/en\/#website","url":"https:\/\/antderground.com\/en\/","name":"ANTDERGROUND","description":"Tu tienda de hormigas, gran variedad de hormigueros acr\u00edlicos,madera,arena,3D y mas.. Pide tus hormigas gratis con tu pedido, somos expertos en hormigueros antifugas.","publisher":{"@id":"https:\/\/antderground.com\/en\/#\/schema\/person\/0e322c505e84fe72c65e2f6d08f96b81"},"alternateName":"Antderground","potentialAction":[{"@type":"SearchAction","target":{"@type":"EntryPoint","urlTemplate":"https:\/\/antderground.com\/en\/?s={search_term_string}"},"query-input":{"@type":"PropertyValueSpecification","valueRequired":true,"valueName":"search_term_string"}}],"inLanguage":"en-US"},{"@type":["Person","Organization"],"@id":"https:\/\/antderground.com\/en\/#\/schema\/person\/0e322c505e84fe72c65e2f6d08f96b81","name":"Eric de Antderground","image":{"@type":"ImageObject","inLanguage":"en-US","@id":"https:\/\/secure.gravatar.com\/avatar\/c49a1b9f79216d1498cb73c1e85cd47f4465dda35f2a94c03790d491bd4423c3?s=96&d=mm&r=g","url":"https:\/\/secure.gravatar.com\/avatar\/c49a1b9f79216d1498cb73c1e85cd47f4465dda35f2a94c03790d491bd4423c3?s=96&d=mm&r=g","contentUrl":"https:\/\/secure.gravatar.com\/avatar\/c49a1b9f79216d1498cb73c1e85cd47f4465dda35f2a94c03790d491bd4423c3?s=96&d=mm&r=g","caption":"Eric de Antderground"},"logo":{"@id":"https:\/\/secure.gravatar.com\/avatar\/c49a1b9f79216d1498cb73c1e85cd47f4465dda35f2a94c03790d491bd4423c3?s=96&d=mm&r=g"},"description":"Eric es el especialista y fundador de Antderground, con una amplia trayectoria en artr\u00f3podos y enfocado en la mirmecolog\u00eda y el dise\u00f1o de hormigueros artificiales. Su enfoque combina la innovaci\u00f3n t\u00e9cnica con el respeto por la biolog\u00eda de las hormigas, is\u00f3podos y otros, desarrollando sistemas de nidos modulares 3D y acr\u00edlicos que son referentes para aficionados y profesionales en toda Europa. Su objetivo es facilitar la cr\u00eda de hormigas y otros artr\u00f3podos mediante soluciones seguras y divulgaci\u00f3n de calidad.","sameAs":["https:\/\/antderground.com\/","https:\/\/www.youtube.com\/channel\/UCio72z7TlbufkAthAJIJfPw"]}]}},"_links":{"self":[{"href":"https:\/\/antderground.com\/en\/wp-json\/wp\/v2\/product\/40528","targetHints":{"allow":["GET"]}}],"collection":[{"href":"https:\/\/antderground.com\/en\/wp-json\/wp\/v2\/product"}],"about":[{"href":"https:\/\/antderground.com\/en\/wp-json\/wp\/v2\/types\/product"}],"version-history":[{"count":0,"href":"https:\/\/antderground.com\/en\/wp-json\/wp\/v2\/product\/40528\/revisions"}],"wp:featuredmedia":[{"embeddable":true,"href":"https:\/\/antderground.com\/en\/wp-json\/wp\/v2\/media\/40513"}],"wp:attachment":[{"href":"https:\/\/antderground.com\/en\/wp-json\/wp\/v2\/media?parent=40528"}],"wp:term":[{"taxonomy":"product_brand","embeddable":true,"href":"https:\/\/antderground.com\/en\/wp-json\/wp\/v2\/product_brand?post=40528"},{"taxonomy":"product_cat","embeddable":true,"href":"https:\/\/antderground.com\/en\/wp-json\/wp\/v2\/product_cat?post=40528"},{"taxonomy":"product_tag","embeddable":true,"href":"https:\/\/antderground.com\/en\/wp-json\/wp\/v2\/product_tag?post=40528"}],"curies":[{"name":"wp","href":"https:\/\/api.w.org\/{rel}","templated":true}]}}