{"id":40558,"date":"2025-02-21T16:19:40","date_gmt":"2025-02-21T15:19:40","guid":{"rendered":"https:\/\/www.antderground.com\/producto\/pilea-peperomioides\/"},"modified":"2025-02-25T17:23:52","modified_gmt":"2025-02-25T16:23:52","slug":"pilea-peperomioides","status":"publish","type":"product","link":"https:\/\/antderground.com\/en\/product\/pilea-peperomioides\/","title":{"rendered":"Pilea Peperomioides"},"content":{"rendered":"<h3 data-start=\"0\" data-end=\"47\"><strong data-start=\"4\" data-end=\"45\">Technical Sheet\u00a0 (Pilea Peperomioides)<\/strong><\/h3>\n<p data-start=\"49\" data-end=\"168\"><strong data-start=\"49\" data-end=\"65\">Common Name:<\/strong> Chinese Money Plant, UFO Plant<br data-start=\"96\" data-end=\"99\" \/><strong data-start=\"99\" data-end=\"119\">Scientific Name:<\/strong> <em data-start=\"120\" data-end=\"141\">Pilea peperomioides<\/em><br data-start=\"141\" data-end=\"144\" \/><strong data-start=\"144\" data-end=\"155\">Family:<\/strong> Urticaceae<\/p>\n<h3 data-start=\"170\" data-end=\"191\"><strong data-start=\"174\" data-end=\"189\">Description<\/strong><\/h3>\n<p data-start=\"192\" data-end=\"398\">The <strong data-start=\"196\" data-end=\"219\">Pilea peperomioides<\/strong> is a popular houseplant known for its distinctive round leaves and compact growth. Native to southwestern China, it is easy to care for and adapts well to various environments.<\/p>\n<h3 data-start=\"400\" data-end=\"414\"><strong data-start=\"404\" data-end=\"412\">Care<\/strong><\/h3>\n<ul data-start=\"416\" data-end=\"1074\">\n<li data-start=\"416\" data-end=\"520\"><strong data-start=\"418\" data-end=\"428\">Light:<\/strong> Prefers bright, indirect light. Avoid prolonged direct sun exposure to prevent leaf burn.<\/li>\n<li data-start=\"521\" data-end=\"609\"><strong data-start=\"523\" data-end=\"536\">Watering:<\/strong> Moderate; water when the top layer of soil is dry. Avoid overwatering.<\/li>\n<li data-start=\"610\" data-end=\"686\"><strong data-start=\"612\" data-end=\"625\">Humidity:<\/strong> Not demanding but appreciates slightly humid environments.<\/li>\n<li data-start=\"687\" data-end=\"790\"><strong data-start=\"689\" data-end=\"705\">Temperature:<\/strong> Ideal between 18-25\u00b0C (64-77\u00b0F). Does not tolerate temperatures below 10\u00b0C (50\u00b0F).<\/li>\n<li data-start=\"791\" data-end=\"880\"><strong data-start=\"793\" data-end=\"802\">Soil:<\/strong> Light and well-draining, ideally with peat and perlite for better aeration.<\/li>\n<li data-start=\"881\" data-end=\"982\"><strong data-start=\"883\" data-end=\"901\">Fertilization:<\/strong> Apply liquid fertilizer for green plants every 2-3 weeks in spring and summer.<\/li>\n<li data-start=\"983\" data-end=\"1074\"><strong data-start=\"985\" data-end=\"997\">Pruning:<\/strong> Not frequently needed, but it\u2019s advisable to remove dry or damaged leaves.<\/li>\n<\/ul>\n<h3 data-start=\"1076\" data-end=\"1094\"><strong data-start=\"1080\" data-end=\"1092\">Benefits<\/strong><\/h3>\n<p data-start=\"1096\" data-end=\"1289\">\u2705 Easy to care for, perfect for beginners.<br data-start=\"1138\" data-end=\"1141\" \/>\u2705 Purifies the air.<br data-start=\"1160\" data-end=\"1163\" \/>\u2705 Fast-growing and easy to propagate through offsets.<br data-start=\"1216\" data-end=\"1219\" \/>\u2705 Adds a modern decorative touch with its round, symmetrical leaves.<\/p>\n<h3 data-start=\"1291\" data-end=\"1305\"><strong data-start=\"1295\" data-end=\"1303\">Uses<\/strong><\/h3>\n<ul data-start=\"1307\" data-end=\"1439\">\n<li data-start=\"1307\" data-end=\"1376\"><strong data-start=\"1309\" data-end=\"1333\">Interior Decoration:<\/strong> Perfect for offices, desks, and shelves.<\/li>\n<li data-start=\"1377\" data-end=\"1439\"><strong data-start=\"1379\" data-end=\"1388\">Gift:<\/strong> Popular as a symbol of prosperity and good luck.<\/li>\n<\/ul>\n","protected":false},"excerpt":{"rendered":"<p>Give your home a fresh and modern touch with <strong data-start=\"1542\" data-end=\"1565\">Pilea peperomioides<\/strong>! \ud83c\udf3f Its round, vibrant leaves not only beautify your space but also attract good energy. Easy to care for and perfect for any corner! \ud83d\udc9a<\/p>\n<p><strong>Features:<\/strong><\/p>\n<ul>\n<li>Pot size: 12 cm.<\/li>\n<li>Indoor.<\/li>\n<\/ul>\n","protected":false},"featured_media":40440,"template":"","meta":[],"product_brand":[],"product_cat":[635],"product_tag":[],"class_list":{"0":"post-40558","1":"product","2":"type-product","3":"status-publish","4":"has-post-thumbnail","6":"product_cat-natural-plants","8":"first","9":"instock","10":"shipping-taxable","11":"purchasable","12":"product-type-simple"},"yoast_head":"<!-- This site is optimized with the Yoast SEO plugin v27.3 - https:\/\/yoast.com\/product\/yoast-seo-wordpress\/ -->\n<title>Pilea Peperomioides | indoor plant - ANTDERGROUND<\/title>\n<meta name=\"description\" content=\"Beautify your home with Pilea peperomioides \ud83c\udf3f. Easy to care for, decorative, and full of positive energy. Bring life to your space! \ud83d\udc9a\" \/>\n<meta name=\"robots\" content=\"index, follow, max-snippet:-1, max-image-preview:large, max-video-preview:-1\" \/>\n<link rel=\"canonical\" href=\"https:\/\/antderground.com\/en\/product\/pilea-peperomioides\/\" \/>\n<meta property=\"og:locale\" content=\"en_US\" \/>\n<meta property=\"og:type\" content=\"article\" \/>\n<meta property=\"og:title\" content=\"Pilea Peperomioides | indoor plant - ANTDERGROUND\" \/>\n<meta property=\"og:description\" content=\"Beautify your home with Pilea peperomioides \ud83c\udf3f. Easy to care for, decorative, and full of positive energy. Bring life to your space! \ud83d\udc9a\" \/>\n<meta property=\"og:url\" content=\"https:\/\/antderground.com\/en\/product\/pilea-peperomioides\/\" \/>\n<meta property=\"og:site_name\" content=\"ANTDERGROUND\" \/>\n<meta property=\"article:modified_time\" content=\"2025-02-25T16:23:52+00:00\" \/>\n<meta property=\"og:image\" content=\"https:\/\/antderground.com\/wp-content\/uploads\/2025\/02\/Pilea-Peperomioides-planta-natural-.jpg\" \/>\n\t<meta property=\"og:image:width\" content=\"1417\" \/>\n\t<meta property=\"og:image:height\" content=\"1417\" \/>\n\t<meta property=\"og:image:type\" content=\"image\/jpeg\" \/>\n<meta name=\"twitter:card\" content=\"summary_large_image\" \/>\n<meta name=\"twitter:label1\" content=\"Est. reading time\" \/>\n\t<meta name=\"twitter:data1\" content=\"1 minute\" \/>\n<script type=\"application\/ld+json\" class=\"yoast-schema-graph\">{\"@context\":\"https:\\\/\\\/schema.org\",\"@graph\":[{\"@type\":\"WebPage\",\"@id\":\"https:\\\/\\\/antderground.com\\\/en\\\/product\\\/pilea-peperomioides\\\/\",\"url\":\"https:\\\/\\\/antderground.com\\\/en\\\/product\\\/pilea-peperomioides\\\/\",\"name\":\"Pilea Peperomioides | indoor plant - ANTDERGROUND\",\"isPartOf\":{\"@id\":\"https:\\\/\\\/antderground.com\\\/en\\\/#website\"},\"primaryImageOfPage\":{\"@id\":\"https:\\\/\\\/antderground.com\\\/en\\\/product\\\/pilea-peperomioides\\\/#primaryimage\"},\"image\":{\"@id\":\"https:\\\/\\\/antderground.com\\\/en\\\/product\\\/pilea-peperomioides\\\/#primaryimage\"},\"thumbnailUrl\":\"https:\\\/\\\/antderground.com\\\/wp-content\\\/uploads\\\/2025\\\/02\\\/Pilea-Peperomioides-planta-natural-.jpg\",\"datePublished\":\"2025-02-21T15:19:40+00:00\",\"dateModified\":\"2025-02-25T16:23:52+00:00\",\"description\":\"Beautify your home with Pilea peperomioides \ud83c\udf3f. Easy to care for, decorative, and full of positive energy. Bring life to your space! \ud83d\udc9a\",\"breadcrumb\":{\"@id\":\"https:\\\/\\\/antderground.com\\\/en\\\/product\\\/pilea-peperomioides\\\/#breadcrumb\"},\"inLanguage\":\"en-US\",\"potentialAction\":[{\"@type\":\"ReadAction\",\"target\":[\"https:\\\/\\\/antderground.com\\\/en\\\/product\\\/pilea-peperomioides\\\/\"]}]},{\"@type\":\"ImageObject\",\"inLanguage\":\"en-US\",\"@id\":\"https:\\\/\\\/antderground.com\\\/en\\\/product\\\/pilea-peperomioides\\\/#primaryimage\",\"url\":\"https:\\\/\\\/antderground.com\\\/wp-content\\\/uploads\\\/2025\\\/02\\\/Pilea-Peperomioides-planta-natural-.jpg\",\"contentUrl\":\"https:\\\/\\\/antderground.com\\\/wp-content\\\/uploads\\\/2025\\\/02\\\/Pilea-Peperomioides-planta-natural-.jpg\",\"width\":1417,\"height\":1417,\"caption\":\"Pilea Peperomioides planta natural\"},{\"@type\":\"BreadcrumbList\",\"@id\":\"https:\\\/\\\/antderground.com\\\/en\\\/product\\\/pilea-peperomioides\\\/#breadcrumb\",\"itemListElement\":[{\"@type\":\"ListItem\",\"position\":1,\"name\":\"Portada\",\"item\":\"https:\\\/\\\/antderground.com\\\/en\\\/\"},{\"@type\":\"ListItem\",\"position\":2,\"name\":\"Products\",\"item\":\"https:\\\/\\\/antderground.com\\\/en\\\/myrmecology-store\\\/\"},{\"@type\":\"ListItem\",\"position\":3,\"name\":\"Pilea Peperomioides\"}]},{\"@type\":\"WebSite\",\"@id\":\"https:\\\/\\\/antderground.com\\\/en\\\/#website\",\"url\":\"https:\\\/\\\/antderground.com\\\/en\\\/\",\"name\":\"ANTDERGROUND\",\"description\":\"Tu tienda de hormigas, gran variedad de hormigueros acr\u00edlicos,madera,arena,3D y mas.. Pide tus hormigas gratis con tu pedido, somos expertos en hormigueros antifugas.\",\"publisher\":{\"@id\":\"https:\\\/\\\/antderground.com\\\/en\\\/#\\\/schema\\\/person\\\/0e322c505e84fe72c65e2f6d08f96b81\"},\"alternateName\":\"Antderground\",\"potentialAction\":[{\"@type\":\"SearchAction\",\"target\":{\"@type\":\"EntryPoint\",\"urlTemplate\":\"https:\\\/\\\/antderground.com\\\/en\\\/?s={search_term_string}\"},\"query-input\":{\"@type\":\"PropertyValueSpecification\",\"valueRequired\":true,\"valueName\":\"search_term_string\"}}],\"inLanguage\":\"en-US\"},{\"@type\":[\"Person\",\"Organization\"],\"@id\":\"https:\\\/\\\/antderground.com\\\/en\\\/#\\\/schema\\\/person\\\/0e322c505e84fe72c65e2f6d08f96b81\",\"name\":\"Eric de Antderground\",\"image\":{\"@type\":\"ImageObject\",\"inLanguage\":\"en-US\",\"@id\":\"https:\\\/\\\/secure.gravatar.com\\\/avatar\\\/c49a1b9f79216d1498cb73c1e85cd47f4465dda35f2a94c03790d491bd4423c3?s=96&d=mm&r=g\",\"url\":\"https:\\\/\\\/secure.gravatar.com\\\/avatar\\\/c49a1b9f79216d1498cb73c1e85cd47f4465dda35f2a94c03790d491bd4423c3?s=96&d=mm&r=g\",\"contentUrl\":\"https:\\\/\\\/secure.gravatar.com\\\/avatar\\\/c49a1b9f79216d1498cb73c1e85cd47f4465dda35f2a94c03790d491bd4423c3?s=96&d=mm&r=g\",\"caption\":\"Eric de Antderground\"},\"logo\":{\"@id\":\"https:\\\/\\\/secure.gravatar.com\\\/avatar\\\/c49a1b9f79216d1498cb73c1e85cd47f4465dda35f2a94c03790d491bd4423c3?s=96&d=mm&r=g\"},\"description\":\"Eric es el especialista y fundador de Antderground, con una amplia trayectoria en artr\u00f3podos y enfocado en la mirmecolog\u00eda y el dise\u00f1o de hormigueros artificiales. Su enfoque combina la innovaci\u00f3n t\u00e9cnica con el respeto por la biolog\u00eda de las hormigas, is\u00f3podos y otros, desarrollando sistemas de nidos modulares 3D y acr\u00edlicos que son referentes para aficionados y profesionales en toda Europa. Su objetivo es facilitar la cr\u00eda de hormigas y otros artr\u00f3podos mediante soluciones seguras y divulgaci\u00f3n de calidad.\",\"sameAs\":[\"https:\\\/\\\/antderground.com\\\/\",\"https:\\\/\\\/www.youtube.com\\\/channel\\\/UCio72z7TlbufkAthAJIJfPw\"]}]}<\/script>\n<!-- \/ Yoast SEO plugin. -->","yoast_head_json":{"title":"Pilea Peperomioides | indoor plant - ANTDERGROUND","description":"Beautify your home with Pilea peperomioides \ud83c\udf3f. Easy to care for, decorative, and full of positive energy. Bring life to your space! \ud83d\udc9a","robots":{"index":"index","follow":"follow","max-snippet":"max-snippet:-1","max-image-preview":"max-image-preview:large","max-video-preview":"max-video-preview:-1"},"canonical":"https:\/\/antderground.com\/en\/product\/pilea-peperomioides\/","og_locale":"en_US","og_type":"article","og_title":"Pilea Peperomioides | indoor plant - ANTDERGROUND","og_description":"Beautify your home with Pilea peperomioides \ud83c\udf3f. Easy to care for, decorative, and full of positive energy. Bring life to your space! \ud83d\udc9a","og_url":"https:\/\/antderground.com\/en\/product\/pilea-peperomioides\/","og_site_name":"ANTDERGROUND","article_modified_time":"2025-02-25T16:23:52+00:00","og_image":[{"width":1417,"height":1417,"url":"https:\/\/antderground.com\/wp-content\/uploads\/2025\/02\/Pilea-Peperomioides-planta-natural-.jpg","type":"image\/jpeg"}],"twitter_card":"summary_large_image","twitter_misc":{"Est. reading time":"1 minute"},"schema":{"@context":"https:\/\/schema.org","@graph":[{"@type":"WebPage","@id":"https:\/\/antderground.com\/en\/product\/pilea-peperomioides\/","url":"https:\/\/antderground.com\/en\/product\/pilea-peperomioides\/","name":"Pilea Peperomioides | indoor plant - ANTDERGROUND","isPartOf":{"@id":"https:\/\/antderground.com\/en\/#website"},"primaryImageOfPage":{"@id":"https:\/\/antderground.com\/en\/product\/pilea-peperomioides\/#primaryimage"},"image":{"@id":"https:\/\/antderground.com\/en\/product\/pilea-peperomioides\/#primaryimage"},"thumbnailUrl":"https:\/\/antderground.com\/wp-content\/uploads\/2025\/02\/Pilea-Peperomioides-planta-natural-.jpg","datePublished":"2025-02-21T15:19:40+00:00","dateModified":"2025-02-25T16:23:52+00:00","description":"Beautify your home with Pilea peperomioides \ud83c\udf3f. Easy to care for, decorative, and full of positive energy. Bring life to your space! \ud83d\udc9a","breadcrumb":{"@id":"https:\/\/antderground.com\/en\/product\/pilea-peperomioides\/#breadcrumb"},"inLanguage":"en-US","potentialAction":[{"@type":"ReadAction","target":["https:\/\/antderground.com\/en\/product\/pilea-peperomioides\/"]}]},{"@type":"ImageObject","inLanguage":"en-US","@id":"https:\/\/antderground.com\/en\/product\/pilea-peperomioides\/#primaryimage","url":"https:\/\/antderground.com\/wp-content\/uploads\/2025\/02\/Pilea-Peperomioides-planta-natural-.jpg","contentUrl":"https:\/\/antderground.com\/wp-content\/uploads\/2025\/02\/Pilea-Peperomioides-planta-natural-.jpg","width":1417,"height":1417,"caption":"Pilea Peperomioides planta natural"},{"@type":"BreadcrumbList","@id":"https:\/\/antderground.com\/en\/product\/pilea-peperomioides\/#breadcrumb","itemListElement":[{"@type":"ListItem","position":1,"name":"Portada","item":"https:\/\/antderground.com\/en\/"},{"@type":"ListItem","position":2,"name":"Products","item":"https:\/\/antderground.com\/en\/myrmecology-store\/"},{"@type":"ListItem","position":3,"name":"Pilea Peperomioides"}]},{"@type":"WebSite","@id":"https:\/\/antderground.com\/en\/#website","url":"https:\/\/antderground.com\/en\/","name":"ANTDERGROUND","description":"Tu tienda de hormigas, gran variedad de hormigueros acr\u00edlicos,madera,arena,3D y mas.. Pide tus hormigas gratis con tu pedido, somos expertos en hormigueros antifugas.","publisher":{"@id":"https:\/\/antderground.com\/en\/#\/schema\/person\/0e322c505e84fe72c65e2f6d08f96b81"},"alternateName":"Antderground","potentialAction":[{"@type":"SearchAction","target":{"@type":"EntryPoint","urlTemplate":"https:\/\/antderground.com\/en\/?s={search_term_string}"},"query-input":{"@type":"PropertyValueSpecification","valueRequired":true,"valueName":"search_term_string"}}],"inLanguage":"en-US"},{"@type":["Person","Organization"],"@id":"https:\/\/antderground.com\/en\/#\/schema\/person\/0e322c505e84fe72c65e2f6d08f96b81","name":"Eric de Antderground","image":{"@type":"ImageObject","inLanguage":"en-US","@id":"https:\/\/secure.gravatar.com\/avatar\/c49a1b9f79216d1498cb73c1e85cd47f4465dda35f2a94c03790d491bd4423c3?s=96&d=mm&r=g","url":"https:\/\/secure.gravatar.com\/avatar\/c49a1b9f79216d1498cb73c1e85cd47f4465dda35f2a94c03790d491bd4423c3?s=96&d=mm&r=g","contentUrl":"https:\/\/secure.gravatar.com\/avatar\/c49a1b9f79216d1498cb73c1e85cd47f4465dda35f2a94c03790d491bd4423c3?s=96&d=mm&r=g","caption":"Eric de Antderground"},"logo":{"@id":"https:\/\/secure.gravatar.com\/avatar\/c49a1b9f79216d1498cb73c1e85cd47f4465dda35f2a94c03790d491bd4423c3?s=96&d=mm&r=g"},"description":"Eric es el especialista y fundador de Antderground, con una amplia trayectoria en artr\u00f3podos y enfocado en la mirmecolog\u00eda y el dise\u00f1o de hormigueros artificiales. Su enfoque combina la innovaci\u00f3n t\u00e9cnica con el respeto por la biolog\u00eda de las hormigas, is\u00f3podos y otros, desarrollando sistemas de nidos modulares 3D y acr\u00edlicos que son referentes para aficionados y profesionales en toda Europa. Su objetivo es facilitar la cr\u00eda de hormigas y otros artr\u00f3podos mediante soluciones seguras y divulgaci\u00f3n de calidad.","sameAs":["https:\/\/antderground.com\/","https:\/\/www.youtube.com\/channel\/UCio72z7TlbufkAthAJIJfPw"]}]}},"_links":{"self":[{"href":"https:\/\/antderground.com\/en\/wp-json\/wp\/v2\/product\/40558","targetHints":{"allow":["GET"]}}],"collection":[{"href":"https:\/\/antderground.com\/en\/wp-json\/wp\/v2\/product"}],"about":[{"href":"https:\/\/antderground.com\/en\/wp-json\/wp\/v2\/types\/product"}],"version-history":[{"count":0,"href":"https:\/\/antderground.com\/en\/wp-json\/wp\/v2\/product\/40558\/revisions"}],"wp:featuredmedia":[{"embeddable":true,"href":"https:\/\/antderground.com\/en\/wp-json\/wp\/v2\/media\/40440"}],"wp:attachment":[{"href":"https:\/\/antderground.com\/en\/wp-json\/wp\/v2\/media?parent=40558"}],"wp:term":[{"taxonomy":"product_brand","embeddable":true,"href":"https:\/\/antderground.com\/en\/wp-json\/wp\/v2\/product_brand?post=40558"},{"taxonomy":"product_cat","embeddable":true,"href":"https:\/\/antderground.com\/en\/wp-json\/wp\/v2\/product_cat?post=40558"},{"taxonomy":"product_tag","embeddable":true,"href":"https:\/\/antderground.com\/en\/wp-json\/wp\/v2\/product_tag?post=40558"}],"curies":[{"name":"wp","href":"https:\/\/api.w.org\/{rel}","templated":true}]}}