{"id":40694,"date":"2025-03-03T15:28:09","date_gmt":"2025-03-03T14:28:09","guid":{"rendered":"https:\/\/www.antderground.com\/producto\/neoregelia-pink\/"},"modified":"2025-03-03T15:28:09","modified_gmt":"2025-03-03T14:28:09","slug":"neoregelia-pink","status":"publish","type":"product","link":"https:\/\/antderground.com\/en\/product\/neoregelia-pink\/","title":{"rendered":"Neoregelia Pink"},"content":{"rendered":"<p data-start=\"1119\" data-end=\"1255\"><strong data-start=\"1153\" data-end=\"1168\">Common Name<\/strong>: Neoregelia Pink<br data-start=\"1185\" data-end=\"1188\" \/><strong data-start=\"1188\" data-end=\"1207\">Scientific Name<\/strong>: <em data-start=\"1209\" data-end=\"1226\">Neoregelia spp.<\/em><br data-start=\"1226\" data-end=\"1229\" \/><strong data-start=\"1229\" data-end=\"1239\">Family<\/strong>: Bromeliaceae<\/p>\n<p data-start=\"1257\" data-end=\"1508\"><strong data-start=\"1257\" data-end=\"1272\">Description<\/strong>:<br data-start=\"1273\" data-end=\"1276\" \/>The <strong data-start=\"1280\" data-end=\"1299\">Neoregelia Pink<\/strong> is a small to medium-sized bromeliad with striking pink leaves in the center, making it a highly decorative plant. Its leaves are rigid and form a rosette. As it matures, the pink center becomes more intense.<\/p>\n<p data-start=\"1510\" data-end=\"1525\"><strong data-start=\"1510\" data-end=\"1522\">Features<\/strong>:<\/p>\n<ul data-start=\"1526\" data-end=\"1828\">\n<li data-start=\"1526\" data-end=\"1566\"><strong data-start=\"1528\" data-end=\"1536\">Size<\/strong>: Can grow up to 20 cm tall.<\/li>\n<li data-start=\"1567\" data-end=\"1619\"><strong data-start=\"1569\" data-end=\"1578\">Color<\/strong>: Pink in the center, with green edges.<\/li>\n<li data-start=\"1620\" data-end=\"1658\"><strong data-start=\"1622\" data-end=\"1631\">Light<\/strong>: Prefers indirect light.<\/li>\n<li data-start=\"1659\" data-end=\"1702\"><strong data-start=\"1661\" data-end=\"1676\">Temperature<\/strong>: Ideal between 18-26\u00b0C.<\/li>\n<li data-start=\"1703\" data-end=\"1772\"><strong data-start=\"1705\" data-end=\"1717\">Humidity<\/strong>: Requires a humid environment, great for terrariums.<\/li>\n<li data-start=\"1773\" data-end=\"1828\"><strong data-start=\"1775\" data-end=\"1784\">Water<\/strong>: Water mainly in the center of the rosette.<\/li>\n<\/ul>\n<p data-start=\"1830\" data-end=\"1841\"><strong data-start=\"1830\" data-end=\"1838\">Uses<\/strong>:<\/p>\n<ul data-start=\"1842\" data-end=\"1980\">\n<li data-start=\"1842\" data-end=\"1899\"><strong data-start=\"1844\" data-end=\"1865\">Indoor decoration<\/strong>: Perfect for homes and offices.<\/li>\n<li data-start=\"1900\" data-end=\"1980\"><strong data-start=\"1902\" data-end=\"1932\">Terrariums and Paludariums<\/strong>: Ideal for tropical terrariums and paludariums.<\/li>\n<\/ul>\n<p data-start=\"1982\" data-end=\"1997\"><strong data-start=\"1982\" data-end=\"1994\">Benefits<\/strong>:<\/p>\n<ul data-start=\"1998\" data-end=\"2118\">\n<li data-start=\"1998\" data-end=\"2046\"><strong data-start=\"2000\" data-end=\"2016\">Air purifier<\/strong>: Helps improve air quality.<\/li>\n<li data-start=\"2047\" data-end=\"2080\"><strong data-start=\"2049\" data-end=\"2062\">Non-toxic<\/strong>: Safe for pets.<\/li>\n<li data-start=\"2081\" data-end=\"2118\"><strong data-start=\"2083\" data-end=\"2096\">Easy care<\/strong>: Great for beginners.<\/li>\n<\/ul>\n","protected":false},"excerpt":{"rendered":"<p>Add color and freshness to your space with Neoregelia Pink! This bromeliad with vibrant pink leaves is perfect for interiors and terrariums, easy to care for, and pet-safe.<\/p>\n","protected":false},"featured_media":40679,"template":"","meta":[],"product_brand":[],"product_cat":[635],"product_tag":[],"class_list":{"0":"post-40694","1":"product","2":"type-product","3":"status-publish","4":"has-post-thumbnail","6":"product_cat-natural-plants","8":"first","9":"instock","10":"shipping-taxable","11":"purchasable","12":"product-type-simple"},"yoast_head":"<!-- This site is optimized with the Yoast SEO plugin v27.3 - https:\/\/yoast.com\/product\/yoast-seo-wordpress\/ -->\n<title>Neoregelia Pink | Plants for terrariums - ANTDERGROUND<\/title>\n<meta name=\"description\" content=\"Add color and freshness to your space with Neoregelia Pink \ud83c\udf38. Perfect for interiors and terrariums, easy to care for and pet-safe \ud83d\udc3e\" \/>\n<meta name=\"robots\" content=\"index, follow, max-snippet:-1, max-image-preview:large, max-video-preview:-1\" \/>\n<link rel=\"canonical\" href=\"https:\/\/antderground.com\/en\/product\/neoregelia-pink\/\" \/>\n<meta property=\"og:locale\" content=\"en_US\" \/>\n<meta property=\"og:type\" content=\"article\" \/>\n<meta property=\"og:title\" content=\"Neoregelia Pink | Plants for terrariums - ANTDERGROUND\" \/>\n<meta property=\"og:description\" content=\"Add color and freshness to your space with Neoregelia Pink \ud83c\udf38. Perfect for interiors and terrariums, easy to care for and pet-safe \ud83d\udc3e\" \/>\n<meta property=\"og:url\" content=\"https:\/\/antderground.com\/en\/product\/neoregelia-pink\/\" \/>\n<meta property=\"og:site_name\" content=\"ANTDERGROUND\" \/>\n<meta property=\"og:image\" content=\"https:\/\/antderground.com\/wp-content\/uploads\/2025\/03\/Neoregelia-Pink-1.jpeg\" \/>\n\t<meta property=\"og:image:width\" content=\"1600\" \/>\n\t<meta property=\"og:image:height\" content=\"1600\" \/>\n\t<meta property=\"og:image:type\" content=\"image\/jpeg\" \/>\n<meta name=\"twitter:card\" content=\"summary_large_image\" \/>\n<meta name=\"twitter:label1\" content=\"Est. reading time\" \/>\n\t<meta name=\"twitter:data1\" content=\"1 minute\" \/>\n<script type=\"application\/ld+json\" class=\"yoast-schema-graph\">{\"@context\":\"https:\\\/\\\/schema.org\",\"@graph\":[{\"@type\":\"WebPage\",\"@id\":\"https:\\\/\\\/antderground.com\\\/en\\\/product\\\/neoregelia-pink\\\/\",\"url\":\"https:\\\/\\\/antderground.com\\\/en\\\/product\\\/neoregelia-pink\\\/\",\"name\":\"Neoregelia Pink | Plants for terrariums - ANTDERGROUND\",\"isPartOf\":{\"@id\":\"https:\\\/\\\/antderground.com\\\/en\\\/#website\"},\"primaryImageOfPage\":{\"@id\":\"https:\\\/\\\/antderground.com\\\/en\\\/product\\\/neoregelia-pink\\\/#primaryimage\"},\"image\":{\"@id\":\"https:\\\/\\\/antderground.com\\\/en\\\/product\\\/neoregelia-pink\\\/#primaryimage\"},\"thumbnailUrl\":\"https:\\\/\\\/antderground.com\\\/wp-content\\\/uploads\\\/2025\\\/03\\\/Neoregelia-Pink-1.jpeg\",\"datePublished\":\"2025-03-03T14:28:09+00:00\",\"description\":\"Add color and freshness to your space with Neoregelia Pink \ud83c\udf38. Perfect for interiors and terrariums, easy to care for and pet-safe \ud83d\udc3e\",\"breadcrumb\":{\"@id\":\"https:\\\/\\\/antderground.com\\\/en\\\/product\\\/neoregelia-pink\\\/#breadcrumb\"},\"inLanguage\":\"en-US\",\"potentialAction\":[{\"@type\":\"ReadAction\",\"target\":[\"https:\\\/\\\/antderground.com\\\/en\\\/product\\\/neoregelia-pink\\\/\"]}]},{\"@type\":\"ImageObject\",\"inLanguage\":\"en-US\",\"@id\":\"https:\\\/\\\/antderground.com\\\/en\\\/product\\\/neoregelia-pink\\\/#primaryimage\",\"url\":\"https:\\\/\\\/antderground.com\\\/wp-content\\\/uploads\\\/2025\\\/03\\\/Neoregelia-Pink-1.jpeg\",\"contentUrl\":\"https:\\\/\\\/antderground.com\\\/wp-content\\\/uploads\\\/2025\\\/03\\\/Neoregelia-Pink-1.jpeg\",\"width\":1600,\"height\":1600,\"caption\":\"Neoregelia Pink\"},{\"@type\":\"BreadcrumbList\",\"@id\":\"https:\\\/\\\/antderground.com\\\/en\\\/product\\\/neoregelia-pink\\\/#breadcrumb\",\"itemListElement\":[{\"@type\":\"ListItem\",\"position\":1,\"name\":\"Portada\",\"item\":\"https:\\\/\\\/antderground.com\\\/en\\\/\"},{\"@type\":\"ListItem\",\"position\":2,\"name\":\"Products\",\"item\":\"https:\\\/\\\/antderground.com\\\/en\\\/myrmecology-store\\\/\"},{\"@type\":\"ListItem\",\"position\":3,\"name\":\"Neoregelia Pink\"}]},{\"@type\":\"WebSite\",\"@id\":\"https:\\\/\\\/antderground.com\\\/en\\\/#website\",\"url\":\"https:\\\/\\\/antderground.com\\\/en\\\/\",\"name\":\"ANTDERGROUND\",\"description\":\"Tu tienda de hormigas, gran variedad de hormigueros acr\u00edlicos,madera,arena,3D y mas.. Pide tus hormigas gratis con tu pedido, somos expertos en hormigueros antifugas.\",\"publisher\":{\"@id\":\"https:\\\/\\\/antderground.com\\\/en\\\/#\\\/schema\\\/person\\\/0e322c505e84fe72c65e2f6d08f96b81\"},\"alternateName\":\"Antderground\",\"potentialAction\":[{\"@type\":\"SearchAction\",\"target\":{\"@type\":\"EntryPoint\",\"urlTemplate\":\"https:\\\/\\\/antderground.com\\\/en\\\/?s={search_term_string}\"},\"query-input\":{\"@type\":\"PropertyValueSpecification\",\"valueRequired\":true,\"valueName\":\"search_term_string\"}}],\"inLanguage\":\"en-US\"},{\"@type\":[\"Person\",\"Organization\"],\"@id\":\"https:\\\/\\\/antderground.com\\\/en\\\/#\\\/schema\\\/person\\\/0e322c505e84fe72c65e2f6d08f96b81\",\"name\":\"Eric de Antderground\",\"image\":{\"@type\":\"ImageObject\",\"inLanguage\":\"en-US\",\"@id\":\"https:\\\/\\\/secure.gravatar.com\\\/avatar\\\/c49a1b9f79216d1498cb73c1e85cd47f4465dda35f2a94c03790d491bd4423c3?s=96&d=mm&r=g\",\"url\":\"https:\\\/\\\/secure.gravatar.com\\\/avatar\\\/c49a1b9f79216d1498cb73c1e85cd47f4465dda35f2a94c03790d491bd4423c3?s=96&d=mm&r=g\",\"contentUrl\":\"https:\\\/\\\/secure.gravatar.com\\\/avatar\\\/c49a1b9f79216d1498cb73c1e85cd47f4465dda35f2a94c03790d491bd4423c3?s=96&d=mm&r=g\",\"caption\":\"Eric de Antderground\"},\"logo\":{\"@id\":\"https:\\\/\\\/secure.gravatar.com\\\/avatar\\\/c49a1b9f79216d1498cb73c1e85cd47f4465dda35f2a94c03790d491bd4423c3?s=96&d=mm&r=g\"},\"description\":\"Eric es el especialista y fundador de Antderground, con una amplia trayectoria en artr\u00f3podos y enfocado en la mirmecolog\u00eda y el dise\u00f1o de hormigueros artificiales. Su enfoque combina la innovaci\u00f3n t\u00e9cnica con el respeto por la biolog\u00eda de las hormigas, is\u00f3podos y otros, desarrollando sistemas de nidos modulares 3D y acr\u00edlicos que son referentes para aficionados y profesionales en toda Europa. Su objetivo es facilitar la cr\u00eda de hormigas y otros artr\u00f3podos mediante soluciones seguras y divulgaci\u00f3n de calidad.\",\"sameAs\":[\"https:\\\/\\\/antderground.com\\\/\",\"https:\\\/\\\/www.youtube.com\\\/channel\\\/UCio72z7TlbufkAthAJIJfPw\"]}]}<\/script>\n<!-- \/ Yoast SEO plugin. -->","yoast_head_json":{"title":"Neoregelia Pink | Plants for terrariums - ANTDERGROUND","description":"Add color and freshness to your space with Neoregelia Pink \ud83c\udf38. Perfect for interiors and terrariums, easy to care for and pet-safe \ud83d\udc3e","robots":{"index":"index","follow":"follow","max-snippet":"max-snippet:-1","max-image-preview":"max-image-preview:large","max-video-preview":"max-video-preview:-1"},"canonical":"https:\/\/antderground.com\/en\/product\/neoregelia-pink\/","og_locale":"en_US","og_type":"article","og_title":"Neoregelia Pink | Plants for terrariums - ANTDERGROUND","og_description":"Add color and freshness to your space with Neoregelia Pink \ud83c\udf38. Perfect for interiors and terrariums, easy to care for and pet-safe \ud83d\udc3e","og_url":"https:\/\/antderground.com\/en\/product\/neoregelia-pink\/","og_site_name":"ANTDERGROUND","og_image":[{"width":1600,"height":1600,"url":"https:\/\/antderground.com\/wp-content\/uploads\/2025\/03\/Neoregelia-Pink-1.jpeg","type":"image\/jpeg"}],"twitter_card":"summary_large_image","twitter_misc":{"Est. reading time":"1 minute"},"schema":{"@context":"https:\/\/schema.org","@graph":[{"@type":"WebPage","@id":"https:\/\/antderground.com\/en\/product\/neoregelia-pink\/","url":"https:\/\/antderground.com\/en\/product\/neoregelia-pink\/","name":"Neoregelia Pink | Plants for terrariums - ANTDERGROUND","isPartOf":{"@id":"https:\/\/antderground.com\/en\/#website"},"primaryImageOfPage":{"@id":"https:\/\/antderground.com\/en\/product\/neoregelia-pink\/#primaryimage"},"image":{"@id":"https:\/\/antderground.com\/en\/product\/neoregelia-pink\/#primaryimage"},"thumbnailUrl":"https:\/\/antderground.com\/wp-content\/uploads\/2025\/03\/Neoregelia-Pink-1.jpeg","datePublished":"2025-03-03T14:28:09+00:00","description":"Add color and freshness to your space with Neoregelia Pink \ud83c\udf38. Perfect for interiors and terrariums, easy to care for and pet-safe \ud83d\udc3e","breadcrumb":{"@id":"https:\/\/antderground.com\/en\/product\/neoregelia-pink\/#breadcrumb"},"inLanguage":"en-US","potentialAction":[{"@type":"ReadAction","target":["https:\/\/antderground.com\/en\/product\/neoregelia-pink\/"]}]},{"@type":"ImageObject","inLanguage":"en-US","@id":"https:\/\/antderground.com\/en\/product\/neoregelia-pink\/#primaryimage","url":"https:\/\/antderground.com\/wp-content\/uploads\/2025\/03\/Neoregelia-Pink-1.jpeg","contentUrl":"https:\/\/antderground.com\/wp-content\/uploads\/2025\/03\/Neoregelia-Pink-1.jpeg","width":1600,"height":1600,"caption":"Neoregelia Pink"},{"@type":"BreadcrumbList","@id":"https:\/\/antderground.com\/en\/product\/neoregelia-pink\/#breadcrumb","itemListElement":[{"@type":"ListItem","position":1,"name":"Portada","item":"https:\/\/antderground.com\/en\/"},{"@type":"ListItem","position":2,"name":"Products","item":"https:\/\/antderground.com\/en\/myrmecology-store\/"},{"@type":"ListItem","position":3,"name":"Neoregelia Pink"}]},{"@type":"WebSite","@id":"https:\/\/antderground.com\/en\/#website","url":"https:\/\/antderground.com\/en\/","name":"ANTDERGROUND","description":"Tu tienda de hormigas, gran variedad de hormigueros acr\u00edlicos,madera,arena,3D y mas.. Pide tus hormigas gratis con tu pedido, somos expertos en hormigueros antifugas.","publisher":{"@id":"https:\/\/antderground.com\/en\/#\/schema\/person\/0e322c505e84fe72c65e2f6d08f96b81"},"alternateName":"Antderground","potentialAction":[{"@type":"SearchAction","target":{"@type":"EntryPoint","urlTemplate":"https:\/\/antderground.com\/en\/?s={search_term_string}"},"query-input":{"@type":"PropertyValueSpecification","valueRequired":true,"valueName":"search_term_string"}}],"inLanguage":"en-US"},{"@type":["Person","Organization"],"@id":"https:\/\/antderground.com\/en\/#\/schema\/person\/0e322c505e84fe72c65e2f6d08f96b81","name":"Eric de Antderground","image":{"@type":"ImageObject","inLanguage":"en-US","@id":"https:\/\/secure.gravatar.com\/avatar\/c49a1b9f79216d1498cb73c1e85cd47f4465dda35f2a94c03790d491bd4423c3?s=96&d=mm&r=g","url":"https:\/\/secure.gravatar.com\/avatar\/c49a1b9f79216d1498cb73c1e85cd47f4465dda35f2a94c03790d491bd4423c3?s=96&d=mm&r=g","contentUrl":"https:\/\/secure.gravatar.com\/avatar\/c49a1b9f79216d1498cb73c1e85cd47f4465dda35f2a94c03790d491bd4423c3?s=96&d=mm&r=g","caption":"Eric de Antderground"},"logo":{"@id":"https:\/\/secure.gravatar.com\/avatar\/c49a1b9f79216d1498cb73c1e85cd47f4465dda35f2a94c03790d491bd4423c3?s=96&d=mm&r=g"},"description":"Eric es el especialista y fundador de Antderground, con una amplia trayectoria en artr\u00f3podos y enfocado en la mirmecolog\u00eda y el dise\u00f1o de hormigueros artificiales. Su enfoque combina la innovaci\u00f3n t\u00e9cnica con el respeto por la biolog\u00eda de las hormigas, is\u00f3podos y otros, desarrollando sistemas de nidos modulares 3D y acr\u00edlicos que son referentes para aficionados y profesionales en toda Europa. Su objetivo es facilitar la cr\u00eda de hormigas y otros artr\u00f3podos mediante soluciones seguras y divulgaci\u00f3n de calidad.","sameAs":["https:\/\/antderground.com\/","https:\/\/www.youtube.com\/channel\/UCio72z7TlbufkAthAJIJfPw"]}]}},"_links":{"self":[{"href":"https:\/\/antderground.com\/en\/wp-json\/wp\/v2\/product\/40694","targetHints":{"allow":["GET"]}}],"collection":[{"href":"https:\/\/antderground.com\/en\/wp-json\/wp\/v2\/product"}],"about":[{"href":"https:\/\/antderground.com\/en\/wp-json\/wp\/v2\/types\/product"}],"version-history":[{"count":0,"href":"https:\/\/antderground.com\/en\/wp-json\/wp\/v2\/product\/40694\/revisions"}],"wp:featuredmedia":[{"embeddable":true,"href":"https:\/\/antderground.com\/en\/wp-json\/wp\/v2\/media\/40679"}],"wp:attachment":[{"href":"https:\/\/antderground.com\/en\/wp-json\/wp\/v2\/media?parent=40694"}],"wp:term":[{"taxonomy":"product_brand","embeddable":true,"href":"https:\/\/antderground.com\/en\/wp-json\/wp\/v2\/product_brand?post=40694"},{"taxonomy":"product_cat","embeddable":true,"href":"https:\/\/antderground.com\/en\/wp-json\/wp\/v2\/product_cat?post=40694"},{"taxonomy":"product_tag","embeddable":true,"href":"https:\/\/antderground.com\/en\/wp-json\/wp\/v2\/product_tag?post=40694"}],"curies":[{"name":"wp","href":"https:\/\/api.w.org\/{rel}","templated":true}]}}