{"id":40731,"date":"2025-03-04T11:22:02","date_gmt":"2025-03-04T10:22:02","guid":{"rendered":"https:\/\/www.antderground.com\/producto\/cubaris-murina-salmon-martinique\/"},"modified":"2026-02-19T15:29:06","modified_gmt":"2026-02-19T14:29:06","slug":"cubaris-murina-salmon-martinique","status":"publish","type":"product","link":"https:\/\/antderground.com\/en\/product\/cubaris-murina-salmon-martinique\/","title":{"rendered":"Cubaris murina &#8220;Salmon Martinique&#8221;"},"content":{"rendered":"<p data-start=\"4661\" data-end=\"4723\"><strong data-start=\"4661\" data-end=\"4721\">Technical Data Sheet: Cubaris murina &#8220;Salmon Martinique&#8221;<\/strong><\/p>\n<p data-start=\"4725\" data-end=\"5093\"><strong data-start=\"4725\" data-end=\"4745\">Scientific Name:<\/strong> Cubaris murina &#8220;Salmon Martinique&#8221;<br data-start=\"4780\" data-end=\"4783\" \/><strong data-start=\"4783\" data-end=\"4799\">Common Name:<\/strong> Isopod Cubaris murina &#8220;Salmon Martinique&#8221;<br data-start=\"4841\" data-end=\"4844\" \/><strong data-start=\"4844\" data-end=\"4855\">Family:<\/strong> Armadillidae<br data-start=\"4868\" data-end=\"4871\" \/><strong data-start=\"4871\" data-end=\"4882\">Origin:<\/strong> Martinique Island, Caribbean<br data-start=\"4911\" data-end=\"4914\" \/><strong data-start=\"4914\" data-end=\"4929\">Adult Size:<\/strong> Approximately 1 &#8211; 1.5 cm<br data-start=\"4954\" data-end=\"4957\" \/><strong data-start=\"4957\" data-end=\"4972\">Coloration:<\/strong> Pale salmon to orange tones with slight individual variations.<br data-start=\"5035\" data-end=\"5038\" \/><strong data-start=\"5038\" data-end=\"5051\">Lifespan:<\/strong> 1.5 &#8211; 3 years under optimal conditions.<\/p>\n<h3 data-start=\"5095\" data-end=\"5121\"><strong data-start=\"5099\" data-end=\"5119\">Habitat and Care<\/strong><\/h3>\n<p data-start=\"5122\" data-end=\"5143\"><strong data-start=\"5122\" data-end=\"5141\">Terrarium Type:<\/strong><\/p>\n<ul data-start=\"5144\" data-end=\"5273\">\n<li data-start=\"5144\" data-end=\"5200\">Humid or semi-humid terrarium with good ventilation.<\/li>\n<li data-start=\"5201\" data-end=\"5273\">Recommended substrate: coconut fiber, sphagnum moss, and dry leaves.<\/li>\n<\/ul>\n<p data-start=\"5275\" data-end=\"5290\"><strong data-start=\"5275\" data-end=\"5288\">Humidity:<\/strong><\/p>\n<ul data-start=\"5291\" data-end=\"5348\">\n<li data-start=\"5291\" data-end=\"5348\">70% &#8211; 85%, with a humid and a drier area for balance.<\/li>\n<\/ul>\n<p data-start=\"5350\" data-end=\"5368\"><strong data-start=\"5350\" data-end=\"5366\">Temperature:<\/strong><\/p>\n<ul data-start=\"5369\" data-end=\"5480\">\n<li data-start=\"5369\" data-end=\"5395\">Between 22\u00b0C and 26\u00b0C.<\/li>\n<li data-start=\"5396\" data-end=\"5480\">Cannot withstand extreme temperatures below 18\u00b0C or above 28\u00b0C for long periods.<\/li>\n<\/ul>\n<p data-start=\"5482\" data-end=\"5497\"><strong data-start=\"5482\" data-end=\"5495\">Lighting:<\/strong><\/p>\n<ul data-start=\"5498\" data-end=\"5537\">\n<li data-start=\"5498\" data-end=\"5537\">Indirect light, no direct sunlight.<\/li>\n<\/ul>\n<h3 data-start=\"5539\" data-end=\"5556\"><strong data-start=\"5543\" data-end=\"5554\">Feeding<\/strong><\/h3>\n<ul data-start=\"5557\" data-end=\"5763\">\n<li data-start=\"5557\" data-end=\"5615\">Decomposing organic matter (dry leaves, rotting wood).<\/li>\n<li data-start=\"5616\" data-end=\"5697\">Supplements: fruits, vegetables, and calcium (cuttlebone, crushed eggshells).<\/li>\n<li data-start=\"5698\" data-end=\"5763\">Occasional protein supplements (dried fish, mealworm larvae).<\/li>\n<\/ul>\n<h3 data-start=\"5765\" data-end=\"5800\"><strong data-start=\"5769\" data-end=\"5798\">Behavior and Reproduction<\/strong><\/h3>\n<p data-start=\"5801\" data-end=\"5819\"><strong data-start=\"5801\" data-end=\"5817\">Sociability:<\/strong><\/p>\n<ul data-start=\"5820\" data-end=\"5946\">\n<li data-start=\"5820\" data-end=\"5872\">Gregarious species, prefers to live in colonies.<\/li>\n<li data-start=\"5873\" data-end=\"5946\">Relatively active and more visible compared to other Cubaris species.<\/li>\n<\/ul>\n<p data-start=\"5948\" data-end=\"5967\"><strong data-start=\"5948\" data-end=\"5965\">Reproduction:<\/strong><\/p>\n<ul data-start=\"5968\" data-end=\"6131\">\n<li data-start=\"5968\" data-end=\"6020\">Constant breeding cycle under stable conditions.<\/li>\n<li data-start=\"6021\" data-end=\"6089\">The female carries the eggs in her brood pouch until they hatch.<\/li>\n<li data-start=\"6090\" data-end=\"6131\">Small offspring with moderate growth.<\/li>\n<\/ul>\n<h3 data-start=\"6133\" data-end=\"6159\"><strong data-start=\"6137\" data-end=\"6157\">Additional Notes<\/strong><\/h3>\n<ul data-start=\"6160\" data-end=\"6316\">\n<li data-start=\"6160\" data-end=\"6201\">Ideal for both beginners and experts.<\/li>\n<li data-start=\"6202\" data-end=\"6256\">Suitable for bioactive terrariums and paludariums.<\/li>\n<li data-start=\"6257\" data-end=\"6316\">Its unique coloration makes it a sought-after specimen.<\/li>\n<\/ul>\n","protected":false},"excerpt":{"rendered":"<p>Discover the <strong data-start=\"6367\" data-end=\"6405\">Cubaris murina &#8220;Salmon Martinique&#8221;<\/strong>, an exotic isopod with unique salmon hues. Perfect for bioactive setups and collections. Easy to care for, it thrives in humid terrariums. Add color and biodiversity to your habitat!<\/p>\n","protected":false},"featured_media":40720,"template":"","meta":[],"product_brand":[],"product_cat":[479,485,717],"product_tag":[],"class_list":{"0":"post-40731","1":"product","2":"type-product","3":"status-publish","4":"has-post-thumbnail","6":"product_cat-arthropods","7":"product_cat-isopods","8":"product_cat-cubaris","10":"first","11":"instock","12":"shipping-taxable","13":"purchasable","14":"product-type-variable"},"yoast_head":"<!-- This site is optimized with the Yoast SEO plugin v27.3 - https:\/\/yoast.com\/product\/yoast-seo-wordpress\/ -->\n<title>Cubaris murina &quot;Salmon Martinique&quot; | isopod store - ANTDERGROUND<\/title>\n<meta name=\"description\" content=\"\ud83d\udc1c Add color to your terrarium with Cubaris murina &quot;Salmon Martinique&quot;! Exotic isopod, perfect for bioactive setups. \ud83c\udf3f\" \/>\n<meta name=\"robots\" content=\"index, follow, max-snippet:-1, max-image-preview:large, max-video-preview:-1\" \/>\n<link rel=\"canonical\" href=\"https:\/\/antderground.com\/en\/product\/cubaris-murina-salmon-martinique\/\" \/>\n<meta property=\"og:locale\" content=\"en_US\" \/>\n<meta property=\"og:type\" content=\"article\" \/>\n<meta property=\"og:title\" content=\"Cubaris murina &quot;Salmon Martinique&quot; | isopod store - ANTDERGROUND\" \/>\n<meta property=\"og:description\" content=\"\ud83d\udc1c Add color to your terrarium with Cubaris murina &quot;Salmon Martinique&quot;! Exotic isopod, perfect for bioactive setups. \ud83c\udf3f\" \/>\n<meta property=\"og:url\" content=\"https:\/\/antderground.com\/en\/product\/cubaris-murina-salmon-martinique\/\" \/>\n<meta property=\"og:site_name\" content=\"ANTDERGROUND\" \/>\n<meta property=\"article:modified_time\" content=\"2026-02-19T14:29:06+00:00\" \/>\n<meta property=\"og:image\" content=\"https:\/\/antderground.com\/wp-content\/uploads\/2025\/03\/Cubaris-murina-22Salmon-Martinique22.jpg\" \/>\n\t<meta property=\"og:image:width\" content=\"1400\" \/>\n\t<meta property=\"og:image:height\" content=\"1400\" \/>\n\t<meta property=\"og:image:type\" content=\"image\/jpeg\" \/>\n<meta name=\"twitter:card\" content=\"summary_large_image\" \/>\n<meta name=\"twitter:label1\" content=\"Est. reading time\" \/>\n\t<meta name=\"twitter:data1\" content=\"1 minute\" \/>\n<script type=\"application\/ld+json\" class=\"yoast-schema-graph\">{\"@context\":\"https:\\\/\\\/schema.org\",\"@graph\":[{\"@type\":\"WebPage\",\"@id\":\"https:\\\/\\\/antderground.com\\\/en\\\/product\\\/cubaris-murina-salmon-martinique\\\/\",\"url\":\"https:\\\/\\\/antderground.com\\\/en\\\/product\\\/cubaris-murina-salmon-martinique\\\/\",\"name\":\"Cubaris murina \\\"Salmon Martinique\\\" | isopod store - ANTDERGROUND\",\"isPartOf\":{\"@id\":\"https:\\\/\\\/antderground.com\\\/en\\\/#website\"},\"primaryImageOfPage\":{\"@id\":\"https:\\\/\\\/antderground.com\\\/en\\\/product\\\/cubaris-murina-salmon-martinique\\\/#primaryimage\"},\"image\":{\"@id\":\"https:\\\/\\\/antderground.com\\\/en\\\/product\\\/cubaris-murina-salmon-martinique\\\/#primaryimage\"},\"thumbnailUrl\":\"https:\\\/\\\/antderground.com\\\/wp-content\\\/uploads\\\/2025\\\/03\\\/Cubaris-murina-22Salmon-Martinique22.jpg\",\"datePublished\":\"2025-03-04T10:22:02+00:00\",\"dateModified\":\"2026-02-19T14:29:06+00:00\",\"description\":\"\ud83d\udc1c Add color to your terrarium with Cubaris murina \\\"Salmon Martinique\\\"! Exotic isopod, perfect for bioactive setups. \ud83c\udf3f\",\"breadcrumb\":{\"@id\":\"https:\\\/\\\/antderground.com\\\/en\\\/product\\\/cubaris-murina-salmon-martinique\\\/#breadcrumb\"},\"inLanguage\":\"en-US\",\"potentialAction\":[{\"@type\":\"ReadAction\",\"target\":[\"https:\\\/\\\/antderground.com\\\/en\\\/product\\\/cubaris-murina-salmon-martinique\\\/\"]}]},{\"@type\":\"ImageObject\",\"inLanguage\":\"en-US\",\"@id\":\"https:\\\/\\\/antderground.com\\\/en\\\/product\\\/cubaris-murina-salmon-martinique\\\/#primaryimage\",\"url\":\"https:\\\/\\\/antderground.com\\\/wp-content\\\/uploads\\\/2025\\\/03\\\/Cubaris-murina-22Salmon-Martinique22.jpg\",\"contentUrl\":\"https:\\\/\\\/antderground.com\\\/wp-content\\\/uploads\\\/2025\\\/03\\\/Cubaris-murina-22Salmon-Martinique22.jpg\",\"width\":1400,\"height\":1400,\"caption\":\"Cubaris murina Salmon Martinique\"},{\"@type\":\"BreadcrumbList\",\"@id\":\"https:\\\/\\\/antderground.com\\\/en\\\/product\\\/cubaris-murina-salmon-martinique\\\/#breadcrumb\",\"itemListElement\":[{\"@type\":\"ListItem\",\"position\":1,\"name\":\"Portada\",\"item\":\"https:\\\/\\\/antderground.com\\\/en\\\/\"},{\"@type\":\"ListItem\",\"position\":2,\"name\":\"Products\",\"item\":\"https:\\\/\\\/antderground.com\\\/en\\\/myrmecology-store\\\/\"},{\"@type\":\"ListItem\",\"position\":3,\"name\":\"Cubaris murina &#8220;Salmon Martinique&#8221;\"}]},{\"@type\":\"WebSite\",\"@id\":\"https:\\\/\\\/antderground.com\\\/en\\\/#website\",\"url\":\"https:\\\/\\\/antderground.com\\\/en\\\/\",\"name\":\"ANTDERGROUND\",\"description\":\"Tu tienda de hormigas, gran variedad de hormigueros acr\u00edlicos,madera,arena,3D y mas.. Pide tus hormigas gratis con tu pedido, somos expertos en hormigueros antifugas.\",\"publisher\":{\"@id\":\"https:\\\/\\\/antderground.com\\\/en\\\/#\\\/schema\\\/person\\\/0e322c505e84fe72c65e2f6d08f96b81\"},\"alternateName\":\"Antderground\",\"potentialAction\":[{\"@type\":\"SearchAction\",\"target\":{\"@type\":\"EntryPoint\",\"urlTemplate\":\"https:\\\/\\\/antderground.com\\\/en\\\/?s={search_term_string}\"},\"query-input\":{\"@type\":\"PropertyValueSpecification\",\"valueRequired\":true,\"valueName\":\"search_term_string\"}}],\"inLanguage\":\"en-US\"},{\"@type\":[\"Person\",\"Organization\"],\"@id\":\"https:\\\/\\\/antderground.com\\\/en\\\/#\\\/schema\\\/person\\\/0e322c505e84fe72c65e2f6d08f96b81\",\"name\":\"Eric de Antderground\",\"image\":{\"@type\":\"ImageObject\",\"inLanguage\":\"en-US\",\"@id\":\"https:\\\/\\\/secure.gravatar.com\\\/avatar\\\/c49a1b9f79216d1498cb73c1e85cd47f4465dda35f2a94c03790d491bd4423c3?s=96&d=mm&r=g\",\"url\":\"https:\\\/\\\/secure.gravatar.com\\\/avatar\\\/c49a1b9f79216d1498cb73c1e85cd47f4465dda35f2a94c03790d491bd4423c3?s=96&d=mm&r=g\",\"contentUrl\":\"https:\\\/\\\/secure.gravatar.com\\\/avatar\\\/c49a1b9f79216d1498cb73c1e85cd47f4465dda35f2a94c03790d491bd4423c3?s=96&d=mm&r=g\",\"caption\":\"Eric de Antderground\"},\"logo\":{\"@id\":\"https:\\\/\\\/secure.gravatar.com\\\/avatar\\\/c49a1b9f79216d1498cb73c1e85cd47f4465dda35f2a94c03790d491bd4423c3?s=96&d=mm&r=g\"},\"description\":\"Eric es el especialista y fundador de Antderground, con una amplia trayectoria en artr\u00f3podos y enfocado en la mirmecolog\u00eda y el dise\u00f1o de hormigueros artificiales. Su enfoque combina la innovaci\u00f3n t\u00e9cnica con el respeto por la biolog\u00eda de las hormigas, is\u00f3podos y otros, desarrollando sistemas de nidos modulares 3D y acr\u00edlicos que son referentes para aficionados y profesionales en toda Europa. Su objetivo es facilitar la cr\u00eda de hormigas y otros artr\u00f3podos mediante soluciones seguras y divulgaci\u00f3n de calidad.\",\"sameAs\":[\"https:\\\/\\\/antderground.com\\\/\",\"https:\\\/\\\/www.youtube.com\\\/channel\\\/UCio72z7TlbufkAthAJIJfPw\"]}]}<\/script>\n<!-- \/ Yoast SEO plugin. -->","yoast_head_json":{"title":"Cubaris murina \"Salmon Martinique\" | isopod store - ANTDERGROUND","description":"\ud83d\udc1c Add color to your terrarium with Cubaris murina \"Salmon Martinique\"! Exotic isopod, perfect for bioactive setups. \ud83c\udf3f","robots":{"index":"index","follow":"follow","max-snippet":"max-snippet:-1","max-image-preview":"max-image-preview:large","max-video-preview":"max-video-preview:-1"},"canonical":"https:\/\/antderground.com\/en\/product\/cubaris-murina-salmon-martinique\/","og_locale":"en_US","og_type":"article","og_title":"Cubaris murina \"Salmon Martinique\" | isopod store - ANTDERGROUND","og_description":"\ud83d\udc1c Add color to your terrarium with Cubaris murina \"Salmon Martinique\"! Exotic isopod, perfect for bioactive setups. \ud83c\udf3f","og_url":"https:\/\/antderground.com\/en\/product\/cubaris-murina-salmon-martinique\/","og_site_name":"ANTDERGROUND","article_modified_time":"2026-02-19T14:29:06+00:00","og_image":[{"width":1400,"height":1400,"url":"https:\/\/antderground.com\/wp-content\/uploads\/2025\/03\/Cubaris-murina-22Salmon-Martinique22.jpg","type":"image\/jpeg"}],"twitter_card":"summary_large_image","twitter_misc":{"Est. reading time":"1 minute"},"schema":{"@context":"https:\/\/schema.org","@graph":[{"@type":"WebPage","@id":"https:\/\/antderground.com\/en\/product\/cubaris-murina-salmon-martinique\/","url":"https:\/\/antderground.com\/en\/product\/cubaris-murina-salmon-martinique\/","name":"Cubaris murina \"Salmon Martinique\" | isopod store - ANTDERGROUND","isPartOf":{"@id":"https:\/\/antderground.com\/en\/#website"},"primaryImageOfPage":{"@id":"https:\/\/antderground.com\/en\/product\/cubaris-murina-salmon-martinique\/#primaryimage"},"image":{"@id":"https:\/\/antderground.com\/en\/product\/cubaris-murina-salmon-martinique\/#primaryimage"},"thumbnailUrl":"https:\/\/antderground.com\/wp-content\/uploads\/2025\/03\/Cubaris-murina-22Salmon-Martinique22.jpg","datePublished":"2025-03-04T10:22:02+00:00","dateModified":"2026-02-19T14:29:06+00:00","description":"\ud83d\udc1c Add color to your terrarium with Cubaris murina \"Salmon Martinique\"! Exotic isopod, perfect for bioactive setups. \ud83c\udf3f","breadcrumb":{"@id":"https:\/\/antderground.com\/en\/product\/cubaris-murina-salmon-martinique\/#breadcrumb"},"inLanguage":"en-US","potentialAction":[{"@type":"ReadAction","target":["https:\/\/antderground.com\/en\/product\/cubaris-murina-salmon-martinique\/"]}]},{"@type":"ImageObject","inLanguage":"en-US","@id":"https:\/\/antderground.com\/en\/product\/cubaris-murina-salmon-martinique\/#primaryimage","url":"https:\/\/antderground.com\/wp-content\/uploads\/2025\/03\/Cubaris-murina-22Salmon-Martinique22.jpg","contentUrl":"https:\/\/antderground.com\/wp-content\/uploads\/2025\/03\/Cubaris-murina-22Salmon-Martinique22.jpg","width":1400,"height":1400,"caption":"Cubaris murina Salmon Martinique"},{"@type":"BreadcrumbList","@id":"https:\/\/antderground.com\/en\/product\/cubaris-murina-salmon-martinique\/#breadcrumb","itemListElement":[{"@type":"ListItem","position":1,"name":"Portada","item":"https:\/\/antderground.com\/en\/"},{"@type":"ListItem","position":2,"name":"Products","item":"https:\/\/antderground.com\/en\/myrmecology-store\/"},{"@type":"ListItem","position":3,"name":"Cubaris murina &#8220;Salmon Martinique&#8221;"}]},{"@type":"WebSite","@id":"https:\/\/antderground.com\/en\/#website","url":"https:\/\/antderground.com\/en\/","name":"ANTDERGROUND","description":"Tu tienda de hormigas, gran variedad de hormigueros acr\u00edlicos,madera,arena,3D y mas.. Pide tus hormigas gratis con tu pedido, somos expertos en hormigueros antifugas.","publisher":{"@id":"https:\/\/antderground.com\/en\/#\/schema\/person\/0e322c505e84fe72c65e2f6d08f96b81"},"alternateName":"Antderground","potentialAction":[{"@type":"SearchAction","target":{"@type":"EntryPoint","urlTemplate":"https:\/\/antderground.com\/en\/?s={search_term_string}"},"query-input":{"@type":"PropertyValueSpecification","valueRequired":true,"valueName":"search_term_string"}}],"inLanguage":"en-US"},{"@type":["Person","Organization"],"@id":"https:\/\/antderground.com\/en\/#\/schema\/person\/0e322c505e84fe72c65e2f6d08f96b81","name":"Eric de Antderground","image":{"@type":"ImageObject","inLanguage":"en-US","@id":"https:\/\/secure.gravatar.com\/avatar\/c49a1b9f79216d1498cb73c1e85cd47f4465dda35f2a94c03790d491bd4423c3?s=96&d=mm&r=g","url":"https:\/\/secure.gravatar.com\/avatar\/c49a1b9f79216d1498cb73c1e85cd47f4465dda35f2a94c03790d491bd4423c3?s=96&d=mm&r=g","contentUrl":"https:\/\/secure.gravatar.com\/avatar\/c49a1b9f79216d1498cb73c1e85cd47f4465dda35f2a94c03790d491bd4423c3?s=96&d=mm&r=g","caption":"Eric de Antderground"},"logo":{"@id":"https:\/\/secure.gravatar.com\/avatar\/c49a1b9f79216d1498cb73c1e85cd47f4465dda35f2a94c03790d491bd4423c3?s=96&d=mm&r=g"},"description":"Eric es el especialista y fundador de Antderground, con una amplia trayectoria en artr\u00f3podos y enfocado en la mirmecolog\u00eda y el dise\u00f1o de hormigueros artificiales. Su enfoque combina la innovaci\u00f3n t\u00e9cnica con el respeto por la biolog\u00eda de las hormigas, is\u00f3podos y otros, desarrollando sistemas de nidos modulares 3D y acr\u00edlicos que son referentes para aficionados y profesionales en toda Europa. Su objetivo es facilitar la cr\u00eda de hormigas y otros artr\u00f3podos mediante soluciones seguras y divulgaci\u00f3n de calidad.","sameAs":["https:\/\/antderground.com\/","https:\/\/www.youtube.com\/channel\/UCio72z7TlbufkAthAJIJfPw"]}]}},"_links":{"self":[{"href":"https:\/\/antderground.com\/en\/wp-json\/wp\/v2\/product\/40731","targetHints":{"allow":["GET"]}}],"collection":[{"href":"https:\/\/antderground.com\/en\/wp-json\/wp\/v2\/product"}],"about":[{"href":"https:\/\/antderground.com\/en\/wp-json\/wp\/v2\/types\/product"}],"version-history":[{"count":0,"href":"https:\/\/antderground.com\/en\/wp-json\/wp\/v2\/product\/40731\/revisions"}],"wp:featuredmedia":[{"embeddable":true,"href":"https:\/\/antderground.com\/en\/wp-json\/wp\/v2\/media\/40720"}],"wp:attachment":[{"href":"https:\/\/antderground.com\/en\/wp-json\/wp\/v2\/media?parent=40731"}],"wp:term":[{"taxonomy":"product_brand","embeddable":true,"href":"https:\/\/antderground.com\/en\/wp-json\/wp\/v2\/product_brand?post=40731"},{"taxonomy":"product_cat","embeddable":true,"href":"https:\/\/antderground.com\/en\/wp-json\/wp\/v2\/product_cat?post=40731"},{"taxonomy":"product_tag","embeddable":true,"href":"https:\/\/antderground.com\/en\/wp-json\/wp\/v2\/product_tag?post=40731"}],"curies":[{"name":"wp","href":"https:\/\/api.w.org\/{rel}","templated":true}]}}