{"id":40758,"date":"2025-03-05T10:58:06","date_gmt":"2025-03-05T09:58:06","guid":{"rendered":"https:\/\/www.antderground.com\/producto\/bromelia-guzmania\/"},"modified":"2025-03-05T10:58:06","modified_gmt":"2025-03-05T09:58:06","slug":"bromelia-guzmania","status":"publish","type":"product","link":"https:\/\/antderground.com\/en\/product\/bromelia-guzmania\/","title":{"rendered":"Bromelia Guzmania"},"content":{"rendered":"<h3 data-start=\"4690\" data-end=\"4736\"><strong data-start=\"4694\" data-end=\"4734\">Technical Sheet \u2013 Bromeliad Guzmania<\/strong><\/h3>\n<p data-start=\"4737\" data-end=\"4878\"><strong data-start=\"4737\" data-end=\"4757\">Scientific Name:<\/strong> Guzmania spp.<br data-start=\"4771\" data-end=\"4774\" \/><strong data-start=\"4774\" data-end=\"4790\">Common Name:<\/strong> Bromeliad Guzmania<br data-start=\"4809\" data-end=\"4812\" \/><strong data-start=\"4812\" data-end=\"4823\">Family:<\/strong> Bromeliaceae<br data-start=\"4836\" data-end=\"4839\" \/><strong data-start=\"4839\" data-end=\"4850\">Origin:<\/strong> Central and South America<\/p>\n<p data-start=\"4880\" data-end=\"5143\"><strong data-start=\"4880\" data-end=\"4896\">Description:<\/strong><br data-start=\"4896\" data-end=\"4899\" \/>The Bromeliad Guzmania is a compact epiphytic plant, admired for its vibrant bracts in red, yellow, orange, or pink. Its long green leaves form a rosette that serves as a water reservoir. Ideal for indoor spaces, it blooms for several months.<\/p>\n<p data-start=\"5145\" data-end=\"5170\"><strong data-start=\"5145\" data-end=\"5168\">Growing Conditions:<\/strong><\/p>\n<ul data-start=\"5171\" data-end=\"5702\">\n<li data-start=\"5171\" data-end=\"5248\"><strong data-start=\"5173\" data-end=\"5183\">Light:<\/strong> Prefers bright, indirect light but can tolerate partial shade.<\/li>\n<li data-start=\"5249\" data-end=\"5325\"><strong data-start=\"5251\" data-end=\"5267\">Temperature:<\/strong> Optimal between 18-26\u00b0C. Avoid temperatures below 10\u00b0C.<\/li>\n<li data-start=\"5326\" data-end=\"5441\"><strong data-start=\"5328\" data-end=\"5341\">Watering:<\/strong> Moderate. Fill the center of the rosette with water and refresh it regularly to prevent bacteria.<\/li>\n<li data-start=\"5442\" data-end=\"5519\"><strong data-start=\"5444\" data-end=\"5457\">Humidity:<\/strong> High. Misting the leaves is beneficial in dry environments.<\/li>\n<li data-start=\"5520\" data-end=\"5604\"><strong data-start=\"5522\" data-end=\"5536\">Substrate:<\/strong> Light and well-draining, such as orchid mix or peat with perlite.<\/li>\n<li data-start=\"5605\" data-end=\"5702\"><strong data-start=\"5607\" data-end=\"5625\">Fertilization:<\/strong> Apply diluted liquid fertilizer every 2-3 weeks during the growing season.<\/li>\n<\/ul>\n<p data-start=\"5704\" data-end=\"5726\"><strong data-start=\"5704\" data-end=\"5724\">Additional Care:<\/strong><\/p>\n<ul data-start=\"5727\" data-end=\"5924\">\n<li data-start=\"5727\" data-end=\"5798\">Remove dry or damaged leaves to maintain its health and appearance.<\/li>\n<li data-start=\"5799\" data-end=\"5880\">After flowering, the plant produces pups that can be separated and replanted.<\/li>\n<li data-start=\"5881\" data-end=\"5924\">Avoid overwatering to prevent root rot.<\/li>\n<\/ul>\n<p data-start=\"5926\" data-end=\"6052\"><strong data-start=\"5926\" data-end=\"5935\">Uses:<\/strong><br data-start=\"5935\" data-end=\"5938\" \/>Perfect as an ornamental indoor plant for homes, offices, and bright spaces. Also suitable for tropical gardens.<\/p>\n<p data-start=\"6054\" data-end=\"6090\"><strong data-start=\"6054\" data-end=\"6067\">Toxicity:<\/strong><br data-start=\"6067\" data-end=\"6070\" \/>Not toxic to pets.<\/p>\n<p data-start=\"6092\" data-end=\"6281\"><strong data-start=\"6092\" data-end=\"6108\">Propagation:<\/strong><br data-start=\"6108\" data-end=\"6111\" \/>Propagates through pups that grow at the base of the mother plant. Wait until they reach at least one-third of the mother plant\u2019s size before separating and replanting.<\/p>\n","protected":false},"excerpt":{"rendered":"<p data-start=\"6324\" data-end=\"6520\">\ud83c\udf3f Bring an exotic touch to your home with the Bromeliad Guzmania! Easy to care for and bursting with vibrant colors, it adds freshness and elegance. Perfect for interiors and safe for pets. \ud83c\udfe1\u2728<\/p>\n<p><strong>Features:<\/strong><\/p>\n<ul>\n<li>Pot size: 9 cm.<\/li>\n<li>Indoor.<\/li>\n<\/ul>\n","protected":false},"featured_media":40750,"template":"","meta":[],"product_brand":[],"product_cat":[635],"product_tag":[],"class_list":{"0":"post-40758","1":"product","2":"type-product","3":"status-publish","4":"has-post-thumbnail","6":"product_cat-natural-plants","8":"first","9":"outofstock","10":"shipping-taxable","11":"purchasable","12":"product-type-simple"},"yoast_head":"<!-- This site is optimized with the Yoast SEO plugin v27.4 - https:\/\/yoast.com\/product\/yoast-seo-wordpress\/ -->\n<title>Bromelia Guzmania | Indoor plants - ANTDERGROUND<\/title>\n<meta name=\"description\" content=\"Bromeliad Guzmania \ud83c\udf3f, a colorful tropical beauty that\u2019s easy to care for. Ideal for indoor spaces and safe for pets. \ud83c\udf3a\" \/>\n<meta name=\"robots\" content=\"index, follow, max-snippet:-1, max-image-preview:large, max-video-preview:-1\" \/>\n<link rel=\"canonical\" href=\"https:\/\/antderground.com\/en\/product\/bromelia-guzmania\/\" \/>\n<meta property=\"og:locale\" content=\"en_US\" \/>\n<meta property=\"og:type\" content=\"article\" \/>\n<meta property=\"og:title\" content=\"Bromelia Guzmania | Indoor plants - ANTDERGROUND\" \/>\n<meta property=\"og:description\" content=\"Bromeliad Guzmania \ud83c\udf3f, a colorful tropical beauty that\u2019s easy to care for. Ideal for indoor spaces and safe for pets. \ud83c\udf3a\" \/>\n<meta property=\"og:url\" content=\"https:\/\/antderground.com\/en\/product\/bromelia-guzmania\/\" \/>\n<meta property=\"og:site_name\" content=\"ANTDERGROUND\" \/>\n<meta property=\"og:image\" content=\"https:\/\/antderground.com\/wp-content\/uploads\/2025\/03\/bromelia-guzmania.jpeg\" \/>\n\t<meta property=\"og:image:width\" content=\"1600\" \/>\n\t<meta property=\"og:image:height\" content=\"1600\" \/>\n\t<meta property=\"og:image:type\" content=\"image\/jpeg\" \/>\n<meta name=\"twitter:card\" content=\"summary_large_image\" \/>\n<meta name=\"twitter:label1\" content=\"Est. reading time\" \/>\n\t<meta name=\"twitter:data1\" content=\"1 minute\" \/>\n<script type=\"application\/ld+json\" class=\"yoast-schema-graph\">{\"@context\":\"https:\\\/\\\/schema.org\",\"@graph\":[{\"@type\":\"WebPage\",\"@id\":\"https:\\\/\\\/antderground.com\\\/en\\\/product\\\/bromelia-guzmania\\\/\",\"url\":\"https:\\\/\\\/antderground.com\\\/en\\\/product\\\/bromelia-guzmania\\\/\",\"name\":\"Bromelia Guzmania | Indoor plants - ANTDERGROUND\",\"isPartOf\":{\"@id\":\"https:\\\/\\\/antderground.com\\\/en\\\/#website\"},\"primaryImageOfPage\":{\"@id\":\"https:\\\/\\\/antderground.com\\\/en\\\/product\\\/bromelia-guzmania\\\/#primaryimage\"},\"image\":{\"@id\":\"https:\\\/\\\/antderground.com\\\/en\\\/product\\\/bromelia-guzmania\\\/#primaryimage\"},\"thumbnailUrl\":\"https:\\\/\\\/antderground.com\\\/wp-content\\\/uploads\\\/2025\\\/03\\\/bromelia-guzmania.jpeg\",\"datePublished\":\"2025-03-05T09:58:06+00:00\",\"description\":\"Bromeliad Guzmania \ud83c\udf3f, a colorful tropical beauty that\u2019s easy to care for. Ideal for indoor spaces and safe for pets. \ud83c\udf3a\",\"breadcrumb\":{\"@id\":\"https:\\\/\\\/antderground.com\\\/en\\\/product\\\/bromelia-guzmania\\\/#breadcrumb\"},\"inLanguage\":\"en-US\",\"potentialAction\":[{\"@type\":\"ReadAction\",\"target\":[\"https:\\\/\\\/antderground.com\\\/en\\\/product\\\/bromelia-guzmania\\\/\"]}]},{\"@type\":\"ImageObject\",\"inLanguage\":\"en-US\",\"@id\":\"https:\\\/\\\/antderground.com\\\/en\\\/product\\\/bromelia-guzmania\\\/#primaryimage\",\"url\":\"https:\\\/\\\/antderground.com\\\/wp-content\\\/uploads\\\/2025\\\/03\\\/bromelia-guzmania.jpeg\",\"contentUrl\":\"https:\\\/\\\/antderground.com\\\/wp-content\\\/uploads\\\/2025\\\/03\\\/bromelia-guzmania.jpeg\",\"width\":1600,\"height\":1600,\"caption\":\"Bromelia Guzmania\"},{\"@type\":\"BreadcrumbList\",\"@id\":\"https:\\\/\\\/antderground.com\\\/en\\\/product\\\/bromelia-guzmania\\\/#breadcrumb\",\"itemListElement\":[{\"@type\":\"ListItem\",\"position\":1,\"name\":\"Portada\",\"item\":\"https:\\\/\\\/antderground.com\\\/en\\\/\"},{\"@type\":\"ListItem\",\"position\":2,\"name\":\"Products\",\"item\":\"https:\\\/\\\/antderground.com\\\/en\\\/myrmecology-store\\\/\"},{\"@type\":\"ListItem\",\"position\":3,\"name\":\"Bromelia Guzmania\"}]},{\"@type\":\"WebSite\",\"@id\":\"https:\\\/\\\/antderground.com\\\/en\\\/#website\",\"url\":\"https:\\\/\\\/antderground.com\\\/en\\\/\",\"name\":\"ANTDERGROUND\",\"description\":\"Tu tienda de hormigas, gran variedad de hormigueros acr\u00edlicos,madera,arena,3D y mas.. Pide tus hormigas gratis con tu pedido, somos expertos en hormigueros antifugas.\",\"publisher\":{\"@id\":\"https:\\\/\\\/antderground.com\\\/en\\\/#\\\/schema\\\/person\\\/0e322c505e84fe72c65e2f6d08f96b81\"},\"alternateName\":\"Antderground\",\"potentialAction\":[{\"@type\":\"SearchAction\",\"target\":{\"@type\":\"EntryPoint\",\"urlTemplate\":\"https:\\\/\\\/antderground.com\\\/en\\\/?s={search_term_string}\"},\"query-input\":{\"@type\":\"PropertyValueSpecification\",\"valueRequired\":true,\"valueName\":\"search_term_string\"}}],\"inLanguage\":\"en-US\"},{\"@type\":[\"Person\",\"Organization\"],\"@id\":\"https:\\\/\\\/antderground.com\\\/en\\\/#\\\/schema\\\/person\\\/0e322c505e84fe72c65e2f6d08f96b81\",\"name\":\"Eric de Antderground\",\"image\":{\"@type\":\"ImageObject\",\"inLanguage\":\"en-US\",\"@id\":\"https:\\\/\\\/secure.gravatar.com\\\/avatar\\\/c49a1b9f79216d1498cb73c1e85cd47f4465dda35f2a94c03790d491bd4423c3?s=96&d=mm&r=g\",\"url\":\"https:\\\/\\\/secure.gravatar.com\\\/avatar\\\/c49a1b9f79216d1498cb73c1e85cd47f4465dda35f2a94c03790d491bd4423c3?s=96&d=mm&r=g\",\"contentUrl\":\"https:\\\/\\\/secure.gravatar.com\\\/avatar\\\/c49a1b9f79216d1498cb73c1e85cd47f4465dda35f2a94c03790d491bd4423c3?s=96&d=mm&r=g\",\"caption\":\"Eric de Antderground\"},\"logo\":{\"@id\":\"https:\\\/\\\/secure.gravatar.com\\\/avatar\\\/c49a1b9f79216d1498cb73c1e85cd47f4465dda35f2a94c03790d491bd4423c3?s=96&d=mm&r=g\"},\"description\":\"Eric es el especialista y fundador de Antderground, con una amplia trayectoria en artr\u00f3podos y enfocado en la mirmecolog\u00eda y el dise\u00f1o de hormigueros artificiales. Su enfoque combina la innovaci\u00f3n t\u00e9cnica con el respeto por la biolog\u00eda de las hormigas, is\u00f3podos y otros, desarrollando sistemas de nidos modulares 3D y acr\u00edlicos que son referentes para aficionados y profesionales en toda Europa. Su objetivo es facilitar la cr\u00eda de hormigas y otros artr\u00f3podos mediante soluciones seguras y divulgaci\u00f3n de calidad.\",\"sameAs\":[\"https:\\\/\\\/antderground.com\\\/\",\"https:\\\/\\\/www.youtube.com\\\/channel\\\/UCio72z7TlbufkAthAJIJfPw\"]}]}<\/script>\n<!-- \/ Yoast SEO plugin. -->","yoast_head_json":{"title":"Bromelia Guzmania | Indoor plants - ANTDERGROUND","description":"Bromeliad Guzmania \ud83c\udf3f, a colorful tropical beauty that\u2019s easy to care for. Ideal for indoor spaces and safe for pets. \ud83c\udf3a","robots":{"index":"index","follow":"follow","max-snippet":"max-snippet:-1","max-image-preview":"max-image-preview:large","max-video-preview":"max-video-preview:-1"},"canonical":"https:\/\/antderground.com\/en\/product\/bromelia-guzmania\/","og_locale":"en_US","og_type":"article","og_title":"Bromelia Guzmania | Indoor plants - ANTDERGROUND","og_description":"Bromeliad Guzmania \ud83c\udf3f, a colorful tropical beauty that\u2019s easy to care for. Ideal for indoor spaces and safe for pets. \ud83c\udf3a","og_url":"https:\/\/antderground.com\/en\/product\/bromelia-guzmania\/","og_site_name":"ANTDERGROUND","og_image":[{"width":1600,"height":1600,"url":"https:\/\/antderground.com\/wp-content\/uploads\/2025\/03\/bromelia-guzmania.jpeg","type":"image\/jpeg"}],"twitter_card":"summary_large_image","twitter_misc":{"Est. reading time":"1 minute"},"schema":{"@context":"https:\/\/schema.org","@graph":[{"@type":"WebPage","@id":"https:\/\/antderground.com\/en\/product\/bromelia-guzmania\/","url":"https:\/\/antderground.com\/en\/product\/bromelia-guzmania\/","name":"Bromelia Guzmania | Indoor plants - ANTDERGROUND","isPartOf":{"@id":"https:\/\/antderground.com\/en\/#website"},"primaryImageOfPage":{"@id":"https:\/\/antderground.com\/en\/product\/bromelia-guzmania\/#primaryimage"},"image":{"@id":"https:\/\/antderground.com\/en\/product\/bromelia-guzmania\/#primaryimage"},"thumbnailUrl":"https:\/\/antderground.com\/wp-content\/uploads\/2025\/03\/bromelia-guzmania.jpeg","datePublished":"2025-03-05T09:58:06+00:00","description":"Bromeliad Guzmania \ud83c\udf3f, a colorful tropical beauty that\u2019s easy to care for. Ideal for indoor spaces and safe for pets. \ud83c\udf3a","breadcrumb":{"@id":"https:\/\/antderground.com\/en\/product\/bromelia-guzmania\/#breadcrumb"},"inLanguage":"en-US","potentialAction":[{"@type":"ReadAction","target":["https:\/\/antderground.com\/en\/product\/bromelia-guzmania\/"]}]},{"@type":"ImageObject","inLanguage":"en-US","@id":"https:\/\/antderground.com\/en\/product\/bromelia-guzmania\/#primaryimage","url":"https:\/\/antderground.com\/wp-content\/uploads\/2025\/03\/bromelia-guzmania.jpeg","contentUrl":"https:\/\/antderground.com\/wp-content\/uploads\/2025\/03\/bromelia-guzmania.jpeg","width":1600,"height":1600,"caption":"Bromelia Guzmania"},{"@type":"BreadcrumbList","@id":"https:\/\/antderground.com\/en\/product\/bromelia-guzmania\/#breadcrumb","itemListElement":[{"@type":"ListItem","position":1,"name":"Portada","item":"https:\/\/antderground.com\/en\/"},{"@type":"ListItem","position":2,"name":"Products","item":"https:\/\/antderground.com\/en\/myrmecology-store\/"},{"@type":"ListItem","position":3,"name":"Bromelia Guzmania"}]},{"@type":"WebSite","@id":"https:\/\/antderground.com\/en\/#website","url":"https:\/\/antderground.com\/en\/","name":"ANTDERGROUND","description":"Tu tienda de hormigas, gran variedad de hormigueros acr\u00edlicos,madera,arena,3D y mas.. Pide tus hormigas gratis con tu pedido, somos expertos en hormigueros antifugas.","publisher":{"@id":"https:\/\/antderground.com\/en\/#\/schema\/person\/0e322c505e84fe72c65e2f6d08f96b81"},"alternateName":"Antderground","potentialAction":[{"@type":"SearchAction","target":{"@type":"EntryPoint","urlTemplate":"https:\/\/antderground.com\/en\/?s={search_term_string}"},"query-input":{"@type":"PropertyValueSpecification","valueRequired":true,"valueName":"search_term_string"}}],"inLanguage":"en-US"},{"@type":["Person","Organization"],"@id":"https:\/\/antderground.com\/en\/#\/schema\/person\/0e322c505e84fe72c65e2f6d08f96b81","name":"Eric de Antderground","image":{"@type":"ImageObject","inLanguage":"en-US","@id":"https:\/\/secure.gravatar.com\/avatar\/c49a1b9f79216d1498cb73c1e85cd47f4465dda35f2a94c03790d491bd4423c3?s=96&d=mm&r=g","url":"https:\/\/secure.gravatar.com\/avatar\/c49a1b9f79216d1498cb73c1e85cd47f4465dda35f2a94c03790d491bd4423c3?s=96&d=mm&r=g","contentUrl":"https:\/\/secure.gravatar.com\/avatar\/c49a1b9f79216d1498cb73c1e85cd47f4465dda35f2a94c03790d491bd4423c3?s=96&d=mm&r=g","caption":"Eric de Antderground"},"logo":{"@id":"https:\/\/secure.gravatar.com\/avatar\/c49a1b9f79216d1498cb73c1e85cd47f4465dda35f2a94c03790d491bd4423c3?s=96&d=mm&r=g"},"description":"Eric es el especialista y fundador de Antderground, con una amplia trayectoria en artr\u00f3podos y enfocado en la mirmecolog\u00eda y el dise\u00f1o de hormigueros artificiales. Su enfoque combina la innovaci\u00f3n t\u00e9cnica con el respeto por la biolog\u00eda de las hormigas, is\u00f3podos y otros, desarrollando sistemas de nidos modulares 3D y acr\u00edlicos que son referentes para aficionados y profesionales en toda Europa. Su objetivo es facilitar la cr\u00eda de hormigas y otros artr\u00f3podos mediante soluciones seguras y divulgaci\u00f3n de calidad.","sameAs":["https:\/\/antderground.com\/","https:\/\/www.youtube.com\/channel\/UCio72z7TlbufkAthAJIJfPw"]}]}},"_links":{"self":[{"href":"https:\/\/antderground.com\/en\/wp-json\/wp\/v2\/product\/40758","targetHints":{"allow":["GET"]}}],"collection":[{"href":"https:\/\/antderground.com\/en\/wp-json\/wp\/v2\/product"}],"about":[{"href":"https:\/\/antderground.com\/en\/wp-json\/wp\/v2\/types\/product"}],"version-history":[{"count":0,"href":"https:\/\/antderground.com\/en\/wp-json\/wp\/v2\/product\/40758\/revisions"}],"wp:featuredmedia":[{"embeddable":true,"href":"https:\/\/antderground.com\/en\/wp-json\/wp\/v2\/media\/40750"}],"wp:attachment":[{"href":"https:\/\/antderground.com\/en\/wp-json\/wp\/v2\/media?parent=40758"}],"wp:term":[{"taxonomy":"product_brand","embeddable":true,"href":"https:\/\/antderground.com\/en\/wp-json\/wp\/v2\/product_brand?post=40758"},{"taxonomy":"product_cat","embeddable":true,"href":"https:\/\/antderground.com\/en\/wp-json\/wp\/v2\/product_cat?post=40758"},{"taxonomy":"product_tag","embeddable":true,"href":"https:\/\/antderground.com\/en\/wp-json\/wp\/v2\/product_tag?post=40758"}],"curies":[{"name":"wp","href":"https:\/\/api.w.org\/{rel}","templated":true}]}}