{"id":40783,"date":"2025-03-05T11:46:56","date_gmt":"2025-03-05T10:46:56","guid":{"rendered":"https:\/\/www.antderground.com\/producto\/selaginella-martensii-jori\/"},"modified":"2025-03-05T11:46:56","modified_gmt":"2025-03-05T10:46:56","slug":"selaginella-martensii-jori","status":"publish","type":"product","link":"https:\/\/antderground.com\/en\/product\/selaginella-martensii-jori\/","title":{"rendered":"Selaginella martensii &#8216;Jori&#8217;"},"content":{"rendered":"<h4 data-start=\"4058\" data-end=\"4120\"><strong data-start=\"4063\" data-end=\"4118\">Technical Data Sheet \u2013 Selaginella martensii &#8216;Jori&#8217;<\/strong><\/h4>\n<p data-start=\"4122\" data-end=\"4248\"><strong data-start=\"4122\" data-end=\"4138\">Common Name:<\/strong> Selaginella, Spike Moss<br data-start=\"4162\" data-end=\"4165\" \/><strong data-start=\"4165\" data-end=\"4185\">Scientific Name:<\/strong> <em data-start=\"4186\" data-end=\"4209\">Selaginella martensii<\/em> &#8216;Jori&#8217;<br data-start=\"4216\" data-end=\"4219\" \/><strong data-start=\"4219\" data-end=\"4230\">Family:<\/strong> Selaginellaceae<\/p>\n<h4 data-start=\"4250\" data-end=\"4273\"><strong data-start=\"4255\" data-end=\"4271\">Description:<\/strong><\/h4>\n<p data-start=\"4274\" data-end=\"4495\"><em data-start=\"4274\" data-end=\"4304\">Selaginella martensii &#8216;Jori&#8217;<\/em> is a creeping or semi-upright plant with finely divided, vibrant green fronds. Its dense, moss-like foliage makes it perfect for terrariums, paludariums, and as an indoor decorative plant.<\/p>\n<h4 data-start=\"4497\" data-end=\"4526\"><strong data-start=\"4502\" data-end=\"4524\">Care Instructions:<\/strong><\/h4>\n<ul data-start=\"4528\" data-end=\"5037\">\n<li data-start=\"4528\" data-end=\"4606\"><strong data-start=\"4530\" data-end=\"4540\">Light:<\/strong> Prefers indirect light or partial shade. Avoid direct sunlight.<\/li>\n<li data-start=\"4607\" data-end=\"4675\"><strong data-start=\"4609\" data-end=\"4625\">Temperature:<\/strong> Between 18-26\u00b0C (64-79\u00b0F). Not frost-resistant.<\/li>\n<li data-start=\"4676\" data-end=\"4746\"><strong data-start=\"4678\" data-end=\"4691\">Humidity:<\/strong> Requires high humidity, ideal for closed terrariums.<\/li>\n<li data-start=\"4747\" data-end=\"4836\"><strong data-start=\"4749\" data-end=\"4762\">Watering:<\/strong> Keep the substrate moist but not waterlogged. Use non-calcareous water.<\/li>\n<li data-start=\"4837\" data-end=\"4941\"><strong data-start=\"4839\" data-end=\"4853\">Substrate:<\/strong> Light, well-draining, and rich in organic matter. A mix of peat and perlite is ideal.<\/li>\n<li data-start=\"4942\" data-end=\"5037\"><strong data-start=\"4944\" data-end=\"4962\">Fertilization:<\/strong> Apply diluted liquid fertilizer every 4 weeks during the growing season.<\/li>\n<\/ul>\n<h4 data-start=\"5039\" data-end=\"5059\"><strong data-start=\"5044\" data-end=\"5057\">Benefits:<\/strong><\/h4>\n<p data-start=\"5060\" data-end=\"5239\">\u2714 Perfect for humid environments like terrariums and paludariums.<br data-start=\"5125\" data-end=\"5128\" \/>\u2714 Non-toxic to pets and terrarium animals.<br data-start=\"5170\" data-end=\"5173\" \/>\u2714 Helps maintain ambient humidity.<br data-start=\"5207\" data-end=\"5210\" \/>\u2714 Easy to care for indoors.<\/p>\n<h4 data-start=\"5241\" data-end=\"5257\"><strong data-start=\"5246\" data-end=\"5255\">Uses:<\/strong><\/h4>\n<ul data-start=\"5258\" data-end=\"5386\">\n<li data-start=\"5258\" data-end=\"5303\">Decoration in terrariums and paludariums.<\/li>\n<li data-start=\"5304\" data-end=\"5340\">Ground cover for shaded gardens.<\/li>\n<li data-start=\"5341\" data-end=\"5386\">Indoor plant in moisture-controlled pots.<\/li>\n<\/ul>\n","protected":false},"excerpt":{"rendered":"<p>Bring an exotic touch of green to your home with <strong data-start=\"5491\" data-end=\"5523\">Selaginella martensii &#8216;Jori&#8217;<\/strong>! \ud83c\udf3f Perfect for terrariums, its lush foliage creates a natural and relaxing atmosphere. Easy to care for, it\u2019s the ideal plant for anyone looking for fresh greenery!<\/p>\n<p><strong>Characteristics:<\/strong><\/p>\n<ul>\n<li>Pot: 15 (cm)<\/li>\n<li>For home, terrariums and paludariums.<\/li>\n<li>Indoor.<\/li>\n<\/ul>\n","protected":false},"featured_media":40765,"template":"","meta":[],"product_brand":[],"product_cat":[635],"product_tag":[],"class_list":{"0":"post-40783","1":"product","2":"type-product","3":"status-publish","4":"has-post-thumbnail","6":"product_cat-natural-plants","8":"first","9":"outofstock","10":"shipping-taxable","11":"purchasable","12":"product-type-simple"},"yoast_head":"<!-- This site is optimized with the Yoast SEO plugin v27.4 - https:\/\/yoast.com\/product\/yoast-seo-wordpress\/ -->\n<title>Selaginella martensii &#039;Jori&#039; | Plants for terrariums - ANTDERGROUND<\/title>\n<meta name=\"description\" content=\"Add vibrant greenery to your terrarium! \ud83c\udf31 Selaginella martensii &#039;Jori&#039; thrives in humid environments and is easy to maintain.\" \/>\n<meta name=\"robots\" content=\"index, follow, max-snippet:-1, max-image-preview:large, max-video-preview:-1\" \/>\n<link rel=\"canonical\" href=\"https:\/\/antderground.com\/en\/product\/selaginella-martensii-jori\/\" \/>\n<meta property=\"og:locale\" content=\"en_US\" \/>\n<meta property=\"og:type\" content=\"article\" \/>\n<meta property=\"og:title\" content=\"Selaginella martensii &#039;Jori&#039; | Plants for terrariums - ANTDERGROUND\" \/>\n<meta property=\"og:description\" content=\"Add vibrant greenery to your terrarium! \ud83c\udf31 Selaginella martensii &#039;Jori&#039; thrives in humid environments and is easy to maintain.\" \/>\n<meta property=\"og:url\" content=\"https:\/\/antderground.com\/en\/product\/selaginella-martensii-jori\/\" \/>\n<meta property=\"og:site_name\" content=\"ANTDERGROUND\" \/>\n<meta property=\"og:image\" content=\"https:\/\/antderground.com\/wp-content\/uploads\/2025\/03\/Selaginella-Martensii-jori.jpeg\" \/>\n\t<meta property=\"og:image:width\" content=\"1600\" \/>\n\t<meta property=\"og:image:height\" content=\"1600\" \/>\n\t<meta property=\"og:image:type\" content=\"image\/jpeg\" \/>\n<meta name=\"twitter:card\" content=\"summary_large_image\" \/>\n<meta name=\"twitter:label1\" content=\"Est. reading time\" \/>\n\t<meta name=\"twitter:data1\" content=\"1 minute\" \/>\n<script type=\"application\/ld+json\" class=\"yoast-schema-graph\">{\"@context\":\"https:\\\/\\\/schema.org\",\"@graph\":[{\"@type\":\"WebPage\",\"@id\":\"https:\\\/\\\/antderground.com\\\/en\\\/product\\\/selaginella-martensii-jori\\\/\",\"url\":\"https:\\\/\\\/antderground.com\\\/en\\\/product\\\/selaginella-martensii-jori\\\/\",\"name\":\"Selaginella martensii 'Jori' | Plants for terrariums - ANTDERGROUND\",\"isPartOf\":{\"@id\":\"https:\\\/\\\/antderground.com\\\/en\\\/#website\"},\"primaryImageOfPage\":{\"@id\":\"https:\\\/\\\/antderground.com\\\/en\\\/product\\\/selaginella-martensii-jori\\\/#primaryimage\"},\"image\":{\"@id\":\"https:\\\/\\\/antderground.com\\\/en\\\/product\\\/selaginella-martensii-jori\\\/#primaryimage\"},\"thumbnailUrl\":\"https:\\\/\\\/antderground.com\\\/wp-content\\\/uploads\\\/2025\\\/03\\\/Selaginella-Martensii-jori.jpeg\",\"datePublished\":\"2025-03-05T10:46:56+00:00\",\"description\":\"Add vibrant greenery to your terrarium! \ud83c\udf31 Selaginella martensii 'Jori' thrives in humid environments and is easy to maintain.\",\"breadcrumb\":{\"@id\":\"https:\\\/\\\/antderground.com\\\/en\\\/product\\\/selaginella-martensii-jori\\\/#breadcrumb\"},\"inLanguage\":\"en-US\",\"potentialAction\":[{\"@type\":\"ReadAction\",\"target\":[\"https:\\\/\\\/antderground.com\\\/en\\\/product\\\/selaginella-martensii-jori\\\/\"]}]},{\"@type\":\"ImageObject\",\"inLanguage\":\"en-US\",\"@id\":\"https:\\\/\\\/antderground.com\\\/en\\\/product\\\/selaginella-martensii-jori\\\/#primaryimage\",\"url\":\"https:\\\/\\\/antderground.com\\\/wp-content\\\/uploads\\\/2025\\\/03\\\/Selaginella-Martensii-jori.jpeg\",\"contentUrl\":\"https:\\\/\\\/antderground.com\\\/wp-content\\\/uploads\\\/2025\\\/03\\\/Selaginella-Martensii-jori.jpeg\",\"width\":1600,\"height\":1600,\"caption\":\"Selaginella Martensii jori\"},{\"@type\":\"BreadcrumbList\",\"@id\":\"https:\\\/\\\/antderground.com\\\/en\\\/product\\\/selaginella-martensii-jori\\\/#breadcrumb\",\"itemListElement\":[{\"@type\":\"ListItem\",\"position\":1,\"name\":\"Portada\",\"item\":\"https:\\\/\\\/antderground.com\\\/en\\\/\"},{\"@type\":\"ListItem\",\"position\":2,\"name\":\"Products\",\"item\":\"https:\\\/\\\/antderground.com\\\/en\\\/myrmecology-store\\\/\"},{\"@type\":\"ListItem\",\"position\":3,\"name\":\"Selaginella martensii &#8216;Jori&#8217;\"}]},{\"@type\":\"WebSite\",\"@id\":\"https:\\\/\\\/antderground.com\\\/en\\\/#website\",\"url\":\"https:\\\/\\\/antderground.com\\\/en\\\/\",\"name\":\"ANTDERGROUND\",\"description\":\"Tu tienda de hormigas, gran variedad de hormigueros acr\u00edlicos,madera,arena,3D y mas.. Pide tus hormigas gratis con tu pedido, somos expertos en hormigueros antifugas.\",\"publisher\":{\"@id\":\"https:\\\/\\\/antderground.com\\\/en\\\/#\\\/schema\\\/person\\\/0e322c505e84fe72c65e2f6d08f96b81\"},\"alternateName\":\"Antderground\",\"potentialAction\":[{\"@type\":\"SearchAction\",\"target\":{\"@type\":\"EntryPoint\",\"urlTemplate\":\"https:\\\/\\\/antderground.com\\\/en\\\/?s={search_term_string}\"},\"query-input\":{\"@type\":\"PropertyValueSpecification\",\"valueRequired\":true,\"valueName\":\"search_term_string\"}}],\"inLanguage\":\"en-US\"},{\"@type\":[\"Person\",\"Organization\"],\"@id\":\"https:\\\/\\\/antderground.com\\\/en\\\/#\\\/schema\\\/person\\\/0e322c505e84fe72c65e2f6d08f96b81\",\"name\":\"Eric de Antderground\",\"image\":{\"@type\":\"ImageObject\",\"inLanguage\":\"en-US\",\"@id\":\"https:\\\/\\\/secure.gravatar.com\\\/avatar\\\/c49a1b9f79216d1498cb73c1e85cd47f4465dda35f2a94c03790d491bd4423c3?s=96&d=mm&r=g\",\"url\":\"https:\\\/\\\/secure.gravatar.com\\\/avatar\\\/c49a1b9f79216d1498cb73c1e85cd47f4465dda35f2a94c03790d491bd4423c3?s=96&d=mm&r=g\",\"contentUrl\":\"https:\\\/\\\/secure.gravatar.com\\\/avatar\\\/c49a1b9f79216d1498cb73c1e85cd47f4465dda35f2a94c03790d491bd4423c3?s=96&d=mm&r=g\",\"caption\":\"Eric de Antderground\"},\"logo\":{\"@id\":\"https:\\\/\\\/secure.gravatar.com\\\/avatar\\\/c49a1b9f79216d1498cb73c1e85cd47f4465dda35f2a94c03790d491bd4423c3?s=96&d=mm&r=g\"},\"description\":\"Eric es el especialista y fundador de Antderground, con una amplia trayectoria en artr\u00f3podos y enfocado en la mirmecolog\u00eda y el dise\u00f1o de hormigueros artificiales. Su enfoque combina la innovaci\u00f3n t\u00e9cnica con el respeto por la biolog\u00eda de las hormigas, is\u00f3podos y otros, desarrollando sistemas de nidos modulares 3D y acr\u00edlicos que son referentes para aficionados y profesionales en toda Europa. Su objetivo es facilitar la cr\u00eda de hormigas y otros artr\u00f3podos mediante soluciones seguras y divulgaci\u00f3n de calidad.\",\"sameAs\":[\"https:\\\/\\\/antderground.com\\\/\",\"https:\\\/\\\/www.youtube.com\\\/channel\\\/UCio72z7TlbufkAthAJIJfPw\"]}]}<\/script>\n<!-- \/ Yoast SEO plugin. -->","yoast_head_json":{"title":"Selaginella martensii 'Jori' | Plants for terrariums - ANTDERGROUND","description":"Add vibrant greenery to your terrarium! \ud83c\udf31 Selaginella martensii 'Jori' thrives in humid environments and is easy to maintain.","robots":{"index":"index","follow":"follow","max-snippet":"max-snippet:-1","max-image-preview":"max-image-preview:large","max-video-preview":"max-video-preview:-1"},"canonical":"https:\/\/antderground.com\/en\/product\/selaginella-martensii-jori\/","og_locale":"en_US","og_type":"article","og_title":"Selaginella martensii 'Jori' | Plants for terrariums - ANTDERGROUND","og_description":"Add vibrant greenery to your terrarium! \ud83c\udf31 Selaginella martensii 'Jori' thrives in humid environments and is easy to maintain.","og_url":"https:\/\/antderground.com\/en\/product\/selaginella-martensii-jori\/","og_site_name":"ANTDERGROUND","og_image":[{"width":1600,"height":1600,"url":"https:\/\/antderground.com\/wp-content\/uploads\/2025\/03\/Selaginella-Martensii-jori.jpeg","type":"image\/jpeg"}],"twitter_card":"summary_large_image","twitter_misc":{"Est. reading time":"1 minute"},"schema":{"@context":"https:\/\/schema.org","@graph":[{"@type":"WebPage","@id":"https:\/\/antderground.com\/en\/product\/selaginella-martensii-jori\/","url":"https:\/\/antderground.com\/en\/product\/selaginella-martensii-jori\/","name":"Selaginella martensii 'Jori' | Plants for terrariums - ANTDERGROUND","isPartOf":{"@id":"https:\/\/antderground.com\/en\/#website"},"primaryImageOfPage":{"@id":"https:\/\/antderground.com\/en\/product\/selaginella-martensii-jori\/#primaryimage"},"image":{"@id":"https:\/\/antderground.com\/en\/product\/selaginella-martensii-jori\/#primaryimage"},"thumbnailUrl":"https:\/\/antderground.com\/wp-content\/uploads\/2025\/03\/Selaginella-Martensii-jori.jpeg","datePublished":"2025-03-05T10:46:56+00:00","description":"Add vibrant greenery to your terrarium! \ud83c\udf31 Selaginella martensii 'Jori' thrives in humid environments and is easy to maintain.","breadcrumb":{"@id":"https:\/\/antderground.com\/en\/product\/selaginella-martensii-jori\/#breadcrumb"},"inLanguage":"en-US","potentialAction":[{"@type":"ReadAction","target":["https:\/\/antderground.com\/en\/product\/selaginella-martensii-jori\/"]}]},{"@type":"ImageObject","inLanguage":"en-US","@id":"https:\/\/antderground.com\/en\/product\/selaginella-martensii-jori\/#primaryimage","url":"https:\/\/antderground.com\/wp-content\/uploads\/2025\/03\/Selaginella-Martensii-jori.jpeg","contentUrl":"https:\/\/antderground.com\/wp-content\/uploads\/2025\/03\/Selaginella-Martensii-jori.jpeg","width":1600,"height":1600,"caption":"Selaginella Martensii jori"},{"@type":"BreadcrumbList","@id":"https:\/\/antderground.com\/en\/product\/selaginella-martensii-jori\/#breadcrumb","itemListElement":[{"@type":"ListItem","position":1,"name":"Portada","item":"https:\/\/antderground.com\/en\/"},{"@type":"ListItem","position":2,"name":"Products","item":"https:\/\/antderground.com\/en\/myrmecology-store\/"},{"@type":"ListItem","position":3,"name":"Selaginella martensii &#8216;Jori&#8217;"}]},{"@type":"WebSite","@id":"https:\/\/antderground.com\/en\/#website","url":"https:\/\/antderground.com\/en\/","name":"ANTDERGROUND","description":"Tu tienda de hormigas, gran variedad de hormigueros acr\u00edlicos,madera,arena,3D y mas.. Pide tus hormigas gratis con tu pedido, somos expertos en hormigueros antifugas.","publisher":{"@id":"https:\/\/antderground.com\/en\/#\/schema\/person\/0e322c505e84fe72c65e2f6d08f96b81"},"alternateName":"Antderground","potentialAction":[{"@type":"SearchAction","target":{"@type":"EntryPoint","urlTemplate":"https:\/\/antderground.com\/en\/?s={search_term_string}"},"query-input":{"@type":"PropertyValueSpecification","valueRequired":true,"valueName":"search_term_string"}}],"inLanguage":"en-US"},{"@type":["Person","Organization"],"@id":"https:\/\/antderground.com\/en\/#\/schema\/person\/0e322c505e84fe72c65e2f6d08f96b81","name":"Eric de Antderground","image":{"@type":"ImageObject","inLanguage":"en-US","@id":"https:\/\/secure.gravatar.com\/avatar\/c49a1b9f79216d1498cb73c1e85cd47f4465dda35f2a94c03790d491bd4423c3?s=96&d=mm&r=g","url":"https:\/\/secure.gravatar.com\/avatar\/c49a1b9f79216d1498cb73c1e85cd47f4465dda35f2a94c03790d491bd4423c3?s=96&d=mm&r=g","contentUrl":"https:\/\/secure.gravatar.com\/avatar\/c49a1b9f79216d1498cb73c1e85cd47f4465dda35f2a94c03790d491bd4423c3?s=96&d=mm&r=g","caption":"Eric de Antderground"},"logo":{"@id":"https:\/\/secure.gravatar.com\/avatar\/c49a1b9f79216d1498cb73c1e85cd47f4465dda35f2a94c03790d491bd4423c3?s=96&d=mm&r=g"},"description":"Eric es el especialista y fundador de Antderground, con una amplia trayectoria en artr\u00f3podos y enfocado en la mirmecolog\u00eda y el dise\u00f1o de hormigueros artificiales. Su enfoque combina la innovaci\u00f3n t\u00e9cnica con el respeto por la biolog\u00eda de las hormigas, is\u00f3podos y otros, desarrollando sistemas de nidos modulares 3D y acr\u00edlicos que son referentes para aficionados y profesionales en toda Europa. Su objetivo es facilitar la cr\u00eda de hormigas y otros artr\u00f3podos mediante soluciones seguras y divulgaci\u00f3n de calidad.","sameAs":["https:\/\/antderground.com\/","https:\/\/www.youtube.com\/channel\/UCio72z7TlbufkAthAJIJfPw"]}]}},"_links":{"self":[{"href":"https:\/\/antderground.com\/en\/wp-json\/wp\/v2\/product\/40783","targetHints":{"allow":["GET"]}}],"collection":[{"href":"https:\/\/antderground.com\/en\/wp-json\/wp\/v2\/product"}],"about":[{"href":"https:\/\/antderground.com\/en\/wp-json\/wp\/v2\/types\/product"}],"version-history":[{"count":0,"href":"https:\/\/antderground.com\/en\/wp-json\/wp\/v2\/product\/40783\/revisions"}],"wp:featuredmedia":[{"embeddable":true,"href":"https:\/\/antderground.com\/en\/wp-json\/wp\/v2\/media\/40765"}],"wp:attachment":[{"href":"https:\/\/antderground.com\/en\/wp-json\/wp\/v2\/media?parent=40783"}],"wp:term":[{"taxonomy":"product_brand","embeddable":true,"href":"https:\/\/antderground.com\/en\/wp-json\/wp\/v2\/product_brand?post=40783"},{"taxonomy":"product_cat","embeddable":true,"href":"https:\/\/antderground.com\/en\/wp-json\/wp\/v2\/product_cat?post=40783"},{"taxonomy":"product_tag","embeddable":true,"href":"https:\/\/antderground.com\/en\/wp-json\/wp\/v2\/product_tag?post=40783"}],"curies":[{"name":"wp","href":"https:\/\/api.w.org\/{rel}","templated":true}]}}