{"id":40811,"date":"2025-03-05T15:15:48","date_gmt":"2025-03-05T14:15:48","guid":{"rendered":"https:\/\/www.antderground.com\/producto\/neoregelia-fireball-verde\/"},"modified":"2025-03-05T15:15:48","modified_gmt":"2025-03-05T14:15:48","slug":"neoregelia-fireball-verde","status":"publish","type":"product","link":"https:\/\/antderground.com\/en\/product\/neoregelia-fireball-verde\/","title":{"rendered":"Neoregelia Fireball &#8220;Verde&#8221;"},"content":{"rendered":"<p data-start=\"35\" data-end=\"148\"><strong data-start=\"35\" data-end=\"50\">Common Name<\/strong>: Neoregelia Fireball &#8220;Green&#8221;<br data-start=\"79\" data-end=\"82\" \/><strong data-start=\"82\" data-end=\"96\">Latin Name<\/strong>: <em data-start=\"98\" data-end=\"119\">Neoregelia Fireball<\/em><br data-start=\"119\" data-end=\"122\" \/><strong data-start=\"122\" data-end=\"132\">Family<\/strong>: Bromeliaceae<\/p>\n<p data-start=\"150\" data-end=\"500\"><strong data-start=\"150\" data-end=\"165\">Description<\/strong>:<br data-start=\"166\" data-end=\"169\" \/>The <strong data-start=\"173\" data-end=\"204\">Neoregelia Fireball &#8220;Green&#8221;<\/strong> is a bromeliad species known for its lush foliage and distinctive appearance. This plant features a rosette of leaves in vibrant green tones, adding an elegant and tropical touch to any space. Its compact shape and dense foliage make it ideal for terrariums, paludariums, or indoor decoration.<\/p>\n<p data-start=\"502\" data-end=\"513\"><strong data-start=\"502\" data-end=\"510\">Size<\/strong>:<\/p>\n<ul data-start=\"514\" data-end=\"565\">\n<li data-start=\"514\" data-end=\"538\"><strong data-start=\"516\" data-end=\"526\">Height<\/strong>: 20-30 cm<\/li>\n<li data-start=\"539\" data-end=\"565\"><strong data-start=\"541\" data-end=\"553\">Diameter<\/strong>: 20-25 cm<\/li>\n<\/ul>\n<p data-start=\"567\" data-end=\"578\"><strong data-start=\"567\" data-end=\"575\">Care<\/strong>:<\/p>\n<ul data-start=\"579\" data-end=\"1163\">\n<li data-start=\"579\" data-end=\"717\"><strong data-start=\"581\" data-end=\"590\">Light<\/strong>: Prefers bright indirect light but can adapt to medium-light conditions. Avoid direct sunlight, as it may scorch the leaves.<\/li>\n<li data-start=\"718\" data-end=\"813\"><strong data-start=\"720\" data-end=\"735\">Temperature<\/strong>: Ideal range is 18\u00b0C to 24\u00b0C. It does not tolerate temperatures below 10\u00b0C.<\/li>\n<li data-start=\"814\" data-end=\"974\"><strong data-start=\"816\" data-end=\"828\">Watering<\/strong>: Keep the center of the plant moist but avoid waterlogging. Use non-calcareous water and allow the substrate to dry slightly between waterings.<\/li>\n<li data-start=\"975\" data-end=\"1074\"><strong data-start=\"977\" data-end=\"989\">Humidity<\/strong>: High humidity (60%-80%), making it ideal for terrariums or enclosed environments.<\/li>\n<li data-start=\"1075\" data-end=\"1163\"><strong data-start=\"1077\" data-end=\"1090\">Substrate<\/strong>: Well-aerated, such as a light potting mix with bark or coconut fiber.<\/li>\n<\/ul>\n<p data-start=\"1165\" data-end=\"1176\"><strong data-start=\"1165\" data-end=\"1173\">Uses<\/strong>:<\/p>\n<ul data-start=\"1177\" data-end=\"1419\">\n<li data-start=\"1177\" data-end=\"1318\"><strong data-start=\"1179\" data-end=\"1193\">Decoration<\/strong>: Perfect for interiors, terrariums, and paludariums due to its adaptability to humid environments and striking aesthetics.<\/li>\n<li data-start=\"1319\" data-end=\"1419\"><strong data-start=\"1321\" data-end=\"1338\">Visual effect<\/strong>: Its compact shape and vibrant colors make it a standout piece in any setting.<\/li>\n<\/ul>\n<p data-start=\"1421\" data-end=\"1436\"><strong data-start=\"1421\" data-end=\"1433\">Benefits<\/strong>:<\/p>\n<ul data-start=\"1437\" data-end=\"1633\">\n<li data-start=\"1437\" data-end=\"1541\"><strong data-start=\"1439\" data-end=\"1458\">Low maintenance<\/strong>: Easy to care for, suitable for both beginners and experienced indoor gardeners.<\/li>\n<li data-start=\"1542\" data-end=\"1633\"><strong data-start=\"1544\" data-end=\"1564\">Humidity booster<\/strong>: Ideal for humid environments and contributes to air purification.<\/li>\n<\/ul>\n<p data-start=\"1635\" data-end=\"1650\"><strong data-start=\"1635\" data-end=\"1647\">Toxicity<\/strong>:<\/p>\n<ul data-start=\"1651\" data-end=\"2261\">\n<li data-start=\"1651\" data-end=\"1911\"><strong data-start=\"1653\" data-end=\"1693\">Rodents, birds, and domestic animals<\/strong>: While generally non-toxic, ingestion in large amounts may cause mild digestive discomfort in small rodents, birds, or household pets. It is advisable to keep these animals away from the plant to prevent any issues.<\/li>\n<li data-start=\"1912\" data-end=\"2261\"><strong data-start=\"1914\" data-end=\"1954\">Arthropods, amphibians, and reptiles<\/strong>: The <em data-start=\"1960\" data-end=\"1989\">Neoregelia Fireball &#8220;Green&#8221;<\/em> is generally safe for most arthropods, amphibians, and reptiles. No toxicity has been reported for these animals, making it suitable for terrariums and paludariums. However, it is always advisable to monitor animal behavior when introducing new plants to their habitat.<\/li>\n<\/ul>\n<p data-start=\"2263\" data-end=\"2435\"><strong data-start=\"2263\" data-end=\"2278\">Propagation<\/strong>:<br data-start=\"2279\" data-end=\"2282\" \/>It reproduces through lateral shoots or &#8220;pups&#8221; that appear around the mother plant. These can be separated and planted individually to grow new plants.<\/p>\n","protected":false},"excerpt":{"rendered":"<p>Discover the Neoregelia Fireball &#8220;Green&#8221;! \ud83c\udf3f A vibrant bromeliad that&#8217;s easy to care for, perfect for your home or terrariums. Adds a unique touch to any space, increases humidity, and creates a fresh, natural environment. Ideal for plant lovers!<\/p>\n<p><strong>Characteristics:<\/strong><\/p>\n<ul>\n<li>Indoor.<\/li>\n<li>Toxicity (read technical data sheet)<\/li>\n<\/ul>\n","protected":false},"featured_media":40800,"template":"","meta":[],"product_brand":[],"product_cat":[635],"product_tag":[],"class_list":{"0":"post-40811","1":"product","2":"type-product","3":"status-publish","4":"has-post-thumbnail","6":"product_cat-natural-plants","8":"first","9":"instock","10":"shipping-taxable","11":"purchasable","12":"product-type-simple"},"yoast_head":"<!-- This site is optimized with the Yoast SEO plugin v27.3 - https:\/\/yoast.com\/product\/yoast-seo-wordpress\/ -->\n<title>Neoregelia Fireball &quot;Verde&quot; | Indoor plants - ANTDERGROUND<\/title>\n<meta name=\"description\" content=\"Neoregelia Fireball &quot;Green&quot; \ud83c\udf3f: A vibrant, low-maintenance bromeliad for interiors and terrariums. Add a tropical touch to your space today!\" \/>\n<meta name=\"robots\" content=\"index, follow, max-snippet:-1, max-image-preview:large, max-video-preview:-1\" \/>\n<link rel=\"canonical\" href=\"https:\/\/antderground.com\/en\/product\/neoregelia-fireball-verde\/\" \/>\n<meta property=\"og:locale\" content=\"en_US\" \/>\n<meta property=\"og:type\" content=\"article\" \/>\n<meta property=\"og:title\" content=\"Neoregelia Fireball &quot;Verde&quot; | Indoor plants - ANTDERGROUND\" \/>\n<meta property=\"og:description\" content=\"Neoregelia Fireball &quot;Green&quot; \ud83c\udf3f: A vibrant, low-maintenance bromeliad for interiors and terrariums. Add a tropical touch to your space today!\" \/>\n<meta property=\"og:url\" content=\"https:\/\/antderground.com\/en\/product\/neoregelia-fireball-verde\/\" \/>\n<meta property=\"og:site_name\" content=\"ANTDERGROUND\" \/>\n<meta property=\"og:image\" content=\"https:\/\/antderground.com\/wp-content\/uploads\/2025\/03\/neoregelia-fireball-22verde22.jpeg\" \/>\n\t<meta property=\"og:image:width\" content=\"1600\" \/>\n\t<meta property=\"og:image:height\" content=\"1600\" \/>\n\t<meta property=\"og:image:type\" content=\"image\/jpeg\" \/>\n<meta name=\"twitter:card\" content=\"summary_large_image\" \/>\n<meta name=\"twitter:label1\" content=\"Est. reading time\" \/>\n\t<meta name=\"twitter:data1\" content=\"2 minutes\" \/>\n<script type=\"application\/ld+json\" class=\"yoast-schema-graph\">{\"@context\":\"https:\\\/\\\/schema.org\",\"@graph\":[{\"@type\":\"WebPage\",\"@id\":\"https:\\\/\\\/antderground.com\\\/en\\\/product\\\/neoregelia-fireball-verde\\\/\",\"url\":\"https:\\\/\\\/antderground.com\\\/en\\\/product\\\/neoregelia-fireball-verde\\\/\",\"name\":\"Neoregelia Fireball \\\"Verde\\\" | Indoor plants - ANTDERGROUND\",\"isPartOf\":{\"@id\":\"https:\\\/\\\/antderground.com\\\/en\\\/#website\"},\"primaryImageOfPage\":{\"@id\":\"https:\\\/\\\/antderground.com\\\/en\\\/product\\\/neoregelia-fireball-verde\\\/#primaryimage\"},\"image\":{\"@id\":\"https:\\\/\\\/antderground.com\\\/en\\\/product\\\/neoregelia-fireball-verde\\\/#primaryimage\"},\"thumbnailUrl\":\"https:\\\/\\\/antderground.com\\\/wp-content\\\/uploads\\\/2025\\\/03\\\/neoregelia-fireball-22verde22.jpeg\",\"datePublished\":\"2025-03-05T14:15:48+00:00\",\"description\":\"Neoregelia Fireball \\\"Green\\\" \ud83c\udf3f: A vibrant, low-maintenance bromeliad for interiors and terrariums. Add a tropical touch to your space today!\",\"breadcrumb\":{\"@id\":\"https:\\\/\\\/antderground.com\\\/en\\\/product\\\/neoregelia-fireball-verde\\\/#breadcrumb\"},\"inLanguage\":\"en-US\",\"potentialAction\":[{\"@type\":\"ReadAction\",\"target\":[\"https:\\\/\\\/antderground.com\\\/en\\\/product\\\/neoregelia-fireball-verde\\\/\"]}]},{\"@type\":\"ImageObject\",\"inLanguage\":\"en-US\",\"@id\":\"https:\\\/\\\/antderground.com\\\/en\\\/product\\\/neoregelia-fireball-verde\\\/#primaryimage\",\"url\":\"https:\\\/\\\/antderground.com\\\/wp-content\\\/uploads\\\/2025\\\/03\\\/neoregelia-fireball-22verde22.jpeg\",\"contentUrl\":\"https:\\\/\\\/antderground.com\\\/wp-content\\\/uploads\\\/2025\\\/03\\\/neoregelia-fireball-22verde22.jpeg\",\"width\":1600,\"height\":1600,\"caption\":\"neoregelia fireball verde\"},{\"@type\":\"BreadcrumbList\",\"@id\":\"https:\\\/\\\/antderground.com\\\/en\\\/product\\\/neoregelia-fireball-verde\\\/#breadcrumb\",\"itemListElement\":[{\"@type\":\"ListItem\",\"position\":1,\"name\":\"Portada\",\"item\":\"https:\\\/\\\/antderground.com\\\/en\\\/\"},{\"@type\":\"ListItem\",\"position\":2,\"name\":\"Products\",\"item\":\"https:\\\/\\\/antderground.com\\\/en\\\/myrmecology-store\\\/\"},{\"@type\":\"ListItem\",\"position\":3,\"name\":\"Neoregelia Fireball &#8220;Verde&#8221;\"}]},{\"@type\":\"WebSite\",\"@id\":\"https:\\\/\\\/antderground.com\\\/en\\\/#website\",\"url\":\"https:\\\/\\\/antderground.com\\\/en\\\/\",\"name\":\"ANTDERGROUND\",\"description\":\"Tu tienda de hormigas, gran variedad de hormigueros acr\u00edlicos,madera,arena,3D y mas.. Pide tus hormigas gratis con tu pedido, somos expertos en hormigueros antifugas.\",\"publisher\":{\"@id\":\"https:\\\/\\\/antderground.com\\\/en\\\/#\\\/schema\\\/person\\\/0e322c505e84fe72c65e2f6d08f96b81\"},\"alternateName\":\"Antderground\",\"potentialAction\":[{\"@type\":\"SearchAction\",\"target\":{\"@type\":\"EntryPoint\",\"urlTemplate\":\"https:\\\/\\\/antderground.com\\\/en\\\/?s={search_term_string}\"},\"query-input\":{\"@type\":\"PropertyValueSpecification\",\"valueRequired\":true,\"valueName\":\"search_term_string\"}}],\"inLanguage\":\"en-US\"},{\"@type\":[\"Person\",\"Organization\"],\"@id\":\"https:\\\/\\\/antderground.com\\\/en\\\/#\\\/schema\\\/person\\\/0e322c505e84fe72c65e2f6d08f96b81\",\"name\":\"Eric de Antderground\",\"image\":{\"@type\":\"ImageObject\",\"inLanguage\":\"en-US\",\"@id\":\"https:\\\/\\\/secure.gravatar.com\\\/avatar\\\/c49a1b9f79216d1498cb73c1e85cd47f4465dda35f2a94c03790d491bd4423c3?s=96&d=mm&r=g\",\"url\":\"https:\\\/\\\/secure.gravatar.com\\\/avatar\\\/c49a1b9f79216d1498cb73c1e85cd47f4465dda35f2a94c03790d491bd4423c3?s=96&d=mm&r=g\",\"contentUrl\":\"https:\\\/\\\/secure.gravatar.com\\\/avatar\\\/c49a1b9f79216d1498cb73c1e85cd47f4465dda35f2a94c03790d491bd4423c3?s=96&d=mm&r=g\",\"caption\":\"Eric de Antderground\"},\"logo\":{\"@id\":\"https:\\\/\\\/secure.gravatar.com\\\/avatar\\\/c49a1b9f79216d1498cb73c1e85cd47f4465dda35f2a94c03790d491bd4423c3?s=96&d=mm&r=g\"},\"description\":\"Eric es el especialista y fundador de Antderground, con una amplia trayectoria en artr\u00f3podos y enfocado en la mirmecolog\u00eda y el dise\u00f1o de hormigueros artificiales. Su enfoque combina la innovaci\u00f3n t\u00e9cnica con el respeto por la biolog\u00eda de las hormigas, is\u00f3podos y otros, desarrollando sistemas de nidos modulares 3D y acr\u00edlicos que son referentes para aficionados y profesionales en toda Europa. Su objetivo es facilitar la cr\u00eda de hormigas y otros artr\u00f3podos mediante soluciones seguras y divulgaci\u00f3n de calidad.\",\"sameAs\":[\"https:\\\/\\\/antderground.com\\\/\",\"https:\\\/\\\/www.youtube.com\\\/channel\\\/UCio72z7TlbufkAthAJIJfPw\"]}]}<\/script>\n<!-- \/ Yoast SEO plugin. -->","yoast_head_json":{"title":"Neoregelia Fireball \"Verde\" | Indoor plants - ANTDERGROUND","description":"Neoregelia Fireball \"Green\" \ud83c\udf3f: A vibrant, low-maintenance bromeliad for interiors and terrariums. Add a tropical touch to your space today!","robots":{"index":"index","follow":"follow","max-snippet":"max-snippet:-1","max-image-preview":"max-image-preview:large","max-video-preview":"max-video-preview:-1"},"canonical":"https:\/\/antderground.com\/en\/product\/neoregelia-fireball-verde\/","og_locale":"en_US","og_type":"article","og_title":"Neoregelia Fireball \"Verde\" | Indoor plants - ANTDERGROUND","og_description":"Neoregelia Fireball \"Green\" \ud83c\udf3f: A vibrant, low-maintenance bromeliad for interiors and terrariums. Add a tropical touch to your space today!","og_url":"https:\/\/antderground.com\/en\/product\/neoregelia-fireball-verde\/","og_site_name":"ANTDERGROUND","og_image":[{"width":1600,"height":1600,"url":"https:\/\/antderground.com\/wp-content\/uploads\/2025\/03\/neoregelia-fireball-22verde22.jpeg","type":"image\/jpeg"}],"twitter_card":"summary_large_image","twitter_misc":{"Est. reading time":"2 minutes"},"schema":{"@context":"https:\/\/schema.org","@graph":[{"@type":"WebPage","@id":"https:\/\/antderground.com\/en\/product\/neoregelia-fireball-verde\/","url":"https:\/\/antderground.com\/en\/product\/neoregelia-fireball-verde\/","name":"Neoregelia Fireball \"Verde\" | Indoor plants - ANTDERGROUND","isPartOf":{"@id":"https:\/\/antderground.com\/en\/#website"},"primaryImageOfPage":{"@id":"https:\/\/antderground.com\/en\/product\/neoregelia-fireball-verde\/#primaryimage"},"image":{"@id":"https:\/\/antderground.com\/en\/product\/neoregelia-fireball-verde\/#primaryimage"},"thumbnailUrl":"https:\/\/antderground.com\/wp-content\/uploads\/2025\/03\/neoregelia-fireball-22verde22.jpeg","datePublished":"2025-03-05T14:15:48+00:00","description":"Neoregelia Fireball \"Green\" \ud83c\udf3f: A vibrant, low-maintenance bromeliad for interiors and terrariums. Add a tropical touch to your space today!","breadcrumb":{"@id":"https:\/\/antderground.com\/en\/product\/neoregelia-fireball-verde\/#breadcrumb"},"inLanguage":"en-US","potentialAction":[{"@type":"ReadAction","target":["https:\/\/antderground.com\/en\/product\/neoregelia-fireball-verde\/"]}]},{"@type":"ImageObject","inLanguage":"en-US","@id":"https:\/\/antderground.com\/en\/product\/neoregelia-fireball-verde\/#primaryimage","url":"https:\/\/antderground.com\/wp-content\/uploads\/2025\/03\/neoregelia-fireball-22verde22.jpeg","contentUrl":"https:\/\/antderground.com\/wp-content\/uploads\/2025\/03\/neoregelia-fireball-22verde22.jpeg","width":1600,"height":1600,"caption":"neoregelia fireball verde"},{"@type":"BreadcrumbList","@id":"https:\/\/antderground.com\/en\/product\/neoregelia-fireball-verde\/#breadcrumb","itemListElement":[{"@type":"ListItem","position":1,"name":"Portada","item":"https:\/\/antderground.com\/en\/"},{"@type":"ListItem","position":2,"name":"Products","item":"https:\/\/antderground.com\/en\/myrmecology-store\/"},{"@type":"ListItem","position":3,"name":"Neoregelia Fireball &#8220;Verde&#8221;"}]},{"@type":"WebSite","@id":"https:\/\/antderground.com\/en\/#website","url":"https:\/\/antderground.com\/en\/","name":"ANTDERGROUND","description":"Tu tienda de hormigas, gran variedad de hormigueros acr\u00edlicos,madera,arena,3D y mas.. Pide tus hormigas gratis con tu pedido, somos expertos en hormigueros antifugas.","publisher":{"@id":"https:\/\/antderground.com\/en\/#\/schema\/person\/0e322c505e84fe72c65e2f6d08f96b81"},"alternateName":"Antderground","potentialAction":[{"@type":"SearchAction","target":{"@type":"EntryPoint","urlTemplate":"https:\/\/antderground.com\/en\/?s={search_term_string}"},"query-input":{"@type":"PropertyValueSpecification","valueRequired":true,"valueName":"search_term_string"}}],"inLanguage":"en-US"},{"@type":["Person","Organization"],"@id":"https:\/\/antderground.com\/en\/#\/schema\/person\/0e322c505e84fe72c65e2f6d08f96b81","name":"Eric de Antderground","image":{"@type":"ImageObject","inLanguage":"en-US","@id":"https:\/\/secure.gravatar.com\/avatar\/c49a1b9f79216d1498cb73c1e85cd47f4465dda35f2a94c03790d491bd4423c3?s=96&d=mm&r=g","url":"https:\/\/secure.gravatar.com\/avatar\/c49a1b9f79216d1498cb73c1e85cd47f4465dda35f2a94c03790d491bd4423c3?s=96&d=mm&r=g","contentUrl":"https:\/\/secure.gravatar.com\/avatar\/c49a1b9f79216d1498cb73c1e85cd47f4465dda35f2a94c03790d491bd4423c3?s=96&d=mm&r=g","caption":"Eric de Antderground"},"logo":{"@id":"https:\/\/secure.gravatar.com\/avatar\/c49a1b9f79216d1498cb73c1e85cd47f4465dda35f2a94c03790d491bd4423c3?s=96&d=mm&r=g"},"description":"Eric es el especialista y fundador de Antderground, con una amplia trayectoria en artr\u00f3podos y enfocado en la mirmecolog\u00eda y el dise\u00f1o de hormigueros artificiales. Su enfoque combina la innovaci\u00f3n t\u00e9cnica con el respeto por la biolog\u00eda de las hormigas, is\u00f3podos y otros, desarrollando sistemas de nidos modulares 3D y acr\u00edlicos que son referentes para aficionados y profesionales en toda Europa. Su objetivo es facilitar la cr\u00eda de hormigas y otros artr\u00f3podos mediante soluciones seguras y divulgaci\u00f3n de calidad.","sameAs":["https:\/\/antderground.com\/","https:\/\/www.youtube.com\/channel\/UCio72z7TlbufkAthAJIJfPw"]}]}},"_links":{"self":[{"href":"https:\/\/antderground.com\/en\/wp-json\/wp\/v2\/product\/40811","targetHints":{"allow":["GET"]}}],"collection":[{"href":"https:\/\/antderground.com\/en\/wp-json\/wp\/v2\/product"}],"about":[{"href":"https:\/\/antderground.com\/en\/wp-json\/wp\/v2\/types\/product"}],"version-history":[{"count":0,"href":"https:\/\/antderground.com\/en\/wp-json\/wp\/v2\/product\/40811\/revisions"}],"wp:featuredmedia":[{"embeddable":true,"href":"https:\/\/antderground.com\/en\/wp-json\/wp\/v2\/media\/40800"}],"wp:attachment":[{"href":"https:\/\/antderground.com\/en\/wp-json\/wp\/v2\/media?parent=40811"}],"wp:term":[{"taxonomy":"product_brand","embeddable":true,"href":"https:\/\/antderground.com\/en\/wp-json\/wp\/v2\/product_brand?post=40811"},{"taxonomy":"product_cat","embeddable":true,"href":"https:\/\/antderground.com\/en\/wp-json\/wp\/v2\/product_cat?post=40811"},{"taxonomy":"product_tag","embeddable":true,"href":"https:\/\/antderground.com\/en\/wp-json\/wp\/v2\/product_tag?post=40811"}],"curies":[{"name":"wp","href":"https:\/\/api.w.org\/{rel}","templated":true}]}}