{"id":40954,"date":"2025-03-10T10:45:51","date_gmt":"2025-03-10T09:45:51","guid":{"rendered":"https:\/\/www.antderground.com\/producto\/silkworm-eggs\/"},"modified":"2025-03-10T10:45:51","modified_gmt":"2025-03-10T09:45:51","slug":"silkworm-eggs","status":"publish","type":"product","link":"https:\/\/antderground.com\/en\/product\/silkworm-eggs\/","title":{"rendered":"Silkworm Eggs"},"content":{"rendered":"<p data-start=\"3966\" data-end=\"4021\"><strong data-start=\"3966\" data-end=\"4019\">Technical Data Sheet: Silkworm Eggs (Bombyx mori)<\/strong><\/p>\n<p data-start=\"4023\" data-end=\"4090\"><strong data-start=\"4023\" data-end=\"4039\">Common Name:<\/strong> Silkworm Eggs<br data-start=\"4053\" data-end=\"4056\" \/><strong data-start=\"4056\" data-end=\"4076\">Scientific Name:<\/strong> Bombyx mori (Mixed)<\/p>\n<h3 data-start=\"4092\" data-end=\"4113\"><strong data-start=\"4096\" data-end=\"4111\">Description<\/strong><\/h3>\n<p data-start=\"4114\" data-end=\"4353\">Silkworm eggs (Bombyx mori) are the initial stage of this insect, bred for silk production or as live food for reptiles, amphibians, and arthropods. Easy to incubate, they hatch into caterpillars that feed exclusively on mulberry leaves.<\/p>\n<h3 data-start=\"4355\" data-end=\"4384\"><strong data-start=\"4359\" data-end=\"4382\">Hatching Conditions<\/strong><\/h3>\n<ul data-start=\"4385\" data-end=\"4609\">\n<li data-start=\"4385\" data-end=\"4419\"><strong data-start=\"4387\" data-end=\"4409\">Ideal Temperature:<\/strong> 23-27\u00b0C<\/li>\n<li data-start=\"4420\" data-end=\"4453\"><strong data-start=\"4422\" data-end=\"4444\">Relative Humidity:<\/strong> 75-85%<\/li>\n<li data-start=\"4454\" data-end=\"4527\"><strong data-start=\"4456\" data-end=\"4476\">Incubation Time:<\/strong> 10-14 days depending on environmental conditions<\/li>\n<li data-start=\"4528\" data-end=\"4609\"><strong data-start=\"4530\" data-end=\"4558\">Recommended Light Cycle:<\/strong> Natural or artificial light with a 12-hour cycle<\/li>\n<\/ul>\n<h3 data-start=\"4611\" data-end=\"4643\"><strong data-start=\"4615\" data-end=\"4641\">Feeding After Hatching<\/strong><\/h3>\n<p data-start=\"4644\" data-end=\"4847\">Newly hatched silkworms must be fed exclusively with fresh mulberry leaves (Morus sp.). If fresh leaves are unavailable, artificial diets made from dried leaves and nutritional supplements can be used.<\/p>\n<h3 data-start=\"4849\" data-end=\"4871\"><strong data-start=\"4853\" data-end=\"4869\">Applications<\/strong><\/h3>\n<ul data-start=\"4872\" data-end=\"4999\">\n<li data-start=\"4872\" data-end=\"4904\">Breeding for silk production<\/li>\n<li data-start=\"4905\" data-end=\"4949\">Live food for reptiles and other animals<\/li>\n<li data-start=\"4950\" data-end=\"4999\">Educational projects on the insect life cycle<\/li>\n<\/ul>\n<h3 data-start=\"5001\" data-end=\"5022\"><strong data-start=\"5005\" data-end=\"5020\">Egg Storage<\/strong><\/h3>\n<ul data-start=\"5023\" data-end=\"5137\">\n<li data-start=\"5023\" data-end=\"5076\">To delay hatching, store in refrigeration at 5\u00b0C.<\/li>\n<li data-start=\"5077\" data-end=\"5137\">Avoid excessive humidity and sudden temperature changes.<\/li>\n<\/ul>\n<h3 data-start=\"5139\" data-end=\"5156\"><strong data-start=\"5143\" data-end=\"5154\">Remarks<\/strong><\/h3>\n<ul data-start=\"5157\" data-end=\"5248\">\n<li data-start=\"5157\" data-end=\"5248\">The quality of the silk produced may vary depending on the genetics of each individual.<\/li>\n<\/ul>\n","protected":false},"excerpt":{"rendered":"<p>Experience silkworm breeding from the very start! High-quality eggs, easy to incubate, perfect for education, live food, or silk production. Feed them fresh mulberry leaves and watch their incredible transformation!<\/p>\n","protected":false},"featured_media":40913,"template":"","meta":[],"product_brand":[],"product_cat":[201,687],"product_tag":[],"class_list":{"0":"post-40954","1":"product","2":"type-product","3":"status-publish","4":"has-post-thumbnail","6":"product_cat-food-for-ants","7":"product_cat-dehydrated-ant-others","9":"first","10":"instock","11":"shipping-taxable","12":"purchasable","13":"product-type-variable"},"yoast_head":"<!-- This site is optimized with the Yoast SEO plugin v27.3 - https:\/\/yoast.com\/product\/yoast-seo-wordpress\/ -->\n<title>Silkworm Eggs - ANTDERGROUND<\/title>\n<meta name=\"description\" content=\"Buy high-quality silkworm eggs \ud83d\udc1b. Ideal for breeding, education, or live food. Easy to hatch, just feed with fresh mulberry leaves. \ud83c\udf3f\" \/>\n<meta name=\"robots\" content=\"index, follow, max-snippet:-1, max-image-preview:large, max-video-preview:-1\" \/>\n<link rel=\"canonical\" href=\"https:\/\/antderground.com\/en\/product\/silkworm-eggs\/\" \/>\n<meta property=\"og:locale\" content=\"en_US\" \/>\n<meta property=\"og:type\" content=\"article\" \/>\n<meta property=\"og:title\" content=\"Silkworm Eggs - ANTDERGROUND\" \/>\n<meta property=\"og:description\" content=\"Buy high-quality silkworm eggs \ud83d\udc1b. Ideal for breeding, education, or live food. Easy to hatch, just feed with fresh mulberry leaves. \ud83c\udf3f\" \/>\n<meta property=\"og:url\" content=\"https:\/\/antderground.com\/en\/product\/silkworm-eggs\/\" \/>\n<meta property=\"og:site_name\" content=\"ANTDERGROUND\" \/>\n<meta property=\"og:image\" content=\"https:\/\/antderground.com\/wp-content\/uploads\/2025\/03\/ous-cucs-de-seda.jpeg\" \/>\n\t<meta property=\"og:image:width\" content=\"1600\" \/>\n\t<meta property=\"og:image:height\" content=\"1600\" \/>\n\t<meta property=\"og:image:type\" content=\"image\/jpeg\" \/>\n<meta name=\"twitter:card\" content=\"summary_large_image\" \/>\n<meta name=\"twitter:label1\" content=\"Est. reading time\" \/>\n\t<meta name=\"twitter:data1\" content=\"1 minute\" \/>\n<script type=\"application\/ld+json\" class=\"yoast-schema-graph\">{\"@context\":\"https:\\\/\\\/schema.org\",\"@graph\":[{\"@type\":\"WebPage\",\"@id\":\"https:\\\/\\\/antderground.com\\\/en\\\/product\\\/silkworm-eggs\\\/\",\"url\":\"https:\\\/\\\/antderground.com\\\/en\\\/product\\\/silkworm-eggs\\\/\",\"name\":\"Silkworm Eggs - ANTDERGROUND\",\"isPartOf\":{\"@id\":\"https:\\\/\\\/antderground.com\\\/en\\\/#website\"},\"primaryImageOfPage\":{\"@id\":\"https:\\\/\\\/antderground.com\\\/en\\\/product\\\/silkworm-eggs\\\/#primaryimage\"},\"image\":{\"@id\":\"https:\\\/\\\/antderground.com\\\/en\\\/product\\\/silkworm-eggs\\\/#primaryimage\"},\"thumbnailUrl\":\"https:\\\/\\\/antderground.com\\\/wp-content\\\/uploads\\\/2025\\\/03\\\/ous-cucs-de-seda.jpeg\",\"datePublished\":\"2025-03-10T09:45:51+00:00\",\"description\":\"Buy high-quality silkworm eggs \ud83d\udc1b. Ideal for breeding, education, or live food. Easy to hatch, just feed with fresh mulberry leaves. \ud83c\udf3f\",\"breadcrumb\":{\"@id\":\"https:\\\/\\\/antderground.com\\\/en\\\/product\\\/silkworm-eggs\\\/#breadcrumb\"},\"inLanguage\":\"en-US\",\"potentialAction\":[{\"@type\":\"ReadAction\",\"target\":[\"https:\\\/\\\/antderground.com\\\/en\\\/product\\\/silkworm-eggs\\\/\"]}]},{\"@type\":\"ImageObject\",\"inLanguage\":\"en-US\",\"@id\":\"https:\\\/\\\/antderground.com\\\/en\\\/product\\\/silkworm-eggs\\\/#primaryimage\",\"url\":\"https:\\\/\\\/antderground.com\\\/wp-content\\\/uploads\\\/2025\\\/03\\\/ous-cucs-de-seda.jpeg\",\"contentUrl\":\"https:\\\/\\\/antderground.com\\\/wp-content\\\/uploads\\\/2025\\\/03\\\/ous-cucs-de-seda.jpeg\",\"width\":1600,\"height\":1600,\"caption\":\"silkworm eggs \ud83d\udc1b\"},{\"@type\":\"BreadcrumbList\",\"@id\":\"https:\\\/\\\/antderground.com\\\/en\\\/product\\\/silkworm-eggs\\\/#breadcrumb\",\"itemListElement\":[{\"@type\":\"ListItem\",\"position\":1,\"name\":\"Portada\",\"item\":\"https:\\\/\\\/antderground.com\\\/en\\\/\"},{\"@type\":\"ListItem\",\"position\":2,\"name\":\"Products\",\"item\":\"https:\\\/\\\/antderground.com\\\/en\\\/myrmecology-store\\\/\"},{\"@type\":\"ListItem\",\"position\":3,\"name\":\"Silkworm Eggs\"}]},{\"@type\":\"WebSite\",\"@id\":\"https:\\\/\\\/antderground.com\\\/en\\\/#website\",\"url\":\"https:\\\/\\\/antderground.com\\\/en\\\/\",\"name\":\"ANTDERGROUND\",\"description\":\"Tu tienda de hormigas, gran variedad de hormigueros acr\u00edlicos,madera,arena,3D y mas.. Pide tus hormigas gratis con tu pedido, somos expertos en hormigueros antifugas.\",\"publisher\":{\"@id\":\"https:\\\/\\\/antderground.com\\\/en\\\/#\\\/schema\\\/person\\\/0e322c505e84fe72c65e2f6d08f96b81\"},\"alternateName\":\"Antderground\",\"potentialAction\":[{\"@type\":\"SearchAction\",\"target\":{\"@type\":\"EntryPoint\",\"urlTemplate\":\"https:\\\/\\\/antderground.com\\\/en\\\/?s={search_term_string}\"},\"query-input\":{\"@type\":\"PropertyValueSpecification\",\"valueRequired\":true,\"valueName\":\"search_term_string\"}}],\"inLanguage\":\"en-US\"},{\"@type\":[\"Person\",\"Organization\"],\"@id\":\"https:\\\/\\\/antderground.com\\\/en\\\/#\\\/schema\\\/person\\\/0e322c505e84fe72c65e2f6d08f96b81\",\"name\":\"Eric de Antderground\",\"image\":{\"@type\":\"ImageObject\",\"inLanguage\":\"en-US\",\"@id\":\"https:\\\/\\\/secure.gravatar.com\\\/avatar\\\/c49a1b9f79216d1498cb73c1e85cd47f4465dda35f2a94c03790d491bd4423c3?s=96&d=mm&r=g\",\"url\":\"https:\\\/\\\/secure.gravatar.com\\\/avatar\\\/c49a1b9f79216d1498cb73c1e85cd47f4465dda35f2a94c03790d491bd4423c3?s=96&d=mm&r=g\",\"contentUrl\":\"https:\\\/\\\/secure.gravatar.com\\\/avatar\\\/c49a1b9f79216d1498cb73c1e85cd47f4465dda35f2a94c03790d491bd4423c3?s=96&d=mm&r=g\",\"caption\":\"Eric de Antderground\"},\"logo\":{\"@id\":\"https:\\\/\\\/secure.gravatar.com\\\/avatar\\\/c49a1b9f79216d1498cb73c1e85cd47f4465dda35f2a94c03790d491bd4423c3?s=96&d=mm&r=g\"},\"description\":\"Eric es el especialista y fundador de Antderground, con una amplia trayectoria en artr\u00f3podos y enfocado en la mirmecolog\u00eda y el dise\u00f1o de hormigueros artificiales. Su enfoque combina la innovaci\u00f3n t\u00e9cnica con el respeto por la biolog\u00eda de las hormigas, is\u00f3podos y otros, desarrollando sistemas de nidos modulares 3D y acr\u00edlicos que son referentes para aficionados y profesionales en toda Europa. Su objetivo es facilitar la cr\u00eda de hormigas y otros artr\u00f3podos mediante soluciones seguras y divulgaci\u00f3n de calidad.\",\"sameAs\":[\"https:\\\/\\\/antderground.com\\\/\",\"https:\\\/\\\/www.youtube.com\\\/channel\\\/UCio72z7TlbufkAthAJIJfPw\"]}]}<\/script>\n<!-- \/ Yoast SEO plugin. -->","yoast_head_json":{"title":"Silkworm Eggs - ANTDERGROUND","description":"Buy high-quality silkworm eggs \ud83d\udc1b. Ideal for breeding, education, or live food. Easy to hatch, just feed with fresh mulberry leaves. \ud83c\udf3f","robots":{"index":"index","follow":"follow","max-snippet":"max-snippet:-1","max-image-preview":"max-image-preview:large","max-video-preview":"max-video-preview:-1"},"canonical":"https:\/\/antderground.com\/en\/product\/silkworm-eggs\/","og_locale":"en_US","og_type":"article","og_title":"Silkworm Eggs - ANTDERGROUND","og_description":"Buy high-quality silkworm eggs \ud83d\udc1b. Ideal for breeding, education, or live food. Easy to hatch, just feed with fresh mulberry leaves. \ud83c\udf3f","og_url":"https:\/\/antderground.com\/en\/product\/silkworm-eggs\/","og_site_name":"ANTDERGROUND","og_image":[{"width":1600,"height":1600,"url":"https:\/\/antderground.com\/wp-content\/uploads\/2025\/03\/ous-cucs-de-seda.jpeg","type":"image\/jpeg"}],"twitter_card":"summary_large_image","twitter_misc":{"Est. reading time":"1 minute"},"schema":{"@context":"https:\/\/schema.org","@graph":[{"@type":"WebPage","@id":"https:\/\/antderground.com\/en\/product\/silkworm-eggs\/","url":"https:\/\/antderground.com\/en\/product\/silkworm-eggs\/","name":"Silkworm Eggs - ANTDERGROUND","isPartOf":{"@id":"https:\/\/antderground.com\/en\/#website"},"primaryImageOfPage":{"@id":"https:\/\/antderground.com\/en\/product\/silkworm-eggs\/#primaryimage"},"image":{"@id":"https:\/\/antderground.com\/en\/product\/silkworm-eggs\/#primaryimage"},"thumbnailUrl":"https:\/\/antderground.com\/wp-content\/uploads\/2025\/03\/ous-cucs-de-seda.jpeg","datePublished":"2025-03-10T09:45:51+00:00","description":"Buy high-quality silkworm eggs \ud83d\udc1b. Ideal for breeding, education, or live food. Easy to hatch, just feed with fresh mulberry leaves. \ud83c\udf3f","breadcrumb":{"@id":"https:\/\/antderground.com\/en\/product\/silkworm-eggs\/#breadcrumb"},"inLanguage":"en-US","potentialAction":[{"@type":"ReadAction","target":["https:\/\/antderground.com\/en\/product\/silkworm-eggs\/"]}]},{"@type":"ImageObject","inLanguage":"en-US","@id":"https:\/\/antderground.com\/en\/product\/silkworm-eggs\/#primaryimage","url":"https:\/\/antderground.com\/wp-content\/uploads\/2025\/03\/ous-cucs-de-seda.jpeg","contentUrl":"https:\/\/antderground.com\/wp-content\/uploads\/2025\/03\/ous-cucs-de-seda.jpeg","width":1600,"height":1600,"caption":"silkworm eggs \ud83d\udc1b"},{"@type":"BreadcrumbList","@id":"https:\/\/antderground.com\/en\/product\/silkworm-eggs\/#breadcrumb","itemListElement":[{"@type":"ListItem","position":1,"name":"Portada","item":"https:\/\/antderground.com\/en\/"},{"@type":"ListItem","position":2,"name":"Products","item":"https:\/\/antderground.com\/en\/myrmecology-store\/"},{"@type":"ListItem","position":3,"name":"Silkworm Eggs"}]},{"@type":"WebSite","@id":"https:\/\/antderground.com\/en\/#website","url":"https:\/\/antderground.com\/en\/","name":"ANTDERGROUND","description":"Tu tienda de hormigas, gran variedad de hormigueros acr\u00edlicos,madera,arena,3D y mas.. Pide tus hormigas gratis con tu pedido, somos expertos en hormigueros antifugas.","publisher":{"@id":"https:\/\/antderground.com\/en\/#\/schema\/person\/0e322c505e84fe72c65e2f6d08f96b81"},"alternateName":"Antderground","potentialAction":[{"@type":"SearchAction","target":{"@type":"EntryPoint","urlTemplate":"https:\/\/antderground.com\/en\/?s={search_term_string}"},"query-input":{"@type":"PropertyValueSpecification","valueRequired":true,"valueName":"search_term_string"}}],"inLanguage":"en-US"},{"@type":["Person","Organization"],"@id":"https:\/\/antderground.com\/en\/#\/schema\/person\/0e322c505e84fe72c65e2f6d08f96b81","name":"Eric de Antderground","image":{"@type":"ImageObject","inLanguage":"en-US","@id":"https:\/\/secure.gravatar.com\/avatar\/c49a1b9f79216d1498cb73c1e85cd47f4465dda35f2a94c03790d491bd4423c3?s=96&d=mm&r=g","url":"https:\/\/secure.gravatar.com\/avatar\/c49a1b9f79216d1498cb73c1e85cd47f4465dda35f2a94c03790d491bd4423c3?s=96&d=mm&r=g","contentUrl":"https:\/\/secure.gravatar.com\/avatar\/c49a1b9f79216d1498cb73c1e85cd47f4465dda35f2a94c03790d491bd4423c3?s=96&d=mm&r=g","caption":"Eric de Antderground"},"logo":{"@id":"https:\/\/secure.gravatar.com\/avatar\/c49a1b9f79216d1498cb73c1e85cd47f4465dda35f2a94c03790d491bd4423c3?s=96&d=mm&r=g"},"description":"Eric es el especialista y fundador de Antderground, con una amplia trayectoria en artr\u00f3podos y enfocado en la mirmecolog\u00eda y el dise\u00f1o de hormigueros artificiales. Su enfoque combina la innovaci\u00f3n t\u00e9cnica con el respeto por la biolog\u00eda de las hormigas, is\u00f3podos y otros, desarrollando sistemas de nidos modulares 3D y acr\u00edlicos que son referentes para aficionados y profesionales en toda Europa. Su objetivo es facilitar la cr\u00eda de hormigas y otros artr\u00f3podos mediante soluciones seguras y divulgaci\u00f3n de calidad.","sameAs":["https:\/\/antderground.com\/","https:\/\/www.youtube.com\/channel\/UCio72z7TlbufkAthAJIJfPw"]}]}},"_links":{"self":[{"href":"https:\/\/antderground.com\/en\/wp-json\/wp\/v2\/product\/40954","targetHints":{"allow":["GET"]}}],"collection":[{"href":"https:\/\/antderground.com\/en\/wp-json\/wp\/v2\/product"}],"about":[{"href":"https:\/\/antderground.com\/en\/wp-json\/wp\/v2\/types\/product"}],"version-history":[{"count":0,"href":"https:\/\/antderground.com\/en\/wp-json\/wp\/v2\/product\/40954\/revisions"}],"wp:featuredmedia":[{"embeddable":true,"href":"https:\/\/antderground.com\/en\/wp-json\/wp\/v2\/media\/40913"}],"wp:attachment":[{"href":"https:\/\/antderground.com\/en\/wp-json\/wp\/v2\/media?parent=40954"}],"wp:term":[{"taxonomy":"product_brand","embeddable":true,"href":"https:\/\/antderground.com\/en\/wp-json\/wp\/v2\/product_brand?post=40954"},{"taxonomy":"product_cat","embeddable":true,"href":"https:\/\/antderground.com\/en\/wp-json\/wp\/v2\/product_cat?post=40954"},{"taxonomy":"product_tag","embeddable":true,"href":"https:\/\/antderground.com\/en\/wp-json\/wp\/v2\/product_tag?post=40954"}],"curies":[{"name":"wp","href":"https:\/\/api.w.org\/{rel}","templated":true}]}}