{"id":41026,"date":"2025-03-05T14:58:30","date_gmt":"2025-03-05T13:58:30","guid":{"rendered":"https:\/\/www.antderground.com\/producto\/sansevieria-cylindrica-mikado\/"},"modified":"2025-03-05T14:58:30","modified_gmt":"2025-03-05T13:58:30","slug":"sansevieria-cylindrica-mikado","status":"publish","type":"product","link":"https:\/\/antderground.com\/en\/product\/sansevieria-cylindrica-mikado\/","title":{"rendered":"Sansevieria cylindrica (Mikado)"},"content":{"rendered":"<p data-start=\"31\" data-end=\"90\"><strong data-start=\"31\" data-end=\"88\">Technical Data Sheet: Sansevieria cylindrica (Mikado)<\/strong><\/p>\n<p data-start=\"92\" data-end=\"202\"><strong data-start=\"92\" data-end=\"108\">Common Name:<\/strong> Sansevieria Mikado<br data-start=\"127\" data-end=\"130\" \/><strong data-start=\"130\" data-end=\"150\">Scientific Name:<\/strong> Sansevieria cylindrica<br data-start=\"173\" data-end=\"176\" \/><strong data-start=\"176\" data-end=\"187\">Family:<\/strong> Asparagaceae<\/p>\n<p data-start=\"204\" data-end=\"618\"><strong data-start=\"204\" data-end=\"219\">Description<\/strong><br data-start=\"219\" data-end=\"222\" \/>The <strong data-start=\"226\" data-end=\"259\">Sansevieria cylindrica Mikado<\/strong> is an indoor plant native to Africa. It is characterized by its cylindrical, rigid, and upright leaves that grow in a geometric pattern. Its leaves can reach up to 60 cm in height and display a deep green color with darker bands, making it an ideal decorative plant for any environment. The Mikado variety stands out for its unique spiral leaf arrangement.<\/p>\n<p data-start=\"620\" data-end=\"630\"><strong data-start=\"620\" data-end=\"628\">Uses<\/strong><\/p>\n<ul data-start=\"631\" data-end=\"822\">\n<li data-start=\"631\" data-end=\"701\"><strong data-start=\"633\" data-end=\"657\">Interior decoration:<\/strong> Perfect for modern and minimalist spaces.<\/li>\n<li data-start=\"702\" data-end=\"822\"><strong data-start=\"704\" data-end=\"725\">Air purification:<\/strong> Like other Sansevierias, it helps purify the air by removing toxins and improving air quality.<\/li>\n<\/ul>\n<p data-start=\"824\" data-end=\"834\"><strong data-start=\"824\" data-end=\"832\">Care<\/strong><\/p>\n<ul data-start=\"835\" data-end=\"1265\">\n<li data-start=\"835\" data-end=\"916\"><strong data-start=\"837\" data-end=\"847\">Light:<\/strong> Prefers bright, indirect light but tolerates low-light conditions.<\/li>\n<li data-start=\"917\" data-end=\"1038\"><strong data-start=\"919\" data-end=\"932\">Watering:<\/strong> Water moderately. Avoid overwatering, as it can cause root rot. Let the soil dry out between waterings.<\/li>\n<li data-start=\"1039\" data-end=\"1119\"><strong data-start=\"1041\" data-end=\"1057\">Temperature:<\/strong> Ideal between 18\u00b0C and 24\u00b0C. Avoid temperatures below 10\u00b0C.<\/li>\n<li data-start=\"1120\" data-end=\"1184\"><strong data-start=\"1122\" data-end=\"1135\">Humidity:<\/strong> Adapts well to typical indoor humidity levels.<\/li>\n<li data-start=\"1185\" data-end=\"1265\"><strong data-start=\"1187\" data-end=\"1196\">Soil:<\/strong> Prefers well-draining soil, such as a mix for succulents or cacti.<\/li>\n<\/ul>\n<p data-start=\"1267\" data-end=\"1283\"><strong data-start=\"1267\" data-end=\"1281\">Advantages<\/strong><\/p>\n<ul data-start=\"1284\" data-end=\"1518\">\n<li data-start=\"1284\" data-end=\"1376\"><strong data-start=\"1286\" data-end=\"1307\">Easy to care for:<\/strong> Highly resistant and tolerant to low light and irregular watering.<\/li>\n<li data-start=\"1377\" data-end=\"1441\"><strong data-start=\"1379\" data-end=\"1397\">Long lifespan:<\/strong> Can live for many years with proper care.<\/li>\n<li data-start=\"1442\" data-end=\"1518\"><strong data-start=\"1444\" data-end=\"1468\">Ideal for beginners:<\/strong> Requires minimal maintenance and is very hardy.<\/li>\n<\/ul>\n<p data-start=\"1520\" data-end=\"1645\"><strong data-start=\"1520\" data-end=\"1532\">Toxicity<\/strong><br data-start=\"1532\" data-end=\"1535\" \/>Keep out of reach of pets and children, as ingestion may cause digestive discomfort and pose toxicity risks.<\/p>\n","protected":false},"excerpt":{"rendered":"<p>Add a modern touch to your home with the Sansevieria Mikado! \ud83c\udf3f Hardy, low-maintenance, and air-purifying, it&#8217;s perfect for effortless decoration. Its cylindrical, stylish leaves fit beautifully into any interior space.<\/p>\n<p><strong>Features:<\/strong><\/p>\n<ul>\n<li>Pot size: 6 cm.<\/li>\n<li>Indoor.<\/li>\n<\/ul>\n","protected":false},"featured_media":40790,"template":"","meta":[],"product_brand":[],"product_cat":[635],"product_tag":[],"class_list":{"0":"post-41026","1":"product","2":"type-product","3":"status-publish","4":"has-post-thumbnail","6":"product_cat-natural-plants","8":"first","9":"outofstock","10":"shipping-taxable","11":"purchasable","12":"product-type-simple"},"yoast_head":"<!-- This site is optimized with the Yoast SEO plugin v27.4 - https:\/\/yoast.com\/product\/yoast-seo-wordpress\/ -->\n<title>Sansevieria cylindrica (Mikado) | Natural plants - ANTDERGROUND<\/title>\n<meta name=\"description\" content=\"Enhance your home with the elegant Sansevieria Mikado \ud83c\udf31. Easy to care for, long-lasting, and air-purifying \u2013 perfect for any space!\" \/>\n<meta name=\"robots\" content=\"index, follow, max-snippet:-1, max-image-preview:large, max-video-preview:-1\" \/>\n<link rel=\"canonical\" href=\"https:\/\/antderground.com\/en\/product\/sansevieria-cylindrica-mikado\/\" \/>\n<meta property=\"og:locale\" content=\"en_US\" \/>\n<meta property=\"og:type\" content=\"article\" \/>\n<meta property=\"og:title\" content=\"Sansevieria cylindrica (Mikado) | Natural plants - ANTDERGROUND\" \/>\n<meta property=\"og:description\" content=\"Enhance your home with the elegant Sansevieria Mikado \ud83c\udf31. Easy to care for, long-lasting, and air-purifying \u2013 perfect for any space!\" \/>\n<meta property=\"og:url\" content=\"https:\/\/antderground.com\/en\/product\/sansevieria-cylindrica-mikado\/\" \/>\n<meta property=\"og:site_name\" content=\"ANTDERGROUND\" \/>\n<meta property=\"og:image\" content=\"https:\/\/antderground.com\/wp-content\/uploads\/2025\/03\/Sansevieria-cylindrica-Mikado.jpeg\" \/>\n\t<meta property=\"og:image:width\" content=\"1600\" \/>\n\t<meta property=\"og:image:height\" content=\"1600\" \/>\n\t<meta property=\"og:image:type\" content=\"image\/jpeg\" \/>\n<meta name=\"twitter:card\" content=\"summary_large_image\" \/>\n<meta name=\"twitter:label1\" content=\"Est. reading time\" \/>\n\t<meta name=\"twitter:data1\" content=\"1 minute\" \/>\n<script type=\"application\/ld+json\" class=\"yoast-schema-graph\">{\"@context\":\"https:\\\/\\\/schema.org\",\"@graph\":[{\"@type\":\"WebPage\",\"@id\":\"https:\\\/\\\/antderground.com\\\/en\\\/product\\\/sansevieria-cylindrica-mikado\\\/\",\"url\":\"https:\\\/\\\/antderground.com\\\/en\\\/product\\\/sansevieria-cylindrica-mikado\\\/\",\"name\":\"Sansevieria cylindrica (Mikado) | Natural plants - ANTDERGROUND\",\"isPartOf\":{\"@id\":\"https:\\\/\\\/antderground.com\\\/en\\\/#website\"},\"primaryImageOfPage\":{\"@id\":\"https:\\\/\\\/antderground.com\\\/en\\\/product\\\/sansevieria-cylindrica-mikado\\\/#primaryimage\"},\"image\":{\"@id\":\"https:\\\/\\\/antderground.com\\\/en\\\/product\\\/sansevieria-cylindrica-mikado\\\/#primaryimage\"},\"thumbnailUrl\":\"https:\\\/\\\/antderground.com\\\/wp-content\\\/uploads\\\/2025\\\/03\\\/Sansevieria-cylindrica-Mikado.jpeg\",\"datePublished\":\"2025-03-05T13:58:30+00:00\",\"description\":\"Enhance your home with the elegant Sansevieria Mikado \ud83c\udf31. Easy to care for, long-lasting, and air-purifying \u2013 perfect for any space!\",\"breadcrumb\":{\"@id\":\"https:\\\/\\\/antderground.com\\\/en\\\/product\\\/sansevieria-cylindrica-mikado\\\/#breadcrumb\"},\"inLanguage\":\"en-US\",\"potentialAction\":[{\"@type\":\"ReadAction\",\"target\":[\"https:\\\/\\\/antderground.com\\\/en\\\/product\\\/sansevieria-cylindrica-mikado\\\/\"]}]},{\"@type\":\"ImageObject\",\"inLanguage\":\"en-US\",\"@id\":\"https:\\\/\\\/antderground.com\\\/en\\\/product\\\/sansevieria-cylindrica-mikado\\\/#primaryimage\",\"url\":\"https:\\\/\\\/antderground.com\\\/wp-content\\\/uploads\\\/2025\\\/03\\\/Sansevieria-cylindrica-Mikado.jpeg\",\"contentUrl\":\"https:\\\/\\\/antderground.com\\\/wp-content\\\/uploads\\\/2025\\\/03\\\/Sansevieria-cylindrica-Mikado.jpeg\",\"width\":1600,\"height\":1600,\"caption\":\"Sansevieria cylindrica (Mikado)\"},{\"@type\":\"BreadcrumbList\",\"@id\":\"https:\\\/\\\/antderground.com\\\/en\\\/product\\\/sansevieria-cylindrica-mikado\\\/#breadcrumb\",\"itemListElement\":[{\"@type\":\"ListItem\",\"position\":1,\"name\":\"Portada\",\"item\":\"https:\\\/\\\/antderground.com\\\/en\\\/\"},{\"@type\":\"ListItem\",\"position\":2,\"name\":\"Products\",\"item\":\"https:\\\/\\\/antderground.com\\\/en\\\/myrmecology-store\\\/\"},{\"@type\":\"ListItem\",\"position\":3,\"name\":\"Sansevieria cylindrica (Mikado)\"}]},{\"@type\":\"WebSite\",\"@id\":\"https:\\\/\\\/antderground.com\\\/en\\\/#website\",\"url\":\"https:\\\/\\\/antderground.com\\\/en\\\/\",\"name\":\"ANTDERGROUND\",\"description\":\"Tu tienda de hormigas, gran variedad de hormigueros acr\u00edlicos,madera,arena,3D y mas.. Pide tus hormigas gratis con tu pedido, somos expertos en hormigueros antifugas.\",\"publisher\":{\"@id\":\"https:\\\/\\\/antderground.com\\\/en\\\/#\\\/schema\\\/person\\\/0e322c505e84fe72c65e2f6d08f96b81\"},\"alternateName\":\"Antderground\",\"potentialAction\":[{\"@type\":\"SearchAction\",\"target\":{\"@type\":\"EntryPoint\",\"urlTemplate\":\"https:\\\/\\\/antderground.com\\\/en\\\/?s={search_term_string}\"},\"query-input\":{\"@type\":\"PropertyValueSpecification\",\"valueRequired\":true,\"valueName\":\"search_term_string\"}}],\"inLanguage\":\"en-US\"},{\"@type\":[\"Person\",\"Organization\"],\"@id\":\"https:\\\/\\\/antderground.com\\\/en\\\/#\\\/schema\\\/person\\\/0e322c505e84fe72c65e2f6d08f96b81\",\"name\":\"Eric de Antderground\",\"image\":{\"@type\":\"ImageObject\",\"inLanguage\":\"en-US\",\"@id\":\"https:\\\/\\\/secure.gravatar.com\\\/avatar\\\/c49a1b9f79216d1498cb73c1e85cd47f4465dda35f2a94c03790d491bd4423c3?s=96&d=mm&r=g\",\"url\":\"https:\\\/\\\/secure.gravatar.com\\\/avatar\\\/c49a1b9f79216d1498cb73c1e85cd47f4465dda35f2a94c03790d491bd4423c3?s=96&d=mm&r=g\",\"contentUrl\":\"https:\\\/\\\/secure.gravatar.com\\\/avatar\\\/c49a1b9f79216d1498cb73c1e85cd47f4465dda35f2a94c03790d491bd4423c3?s=96&d=mm&r=g\",\"caption\":\"Eric de Antderground\"},\"logo\":{\"@id\":\"https:\\\/\\\/secure.gravatar.com\\\/avatar\\\/c49a1b9f79216d1498cb73c1e85cd47f4465dda35f2a94c03790d491bd4423c3?s=96&d=mm&r=g\"},\"description\":\"Eric es el especialista y fundador de Antderground, con una amplia trayectoria en artr\u00f3podos y enfocado en la mirmecolog\u00eda y el dise\u00f1o de hormigueros artificiales. Su enfoque combina la innovaci\u00f3n t\u00e9cnica con el respeto por la biolog\u00eda de las hormigas, is\u00f3podos y otros, desarrollando sistemas de nidos modulares 3D y acr\u00edlicos que son referentes para aficionados y profesionales en toda Europa. Su objetivo es facilitar la cr\u00eda de hormigas y otros artr\u00f3podos mediante soluciones seguras y divulgaci\u00f3n de calidad.\",\"sameAs\":[\"https:\\\/\\\/antderground.com\\\/\",\"https:\\\/\\\/www.youtube.com\\\/channel\\\/UCio72z7TlbufkAthAJIJfPw\"]}]}<\/script>\n<!-- \/ Yoast SEO plugin. -->","yoast_head_json":{"title":"Sansevieria cylindrica (Mikado) | Natural plants - ANTDERGROUND","description":"Enhance your home with the elegant Sansevieria Mikado \ud83c\udf31. Easy to care for, long-lasting, and air-purifying \u2013 perfect for any space!","robots":{"index":"index","follow":"follow","max-snippet":"max-snippet:-1","max-image-preview":"max-image-preview:large","max-video-preview":"max-video-preview:-1"},"canonical":"https:\/\/antderground.com\/en\/product\/sansevieria-cylindrica-mikado\/","og_locale":"en_US","og_type":"article","og_title":"Sansevieria cylindrica (Mikado) | Natural plants - ANTDERGROUND","og_description":"Enhance your home with the elegant Sansevieria Mikado \ud83c\udf31. Easy to care for, long-lasting, and air-purifying \u2013 perfect for any space!","og_url":"https:\/\/antderground.com\/en\/product\/sansevieria-cylindrica-mikado\/","og_site_name":"ANTDERGROUND","og_image":[{"width":1600,"height":1600,"url":"https:\/\/antderground.com\/wp-content\/uploads\/2025\/03\/Sansevieria-cylindrica-Mikado.jpeg","type":"image\/jpeg"}],"twitter_card":"summary_large_image","twitter_misc":{"Est. reading time":"1 minute"},"schema":{"@context":"https:\/\/schema.org","@graph":[{"@type":"WebPage","@id":"https:\/\/antderground.com\/en\/product\/sansevieria-cylindrica-mikado\/","url":"https:\/\/antderground.com\/en\/product\/sansevieria-cylindrica-mikado\/","name":"Sansevieria cylindrica (Mikado) | Natural plants - ANTDERGROUND","isPartOf":{"@id":"https:\/\/antderground.com\/en\/#website"},"primaryImageOfPage":{"@id":"https:\/\/antderground.com\/en\/product\/sansevieria-cylindrica-mikado\/#primaryimage"},"image":{"@id":"https:\/\/antderground.com\/en\/product\/sansevieria-cylindrica-mikado\/#primaryimage"},"thumbnailUrl":"https:\/\/antderground.com\/wp-content\/uploads\/2025\/03\/Sansevieria-cylindrica-Mikado.jpeg","datePublished":"2025-03-05T13:58:30+00:00","description":"Enhance your home with the elegant Sansevieria Mikado \ud83c\udf31. Easy to care for, long-lasting, and air-purifying \u2013 perfect for any space!","breadcrumb":{"@id":"https:\/\/antderground.com\/en\/product\/sansevieria-cylindrica-mikado\/#breadcrumb"},"inLanguage":"en-US","potentialAction":[{"@type":"ReadAction","target":["https:\/\/antderground.com\/en\/product\/sansevieria-cylindrica-mikado\/"]}]},{"@type":"ImageObject","inLanguage":"en-US","@id":"https:\/\/antderground.com\/en\/product\/sansevieria-cylindrica-mikado\/#primaryimage","url":"https:\/\/antderground.com\/wp-content\/uploads\/2025\/03\/Sansevieria-cylindrica-Mikado.jpeg","contentUrl":"https:\/\/antderground.com\/wp-content\/uploads\/2025\/03\/Sansevieria-cylindrica-Mikado.jpeg","width":1600,"height":1600,"caption":"Sansevieria cylindrica (Mikado)"},{"@type":"BreadcrumbList","@id":"https:\/\/antderground.com\/en\/product\/sansevieria-cylindrica-mikado\/#breadcrumb","itemListElement":[{"@type":"ListItem","position":1,"name":"Portada","item":"https:\/\/antderground.com\/en\/"},{"@type":"ListItem","position":2,"name":"Products","item":"https:\/\/antderground.com\/en\/myrmecology-store\/"},{"@type":"ListItem","position":3,"name":"Sansevieria cylindrica (Mikado)"}]},{"@type":"WebSite","@id":"https:\/\/antderground.com\/en\/#website","url":"https:\/\/antderground.com\/en\/","name":"ANTDERGROUND","description":"Tu tienda de hormigas, gran variedad de hormigueros acr\u00edlicos,madera,arena,3D y mas.. Pide tus hormigas gratis con tu pedido, somos expertos en hormigueros antifugas.","publisher":{"@id":"https:\/\/antderground.com\/en\/#\/schema\/person\/0e322c505e84fe72c65e2f6d08f96b81"},"alternateName":"Antderground","potentialAction":[{"@type":"SearchAction","target":{"@type":"EntryPoint","urlTemplate":"https:\/\/antderground.com\/en\/?s={search_term_string}"},"query-input":{"@type":"PropertyValueSpecification","valueRequired":true,"valueName":"search_term_string"}}],"inLanguage":"en-US"},{"@type":["Person","Organization"],"@id":"https:\/\/antderground.com\/en\/#\/schema\/person\/0e322c505e84fe72c65e2f6d08f96b81","name":"Eric de Antderground","image":{"@type":"ImageObject","inLanguage":"en-US","@id":"https:\/\/secure.gravatar.com\/avatar\/c49a1b9f79216d1498cb73c1e85cd47f4465dda35f2a94c03790d491bd4423c3?s=96&d=mm&r=g","url":"https:\/\/secure.gravatar.com\/avatar\/c49a1b9f79216d1498cb73c1e85cd47f4465dda35f2a94c03790d491bd4423c3?s=96&d=mm&r=g","contentUrl":"https:\/\/secure.gravatar.com\/avatar\/c49a1b9f79216d1498cb73c1e85cd47f4465dda35f2a94c03790d491bd4423c3?s=96&d=mm&r=g","caption":"Eric de Antderground"},"logo":{"@id":"https:\/\/secure.gravatar.com\/avatar\/c49a1b9f79216d1498cb73c1e85cd47f4465dda35f2a94c03790d491bd4423c3?s=96&d=mm&r=g"},"description":"Eric es el especialista y fundador de Antderground, con una amplia trayectoria en artr\u00f3podos y enfocado en la mirmecolog\u00eda y el dise\u00f1o de hormigueros artificiales. Su enfoque combina la innovaci\u00f3n t\u00e9cnica con el respeto por la biolog\u00eda de las hormigas, is\u00f3podos y otros, desarrollando sistemas de nidos modulares 3D y acr\u00edlicos que son referentes para aficionados y profesionales en toda Europa. Su objetivo es facilitar la cr\u00eda de hormigas y otros artr\u00f3podos mediante soluciones seguras y divulgaci\u00f3n de calidad.","sameAs":["https:\/\/antderground.com\/","https:\/\/www.youtube.com\/channel\/UCio72z7TlbufkAthAJIJfPw"]}]}},"_links":{"self":[{"href":"https:\/\/antderground.com\/en\/wp-json\/wp\/v2\/product\/41026","targetHints":{"allow":["GET"]}}],"collection":[{"href":"https:\/\/antderground.com\/en\/wp-json\/wp\/v2\/product"}],"about":[{"href":"https:\/\/antderground.com\/en\/wp-json\/wp\/v2\/types\/product"}],"version-history":[{"count":0,"href":"https:\/\/antderground.com\/en\/wp-json\/wp\/v2\/product\/41026\/revisions"}],"wp:featuredmedia":[{"embeddable":true,"href":"https:\/\/antderground.com\/en\/wp-json\/wp\/v2\/media\/40790"}],"wp:attachment":[{"href":"https:\/\/antderground.com\/en\/wp-json\/wp\/v2\/media?parent=41026"}],"wp:term":[{"taxonomy":"product_brand","embeddable":true,"href":"https:\/\/antderground.com\/en\/wp-json\/wp\/v2\/product_brand?post=41026"},{"taxonomy":"product_cat","embeddable":true,"href":"https:\/\/antderground.com\/en\/wp-json\/wp\/v2\/product_cat?post=41026"},{"taxonomy":"product_tag","embeddable":true,"href":"https:\/\/antderground.com\/en\/wp-json\/wp\/v2\/product_tag?post=41026"}],"curies":[{"name":"wp","href":"https:\/\/api.w.org\/{rel}","templated":true}]}}