{"id":41084,"date":"2025-03-10T11:44:39","date_gmt":"2025-03-10T10:44:39","guid":{"rendered":"https:\/\/www.antderground.com\/producto\/ventilation-grid-for-terrariums-and-containers\/"},"modified":"2025-03-10T11:44:39","modified_gmt":"2025-03-10T10:44:39","slug":"ventilation-grid-for-terrariums-and-containers","status":"publish","type":"product","link":"https:\/\/antderground.com\/en\/product\/ventilation-grid-for-terrariums-and-containers\/","title":{"rendered":"Ventilation Grid for Terrariums and Containers"},"content":{"rendered":"","protected":false},"excerpt":{"rendered":"<p data-start=\"2535\" data-end=\"2793\">Optimize the ventilation of your terrarium or container with this high-quality ventilation grid. Its 38 mm thread and 50 mm outer diameter allow for a secure installation in various enclosures. Designed in black, it offers a discreet and professional look.<\/p>\n<p data-start=\"2795\" data-end=\"2810\"><strong data-start=\"2799\" data-end=\"2808\">Size:<\/strong><\/p>\n<ul data-start=\"2811\" data-end=\"2862\">\n<li data-start=\"2811\" data-end=\"2840\"><strong data-start=\"2813\" data-end=\"2832\">Outer diameter:<\/strong> 50 mm<\/li>\n<li data-start=\"2841\" data-end=\"2862\"><strong data-start=\"2843\" data-end=\"2854\">Thread:<\/strong> 38 mm<\/li>\n<\/ul>\n<p data-start=\"2864\" data-end=\"2880\"><strong data-start=\"2868\" data-end=\"2878\">Color:<\/strong><\/p>\n<ul data-start=\"2881\" data-end=\"2890\">\n<li data-start=\"2881\" data-end=\"2890\">Black<\/li>\n<\/ul>\n<p data-start=\"2892\" data-end=\"2911\"><strong data-start=\"2896\" data-end=\"2909\">Benefits:<\/strong><\/p>\n<p data-start=\"2912\" data-end=\"3234\">\u2705 <strong data-start=\"2914\" data-end=\"2942\">Improves air circulation<\/strong>, preventing excessive humidity and creating a healthy environment.<br data-start=\"3009\" data-end=\"3012\" \/>\u2705 <strong data-start=\"3014\" data-end=\"3034\">Durable material<\/strong>, ideal for high-humidity or variable-temperature conditions.<br data-start=\"3095\" data-end=\"3098\" \/>\u2705 <strong data-start=\"3100\" data-end=\"3125\">Not suitable for ants<\/strong>, as the mesh is not fine enough to contain them, but perfect for reptiles, amphibians, and larger insects.<\/p>\n<p data-start=\"3236\" data-end=\"3313\">Perfect for ensuring optimal airflow in terrariums and breeding containers.<\/p>\n","protected":false},"featured_media":40925,"template":"","meta":[],"product_brand":[],"product_cat":[199,425],"product_tag":[],"class_list":{"0":"post-41084","1":"product","2":"type-product","3":"status-publish","4":"has-post-thumbnail","6":"product_cat-accessories","7":"product_cat-terrariums-en","9":"first","10":"instock","11":"shipping-taxable","12":"purchasable","13":"product-type-simple"},"yoast_head":"<!-- This site is optimized with the Yoast SEO plugin v27.3 - https:\/\/yoast.com\/product\/yoast-seo-wordpress\/ -->\n<title>Ventilation Grid for Terrariums and Containers - ANTDERGROUND<\/title>\n<meta name=\"description\" content=\"Black ventilation grid (50 mm, thread 38 mm) for terrariums and containers. Enhances air circulation \ud83c\udf3f Not suitable for ants! \ud83d\udeab\ud83d\udc1c\" \/>\n<meta name=\"robots\" content=\"index, follow, max-snippet:-1, max-image-preview:large, max-video-preview:-1\" \/>\n<link rel=\"canonical\" href=\"https:\/\/antderground.com\/en\/product\/ventilation-grid-for-terrariums-and-containers\/\" \/>\n<meta property=\"og:locale\" content=\"en_US\" \/>\n<meta property=\"og:type\" content=\"article\" \/>\n<meta property=\"og:title\" content=\"Ventilation Grid for Terrariums and Containers - ANTDERGROUND\" \/>\n<meta property=\"og:description\" content=\"Black ventilation grid (50 mm, thread 38 mm) for terrariums and containers. Enhances air circulation \ud83c\udf3f Not suitable for ants! \ud83d\udeab\ud83d\udc1c\" \/>\n<meta property=\"og:url\" content=\"https:\/\/antderground.com\/en\/product\/ventilation-grid-for-terrariums-and-containers\/\" \/>\n<meta property=\"og:site_name\" content=\"ANTDERGROUND\" \/>\n<meta property=\"og:image\" content=\"https:\/\/antderground.com\/wp-content\/uploads\/2025\/03\/Rejilla-de-ventilacion-para-terrarios-y-tuppers-1.jpeg\" \/>\n\t<meta property=\"og:image:width\" content=\"1600\" \/>\n\t<meta property=\"og:image:height\" content=\"1600\" \/>\n\t<meta property=\"og:image:type\" content=\"image\/jpeg\" \/>\n<meta name=\"twitter:card\" content=\"summary_large_image\" \/>\n<script type=\"application\/ld+json\" class=\"yoast-schema-graph\">{\"@context\":\"https:\\\/\\\/schema.org\",\"@graph\":[{\"@type\":\"WebPage\",\"@id\":\"https:\\\/\\\/antderground.com\\\/en\\\/product\\\/ventilation-grid-for-terrariums-and-containers\\\/\",\"url\":\"https:\\\/\\\/antderground.com\\\/en\\\/product\\\/ventilation-grid-for-terrariums-and-containers\\\/\",\"name\":\"Ventilation Grid for Terrariums and Containers - ANTDERGROUND\",\"isPartOf\":{\"@id\":\"https:\\\/\\\/antderground.com\\\/en\\\/#website\"},\"primaryImageOfPage\":{\"@id\":\"https:\\\/\\\/antderground.com\\\/en\\\/product\\\/ventilation-grid-for-terrariums-and-containers\\\/#primaryimage\"},\"image\":{\"@id\":\"https:\\\/\\\/antderground.com\\\/en\\\/product\\\/ventilation-grid-for-terrariums-and-containers\\\/#primaryimage\"},\"thumbnailUrl\":\"https:\\\/\\\/antderground.com\\\/wp-content\\\/uploads\\\/2025\\\/03\\\/Rejilla-de-ventilacion-para-terrarios-y-tuppers-1.jpeg\",\"datePublished\":\"2025-03-10T10:44:39+00:00\",\"description\":\"Black ventilation grid (50 mm, thread 38 mm) for terrariums and containers. Enhances air circulation \ud83c\udf3f Not suitable for ants! \ud83d\udeab\ud83d\udc1c\",\"breadcrumb\":{\"@id\":\"https:\\\/\\\/antderground.com\\\/en\\\/product\\\/ventilation-grid-for-terrariums-and-containers\\\/#breadcrumb\"},\"inLanguage\":\"en-US\",\"potentialAction\":[{\"@type\":\"ReadAction\",\"target\":[\"https:\\\/\\\/antderground.com\\\/en\\\/product\\\/ventilation-grid-for-terrariums-and-containers\\\/\"]}]},{\"@type\":\"ImageObject\",\"inLanguage\":\"en-US\",\"@id\":\"https:\\\/\\\/antderground.com\\\/en\\\/product\\\/ventilation-grid-for-terrariums-and-containers\\\/#primaryimage\",\"url\":\"https:\\\/\\\/antderground.com\\\/wp-content\\\/uploads\\\/2025\\\/03\\\/Rejilla-de-ventilacion-para-terrarios-y-tuppers-1.jpeg\",\"contentUrl\":\"https:\\\/\\\/antderground.com\\\/wp-content\\\/uploads\\\/2025\\\/03\\\/Rejilla-de-ventilacion-para-terrarios-y-tuppers-1.jpeg\",\"width\":1600,\"height\":1600,\"caption\":\"Ventilation Grid for Terrariums and Containers\"},{\"@type\":\"BreadcrumbList\",\"@id\":\"https:\\\/\\\/antderground.com\\\/en\\\/product\\\/ventilation-grid-for-terrariums-and-containers\\\/#breadcrumb\",\"itemListElement\":[{\"@type\":\"ListItem\",\"position\":1,\"name\":\"Portada\",\"item\":\"https:\\\/\\\/antderground.com\\\/en\\\/\"},{\"@type\":\"ListItem\",\"position\":2,\"name\":\"Products\",\"item\":\"https:\\\/\\\/antderground.com\\\/en\\\/myrmecology-store\\\/\"},{\"@type\":\"ListItem\",\"position\":3,\"name\":\"Ventilation Grid for Terrariums and Containers\"}]},{\"@type\":\"WebSite\",\"@id\":\"https:\\\/\\\/antderground.com\\\/en\\\/#website\",\"url\":\"https:\\\/\\\/antderground.com\\\/en\\\/\",\"name\":\"ANTDERGROUND\",\"description\":\"Tu tienda de hormigas, gran variedad de hormigueros acr\u00edlicos,madera,arena,3D y mas.. Pide tus hormigas gratis con tu pedido, somos expertos en hormigueros antifugas.\",\"publisher\":{\"@id\":\"https:\\\/\\\/antderground.com\\\/en\\\/#\\\/schema\\\/person\\\/0e322c505e84fe72c65e2f6d08f96b81\"},\"alternateName\":\"Antderground\",\"potentialAction\":[{\"@type\":\"SearchAction\",\"target\":{\"@type\":\"EntryPoint\",\"urlTemplate\":\"https:\\\/\\\/antderground.com\\\/en\\\/?s={search_term_string}\"},\"query-input\":{\"@type\":\"PropertyValueSpecification\",\"valueRequired\":true,\"valueName\":\"search_term_string\"}}],\"inLanguage\":\"en-US\"},{\"@type\":[\"Person\",\"Organization\"],\"@id\":\"https:\\\/\\\/antderground.com\\\/en\\\/#\\\/schema\\\/person\\\/0e322c505e84fe72c65e2f6d08f96b81\",\"name\":\"Eric de Antderground\",\"image\":{\"@type\":\"ImageObject\",\"inLanguage\":\"en-US\",\"@id\":\"https:\\\/\\\/secure.gravatar.com\\\/avatar\\\/c49a1b9f79216d1498cb73c1e85cd47f4465dda35f2a94c03790d491bd4423c3?s=96&d=mm&r=g\",\"url\":\"https:\\\/\\\/secure.gravatar.com\\\/avatar\\\/c49a1b9f79216d1498cb73c1e85cd47f4465dda35f2a94c03790d491bd4423c3?s=96&d=mm&r=g\",\"contentUrl\":\"https:\\\/\\\/secure.gravatar.com\\\/avatar\\\/c49a1b9f79216d1498cb73c1e85cd47f4465dda35f2a94c03790d491bd4423c3?s=96&d=mm&r=g\",\"caption\":\"Eric de Antderground\"},\"logo\":{\"@id\":\"https:\\\/\\\/secure.gravatar.com\\\/avatar\\\/c49a1b9f79216d1498cb73c1e85cd47f4465dda35f2a94c03790d491bd4423c3?s=96&d=mm&r=g\"},\"description\":\"Eric es el especialista y fundador de Antderground, con una amplia trayectoria en artr\u00f3podos y enfocado en la mirmecolog\u00eda y el dise\u00f1o de hormigueros artificiales. Su enfoque combina la innovaci\u00f3n t\u00e9cnica con el respeto por la biolog\u00eda de las hormigas, is\u00f3podos y otros, desarrollando sistemas de nidos modulares 3D y acr\u00edlicos que son referentes para aficionados y profesionales en toda Europa. Su objetivo es facilitar la cr\u00eda de hormigas y otros artr\u00f3podos mediante soluciones seguras y divulgaci\u00f3n de calidad.\",\"sameAs\":[\"https:\\\/\\\/antderground.com\\\/\",\"https:\\\/\\\/www.youtube.com\\\/channel\\\/UCio72z7TlbufkAthAJIJfPw\"]}]}<\/script>\n<!-- \/ Yoast SEO plugin. -->","yoast_head_json":{"title":"Ventilation Grid for Terrariums and Containers - ANTDERGROUND","description":"Black ventilation grid (50 mm, thread 38 mm) for terrariums and containers. Enhances air circulation \ud83c\udf3f Not suitable for ants! \ud83d\udeab\ud83d\udc1c","robots":{"index":"index","follow":"follow","max-snippet":"max-snippet:-1","max-image-preview":"max-image-preview:large","max-video-preview":"max-video-preview:-1"},"canonical":"https:\/\/antderground.com\/en\/product\/ventilation-grid-for-terrariums-and-containers\/","og_locale":"en_US","og_type":"article","og_title":"Ventilation Grid for Terrariums and Containers - ANTDERGROUND","og_description":"Black ventilation grid (50 mm, thread 38 mm) for terrariums and containers. Enhances air circulation \ud83c\udf3f Not suitable for ants! \ud83d\udeab\ud83d\udc1c","og_url":"https:\/\/antderground.com\/en\/product\/ventilation-grid-for-terrariums-and-containers\/","og_site_name":"ANTDERGROUND","og_image":[{"width":1600,"height":1600,"url":"https:\/\/antderground.com\/wp-content\/uploads\/2025\/03\/Rejilla-de-ventilacion-para-terrarios-y-tuppers-1.jpeg","type":"image\/jpeg"}],"twitter_card":"summary_large_image","schema":{"@context":"https:\/\/schema.org","@graph":[{"@type":"WebPage","@id":"https:\/\/antderground.com\/en\/product\/ventilation-grid-for-terrariums-and-containers\/","url":"https:\/\/antderground.com\/en\/product\/ventilation-grid-for-terrariums-and-containers\/","name":"Ventilation Grid for Terrariums and Containers - ANTDERGROUND","isPartOf":{"@id":"https:\/\/antderground.com\/en\/#website"},"primaryImageOfPage":{"@id":"https:\/\/antderground.com\/en\/product\/ventilation-grid-for-terrariums-and-containers\/#primaryimage"},"image":{"@id":"https:\/\/antderground.com\/en\/product\/ventilation-grid-for-terrariums-and-containers\/#primaryimage"},"thumbnailUrl":"https:\/\/antderground.com\/wp-content\/uploads\/2025\/03\/Rejilla-de-ventilacion-para-terrarios-y-tuppers-1.jpeg","datePublished":"2025-03-10T10:44:39+00:00","description":"Black ventilation grid (50 mm, thread 38 mm) for terrariums and containers. Enhances air circulation \ud83c\udf3f Not suitable for ants! \ud83d\udeab\ud83d\udc1c","breadcrumb":{"@id":"https:\/\/antderground.com\/en\/product\/ventilation-grid-for-terrariums-and-containers\/#breadcrumb"},"inLanguage":"en-US","potentialAction":[{"@type":"ReadAction","target":["https:\/\/antderground.com\/en\/product\/ventilation-grid-for-terrariums-and-containers\/"]}]},{"@type":"ImageObject","inLanguage":"en-US","@id":"https:\/\/antderground.com\/en\/product\/ventilation-grid-for-terrariums-and-containers\/#primaryimage","url":"https:\/\/antderground.com\/wp-content\/uploads\/2025\/03\/Rejilla-de-ventilacion-para-terrarios-y-tuppers-1.jpeg","contentUrl":"https:\/\/antderground.com\/wp-content\/uploads\/2025\/03\/Rejilla-de-ventilacion-para-terrarios-y-tuppers-1.jpeg","width":1600,"height":1600,"caption":"Ventilation Grid for Terrariums and Containers"},{"@type":"BreadcrumbList","@id":"https:\/\/antderground.com\/en\/product\/ventilation-grid-for-terrariums-and-containers\/#breadcrumb","itemListElement":[{"@type":"ListItem","position":1,"name":"Portada","item":"https:\/\/antderground.com\/en\/"},{"@type":"ListItem","position":2,"name":"Products","item":"https:\/\/antderground.com\/en\/myrmecology-store\/"},{"@type":"ListItem","position":3,"name":"Ventilation Grid for Terrariums and Containers"}]},{"@type":"WebSite","@id":"https:\/\/antderground.com\/en\/#website","url":"https:\/\/antderground.com\/en\/","name":"ANTDERGROUND","description":"Tu tienda de hormigas, gran variedad de hormigueros acr\u00edlicos,madera,arena,3D y mas.. Pide tus hormigas gratis con tu pedido, somos expertos en hormigueros antifugas.","publisher":{"@id":"https:\/\/antderground.com\/en\/#\/schema\/person\/0e322c505e84fe72c65e2f6d08f96b81"},"alternateName":"Antderground","potentialAction":[{"@type":"SearchAction","target":{"@type":"EntryPoint","urlTemplate":"https:\/\/antderground.com\/en\/?s={search_term_string}"},"query-input":{"@type":"PropertyValueSpecification","valueRequired":true,"valueName":"search_term_string"}}],"inLanguage":"en-US"},{"@type":["Person","Organization"],"@id":"https:\/\/antderground.com\/en\/#\/schema\/person\/0e322c505e84fe72c65e2f6d08f96b81","name":"Eric de Antderground","image":{"@type":"ImageObject","inLanguage":"en-US","@id":"https:\/\/secure.gravatar.com\/avatar\/c49a1b9f79216d1498cb73c1e85cd47f4465dda35f2a94c03790d491bd4423c3?s=96&d=mm&r=g","url":"https:\/\/secure.gravatar.com\/avatar\/c49a1b9f79216d1498cb73c1e85cd47f4465dda35f2a94c03790d491bd4423c3?s=96&d=mm&r=g","contentUrl":"https:\/\/secure.gravatar.com\/avatar\/c49a1b9f79216d1498cb73c1e85cd47f4465dda35f2a94c03790d491bd4423c3?s=96&d=mm&r=g","caption":"Eric de Antderground"},"logo":{"@id":"https:\/\/secure.gravatar.com\/avatar\/c49a1b9f79216d1498cb73c1e85cd47f4465dda35f2a94c03790d491bd4423c3?s=96&d=mm&r=g"},"description":"Eric es el especialista y fundador de Antderground, con una amplia trayectoria en artr\u00f3podos y enfocado en la mirmecolog\u00eda y el dise\u00f1o de hormigueros artificiales. Su enfoque combina la innovaci\u00f3n t\u00e9cnica con el respeto por la biolog\u00eda de las hormigas, is\u00f3podos y otros, desarrollando sistemas de nidos modulares 3D y acr\u00edlicos que son referentes para aficionados y profesionales en toda Europa. Su objetivo es facilitar la cr\u00eda de hormigas y otros artr\u00f3podos mediante soluciones seguras y divulgaci\u00f3n de calidad.","sameAs":["https:\/\/antderground.com\/","https:\/\/www.youtube.com\/channel\/UCio72z7TlbufkAthAJIJfPw"]}]}},"_links":{"self":[{"href":"https:\/\/antderground.com\/en\/wp-json\/wp\/v2\/product\/41084","targetHints":{"allow":["GET"]}}],"collection":[{"href":"https:\/\/antderground.com\/en\/wp-json\/wp\/v2\/product"}],"about":[{"href":"https:\/\/antderground.com\/en\/wp-json\/wp\/v2\/types\/product"}],"version-history":[{"count":0,"href":"https:\/\/antderground.com\/en\/wp-json\/wp\/v2\/product\/41084\/revisions"}],"wp:featuredmedia":[{"embeddable":true,"href":"https:\/\/antderground.com\/en\/wp-json\/wp\/v2\/media\/40925"}],"wp:attachment":[{"href":"https:\/\/antderground.com\/en\/wp-json\/wp\/v2\/media?parent=41084"}],"wp:term":[{"taxonomy":"product_brand","embeddable":true,"href":"https:\/\/antderground.com\/en\/wp-json\/wp\/v2\/product_brand?post=41084"},{"taxonomy":"product_cat","embeddable":true,"href":"https:\/\/antderground.com\/en\/wp-json\/wp\/v2\/product_cat?post=41084"},{"taxonomy":"product_tag","embeddable":true,"href":"https:\/\/antderground.com\/en\/wp-json\/wp\/v2\/product_tag?post=41084"}],"curies":[{"name":"wp","href":"https:\/\/api.w.org\/{rel}","templated":true}]}}