{"id":41172,"date":"2025-03-21T16:33:02","date_gmt":"2025-03-21T15:33:02","guid":{"rendered":"https:\/\/www.antderground.com\/producto\/grammostola-rosea-red\/"},"modified":"2025-03-21T16:33:02","modified_gmt":"2025-03-21T15:33:02","slug":"grammostola-rosea-red","status":"publish","type":"product","link":"https:\/\/antderground.com\/en\/product\/grammostola-rosea-red\/","title":{"rendered":"Grammostola rosea &#8220;Red&#8221;"},"content":{"rendered":"<h4 class=\"\" data-start=\"32\" data-end=\"88\"><strong data-start=\"37\" data-end=\"86\">Technical Data Sheet: Grammostola rosea &#8220;Red&#8221;<\/strong><\/h4>\n<p class=\"\" data-start=\"89\" data-end=\"250\"><strong data-start=\"89\" data-end=\"105\">Common Name:<\/strong> Chilean Red Tarantula<br data-start=\"127\" data-end=\"130\" \/><strong data-start=\"130\" data-end=\"150\">Scientific Name:<\/strong> <em data-start=\"151\" data-end=\"170\">Grammostola rosea<\/em> &#8220;Red&#8221;<br data-start=\"176\" data-end=\"179\" \/><strong data-start=\"179\" data-end=\"190\">Family:<\/strong> Theraphosidae<br data-start=\"204\" data-end=\"207\" \/><strong data-start=\"207\" data-end=\"218\">Origin:<\/strong> Chile, Argentina, and Bolivia<\/p>\n<h3 class=\"\" data-start=\"252\" data-end=\"273\"><strong data-start=\"256\" data-end=\"271\">Description<\/strong><\/h3>\n<p class=\"\" data-start=\"274\" data-end=\"576\">The <em data-start=\"278\" data-end=\"297\">Grammostola rosea<\/em> &#8220;Red&#8221; is a variant of the Chilean tarantula, distinguished by its more intense red coloration compared to the classic form. Its body is covered in fine hairs ranging from red to brown and orange tones. It is a robust and long-lived species, reaching a leg span of 12 to 15 cm.<\/p>\n<h3 class=\"\" data-start=\"578\" data-end=\"596\"><strong data-start=\"582\" data-end=\"594\">Behavior<\/strong><\/h3>\n<p class=\"\" data-start=\"597\" data-end=\"868\">A terrestrial tarantula with a calm and relatively docile temperament, though it can occasionally display aggression. It is not very active and can go for long periods without eating. It rarely uses its urticating hairs and prefers passive intimidation when threatened.<\/p>\n<h3 class=\"\" data-start=\"870\" data-end=\"902\"><strong data-start=\"874\" data-end=\"900\">Terrarium Requirements<\/strong><\/h3>\n<ul data-start=\"903\" data-end=\"1166\">\n<li class=\"\" data-start=\"903\" data-end=\"936\">\n<p class=\"\" data-start=\"905\" data-end=\"936\"><strong data-start=\"905\" data-end=\"914\">Size:<\/strong> Minimum 30x30x30 cm<\/p>\n<\/li>\n<li class=\"\" data-start=\"937\" data-end=\"999\">\n<p class=\"\" data-start=\"939\" data-end=\"999\"><strong data-start=\"939\" data-end=\"953\">Substrate:<\/strong> Peat, coconut fiber, or moss (5-10 cm deep)<\/p>\n<\/li>\n<li class=\"\" data-start=\"1000\" data-end=\"1024\">\n<p class=\"\" data-start=\"1002\" data-end=\"1024\"><strong data-start=\"1002\" data-end=\"1015\">Humidity:<\/strong> 50-70%<\/p>\n<\/li>\n<li class=\"\" data-start=\"1025\" data-end=\"1053\">\n<p class=\"\" data-start=\"1027\" data-end=\"1053\"><strong data-start=\"1027\" data-end=\"1043\">Temperature:<\/strong> 22-26\u00b0C<\/p>\n<\/li>\n<li class=\"\" data-start=\"1054\" data-end=\"1119\">\n<p class=\"\" data-start=\"1056\" data-end=\"1119\"><strong data-start=\"1056\" data-end=\"1071\">Decoration:<\/strong> Branches, hiding spots, and artificial plants<\/p>\n<\/li>\n<li class=\"\" data-start=\"1120\" data-end=\"1166\">\n<p class=\"\" data-start=\"1122\" data-end=\"1166\"><strong data-start=\"1122\" data-end=\"1135\">Lighting:<\/strong> No special lighting required<\/p>\n<\/li>\n<\/ul>\n<h3 class=\"\" data-start=\"1168\" data-end=\"1182\"><strong data-start=\"1172\" data-end=\"1180\">Diet<\/strong><\/h3>\n<p class=\"\" data-start=\"1183\" data-end=\"1323\">It feeds on live insects such as crickets, cockroaches, locusts, and occasionally pinky mice for adults. Feeding frequency depends on age:<\/p>\n<ul data-start=\"1324\" data-end=\"1409\">\n<li class=\"\" data-start=\"1324\" data-end=\"1361\">\n<p class=\"\" data-start=\"1326\" data-end=\"1361\"><strong data-start=\"1326\" data-end=\"1340\">Juveniles:<\/strong> 2-3 times per week<\/p>\n<\/li>\n<li class=\"\" data-start=\"1362\" data-end=\"1409\">\n<p class=\"\" data-start=\"1364\" data-end=\"1409\"><strong data-start=\"1364\" data-end=\"1375\">Adults:<\/strong> Once a week or every 10-15 days<\/p>\n<\/li>\n<\/ul>\n<h3 class=\"\" data-start=\"1411\" data-end=\"1433\"><strong data-start=\"1415\" data-end=\"1431\">Reproduction<\/strong><\/h3>\n<p class=\"\" data-start=\"1434\" data-end=\"1579\">Mating should be done with caution due to the risk of cannibalism. The female can lay between 100 and 500 eggs, which hatch after 6 to 8 weeks.<\/p>\n<h3 class=\"\" data-start=\"1581\" data-end=\"1599\"><strong data-start=\"1585\" data-end=\"1597\">Toxicity<\/strong><\/h3>\n<p class=\"\" data-start=\"1600\" data-end=\"1730\">Its venom is of low danger to humans, comparable to a bee sting. However, allergic reactions may occur in sensitive individuals.<\/p>\n<h3 class=\"\" data-start=\"1732\" data-end=\"1747\"><strong data-start=\"1736\" data-end=\"1745\">Notes<\/strong><\/h3>\n<ul data-start=\"1748\" data-end=\"1928\">\n<li class=\"\" data-start=\"1748\" data-end=\"1793\">\n<p class=\"\" data-start=\"1750\" data-end=\"1793\">Avoid frequent handling to reduce stress.<\/p>\n<\/li>\n<li class=\"\" data-start=\"1794\" data-end=\"1861\">\n<p class=\"\" data-start=\"1796\" data-end=\"1861\">It can go for long periods without eating without health risks.<\/p>\n<\/li>\n<li class=\"\" data-start=\"1862\" data-end=\"1928\">\n<p class=\"\" data-start=\"1864\" data-end=\"1928\">Ideal for beginners due to its resilience and low maintenance.<\/p>\n<\/li>\n<\/ul>\n","protected":false},"excerpt":{"rendered":"<p class=\"\" data-start=\"2114\" data-end=\"2386\">Discover the <em data-start=\"2127\" data-end=\"2146\">Grammostola rosea<\/em> &#8220;Red&#8221;, a fascinating tarantula with a calm temperament and captivating beauty. Ideal for beginners, it is hardy and easy to care for. Its striking red coloration makes it unique. Add it to your collection and admire its natural elegance!<\/p>\n","protected":false},"featured_media":41142,"template":"","meta":[],"product_brand":[],"product_cat":[479,584],"product_tag":[],"class_list":{"0":"post-41172","1":"product","2":"type-product","3":"status-publish","4":"has-post-thumbnail","6":"product_cat-arthropods","7":"product_cat-tarantula","9":"first","10":"outofstock","11":"shipping-taxable","12":"purchasable","13":"product-type-variable"},"yoast_head":"<!-- This site is optimized with the Yoast SEO plugin v27.3 - https:\/\/yoast.com\/product\/yoast-seo-wordpress\/ -->\n<title>Grammostola rosea &quot;Red&quot; | Tarantula shop - ANTDERGROUND<\/title>\n<meta name=\"description\" content=\"Discover the Grammostola rosea &quot;Red&quot; \ud83d\udd77\ufe0f, an exotic and easy-to-care-for tarantula with stunning beauty. Perfect for arachnid lovers! \ud83c\udf3f\" \/>\n<meta name=\"robots\" content=\"index, follow, max-snippet:-1, max-image-preview:large, max-video-preview:-1\" \/>\n<link rel=\"canonical\" href=\"https:\/\/antderground.com\/en\/product\/grammostola-rosea-red\/\" \/>\n<meta property=\"og:locale\" content=\"en_US\" \/>\n<meta property=\"og:type\" content=\"article\" \/>\n<meta property=\"og:title\" content=\"Grammostola rosea &quot;Red&quot; | Tarantula shop - ANTDERGROUND\" \/>\n<meta property=\"og:description\" content=\"Discover the Grammostola rosea &quot;Red&quot; \ud83d\udd77\ufe0f, an exotic and easy-to-care-for tarantula with stunning beauty. Perfect for arachnid lovers! \ud83c\udf3f\" \/>\n<meta property=\"og:url\" content=\"https:\/\/antderground.com\/en\/product\/grammostola-rosea-red\/\" \/>\n<meta property=\"og:site_name\" content=\"ANTDERGROUND\" \/>\n<meta property=\"og:image\" content=\"https:\/\/antderground.com\/wp-content\/uploads\/2025\/03\/Grammostola-rosea-22red22.jpeg\" \/>\n\t<meta property=\"og:image:width\" content=\"1600\" \/>\n\t<meta property=\"og:image:height\" content=\"1600\" \/>\n\t<meta property=\"og:image:type\" content=\"image\/jpeg\" \/>\n<meta name=\"twitter:card\" content=\"summary_large_image\" \/>\n<meta name=\"twitter:label1\" content=\"Est. reading time\" \/>\n\t<meta name=\"twitter:data1\" content=\"1 minute\" \/>\n<script type=\"application\/ld+json\" class=\"yoast-schema-graph\">{\"@context\":\"https:\\\/\\\/schema.org\",\"@graph\":[{\"@type\":\"WebPage\",\"@id\":\"https:\\\/\\\/antderground.com\\\/en\\\/product\\\/grammostola-rosea-red\\\/\",\"url\":\"https:\\\/\\\/antderground.com\\\/en\\\/product\\\/grammostola-rosea-red\\\/\",\"name\":\"Grammostola rosea \\\"Red\\\" | Tarantula shop - ANTDERGROUND\",\"isPartOf\":{\"@id\":\"https:\\\/\\\/antderground.com\\\/en\\\/#website\"},\"primaryImageOfPage\":{\"@id\":\"https:\\\/\\\/antderground.com\\\/en\\\/product\\\/grammostola-rosea-red\\\/#primaryimage\"},\"image\":{\"@id\":\"https:\\\/\\\/antderground.com\\\/en\\\/product\\\/grammostola-rosea-red\\\/#primaryimage\"},\"thumbnailUrl\":\"https:\\\/\\\/antderground.com\\\/wp-content\\\/uploads\\\/2025\\\/03\\\/Grammostola-rosea-22red22.jpeg\",\"datePublished\":\"2025-03-21T15:33:02+00:00\",\"description\":\"Discover the Grammostola rosea \\\"Red\\\" \ud83d\udd77\ufe0f, an exotic and easy-to-care-for tarantula with stunning beauty. Perfect for arachnid lovers! \ud83c\udf3f\",\"breadcrumb\":{\"@id\":\"https:\\\/\\\/antderground.com\\\/en\\\/product\\\/grammostola-rosea-red\\\/#breadcrumb\"},\"inLanguage\":\"en-US\",\"potentialAction\":[{\"@type\":\"ReadAction\",\"target\":[\"https:\\\/\\\/antderground.com\\\/en\\\/product\\\/grammostola-rosea-red\\\/\"]}]},{\"@type\":\"ImageObject\",\"inLanguage\":\"en-US\",\"@id\":\"https:\\\/\\\/antderground.com\\\/en\\\/product\\\/grammostola-rosea-red\\\/#primaryimage\",\"url\":\"https:\\\/\\\/antderground.com\\\/wp-content\\\/uploads\\\/2025\\\/03\\\/Grammostola-rosea-22red22.jpeg\",\"contentUrl\":\"https:\\\/\\\/antderground.com\\\/wp-content\\\/uploads\\\/2025\\\/03\\\/Grammostola-rosea-22red22.jpeg\",\"width\":1600,\"height\":1600,\"caption\":\"Grammostola rosea red\"},{\"@type\":\"BreadcrumbList\",\"@id\":\"https:\\\/\\\/antderground.com\\\/en\\\/product\\\/grammostola-rosea-red\\\/#breadcrumb\",\"itemListElement\":[{\"@type\":\"ListItem\",\"position\":1,\"name\":\"Portada\",\"item\":\"https:\\\/\\\/antderground.com\\\/en\\\/\"},{\"@type\":\"ListItem\",\"position\":2,\"name\":\"Products\",\"item\":\"https:\\\/\\\/antderground.com\\\/en\\\/myrmecology-store\\\/\"},{\"@type\":\"ListItem\",\"position\":3,\"name\":\"Grammostola rosea &#8220;Red&#8221;\"}]},{\"@type\":\"WebSite\",\"@id\":\"https:\\\/\\\/antderground.com\\\/en\\\/#website\",\"url\":\"https:\\\/\\\/antderground.com\\\/en\\\/\",\"name\":\"ANTDERGROUND\",\"description\":\"Tu tienda de hormigas, gran variedad de hormigueros acr\u00edlicos,madera,arena,3D y mas.. Pide tus hormigas gratis con tu pedido, somos expertos en hormigueros antifugas.\",\"publisher\":{\"@id\":\"https:\\\/\\\/antderground.com\\\/en\\\/#\\\/schema\\\/person\\\/0e322c505e84fe72c65e2f6d08f96b81\"},\"alternateName\":\"Antderground\",\"potentialAction\":[{\"@type\":\"SearchAction\",\"target\":{\"@type\":\"EntryPoint\",\"urlTemplate\":\"https:\\\/\\\/antderground.com\\\/en\\\/?s={search_term_string}\"},\"query-input\":{\"@type\":\"PropertyValueSpecification\",\"valueRequired\":true,\"valueName\":\"search_term_string\"}}],\"inLanguage\":\"en-US\"},{\"@type\":[\"Person\",\"Organization\"],\"@id\":\"https:\\\/\\\/antderground.com\\\/en\\\/#\\\/schema\\\/person\\\/0e322c505e84fe72c65e2f6d08f96b81\",\"name\":\"Eric de Antderground\",\"image\":{\"@type\":\"ImageObject\",\"inLanguage\":\"en-US\",\"@id\":\"https:\\\/\\\/secure.gravatar.com\\\/avatar\\\/c49a1b9f79216d1498cb73c1e85cd47f4465dda35f2a94c03790d491bd4423c3?s=96&d=mm&r=g\",\"url\":\"https:\\\/\\\/secure.gravatar.com\\\/avatar\\\/c49a1b9f79216d1498cb73c1e85cd47f4465dda35f2a94c03790d491bd4423c3?s=96&d=mm&r=g\",\"contentUrl\":\"https:\\\/\\\/secure.gravatar.com\\\/avatar\\\/c49a1b9f79216d1498cb73c1e85cd47f4465dda35f2a94c03790d491bd4423c3?s=96&d=mm&r=g\",\"caption\":\"Eric de Antderground\"},\"logo\":{\"@id\":\"https:\\\/\\\/secure.gravatar.com\\\/avatar\\\/c49a1b9f79216d1498cb73c1e85cd47f4465dda35f2a94c03790d491bd4423c3?s=96&d=mm&r=g\"},\"description\":\"Eric es el especialista y fundador de Antderground, con una amplia trayectoria en artr\u00f3podos y enfocado en la mirmecolog\u00eda y el dise\u00f1o de hormigueros artificiales. Su enfoque combina la innovaci\u00f3n t\u00e9cnica con el respeto por la biolog\u00eda de las hormigas, is\u00f3podos y otros, desarrollando sistemas de nidos modulares 3D y acr\u00edlicos que son referentes para aficionados y profesionales en toda Europa. Su objetivo es facilitar la cr\u00eda de hormigas y otros artr\u00f3podos mediante soluciones seguras y divulgaci\u00f3n de calidad.\",\"sameAs\":[\"https:\\\/\\\/antderground.com\\\/\",\"https:\\\/\\\/www.youtube.com\\\/channel\\\/UCio72z7TlbufkAthAJIJfPw\"]}]}<\/script>\n<!-- \/ Yoast SEO plugin. -->","yoast_head_json":{"title":"Grammostola rosea \"Red\" | Tarantula shop - ANTDERGROUND","description":"Discover the Grammostola rosea \"Red\" \ud83d\udd77\ufe0f, an exotic and easy-to-care-for tarantula with stunning beauty. Perfect for arachnid lovers! \ud83c\udf3f","robots":{"index":"index","follow":"follow","max-snippet":"max-snippet:-1","max-image-preview":"max-image-preview:large","max-video-preview":"max-video-preview:-1"},"canonical":"https:\/\/antderground.com\/en\/product\/grammostola-rosea-red\/","og_locale":"en_US","og_type":"article","og_title":"Grammostola rosea \"Red\" | Tarantula shop - ANTDERGROUND","og_description":"Discover the Grammostola rosea \"Red\" \ud83d\udd77\ufe0f, an exotic and easy-to-care-for tarantula with stunning beauty. Perfect for arachnid lovers! \ud83c\udf3f","og_url":"https:\/\/antderground.com\/en\/product\/grammostola-rosea-red\/","og_site_name":"ANTDERGROUND","og_image":[{"width":1600,"height":1600,"url":"https:\/\/antderground.com\/wp-content\/uploads\/2025\/03\/Grammostola-rosea-22red22.jpeg","type":"image\/jpeg"}],"twitter_card":"summary_large_image","twitter_misc":{"Est. reading time":"1 minute"},"schema":{"@context":"https:\/\/schema.org","@graph":[{"@type":"WebPage","@id":"https:\/\/antderground.com\/en\/product\/grammostola-rosea-red\/","url":"https:\/\/antderground.com\/en\/product\/grammostola-rosea-red\/","name":"Grammostola rosea \"Red\" | Tarantula shop - ANTDERGROUND","isPartOf":{"@id":"https:\/\/antderground.com\/en\/#website"},"primaryImageOfPage":{"@id":"https:\/\/antderground.com\/en\/product\/grammostola-rosea-red\/#primaryimage"},"image":{"@id":"https:\/\/antderground.com\/en\/product\/grammostola-rosea-red\/#primaryimage"},"thumbnailUrl":"https:\/\/antderground.com\/wp-content\/uploads\/2025\/03\/Grammostola-rosea-22red22.jpeg","datePublished":"2025-03-21T15:33:02+00:00","description":"Discover the Grammostola rosea \"Red\" \ud83d\udd77\ufe0f, an exotic and easy-to-care-for tarantula with stunning beauty. Perfect for arachnid lovers! \ud83c\udf3f","breadcrumb":{"@id":"https:\/\/antderground.com\/en\/product\/grammostola-rosea-red\/#breadcrumb"},"inLanguage":"en-US","potentialAction":[{"@type":"ReadAction","target":["https:\/\/antderground.com\/en\/product\/grammostola-rosea-red\/"]}]},{"@type":"ImageObject","inLanguage":"en-US","@id":"https:\/\/antderground.com\/en\/product\/grammostola-rosea-red\/#primaryimage","url":"https:\/\/antderground.com\/wp-content\/uploads\/2025\/03\/Grammostola-rosea-22red22.jpeg","contentUrl":"https:\/\/antderground.com\/wp-content\/uploads\/2025\/03\/Grammostola-rosea-22red22.jpeg","width":1600,"height":1600,"caption":"Grammostola rosea red"},{"@type":"BreadcrumbList","@id":"https:\/\/antderground.com\/en\/product\/grammostola-rosea-red\/#breadcrumb","itemListElement":[{"@type":"ListItem","position":1,"name":"Portada","item":"https:\/\/antderground.com\/en\/"},{"@type":"ListItem","position":2,"name":"Products","item":"https:\/\/antderground.com\/en\/myrmecology-store\/"},{"@type":"ListItem","position":3,"name":"Grammostola rosea &#8220;Red&#8221;"}]},{"@type":"WebSite","@id":"https:\/\/antderground.com\/en\/#website","url":"https:\/\/antderground.com\/en\/","name":"ANTDERGROUND","description":"Tu tienda de hormigas, gran variedad de hormigueros acr\u00edlicos,madera,arena,3D y mas.. Pide tus hormigas gratis con tu pedido, somos expertos en hormigueros antifugas.","publisher":{"@id":"https:\/\/antderground.com\/en\/#\/schema\/person\/0e322c505e84fe72c65e2f6d08f96b81"},"alternateName":"Antderground","potentialAction":[{"@type":"SearchAction","target":{"@type":"EntryPoint","urlTemplate":"https:\/\/antderground.com\/en\/?s={search_term_string}"},"query-input":{"@type":"PropertyValueSpecification","valueRequired":true,"valueName":"search_term_string"}}],"inLanguage":"en-US"},{"@type":["Person","Organization"],"@id":"https:\/\/antderground.com\/en\/#\/schema\/person\/0e322c505e84fe72c65e2f6d08f96b81","name":"Eric de Antderground","image":{"@type":"ImageObject","inLanguage":"en-US","@id":"https:\/\/secure.gravatar.com\/avatar\/c49a1b9f79216d1498cb73c1e85cd47f4465dda35f2a94c03790d491bd4423c3?s=96&d=mm&r=g","url":"https:\/\/secure.gravatar.com\/avatar\/c49a1b9f79216d1498cb73c1e85cd47f4465dda35f2a94c03790d491bd4423c3?s=96&d=mm&r=g","contentUrl":"https:\/\/secure.gravatar.com\/avatar\/c49a1b9f79216d1498cb73c1e85cd47f4465dda35f2a94c03790d491bd4423c3?s=96&d=mm&r=g","caption":"Eric de Antderground"},"logo":{"@id":"https:\/\/secure.gravatar.com\/avatar\/c49a1b9f79216d1498cb73c1e85cd47f4465dda35f2a94c03790d491bd4423c3?s=96&d=mm&r=g"},"description":"Eric es el especialista y fundador de Antderground, con una amplia trayectoria en artr\u00f3podos y enfocado en la mirmecolog\u00eda y el dise\u00f1o de hormigueros artificiales. Su enfoque combina la innovaci\u00f3n t\u00e9cnica con el respeto por la biolog\u00eda de las hormigas, is\u00f3podos y otros, desarrollando sistemas de nidos modulares 3D y acr\u00edlicos que son referentes para aficionados y profesionales en toda Europa. Su objetivo es facilitar la cr\u00eda de hormigas y otros artr\u00f3podos mediante soluciones seguras y divulgaci\u00f3n de calidad.","sameAs":["https:\/\/antderground.com\/","https:\/\/www.youtube.com\/channel\/UCio72z7TlbufkAthAJIJfPw"]}]}},"_links":{"self":[{"href":"https:\/\/antderground.com\/en\/wp-json\/wp\/v2\/product\/41172","targetHints":{"allow":["GET"]}}],"collection":[{"href":"https:\/\/antderground.com\/en\/wp-json\/wp\/v2\/product"}],"about":[{"href":"https:\/\/antderground.com\/en\/wp-json\/wp\/v2\/types\/product"}],"version-history":[{"count":0,"href":"https:\/\/antderground.com\/en\/wp-json\/wp\/v2\/product\/41172\/revisions"}],"wp:featuredmedia":[{"embeddable":true,"href":"https:\/\/antderground.com\/en\/wp-json\/wp\/v2\/media\/41142"}],"wp:attachment":[{"href":"https:\/\/antderground.com\/en\/wp-json\/wp\/v2\/media?parent=41172"}],"wp:term":[{"taxonomy":"product_brand","embeddable":true,"href":"https:\/\/antderground.com\/en\/wp-json\/wp\/v2\/product_brand?post=41172"},{"taxonomy":"product_cat","embeddable":true,"href":"https:\/\/antderground.com\/en\/wp-json\/wp\/v2\/product_cat?post=41172"},{"taxonomy":"product_tag","embeddable":true,"href":"https:\/\/antderground.com\/en\/wp-json\/wp\/v2\/product_tag?post=41172"}],"curies":[{"name":"wp","href":"https:\/\/api.w.org\/{rel}","templated":true}]}}