{"id":41194,"date":"2025-03-03T12:13:18","date_gmt":"2025-03-03T11:13:18","guid":{"rendered":"https:\/\/www.antderground.com\/producto\/begonia-rex-silver\/"},"modified":"2025-03-03T12:13:18","modified_gmt":"2025-03-03T11:13:18","slug":"begonia-rex-silver","status":"publish","type":"product","link":"https:\/\/antderground.com\/en\/product\/begonia-rex-silver\/","title":{"rendered":"Begonia Rex \u201cSilver\u201d"},"content":{"rendered":"<h4 class=\"\" data-start=\"32\" data-end=\"80\"><strong data-start=\"37\" data-end=\"78\">Technical Sheet: Begonia Rex &#8220;Silver&#8221;<\/strong><\/h4>\n<p class=\"\" data-start=\"81\" data-end=\"220\"><strong data-start=\"81\" data-end=\"101\">Scientific name:<\/strong> Begonia Rex &#8220;Silver&#8221;<br data-start=\"122\" data-end=\"125\" \/><strong data-start=\"125\" data-end=\"141\">Common name:<\/strong> Begonia Rex Silver<br data-start=\"160\" data-end=\"163\" \/><strong data-start=\"163\" data-end=\"174\">Family:<\/strong> Begoniaceae<br data-start=\"186\" data-end=\"189\" \/><strong data-start=\"189\" data-end=\"200\">Origin:<\/strong> Cultivated hybrid<\/p>\n<p class=\"\" data-start=\"222\" data-end=\"494\"><strong data-start=\"222\" data-end=\"238\">Description:<\/strong><br data-start=\"238\" data-end=\"241\" \/>The <strong data-start=\"245\" data-end=\"269\">Begonia Rex &#8220;Silver&#8221;<\/strong> is a stunning ornamental plant known for its spectacular silver-toned leaves with green and purple hues. Its large, asymmetrical, velvety-textured leaves make it a perfect choice for indoor decoration and humid terrariums.<\/p>\n<p class=\"\" data-start=\"496\" data-end=\"590\"><strong data-start=\"496\" data-end=\"505\">Size:<\/strong><br data-start=\"505\" data-end=\"508\" \/>It can grow between 20 and 40 cm in height, depending on cultivation conditions.<\/p>\n<p class=\"\" data-start=\"592\" data-end=\"717\"><strong data-start=\"592\" data-end=\"614\">Ideal temperature:<\/strong><br data-start=\"614\" data-end=\"617\" \/>Prefers temperatures between 18\u00b0C and 24\u00b0C. It does not tolerate frost or temperatures below 12\u00b0C.<\/p>\n<p class=\"\" data-start=\"719\" data-end=\"855\"><strong data-start=\"719\" data-end=\"732\">Humidity:<\/strong><br data-start=\"732\" data-end=\"735\" \/>Requires a humid environment, making it ideal for terrariums, greenhouses, or indoor spaces with good humidity levels.<\/p>\n<p class=\"\" data-start=\"857\" data-end=\"949\"><strong data-start=\"857\" data-end=\"867\">Light:<\/strong><br data-start=\"867\" data-end=\"870\" \/>Prefers indirect light or partial shade. Direct sunlight can burn its leaves.<\/p>\n<p class=\"\" data-start=\"951\" data-end=\"1080\"><strong data-start=\"951\" data-end=\"964\">Watering:<\/strong><br data-start=\"964\" data-end=\"967\" \/>The substrate should remain slightly moist, avoiding waterlogging. Water when the top layer of the soil is dry.<\/p>\n<p class=\"\" data-start=\"1082\" data-end=\"1215\"><strong data-start=\"1082\" data-end=\"1096\">Substrate:<\/strong><br data-start=\"1096\" data-end=\"1099\" \/>Requires a well-draining, light, and organic-rich substrate. A mix of peat, perlite, and pine bark is recommended.<\/p>\n<p class=\"\" data-start=\"1217\" data-end=\"1316\"><strong data-start=\"1217\" data-end=\"1235\">Fertilization:<\/strong><br data-start=\"1235\" data-end=\"1238\" \/>Apply a balanced liquid fertilizer every 2-3 weeks during spring and summer.<\/p>\n<p class=\"\" data-start=\"1318\" data-end=\"1329\"><strong data-start=\"1318\" data-end=\"1327\">Uses:<\/strong><\/p>\n<ul data-start=\"1330\" data-end=\"1422\">\n<li class=\"\" data-start=\"1330\" data-end=\"1351\">\n<p class=\"\" data-start=\"1332\" data-end=\"1351\">Indoor decoration<\/p>\n<\/li>\n<li class=\"\" data-start=\"1352\" data-end=\"1376\">\n<p class=\"\" data-start=\"1354\" data-end=\"1376\">Plant for terrariums<\/p>\n<\/li>\n<li class=\"\" data-start=\"1377\" data-end=\"1398\">\n<p class=\"\" data-start=\"1379\" data-end=\"1398\">Humid greenhouses<\/p>\n<\/li>\n<li class=\"\" data-start=\"1399\" data-end=\"1422\">\n<p class=\"\" data-start=\"1401\" data-end=\"1422\">Begonia collections<\/p>\n<\/li>\n<\/ul>\n<p class=\"\" data-start=\"1424\" data-end=\"1503\"><strong data-start=\"1424\" data-end=\"1437\">Toxicity:<\/strong><br data-start=\"1437\" data-end=\"1440\" \/>It may be toxic to pets if ingested. Keep out of their reach.<\/p>\n<p class=\"\" data-start=\"1505\" data-end=\"1524\"><strong data-start=\"1505\" data-end=\"1522\">Special care:<\/strong><\/p>\n<ul data-start=\"1525\" data-end=\"1700\">\n<li class=\"\" data-start=\"1525\" data-end=\"1578\">\n<p class=\"\" data-start=\"1527\" data-end=\"1578\">Avoid cold drafts and sudden temperature changes.<\/p>\n<\/li>\n<li class=\"\" data-start=\"1579\" data-end=\"1644\">\n<p class=\"\" data-start=\"1581\" data-end=\"1644\">Do not excessively wet the leaves to prevent fungal diseases.<\/p>\n<\/li>\n<li class=\"\" data-start=\"1645\" data-end=\"1700\">\n<p class=\"\" data-start=\"1647\" data-end=\"1700\">Can be propagated through leaf or rhizome cuttings.<\/p>\n<\/li>\n<\/ul>\n<p class=\"\" data-start=\"1702\" data-end=\"1822\">The <strong data-start=\"1706\" data-end=\"1730\">Begonia Rex &#8220;Silver&#8221;<\/strong> is an excellent choice for those looking for an exotic and easy-to-care-for indoor plant.<\/p>\n","protected":false},"excerpt":{"rendered":"<p class=\"\" data-start=\"1878\" data-end=\"2141\">Give your space an elegant touch with the <strong data-start=\"1920\" data-end=\"1944\">Begonia Rex &#8220;Silver&#8221;<\/strong>! \ud83c\udf3f\u2728 Its silver leaves with green and purple hues are perfect for interiors and terrariums. Easy to care for, it thrives in humidity and indirect light. Ideal for collectors and plant lovers! \ud83d\udc9a<\/p>\n","protected":false},"featured_media":40668,"template":"","meta":[],"product_brand":[],"product_cat":[635],"product_tag":[],"class_list":{"0":"post-41194","1":"product","2":"type-product","3":"status-publish","4":"has-post-thumbnail","6":"product_cat-natural-plants","8":"first","9":"outofstock","10":"shipping-taxable","11":"purchasable","12":"product-type-simple"},"yoast_head":"<!-- This site is optimized with the Yoast SEO plugin v27.3 - https:\/\/yoast.com\/product\/yoast-seo-wordpress\/ -->\n<title>Begonia Rex \u201cSilver\u201d | Indoor plants - ANTDERGROUND<\/title>\n<meta name=\"description\" content=\"Add an exotic touch with the Begonia Rex &quot;Silver&quot; \ud83c\udf3f\u2728. Unique silver foliage, perfect for interiors and terrariums. Easy to care for! \ud83d\udc9a\" \/>\n<meta name=\"robots\" content=\"index, follow, max-snippet:-1, max-image-preview:large, max-video-preview:-1\" \/>\n<link rel=\"canonical\" href=\"https:\/\/antderground.com\/en\/product\/begonia-rex-silver\/\" \/>\n<meta property=\"og:locale\" content=\"en_US\" \/>\n<meta property=\"og:type\" content=\"article\" \/>\n<meta property=\"og:title\" content=\"Begonia Rex \u201cSilver\u201d | Indoor plants - ANTDERGROUND\" \/>\n<meta property=\"og:description\" content=\"Add an exotic touch with the Begonia Rex &quot;Silver&quot; \ud83c\udf3f\u2728. Unique silver foliage, perfect for interiors and terrariums. Easy to care for! \ud83d\udc9a\" \/>\n<meta property=\"og:url\" content=\"https:\/\/antderground.com\/en\/product\/begonia-rex-silver\/\" \/>\n<meta property=\"og:site_name\" content=\"ANTDERGROUND\" \/>\n<meta property=\"og:image\" content=\"https:\/\/antderground.com\/wp-content\/uploads\/2025\/03\/Begonia-Rex-Silver.jpeg\" \/>\n\t<meta property=\"og:image:width\" content=\"1600\" \/>\n\t<meta property=\"og:image:height\" content=\"1600\" \/>\n\t<meta property=\"og:image:type\" content=\"image\/jpeg\" \/>\n<meta name=\"twitter:card\" content=\"summary_large_image\" \/>\n<meta name=\"twitter:label1\" content=\"Est. reading time\" \/>\n\t<meta name=\"twitter:data1\" content=\"1 minute\" \/>\n<script type=\"application\/ld+json\" class=\"yoast-schema-graph\">{\"@context\":\"https:\\\/\\\/schema.org\",\"@graph\":[{\"@type\":\"WebPage\",\"@id\":\"https:\\\/\\\/antderground.com\\\/en\\\/product\\\/begonia-rex-silver\\\/\",\"url\":\"https:\\\/\\\/antderground.com\\\/en\\\/product\\\/begonia-rex-silver\\\/\",\"name\":\"Begonia Rex \u201cSilver\u201d | Indoor plants - ANTDERGROUND\",\"isPartOf\":{\"@id\":\"https:\\\/\\\/antderground.com\\\/en\\\/#website\"},\"primaryImageOfPage\":{\"@id\":\"https:\\\/\\\/antderground.com\\\/en\\\/product\\\/begonia-rex-silver\\\/#primaryimage\"},\"image\":{\"@id\":\"https:\\\/\\\/antderground.com\\\/en\\\/product\\\/begonia-rex-silver\\\/#primaryimage\"},\"thumbnailUrl\":\"https:\\\/\\\/antderground.com\\\/wp-content\\\/uploads\\\/2025\\\/03\\\/Begonia-Rex-Silver.jpeg\",\"datePublished\":\"2025-03-03T11:13:18+00:00\",\"description\":\"Add an exotic touch with the Begonia Rex \\\"Silver\\\" \ud83c\udf3f\u2728. Unique silver foliage, perfect for interiors and terrariums. Easy to care for! \ud83d\udc9a\",\"breadcrumb\":{\"@id\":\"https:\\\/\\\/antderground.com\\\/en\\\/product\\\/begonia-rex-silver\\\/#breadcrumb\"},\"inLanguage\":\"en-US\",\"potentialAction\":[{\"@type\":\"ReadAction\",\"target\":[\"https:\\\/\\\/antderground.com\\\/en\\\/product\\\/begonia-rex-silver\\\/\"]}]},{\"@type\":\"ImageObject\",\"inLanguage\":\"en-US\",\"@id\":\"https:\\\/\\\/antderground.com\\\/en\\\/product\\\/begonia-rex-silver\\\/#primaryimage\",\"url\":\"https:\\\/\\\/antderground.com\\\/wp-content\\\/uploads\\\/2025\\\/03\\\/Begonia-Rex-Silver.jpeg\",\"contentUrl\":\"https:\\\/\\\/antderground.com\\\/wp-content\\\/uploads\\\/2025\\\/03\\\/Begonia-Rex-Silver.jpeg\",\"width\":1600,\"height\":1600,\"caption\":\"Begonia Rex \u201cSilver\u201d\"},{\"@type\":\"BreadcrumbList\",\"@id\":\"https:\\\/\\\/antderground.com\\\/en\\\/product\\\/begonia-rex-silver\\\/#breadcrumb\",\"itemListElement\":[{\"@type\":\"ListItem\",\"position\":1,\"name\":\"Portada\",\"item\":\"https:\\\/\\\/antderground.com\\\/en\\\/\"},{\"@type\":\"ListItem\",\"position\":2,\"name\":\"Products\",\"item\":\"https:\\\/\\\/antderground.com\\\/en\\\/myrmecology-store\\\/\"},{\"@type\":\"ListItem\",\"position\":3,\"name\":\"Begonia Rex \u201cSilver\u201d\"}]},{\"@type\":\"WebSite\",\"@id\":\"https:\\\/\\\/antderground.com\\\/en\\\/#website\",\"url\":\"https:\\\/\\\/antderground.com\\\/en\\\/\",\"name\":\"ANTDERGROUND\",\"description\":\"Tu tienda de hormigas, gran variedad de hormigueros acr\u00edlicos,madera,arena,3D y mas.. Pide tus hormigas gratis con tu pedido, somos expertos en hormigueros antifugas.\",\"publisher\":{\"@id\":\"https:\\\/\\\/antderground.com\\\/en\\\/#\\\/schema\\\/person\\\/0e322c505e84fe72c65e2f6d08f96b81\"},\"alternateName\":\"Antderground\",\"potentialAction\":[{\"@type\":\"SearchAction\",\"target\":{\"@type\":\"EntryPoint\",\"urlTemplate\":\"https:\\\/\\\/antderground.com\\\/en\\\/?s={search_term_string}\"},\"query-input\":{\"@type\":\"PropertyValueSpecification\",\"valueRequired\":true,\"valueName\":\"search_term_string\"}}],\"inLanguage\":\"en-US\"},{\"@type\":[\"Person\",\"Organization\"],\"@id\":\"https:\\\/\\\/antderground.com\\\/en\\\/#\\\/schema\\\/person\\\/0e322c505e84fe72c65e2f6d08f96b81\",\"name\":\"Eric de Antderground\",\"image\":{\"@type\":\"ImageObject\",\"inLanguage\":\"en-US\",\"@id\":\"https:\\\/\\\/secure.gravatar.com\\\/avatar\\\/c49a1b9f79216d1498cb73c1e85cd47f4465dda35f2a94c03790d491bd4423c3?s=96&d=mm&r=g\",\"url\":\"https:\\\/\\\/secure.gravatar.com\\\/avatar\\\/c49a1b9f79216d1498cb73c1e85cd47f4465dda35f2a94c03790d491bd4423c3?s=96&d=mm&r=g\",\"contentUrl\":\"https:\\\/\\\/secure.gravatar.com\\\/avatar\\\/c49a1b9f79216d1498cb73c1e85cd47f4465dda35f2a94c03790d491bd4423c3?s=96&d=mm&r=g\",\"caption\":\"Eric de Antderground\"},\"logo\":{\"@id\":\"https:\\\/\\\/secure.gravatar.com\\\/avatar\\\/c49a1b9f79216d1498cb73c1e85cd47f4465dda35f2a94c03790d491bd4423c3?s=96&d=mm&r=g\"},\"description\":\"Eric es el especialista y fundador de Antderground, con una amplia trayectoria en artr\u00f3podos y enfocado en la mirmecolog\u00eda y el dise\u00f1o de hormigueros artificiales. Su enfoque combina la innovaci\u00f3n t\u00e9cnica con el respeto por la biolog\u00eda de las hormigas, is\u00f3podos y otros, desarrollando sistemas de nidos modulares 3D y acr\u00edlicos que son referentes para aficionados y profesionales en toda Europa. Su objetivo es facilitar la cr\u00eda de hormigas y otros artr\u00f3podos mediante soluciones seguras y divulgaci\u00f3n de calidad.\",\"sameAs\":[\"https:\\\/\\\/antderground.com\\\/\",\"https:\\\/\\\/www.youtube.com\\\/channel\\\/UCio72z7TlbufkAthAJIJfPw\"]}]}<\/script>\n<!-- \/ Yoast SEO plugin. -->","yoast_head_json":{"title":"Begonia Rex \u201cSilver\u201d | Indoor plants - ANTDERGROUND","description":"Add an exotic touch with the Begonia Rex \"Silver\" \ud83c\udf3f\u2728. Unique silver foliage, perfect for interiors and terrariums. Easy to care for! \ud83d\udc9a","robots":{"index":"index","follow":"follow","max-snippet":"max-snippet:-1","max-image-preview":"max-image-preview:large","max-video-preview":"max-video-preview:-1"},"canonical":"https:\/\/antderground.com\/en\/product\/begonia-rex-silver\/","og_locale":"en_US","og_type":"article","og_title":"Begonia Rex \u201cSilver\u201d | Indoor plants - ANTDERGROUND","og_description":"Add an exotic touch with the Begonia Rex \"Silver\" \ud83c\udf3f\u2728. Unique silver foliage, perfect for interiors and terrariums. Easy to care for! \ud83d\udc9a","og_url":"https:\/\/antderground.com\/en\/product\/begonia-rex-silver\/","og_site_name":"ANTDERGROUND","og_image":[{"width":1600,"height":1600,"url":"https:\/\/antderground.com\/wp-content\/uploads\/2025\/03\/Begonia-Rex-Silver.jpeg","type":"image\/jpeg"}],"twitter_card":"summary_large_image","twitter_misc":{"Est. reading time":"1 minute"},"schema":{"@context":"https:\/\/schema.org","@graph":[{"@type":"WebPage","@id":"https:\/\/antderground.com\/en\/product\/begonia-rex-silver\/","url":"https:\/\/antderground.com\/en\/product\/begonia-rex-silver\/","name":"Begonia Rex \u201cSilver\u201d | Indoor plants - ANTDERGROUND","isPartOf":{"@id":"https:\/\/antderground.com\/en\/#website"},"primaryImageOfPage":{"@id":"https:\/\/antderground.com\/en\/product\/begonia-rex-silver\/#primaryimage"},"image":{"@id":"https:\/\/antderground.com\/en\/product\/begonia-rex-silver\/#primaryimage"},"thumbnailUrl":"https:\/\/antderground.com\/wp-content\/uploads\/2025\/03\/Begonia-Rex-Silver.jpeg","datePublished":"2025-03-03T11:13:18+00:00","description":"Add an exotic touch with the Begonia Rex \"Silver\" \ud83c\udf3f\u2728. Unique silver foliage, perfect for interiors and terrariums. Easy to care for! \ud83d\udc9a","breadcrumb":{"@id":"https:\/\/antderground.com\/en\/product\/begonia-rex-silver\/#breadcrumb"},"inLanguage":"en-US","potentialAction":[{"@type":"ReadAction","target":["https:\/\/antderground.com\/en\/product\/begonia-rex-silver\/"]}]},{"@type":"ImageObject","inLanguage":"en-US","@id":"https:\/\/antderground.com\/en\/product\/begonia-rex-silver\/#primaryimage","url":"https:\/\/antderground.com\/wp-content\/uploads\/2025\/03\/Begonia-Rex-Silver.jpeg","contentUrl":"https:\/\/antderground.com\/wp-content\/uploads\/2025\/03\/Begonia-Rex-Silver.jpeg","width":1600,"height":1600,"caption":"Begonia Rex \u201cSilver\u201d"},{"@type":"BreadcrumbList","@id":"https:\/\/antderground.com\/en\/product\/begonia-rex-silver\/#breadcrumb","itemListElement":[{"@type":"ListItem","position":1,"name":"Portada","item":"https:\/\/antderground.com\/en\/"},{"@type":"ListItem","position":2,"name":"Products","item":"https:\/\/antderground.com\/en\/myrmecology-store\/"},{"@type":"ListItem","position":3,"name":"Begonia Rex \u201cSilver\u201d"}]},{"@type":"WebSite","@id":"https:\/\/antderground.com\/en\/#website","url":"https:\/\/antderground.com\/en\/","name":"ANTDERGROUND","description":"Tu tienda de hormigas, gran variedad de hormigueros acr\u00edlicos,madera,arena,3D y mas.. Pide tus hormigas gratis con tu pedido, somos expertos en hormigueros antifugas.","publisher":{"@id":"https:\/\/antderground.com\/en\/#\/schema\/person\/0e322c505e84fe72c65e2f6d08f96b81"},"alternateName":"Antderground","potentialAction":[{"@type":"SearchAction","target":{"@type":"EntryPoint","urlTemplate":"https:\/\/antderground.com\/en\/?s={search_term_string}"},"query-input":{"@type":"PropertyValueSpecification","valueRequired":true,"valueName":"search_term_string"}}],"inLanguage":"en-US"},{"@type":["Person","Organization"],"@id":"https:\/\/antderground.com\/en\/#\/schema\/person\/0e322c505e84fe72c65e2f6d08f96b81","name":"Eric de Antderground","image":{"@type":"ImageObject","inLanguage":"en-US","@id":"https:\/\/secure.gravatar.com\/avatar\/c49a1b9f79216d1498cb73c1e85cd47f4465dda35f2a94c03790d491bd4423c3?s=96&d=mm&r=g","url":"https:\/\/secure.gravatar.com\/avatar\/c49a1b9f79216d1498cb73c1e85cd47f4465dda35f2a94c03790d491bd4423c3?s=96&d=mm&r=g","contentUrl":"https:\/\/secure.gravatar.com\/avatar\/c49a1b9f79216d1498cb73c1e85cd47f4465dda35f2a94c03790d491bd4423c3?s=96&d=mm&r=g","caption":"Eric de Antderground"},"logo":{"@id":"https:\/\/secure.gravatar.com\/avatar\/c49a1b9f79216d1498cb73c1e85cd47f4465dda35f2a94c03790d491bd4423c3?s=96&d=mm&r=g"},"description":"Eric es el especialista y fundador de Antderground, con una amplia trayectoria en artr\u00f3podos y enfocado en la mirmecolog\u00eda y el dise\u00f1o de hormigueros artificiales. Su enfoque combina la innovaci\u00f3n t\u00e9cnica con el respeto por la biolog\u00eda de las hormigas, is\u00f3podos y otros, desarrollando sistemas de nidos modulares 3D y acr\u00edlicos que son referentes para aficionados y profesionales en toda Europa. Su objetivo es facilitar la cr\u00eda de hormigas y otros artr\u00f3podos mediante soluciones seguras y divulgaci\u00f3n de calidad.","sameAs":["https:\/\/antderground.com\/","https:\/\/www.youtube.com\/channel\/UCio72z7TlbufkAthAJIJfPw"]}]}},"_links":{"self":[{"href":"https:\/\/antderground.com\/en\/wp-json\/wp\/v2\/product\/41194","targetHints":{"allow":["GET"]}}],"collection":[{"href":"https:\/\/antderground.com\/en\/wp-json\/wp\/v2\/product"}],"about":[{"href":"https:\/\/antderground.com\/en\/wp-json\/wp\/v2\/types\/product"}],"version-history":[{"count":0,"href":"https:\/\/antderground.com\/en\/wp-json\/wp\/v2\/product\/41194\/revisions"}],"wp:featuredmedia":[{"embeddable":true,"href":"https:\/\/antderground.com\/en\/wp-json\/wp\/v2\/media\/40668"}],"wp:attachment":[{"href":"https:\/\/antderground.com\/en\/wp-json\/wp\/v2\/media?parent=41194"}],"wp:term":[{"taxonomy":"product_brand","embeddable":true,"href":"https:\/\/antderground.com\/en\/wp-json\/wp\/v2\/product_brand?post=41194"},{"taxonomy":"product_cat","embeddable":true,"href":"https:\/\/antderground.com\/en\/wp-json\/wp\/v2\/product_cat?post=41194"},{"taxonomy":"product_tag","embeddable":true,"href":"https:\/\/antderground.com\/en\/wp-json\/wp\/v2\/product_tag?post=41194"}],"curies":[{"name":"wp","href":"https:\/\/api.w.org\/{rel}","templated":true}]}}