{"id":41201,"date":"2024-10-25T11:48:31","date_gmt":"2024-10-25T09:48:31","guid":{"rendered":"https:\/\/www.antderground.com\/producto\/alocasia-polly\/"},"modified":"2024-10-25T11:48:31","modified_gmt":"2024-10-25T09:48:31","slug":"alocasia-polly","status":"publish","type":"product","link":"https:\/\/antderground.com\/en\/product\/alocasia-polly\/","title":{"rendered":"Alocasia Polly"},"content":{"rendered":"<p class=\"\" data-start=\"126\" data-end=\"247\"><strong data-start=\"126\" data-end=\"142\">Common Name:<\/strong> Alocasia Polly, Elephant Ear<br data-start=\"171\" data-end=\"174\" \/><strong data-start=\"174\" data-end=\"194\">Scientific Name:<\/strong> <em data-start=\"195\" data-end=\"215\">Alocasia amazonica<\/em> &#8216;Polly&#8217;<br data-start=\"223\" data-end=\"226\" \/><strong data-start=\"226\" data-end=\"237\">Family:<\/strong> Araceae<\/p>\n<h4 class=\"\" data-start=\"249\" data-end=\"271\"><strong data-start=\"254\" data-end=\"269\">Description<\/strong><\/h4>\n<p class=\"\" data-start=\"272\" data-end=\"604\">Alocasia Polly is a popular indoor plant known for its large, heart-shaped leaves with a deep green color and prominent lighter veins. This variety is a hybrid that combines characteristics of <em data-start=\"465\" data-end=\"485\">Alocasia amazonica<\/em> and other <em data-start=\"496\" data-end=\"506\">Alocasia<\/em> species. Its leaves can grow up to 30 cm long, and the plant can reach a height of 30 to 60 cm.<\/p>\n<h4 class=\"\" data-start=\"606\" data-end=\"621\"><strong data-start=\"611\" data-end=\"619\">Care<\/strong><\/h4>\n<ul data-start=\"622\" data-end=\"1132\">\n<li class=\"\" data-start=\"622\" data-end=\"720\">\n<p class=\"\" data-start=\"624\" data-end=\"720\"><strong data-start=\"624\" data-end=\"634\">Light:<\/strong> Prefers bright, indirect light. Avoid direct sunlight, which can scorch the leaves.<\/p>\n<\/li>\n<li class=\"\" data-start=\"721\" data-end=\"833\">\n<p class=\"\" data-start=\"723\" data-end=\"833\"><strong data-start=\"723\" data-end=\"736\">Watering:<\/strong> Keep the soil slightly moist but not waterlogged. Water when the top layer of the soil is dry.<\/p>\n<\/li>\n<li class=\"\" data-start=\"834\" data-end=\"977\">\n<p class=\"\" data-start=\"836\" data-end=\"977\"><strong data-start=\"836\" data-end=\"849\">Humidity:<\/strong> Requires a high-humidity environment. Spraying the leaves or placing the pot on a tray with pebbles and water is recommended.<\/p>\n<\/li>\n<li class=\"\" data-start=\"978\" data-end=\"1079\">\n<p class=\"\" data-start=\"980\" data-end=\"1079\"><strong data-start=\"980\" data-end=\"996\">Temperature:<\/strong> Thrives in temperatures between 18\u00b0C and 26\u00b0C. It does not tolerate cold drafts.<\/p>\n<\/li>\n<li class=\"\" data-start=\"1080\" data-end=\"1132\">\n<p class=\"\" data-start=\"1082\" data-end=\"1132\"><strong data-start=\"1082\" data-end=\"1091\">Soil:<\/strong> Use well-draining, nutrient-rich soil.<\/p>\n<\/li>\n<\/ul>\n<h4 class=\"\" data-start=\"1134\" data-end=\"1153\"><strong data-start=\"1139\" data-end=\"1151\">Benefits<\/strong><\/h4>\n<ul data-start=\"1154\" data-end=\"1503\">\n<li class=\"\" data-start=\"1154\" data-end=\"1232\">\n<p class=\"\" data-start=\"1156\" data-end=\"1232\"><strong data-start=\"1156\" data-end=\"1171\">Decorative:<\/strong> Ideal for interiors, adding a tropical touch to any space.<\/p>\n<\/li>\n<li class=\"\" data-start=\"1233\" data-end=\"1304\">\n<p class=\"\" data-start=\"1235\" data-end=\"1304\"><strong data-start=\"1235\" data-end=\"1256\">Air purification:<\/strong> Helps improve air quality by removing toxins.<\/p>\n<\/li>\n<li class=\"\" data-start=\"1305\" data-end=\"1503\">\n<p class=\"\" data-start=\"1307\" data-end=\"1503\"><strong data-start=\"1307\" data-end=\"1321\">Non-toxic:<\/strong> Generally considered safe, but contact with pets and children should be avoided as its sap can be irritating. <strong data-start=\"1432\" data-end=\"1489\">It is recommended to keep it out of reach of children<\/strong> for safety.<\/p>\n<\/li>\n<\/ul>\n<h4 class=\"\" data-start=\"1505\" data-end=\"1527\"><strong data-start=\"1510\" data-end=\"1525\">Propagation<\/strong><\/h4>\n<p class=\"\" data-start=\"1528\" data-end=\"1649\">It can be propagated by dividing rhizomes in spring. Each division should have at least one leaf and a healthy rhizome.<\/p>\n<h4 class=\"\" data-start=\"1651\" data-end=\"1676\"><strong data-start=\"1656\" data-end=\"1674\">Considerations<\/strong><\/h4>\n<ul data-start=\"1677\" data-end=\"1927\">\n<li class=\"\" data-start=\"1677\" data-end=\"1843\">\n<p class=\"\" data-start=\"1679\" data-end=\"1843\">Alocasia Polly can be susceptible to pests such as aphids and mealybugs. Regular inspections and immediate treatment are recommended if infestations are detected.<\/p>\n<\/li>\n<li class=\"\" data-start=\"1844\" data-end=\"1927\">\n<p class=\"\" data-start=\"1846\" data-end=\"1927\">In cold climates, it is best to keep it indoors, as it does not tolerate frost.<\/p>\n<\/li>\n<\/ul>\n","protected":false},"excerpt":{"rendered":"<p>The beautiful <strong>Alocasia Polly plant<\/strong>! \ud83c\udf3f With its stunning heart-shaped leaves, it&#8217;s not only a decorative gem, but also purifies the air in your home. Ideal for spaces with indirect light, it adds a fresh, tropical touch to any space. \ud83c\udf31\u2728<\/p>\n<p><strong>Characteristics:<\/strong><\/p>\n<p>Pot: 12 cm.<br \/>\nIndoor (Recommended) \/ Medium outdoor.<\/p>\n","protected":false},"featured_media":37549,"template":"","meta":[],"product_brand":[],"product_cat":[635],"product_tag":[],"class_list":{"0":"post-41201","1":"product","2":"type-product","3":"status-publish","4":"has-post-thumbnail","6":"product_cat-natural-plants","8":"first","9":"outofstock","10":"shipping-taxable","11":"purchasable","12":"product-type-simple"},"yoast_head":"<!-- This site is optimized with the Yoast SEO plugin v27.4 - https:\/\/yoast.com\/product\/yoast-seo-wordpress\/ -->\n<title>Alocasia Polly - ANTDERGROUND<\/title>\n<meta name=\"description\" content=\"Transform your home with the Alocasia Polly: elegant, air-purifying, and easy to care for. Add a tropical touch today! \ud83c\udf3f\u2728\" \/>\n<meta name=\"robots\" content=\"index, follow, max-snippet:-1, max-image-preview:large, max-video-preview:-1\" \/>\n<link rel=\"canonical\" href=\"https:\/\/antderground.com\/en\/product\/alocasia-polly\/\" \/>\n<meta property=\"og:locale\" content=\"en_US\" \/>\n<meta property=\"og:type\" content=\"article\" \/>\n<meta property=\"og:title\" content=\"Alocasia Polly - ANTDERGROUND\" \/>\n<meta property=\"og:description\" content=\"Transform your home with the Alocasia Polly: elegant, air-purifying, and easy to care for. Add a tropical touch today! \ud83c\udf3f\u2728\" \/>\n<meta property=\"og:url\" content=\"https:\/\/antderground.com\/en\/product\/alocasia-polly\/\" \/>\n<meta property=\"og:site_name\" content=\"ANTDERGROUND\" \/>\n<meta property=\"og:image\" content=\"https:\/\/antderground.com\/wp-content\/uploads\/2024\/10\/Alocasia-Polly.jpeg\" \/>\n\t<meta property=\"og:image:width\" content=\"1417\" \/>\n\t<meta property=\"og:image:height\" content=\"1417\" \/>\n\t<meta property=\"og:image:type\" content=\"image\/jpeg\" \/>\n<meta name=\"twitter:card\" content=\"summary_large_image\" \/>\n<meta name=\"twitter:label1\" content=\"Est. reading time\" \/>\n\t<meta name=\"twitter:data1\" content=\"1 minute\" \/>\n<script type=\"application\/ld+json\" class=\"yoast-schema-graph\">{\"@context\":\"https:\\\/\\\/schema.org\",\"@graph\":[{\"@type\":\"WebPage\",\"@id\":\"https:\\\/\\\/antderground.com\\\/en\\\/product\\\/alocasia-polly\\\/\",\"url\":\"https:\\\/\\\/antderground.com\\\/en\\\/product\\\/alocasia-polly\\\/\",\"name\":\"Alocasia Polly - ANTDERGROUND\",\"isPartOf\":{\"@id\":\"https:\\\/\\\/antderground.com\\\/en\\\/#website\"},\"primaryImageOfPage\":{\"@id\":\"https:\\\/\\\/antderground.com\\\/en\\\/product\\\/alocasia-polly\\\/#primaryimage\"},\"image\":{\"@id\":\"https:\\\/\\\/antderground.com\\\/en\\\/product\\\/alocasia-polly\\\/#primaryimage\"},\"thumbnailUrl\":\"https:\\\/\\\/antderground.com\\\/wp-content\\\/uploads\\\/2024\\\/10\\\/Alocasia-Polly.jpeg\",\"datePublished\":\"2024-10-25T09:48:31+00:00\",\"description\":\"Transform your home with the Alocasia Polly: elegant, air-purifying, and easy to care for. Add a tropical touch today! \ud83c\udf3f\u2728\",\"breadcrumb\":{\"@id\":\"https:\\\/\\\/antderground.com\\\/en\\\/product\\\/alocasia-polly\\\/#breadcrumb\"},\"inLanguage\":\"en-US\",\"potentialAction\":[{\"@type\":\"ReadAction\",\"target\":[\"https:\\\/\\\/antderground.com\\\/en\\\/product\\\/alocasia-polly\\\/\"]}]},{\"@type\":\"ImageObject\",\"inLanguage\":\"en-US\",\"@id\":\"https:\\\/\\\/antderground.com\\\/en\\\/product\\\/alocasia-polly\\\/#primaryimage\",\"url\":\"https:\\\/\\\/antderground.com\\\/wp-content\\\/uploads\\\/2024\\\/10\\\/Alocasia-Polly.jpeg\",\"contentUrl\":\"https:\\\/\\\/antderground.com\\\/wp-content\\\/uploads\\\/2024\\\/10\\\/Alocasia-Polly.jpeg\",\"width\":1417,\"height\":1417,\"caption\":\"Alocasia Polly\"},{\"@type\":\"BreadcrumbList\",\"@id\":\"https:\\\/\\\/antderground.com\\\/en\\\/product\\\/alocasia-polly\\\/#breadcrumb\",\"itemListElement\":[{\"@type\":\"ListItem\",\"position\":1,\"name\":\"Portada\",\"item\":\"https:\\\/\\\/antderground.com\\\/en\\\/\"},{\"@type\":\"ListItem\",\"position\":2,\"name\":\"Products\",\"item\":\"https:\\\/\\\/antderground.com\\\/en\\\/myrmecology-store\\\/\"},{\"@type\":\"ListItem\",\"position\":3,\"name\":\"Alocasia Polly\"}]},{\"@type\":\"WebSite\",\"@id\":\"https:\\\/\\\/antderground.com\\\/en\\\/#website\",\"url\":\"https:\\\/\\\/antderground.com\\\/en\\\/\",\"name\":\"ANTDERGROUND\",\"description\":\"Tu tienda de hormigas, gran variedad de hormigueros acr\u00edlicos,madera,arena,3D y mas.. Pide tus hormigas gratis con tu pedido, somos expertos en hormigueros antifugas.\",\"publisher\":{\"@id\":\"https:\\\/\\\/antderground.com\\\/en\\\/#\\\/schema\\\/person\\\/0e322c505e84fe72c65e2f6d08f96b81\"},\"alternateName\":\"Antderground\",\"potentialAction\":[{\"@type\":\"SearchAction\",\"target\":{\"@type\":\"EntryPoint\",\"urlTemplate\":\"https:\\\/\\\/antderground.com\\\/en\\\/?s={search_term_string}\"},\"query-input\":{\"@type\":\"PropertyValueSpecification\",\"valueRequired\":true,\"valueName\":\"search_term_string\"}}],\"inLanguage\":\"en-US\"},{\"@type\":[\"Person\",\"Organization\"],\"@id\":\"https:\\\/\\\/antderground.com\\\/en\\\/#\\\/schema\\\/person\\\/0e322c505e84fe72c65e2f6d08f96b81\",\"name\":\"Eric de Antderground\",\"image\":{\"@type\":\"ImageObject\",\"inLanguage\":\"en-US\",\"@id\":\"https:\\\/\\\/secure.gravatar.com\\\/avatar\\\/c49a1b9f79216d1498cb73c1e85cd47f4465dda35f2a94c03790d491bd4423c3?s=96&d=mm&r=g\",\"url\":\"https:\\\/\\\/secure.gravatar.com\\\/avatar\\\/c49a1b9f79216d1498cb73c1e85cd47f4465dda35f2a94c03790d491bd4423c3?s=96&d=mm&r=g\",\"contentUrl\":\"https:\\\/\\\/secure.gravatar.com\\\/avatar\\\/c49a1b9f79216d1498cb73c1e85cd47f4465dda35f2a94c03790d491bd4423c3?s=96&d=mm&r=g\",\"caption\":\"Eric de Antderground\"},\"logo\":{\"@id\":\"https:\\\/\\\/secure.gravatar.com\\\/avatar\\\/c49a1b9f79216d1498cb73c1e85cd47f4465dda35f2a94c03790d491bd4423c3?s=96&d=mm&r=g\"},\"description\":\"Eric es el especialista y fundador de Antderground, con una amplia trayectoria en artr\u00f3podos y enfocado en la mirmecolog\u00eda y el dise\u00f1o de hormigueros artificiales. Su enfoque combina la innovaci\u00f3n t\u00e9cnica con el respeto por la biolog\u00eda de las hormigas, is\u00f3podos y otros, desarrollando sistemas de nidos modulares 3D y acr\u00edlicos que son referentes para aficionados y profesionales en toda Europa. Su objetivo es facilitar la cr\u00eda de hormigas y otros artr\u00f3podos mediante soluciones seguras y divulgaci\u00f3n de calidad.\",\"sameAs\":[\"https:\\\/\\\/antderground.com\\\/\",\"https:\\\/\\\/www.youtube.com\\\/channel\\\/UCio72z7TlbufkAthAJIJfPw\"]}]}<\/script>\n<!-- \/ Yoast SEO plugin. -->","yoast_head_json":{"title":"Alocasia Polly - ANTDERGROUND","description":"Transform your home with the Alocasia Polly: elegant, air-purifying, and easy to care for. Add a tropical touch today! \ud83c\udf3f\u2728","robots":{"index":"index","follow":"follow","max-snippet":"max-snippet:-1","max-image-preview":"max-image-preview:large","max-video-preview":"max-video-preview:-1"},"canonical":"https:\/\/antderground.com\/en\/product\/alocasia-polly\/","og_locale":"en_US","og_type":"article","og_title":"Alocasia Polly - ANTDERGROUND","og_description":"Transform your home with the Alocasia Polly: elegant, air-purifying, and easy to care for. Add a tropical touch today! \ud83c\udf3f\u2728","og_url":"https:\/\/antderground.com\/en\/product\/alocasia-polly\/","og_site_name":"ANTDERGROUND","og_image":[{"width":1417,"height":1417,"url":"https:\/\/antderground.com\/wp-content\/uploads\/2024\/10\/Alocasia-Polly.jpeg","type":"image\/jpeg"}],"twitter_card":"summary_large_image","twitter_misc":{"Est. reading time":"1 minute"},"schema":{"@context":"https:\/\/schema.org","@graph":[{"@type":"WebPage","@id":"https:\/\/antderground.com\/en\/product\/alocasia-polly\/","url":"https:\/\/antderground.com\/en\/product\/alocasia-polly\/","name":"Alocasia Polly - ANTDERGROUND","isPartOf":{"@id":"https:\/\/antderground.com\/en\/#website"},"primaryImageOfPage":{"@id":"https:\/\/antderground.com\/en\/product\/alocasia-polly\/#primaryimage"},"image":{"@id":"https:\/\/antderground.com\/en\/product\/alocasia-polly\/#primaryimage"},"thumbnailUrl":"https:\/\/antderground.com\/wp-content\/uploads\/2024\/10\/Alocasia-Polly.jpeg","datePublished":"2024-10-25T09:48:31+00:00","description":"Transform your home with the Alocasia Polly: elegant, air-purifying, and easy to care for. Add a tropical touch today! \ud83c\udf3f\u2728","breadcrumb":{"@id":"https:\/\/antderground.com\/en\/product\/alocasia-polly\/#breadcrumb"},"inLanguage":"en-US","potentialAction":[{"@type":"ReadAction","target":["https:\/\/antderground.com\/en\/product\/alocasia-polly\/"]}]},{"@type":"ImageObject","inLanguage":"en-US","@id":"https:\/\/antderground.com\/en\/product\/alocasia-polly\/#primaryimage","url":"https:\/\/antderground.com\/wp-content\/uploads\/2024\/10\/Alocasia-Polly.jpeg","contentUrl":"https:\/\/antderground.com\/wp-content\/uploads\/2024\/10\/Alocasia-Polly.jpeg","width":1417,"height":1417,"caption":"Alocasia Polly"},{"@type":"BreadcrumbList","@id":"https:\/\/antderground.com\/en\/product\/alocasia-polly\/#breadcrumb","itemListElement":[{"@type":"ListItem","position":1,"name":"Portada","item":"https:\/\/antderground.com\/en\/"},{"@type":"ListItem","position":2,"name":"Products","item":"https:\/\/antderground.com\/en\/myrmecology-store\/"},{"@type":"ListItem","position":3,"name":"Alocasia Polly"}]},{"@type":"WebSite","@id":"https:\/\/antderground.com\/en\/#website","url":"https:\/\/antderground.com\/en\/","name":"ANTDERGROUND","description":"Tu tienda de hormigas, gran variedad de hormigueros acr\u00edlicos,madera,arena,3D y mas.. Pide tus hormigas gratis con tu pedido, somos expertos en hormigueros antifugas.","publisher":{"@id":"https:\/\/antderground.com\/en\/#\/schema\/person\/0e322c505e84fe72c65e2f6d08f96b81"},"alternateName":"Antderground","potentialAction":[{"@type":"SearchAction","target":{"@type":"EntryPoint","urlTemplate":"https:\/\/antderground.com\/en\/?s={search_term_string}"},"query-input":{"@type":"PropertyValueSpecification","valueRequired":true,"valueName":"search_term_string"}}],"inLanguage":"en-US"},{"@type":["Person","Organization"],"@id":"https:\/\/antderground.com\/en\/#\/schema\/person\/0e322c505e84fe72c65e2f6d08f96b81","name":"Eric de Antderground","image":{"@type":"ImageObject","inLanguage":"en-US","@id":"https:\/\/secure.gravatar.com\/avatar\/c49a1b9f79216d1498cb73c1e85cd47f4465dda35f2a94c03790d491bd4423c3?s=96&d=mm&r=g","url":"https:\/\/secure.gravatar.com\/avatar\/c49a1b9f79216d1498cb73c1e85cd47f4465dda35f2a94c03790d491bd4423c3?s=96&d=mm&r=g","contentUrl":"https:\/\/secure.gravatar.com\/avatar\/c49a1b9f79216d1498cb73c1e85cd47f4465dda35f2a94c03790d491bd4423c3?s=96&d=mm&r=g","caption":"Eric de Antderground"},"logo":{"@id":"https:\/\/secure.gravatar.com\/avatar\/c49a1b9f79216d1498cb73c1e85cd47f4465dda35f2a94c03790d491bd4423c3?s=96&d=mm&r=g"},"description":"Eric es el especialista y fundador de Antderground, con una amplia trayectoria en artr\u00f3podos y enfocado en la mirmecolog\u00eda y el dise\u00f1o de hormigueros artificiales. Su enfoque combina la innovaci\u00f3n t\u00e9cnica con el respeto por la biolog\u00eda de las hormigas, is\u00f3podos y otros, desarrollando sistemas de nidos modulares 3D y acr\u00edlicos que son referentes para aficionados y profesionales en toda Europa. Su objetivo es facilitar la cr\u00eda de hormigas y otros artr\u00f3podos mediante soluciones seguras y divulgaci\u00f3n de calidad.","sameAs":["https:\/\/antderground.com\/","https:\/\/www.youtube.com\/channel\/UCio72z7TlbufkAthAJIJfPw"]}]}},"_links":{"self":[{"href":"https:\/\/antderground.com\/en\/wp-json\/wp\/v2\/product\/41201","targetHints":{"allow":["GET"]}}],"collection":[{"href":"https:\/\/antderground.com\/en\/wp-json\/wp\/v2\/product"}],"about":[{"href":"https:\/\/antderground.com\/en\/wp-json\/wp\/v2\/types\/product"}],"version-history":[{"count":0,"href":"https:\/\/antderground.com\/en\/wp-json\/wp\/v2\/product\/41201\/revisions"}],"wp:featuredmedia":[{"embeddable":true,"href":"https:\/\/antderground.com\/en\/wp-json\/wp\/v2\/media\/37549"}],"wp:attachment":[{"href":"https:\/\/antderground.com\/en\/wp-json\/wp\/v2\/media?parent=41201"}],"wp:term":[{"taxonomy":"product_brand","embeddable":true,"href":"https:\/\/antderground.com\/en\/wp-json\/wp\/v2\/product_brand?post=41201"},{"taxonomy":"product_cat","embeddable":true,"href":"https:\/\/antderground.com\/en\/wp-json\/wp\/v2\/product_cat?post=41201"},{"taxonomy":"product_tag","embeddable":true,"href":"https:\/\/antderground.com\/en\/wp-json\/wp\/v2\/product_tag?post=41201"}],"curies":[{"name":"wp","href":"https:\/\/api.w.org\/{rel}","templated":true}]}}