{"id":41346,"date":"2025-03-28T17:17:06","date_gmt":"2025-03-28T16:17:06","guid":{"rendered":"https:\/\/www.antderground.com\/producto\/porcellio-laevis-black\/"},"modified":"2025-03-28T17:17:06","modified_gmt":"2025-03-28T16:17:06","slug":"porcellio-laevis-black","status":"publish","type":"product","link":"https:\/\/antderground.com\/en\/product\/porcellio-laevis-black\/","title":{"rendered":"Porcellio laevis black"},"content":{"rendered":"<h4 class=\"\" data-start=\"18\" data-end=\"74\"><strong data-start=\"23\" data-end=\"72\">Technical Data Sheet &#8211; Porcellio laevis Black<\/strong><\/h4>\n<p class=\"\" data-start=\"75\" data-end=\"741\"><strong data-start=\"75\" data-end=\"90\">Common Name<\/strong>: Isopod <em data-start=\"99\" data-end=\"117\">Porcellio laevis<\/em> Black<br data-start=\"123\" data-end=\"126\" \/><strong data-start=\"126\" data-end=\"145\">Scientific Name<\/strong>: <em data-start=\"147\" data-end=\"165\">Porcellio laevis<\/em><br data-start=\"165\" data-end=\"168\" \/><strong data-start=\"168\" data-end=\"178\">Family<\/strong>: Armadillidiidae<br data-start=\"195\" data-end=\"198\" \/><strong data-start=\"198\" data-end=\"206\">Size<\/strong>: 2.5 to 3.5 cm long<br data-start=\"226\" data-end=\"229\" \/><strong data-start=\"229\" data-end=\"243\">Coloration<\/strong>: Glossy black, without markings or patterns, with a smooth and uniform surface.<br data-start=\"323\" data-end=\"326\" \/><strong data-start=\"326\" data-end=\"338\">Lifespan<\/strong>: 2 to 3 years<br data-start=\"352\" data-end=\"355\" \/><strong data-start=\"355\" data-end=\"366\">Habitat<\/strong>: Moist soil, leaf litter, and bark substrate, ideal for tropical terrariums.<br data-start=\"443\" data-end=\"446\" \/><strong data-start=\"446\" data-end=\"467\">Ideal Temperature<\/strong>: 18-22\u00b0C<br data-start=\"476\" data-end=\"479\" \/><strong data-start=\"479\" data-end=\"497\">Ideal Humidity<\/strong>: 60-80%<br data-start=\"505\" data-end=\"508\" \/><strong data-start=\"508\" data-end=\"516\">Diet<\/strong>: Omnivorous, feeding on decaying plant material (leaves, wood) and organic waste.<br data-start=\"598\" data-end=\"601\" \/><strong data-start=\"601\" data-end=\"617\">Reproduction<\/strong>: Ovoviviparous, with a gestation period of 3-4 weeks. The young are born fully developed and initially white.<br data-start=\"727\" data-end=\"730\" \/><strong data-start=\"730\" data-end=\"738\">Care<\/strong>:<\/p>\n<ul data-start=\"742\" data-end=\"1194\">\n<li class=\"\" data-start=\"742\" data-end=\"798\">\n<p class=\"\" data-start=\"744\" data-end=\"798\">Maintain a humid environment but avoid excess water.<\/p>\n<\/li>\n<li class=\"\" data-start=\"799\" data-end=\"875\">\n<p class=\"\" data-start=\"801\" data-end=\"875\">Provide a suitable substrate such as coconut fiber or well-aerated soil.<\/p>\n<\/li>\n<li class=\"\" data-start=\"876\" data-end=\"1002\">\n<p class=\"\" data-start=\"878\" data-end=\"1002\">Offer a varied diet, including dried leaves, fresh fruits, vegetables, and a calcium source.<br data-start=\"970\" data-end=\"973\" \/><strong data-start=\"973\" data-end=\"999\">Benefits in Terrariums<\/strong>:<\/p>\n<\/li>\n<li class=\"\" data-start=\"1003\" data-end=\"1067\">\n<p class=\"\" data-start=\"1005\" data-end=\"1067\">Helps decompose organic matter, keeping the substrate clean.<\/p>\n<\/li>\n<li class=\"\" data-start=\"1068\" data-end=\"1120\">\n<p class=\"\" data-start=\"1070\" data-end=\"1120\">Contributes to a healthy and balanced ecosystem.<\/p>\n<\/li>\n<li class=\"\" data-start=\"1121\" data-end=\"1194\">\n<p class=\"\" data-start=\"1123\" data-end=\"1194\">Peaceful species that coexists well with other terrarium inhabitants.<\/p>\n<\/li>\n<\/ul>\n","protected":false},"excerpt":{"rendered":"<p class=\"\" data-start=\"1239\" data-end=\"1479\">The <strong><em data-start=\"1243\" data-end=\"1261\">Porcellio laevis<\/em> Black<\/strong> is a fascinating isopod with a deep black color, perfect for terrariums. An excellent natural recycler that keeps your ecosystem in balance. Easy to care for, ideal for terrarium enthusiasts and nature lovers.<\/p>\n","protected":false},"featured_media":41312,"template":"","meta":[],"product_brand":[],"product_cat":[479,485,723],"product_tag":[],"class_list":{"0":"post-41346","1":"product","2":"type-product","3":"status-publish","4":"has-post-thumbnail","6":"product_cat-arthropods","7":"product_cat-isopods","8":"product_cat-porcellio","10":"first","11":"outofstock","12":"shipping-taxable","13":"purchasable","14":"product-type-variable"},"yoast_head":"<!-- This site is optimized with the Yoast SEO plugin v27.3 - https:\/\/yoast.com\/product\/yoast-seo-wordpress\/ -->\n<title>Porcellio laevis black | Isopod shop - ANTDERGROUND<\/title>\n<meta name=\"description\" content=\"Porcellio laevis Black, the ideal isopod for your terrarium \ud83e\udd97. Perfect for cleaning and balancing your ecosystem. Discover it now!\" \/>\n<meta name=\"robots\" content=\"index, follow, max-snippet:-1, max-image-preview:large, max-video-preview:-1\" \/>\n<link rel=\"canonical\" href=\"https:\/\/antderground.com\/en\/product\/porcellio-laevis-black\/\" \/>\n<meta property=\"og:locale\" content=\"en_US\" \/>\n<meta property=\"og:type\" content=\"article\" \/>\n<meta property=\"og:title\" content=\"Porcellio laevis black | Isopod shop - ANTDERGROUND\" \/>\n<meta property=\"og:description\" content=\"Porcellio laevis Black, the ideal isopod for your terrarium \ud83e\udd97. Perfect for cleaning and balancing your ecosystem. Discover it now!\" \/>\n<meta property=\"og:url\" content=\"https:\/\/antderground.com\/en\/product\/porcellio-laevis-black\/\" \/>\n<meta property=\"og:site_name\" content=\"ANTDERGROUND\" \/>\n<meta property=\"og:image\" content=\"https:\/\/antderground.com\/wp-content\/uploads\/2025\/03\/Porcellio-laevis-Black.jpeg\" \/>\n\t<meta property=\"og:image:width\" content=\"1600\" \/>\n\t<meta property=\"og:image:height\" content=\"1600\" \/>\n\t<meta property=\"og:image:type\" content=\"image\/jpeg\" \/>\n<meta name=\"twitter:card\" content=\"summary_large_image\" \/>\n<meta name=\"twitter:label1\" content=\"Est. reading time\" \/>\n\t<meta name=\"twitter:data1\" content=\"1 minute\" \/>\n<script type=\"application\/ld+json\" class=\"yoast-schema-graph\">{\"@context\":\"https:\\\/\\\/schema.org\",\"@graph\":[{\"@type\":\"WebPage\",\"@id\":\"https:\\\/\\\/antderground.com\\\/en\\\/product\\\/porcellio-laevis-black\\\/\",\"url\":\"https:\\\/\\\/antderground.com\\\/en\\\/product\\\/porcellio-laevis-black\\\/\",\"name\":\"Porcellio laevis black | Isopod shop - ANTDERGROUND\",\"isPartOf\":{\"@id\":\"https:\\\/\\\/antderground.com\\\/en\\\/#website\"},\"primaryImageOfPage\":{\"@id\":\"https:\\\/\\\/antderground.com\\\/en\\\/product\\\/porcellio-laevis-black\\\/#primaryimage\"},\"image\":{\"@id\":\"https:\\\/\\\/antderground.com\\\/en\\\/product\\\/porcellio-laevis-black\\\/#primaryimage\"},\"thumbnailUrl\":\"https:\\\/\\\/antderground.com\\\/wp-content\\\/uploads\\\/2025\\\/03\\\/Porcellio-laevis-Black.jpeg\",\"datePublished\":\"2025-03-28T16:17:06+00:00\",\"description\":\"Porcellio laevis Black, the ideal isopod for your terrarium \ud83e\udd97. Perfect for cleaning and balancing your ecosystem. Discover it now!\",\"breadcrumb\":{\"@id\":\"https:\\\/\\\/antderground.com\\\/en\\\/product\\\/porcellio-laevis-black\\\/#breadcrumb\"},\"inLanguage\":\"en-US\",\"potentialAction\":[{\"@type\":\"ReadAction\",\"target\":[\"https:\\\/\\\/antderground.com\\\/en\\\/product\\\/porcellio-laevis-black\\\/\"]}]},{\"@type\":\"ImageObject\",\"inLanguage\":\"en-US\",\"@id\":\"https:\\\/\\\/antderground.com\\\/en\\\/product\\\/porcellio-laevis-black\\\/#primaryimage\",\"url\":\"https:\\\/\\\/antderground.com\\\/wp-content\\\/uploads\\\/2025\\\/03\\\/Porcellio-laevis-Black.jpeg\",\"contentUrl\":\"https:\\\/\\\/antderground.com\\\/wp-content\\\/uploads\\\/2025\\\/03\\\/Porcellio-laevis-Black.jpeg\",\"width\":1600,\"height\":1600,\"caption\":\"Porcellio laevis Black\"},{\"@type\":\"BreadcrumbList\",\"@id\":\"https:\\\/\\\/antderground.com\\\/en\\\/product\\\/porcellio-laevis-black\\\/#breadcrumb\",\"itemListElement\":[{\"@type\":\"ListItem\",\"position\":1,\"name\":\"Portada\",\"item\":\"https:\\\/\\\/antderground.com\\\/en\\\/\"},{\"@type\":\"ListItem\",\"position\":2,\"name\":\"Products\",\"item\":\"https:\\\/\\\/antderground.com\\\/en\\\/myrmecology-store\\\/\"},{\"@type\":\"ListItem\",\"position\":3,\"name\":\"Porcellio laevis black\"}]},{\"@type\":\"WebSite\",\"@id\":\"https:\\\/\\\/antderground.com\\\/en\\\/#website\",\"url\":\"https:\\\/\\\/antderground.com\\\/en\\\/\",\"name\":\"ANTDERGROUND\",\"description\":\"Tu tienda de hormigas, gran variedad de hormigueros acr\u00edlicos,madera,arena,3D y mas.. Pide tus hormigas gratis con tu pedido, somos expertos en hormigueros antifugas.\",\"publisher\":{\"@id\":\"https:\\\/\\\/antderground.com\\\/en\\\/#\\\/schema\\\/person\\\/0e322c505e84fe72c65e2f6d08f96b81\"},\"alternateName\":\"Antderground\",\"potentialAction\":[{\"@type\":\"SearchAction\",\"target\":{\"@type\":\"EntryPoint\",\"urlTemplate\":\"https:\\\/\\\/antderground.com\\\/en\\\/?s={search_term_string}\"},\"query-input\":{\"@type\":\"PropertyValueSpecification\",\"valueRequired\":true,\"valueName\":\"search_term_string\"}}],\"inLanguage\":\"en-US\"},{\"@type\":[\"Person\",\"Organization\"],\"@id\":\"https:\\\/\\\/antderground.com\\\/en\\\/#\\\/schema\\\/person\\\/0e322c505e84fe72c65e2f6d08f96b81\",\"name\":\"Eric de Antderground\",\"image\":{\"@type\":\"ImageObject\",\"inLanguage\":\"en-US\",\"@id\":\"https:\\\/\\\/secure.gravatar.com\\\/avatar\\\/c49a1b9f79216d1498cb73c1e85cd47f4465dda35f2a94c03790d491bd4423c3?s=96&d=mm&r=g\",\"url\":\"https:\\\/\\\/secure.gravatar.com\\\/avatar\\\/c49a1b9f79216d1498cb73c1e85cd47f4465dda35f2a94c03790d491bd4423c3?s=96&d=mm&r=g\",\"contentUrl\":\"https:\\\/\\\/secure.gravatar.com\\\/avatar\\\/c49a1b9f79216d1498cb73c1e85cd47f4465dda35f2a94c03790d491bd4423c3?s=96&d=mm&r=g\",\"caption\":\"Eric de Antderground\"},\"logo\":{\"@id\":\"https:\\\/\\\/secure.gravatar.com\\\/avatar\\\/c49a1b9f79216d1498cb73c1e85cd47f4465dda35f2a94c03790d491bd4423c3?s=96&d=mm&r=g\"},\"description\":\"Eric es el especialista y fundador de Antderground, con una amplia trayectoria en artr\u00f3podos y enfocado en la mirmecolog\u00eda y el dise\u00f1o de hormigueros artificiales. Su enfoque combina la innovaci\u00f3n t\u00e9cnica con el respeto por la biolog\u00eda de las hormigas, is\u00f3podos y otros, desarrollando sistemas de nidos modulares 3D y acr\u00edlicos que son referentes para aficionados y profesionales en toda Europa. Su objetivo es facilitar la cr\u00eda de hormigas y otros artr\u00f3podos mediante soluciones seguras y divulgaci\u00f3n de calidad.\",\"sameAs\":[\"https:\\\/\\\/antderground.com\\\/\",\"https:\\\/\\\/www.youtube.com\\\/channel\\\/UCio72z7TlbufkAthAJIJfPw\"]}]}<\/script>\n<!-- \/ Yoast SEO plugin. -->","yoast_head_json":{"title":"Porcellio laevis black | Isopod shop - ANTDERGROUND","description":"Porcellio laevis Black, the ideal isopod for your terrarium \ud83e\udd97. Perfect for cleaning and balancing your ecosystem. Discover it now!","robots":{"index":"index","follow":"follow","max-snippet":"max-snippet:-1","max-image-preview":"max-image-preview:large","max-video-preview":"max-video-preview:-1"},"canonical":"https:\/\/antderground.com\/en\/product\/porcellio-laevis-black\/","og_locale":"en_US","og_type":"article","og_title":"Porcellio laevis black | Isopod shop - ANTDERGROUND","og_description":"Porcellio laevis Black, the ideal isopod for your terrarium \ud83e\udd97. Perfect for cleaning and balancing your ecosystem. Discover it now!","og_url":"https:\/\/antderground.com\/en\/product\/porcellio-laevis-black\/","og_site_name":"ANTDERGROUND","og_image":[{"width":1600,"height":1600,"url":"https:\/\/antderground.com\/wp-content\/uploads\/2025\/03\/Porcellio-laevis-Black.jpeg","type":"image\/jpeg"}],"twitter_card":"summary_large_image","twitter_misc":{"Est. reading time":"1 minute"},"schema":{"@context":"https:\/\/schema.org","@graph":[{"@type":"WebPage","@id":"https:\/\/antderground.com\/en\/product\/porcellio-laevis-black\/","url":"https:\/\/antderground.com\/en\/product\/porcellio-laevis-black\/","name":"Porcellio laevis black | Isopod shop - ANTDERGROUND","isPartOf":{"@id":"https:\/\/antderground.com\/en\/#website"},"primaryImageOfPage":{"@id":"https:\/\/antderground.com\/en\/product\/porcellio-laevis-black\/#primaryimage"},"image":{"@id":"https:\/\/antderground.com\/en\/product\/porcellio-laevis-black\/#primaryimage"},"thumbnailUrl":"https:\/\/antderground.com\/wp-content\/uploads\/2025\/03\/Porcellio-laevis-Black.jpeg","datePublished":"2025-03-28T16:17:06+00:00","description":"Porcellio laevis Black, the ideal isopod for your terrarium \ud83e\udd97. Perfect for cleaning and balancing your ecosystem. Discover it now!","breadcrumb":{"@id":"https:\/\/antderground.com\/en\/product\/porcellio-laevis-black\/#breadcrumb"},"inLanguage":"en-US","potentialAction":[{"@type":"ReadAction","target":["https:\/\/antderground.com\/en\/product\/porcellio-laevis-black\/"]}]},{"@type":"ImageObject","inLanguage":"en-US","@id":"https:\/\/antderground.com\/en\/product\/porcellio-laevis-black\/#primaryimage","url":"https:\/\/antderground.com\/wp-content\/uploads\/2025\/03\/Porcellio-laevis-Black.jpeg","contentUrl":"https:\/\/antderground.com\/wp-content\/uploads\/2025\/03\/Porcellio-laevis-Black.jpeg","width":1600,"height":1600,"caption":"Porcellio laevis Black"},{"@type":"BreadcrumbList","@id":"https:\/\/antderground.com\/en\/product\/porcellio-laevis-black\/#breadcrumb","itemListElement":[{"@type":"ListItem","position":1,"name":"Portada","item":"https:\/\/antderground.com\/en\/"},{"@type":"ListItem","position":2,"name":"Products","item":"https:\/\/antderground.com\/en\/myrmecology-store\/"},{"@type":"ListItem","position":3,"name":"Porcellio laevis black"}]},{"@type":"WebSite","@id":"https:\/\/antderground.com\/en\/#website","url":"https:\/\/antderground.com\/en\/","name":"ANTDERGROUND","description":"Tu tienda de hormigas, gran variedad de hormigueros acr\u00edlicos,madera,arena,3D y mas.. Pide tus hormigas gratis con tu pedido, somos expertos en hormigueros antifugas.","publisher":{"@id":"https:\/\/antderground.com\/en\/#\/schema\/person\/0e322c505e84fe72c65e2f6d08f96b81"},"alternateName":"Antderground","potentialAction":[{"@type":"SearchAction","target":{"@type":"EntryPoint","urlTemplate":"https:\/\/antderground.com\/en\/?s={search_term_string}"},"query-input":{"@type":"PropertyValueSpecification","valueRequired":true,"valueName":"search_term_string"}}],"inLanguage":"en-US"},{"@type":["Person","Organization"],"@id":"https:\/\/antderground.com\/en\/#\/schema\/person\/0e322c505e84fe72c65e2f6d08f96b81","name":"Eric de Antderground","image":{"@type":"ImageObject","inLanguage":"en-US","@id":"https:\/\/secure.gravatar.com\/avatar\/c49a1b9f79216d1498cb73c1e85cd47f4465dda35f2a94c03790d491bd4423c3?s=96&d=mm&r=g","url":"https:\/\/secure.gravatar.com\/avatar\/c49a1b9f79216d1498cb73c1e85cd47f4465dda35f2a94c03790d491bd4423c3?s=96&d=mm&r=g","contentUrl":"https:\/\/secure.gravatar.com\/avatar\/c49a1b9f79216d1498cb73c1e85cd47f4465dda35f2a94c03790d491bd4423c3?s=96&d=mm&r=g","caption":"Eric de Antderground"},"logo":{"@id":"https:\/\/secure.gravatar.com\/avatar\/c49a1b9f79216d1498cb73c1e85cd47f4465dda35f2a94c03790d491bd4423c3?s=96&d=mm&r=g"},"description":"Eric es el especialista y fundador de Antderground, con una amplia trayectoria en artr\u00f3podos y enfocado en la mirmecolog\u00eda y el dise\u00f1o de hormigueros artificiales. Su enfoque combina la innovaci\u00f3n t\u00e9cnica con el respeto por la biolog\u00eda de las hormigas, is\u00f3podos y otros, desarrollando sistemas de nidos modulares 3D y acr\u00edlicos que son referentes para aficionados y profesionales en toda Europa. Su objetivo es facilitar la cr\u00eda de hormigas y otros artr\u00f3podos mediante soluciones seguras y divulgaci\u00f3n de calidad.","sameAs":["https:\/\/antderground.com\/","https:\/\/www.youtube.com\/channel\/UCio72z7TlbufkAthAJIJfPw"]}]}},"_links":{"self":[{"href":"https:\/\/antderground.com\/en\/wp-json\/wp\/v2\/product\/41346","targetHints":{"allow":["GET"]}}],"collection":[{"href":"https:\/\/antderground.com\/en\/wp-json\/wp\/v2\/product"}],"about":[{"href":"https:\/\/antderground.com\/en\/wp-json\/wp\/v2\/types\/product"}],"version-history":[{"count":0,"href":"https:\/\/antderground.com\/en\/wp-json\/wp\/v2\/product\/41346\/revisions"}],"wp:featuredmedia":[{"embeddable":true,"href":"https:\/\/antderground.com\/en\/wp-json\/wp\/v2\/media\/41312"}],"wp:attachment":[{"href":"https:\/\/antderground.com\/en\/wp-json\/wp\/v2\/media?parent=41346"}],"wp:term":[{"taxonomy":"product_brand","embeddable":true,"href":"https:\/\/antderground.com\/en\/wp-json\/wp\/v2\/product_brand?post=41346"},{"taxonomy":"product_cat","embeddable":true,"href":"https:\/\/antderground.com\/en\/wp-json\/wp\/v2\/product_cat?post=41346"},{"taxonomy":"product_tag","embeddable":true,"href":"https:\/\/antderground.com\/en\/wp-json\/wp\/v2\/product_tag?post=41346"}],"curies":[{"name":"wp","href":"https:\/\/api.w.org\/{rel}","templated":true}]}}