{"id":41357,"date":"2025-03-28T15:41:05","date_gmt":"2025-03-28T14:41:05","guid":{"rendered":"https:\/\/www.antderground.com\/producto\/cubaris-panda-king-pink\/"},"modified":"2025-03-28T15:41:05","modified_gmt":"2025-03-28T14:41:05","slug":"cubaris-panda-king-pink","status":"publish","type":"product","link":"https:\/\/antderground.com\/en\/product\/cubaris-panda-king-pink\/","title":{"rendered":"Cubaris Panda King &#8220;Pink&#8221;"},"content":{"rendered":"<h4 class=\"\" data-start=\"76\" data-end=\"129\"><strong data-start=\"81\" data-end=\"127\">Technical Sheet: Cubaris Panda King &#8220;Pink&#8221;<\/strong><\/h4>\n<p class=\"\" data-start=\"130\" data-end=\"253\"><strong data-start=\"130\" data-end=\"150\">Scientific Name:<\/strong> Cubaris sp. &#8220;Panda King Pink&#8221;<br data-start=\"180\" data-end=\"183\" \/><strong data-start=\"183\" data-end=\"199\">Common Name:<\/strong> Panda King &#8220;Pink&#8221; Isopod<br data-start=\"224\" data-end=\"227\" \/><strong data-start=\"227\" data-end=\"238\">Family:<\/strong> Armadillidae<\/p>\n<p class=\"\" data-start=\"255\" data-end=\"574\"><strong data-start=\"255\" data-end=\"271\">Description:<\/strong><br data-start=\"271\" data-end=\"274\" \/>The Cubaris Panda King &#8220;Pink&#8221; is a color variation of the popular Panda King isopod. It stands out for its pink and white tones, making it a great choice for bioactive setups and collectors. It has a segmented body with a moderate ability to roll up for defense. Adult size ranges from 1.5 to 2 cm.<\/p>\n<p class=\"\" data-start=\"576\" data-end=\"717\"><strong data-start=\"576\" data-end=\"593\">Distribution:<\/strong><br data-start=\"593\" data-end=\"596\" \/>Native to tropical regions of Asia, it is usually found in humid environments with abundant decomposing organic matter.<\/p>\n<p class=\"\" data-start=\"719\" data-end=\"748\"><strong data-start=\"719\" data-end=\"746\">Temperature &amp; Humidity:<\/strong><\/p>\n<ul data-start=\"749\" data-end=\"812\">\n<li class=\"\" data-start=\"749\" data-end=\"779\">\n<p class=\"\" data-start=\"751\" data-end=\"779\">Ideal Temperature: 22-26\u00b0C<\/p>\n<\/li>\n<li class=\"\" data-start=\"780\" data-end=\"812\">\n<p class=\"\" data-start=\"782\" data-end=\"812\">Recommended Humidity: 75-85%<\/p>\n<\/li>\n<\/ul>\n<p class=\"\" data-start=\"814\" data-end=\"963\"><strong data-start=\"814\" data-end=\"823\">Diet:<\/strong><br data-start=\"823\" data-end=\"826\" \/>Omnivorous. It feeds on decomposing matter, dried leaves, decaying wood, calcium (cuttlefish bone), and occasional protein supplements.<\/p>\n<p class=\"\" data-start=\"965\" data-end=\"1094\"><strong data-start=\"965\" data-end=\"982\">Reproduction:<\/strong><br data-start=\"982\" data-end=\"985\" \/>Ovoviviparous. The young are fully developed at birth and remain in the female\u2019s marsupium before emerging.<\/p>\n<p class=\"\" data-start=\"1096\" data-end=\"1303\"><strong data-start=\"1096\" data-end=\"1136\">Compatibility with Bioactive Setups:<\/strong><br data-start=\"1136\" data-end=\"1139\" \/>Suitable for bioactive terrariums and paludariums with high humidity. It can coexist with amphibians and reptiles as long as they are not active isopod predators.<\/p>\n<p class=\"\" data-start=\"1305\" data-end=\"1498\"><strong data-start=\"1305\" data-end=\"1331\">Recommended Substrate:<\/strong><br data-start=\"1331\" data-end=\"1334\" \/>A mix of coconut fiber, sphagnum moss, dried leaves, and decaying wood. A well-draining substrate with both humid and dry areas is recommended for optimal health.<\/p>\n<p class=\"\" data-start=\"1500\" data-end=\"1512\"><strong data-start=\"1500\" data-end=\"1510\">Notes:<\/strong><\/p>\n<ul data-start=\"1513\" data-end=\"1728\">\n<li class=\"\" data-start=\"1513\" data-end=\"1583\">\n<p class=\"\" data-start=\"1515\" data-end=\"1583\">Sensitive to dehydration, requires a stable and humid environment.<\/p>\n<\/li>\n<li class=\"\" data-start=\"1584\" data-end=\"1652\">\n<p class=\"\" data-start=\"1586\" data-end=\"1652\">Prefers natural hiding spots such as cork bark and porous rocks.<\/p>\n<\/li>\n<li class=\"\" data-start=\"1653\" data-end=\"1728\">\n<p class=\"\" data-start=\"1655\" data-end=\"1728\">Its coloration may vary depending on diet and environmental conditions.<\/p>\n<\/li>\n<\/ul>\n<p class=\"\" data-start=\"1730\" data-end=\"1864\"><strong data-start=\"1730\" data-end=\"1752\">Use in Terrariums:<\/strong><br data-start=\"1752\" data-end=\"1755\" \/>Ideal for bioactive ecosystems, it helps decompose organic matter and contributes to substrate cleanliness.<\/p>\n","protected":false},"excerpt":{"rendered":"<p>The <strong data-start=\"1924\" data-end=\"1953\">Cubaris Panda King &#8220;Pink&#8221;<\/strong> is a unique isopod with striking pink and white colors. Perfect for bioactive terrariums, it keeps the substrate clean while adding a distinctive touch. Easy to care for, ideal for isopod enthusiasts and bioactive keepers.<\/p>\n","protected":false},"featured_media":41300,"template":"","meta":[],"product_brand":[],"product_cat":[479,485,717],"product_tag":[],"class_list":{"0":"post-41357","1":"product","2":"type-product","3":"status-publish","4":"has-post-thumbnail","6":"product_cat-arthropods","7":"product_cat-isopods","8":"product_cat-cubaris","10":"first","11":"outofstock","12":"shipping-taxable","13":"purchasable","14":"product-type-variable"},"yoast_head":"<!-- This site is optimized with the Yoast SEO plugin v27.3 - https:\/\/yoast.com\/product\/yoast-seo-wordpress\/ -->\n<title>Cubaris Panda King &quot;Pink&quot; | Exotic isopod - ANTDERGROUND<\/title>\n<meta name=\"description\" content=\"Buy Cubaris Panda King &quot;Pink&quot;, a unique isopod for bioactive terrariums. Easy to care for, with stunning pink and white tones.\" \/>\n<meta name=\"robots\" content=\"index, follow, max-snippet:-1, max-image-preview:large, max-video-preview:-1\" \/>\n<link rel=\"canonical\" href=\"https:\/\/antderground.com\/en\/product\/cubaris-panda-king-pink\/\" \/>\n<meta property=\"og:locale\" content=\"en_US\" \/>\n<meta property=\"og:type\" content=\"article\" \/>\n<meta property=\"og:title\" content=\"Cubaris Panda King &quot;Pink&quot; | Exotic isopod - ANTDERGROUND\" \/>\n<meta property=\"og:description\" content=\"Buy Cubaris Panda King &quot;Pink&quot;, a unique isopod for bioactive terrariums. Easy to care for, with stunning pink and white tones.\" \/>\n<meta property=\"og:url\" content=\"https:\/\/antderground.com\/en\/product\/cubaris-panda-king-pink\/\" \/>\n<meta property=\"og:site_name\" content=\"ANTDERGROUND\" \/>\n<meta property=\"og:image\" content=\"https:\/\/antderground.com\/wp-content\/uploads\/2025\/03\/Cubaris-Panda-King-22Pink22.jpeg\" \/>\n\t<meta property=\"og:image:width\" content=\"1600\" \/>\n\t<meta property=\"og:image:height\" content=\"1600\" \/>\n\t<meta property=\"og:image:type\" content=\"image\/jpeg\" \/>\n<meta name=\"twitter:card\" content=\"summary_large_image\" \/>\n<meta name=\"twitter:label1\" content=\"Est. reading time\" \/>\n\t<meta name=\"twitter:data1\" content=\"1 minute\" \/>\n<script type=\"application\/ld+json\" class=\"yoast-schema-graph\">{\"@context\":\"https:\\\/\\\/schema.org\",\"@graph\":[{\"@type\":\"WebPage\",\"@id\":\"https:\\\/\\\/antderground.com\\\/en\\\/product\\\/cubaris-panda-king-pink\\\/\",\"url\":\"https:\\\/\\\/antderground.com\\\/en\\\/product\\\/cubaris-panda-king-pink\\\/\",\"name\":\"Cubaris Panda King \\\"Pink\\\" | Exotic isopod - ANTDERGROUND\",\"isPartOf\":{\"@id\":\"https:\\\/\\\/antderground.com\\\/en\\\/#website\"},\"primaryImageOfPage\":{\"@id\":\"https:\\\/\\\/antderground.com\\\/en\\\/product\\\/cubaris-panda-king-pink\\\/#primaryimage\"},\"image\":{\"@id\":\"https:\\\/\\\/antderground.com\\\/en\\\/product\\\/cubaris-panda-king-pink\\\/#primaryimage\"},\"thumbnailUrl\":\"https:\\\/\\\/antderground.com\\\/wp-content\\\/uploads\\\/2025\\\/03\\\/Cubaris-Panda-King-22Pink22.jpeg\",\"datePublished\":\"2025-03-28T14:41:05+00:00\",\"description\":\"Buy Cubaris Panda King \\\"Pink\\\", a unique isopod for bioactive terrariums. Easy to care for, with stunning pink and white tones.\",\"breadcrumb\":{\"@id\":\"https:\\\/\\\/antderground.com\\\/en\\\/product\\\/cubaris-panda-king-pink\\\/#breadcrumb\"},\"inLanguage\":\"en-US\",\"potentialAction\":[{\"@type\":\"ReadAction\",\"target\":[\"https:\\\/\\\/antderground.com\\\/en\\\/product\\\/cubaris-panda-king-pink\\\/\"]}]},{\"@type\":\"ImageObject\",\"inLanguage\":\"en-US\",\"@id\":\"https:\\\/\\\/antderground.com\\\/en\\\/product\\\/cubaris-panda-king-pink\\\/#primaryimage\",\"url\":\"https:\\\/\\\/antderground.com\\\/wp-content\\\/uploads\\\/2025\\\/03\\\/Cubaris-Panda-King-22Pink22.jpeg\",\"contentUrl\":\"https:\\\/\\\/antderground.com\\\/wp-content\\\/uploads\\\/2025\\\/03\\\/Cubaris-Panda-King-22Pink22.jpeg\",\"width\":1600,\"height\":1600,\"caption\":\"Cubaris Panda King Pink\"},{\"@type\":\"BreadcrumbList\",\"@id\":\"https:\\\/\\\/antderground.com\\\/en\\\/product\\\/cubaris-panda-king-pink\\\/#breadcrumb\",\"itemListElement\":[{\"@type\":\"ListItem\",\"position\":1,\"name\":\"Portada\",\"item\":\"https:\\\/\\\/antderground.com\\\/en\\\/\"},{\"@type\":\"ListItem\",\"position\":2,\"name\":\"Products\",\"item\":\"https:\\\/\\\/antderground.com\\\/en\\\/myrmecology-store\\\/\"},{\"@type\":\"ListItem\",\"position\":3,\"name\":\"Cubaris Panda King &#8220;Pink&#8221;\"}]},{\"@type\":\"WebSite\",\"@id\":\"https:\\\/\\\/antderground.com\\\/en\\\/#website\",\"url\":\"https:\\\/\\\/antderground.com\\\/en\\\/\",\"name\":\"ANTDERGROUND\",\"description\":\"Tu tienda de hormigas, gran variedad de hormigueros acr\u00edlicos,madera,arena,3D y mas.. Pide tus hormigas gratis con tu pedido, somos expertos en hormigueros antifugas.\",\"publisher\":{\"@id\":\"https:\\\/\\\/antderground.com\\\/en\\\/#\\\/schema\\\/person\\\/0e322c505e84fe72c65e2f6d08f96b81\"},\"alternateName\":\"Antderground\",\"potentialAction\":[{\"@type\":\"SearchAction\",\"target\":{\"@type\":\"EntryPoint\",\"urlTemplate\":\"https:\\\/\\\/antderground.com\\\/en\\\/?s={search_term_string}\"},\"query-input\":{\"@type\":\"PropertyValueSpecification\",\"valueRequired\":true,\"valueName\":\"search_term_string\"}}],\"inLanguage\":\"en-US\"},{\"@type\":[\"Person\",\"Organization\"],\"@id\":\"https:\\\/\\\/antderground.com\\\/en\\\/#\\\/schema\\\/person\\\/0e322c505e84fe72c65e2f6d08f96b81\",\"name\":\"Eric de Antderground\",\"image\":{\"@type\":\"ImageObject\",\"inLanguage\":\"en-US\",\"@id\":\"https:\\\/\\\/secure.gravatar.com\\\/avatar\\\/c49a1b9f79216d1498cb73c1e85cd47f4465dda35f2a94c03790d491bd4423c3?s=96&d=mm&r=g\",\"url\":\"https:\\\/\\\/secure.gravatar.com\\\/avatar\\\/c49a1b9f79216d1498cb73c1e85cd47f4465dda35f2a94c03790d491bd4423c3?s=96&d=mm&r=g\",\"contentUrl\":\"https:\\\/\\\/secure.gravatar.com\\\/avatar\\\/c49a1b9f79216d1498cb73c1e85cd47f4465dda35f2a94c03790d491bd4423c3?s=96&d=mm&r=g\",\"caption\":\"Eric de Antderground\"},\"logo\":{\"@id\":\"https:\\\/\\\/secure.gravatar.com\\\/avatar\\\/c49a1b9f79216d1498cb73c1e85cd47f4465dda35f2a94c03790d491bd4423c3?s=96&d=mm&r=g\"},\"description\":\"Eric es el especialista y fundador de Antderground, con una amplia trayectoria en artr\u00f3podos y enfocado en la mirmecolog\u00eda y el dise\u00f1o de hormigueros artificiales. Su enfoque combina la innovaci\u00f3n t\u00e9cnica con el respeto por la biolog\u00eda de las hormigas, is\u00f3podos y otros, desarrollando sistemas de nidos modulares 3D y acr\u00edlicos que son referentes para aficionados y profesionales en toda Europa. Su objetivo es facilitar la cr\u00eda de hormigas y otros artr\u00f3podos mediante soluciones seguras y divulgaci\u00f3n de calidad.\",\"sameAs\":[\"https:\\\/\\\/antderground.com\\\/\",\"https:\\\/\\\/www.youtube.com\\\/channel\\\/UCio72z7TlbufkAthAJIJfPw\"]}]}<\/script>\n<!-- \/ Yoast SEO plugin. -->","yoast_head_json":{"title":"Cubaris Panda King \"Pink\" | Exotic isopod - ANTDERGROUND","description":"Buy Cubaris Panda King \"Pink\", a unique isopod for bioactive terrariums. Easy to care for, with stunning pink and white tones.","robots":{"index":"index","follow":"follow","max-snippet":"max-snippet:-1","max-image-preview":"max-image-preview:large","max-video-preview":"max-video-preview:-1"},"canonical":"https:\/\/antderground.com\/en\/product\/cubaris-panda-king-pink\/","og_locale":"en_US","og_type":"article","og_title":"Cubaris Panda King \"Pink\" | Exotic isopod - ANTDERGROUND","og_description":"Buy Cubaris Panda King \"Pink\", a unique isopod for bioactive terrariums. Easy to care for, with stunning pink and white tones.","og_url":"https:\/\/antderground.com\/en\/product\/cubaris-panda-king-pink\/","og_site_name":"ANTDERGROUND","og_image":[{"width":1600,"height":1600,"url":"https:\/\/antderground.com\/wp-content\/uploads\/2025\/03\/Cubaris-Panda-King-22Pink22.jpeg","type":"image\/jpeg"}],"twitter_card":"summary_large_image","twitter_misc":{"Est. reading time":"1 minute"},"schema":{"@context":"https:\/\/schema.org","@graph":[{"@type":"WebPage","@id":"https:\/\/antderground.com\/en\/product\/cubaris-panda-king-pink\/","url":"https:\/\/antderground.com\/en\/product\/cubaris-panda-king-pink\/","name":"Cubaris Panda King \"Pink\" | Exotic isopod - ANTDERGROUND","isPartOf":{"@id":"https:\/\/antderground.com\/en\/#website"},"primaryImageOfPage":{"@id":"https:\/\/antderground.com\/en\/product\/cubaris-panda-king-pink\/#primaryimage"},"image":{"@id":"https:\/\/antderground.com\/en\/product\/cubaris-panda-king-pink\/#primaryimage"},"thumbnailUrl":"https:\/\/antderground.com\/wp-content\/uploads\/2025\/03\/Cubaris-Panda-King-22Pink22.jpeg","datePublished":"2025-03-28T14:41:05+00:00","description":"Buy Cubaris Panda King \"Pink\", a unique isopod for bioactive terrariums. Easy to care for, with stunning pink and white tones.","breadcrumb":{"@id":"https:\/\/antderground.com\/en\/product\/cubaris-panda-king-pink\/#breadcrumb"},"inLanguage":"en-US","potentialAction":[{"@type":"ReadAction","target":["https:\/\/antderground.com\/en\/product\/cubaris-panda-king-pink\/"]}]},{"@type":"ImageObject","inLanguage":"en-US","@id":"https:\/\/antderground.com\/en\/product\/cubaris-panda-king-pink\/#primaryimage","url":"https:\/\/antderground.com\/wp-content\/uploads\/2025\/03\/Cubaris-Panda-King-22Pink22.jpeg","contentUrl":"https:\/\/antderground.com\/wp-content\/uploads\/2025\/03\/Cubaris-Panda-King-22Pink22.jpeg","width":1600,"height":1600,"caption":"Cubaris Panda King Pink"},{"@type":"BreadcrumbList","@id":"https:\/\/antderground.com\/en\/product\/cubaris-panda-king-pink\/#breadcrumb","itemListElement":[{"@type":"ListItem","position":1,"name":"Portada","item":"https:\/\/antderground.com\/en\/"},{"@type":"ListItem","position":2,"name":"Products","item":"https:\/\/antderground.com\/en\/myrmecology-store\/"},{"@type":"ListItem","position":3,"name":"Cubaris Panda King &#8220;Pink&#8221;"}]},{"@type":"WebSite","@id":"https:\/\/antderground.com\/en\/#website","url":"https:\/\/antderground.com\/en\/","name":"ANTDERGROUND","description":"Tu tienda de hormigas, gran variedad de hormigueros acr\u00edlicos,madera,arena,3D y mas.. Pide tus hormigas gratis con tu pedido, somos expertos en hormigueros antifugas.","publisher":{"@id":"https:\/\/antderground.com\/en\/#\/schema\/person\/0e322c505e84fe72c65e2f6d08f96b81"},"alternateName":"Antderground","potentialAction":[{"@type":"SearchAction","target":{"@type":"EntryPoint","urlTemplate":"https:\/\/antderground.com\/en\/?s={search_term_string}"},"query-input":{"@type":"PropertyValueSpecification","valueRequired":true,"valueName":"search_term_string"}}],"inLanguage":"en-US"},{"@type":["Person","Organization"],"@id":"https:\/\/antderground.com\/en\/#\/schema\/person\/0e322c505e84fe72c65e2f6d08f96b81","name":"Eric de Antderground","image":{"@type":"ImageObject","inLanguage":"en-US","@id":"https:\/\/secure.gravatar.com\/avatar\/c49a1b9f79216d1498cb73c1e85cd47f4465dda35f2a94c03790d491bd4423c3?s=96&d=mm&r=g","url":"https:\/\/secure.gravatar.com\/avatar\/c49a1b9f79216d1498cb73c1e85cd47f4465dda35f2a94c03790d491bd4423c3?s=96&d=mm&r=g","contentUrl":"https:\/\/secure.gravatar.com\/avatar\/c49a1b9f79216d1498cb73c1e85cd47f4465dda35f2a94c03790d491bd4423c3?s=96&d=mm&r=g","caption":"Eric de Antderground"},"logo":{"@id":"https:\/\/secure.gravatar.com\/avatar\/c49a1b9f79216d1498cb73c1e85cd47f4465dda35f2a94c03790d491bd4423c3?s=96&d=mm&r=g"},"description":"Eric es el especialista y fundador de Antderground, con una amplia trayectoria en artr\u00f3podos y enfocado en la mirmecolog\u00eda y el dise\u00f1o de hormigueros artificiales. Su enfoque combina la innovaci\u00f3n t\u00e9cnica con el respeto por la biolog\u00eda de las hormigas, is\u00f3podos y otros, desarrollando sistemas de nidos modulares 3D y acr\u00edlicos que son referentes para aficionados y profesionales en toda Europa. Su objetivo es facilitar la cr\u00eda de hormigas y otros artr\u00f3podos mediante soluciones seguras y divulgaci\u00f3n de calidad.","sameAs":["https:\/\/antderground.com\/","https:\/\/www.youtube.com\/channel\/UCio72z7TlbufkAthAJIJfPw"]}]}},"_links":{"self":[{"href":"https:\/\/antderground.com\/en\/wp-json\/wp\/v2\/product\/41357","targetHints":{"allow":["GET"]}}],"collection":[{"href":"https:\/\/antderground.com\/en\/wp-json\/wp\/v2\/product"}],"about":[{"href":"https:\/\/antderground.com\/en\/wp-json\/wp\/v2\/types\/product"}],"version-history":[{"count":0,"href":"https:\/\/antderground.com\/en\/wp-json\/wp\/v2\/product\/41357\/revisions"}],"wp:featuredmedia":[{"embeddable":true,"href":"https:\/\/antderground.com\/en\/wp-json\/wp\/v2\/media\/41300"}],"wp:attachment":[{"href":"https:\/\/antderground.com\/en\/wp-json\/wp\/v2\/media?parent=41357"}],"wp:term":[{"taxonomy":"product_brand","embeddable":true,"href":"https:\/\/antderground.com\/en\/wp-json\/wp\/v2\/product_brand?post=41357"},{"taxonomy":"product_cat","embeddable":true,"href":"https:\/\/antderground.com\/en\/wp-json\/wp\/v2\/product_cat?post=41357"},{"taxonomy":"product_tag","embeddable":true,"href":"https:\/\/antderground.com\/en\/wp-json\/wp\/v2\/product_tag?post=41357"}],"curies":[{"name":"wp","href":"https:\/\/api.w.org\/{rel}","templated":true}]}}