{"id":41495,"date":"2025-03-28T13:01:42","date_gmt":"2025-03-28T12:01:42","guid":{"rendered":"https:\/\/www.antderground.com\/producto\/armadillo-officinalis-dalmatian\/"},"modified":"2025-03-28T13:01:42","modified_gmt":"2025-03-28T12:01:42","slug":"armadillo-officinalis-dalmatian","status":"publish","type":"product","link":"https:\/\/antderground.com\/en\/product\/armadillo-officinalis-dalmatian\/","title":{"rendered":"Armadillo officinalis Dalmatian"},"content":{"rendered":"<p class=\"\" data-start=\"50\" data-end=\"331\"><strong data-start=\"50\" data-end=\"65\">Common Name<\/strong>: Dalmatian Isopod<br data-start=\"83\" data-end=\"86\" \/><strong data-start=\"86\" data-end=\"105\">Scientific Name<\/strong>: Armadillo officinalis Dalmatian<br data-start=\"138\" data-end=\"141\" \/><strong data-start=\"141\" data-end=\"151\">Family<\/strong>: Armadillidiidae<br data-start=\"168\" data-end=\"171\" \/><strong data-start=\"171\" data-end=\"181\">Origin<\/strong>: Europe<br data-start=\"189\" data-end=\"192\" \/><strong data-start=\"192\" data-end=\"200\">Size<\/strong>: 1.5 \u2013 2 cm in length<br data-start=\"222\" data-end=\"225\" \/><strong data-start=\"225\" data-end=\"234\">Color<\/strong>: Distinctive white and black spotted pattern, resembling a Dalmatian<br data-start=\"303\" data-end=\"306\" \/><strong data-start=\"306\" data-end=\"318\">Lifespan<\/strong>: 2-3 years<\/p>\n<h3 class=\"\" data-start=\"333\" data-end=\"358\"><strong data-start=\"337\" data-end=\"356\">Characteristics<\/strong><\/h3>\n<p class=\"\" data-start=\"359\" data-end=\"597\">The <strong data-start=\"363\" data-end=\"398\">Armadillo officinalis Dalmatian<\/strong> is a striking variety of isopod known for its ability to roll into a ball when threatened. Its unique spotted pattern makes it a visually appealing choice for terrariums and arthropod enthusiasts.<\/p>\n<h3 class=\"\" data-start=\"599\" data-end=\"625\"><strong data-start=\"603\" data-end=\"623\">Habitat and Care<\/strong><\/h3>\n<ul data-start=\"626\" data-end=\"1055\">\n<li class=\"\" data-start=\"626\" data-end=\"654\">\n<p class=\"\" data-start=\"628\" data-end=\"654\"><strong data-start=\"628\" data-end=\"643\">Temperature<\/strong>: 18-22\u00b0C<\/p>\n<\/li>\n<li class=\"\" data-start=\"655\" data-end=\"757\">\n<p class=\"\" data-start=\"657\" data-end=\"757\"><strong data-start=\"657\" data-end=\"669\">Humidity<\/strong>: 60-80%, maintaining a slightly moist environment without waterlogging the substrate.<\/p>\n<\/li>\n<li class=\"\" data-start=\"758\" data-end=\"861\">\n<p class=\"\" data-start=\"760\" data-end=\"861\"><strong data-start=\"760\" data-end=\"773\">Substrate<\/strong>: A mix of soil and dry leaves to retain moisture, with bark or logs for hiding spots.<\/p>\n<\/li>\n<li class=\"\" data-start=\"862\" data-end=\"1055\">\n<p class=\"\" data-start=\"864\" data-end=\"1055\"><strong data-start=\"864\" data-end=\"872\">Diet<\/strong>: Feeds mainly on decomposing organic matter such as dry leaves, rotting wood, and plant debris. Small amounts of fresh food like fruits and vegetables can be provided occasionally.<\/p>\n<\/li>\n<\/ul>\n<h3 class=\"\" data-start=\"1057\" data-end=\"1071\"><strong data-start=\"1061\" data-end=\"1069\">Uses<\/strong><\/h3>\n<p class=\"\" data-start=\"1072\" data-end=\"1314\">The <strong data-start=\"1076\" data-end=\"1111\">Armadillo officinalis Dalmatian<\/strong> is ideal for bioactive terrariums, helping decompose organic waste and keeping the environment clean. Its size and behavior make it a fascinating addition to invertebrate and small reptile enclosures.<\/p>\n<h3 class=\"\" data-start=\"1316\" data-end=\"1338\"><strong data-start=\"1320\" data-end=\"1336\">Reproduction<\/strong><\/h3>\n<p class=\"\" data-start=\"1339\" data-end=\"1530\">This species reproduces sexually, and females carry the eggs in a marsupium (incubation pouch). Juveniles hatch with the ability to roll into a ball, providing them with natural protection.<\/p>\n<h3 class=\"\" data-start=\"1532\" data-end=\"1558\"><strong data-start=\"1536\" data-end=\"1556\">Additional Notes<\/strong><\/h3>\n<ul data-start=\"1559\" data-end=\"1694\">\n<li class=\"\" data-start=\"1559\" data-end=\"1624\">\n<p class=\"\" data-start=\"1561\" data-end=\"1624\">Easy to care for and hardy, making it suitable for beginners.<\/p>\n<\/li>\n<li class=\"\" data-start=\"1625\" data-end=\"1694\">\n<p class=\"\" data-start=\"1627\" data-end=\"1694\">Non-toxic to other terrarium species and safe for larger animals.<\/p>\n<\/li>\n<\/ul>\n","protected":false},"excerpt":{"rendered":"<p class=\"\" data-start=\"1733\" data-end=\"1974\">The <strong data-start=\"1737\" data-end=\"1772\">Armadillo officinalis Dalmatian<\/strong> is a unique isopod with a white and black spotted pattern. Perfect for bioactive terrariums, it helps break down organic waste, keeping the habitat clean. Easy to care for and fascinating to observe.<\/p>\n","protected":false},"featured_media":41262,"template":"","meta":[],"product_brand":[],"product_cat":[479,485],"product_tag":[],"class_list":{"0":"post-41495","1":"product","2":"type-product","3":"status-publish","4":"has-post-thumbnail","6":"product_cat-arthropods","7":"product_cat-isopods","9":"first","10":"outofstock","11":"shipping-taxable","12":"purchasable","13":"product-type-variable"},"yoast_head":"<!-- This site is optimized with the Yoast SEO plugin v27.4 - https:\/\/yoast.com\/product\/yoast-seo-wordpress\/ -->\n<title>Armadillo officinalis Dalmatian | Everything for isopods - ANTDERGROUND<\/title>\n<meta name=\"description\" content=\"Dalmatian Isopod Armadillo officinalis with a unique spotted pattern. Perfect for bioactive terrariums \ud83c\udf3f. Easy to care for and fun to watch \ud83e\udeb2.\" \/>\n<meta name=\"robots\" content=\"index, follow, max-snippet:-1, max-image-preview:large, max-video-preview:-1\" \/>\n<link rel=\"canonical\" href=\"https:\/\/antderground.com\/en\/product\/armadillo-officinalis-dalmatian\/\" \/>\n<meta property=\"og:locale\" content=\"en_US\" \/>\n<meta property=\"og:type\" content=\"article\" \/>\n<meta property=\"og:title\" content=\"Armadillo officinalis Dalmatian | Everything for isopods - ANTDERGROUND\" \/>\n<meta property=\"og:description\" content=\"Dalmatian Isopod Armadillo officinalis with a unique spotted pattern. Perfect for bioactive terrariums \ud83c\udf3f. Easy to care for and fun to watch \ud83e\udeb2.\" \/>\n<meta property=\"og:url\" content=\"https:\/\/antderground.com\/en\/product\/armadillo-officinalis-dalmatian\/\" \/>\n<meta property=\"og:site_name\" content=\"ANTDERGROUND\" \/>\n<meta property=\"og:image\" content=\"https:\/\/antderground.com\/wp-content\/uploads\/2025\/03\/armadillo-officinalis-dalmatian.jpeg\" \/>\n\t<meta property=\"og:image:width\" content=\"1600\" \/>\n\t<meta property=\"og:image:height\" content=\"1600\" \/>\n\t<meta property=\"og:image:type\" content=\"image\/jpeg\" \/>\n<meta name=\"twitter:card\" content=\"summary_large_image\" \/>\n<meta name=\"twitter:label1\" content=\"Est. reading time\" \/>\n\t<meta name=\"twitter:data1\" content=\"1 minute\" \/>\n<script type=\"application\/ld+json\" class=\"yoast-schema-graph\">{\"@context\":\"https:\\\/\\\/schema.org\",\"@graph\":[{\"@type\":\"WebPage\",\"@id\":\"https:\\\/\\\/antderground.com\\\/en\\\/product\\\/armadillo-officinalis-dalmatian\\\/\",\"url\":\"https:\\\/\\\/antderground.com\\\/en\\\/product\\\/armadillo-officinalis-dalmatian\\\/\",\"name\":\"Armadillo officinalis Dalmatian | Everything for isopods - ANTDERGROUND\",\"isPartOf\":{\"@id\":\"https:\\\/\\\/antderground.com\\\/en\\\/#website\"},\"primaryImageOfPage\":{\"@id\":\"https:\\\/\\\/antderground.com\\\/en\\\/product\\\/armadillo-officinalis-dalmatian\\\/#primaryimage\"},\"image\":{\"@id\":\"https:\\\/\\\/antderground.com\\\/en\\\/product\\\/armadillo-officinalis-dalmatian\\\/#primaryimage\"},\"thumbnailUrl\":\"https:\\\/\\\/antderground.com\\\/wp-content\\\/uploads\\\/2025\\\/03\\\/armadillo-officinalis-dalmatian.jpeg\",\"datePublished\":\"2025-03-28T12:01:42+00:00\",\"description\":\"Dalmatian Isopod Armadillo officinalis with a unique spotted pattern. Perfect for bioactive terrariums \ud83c\udf3f. Easy to care for and fun to watch \ud83e\udeb2.\",\"breadcrumb\":{\"@id\":\"https:\\\/\\\/antderground.com\\\/en\\\/product\\\/armadillo-officinalis-dalmatian\\\/#breadcrumb\"},\"inLanguage\":\"en-US\",\"potentialAction\":[{\"@type\":\"ReadAction\",\"target\":[\"https:\\\/\\\/antderground.com\\\/en\\\/product\\\/armadillo-officinalis-dalmatian\\\/\"]}]},{\"@type\":\"ImageObject\",\"inLanguage\":\"en-US\",\"@id\":\"https:\\\/\\\/antderground.com\\\/en\\\/product\\\/armadillo-officinalis-dalmatian\\\/#primaryimage\",\"url\":\"https:\\\/\\\/antderground.com\\\/wp-content\\\/uploads\\\/2025\\\/03\\\/armadillo-officinalis-dalmatian.jpeg\",\"contentUrl\":\"https:\\\/\\\/antderground.com\\\/wp-content\\\/uploads\\\/2025\\\/03\\\/armadillo-officinalis-dalmatian.jpeg\",\"width\":1600,\"height\":1600,\"caption\":\"armadillo officinalis dalmatian\"},{\"@type\":\"BreadcrumbList\",\"@id\":\"https:\\\/\\\/antderground.com\\\/en\\\/product\\\/armadillo-officinalis-dalmatian\\\/#breadcrumb\",\"itemListElement\":[{\"@type\":\"ListItem\",\"position\":1,\"name\":\"Portada\",\"item\":\"https:\\\/\\\/antderground.com\\\/en\\\/\"},{\"@type\":\"ListItem\",\"position\":2,\"name\":\"Products\",\"item\":\"https:\\\/\\\/antderground.com\\\/en\\\/myrmecology-store\\\/\"},{\"@type\":\"ListItem\",\"position\":3,\"name\":\"Armadillo officinalis Dalmatian\"}]},{\"@type\":\"WebSite\",\"@id\":\"https:\\\/\\\/antderground.com\\\/en\\\/#website\",\"url\":\"https:\\\/\\\/antderground.com\\\/en\\\/\",\"name\":\"ANTDERGROUND\",\"description\":\"Tu tienda de hormigas, gran variedad de hormigueros acr\u00edlicos,madera,arena,3D y mas.. Pide tus hormigas gratis con tu pedido, somos expertos en hormigueros antifugas.\",\"publisher\":{\"@id\":\"https:\\\/\\\/antderground.com\\\/en\\\/#\\\/schema\\\/person\\\/0e322c505e84fe72c65e2f6d08f96b81\"},\"alternateName\":\"Antderground\",\"potentialAction\":[{\"@type\":\"SearchAction\",\"target\":{\"@type\":\"EntryPoint\",\"urlTemplate\":\"https:\\\/\\\/antderground.com\\\/en\\\/?s={search_term_string}\"},\"query-input\":{\"@type\":\"PropertyValueSpecification\",\"valueRequired\":true,\"valueName\":\"search_term_string\"}}],\"inLanguage\":\"en-US\"},{\"@type\":[\"Person\",\"Organization\"],\"@id\":\"https:\\\/\\\/antderground.com\\\/en\\\/#\\\/schema\\\/person\\\/0e322c505e84fe72c65e2f6d08f96b81\",\"name\":\"Eric de Antderground\",\"image\":{\"@type\":\"ImageObject\",\"inLanguage\":\"en-US\",\"@id\":\"https:\\\/\\\/secure.gravatar.com\\\/avatar\\\/c49a1b9f79216d1498cb73c1e85cd47f4465dda35f2a94c03790d491bd4423c3?s=96&d=mm&r=g\",\"url\":\"https:\\\/\\\/secure.gravatar.com\\\/avatar\\\/c49a1b9f79216d1498cb73c1e85cd47f4465dda35f2a94c03790d491bd4423c3?s=96&d=mm&r=g\",\"contentUrl\":\"https:\\\/\\\/secure.gravatar.com\\\/avatar\\\/c49a1b9f79216d1498cb73c1e85cd47f4465dda35f2a94c03790d491bd4423c3?s=96&d=mm&r=g\",\"caption\":\"Eric de Antderground\"},\"logo\":{\"@id\":\"https:\\\/\\\/secure.gravatar.com\\\/avatar\\\/c49a1b9f79216d1498cb73c1e85cd47f4465dda35f2a94c03790d491bd4423c3?s=96&d=mm&r=g\"},\"description\":\"Eric es el especialista y fundador de Antderground, con una amplia trayectoria en artr\u00f3podos y enfocado en la mirmecolog\u00eda y el dise\u00f1o de hormigueros artificiales. Su enfoque combina la innovaci\u00f3n t\u00e9cnica con el respeto por la biolog\u00eda de las hormigas, is\u00f3podos y otros, desarrollando sistemas de nidos modulares 3D y acr\u00edlicos que son referentes para aficionados y profesionales en toda Europa. Su objetivo es facilitar la cr\u00eda de hormigas y otros artr\u00f3podos mediante soluciones seguras y divulgaci\u00f3n de calidad.\",\"sameAs\":[\"https:\\\/\\\/antderground.com\\\/\",\"https:\\\/\\\/www.youtube.com\\\/channel\\\/UCio72z7TlbufkAthAJIJfPw\"]}]}<\/script>\n<!-- \/ Yoast SEO plugin. -->","yoast_head_json":{"title":"Armadillo officinalis Dalmatian | Everything for isopods - ANTDERGROUND","description":"Dalmatian Isopod Armadillo officinalis with a unique spotted pattern. Perfect for bioactive terrariums \ud83c\udf3f. Easy to care for and fun to watch \ud83e\udeb2.","robots":{"index":"index","follow":"follow","max-snippet":"max-snippet:-1","max-image-preview":"max-image-preview:large","max-video-preview":"max-video-preview:-1"},"canonical":"https:\/\/antderground.com\/en\/product\/armadillo-officinalis-dalmatian\/","og_locale":"en_US","og_type":"article","og_title":"Armadillo officinalis Dalmatian | Everything for isopods - ANTDERGROUND","og_description":"Dalmatian Isopod Armadillo officinalis with a unique spotted pattern. Perfect for bioactive terrariums \ud83c\udf3f. Easy to care for and fun to watch \ud83e\udeb2.","og_url":"https:\/\/antderground.com\/en\/product\/armadillo-officinalis-dalmatian\/","og_site_name":"ANTDERGROUND","og_image":[{"width":1600,"height":1600,"url":"https:\/\/antderground.com\/wp-content\/uploads\/2025\/03\/armadillo-officinalis-dalmatian.jpeg","type":"image\/jpeg"}],"twitter_card":"summary_large_image","twitter_misc":{"Est. reading time":"1 minute"},"schema":{"@context":"https:\/\/schema.org","@graph":[{"@type":"WebPage","@id":"https:\/\/antderground.com\/en\/product\/armadillo-officinalis-dalmatian\/","url":"https:\/\/antderground.com\/en\/product\/armadillo-officinalis-dalmatian\/","name":"Armadillo officinalis Dalmatian | Everything for isopods - ANTDERGROUND","isPartOf":{"@id":"https:\/\/antderground.com\/en\/#website"},"primaryImageOfPage":{"@id":"https:\/\/antderground.com\/en\/product\/armadillo-officinalis-dalmatian\/#primaryimage"},"image":{"@id":"https:\/\/antderground.com\/en\/product\/armadillo-officinalis-dalmatian\/#primaryimage"},"thumbnailUrl":"https:\/\/antderground.com\/wp-content\/uploads\/2025\/03\/armadillo-officinalis-dalmatian.jpeg","datePublished":"2025-03-28T12:01:42+00:00","description":"Dalmatian Isopod Armadillo officinalis with a unique spotted pattern. Perfect for bioactive terrariums \ud83c\udf3f. Easy to care for and fun to watch \ud83e\udeb2.","breadcrumb":{"@id":"https:\/\/antderground.com\/en\/product\/armadillo-officinalis-dalmatian\/#breadcrumb"},"inLanguage":"en-US","potentialAction":[{"@type":"ReadAction","target":["https:\/\/antderground.com\/en\/product\/armadillo-officinalis-dalmatian\/"]}]},{"@type":"ImageObject","inLanguage":"en-US","@id":"https:\/\/antderground.com\/en\/product\/armadillo-officinalis-dalmatian\/#primaryimage","url":"https:\/\/antderground.com\/wp-content\/uploads\/2025\/03\/armadillo-officinalis-dalmatian.jpeg","contentUrl":"https:\/\/antderground.com\/wp-content\/uploads\/2025\/03\/armadillo-officinalis-dalmatian.jpeg","width":1600,"height":1600,"caption":"armadillo officinalis dalmatian"},{"@type":"BreadcrumbList","@id":"https:\/\/antderground.com\/en\/product\/armadillo-officinalis-dalmatian\/#breadcrumb","itemListElement":[{"@type":"ListItem","position":1,"name":"Portada","item":"https:\/\/antderground.com\/en\/"},{"@type":"ListItem","position":2,"name":"Products","item":"https:\/\/antderground.com\/en\/myrmecology-store\/"},{"@type":"ListItem","position":3,"name":"Armadillo officinalis Dalmatian"}]},{"@type":"WebSite","@id":"https:\/\/antderground.com\/en\/#website","url":"https:\/\/antderground.com\/en\/","name":"ANTDERGROUND","description":"Tu tienda de hormigas, gran variedad de hormigueros acr\u00edlicos,madera,arena,3D y mas.. Pide tus hormigas gratis con tu pedido, somos expertos en hormigueros antifugas.","publisher":{"@id":"https:\/\/antderground.com\/en\/#\/schema\/person\/0e322c505e84fe72c65e2f6d08f96b81"},"alternateName":"Antderground","potentialAction":[{"@type":"SearchAction","target":{"@type":"EntryPoint","urlTemplate":"https:\/\/antderground.com\/en\/?s={search_term_string}"},"query-input":{"@type":"PropertyValueSpecification","valueRequired":true,"valueName":"search_term_string"}}],"inLanguage":"en-US"},{"@type":["Person","Organization"],"@id":"https:\/\/antderground.com\/en\/#\/schema\/person\/0e322c505e84fe72c65e2f6d08f96b81","name":"Eric de Antderground","image":{"@type":"ImageObject","inLanguage":"en-US","@id":"https:\/\/secure.gravatar.com\/avatar\/c49a1b9f79216d1498cb73c1e85cd47f4465dda35f2a94c03790d491bd4423c3?s=96&d=mm&r=g","url":"https:\/\/secure.gravatar.com\/avatar\/c49a1b9f79216d1498cb73c1e85cd47f4465dda35f2a94c03790d491bd4423c3?s=96&d=mm&r=g","contentUrl":"https:\/\/secure.gravatar.com\/avatar\/c49a1b9f79216d1498cb73c1e85cd47f4465dda35f2a94c03790d491bd4423c3?s=96&d=mm&r=g","caption":"Eric de Antderground"},"logo":{"@id":"https:\/\/secure.gravatar.com\/avatar\/c49a1b9f79216d1498cb73c1e85cd47f4465dda35f2a94c03790d491bd4423c3?s=96&d=mm&r=g"},"description":"Eric es el especialista y fundador de Antderground, con una amplia trayectoria en artr\u00f3podos y enfocado en la mirmecolog\u00eda y el dise\u00f1o de hormigueros artificiales. Su enfoque combina la innovaci\u00f3n t\u00e9cnica con el respeto por la biolog\u00eda de las hormigas, is\u00f3podos y otros, desarrollando sistemas de nidos modulares 3D y acr\u00edlicos que son referentes para aficionados y profesionales en toda Europa. Su objetivo es facilitar la cr\u00eda de hormigas y otros artr\u00f3podos mediante soluciones seguras y divulgaci\u00f3n de calidad.","sameAs":["https:\/\/antderground.com\/","https:\/\/www.youtube.com\/channel\/UCio72z7TlbufkAthAJIJfPw"]}]}},"_links":{"self":[{"href":"https:\/\/antderground.com\/en\/wp-json\/wp\/v2\/product\/41495","targetHints":{"allow":["GET"]}}],"collection":[{"href":"https:\/\/antderground.com\/en\/wp-json\/wp\/v2\/product"}],"about":[{"href":"https:\/\/antderground.com\/en\/wp-json\/wp\/v2\/types\/product"}],"version-history":[{"count":0,"href":"https:\/\/antderground.com\/en\/wp-json\/wp\/v2\/product\/41495\/revisions"}],"wp:featuredmedia":[{"embeddable":true,"href":"https:\/\/antderground.com\/en\/wp-json\/wp\/v2\/media\/41262"}],"wp:attachment":[{"href":"https:\/\/antderground.com\/en\/wp-json\/wp\/v2\/media?parent=41495"}],"wp:term":[{"taxonomy":"product_brand","embeddable":true,"href":"https:\/\/antderground.com\/en\/wp-json\/wp\/v2\/product_brand?post=41495"},{"taxonomy":"product_cat","embeddable":true,"href":"https:\/\/antderground.com\/en\/wp-json\/wp\/v2\/product_cat?post=41495"},{"taxonomy":"product_tag","embeddable":true,"href":"https:\/\/antderground.com\/en\/wp-json\/wp\/v2\/product_tag?post=41495"}],"curies":[{"name":"wp","href":"https:\/\/api.w.org\/{rel}","templated":true}]}}