{"id":41680,"date":"2025-04-07T13:25:55","date_gmt":"2025-04-07T11:25:55","guid":{"rendered":"https:\/\/www.antderground.com\/producto\/echeveria-setosa\/"},"modified":"2025-04-07T13:25:55","modified_gmt":"2025-04-07T11:25:55","slug":"echeveria-setosa","status":"publish","type":"product","link":"https:\/\/antderground.com\/en\/product\/echeveria-setosa\/","title":{"rendered":"Echeveria setosa"},"content":{"rendered":"<h3 class=\"\" data-start=\"143\" data-end=\"185\"><strong data-start=\"147\" data-end=\"185\">Technical Sheet \u2013 Echeveria setosa<\/strong><\/h3>\n<p class=\"\" data-start=\"187\" data-end=\"289\"><strong data-start=\"187\" data-end=\"202\">Common name<\/strong>: Echeveria setosa<br data-start=\"220\" data-end=\"223\" \/><strong data-start=\"223\" data-end=\"242\">Scientific name<\/strong>: <em data-start=\"244\" data-end=\"262\">Echeveria setosa<\/em><br data-start=\"262\" data-end=\"265\" \/><strong data-start=\"265\" data-end=\"275\">Family<\/strong>: Crassulaceae<\/p>\n<h4 class=\"\" data-start=\"291\" data-end=\"315\"><strong data-start=\"296\" data-end=\"315\">Characteristics<\/strong><\/h4>\n<ul data-start=\"316\" data-end=\"638\">\n<li class=\"\" data-start=\"316\" data-end=\"358\">\n<p class=\"\" data-start=\"318\" data-end=\"358\"><strong data-start=\"318\" data-end=\"335\">Type of plant<\/strong>: Perennial succulent<\/p>\n<\/li>\n<li class=\"\" data-start=\"359\" data-end=\"392\">\n<p class=\"\" data-start=\"361\" data-end=\"392\"><strong data-start=\"361\" data-end=\"369\">Size<\/strong>: Up to 15\u201320 cm tall<\/p>\n<\/li>\n<li class=\"\" data-start=\"393\" data-end=\"473\">\n<p class=\"\" data-start=\"395\" data-end=\"473\"><strong data-start=\"395\" data-end=\"404\">Shape<\/strong>: Rosette of thick, lance-shaped leaves with slightly toothed edges<\/p>\n<\/li>\n<li class=\"\" data-start=\"474\" data-end=\"583\">\n<p class=\"\" data-start=\"476\" data-end=\"583\"><strong data-start=\"476\" data-end=\"485\">Color<\/strong>: Gray-green leaves with pinkish tips, often covered with fine white hairs giving a velvety look<\/p>\n<\/li>\n<li class=\"\" data-start=\"584\" data-end=\"638\">\n<p class=\"\" data-start=\"586\" data-end=\"638\"><strong data-start=\"586\" data-end=\"597\">Flowers<\/strong>: Small orange to red flowers in clusters<\/p>\n<\/li>\n<\/ul>\n<h4 class=\"\" data-start=\"640\" data-end=\"653\"><strong data-start=\"645\" data-end=\"653\">Care<\/strong><\/h4>\n<ul data-start=\"654\" data-end=\"1093\">\n<li class=\"\" data-start=\"654\" data-end=\"754\">\n<p class=\"\" data-start=\"656\" data-end=\"754\"><strong data-start=\"656\" data-end=\"665\">Light<\/strong>: Needs plenty of bright light, preferably direct sunlight. Can tolerate indirect light<\/p>\n<\/li>\n<li class=\"\" data-start=\"755\" data-end=\"811\">\n<p class=\"\" data-start=\"757\" data-end=\"811\"><strong data-start=\"757\" data-end=\"772\">Temperature<\/strong>: Prefers 18\u201325\u00b0C. Not frost-tolerant<\/p>\n<\/li>\n<li class=\"\" data-start=\"812\" data-end=\"886\">\n<p class=\"\" data-start=\"814\" data-end=\"886\"><strong data-start=\"814\" data-end=\"826\">Watering<\/strong>: Moderate. Allow soil to dry completely between waterings<\/p>\n<\/li>\n<li class=\"\" data-start=\"887\" data-end=\"958\">\n<p class=\"\" data-start=\"889\" data-end=\"958\"><strong data-start=\"889\" data-end=\"902\">Substrate<\/strong>: Well-draining cactus or succulent mix with some sand<\/p>\n<\/li>\n<li class=\"\" data-start=\"959\" data-end=\"1042\">\n<p class=\"\" data-start=\"961\" data-end=\"1042\"><strong data-start=\"961\" data-end=\"975\">Fertilizer<\/strong>: Once a month during spring and summer with succulent fertilizer<\/p>\n<\/li>\n<li class=\"\" data-start=\"1043\" data-end=\"1093\">\n<p class=\"\" data-start=\"1045\" data-end=\"1093\"><strong data-start=\"1045\" data-end=\"1060\">Winter care<\/strong>: Reduce watering during dormancy<\/p>\n<\/li>\n<\/ul>\n<h4 class=\"\" data-start=\"1095\" data-end=\"1112\"><strong data-start=\"1100\" data-end=\"1112\">Benefits<\/strong><\/h4>\n<ul data-start=\"1113\" data-end=\"1230\">\n<li class=\"\" data-start=\"1113\" data-end=\"1185\">\n<p class=\"\" data-start=\"1115\" data-end=\"1185\"><strong data-start=\"1115\" data-end=\"1129\">Decoration<\/strong>: Great for rock gardens, bright interiors or terraces<\/p>\n<\/li>\n<li class=\"\" data-start=\"1186\" data-end=\"1230\">\n<p class=\"\" data-start=\"1188\" data-end=\"1230\"><strong data-start=\"1188\" data-end=\"1207\">Low maintenance<\/strong>: Perfect for beginners<\/p>\n<\/li>\n<\/ul>\n<h4 class=\"\" data-start=\"1232\" data-end=\"1246\"><strong data-start=\"1237\" data-end=\"1246\">Notes<\/strong><\/h4>\n<ul data-start=\"1247\" data-end=\"1371\">\n<li class=\"\" data-start=\"1247\" data-end=\"1317\">\n<p class=\"\" data-start=\"1249\" data-end=\"1317\"><strong data-start=\"1249\" data-end=\"1261\">Toxicity<\/strong>: Non-toxic to pets, but not recommended for ingestion<\/p>\n<\/li>\n<li class=\"\" data-start=\"1318\" data-end=\"1371\">\n<p class=\"\" data-start=\"1320\" data-end=\"1371\"><strong data-start=\"1320\" data-end=\"1335\">Propagation<\/strong>: Easily propagated by leaf cuttings<\/p>\n<\/li>\n<\/ul>\n","protected":false},"excerpt":{"rendered":"<p class=\"\" data-start=\"1414\" data-end=\"1573\">Bring a touch of nature home with <strong data-start=\"1448\" data-end=\"1468\">Echeveria setosa<\/strong>! \ud83c\udf35 Its fuzzy leaves and soft tones make it an easy-care succulent, perfect for bright indoor spaces. \ud83c\udf3f<\/p>\n<p><strong>Features:<\/strong><\/p>\n<ul>\n<li>Pot size: 5,5 cm.<\/li>\n<li>Indoor and outdoor.<\/li>\n<\/ul>\n","protected":false},"featured_media":41642,"template":"","meta":[],"product_brand":[],"product_cat":[635],"product_tag":[],"class_list":{"0":"post-41680","1":"product","2":"type-product","3":"status-publish","4":"has-post-thumbnail","6":"product_cat-natural-plants","8":"first","9":"outofstock","10":"shipping-taxable","11":"purchasable","12":"product-type-simple"},"yoast_head":"<!-- This site is optimized with the Yoast SEO plugin v27.4 - https:\/\/yoast.com\/product\/yoast-seo-wordpress\/ -->\n<title>Echeveria setosa | Succulent plants - ANTDERGROUND<\/title>\n<meta name=\"description\" content=\"Discover Echeveria setosa \ud83c\udf35 \u2013 an easy-care succulent ideal for decorating bright interiors. A perfect touch of nature for your home! \ud83c\udf3f\" \/>\n<meta name=\"robots\" content=\"index, follow, max-snippet:-1, max-image-preview:large, max-video-preview:-1\" \/>\n<link rel=\"canonical\" href=\"https:\/\/antderground.com\/en\/product\/echeveria-setosa\/\" \/>\n<meta property=\"og:locale\" content=\"en_US\" \/>\n<meta property=\"og:type\" content=\"article\" \/>\n<meta property=\"og:title\" content=\"Echeveria setosa | Succulent plants - ANTDERGROUND\" \/>\n<meta property=\"og:description\" content=\"Discover Echeveria setosa \ud83c\udf35 \u2013 an easy-care succulent ideal for decorating bright interiors. A perfect touch of nature for your home! \ud83c\udf3f\" \/>\n<meta property=\"og:url\" content=\"https:\/\/antderground.com\/en\/product\/echeveria-setosa\/\" \/>\n<meta property=\"og:site_name\" content=\"ANTDERGROUND\" \/>\n<meta property=\"og:image\" content=\"https:\/\/antderground.com\/wp-content\/uploads\/2025\/04\/Echeveria-setosa.jpeg\" \/>\n\t<meta property=\"og:image:width\" content=\"1600\" \/>\n\t<meta property=\"og:image:height\" content=\"1600\" \/>\n\t<meta property=\"og:image:type\" content=\"image\/jpeg\" \/>\n<meta name=\"twitter:card\" content=\"summary_large_image\" \/>\n<meta name=\"twitter:label1\" content=\"Est. reading time\" \/>\n\t<meta name=\"twitter:data1\" content=\"1 minute\" \/>\n<script type=\"application\/ld+json\" class=\"yoast-schema-graph\">{\"@context\":\"https:\\\/\\\/schema.org\",\"@graph\":[{\"@type\":\"WebPage\",\"@id\":\"https:\\\/\\\/antderground.com\\\/en\\\/product\\\/echeveria-setosa\\\/\",\"url\":\"https:\\\/\\\/antderground.com\\\/en\\\/product\\\/echeveria-setosa\\\/\",\"name\":\"Echeveria setosa | Succulent plants - ANTDERGROUND\",\"isPartOf\":{\"@id\":\"https:\\\/\\\/antderground.com\\\/en\\\/#website\"},\"primaryImageOfPage\":{\"@id\":\"https:\\\/\\\/antderground.com\\\/en\\\/product\\\/echeveria-setosa\\\/#primaryimage\"},\"image\":{\"@id\":\"https:\\\/\\\/antderground.com\\\/en\\\/product\\\/echeveria-setosa\\\/#primaryimage\"},\"thumbnailUrl\":\"https:\\\/\\\/antderground.com\\\/wp-content\\\/uploads\\\/2025\\\/04\\\/Echeveria-setosa.jpeg\",\"datePublished\":\"2025-04-07T11:25:55+00:00\",\"description\":\"Discover Echeveria setosa \ud83c\udf35 \u2013 an easy-care succulent ideal for decorating bright interiors. A perfect touch of nature for your home! \ud83c\udf3f\",\"breadcrumb\":{\"@id\":\"https:\\\/\\\/antderground.com\\\/en\\\/product\\\/echeveria-setosa\\\/#breadcrumb\"},\"inLanguage\":\"en-US\",\"potentialAction\":[{\"@type\":\"ReadAction\",\"target\":[\"https:\\\/\\\/antderground.com\\\/en\\\/product\\\/echeveria-setosa\\\/\"]}]},{\"@type\":\"ImageObject\",\"inLanguage\":\"en-US\",\"@id\":\"https:\\\/\\\/antderground.com\\\/en\\\/product\\\/echeveria-setosa\\\/#primaryimage\",\"url\":\"https:\\\/\\\/antderground.com\\\/wp-content\\\/uploads\\\/2025\\\/04\\\/Echeveria-setosa.jpeg\",\"contentUrl\":\"https:\\\/\\\/antderground.com\\\/wp-content\\\/uploads\\\/2025\\\/04\\\/Echeveria-setosa.jpeg\",\"width\":1600,\"height\":1600,\"caption\":\"Echeveria setosa\"},{\"@type\":\"BreadcrumbList\",\"@id\":\"https:\\\/\\\/antderground.com\\\/en\\\/product\\\/echeveria-setosa\\\/#breadcrumb\",\"itemListElement\":[{\"@type\":\"ListItem\",\"position\":1,\"name\":\"Portada\",\"item\":\"https:\\\/\\\/antderground.com\\\/en\\\/\"},{\"@type\":\"ListItem\",\"position\":2,\"name\":\"Products\",\"item\":\"https:\\\/\\\/antderground.com\\\/en\\\/myrmecology-store\\\/\"},{\"@type\":\"ListItem\",\"position\":3,\"name\":\"Echeveria setosa\"}]},{\"@type\":\"WebSite\",\"@id\":\"https:\\\/\\\/antderground.com\\\/en\\\/#website\",\"url\":\"https:\\\/\\\/antderground.com\\\/en\\\/\",\"name\":\"ANTDERGROUND\",\"description\":\"Tu tienda de hormigas, gran variedad de hormigueros acr\u00edlicos,madera,arena,3D y mas.. Pide tus hormigas gratis con tu pedido, somos expertos en hormigueros antifugas.\",\"publisher\":{\"@id\":\"https:\\\/\\\/antderground.com\\\/en\\\/#\\\/schema\\\/person\\\/0e322c505e84fe72c65e2f6d08f96b81\"},\"alternateName\":\"Antderground\",\"potentialAction\":[{\"@type\":\"SearchAction\",\"target\":{\"@type\":\"EntryPoint\",\"urlTemplate\":\"https:\\\/\\\/antderground.com\\\/en\\\/?s={search_term_string}\"},\"query-input\":{\"@type\":\"PropertyValueSpecification\",\"valueRequired\":true,\"valueName\":\"search_term_string\"}}],\"inLanguage\":\"en-US\"},{\"@type\":[\"Person\",\"Organization\"],\"@id\":\"https:\\\/\\\/antderground.com\\\/en\\\/#\\\/schema\\\/person\\\/0e322c505e84fe72c65e2f6d08f96b81\",\"name\":\"Eric de Antderground\",\"image\":{\"@type\":\"ImageObject\",\"inLanguage\":\"en-US\",\"@id\":\"https:\\\/\\\/secure.gravatar.com\\\/avatar\\\/c49a1b9f79216d1498cb73c1e85cd47f4465dda35f2a94c03790d491bd4423c3?s=96&d=mm&r=g\",\"url\":\"https:\\\/\\\/secure.gravatar.com\\\/avatar\\\/c49a1b9f79216d1498cb73c1e85cd47f4465dda35f2a94c03790d491bd4423c3?s=96&d=mm&r=g\",\"contentUrl\":\"https:\\\/\\\/secure.gravatar.com\\\/avatar\\\/c49a1b9f79216d1498cb73c1e85cd47f4465dda35f2a94c03790d491bd4423c3?s=96&d=mm&r=g\",\"caption\":\"Eric de Antderground\"},\"logo\":{\"@id\":\"https:\\\/\\\/secure.gravatar.com\\\/avatar\\\/c49a1b9f79216d1498cb73c1e85cd47f4465dda35f2a94c03790d491bd4423c3?s=96&d=mm&r=g\"},\"description\":\"Eric es el especialista y fundador de Antderground, con una amplia trayectoria en artr\u00f3podos y enfocado en la mirmecolog\u00eda y el dise\u00f1o de hormigueros artificiales. Su enfoque combina la innovaci\u00f3n t\u00e9cnica con el respeto por la biolog\u00eda de las hormigas, is\u00f3podos y otros, desarrollando sistemas de nidos modulares 3D y acr\u00edlicos que son referentes para aficionados y profesionales en toda Europa. Su objetivo es facilitar la cr\u00eda de hormigas y otros artr\u00f3podos mediante soluciones seguras y divulgaci\u00f3n de calidad.\",\"sameAs\":[\"https:\\\/\\\/antderground.com\\\/\",\"https:\\\/\\\/www.youtube.com\\\/channel\\\/UCio72z7TlbufkAthAJIJfPw\"]}]}<\/script>\n<!-- \/ Yoast SEO plugin. -->","yoast_head_json":{"title":"Echeveria setosa | Succulent plants - ANTDERGROUND","description":"Discover Echeveria setosa \ud83c\udf35 \u2013 an easy-care succulent ideal for decorating bright interiors. A perfect touch of nature for your home! \ud83c\udf3f","robots":{"index":"index","follow":"follow","max-snippet":"max-snippet:-1","max-image-preview":"max-image-preview:large","max-video-preview":"max-video-preview:-1"},"canonical":"https:\/\/antderground.com\/en\/product\/echeveria-setosa\/","og_locale":"en_US","og_type":"article","og_title":"Echeveria setosa | Succulent plants - ANTDERGROUND","og_description":"Discover Echeveria setosa \ud83c\udf35 \u2013 an easy-care succulent ideal for decorating bright interiors. A perfect touch of nature for your home! \ud83c\udf3f","og_url":"https:\/\/antderground.com\/en\/product\/echeveria-setosa\/","og_site_name":"ANTDERGROUND","og_image":[{"width":1600,"height":1600,"url":"https:\/\/antderground.com\/wp-content\/uploads\/2025\/04\/Echeveria-setosa.jpeg","type":"image\/jpeg"}],"twitter_card":"summary_large_image","twitter_misc":{"Est. reading time":"1 minute"},"schema":{"@context":"https:\/\/schema.org","@graph":[{"@type":"WebPage","@id":"https:\/\/antderground.com\/en\/product\/echeveria-setosa\/","url":"https:\/\/antderground.com\/en\/product\/echeveria-setosa\/","name":"Echeveria setosa | Succulent plants - ANTDERGROUND","isPartOf":{"@id":"https:\/\/antderground.com\/en\/#website"},"primaryImageOfPage":{"@id":"https:\/\/antderground.com\/en\/product\/echeveria-setosa\/#primaryimage"},"image":{"@id":"https:\/\/antderground.com\/en\/product\/echeveria-setosa\/#primaryimage"},"thumbnailUrl":"https:\/\/antderground.com\/wp-content\/uploads\/2025\/04\/Echeveria-setosa.jpeg","datePublished":"2025-04-07T11:25:55+00:00","description":"Discover Echeveria setosa \ud83c\udf35 \u2013 an easy-care succulent ideal for decorating bright interiors. A perfect touch of nature for your home! \ud83c\udf3f","breadcrumb":{"@id":"https:\/\/antderground.com\/en\/product\/echeveria-setosa\/#breadcrumb"},"inLanguage":"en-US","potentialAction":[{"@type":"ReadAction","target":["https:\/\/antderground.com\/en\/product\/echeveria-setosa\/"]}]},{"@type":"ImageObject","inLanguage":"en-US","@id":"https:\/\/antderground.com\/en\/product\/echeveria-setosa\/#primaryimage","url":"https:\/\/antderground.com\/wp-content\/uploads\/2025\/04\/Echeveria-setosa.jpeg","contentUrl":"https:\/\/antderground.com\/wp-content\/uploads\/2025\/04\/Echeveria-setosa.jpeg","width":1600,"height":1600,"caption":"Echeveria setosa"},{"@type":"BreadcrumbList","@id":"https:\/\/antderground.com\/en\/product\/echeveria-setosa\/#breadcrumb","itemListElement":[{"@type":"ListItem","position":1,"name":"Portada","item":"https:\/\/antderground.com\/en\/"},{"@type":"ListItem","position":2,"name":"Products","item":"https:\/\/antderground.com\/en\/myrmecology-store\/"},{"@type":"ListItem","position":3,"name":"Echeveria setosa"}]},{"@type":"WebSite","@id":"https:\/\/antderground.com\/en\/#website","url":"https:\/\/antderground.com\/en\/","name":"ANTDERGROUND","description":"Tu tienda de hormigas, gran variedad de hormigueros acr\u00edlicos,madera,arena,3D y mas.. Pide tus hormigas gratis con tu pedido, somos expertos en hormigueros antifugas.","publisher":{"@id":"https:\/\/antderground.com\/en\/#\/schema\/person\/0e322c505e84fe72c65e2f6d08f96b81"},"alternateName":"Antderground","potentialAction":[{"@type":"SearchAction","target":{"@type":"EntryPoint","urlTemplate":"https:\/\/antderground.com\/en\/?s={search_term_string}"},"query-input":{"@type":"PropertyValueSpecification","valueRequired":true,"valueName":"search_term_string"}}],"inLanguage":"en-US"},{"@type":["Person","Organization"],"@id":"https:\/\/antderground.com\/en\/#\/schema\/person\/0e322c505e84fe72c65e2f6d08f96b81","name":"Eric de Antderground","image":{"@type":"ImageObject","inLanguage":"en-US","@id":"https:\/\/secure.gravatar.com\/avatar\/c49a1b9f79216d1498cb73c1e85cd47f4465dda35f2a94c03790d491bd4423c3?s=96&d=mm&r=g","url":"https:\/\/secure.gravatar.com\/avatar\/c49a1b9f79216d1498cb73c1e85cd47f4465dda35f2a94c03790d491bd4423c3?s=96&d=mm&r=g","contentUrl":"https:\/\/secure.gravatar.com\/avatar\/c49a1b9f79216d1498cb73c1e85cd47f4465dda35f2a94c03790d491bd4423c3?s=96&d=mm&r=g","caption":"Eric de Antderground"},"logo":{"@id":"https:\/\/secure.gravatar.com\/avatar\/c49a1b9f79216d1498cb73c1e85cd47f4465dda35f2a94c03790d491bd4423c3?s=96&d=mm&r=g"},"description":"Eric es el especialista y fundador de Antderground, con una amplia trayectoria en artr\u00f3podos y enfocado en la mirmecolog\u00eda y el dise\u00f1o de hormigueros artificiales. Su enfoque combina la innovaci\u00f3n t\u00e9cnica con el respeto por la biolog\u00eda de las hormigas, is\u00f3podos y otros, desarrollando sistemas de nidos modulares 3D y acr\u00edlicos que son referentes para aficionados y profesionales en toda Europa. Su objetivo es facilitar la cr\u00eda de hormigas y otros artr\u00f3podos mediante soluciones seguras y divulgaci\u00f3n de calidad.","sameAs":["https:\/\/antderground.com\/","https:\/\/www.youtube.com\/channel\/UCio72z7TlbufkAthAJIJfPw"]}]}},"_links":{"self":[{"href":"https:\/\/antderground.com\/en\/wp-json\/wp\/v2\/product\/41680","targetHints":{"allow":["GET"]}}],"collection":[{"href":"https:\/\/antderground.com\/en\/wp-json\/wp\/v2\/product"}],"about":[{"href":"https:\/\/antderground.com\/en\/wp-json\/wp\/v2\/types\/product"}],"version-history":[{"count":0,"href":"https:\/\/antderground.com\/en\/wp-json\/wp\/v2\/product\/41680\/revisions"}],"wp:featuredmedia":[{"embeddable":true,"href":"https:\/\/antderground.com\/en\/wp-json\/wp\/v2\/media\/41642"}],"wp:attachment":[{"href":"https:\/\/antderground.com\/en\/wp-json\/wp\/v2\/media?parent=41680"}],"wp:term":[{"taxonomy":"product_brand","embeddable":true,"href":"https:\/\/antderground.com\/en\/wp-json\/wp\/v2\/product_brand?post=41680"},{"taxonomy":"product_cat","embeddable":true,"href":"https:\/\/antderground.com\/en\/wp-json\/wp\/v2\/product_cat?post=41680"},{"taxonomy":"product_tag","embeddable":true,"href":"https:\/\/antderground.com\/en\/wp-json\/wp\/v2\/product_tag?post=41680"}],"curies":[{"name":"wp","href":"https:\/\/api.w.org\/{rel}","templated":true}]}}