{"id":41729,"date":"2025-04-07T10:49:56","date_gmt":"2025-04-07T08:49:56","guid":{"rendered":"https:\/\/www.antderground.com\/producto\/echeveria-purpusorum\/"},"modified":"2025-04-07T10:49:56","modified_gmt":"2025-04-07T08:49:56","slug":"echeveria-purpusorum","status":"publish","type":"product","link":"https:\/\/antderground.com\/en\/product\/echeveria-purpusorum\/","title":{"rendered":"Echeveria purpusorum"},"content":{"rendered":"<h3 class=\"\" data-start=\"86\" data-end=\"133\">\ud83c\udf3f Technical Sheet \u2013 <em data-start=\"111\" data-end=\"133\">Echeveria purpusorum<\/em><\/h3>\n<p class=\"\" data-start=\"135\" data-end=\"282\"><strong data-start=\"135\" data-end=\"151\">Common name:<\/strong> Echeveria<br data-start=\"161\" data-end=\"164\" \/><strong data-start=\"164\" data-end=\"184\">Scientific name:<\/strong> <em data-start=\"185\" data-end=\"207\">Echeveria purpusorum<\/em><br data-start=\"207\" data-end=\"210\" \/><strong data-start=\"210\" data-end=\"221\">Family:<\/strong> Crassulaceae<br data-start=\"234\" data-end=\"237\" \/><strong data-start=\"237\" data-end=\"248\">Origin:<\/strong> Mexico (mainly Oaxaca and Puebla)<\/p>\n<h3 class=\"\" data-start=\"289\" data-end=\"302\">\ud83d\udccf Size<\/h3>\n<ul data-start=\"303\" data-end=\"376\">\n<li class=\"\" data-start=\"303\" data-end=\"330\">\n<p class=\"\" data-start=\"305\" data-end=\"330\"><strong data-start=\"305\" data-end=\"316\">Height:<\/strong> Up to 15 cm<\/p>\n<\/li>\n<li class=\"\" data-start=\"331\" data-end=\"357\">\n<p class=\"\" data-start=\"333\" data-end=\"357\"><strong data-start=\"333\" data-end=\"343\">Width:<\/strong> Up to 15 cm<\/p>\n<\/li>\n<li class=\"\" data-start=\"358\" data-end=\"376\">\n<p class=\"\" data-start=\"360\" data-end=\"376\"><strong data-start=\"360\" data-end=\"371\">Growth:<\/strong> Slow<\/p>\n<\/li>\n<\/ul>\n<h3 class=\"\" data-start=\"383\" data-end=\"397\">\ud83c\udf1e Light<\/h3>\n<ul data-start=\"398\" data-end=\"531\">\n<li class=\"\" data-start=\"398\" data-end=\"435\">\n<p class=\"\" data-start=\"400\" data-end=\"435\">Needs <strong data-start=\"406\" data-end=\"432\">bright, indirect light<\/strong>.<\/p>\n<\/li>\n<li class=\"\" data-start=\"436\" data-end=\"531\">\n<p class=\"\" data-start=\"438\" data-end=\"531\">Can tolerate some direct morning sun, but protect from harsh midday sunlight if unacclimated.<\/p>\n<\/li>\n<\/ul>\n<h3 class=\"\" data-start=\"538\" data-end=\"559\">\ud83c\udf21\ufe0f Temperature<\/h3>\n<ul data-start=\"560\" data-end=\"659\">\n<li class=\"\" data-start=\"560\" data-end=\"593\">\n<p class=\"\" data-start=\"562\" data-end=\"593\">Ideal range: <strong data-start=\"575\" data-end=\"591\">15\u00b0C to 27\u00b0C<\/strong><\/p>\n<\/li>\n<li class=\"\" data-start=\"594\" data-end=\"631\">\n<p class=\"\" data-start=\"596\" data-end=\"631\">Not frost-tolerant (minimum 5\u00b0C).<\/p>\n<\/li>\n<li class=\"\" data-start=\"632\" data-end=\"659\">\n<p class=\"\" data-start=\"634\" data-end=\"659\">Keep protected from cold.<\/p>\n<\/li>\n<\/ul>\n<h3 class=\"\" data-start=\"666\" data-end=\"683\">\ud83d\udca7 Watering<\/h3>\n<ul data-start=\"684\" data-end=\"831\">\n<li class=\"\" data-start=\"684\" data-end=\"762\">\n<p class=\"\" data-start=\"686\" data-end=\"762\"><strong data-start=\"686\" data-end=\"698\">Moderate<\/strong> watering: allow soil to dry out completely between waterings.<\/p>\n<\/li>\n<li class=\"\" data-start=\"763\" data-end=\"794\">\n<p class=\"\" data-start=\"765\" data-end=\"794\">In winter, water sparingly.<\/p>\n<\/li>\n<li class=\"\" data-start=\"795\" data-end=\"831\">\n<p class=\"\" data-start=\"797\" data-end=\"831\">Avoid overwatering to prevent rot.<\/p>\n<\/li>\n<\/ul>\n<h3 class=\"\" data-start=\"838\" data-end=\"851\">\ud83e\udeb4 Soil<\/h3>\n<ul data-start=\"852\" data-end=\"966\">\n<li class=\"\" data-start=\"852\" data-end=\"908\">\n<p class=\"\" data-start=\"854\" data-end=\"908\">Well-draining, <strong data-start=\"869\" data-end=\"893\">cactus\/succulent mix<\/strong> recommended.<\/p>\n<\/li>\n<li class=\"\" data-start=\"909\" data-end=\"966\">\n<p class=\"\" data-start=\"911\" data-end=\"966\">Ideal mix: potting soil + perlite\/pumice + coarse sand.<\/p>\n<\/li>\n<\/ul>\n<h3 class=\"\" data-start=\"973\" data-end=\"993\">\ud83c\udf31 Propagation<\/h3>\n<ul data-start=\"994\" data-end=\"1117\">\n<li class=\"\" data-start=\"994\" data-end=\"1069\">\n<p class=\"\" data-start=\"996\" data-end=\"1069\">Mostly by <strong data-start=\"1006\" data-end=\"1017\">offsets<\/strong>, also possible by <strong data-start=\"1036\" data-end=\"1053\">leaf cuttings<\/strong> or <strong data-start=\"1057\" data-end=\"1066\">seeds<\/strong>.<\/p>\n<\/li>\n<li class=\"\" data-start=\"1070\" data-end=\"1117\">\n<p class=\"\" data-start=\"1072\" data-end=\"1117\">Separate pups when they have their own roots.<\/p>\n<\/li>\n<\/ul>\n<h3 class=\"\" data-start=\"1124\" data-end=\"1142\">\ud83d\udc3e Non-toxic<\/h3>\n<ul data-start=\"1143\" data-end=\"1196\">\n<li class=\"\" data-start=\"1143\" data-end=\"1196\">\n<p class=\"\" data-start=\"1145\" data-end=\"1196\"><strong data-start=\"1145\" data-end=\"1158\">Non-toxic<\/strong> to pets, but not meant for ingestion.<\/p>\n<\/li>\n<\/ul>\n<h3 class=\"\" data-start=\"1203\" data-end=\"1217\">\ud83d\udee0\ufe0f Uses<\/h3>\n<ul data-start=\"1218\" data-end=\"1344\">\n<li class=\"\" data-start=\"1218\" data-end=\"1272\">\n<p class=\"\" data-start=\"1220\" data-end=\"1272\">Perfect for pots, dry terrariums, or rock gardens.<\/p>\n<\/li>\n<li class=\"\" data-start=\"1273\" data-end=\"1344\">\n<p class=\"\" data-start=\"1275\" data-end=\"1344\">Highly appreciated for its unique patterns and compact rosette shape.<\/p>\n<\/li>\n<\/ul>\n","protected":false},"excerpt":{"rendered":"<p>Echeveria purpusorum is a small, beautiful succulent with reddish-green patterned leaves. Super easy to care for \ud83c\udf35 A perfect touch of nature for your home, whether you&#8217;re a beginner or a succulent lover.<\/p>\n<p><strong>Features:<\/strong><\/p>\n<ul>\n<li>Pot size: 5,5 cm.<\/li>\n<li>Indoor.<\/li>\n<\/ul>\n","protected":false},"featured_media":41594,"template":"","meta":[],"product_brand":[],"product_cat":[635],"product_tag":[],"class_list":{"0":"post-41729","1":"product","2":"type-product","3":"status-publish","4":"has-post-thumbnail","6":"product_cat-natural-plants","8":"first","9":"outofstock","10":"shipping-taxable","11":"purchasable","12":"product-type-simple"},"yoast_head":"<!-- This site is optimized with the Yoast SEO plugin v27.4 - https:\/\/yoast.com\/product\/yoast-seo-wordpress\/ -->\n<title>Echeveria purpusorum | Easy care plants - ANTDERGROUND<\/title>\n<meta name=\"description\" content=\"Echeveria purpusorum \ud83c\udf35 compact succulent with green and reddish tones. Easy to care for and perfect to brighten up any space.\" \/>\n<meta name=\"robots\" content=\"index, follow, max-snippet:-1, max-image-preview:large, max-video-preview:-1\" \/>\n<link rel=\"canonical\" href=\"https:\/\/antderground.com\/en\/product\/echeveria-purpusorum\/\" \/>\n<meta property=\"og:locale\" content=\"en_US\" \/>\n<meta property=\"og:type\" content=\"article\" \/>\n<meta property=\"og:title\" content=\"Echeveria purpusorum | Easy care plants - ANTDERGROUND\" \/>\n<meta property=\"og:description\" content=\"Echeveria purpusorum \ud83c\udf35 compact succulent with green and reddish tones. Easy to care for and perfect to brighten up any space.\" \/>\n<meta property=\"og:url\" content=\"https:\/\/antderground.com\/en\/product\/echeveria-purpusorum\/\" \/>\n<meta property=\"og:site_name\" content=\"ANTDERGROUND\" \/>\n<meta property=\"og:image\" content=\"https:\/\/antderground.com\/wp-content\/uploads\/2025\/04\/Echeveria-purpusorum.jpeg\" \/>\n\t<meta property=\"og:image:width\" content=\"1600\" \/>\n\t<meta property=\"og:image:height\" content=\"1600\" \/>\n\t<meta property=\"og:image:type\" content=\"image\/jpeg\" \/>\n<meta name=\"twitter:card\" content=\"summary_large_image\" \/>\n<meta name=\"twitter:label1\" content=\"Est. reading time\" \/>\n\t<meta name=\"twitter:data1\" content=\"1 minute\" \/>\n<script type=\"application\/ld+json\" class=\"yoast-schema-graph\">{\"@context\":\"https:\\\/\\\/schema.org\",\"@graph\":[{\"@type\":\"WebPage\",\"@id\":\"https:\\\/\\\/antderground.com\\\/en\\\/product\\\/echeveria-purpusorum\\\/\",\"url\":\"https:\\\/\\\/antderground.com\\\/en\\\/product\\\/echeveria-purpusorum\\\/\",\"name\":\"Echeveria purpusorum | Easy care plants - ANTDERGROUND\",\"isPartOf\":{\"@id\":\"https:\\\/\\\/antderground.com\\\/en\\\/#website\"},\"primaryImageOfPage\":{\"@id\":\"https:\\\/\\\/antderground.com\\\/en\\\/product\\\/echeveria-purpusorum\\\/#primaryimage\"},\"image\":{\"@id\":\"https:\\\/\\\/antderground.com\\\/en\\\/product\\\/echeveria-purpusorum\\\/#primaryimage\"},\"thumbnailUrl\":\"https:\\\/\\\/antderground.com\\\/wp-content\\\/uploads\\\/2025\\\/04\\\/Echeveria-purpusorum.jpeg\",\"datePublished\":\"2025-04-07T08:49:56+00:00\",\"description\":\"Echeveria purpusorum \ud83c\udf35 compact succulent with green and reddish tones. Easy to care for and perfect to brighten up any space.\",\"breadcrumb\":{\"@id\":\"https:\\\/\\\/antderground.com\\\/en\\\/product\\\/echeveria-purpusorum\\\/#breadcrumb\"},\"inLanguage\":\"en-US\",\"potentialAction\":[{\"@type\":\"ReadAction\",\"target\":[\"https:\\\/\\\/antderground.com\\\/en\\\/product\\\/echeveria-purpusorum\\\/\"]}]},{\"@type\":\"ImageObject\",\"inLanguage\":\"en-US\",\"@id\":\"https:\\\/\\\/antderground.com\\\/en\\\/product\\\/echeveria-purpusorum\\\/#primaryimage\",\"url\":\"https:\\\/\\\/antderground.com\\\/wp-content\\\/uploads\\\/2025\\\/04\\\/Echeveria-purpusorum.jpeg\",\"contentUrl\":\"https:\\\/\\\/antderground.com\\\/wp-content\\\/uploads\\\/2025\\\/04\\\/Echeveria-purpusorum.jpeg\",\"width\":1600,\"height\":1600,\"caption\":\"Echeveria purpusorum\"},{\"@type\":\"BreadcrumbList\",\"@id\":\"https:\\\/\\\/antderground.com\\\/en\\\/product\\\/echeveria-purpusorum\\\/#breadcrumb\",\"itemListElement\":[{\"@type\":\"ListItem\",\"position\":1,\"name\":\"Portada\",\"item\":\"https:\\\/\\\/antderground.com\\\/en\\\/\"},{\"@type\":\"ListItem\",\"position\":2,\"name\":\"Products\",\"item\":\"https:\\\/\\\/antderground.com\\\/en\\\/myrmecology-store\\\/\"},{\"@type\":\"ListItem\",\"position\":3,\"name\":\"Echeveria purpusorum\"}]},{\"@type\":\"WebSite\",\"@id\":\"https:\\\/\\\/antderground.com\\\/en\\\/#website\",\"url\":\"https:\\\/\\\/antderground.com\\\/en\\\/\",\"name\":\"ANTDERGROUND\",\"description\":\"Tu tienda de hormigas, gran variedad de hormigueros acr\u00edlicos,madera,arena,3D y mas.. Pide tus hormigas gratis con tu pedido, somos expertos en hormigueros antifugas.\",\"publisher\":{\"@id\":\"https:\\\/\\\/antderground.com\\\/en\\\/#\\\/schema\\\/person\\\/0e322c505e84fe72c65e2f6d08f96b81\"},\"alternateName\":\"Antderground\",\"potentialAction\":[{\"@type\":\"SearchAction\",\"target\":{\"@type\":\"EntryPoint\",\"urlTemplate\":\"https:\\\/\\\/antderground.com\\\/en\\\/?s={search_term_string}\"},\"query-input\":{\"@type\":\"PropertyValueSpecification\",\"valueRequired\":true,\"valueName\":\"search_term_string\"}}],\"inLanguage\":\"en-US\"},{\"@type\":[\"Person\",\"Organization\"],\"@id\":\"https:\\\/\\\/antderground.com\\\/en\\\/#\\\/schema\\\/person\\\/0e322c505e84fe72c65e2f6d08f96b81\",\"name\":\"Eric de Antderground\",\"image\":{\"@type\":\"ImageObject\",\"inLanguage\":\"en-US\",\"@id\":\"https:\\\/\\\/secure.gravatar.com\\\/avatar\\\/c49a1b9f79216d1498cb73c1e85cd47f4465dda35f2a94c03790d491bd4423c3?s=96&d=mm&r=g\",\"url\":\"https:\\\/\\\/secure.gravatar.com\\\/avatar\\\/c49a1b9f79216d1498cb73c1e85cd47f4465dda35f2a94c03790d491bd4423c3?s=96&d=mm&r=g\",\"contentUrl\":\"https:\\\/\\\/secure.gravatar.com\\\/avatar\\\/c49a1b9f79216d1498cb73c1e85cd47f4465dda35f2a94c03790d491bd4423c3?s=96&d=mm&r=g\",\"caption\":\"Eric de Antderground\"},\"logo\":{\"@id\":\"https:\\\/\\\/secure.gravatar.com\\\/avatar\\\/c49a1b9f79216d1498cb73c1e85cd47f4465dda35f2a94c03790d491bd4423c3?s=96&d=mm&r=g\"},\"description\":\"Eric es el especialista y fundador de Antderground, con una amplia trayectoria en artr\u00f3podos y enfocado en la mirmecolog\u00eda y el dise\u00f1o de hormigueros artificiales. Su enfoque combina la innovaci\u00f3n t\u00e9cnica con el respeto por la biolog\u00eda de las hormigas, is\u00f3podos y otros, desarrollando sistemas de nidos modulares 3D y acr\u00edlicos que son referentes para aficionados y profesionales en toda Europa. Su objetivo es facilitar la cr\u00eda de hormigas y otros artr\u00f3podos mediante soluciones seguras y divulgaci\u00f3n de calidad.\",\"sameAs\":[\"https:\\\/\\\/antderground.com\\\/\",\"https:\\\/\\\/www.youtube.com\\\/channel\\\/UCio72z7TlbufkAthAJIJfPw\"]}]}<\/script>\n<!-- \/ Yoast SEO plugin. -->","yoast_head_json":{"title":"Echeveria purpusorum | Easy care plants - ANTDERGROUND","description":"Echeveria purpusorum \ud83c\udf35 compact succulent with green and reddish tones. Easy to care for and perfect to brighten up any space.","robots":{"index":"index","follow":"follow","max-snippet":"max-snippet:-1","max-image-preview":"max-image-preview:large","max-video-preview":"max-video-preview:-1"},"canonical":"https:\/\/antderground.com\/en\/product\/echeveria-purpusorum\/","og_locale":"en_US","og_type":"article","og_title":"Echeveria purpusorum | Easy care plants - ANTDERGROUND","og_description":"Echeveria purpusorum \ud83c\udf35 compact succulent with green and reddish tones. Easy to care for and perfect to brighten up any space.","og_url":"https:\/\/antderground.com\/en\/product\/echeveria-purpusorum\/","og_site_name":"ANTDERGROUND","og_image":[{"width":1600,"height":1600,"url":"https:\/\/antderground.com\/wp-content\/uploads\/2025\/04\/Echeveria-purpusorum.jpeg","type":"image\/jpeg"}],"twitter_card":"summary_large_image","twitter_misc":{"Est. reading time":"1 minute"},"schema":{"@context":"https:\/\/schema.org","@graph":[{"@type":"WebPage","@id":"https:\/\/antderground.com\/en\/product\/echeveria-purpusorum\/","url":"https:\/\/antderground.com\/en\/product\/echeveria-purpusorum\/","name":"Echeveria purpusorum | Easy care plants - ANTDERGROUND","isPartOf":{"@id":"https:\/\/antderground.com\/en\/#website"},"primaryImageOfPage":{"@id":"https:\/\/antderground.com\/en\/product\/echeveria-purpusorum\/#primaryimage"},"image":{"@id":"https:\/\/antderground.com\/en\/product\/echeveria-purpusorum\/#primaryimage"},"thumbnailUrl":"https:\/\/antderground.com\/wp-content\/uploads\/2025\/04\/Echeveria-purpusorum.jpeg","datePublished":"2025-04-07T08:49:56+00:00","description":"Echeveria purpusorum \ud83c\udf35 compact succulent with green and reddish tones. Easy to care for and perfect to brighten up any space.","breadcrumb":{"@id":"https:\/\/antderground.com\/en\/product\/echeveria-purpusorum\/#breadcrumb"},"inLanguage":"en-US","potentialAction":[{"@type":"ReadAction","target":["https:\/\/antderground.com\/en\/product\/echeveria-purpusorum\/"]}]},{"@type":"ImageObject","inLanguage":"en-US","@id":"https:\/\/antderground.com\/en\/product\/echeveria-purpusorum\/#primaryimage","url":"https:\/\/antderground.com\/wp-content\/uploads\/2025\/04\/Echeveria-purpusorum.jpeg","contentUrl":"https:\/\/antderground.com\/wp-content\/uploads\/2025\/04\/Echeveria-purpusorum.jpeg","width":1600,"height":1600,"caption":"Echeveria purpusorum"},{"@type":"BreadcrumbList","@id":"https:\/\/antderground.com\/en\/product\/echeveria-purpusorum\/#breadcrumb","itemListElement":[{"@type":"ListItem","position":1,"name":"Portada","item":"https:\/\/antderground.com\/en\/"},{"@type":"ListItem","position":2,"name":"Products","item":"https:\/\/antderground.com\/en\/myrmecology-store\/"},{"@type":"ListItem","position":3,"name":"Echeveria purpusorum"}]},{"@type":"WebSite","@id":"https:\/\/antderground.com\/en\/#website","url":"https:\/\/antderground.com\/en\/","name":"ANTDERGROUND","description":"Tu tienda de hormigas, gran variedad de hormigueros acr\u00edlicos,madera,arena,3D y mas.. Pide tus hormigas gratis con tu pedido, somos expertos en hormigueros antifugas.","publisher":{"@id":"https:\/\/antderground.com\/en\/#\/schema\/person\/0e322c505e84fe72c65e2f6d08f96b81"},"alternateName":"Antderground","potentialAction":[{"@type":"SearchAction","target":{"@type":"EntryPoint","urlTemplate":"https:\/\/antderground.com\/en\/?s={search_term_string}"},"query-input":{"@type":"PropertyValueSpecification","valueRequired":true,"valueName":"search_term_string"}}],"inLanguage":"en-US"},{"@type":["Person","Organization"],"@id":"https:\/\/antderground.com\/en\/#\/schema\/person\/0e322c505e84fe72c65e2f6d08f96b81","name":"Eric de Antderground","image":{"@type":"ImageObject","inLanguage":"en-US","@id":"https:\/\/secure.gravatar.com\/avatar\/c49a1b9f79216d1498cb73c1e85cd47f4465dda35f2a94c03790d491bd4423c3?s=96&d=mm&r=g","url":"https:\/\/secure.gravatar.com\/avatar\/c49a1b9f79216d1498cb73c1e85cd47f4465dda35f2a94c03790d491bd4423c3?s=96&d=mm&r=g","contentUrl":"https:\/\/secure.gravatar.com\/avatar\/c49a1b9f79216d1498cb73c1e85cd47f4465dda35f2a94c03790d491bd4423c3?s=96&d=mm&r=g","caption":"Eric de Antderground"},"logo":{"@id":"https:\/\/secure.gravatar.com\/avatar\/c49a1b9f79216d1498cb73c1e85cd47f4465dda35f2a94c03790d491bd4423c3?s=96&d=mm&r=g"},"description":"Eric es el especialista y fundador de Antderground, con una amplia trayectoria en artr\u00f3podos y enfocado en la mirmecolog\u00eda y el dise\u00f1o de hormigueros artificiales. Su enfoque combina la innovaci\u00f3n t\u00e9cnica con el respeto por la biolog\u00eda de las hormigas, is\u00f3podos y otros, desarrollando sistemas de nidos modulares 3D y acr\u00edlicos que son referentes para aficionados y profesionales en toda Europa. Su objetivo es facilitar la cr\u00eda de hormigas y otros artr\u00f3podos mediante soluciones seguras y divulgaci\u00f3n de calidad.","sameAs":["https:\/\/antderground.com\/","https:\/\/www.youtube.com\/channel\/UCio72z7TlbufkAthAJIJfPw"]}]}},"_links":{"self":[{"href":"https:\/\/antderground.com\/en\/wp-json\/wp\/v2\/product\/41729","targetHints":{"allow":["GET"]}}],"collection":[{"href":"https:\/\/antderground.com\/en\/wp-json\/wp\/v2\/product"}],"about":[{"href":"https:\/\/antderground.com\/en\/wp-json\/wp\/v2\/types\/product"}],"version-history":[{"count":0,"href":"https:\/\/antderground.com\/en\/wp-json\/wp\/v2\/product\/41729\/revisions"}],"wp:featuredmedia":[{"embeddable":true,"href":"https:\/\/antderground.com\/en\/wp-json\/wp\/v2\/media\/41594"}],"wp:attachment":[{"href":"https:\/\/antderground.com\/en\/wp-json\/wp\/v2\/media?parent=41729"}],"wp:term":[{"taxonomy":"product_brand","embeddable":true,"href":"https:\/\/antderground.com\/en\/wp-json\/wp\/v2\/product_brand?post=41729"},{"taxonomy":"product_cat","embeddable":true,"href":"https:\/\/antderground.com\/en\/wp-json\/wp\/v2\/product_cat?post=41729"},{"taxonomy":"product_tag","embeddable":true,"href":"https:\/\/antderground.com\/en\/wp-json\/wp\/v2\/product_tag?post=41729"}],"curies":[{"name":"wp","href":"https:\/\/api.w.org\/{rel}","templated":true}]}}