{"id":42010,"date":"2025-04-23T17:20:32","date_gmt":"2025-04-23T15:20:32","guid":{"rendered":"https:\/\/www.antderground.com\/producto\/micro-crickets-acheta-domesticus\/"},"modified":"2025-07-03T00:47:46","modified_gmt":"2025-07-02T22:47:46","slug":"micro-crickets-acheta-domesticus","status":"publish","type":"product","link":"https:\/\/antderground.com\/en\/product\/micro-crickets-acheta-domesticus\/","title":{"rendered":"Micro Crickets Acheta domesticus"},"content":{"rendered":"<h3 class=\"\" data-start=\"77\" data-end=\"156\">\ud83e\udd97 <strong data-start=\"84\" data-end=\"156\">Technical Data Sheet \u2013 Micro Crickets Acheta domesticus (3-7 days old)<\/strong><\/h3>\n<p class=\"\" data-start=\"158\" data-end=\"439\"><strong data-start=\"158\" data-end=\"174\">Common name:<\/strong> House cricket (micro)<br data-start=\"196\" data-end=\"199\" \/><strong data-start=\"199\" data-end=\"219\">Scientific name:<\/strong> Acheta domesticus<br data-start=\"237\" data-end=\"240\" \/><strong data-start=\"240\" data-end=\"251\">Family:<\/strong> Gryllidae<br data-start=\"261\" data-end=\"264\" \/><strong data-start=\"264\" data-end=\"274\">Genus:<\/strong> Acheta<br data-start=\"281\" data-end=\"284\" \/><strong data-start=\"284\" data-end=\"304\">Approximate age:<\/strong> 3-7 days<br data-start=\"311\" data-end=\"314\" \/><strong data-start=\"314\" data-end=\"323\">Size:<\/strong> 1\u20133 mm<br data-start=\"330\" data-end=\"333\" \/><strong data-start=\"333\" data-end=\"344\">Origin:<\/strong> Cosmopolitan, bred in specialized farms under controlled conditions<br data-start=\"412\" data-end=\"415\" \/><strong data-start=\"415\" data-end=\"428\">Lifespan:<\/strong> 8\u201310 weeks<\/p>\n<h3 class=\"\" data-start=\"446\" data-end=\"476\">\n\u2705 <strong data-start=\"452\" data-end=\"476\">Nutritional Benefits<\/strong><\/h3>\n<ul data-start=\"478\" data-end=\"732\">\n<li class=\"\" data-start=\"478\" data-end=\"559\">\n<p class=\"\" data-start=\"480\" data-end=\"559\"><strong data-start=\"480\" data-end=\"499\">High in protein<\/strong>: 60\u201370%, ideal for early growth in young or small animals<\/p>\n<\/li>\n<li class=\"\" data-start=\"560\" data-end=\"624\">\n<p class=\"\" data-start=\"562\" data-end=\"624\"><strong data-start=\"562\" data-end=\"581\">Low fat content<\/strong>: Provides energy without excess calories<\/p>\n<\/li>\n<li class=\"\" data-start=\"625\" data-end=\"732\">\n<p class=\"\" data-start=\"627\" data-end=\"732\"><strong data-start=\"627\" data-end=\"653\">Rich in micronutrients<\/strong>: Calcium, iron, magnesium, and vitamin B12 to support immunity and bone health<\/p>\n<\/li>\n<\/ul>\n<h3 class=\"\" data-start=\"739\" data-end=\"761\">\n\ud83d\udc38 <strong data-start=\"746\" data-end=\"761\">Perfect For<\/strong><\/h3>\n<p class=\"\" data-start=\"763\" data-end=\"996\">Reptiles, amphibians, insectivorous birds, fish, arthropods, and small mammals requiring live food tailored to their size.<br data-start=\"885\" data-end=\"888\" \/>They stimulate natural hunting behavior and are <strong data-start=\"936\" data-end=\"957\">easily digestible<\/strong>, even for hatchlings or delicate pets.<\/p>\n<h3 class=\"\" data-start=\"1003\" data-end=\"1037\">\n\ud83e\uddca <strong data-start=\"1010\" data-end=\"1037\">Storage Recommendations<\/strong><\/h3>\n<ul data-start=\"1039\" data-end=\"1195\">\n<li class=\"\" data-start=\"1039\" data-end=\"1132\">\n<p class=\"\" data-start=\"1041\" data-end=\"1132\">Keep in a ventilated container with a moisture source (hydration gel or fresh vegetables)<\/p>\n<\/li>\n<li class=\"\" data-start=\"1133\" data-end=\"1195\">\n<p class=\"\" data-start=\"1135\" data-end=\"1195\">Avoid extreme temperatures. Ideal range: 20\u201325 \u00b0C (68\u201377 \u00b0F)<\/p>\n<\/li>\n<\/ul>\n<p class=\"\" data-start=\"1202\" data-end=\"1341\">\n\u26a0\ufe0f <strong data-start=\"1205\" data-end=\"1214\">Note:<\/strong> The <em data-start=\"1219\" data-end=\"1238\">Acheta domesticus<\/em> micro crickets sold in our store are <strong data-start=\"1276\" data-end=\"1314\">not intended for human consumption<\/strong>. For animal feed use only.<\/p>\n","protected":false},"excerpt":{"rendered":"<p class=\"\" data-start=\"1395\" data-end=\"1655\">Feed your tiny pets with live energy! \ud83e\udd97 Our <strong data-start=\"1440\" data-end=\"1476\">micro Acheta domesticus crickets<\/strong> (3-7 days old) are perfect for reptiles, amphibians, and arthropods. High protein, easy to digest, and the perfect size for hatchlings. Give them the best from the very first bite!<\/p>\n","protected":false},"featured_media":41997,"template":"","meta":[],"product_brand":[],"product_cat":[201,663],"product_tag":[],"class_list":{"0":"post-42010","1":"product","2":"type-product","3":"status-publish","4":"has-post-thumbnail","6":"product_cat-food-for-ants","7":"product_cat-live-food","9":"first","10":"outofstock","11":"shipping-taxable","12":"purchasable","13":"product-type-variable"},"yoast_head":"<!-- This site is optimized with the Yoast SEO plugin v27.4 - https:\/\/yoast.com\/product\/yoast-seo-wordpress\/ -->\n<title>Micro Crickets Acheta domesticus | Live food - ANTDERGROUND<\/title>\n<meta name=\"description\" content=\"Buy 5-day-old micro Acheta domesticus crickets. Ideal live food for young reptiles and amphibians. High protein and easy digestion.\" \/>\n<meta name=\"robots\" content=\"index, follow, max-snippet:-1, max-image-preview:large, max-video-preview:-1\" \/>\n<link rel=\"canonical\" href=\"https:\/\/antderground.com\/en\/product\/micro-crickets-acheta-domesticus\/\" \/>\n<meta property=\"og:locale\" content=\"en_US\" \/>\n<meta property=\"og:type\" content=\"article\" \/>\n<meta property=\"og:title\" content=\"Micro Crickets Acheta domesticus | Live food - ANTDERGROUND\" \/>\n<meta property=\"og:description\" content=\"Buy 5-day-old micro Acheta domesticus crickets. Ideal live food for young reptiles and amphibians. High protein and easy digestion.\" \/>\n<meta property=\"og:url\" content=\"https:\/\/antderground.com\/en\/product\/micro-crickets-acheta-domesticus\/\" \/>\n<meta property=\"og:site_name\" content=\"ANTDERGROUND\" \/>\n<meta property=\"article:modified_time\" content=\"2025-07-02T22:47:46+00:00\" \/>\n<meta property=\"og:image\" content=\"https:\/\/antderground.com\/wp-content\/uploads\/2025\/04\/Micro-grillos-Acheta-domesticus.jpg\" \/>\n\t<meta property=\"og:image:width\" content=\"2048\" \/>\n\t<meta property=\"og:image:height\" content=\"2048\" \/>\n\t<meta property=\"og:image:type\" content=\"image\/jpeg\" \/>\n<meta name=\"twitter:card\" content=\"summary_large_image\" \/>\n<meta name=\"twitter:label1\" content=\"Est. reading time\" \/>\n\t<meta name=\"twitter:data1\" content=\"1 minute\" \/>\n<script type=\"application\/ld+json\" class=\"yoast-schema-graph\">{\"@context\":\"https:\\\/\\\/schema.org\",\"@graph\":[{\"@type\":\"WebPage\",\"@id\":\"https:\\\/\\\/antderground.com\\\/en\\\/product\\\/micro-crickets-acheta-domesticus\\\/\",\"url\":\"https:\\\/\\\/antderground.com\\\/en\\\/product\\\/micro-crickets-acheta-domesticus\\\/\",\"name\":\"Micro Crickets Acheta domesticus | Live food - ANTDERGROUND\",\"isPartOf\":{\"@id\":\"https:\\\/\\\/antderground.com\\\/en\\\/#website\"},\"primaryImageOfPage\":{\"@id\":\"https:\\\/\\\/antderground.com\\\/en\\\/product\\\/micro-crickets-acheta-domesticus\\\/#primaryimage\"},\"image\":{\"@id\":\"https:\\\/\\\/antderground.com\\\/en\\\/product\\\/micro-crickets-acheta-domesticus\\\/#primaryimage\"},\"thumbnailUrl\":\"https:\\\/\\\/antderground.com\\\/wp-content\\\/uploads\\\/2025\\\/04\\\/Micro-grillos-Acheta-domesticus.jpg\",\"datePublished\":\"2025-04-23T15:20:32+00:00\",\"dateModified\":\"2025-07-02T22:47:46+00:00\",\"description\":\"Buy 5-day-old micro Acheta domesticus crickets. Ideal live food for young reptiles and amphibians. High protein and easy digestion.\",\"breadcrumb\":{\"@id\":\"https:\\\/\\\/antderground.com\\\/en\\\/product\\\/micro-crickets-acheta-domesticus\\\/#breadcrumb\"},\"inLanguage\":\"en-US\",\"potentialAction\":[{\"@type\":\"ReadAction\",\"target\":[\"https:\\\/\\\/antderground.com\\\/en\\\/product\\\/micro-crickets-acheta-domesticus\\\/\"]}]},{\"@type\":\"ImageObject\",\"inLanguage\":\"en-US\",\"@id\":\"https:\\\/\\\/antderground.com\\\/en\\\/product\\\/micro-crickets-acheta-domesticus\\\/#primaryimage\",\"url\":\"https:\\\/\\\/antderground.com\\\/wp-content\\\/uploads\\\/2025\\\/04\\\/Micro-grillos-Acheta-domesticus.jpg\",\"contentUrl\":\"https:\\\/\\\/antderground.com\\\/wp-content\\\/uploads\\\/2025\\\/04\\\/Micro-grillos-Acheta-domesticus.jpg\",\"width\":2048,\"height\":2048,\"caption\":\"Micro Crickets Acheta domesticus\"},{\"@type\":\"BreadcrumbList\",\"@id\":\"https:\\\/\\\/antderground.com\\\/en\\\/product\\\/micro-crickets-acheta-domesticus\\\/#breadcrumb\",\"itemListElement\":[{\"@type\":\"ListItem\",\"position\":1,\"name\":\"Portada\",\"item\":\"https:\\\/\\\/antderground.com\\\/en\\\/\"},{\"@type\":\"ListItem\",\"position\":2,\"name\":\"Products\",\"item\":\"https:\\\/\\\/antderground.com\\\/en\\\/myrmecology-store\\\/\"},{\"@type\":\"ListItem\",\"position\":3,\"name\":\"Micro Crickets Acheta domesticus\"}]},{\"@type\":\"WebSite\",\"@id\":\"https:\\\/\\\/antderground.com\\\/en\\\/#website\",\"url\":\"https:\\\/\\\/antderground.com\\\/en\\\/\",\"name\":\"ANTDERGROUND\",\"description\":\"Tu tienda de hormigas, gran variedad de hormigueros acr\u00edlicos,madera,arena,3D y mas.. Pide tus hormigas gratis con tu pedido, somos expertos en hormigueros antifugas.\",\"publisher\":{\"@id\":\"https:\\\/\\\/antderground.com\\\/en\\\/#\\\/schema\\\/person\\\/0e322c505e84fe72c65e2f6d08f96b81\"},\"alternateName\":\"Antderground\",\"potentialAction\":[{\"@type\":\"SearchAction\",\"target\":{\"@type\":\"EntryPoint\",\"urlTemplate\":\"https:\\\/\\\/antderground.com\\\/en\\\/?s={search_term_string}\"},\"query-input\":{\"@type\":\"PropertyValueSpecification\",\"valueRequired\":true,\"valueName\":\"search_term_string\"}}],\"inLanguage\":\"en-US\"},{\"@type\":[\"Person\",\"Organization\"],\"@id\":\"https:\\\/\\\/antderground.com\\\/en\\\/#\\\/schema\\\/person\\\/0e322c505e84fe72c65e2f6d08f96b81\",\"name\":\"Eric de Antderground\",\"image\":{\"@type\":\"ImageObject\",\"inLanguage\":\"en-US\",\"@id\":\"https:\\\/\\\/secure.gravatar.com\\\/avatar\\\/c49a1b9f79216d1498cb73c1e85cd47f4465dda35f2a94c03790d491bd4423c3?s=96&d=mm&r=g\",\"url\":\"https:\\\/\\\/secure.gravatar.com\\\/avatar\\\/c49a1b9f79216d1498cb73c1e85cd47f4465dda35f2a94c03790d491bd4423c3?s=96&d=mm&r=g\",\"contentUrl\":\"https:\\\/\\\/secure.gravatar.com\\\/avatar\\\/c49a1b9f79216d1498cb73c1e85cd47f4465dda35f2a94c03790d491bd4423c3?s=96&d=mm&r=g\",\"caption\":\"Eric de Antderground\"},\"logo\":{\"@id\":\"https:\\\/\\\/secure.gravatar.com\\\/avatar\\\/c49a1b9f79216d1498cb73c1e85cd47f4465dda35f2a94c03790d491bd4423c3?s=96&d=mm&r=g\"},\"description\":\"Eric es el especialista y fundador de Antderground, con una amplia trayectoria en artr\u00f3podos y enfocado en la mirmecolog\u00eda y el dise\u00f1o de hormigueros artificiales. Su enfoque combina la innovaci\u00f3n t\u00e9cnica con el respeto por la biolog\u00eda de las hormigas, is\u00f3podos y otros, desarrollando sistemas de nidos modulares 3D y acr\u00edlicos que son referentes para aficionados y profesionales en toda Europa. Su objetivo es facilitar la cr\u00eda de hormigas y otros artr\u00f3podos mediante soluciones seguras y divulgaci\u00f3n de calidad.\",\"sameAs\":[\"https:\\\/\\\/antderground.com\\\/\",\"https:\\\/\\\/www.youtube.com\\\/channel\\\/UCio72z7TlbufkAthAJIJfPw\"]}]}<\/script>\n<!-- \/ Yoast SEO plugin. -->","yoast_head_json":{"title":"Micro Crickets Acheta domesticus | Live food - ANTDERGROUND","description":"Buy 5-day-old micro Acheta domesticus crickets. Ideal live food for young reptiles and amphibians. High protein and easy digestion.","robots":{"index":"index","follow":"follow","max-snippet":"max-snippet:-1","max-image-preview":"max-image-preview:large","max-video-preview":"max-video-preview:-1"},"canonical":"https:\/\/antderground.com\/en\/product\/micro-crickets-acheta-domesticus\/","og_locale":"en_US","og_type":"article","og_title":"Micro Crickets Acheta domesticus | Live food - ANTDERGROUND","og_description":"Buy 5-day-old micro Acheta domesticus crickets. Ideal live food for young reptiles and amphibians. High protein and easy digestion.","og_url":"https:\/\/antderground.com\/en\/product\/micro-crickets-acheta-domesticus\/","og_site_name":"ANTDERGROUND","article_modified_time":"2025-07-02T22:47:46+00:00","og_image":[{"width":2048,"height":2048,"url":"https:\/\/antderground.com\/wp-content\/uploads\/2025\/04\/Micro-grillos-Acheta-domesticus.jpg","type":"image\/jpeg"}],"twitter_card":"summary_large_image","twitter_misc":{"Est. reading time":"1 minute"},"schema":{"@context":"https:\/\/schema.org","@graph":[{"@type":"WebPage","@id":"https:\/\/antderground.com\/en\/product\/micro-crickets-acheta-domesticus\/","url":"https:\/\/antderground.com\/en\/product\/micro-crickets-acheta-domesticus\/","name":"Micro Crickets Acheta domesticus | Live food - ANTDERGROUND","isPartOf":{"@id":"https:\/\/antderground.com\/en\/#website"},"primaryImageOfPage":{"@id":"https:\/\/antderground.com\/en\/product\/micro-crickets-acheta-domesticus\/#primaryimage"},"image":{"@id":"https:\/\/antderground.com\/en\/product\/micro-crickets-acheta-domesticus\/#primaryimage"},"thumbnailUrl":"https:\/\/antderground.com\/wp-content\/uploads\/2025\/04\/Micro-grillos-Acheta-domesticus.jpg","datePublished":"2025-04-23T15:20:32+00:00","dateModified":"2025-07-02T22:47:46+00:00","description":"Buy 5-day-old micro Acheta domesticus crickets. Ideal live food for young reptiles and amphibians. High protein and easy digestion.","breadcrumb":{"@id":"https:\/\/antderground.com\/en\/product\/micro-crickets-acheta-domesticus\/#breadcrumb"},"inLanguage":"en-US","potentialAction":[{"@type":"ReadAction","target":["https:\/\/antderground.com\/en\/product\/micro-crickets-acheta-domesticus\/"]}]},{"@type":"ImageObject","inLanguage":"en-US","@id":"https:\/\/antderground.com\/en\/product\/micro-crickets-acheta-domesticus\/#primaryimage","url":"https:\/\/antderground.com\/wp-content\/uploads\/2025\/04\/Micro-grillos-Acheta-domesticus.jpg","contentUrl":"https:\/\/antderground.com\/wp-content\/uploads\/2025\/04\/Micro-grillos-Acheta-domesticus.jpg","width":2048,"height":2048,"caption":"Micro Crickets Acheta domesticus"},{"@type":"BreadcrumbList","@id":"https:\/\/antderground.com\/en\/product\/micro-crickets-acheta-domesticus\/#breadcrumb","itemListElement":[{"@type":"ListItem","position":1,"name":"Portada","item":"https:\/\/antderground.com\/en\/"},{"@type":"ListItem","position":2,"name":"Products","item":"https:\/\/antderground.com\/en\/myrmecology-store\/"},{"@type":"ListItem","position":3,"name":"Micro Crickets Acheta domesticus"}]},{"@type":"WebSite","@id":"https:\/\/antderground.com\/en\/#website","url":"https:\/\/antderground.com\/en\/","name":"ANTDERGROUND","description":"Tu tienda de hormigas, gran variedad de hormigueros acr\u00edlicos,madera,arena,3D y mas.. Pide tus hormigas gratis con tu pedido, somos expertos en hormigueros antifugas.","publisher":{"@id":"https:\/\/antderground.com\/en\/#\/schema\/person\/0e322c505e84fe72c65e2f6d08f96b81"},"alternateName":"Antderground","potentialAction":[{"@type":"SearchAction","target":{"@type":"EntryPoint","urlTemplate":"https:\/\/antderground.com\/en\/?s={search_term_string}"},"query-input":{"@type":"PropertyValueSpecification","valueRequired":true,"valueName":"search_term_string"}}],"inLanguage":"en-US"},{"@type":["Person","Organization"],"@id":"https:\/\/antderground.com\/en\/#\/schema\/person\/0e322c505e84fe72c65e2f6d08f96b81","name":"Eric de Antderground","image":{"@type":"ImageObject","inLanguage":"en-US","@id":"https:\/\/secure.gravatar.com\/avatar\/c49a1b9f79216d1498cb73c1e85cd47f4465dda35f2a94c03790d491bd4423c3?s=96&d=mm&r=g","url":"https:\/\/secure.gravatar.com\/avatar\/c49a1b9f79216d1498cb73c1e85cd47f4465dda35f2a94c03790d491bd4423c3?s=96&d=mm&r=g","contentUrl":"https:\/\/secure.gravatar.com\/avatar\/c49a1b9f79216d1498cb73c1e85cd47f4465dda35f2a94c03790d491bd4423c3?s=96&d=mm&r=g","caption":"Eric de Antderground"},"logo":{"@id":"https:\/\/secure.gravatar.com\/avatar\/c49a1b9f79216d1498cb73c1e85cd47f4465dda35f2a94c03790d491bd4423c3?s=96&d=mm&r=g"},"description":"Eric es el especialista y fundador de Antderground, con una amplia trayectoria en artr\u00f3podos y enfocado en la mirmecolog\u00eda y el dise\u00f1o de hormigueros artificiales. Su enfoque combina la innovaci\u00f3n t\u00e9cnica con el respeto por la biolog\u00eda de las hormigas, is\u00f3podos y otros, desarrollando sistemas de nidos modulares 3D y acr\u00edlicos que son referentes para aficionados y profesionales en toda Europa. Su objetivo es facilitar la cr\u00eda de hormigas y otros artr\u00f3podos mediante soluciones seguras y divulgaci\u00f3n de calidad.","sameAs":["https:\/\/antderground.com\/","https:\/\/www.youtube.com\/channel\/UCio72z7TlbufkAthAJIJfPw"]}]}},"_links":{"self":[{"href":"https:\/\/antderground.com\/en\/wp-json\/wp\/v2\/product\/42010","targetHints":{"allow":["GET"]}}],"collection":[{"href":"https:\/\/antderground.com\/en\/wp-json\/wp\/v2\/product"}],"about":[{"href":"https:\/\/antderground.com\/en\/wp-json\/wp\/v2\/types\/product"}],"version-history":[{"count":0,"href":"https:\/\/antderground.com\/en\/wp-json\/wp\/v2\/product\/42010\/revisions"}],"wp:featuredmedia":[{"embeddable":true,"href":"https:\/\/antderground.com\/en\/wp-json\/wp\/v2\/media\/41997"}],"wp:attachment":[{"href":"https:\/\/antderground.com\/en\/wp-json\/wp\/v2\/media?parent=42010"}],"wp:term":[{"taxonomy":"product_brand","embeddable":true,"href":"https:\/\/antderground.com\/en\/wp-json\/wp\/v2\/product_brand?post=42010"},{"taxonomy":"product_cat","embeddable":true,"href":"https:\/\/antderground.com\/en\/wp-json\/wp\/v2\/product_cat?post=42010"},{"taxonomy":"product_tag","embeddable":true,"href":"https:\/\/antderground.com\/en\/wp-json\/wp\/v2\/product_tag?post=42010"}],"curies":[{"name":"wp","href":"https:\/\/api.w.org\/{rel}","templated":true}]}}