{"id":42075,"date":"2025-04-24T15:38:46","date_gmt":"2025-04-24T13:38:46","guid":{"rendered":"https:\/\/www.antderground.com\/producto\/dehydrated-crickets\/"},"modified":"2025-04-24T15:38:46","modified_gmt":"2025-04-24T13:38:46","slug":"dehydrated-crickets","status":"publish","type":"product","link":"https:\/\/antderground.com\/en\/product\/dehydrated-crickets\/","title":{"rendered":"Dehydrated Crickets"},"content":{"rendered":"<h3 class=\"\" data-start=\"138\" data-end=\"209\">\ud83e\udd97 <strong data-start=\"145\" data-end=\"209\">Dehydrated Crickets \u2013 Natural Food for Insectivorous Animals<\/strong><\/h3>\n<p class=\"\" data-start=\"211\" data-end=\"520\"><strong data-start=\"211\" data-end=\"227\">Description:<\/strong><br data-start=\"227\" data-end=\"230\" \/>Dehydrated crickets are a protein-rich natural food source, ideal for feeding reptiles, amphibians, arthropods (such as scorpions or tarantulas), and ants. Thanks to a careful dehydration process, they retain their nutritional properties without the need for preservatives or refrigeration.<\/p>\n<h3 class=\"\" data-start=\"527\" data-end=\"551\">\u2705 <strong data-start=\"533\" data-end=\"551\">Main Benefits:<\/strong><\/h3>\n<ul data-start=\"553\" data-end=\"996\">\n<li class=\"\" data-start=\"553\" data-end=\"650\">\n<p class=\"\" data-start=\"555\" data-end=\"650\"><strong data-start=\"555\" data-end=\"580\">High protein content:<\/strong> excellent source of high-quality protein and essential amino acids.<\/p>\n<\/li>\n<li class=\"\" data-start=\"651\" data-end=\"718\">\n<p class=\"\" data-start=\"653\" data-end=\"718\"><strong data-start=\"653\" data-end=\"673\">Long shelf life:<\/strong> no refrigeration needed and easy to store.<\/p>\n<\/li>\n<li class=\"\" data-start=\"719\" data-end=\"807\">\n<p class=\"\" data-start=\"721\" data-end=\"807\"><strong data-start=\"721\" data-end=\"741\">Easy to portion:<\/strong> can be offered whole, crushed, or rehydrated for easier intake.<\/p>\n<\/li>\n<li class=\"\" data-start=\"808\" data-end=\"898\">\n<p class=\"\" data-start=\"810\" data-end=\"898\"><strong data-start=\"810\" data-end=\"838\">Natural, healthy option:<\/strong> free from additives, preservatives, or artificial colors.<\/p>\n<\/li>\n<li class=\"\" data-start=\"899\" data-end=\"996\">\n<p class=\"\" data-start=\"901\" data-end=\"996\"><strong data-start=\"901\" data-end=\"937\">Perfect as part of a varied diet<\/strong> or as a protein boost for ant colonies with mixed feeding.<\/p>\n<\/li>\n<\/ul>\n<h3 class=\"\" data-start=\"1003\" data-end=\"1050\">\ud83d\udd2c <strong data-start=\"1010\" data-end=\"1048\">Nutritional Composition (approx.):<\/strong><\/h3>\n<ul data-start=\"1051\" data-end=\"1132\">\n<li class=\"\" data-start=\"1051\" data-end=\"1076\">\n<p class=\"\" data-start=\"1053\" data-end=\"1076\">Crude protein: 60\u201370%<\/p>\n<\/li>\n<li class=\"\" data-start=\"1077\" data-end=\"1098\">\n<p class=\"\" data-start=\"1079\" data-end=\"1098\">Crude fat: 15\u201320%<\/p>\n<\/li>\n<li class=\"\" data-start=\"1099\" data-end=\"1115\">\n<p class=\"\" data-start=\"1101\" data-end=\"1115\">Fiber: 5\u201310%<\/p>\n<\/li>\n<li class=\"\" data-start=\"1116\" data-end=\"1132\">\n<p class=\"\" data-start=\"1118\" data-end=\"1132\">Moisture: &lt;10%<\/p>\n<\/li>\n<\/ul>\n<h3 class=\"\" data-start=\"1139\" data-end=\"1168\">\ud83d\udc3e <strong data-start=\"1146\" data-end=\"1166\">Recommended for:<\/strong><\/h3>\n<ul data-start=\"1169\" data-end=\"1446\">\n<li class=\"\" data-start=\"1169\" data-end=\"1235\">\n<p class=\"\" data-start=\"1171\" data-end=\"1235\">Insectivorous reptiles (geckos, bearded dragons, anoles, etc.)<\/p>\n<\/li>\n<li class=\"\" data-start=\"1236\" data-end=\"1277\">\n<p class=\"\" data-start=\"1238\" data-end=\"1277\">Amphibians like frogs and salamanders<\/p>\n<\/li>\n<li class=\"\" data-start=\"1278\" data-end=\"1345\">\n<p class=\"\" data-start=\"1280\" data-end=\"1345\">Arthropods such as mantises, scorpions, spiders, and centipedes<\/p>\n<\/li>\n<li class=\"\" data-start=\"1346\" data-end=\"1399\">\n<p class=\"\" data-start=\"1348\" data-end=\"1399\">Ants (especially omnivorous or predatory species)<\/p>\n<\/li>\n<li class=\"\" data-start=\"1400\" data-end=\"1446\">\n<p class=\"\" data-start=\"1402\" data-end=\"1446\">Insectivorous birds and exotic small mammals<\/p>\n<\/li>\n<\/ul>\n<h3 class=\"\" data-start=\"1453\" data-end=\"1482\">\ud83d\udce6 <strong data-start=\"1460\" data-end=\"1480\">Packaging &amp; Use:<\/strong><\/h3>\n<p class=\"\" data-start=\"1483\" data-end=\"1624\">Sold dry in sealed containers. Can be fed directly or rehydrated slightly before feeding to improve palatability. Store in a cool, dry place.<\/p>\n","protected":false},"excerpt":{"rendered":"<p class=\"\" data-start=\"1680\" data-end=\"1916\">Give your pets the best! \ud83e\udd8e\ud83d\udc1c\ud83d\udd77\ufe0f Our dehydrated crickets are pure natural protein \ud83d\udcaa\u2014perfect for reptiles, amphibians, arthropods, and ants! \ud83e\udd97 No preservatives, easy to use, and highly nutritious. Help them grow strong and healthy! \ud83c\udf31\u2728<\/p>\n","protected":false},"featured_media":42053,"template":"","meta":[],"product_brand":[],"product_cat":[201,687],"product_tag":[],"class_list":{"0":"post-42075","1":"product","2":"type-product","3":"status-publish","4":"has-post-thumbnail","6":"product_cat-food-for-ants","7":"product_cat-dehydrated-ant-others","9":"first","10":"outofstock","11":"shipping-taxable","12":"purchasable","13":"product-type-variable"},"yoast_head":"<!-- This site is optimized with the Yoast SEO plugin v27.4 - https:\/\/yoast.com\/product\/yoast-seo-wordpress\/ -->\n<title>Dehydrated Crickets | Natural nutrition for insectivores \ud83e\udd97 - ANTDERGROUND<\/title>\n<meta name=\"description\" content=\"\ud83e\udd97 Dehydrated crickets rich in protein for reptiles, amphibians, arthropods &amp; ants. \ud83d\udc1c Natural nutrition, no preservatives. \u2705\" \/>\n<meta name=\"robots\" content=\"index, follow, max-snippet:-1, max-image-preview:large, max-video-preview:-1\" \/>\n<link rel=\"canonical\" href=\"https:\/\/antderground.com\/en\/product\/dehydrated-crickets\/\" \/>\n<meta property=\"og:locale\" content=\"en_US\" \/>\n<meta property=\"og:type\" content=\"article\" \/>\n<meta property=\"og:title\" content=\"Dehydrated Crickets | Natural nutrition for insectivores \ud83e\udd97 - ANTDERGROUND\" \/>\n<meta property=\"og:description\" content=\"\ud83e\udd97 Dehydrated crickets rich in protein for reptiles, amphibians, arthropods &amp; ants. \ud83d\udc1c Natural nutrition, no preservatives. \u2705\" \/>\n<meta property=\"og:url\" content=\"https:\/\/antderground.com\/en\/product\/dehydrated-crickets\/\" \/>\n<meta property=\"og:site_name\" content=\"ANTDERGROUND\" \/>\n<meta property=\"og:image\" content=\"https:\/\/antderground.com\/wp-content\/uploads\/2025\/04\/Grillos-deshidratados-alimento-natural.jpeg\" \/>\n\t<meta property=\"og:image:width\" content=\"2000\" \/>\n\t<meta property=\"og:image:height\" content=\"2000\" \/>\n\t<meta property=\"og:image:type\" content=\"image\/jpeg\" \/>\n<meta name=\"twitter:card\" content=\"summary_large_image\" \/>\n<meta name=\"twitter:label1\" content=\"Est. reading time\" \/>\n\t<meta name=\"twitter:data1\" content=\"1 minute\" \/>\n<script type=\"application\/ld+json\" class=\"yoast-schema-graph\">{\"@context\":\"https:\\\/\\\/schema.org\",\"@graph\":[{\"@type\":\"WebPage\",\"@id\":\"https:\\\/\\\/antderground.com\\\/en\\\/product\\\/dehydrated-crickets\\\/\",\"url\":\"https:\\\/\\\/antderground.com\\\/en\\\/product\\\/dehydrated-crickets\\\/\",\"name\":\"Dehydrated Crickets | Natural nutrition for insectivores \ud83e\udd97 - ANTDERGROUND\",\"isPartOf\":{\"@id\":\"https:\\\/\\\/antderground.com\\\/en\\\/#website\"},\"primaryImageOfPage\":{\"@id\":\"https:\\\/\\\/antderground.com\\\/en\\\/product\\\/dehydrated-crickets\\\/#primaryimage\"},\"image\":{\"@id\":\"https:\\\/\\\/antderground.com\\\/en\\\/product\\\/dehydrated-crickets\\\/#primaryimage\"},\"thumbnailUrl\":\"https:\\\/\\\/antderground.com\\\/wp-content\\\/uploads\\\/2025\\\/04\\\/Grillos-deshidratados-alimento-natural.jpeg\",\"datePublished\":\"2025-04-24T13:38:46+00:00\",\"description\":\"\ud83e\udd97 Dehydrated crickets rich in protein for reptiles, amphibians, arthropods & ants. \ud83d\udc1c Natural nutrition, no preservatives. \u2705\",\"breadcrumb\":{\"@id\":\"https:\\\/\\\/antderground.com\\\/en\\\/product\\\/dehydrated-crickets\\\/#breadcrumb\"},\"inLanguage\":\"en-US\",\"potentialAction\":[{\"@type\":\"ReadAction\",\"target\":[\"https:\\\/\\\/antderground.com\\\/en\\\/product\\\/dehydrated-crickets\\\/\"]}]},{\"@type\":\"ImageObject\",\"inLanguage\":\"en-US\",\"@id\":\"https:\\\/\\\/antderground.com\\\/en\\\/product\\\/dehydrated-crickets\\\/#primaryimage\",\"url\":\"https:\\\/\\\/antderground.com\\\/wp-content\\\/uploads\\\/2025\\\/04\\\/Grillos-deshidratados-alimento-natural.jpeg\",\"contentUrl\":\"https:\\\/\\\/antderground.com\\\/wp-content\\\/uploads\\\/2025\\\/04\\\/Grillos-deshidratados-alimento-natural.jpeg\",\"width\":2000,\"height\":2000,\"caption\":\"Dehydrated Crickets | Natural nutrition for insectivores\"},{\"@type\":\"BreadcrumbList\",\"@id\":\"https:\\\/\\\/antderground.com\\\/en\\\/product\\\/dehydrated-crickets\\\/#breadcrumb\",\"itemListElement\":[{\"@type\":\"ListItem\",\"position\":1,\"name\":\"Portada\",\"item\":\"https:\\\/\\\/antderground.com\\\/en\\\/\"},{\"@type\":\"ListItem\",\"position\":2,\"name\":\"Products\",\"item\":\"https:\\\/\\\/antderground.com\\\/en\\\/myrmecology-store\\\/\"},{\"@type\":\"ListItem\",\"position\":3,\"name\":\"Dehydrated Crickets\"}]},{\"@type\":\"WebSite\",\"@id\":\"https:\\\/\\\/antderground.com\\\/en\\\/#website\",\"url\":\"https:\\\/\\\/antderground.com\\\/en\\\/\",\"name\":\"ANTDERGROUND\",\"description\":\"Tu tienda de hormigas, gran variedad de hormigueros acr\u00edlicos,madera,arena,3D y mas.. Pide tus hormigas gratis con tu pedido, somos expertos en hormigueros antifugas.\",\"publisher\":{\"@id\":\"https:\\\/\\\/antderground.com\\\/en\\\/#\\\/schema\\\/person\\\/0e322c505e84fe72c65e2f6d08f96b81\"},\"alternateName\":\"Antderground\",\"potentialAction\":[{\"@type\":\"SearchAction\",\"target\":{\"@type\":\"EntryPoint\",\"urlTemplate\":\"https:\\\/\\\/antderground.com\\\/en\\\/?s={search_term_string}\"},\"query-input\":{\"@type\":\"PropertyValueSpecification\",\"valueRequired\":true,\"valueName\":\"search_term_string\"}}],\"inLanguage\":\"en-US\"},{\"@type\":[\"Person\",\"Organization\"],\"@id\":\"https:\\\/\\\/antderground.com\\\/en\\\/#\\\/schema\\\/person\\\/0e322c505e84fe72c65e2f6d08f96b81\",\"name\":\"Eric de Antderground\",\"image\":{\"@type\":\"ImageObject\",\"inLanguage\":\"en-US\",\"@id\":\"https:\\\/\\\/secure.gravatar.com\\\/avatar\\\/c49a1b9f79216d1498cb73c1e85cd47f4465dda35f2a94c03790d491bd4423c3?s=96&d=mm&r=g\",\"url\":\"https:\\\/\\\/secure.gravatar.com\\\/avatar\\\/c49a1b9f79216d1498cb73c1e85cd47f4465dda35f2a94c03790d491bd4423c3?s=96&d=mm&r=g\",\"contentUrl\":\"https:\\\/\\\/secure.gravatar.com\\\/avatar\\\/c49a1b9f79216d1498cb73c1e85cd47f4465dda35f2a94c03790d491bd4423c3?s=96&d=mm&r=g\",\"caption\":\"Eric de Antderground\"},\"logo\":{\"@id\":\"https:\\\/\\\/secure.gravatar.com\\\/avatar\\\/c49a1b9f79216d1498cb73c1e85cd47f4465dda35f2a94c03790d491bd4423c3?s=96&d=mm&r=g\"},\"description\":\"Eric es el especialista y fundador de Antderground, con una amplia trayectoria en artr\u00f3podos y enfocado en la mirmecolog\u00eda y el dise\u00f1o de hormigueros artificiales. Su enfoque combina la innovaci\u00f3n t\u00e9cnica con el respeto por la biolog\u00eda de las hormigas, is\u00f3podos y otros, desarrollando sistemas de nidos modulares 3D y acr\u00edlicos que son referentes para aficionados y profesionales en toda Europa. Su objetivo es facilitar la cr\u00eda de hormigas y otros artr\u00f3podos mediante soluciones seguras y divulgaci\u00f3n de calidad.\",\"sameAs\":[\"https:\\\/\\\/antderground.com\\\/\",\"https:\\\/\\\/www.youtube.com\\\/channel\\\/UCio72z7TlbufkAthAJIJfPw\"]}]}<\/script>\n<!-- \/ Yoast SEO plugin. -->","yoast_head_json":{"title":"Dehydrated Crickets | Natural nutrition for insectivores \ud83e\udd97 - ANTDERGROUND","description":"\ud83e\udd97 Dehydrated crickets rich in protein for reptiles, amphibians, arthropods & ants. \ud83d\udc1c Natural nutrition, no preservatives. \u2705","robots":{"index":"index","follow":"follow","max-snippet":"max-snippet:-1","max-image-preview":"max-image-preview:large","max-video-preview":"max-video-preview:-1"},"canonical":"https:\/\/antderground.com\/en\/product\/dehydrated-crickets\/","og_locale":"en_US","og_type":"article","og_title":"Dehydrated Crickets | Natural nutrition for insectivores \ud83e\udd97 - ANTDERGROUND","og_description":"\ud83e\udd97 Dehydrated crickets rich in protein for reptiles, amphibians, arthropods & ants. \ud83d\udc1c Natural nutrition, no preservatives. \u2705","og_url":"https:\/\/antderground.com\/en\/product\/dehydrated-crickets\/","og_site_name":"ANTDERGROUND","og_image":[{"width":2000,"height":2000,"url":"https:\/\/antderground.com\/wp-content\/uploads\/2025\/04\/Grillos-deshidratados-alimento-natural.jpeg","type":"image\/jpeg"}],"twitter_card":"summary_large_image","twitter_misc":{"Est. reading time":"1 minute"},"schema":{"@context":"https:\/\/schema.org","@graph":[{"@type":"WebPage","@id":"https:\/\/antderground.com\/en\/product\/dehydrated-crickets\/","url":"https:\/\/antderground.com\/en\/product\/dehydrated-crickets\/","name":"Dehydrated Crickets | Natural nutrition for insectivores \ud83e\udd97 - ANTDERGROUND","isPartOf":{"@id":"https:\/\/antderground.com\/en\/#website"},"primaryImageOfPage":{"@id":"https:\/\/antderground.com\/en\/product\/dehydrated-crickets\/#primaryimage"},"image":{"@id":"https:\/\/antderground.com\/en\/product\/dehydrated-crickets\/#primaryimage"},"thumbnailUrl":"https:\/\/antderground.com\/wp-content\/uploads\/2025\/04\/Grillos-deshidratados-alimento-natural.jpeg","datePublished":"2025-04-24T13:38:46+00:00","description":"\ud83e\udd97 Dehydrated crickets rich in protein for reptiles, amphibians, arthropods & ants. \ud83d\udc1c Natural nutrition, no preservatives. \u2705","breadcrumb":{"@id":"https:\/\/antderground.com\/en\/product\/dehydrated-crickets\/#breadcrumb"},"inLanguage":"en-US","potentialAction":[{"@type":"ReadAction","target":["https:\/\/antderground.com\/en\/product\/dehydrated-crickets\/"]}]},{"@type":"ImageObject","inLanguage":"en-US","@id":"https:\/\/antderground.com\/en\/product\/dehydrated-crickets\/#primaryimage","url":"https:\/\/antderground.com\/wp-content\/uploads\/2025\/04\/Grillos-deshidratados-alimento-natural.jpeg","contentUrl":"https:\/\/antderground.com\/wp-content\/uploads\/2025\/04\/Grillos-deshidratados-alimento-natural.jpeg","width":2000,"height":2000,"caption":"Dehydrated Crickets | Natural nutrition for insectivores"},{"@type":"BreadcrumbList","@id":"https:\/\/antderground.com\/en\/product\/dehydrated-crickets\/#breadcrumb","itemListElement":[{"@type":"ListItem","position":1,"name":"Portada","item":"https:\/\/antderground.com\/en\/"},{"@type":"ListItem","position":2,"name":"Products","item":"https:\/\/antderground.com\/en\/myrmecology-store\/"},{"@type":"ListItem","position":3,"name":"Dehydrated Crickets"}]},{"@type":"WebSite","@id":"https:\/\/antderground.com\/en\/#website","url":"https:\/\/antderground.com\/en\/","name":"ANTDERGROUND","description":"Tu tienda de hormigas, gran variedad de hormigueros acr\u00edlicos,madera,arena,3D y mas.. Pide tus hormigas gratis con tu pedido, somos expertos en hormigueros antifugas.","publisher":{"@id":"https:\/\/antderground.com\/en\/#\/schema\/person\/0e322c505e84fe72c65e2f6d08f96b81"},"alternateName":"Antderground","potentialAction":[{"@type":"SearchAction","target":{"@type":"EntryPoint","urlTemplate":"https:\/\/antderground.com\/en\/?s={search_term_string}"},"query-input":{"@type":"PropertyValueSpecification","valueRequired":true,"valueName":"search_term_string"}}],"inLanguage":"en-US"},{"@type":["Person","Organization"],"@id":"https:\/\/antderground.com\/en\/#\/schema\/person\/0e322c505e84fe72c65e2f6d08f96b81","name":"Eric de Antderground","image":{"@type":"ImageObject","inLanguage":"en-US","@id":"https:\/\/secure.gravatar.com\/avatar\/c49a1b9f79216d1498cb73c1e85cd47f4465dda35f2a94c03790d491bd4423c3?s=96&d=mm&r=g","url":"https:\/\/secure.gravatar.com\/avatar\/c49a1b9f79216d1498cb73c1e85cd47f4465dda35f2a94c03790d491bd4423c3?s=96&d=mm&r=g","contentUrl":"https:\/\/secure.gravatar.com\/avatar\/c49a1b9f79216d1498cb73c1e85cd47f4465dda35f2a94c03790d491bd4423c3?s=96&d=mm&r=g","caption":"Eric de Antderground"},"logo":{"@id":"https:\/\/secure.gravatar.com\/avatar\/c49a1b9f79216d1498cb73c1e85cd47f4465dda35f2a94c03790d491bd4423c3?s=96&d=mm&r=g"},"description":"Eric es el especialista y fundador de Antderground, con una amplia trayectoria en artr\u00f3podos y enfocado en la mirmecolog\u00eda y el dise\u00f1o de hormigueros artificiales. Su enfoque combina la innovaci\u00f3n t\u00e9cnica con el respeto por la biolog\u00eda de las hormigas, is\u00f3podos y otros, desarrollando sistemas de nidos modulares 3D y acr\u00edlicos que son referentes para aficionados y profesionales en toda Europa. Su objetivo es facilitar la cr\u00eda de hormigas y otros artr\u00f3podos mediante soluciones seguras y divulgaci\u00f3n de calidad.","sameAs":["https:\/\/antderground.com\/","https:\/\/www.youtube.com\/channel\/UCio72z7TlbufkAthAJIJfPw"]}]}},"_links":{"self":[{"href":"https:\/\/antderground.com\/en\/wp-json\/wp\/v2\/product\/42075","targetHints":{"allow":["GET"]}}],"collection":[{"href":"https:\/\/antderground.com\/en\/wp-json\/wp\/v2\/product"}],"about":[{"href":"https:\/\/antderground.com\/en\/wp-json\/wp\/v2\/types\/product"}],"version-history":[{"count":0,"href":"https:\/\/antderground.com\/en\/wp-json\/wp\/v2\/product\/42075\/revisions"}],"wp:featuredmedia":[{"embeddable":true,"href":"https:\/\/antderground.com\/en\/wp-json\/wp\/v2\/media\/42053"}],"wp:attachment":[{"href":"https:\/\/antderground.com\/en\/wp-json\/wp\/v2\/media?parent=42075"}],"wp:term":[{"taxonomy":"product_brand","embeddable":true,"href":"https:\/\/antderground.com\/en\/wp-json\/wp\/v2\/product_brand?post=42075"},{"taxonomy":"product_cat","embeddable":true,"href":"https:\/\/antderground.com\/en\/wp-json\/wp\/v2\/product_cat?post=42075"},{"taxonomy":"product_tag","embeddable":true,"href":"https:\/\/antderground.com\/en\/wp-json\/wp\/v2\/product_tag?post=42075"}],"curies":[{"name":"wp","href":"https:\/\/api.w.org\/{rel}","templated":true}]}}