{"id":42125,"date":"2025-04-20T22:23:39","date_gmt":"2025-04-20T20:23:39","guid":{"rendered":"https:\/\/www.antderground.com\/producto\/echeveria-pulidonis\/"},"modified":"2025-12-09T00:32:47","modified_gmt":"2025-12-08T23:32:47","slug":"echeveria-pulidonis","status":"publish","type":"product","link":"https:\/\/antderground.com\/en\/product\/echeveria-pulidonis\/","title":{"rendered":"Echeveria Pulidonis"},"content":{"rendered":"<h3 class=\"\" data-start=\"99\" data-end=\"143\">\ud83c\udf35 Technical Sheet \u2013 Echeveria pulidonis<\/h3>\n<p class=\"\" data-start=\"145\" data-end=\"284\"><strong data-start=\"145\" data-end=\"161\">Common name:<\/strong> Echeveria<br data-start=\"171\" data-end=\"174\" \/><strong data-start=\"174\" data-end=\"194\">Scientific name:<\/strong> <em data-start=\"195\" data-end=\"216\">Echeveria pulidonis<\/em><br data-start=\"216\" data-end=\"219\" \/><strong data-start=\"219\" data-end=\"230\">Family:<\/strong> Crassulaceae<br data-start=\"243\" data-end=\"246\" \/><strong data-start=\"246\" data-end=\"257\">Origin:<\/strong> Mexico and Central America<\/p>\n<h3 class=\"\" data-start=\"291\" data-end=\"309\">\ud83e\udeb4 Description<\/h3>\n<p class=\"\" data-start=\"311\" data-end=\"598\"><em data-start=\"311\" data-end=\"332\">Echeveria pulidonis<\/em> is a perennial succulent highly valued for its compact rosette of fleshy, blue-green leaves with reddish edges. This coloration intensifies with sun exposure. Slow-growing and medium-sized, it is perfect for decorative pots, rock gardens, or succulent arrangements.<\/p>\n<h3 class=\"\" data-start=\"605\" data-end=\"617\">\u2600\ufe0f Light<\/h3>\n<ul data-start=\"619\" data-end=\"768\">\n<li class=\"\" data-start=\"619\" data-end=\"660\">\n<p class=\"\" data-start=\"621\" data-end=\"660\">Requires <strong data-start=\"630\" data-end=\"657\">plenty of natural light<\/strong>.<\/p>\n<\/li>\n<li class=\"\" data-start=\"661\" data-end=\"717\">\n<p class=\"\" data-start=\"663\" data-end=\"717\">Prefers <strong data-start=\"671\" data-end=\"690\">direct sunlight<\/strong> for several hours a day.<\/p>\n<\/li>\n<li class=\"\" data-start=\"718\" data-end=\"768\">\n<p class=\"\" data-start=\"720\" data-end=\"768\">Indoors, place it <strong data-start=\"738\" data-end=\"767\">near a very bright window<\/strong>.<\/p>\n<\/li>\n<\/ul>\n<h3 class=\"\" data-start=\"775\" data-end=\"790\">\ud83d\udca7 Watering<\/h3>\n<ul data-start=\"792\" data-end=\"947\">\n<li class=\"\" data-start=\"792\" data-end=\"843\">\n<p class=\"\" data-start=\"794\" data-end=\"843\">Water only when the soil is <strong data-start=\"822\" data-end=\"840\">completely dry<\/strong>.<\/p>\n<\/li>\n<li class=\"\" data-start=\"844\" data-end=\"888\">\n<p class=\"\" data-start=\"846\" data-end=\"888\">In winter, reduce watering to a minimum.<\/p>\n<\/li>\n<li class=\"\" data-start=\"889\" data-end=\"947\">\n<p class=\"\" data-start=\"891\" data-end=\"947\"><strong data-start=\"891\" data-end=\"913\">Avoid waterlogging<\/strong>: excess water can cause root rot.<\/p>\n<\/li>\n<\/ul>\n<h3 class=\"\" data-start=\"954\" data-end=\"973\">\ud83c\udf21\ufe0f Temperature<\/h3>\n<ul data-start=\"975\" data-end=\"1154\">\n<li class=\"\" data-start=\"975\" data-end=\"1024\">\n<p class=\"\" data-start=\"977\" data-end=\"1024\">Ideal range: <strong data-start=\"990\" data-end=\"1006\">59\u00b0F to 79\u00b0F<\/strong> (15\u00b0C to 26\u00b0C).<\/p>\n<\/li>\n<li class=\"\" data-start=\"1025\" data-end=\"1078\">\n<p class=\"\" data-start=\"1027\" data-end=\"1078\">Tolerates higher temperatures if well ventilated.<\/p>\n<\/li>\n<li class=\"\" data-start=\"1079\" data-end=\"1154\">\n<p class=\"\" data-start=\"1081\" data-end=\"1154\">Not frost-tolerant. Protect it if temperatures drop below <strong data-start=\"1139\" data-end=\"1147\">41\u00b0F<\/strong> (5\u00b0C).<\/p>\n<\/li>\n<\/ul>\n<h3 class=\"\" data-start=\"1161\" data-end=\"1177\">\ud83c\udf31 Substrate<\/h3>\n<ul data-start=\"1179\" data-end=\"1303\">\n<li class=\"\" data-start=\"1179\" data-end=\"1240\">\n<p class=\"\" data-start=\"1181\" data-end=\"1240\">Well-draining soil, specifically for succulents or cacti.<\/p>\n<\/li>\n<li class=\"\" data-start=\"1241\" data-end=\"1303\">\n<p class=\"\" data-start=\"1243\" data-end=\"1303\">Ideal mix: universal potting soil, coarse sand, and perlite.<\/p>\n<\/li>\n<\/ul>\n<h3 class=\"\" data-start=\"1310\" data-end=\"1330\">\ud83e\uddea Fertilization<\/h3>\n<ul data-start=\"1332\" data-end=\"1463\">\n<li class=\"\" data-start=\"1332\" data-end=\"1429\">\n<p class=\"\" data-start=\"1334\" data-end=\"1429\">Fertilize during spring and summer with a succulent or cactus fertilizer every <strong data-start=\"1413\" data-end=\"1426\">4\u20136 weeks<\/strong>.<\/p>\n<\/li>\n<li class=\"\" data-start=\"1430\" data-end=\"1463\">\n<p class=\"\" data-start=\"1432\" data-end=\"1463\">Do not fertilize during winter.<\/p>\n<\/li>\n<\/ul>\n<h3 class=\"\" data-start=\"1470\" data-end=\"1486\">\ud83c\udf38 Flowering<\/h3>\n<ul data-start=\"1488\" data-end=\"1587\">\n<li class=\"\" data-start=\"1488\" data-end=\"1519\">\n<p class=\"\" data-start=\"1490\" data-end=\"1519\">Blooms in spring or summer.<\/p>\n<\/li>\n<li class=\"\" data-start=\"1520\" data-end=\"1587\">\n<p class=\"\" data-start=\"1522\" data-end=\"1587\">Produces tall inflorescences with small yellow or orange flowers.<\/p>\n<\/li>\n<\/ul>\n<h3 class=\"\" data-start=\"1594\" data-end=\"1612\">\u267b\ufe0f Propagation<\/h3>\n<ul data-start=\"1614\" data-end=\"1765\">\n<li class=\"\" data-start=\"1614\" data-end=\"1663\">\n<p class=\"\" data-start=\"1616\" data-end=\"1663\">By <strong data-start=\"1619\" data-end=\"1630\">offsets<\/strong> growing near the mother plant.<\/p>\n<\/li>\n<li class=\"\" data-start=\"1664\" data-end=\"1726\">\n<p class=\"\" data-start=\"1666\" data-end=\"1726\">Also by <strong data-start=\"1674\" data-end=\"1691\">leaf cuttings<\/strong>, although this method is slower.<\/p>\n<\/li>\n<li class=\"\" data-start=\"1727\" data-end=\"1765\">\n<p class=\"\" data-start=\"1729\" data-end=\"1765\">Let the cutting dry before planting.<\/p>\n<\/li>\n<\/ul>\n<h3 class=\"\" data-start=\"1772\" data-end=\"1785\">\ud83d\udc3e Safety<\/h3>\n<ul data-start=\"1787\" data-end=\"1822\">\n<li class=\"\" data-start=\"1787\" data-end=\"1822\">\n<p class=\"\" data-start=\"1789\" data-end=\"1822\"><strong data-start=\"1789\" data-end=\"1802\">Non-toxic<\/strong> to pets.<\/p>\n<\/li>\n<\/ul>\n","protected":false},"excerpt":{"rendered":"<p class=\"\" data-start=\"1874\" data-end=\"2018\">Echeveria pulidonis, a hardy and decorative succulent with blue-green leaves and red edges. Easy to care for and perfect for bright spaces! \ud83c\udf3f\ud83d\ude09<\/p>\n","protected":false},"featured_media":41915,"template":"","meta":[],"product_brand":[],"product_cat":[635],"product_tag":[],"class_list":{"0":"post-42125","1":"product","2":"type-product","3":"status-publish","4":"has-post-thumbnail","6":"product_cat-natural-plants","8":"first","9":"instock","10":"shipping-taxable","11":"purchasable","12":"product-type-variable"},"yoast_head":"<!-- This site is optimized with the Yoast SEO plugin v27.3 - https:\/\/yoast.com\/product\/yoast-seo-wordpress\/ -->\n<title>Echeveria Pulidonis | plant store - ANTDERGROUND<\/title>\n<meta name=\"description\" content=\"Discover Echeveria pulidonis \ud83c\udf35, an easy-care succulent with green leaves and red edges. Perfect for bright interiors or sunny patios!\" \/>\n<meta name=\"robots\" content=\"index, follow, max-snippet:-1, max-image-preview:large, max-video-preview:-1\" \/>\n<link rel=\"canonical\" href=\"https:\/\/antderground.com\/en\/product\/echeveria-pulidonis\/\" \/>\n<meta property=\"og:locale\" content=\"en_US\" \/>\n<meta property=\"og:type\" content=\"article\" \/>\n<meta property=\"og:title\" content=\"Echeveria Pulidonis | plant store - ANTDERGROUND\" \/>\n<meta property=\"og:description\" content=\"Discover Echeveria pulidonis \ud83c\udf35, an easy-care succulent with green leaves and red edges. Perfect for bright interiors or sunny patios!\" \/>\n<meta property=\"og:url\" content=\"https:\/\/antderground.com\/en\/product\/echeveria-pulidonis\/\" \/>\n<meta property=\"og:site_name\" content=\"ANTDERGROUND\" \/>\n<meta property=\"article:modified_time\" content=\"2025-12-08T23:32:47+00:00\" \/>\n<meta property=\"og:image\" content=\"https:\/\/antderground.com\/wp-content\/uploads\/2025\/04\/Echeveria-Pulidonis.jpg\" \/>\n\t<meta property=\"og:image:width\" content=\"1280\" \/>\n\t<meta property=\"og:image:height\" content=\"1280\" \/>\n\t<meta property=\"og:image:type\" content=\"image\/jpeg\" \/>\n<meta name=\"twitter:card\" content=\"summary_large_image\" \/>\n<meta name=\"twitter:label1\" content=\"Est. reading time\" \/>\n\t<meta name=\"twitter:data1\" content=\"1 minute\" \/>\n<script type=\"application\/ld+json\" class=\"yoast-schema-graph\">{\"@context\":\"https:\\\/\\\/schema.org\",\"@graph\":[{\"@type\":\"WebPage\",\"@id\":\"https:\\\/\\\/antderground.com\\\/en\\\/product\\\/echeveria-pulidonis\\\/\",\"url\":\"https:\\\/\\\/antderground.com\\\/en\\\/product\\\/echeveria-pulidonis\\\/\",\"name\":\"Echeveria Pulidonis | plant store - ANTDERGROUND\",\"isPartOf\":{\"@id\":\"https:\\\/\\\/antderground.com\\\/en\\\/#website\"},\"primaryImageOfPage\":{\"@id\":\"https:\\\/\\\/antderground.com\\\/en\\\/product\\\/echeveria-pulidonis\\\/#primaryimage\"},\"image\":{\"@id\":\"https:\\\/\\\/antderground.com\\\/en\\\/product\\\/echeveria-pulidonis\\\/#primaryimage\"},\"thumbnailUrl\":\"https:\\\/\\\/antderground.com\\\/wp-content\\\/uploads\\\/2025\\\/04\\\/Echeveria-Pulidonis.jpg\",\"datePublished\":\"2025-04-20T20:23:39+00:00\",\"dateModified\":\"2025-12-08T23:32:47+00:00\",\"description\":\"Discover Echeveria pulidonis \ud83c\udf35, an easy-care succulent with green leaves and red edges. Perfect for bright interiors or sunny patios!\",\"breadcrumb\":{\"@id\":\"https:\\\/\\\/antderground.com\\\/en\\\/product\\\/echeveria-pulidonis\\\/#breadcrumb\"},\"inLanguage\":\"en-US\",\"potentialAction\":[{\"@type\":\"ReadAction\",\"target\":[\"https:\\\/\\\/antderground.com\\\/en\\\/product\\\/echeveria-pulidonis\\\/\"]}]},{\"@type\":\"ImageObject\",\"inLanguage\":\"en-US\",\"@id\":\"https:\\\/\\\/antderground.com\\\/en\\\/product\\\/echeveria-pulidonis\\\/#primaryimage\",\"url\":\"https:\\\/\\\/antderground.com\\\/wp-content\\\/uploads\\\/2025\\\/04\\\/Echeveria-Pulidonis.jpg\",\"contentUrl\":\"https:\\\/\\\/antderground.com\\\/wp-content\\\/uploads\\\/2025\\\/04\\\/Echeveria-Pulidonis.jpg\",\"width\":1280,\"height\":1280,\"caption\":\"Echeveria Pulidonis\"},{\"@type\":\"BreadcrumbList\",\"@id\":\"https:\\\/\\\/antderground.com\\\/en\\\/product\\\/echeveria-pulidonis\\\/#breadcrumb\",\"itemListElement\":[{\"@type\":\"ListItem\",\"position\":1,\"name\":\"Portada\",\"item\":\"https:\\\/\\\/antderground.com\\\/en\\\/\"},{\"@type\":\"ListItem\",\"position\":2,\"name\":\"Products\",\"item\":\"https:\\\/\\\/antderground.com\\\/en\\\/myrmecology-store\\\/\"},{\"@type\":\"ListItem\",\"position\":3,\"name\":\"Echeveria Pulidonis\"}]},{\"@type\":\"WebSite\",\"@id\":\"https:\\\/\\\/antderground.com\\\/en\\\/#website\",\"url\":\"https:\\\/\\\/antderground.com\\\/en\\\/\",\"name\":\"ANTDERGROUND\",\"description\":\"Tu tienda de hormigas, gran variedad de hormigueros acr\u00edlicos,madera,arena,3D y mas.. Pide tus hormigas gratis con tu pedido, somos expertos en hormigueros antifugas.\",\"publisher\":{\"@id\":\"https:\\\/\\\/antderground.com\\\/en\\\/#\\\/schema\\\/person\\\/0e322c505e84fe72c65e2f6d08f96b81\"},\"alternateName\":\"Antderground\",\"potentialAction\":[{\"@type\":\"SearchAction\",\"target\":{\"@type\":\"EntryPoint\",\"urlTemplate\":\"https:\\\/\\\/antderground.com\\\/en\\\/?s={search_term_string}\"},\"query-input\":{\"@type\":\"PropertyValueSpecification\",\"valueRequired\":true,\"valueName\":\"search_term_string\"}}],\"inLanguage\":\"en-US\"},{\"@type\":[\"Person\",\"Organization\"],\"@id\":\"https:\\\/\\\/antderground.com\\\/en\\\/#\\\/schema\\\/person\\\/0e322c505e84fe72c65e2f6d08f96b81\",\"name\":\"Eric de Antderground\",\"image\":{\"@type\":\"ImageObject\",\"inLanguage\":\"en-US\",\"@id\":\"https:\\\/\\\/secure.gravatar.com\\\/avatar\\\/c49a1b9f79216d1498cb73c1e85cd47f4465dda35f2a94c03790d491bd4423c3?s=96&d=mm&r=g\",\"url\":\"https:\\\/\\\/secure.gravatar.com\\\/avatar\\\/c49a1b9f79216d1498cb73c1e85cd47f4465dda35f2a94c03790d491bd4423c3?s=96&d=mm&r=g\",\"contentUrl\":\"https:\\\/\\\/secure.gravatar.com\\\/avatar\\\/c49a1b9f79216d1498cb73c1e85cd47f4465dda35f2a94c03790d491bd4423c3?s=96&d=mm&r=g\",\"caption\":\"Eric de Antderground\"},\"logo\":{\"@id\":\"https:\\\/\\\/secure.gravatar.com\\\/avatar\\\/c49a1b9f79216d1498cb73c1e85cd47f4465dda35f2a94c03790d491bd4423c3?s=96&d=mm&r=g\"},\"description\":\"Eric es el especialista y fundador de Antderground, con una amplia trayectoria en artr\u00f3podos y enfocado en la mirmecolog\u00eda y el dise\u00f1o de hormigueros artificiales. Su enfoque combina la innovaci\u00f3n t\u00e9cnica con el respeto por la biolog\u00eda de las hormigas, is\u00f3podos y otros, desarrollando sistemas de nidos modulares 3D y acr\u00edlicos que son referentes para aficionados y profesionales en toda Europa. Su objetivo es facilitar la cr\u00eda de hormigas y otros artr\u00f3podos mediante soluciones seguras y divulgaci\u00f3n de calidad.\",\"sameAs\":[\"https:\\\/\\\/antderground.com\\\/\",\"https:\\\/\\\/www.youtube.com\\\/channel\\\/UCio72z7TlbufkAthAJIJfPw\"]}]}<\/script>\n<!-- \/ Yoast SEO plugin. -->","yoast_head_json":{"title":"Echeveria Pulidonis | plant store - ANTDERGROUND","description":"Discover Echeveria pulidonis \ud83c\udf35, an easy-care succulent with green leaves and red edges. Perfect for bright interiors or sunny patios!","robots":{"index":"index","follow":"follow","max-snippet":"max-snippet:-1","max-image-preview":"max-image-preview:large","max-video-preview":"max-video-preview:-1"},"canonical":"https:\/\/antderground.com\/en\/product\/echeveria-pulidonis\/","og_locale":"en_US","og_type":"article","og_title":"Echeveria Pulidonis | plant store - ANTDERGROUND","og_description":"Discover Echeveria pulidonis \ud83c\udf35, an easy-care succulent with green leaves and red edges. Perfect for bright interiors or sunny patios!","og_url":"https:\/\/antderground.com\/en\/product\/echeveria-pulidonis\/","og_site_name":"ANTDERGROUND","article_modified_time":"2025-12-08T23:32:47+00:00","og_image":[{"width":1280,"height":1280,"url":"https:\/\/antderground.com\/wp-content\/uploads\/2025\/04\/Echeveria-Pulidonis.jpg","type":"image\/jpeg"}],"twitter_card":"summary_large_image","twitter_misc":{"Est. reading time":"1 minute"},"schema":{"@context":"https:\/\/schema.org","@graph":[{"@type":"WebPage","@id":"https:\/\/antderground.com\/en\/product\/echeveria-pulidonis\/","url":"https:\/\/antderground.com\/en\/product\/echeveria-pulidonis\/","name":"Echeveria Pulidonis | plant store - ANTDERGROUND","isPartOf":{"@id":"https:\/\/antderground.com\/en\/#website"},"primaryImageOfPage":{"@id":"https:\/\/antderground.com\/en\/product\/echeveria-pulidonis\/#primaryimage"},"image":{"@id":"https:\/\/antderground.com\/en\/product\/echeveria-pulidonis\/#primaryimage"},"thumbnailUrl":"https:\/\/antderground.com\/wp-content\/uploads\/2025\/04\/Echeveria-Pulidonis.jpg","datePublished":"2025-04-20T20:23:39+00:00","dateModified":"2025-12-08T23:32:47+00:00","description":"Discover Echeveria pulidonis \ud83c\udf35, an easy-care succulent with green leaves and red edges. Perfect for bright interiors or sunny patios!","breadcrumb":{"@id":"https:\/\/antderground.com\/en\/product\/echeveria-pulidonis\/#breadcrumb"},"inLanguage":"en-US","potentialAction":[{"@type":"ReadAction","target":["https:\/\/antderground.com\/en\/product\/echeveria-pulidonis\/"]}]},{"@type":"ImageObject","inLanguage":"en-US","@id":"https:\/\/antderground.com\/en\/product\/echeveria-pulidonis\/#primaryimage","url":"https:\/\/antderground.com\/wp-content\/uploads\/2025\/04\/Echeveria-Pulidonis.jpg","contentUrl":"https:\/\/antderground.com\/wp-content\/uploads\/2025\/04\/Echeveria-Pulidonis.jpg","width":1280,"height":1280,"caption":"Echeveria Pulidonis"},{"@type":"BreadcrumbList","@id":"https:\/\/antderground.com\/en\/product\/echeveria-pulidonis\/#breadcrumb","itemListElement":[{"@type":"ListItem","position":1,"name":"Portada","item":"https:\/\/antderground.com\/en\/"},{"@type":"ListItem","position":2,"name":"Products","item":"https:\/\/antderground.com\/en\/myrmecology-store\/"},{"@type":"ListItem","position":3,"name":"Echeveria Pulidonis"}]},{"@type":"WebSite","@id":"https:\/\/antderground.com\/en\/#website","url":"https:\/\/antderground.com\/en\/","name":"ANTDERGROUND","description":"Tu tienda de hormigas, gran variedad de hormigueros acr\u00edlicos,madera,arena,3D y mas.. Pide tus hormigas gratis con tu pedido, somos expertos en hormigueros antifugas.","publisher":{"@id":"https:\/\/antderground.com\/en\/#\/schema\/person\/0e322c505e84fe72c65e2f6d08f96b81"},"alternateName":"Antderground","potentialAction":[{"@type":"SearchAction","target":{"@type":"EntryPoint","urlTemplate":"https:\/\/antderground.com\/en\/?s={search_term_string}"},"query-input":{"@type":"PropertyValueSpecification","valueRequired":true,"valueName":"search_term_string"}}],"inLanguage":"en-US"},{"@type":["Person","Organization"],"@id":"https:\/\/antderground.com\/en\/#\/schema\/person\/0e322c505e84fe72c65e2f6d08f96b81","name":"Eric de Antderground","image":{"@type":"ImageObject","inLanguage":"en-US","@id":"https:\/\/secure.gravatar.com\/avatar\/c49a1b9f79216d1498cb73c1e85cd47f4465dda35f2a94c03790d491bd4423c3?s=96&d=mm&r=g","url":"https:\/\/secure.gravatar.com\/avatar\/c49a1b9f79216d1498cb73c1e85cd47f4465dda35f2a94c03790d491bd4423c3?s=96&d=mm&r=g","contentUrl":"https:\/\/secure.gravatar.com\/avatar\/c49a1b9f79216d1498cb73c1e85cd47f4465dda35f2a94c03790d491bd4423c3?s=96&d=mm&r=g","caption":"Eric de Antderground"},"logo":{"@id":"https:\/\/secure.gravatar.com\/avatar\/c49a1b9f79216d1498cb73c1e85cd47f4465dda35f2a94c03790d491bd4423c3?s=96&d=mm&r=g"},"description":"Eric es el especialista y fundador de Antderground, con una amplia trayectoria en artr\u00f3podos y enfocado en la mirmecolog\u00eda y el dise\u00f1o de hormigueros artificiales. Su enfoque combina la innovaci\u00f3n t\u00e9cnica con el respeto por la biolog\u00eda de las hormigas, is\u00f3podos y otros, desarrollando sistemas de nidos modulares 3D y acr\u00edlicos que son referentes para aficionados y profesionales en toda Europa. Su objetivo es facilitar la cr\u00eda de hormigas y otros artr\u00f3podos mediante soluciones seguras y divulgaci\u00f3n de calidad.","sameAs":["https:\/\/antderground.com\/","https:\/\/www.youtube.com\/channel\/UCio72z7TlbufkAthAJIJfPw"]}]}},"_links":{"self":[{"href":"https:\/\/antderground.com\/en\/wp-json\/wp\/v2\/product\/42125","targetHints":{"allow":["GET"]}}],"collection":[{"href":"https:\/\/antderground.com\/en\/wp-json\/wp\/v2\/product"}],"about":[{"href":"https:\/\/antderground.com\/en\/wp-json\/wp\/v2\/types\/product"}],"version-history":[{"count":0,"href":"https:\/\/antderground.com\/en\/wp-json\/wp\/v2\/product\/42125\/revisions"}],"wp:featuredmedia":[{"embeddable":true,"href":"https:\/\/antderground.com\/en\/wp-json\/wp\/v2\/media\/41915"}],"wp:attachment":[{"href":"https:\/\/antderground.com\/en\/wp-json\/wp\/v2\/media?parent=42125"}],"wp:term":[{"taxonomy":"product_brand","embeddable":true,"href":"https:\/\/antderground.com\/en\/wp-json\/wp\/v2\/product_brand?post=42125"},{"taxonomy":"product_cat","embeddable":true,"href":"https:\/\/antderground.com\/en\/wp-json\/wp\/v2\/product_cat?post=42125"},{"taxonomy":"product_tag","embeddable":true,"href":"https:\/\/antderground.com\/en\/wp-json\/wp\/v2\/product_tag?post=42125"}],"curies":[{"name":"wp","href":"https:\/\/api.w.org\/{rel}","templated":true}]}}