{"id":42154,"date":"2025-04-18T21:03:52","date_gmt":"2025-04-18T19:03:52","guid":{"rendered":"https:\/\/www.antderground.com\/producto\/pleiospilos-nelii\/"},"modified":"2025-07-24T17:20:25","modified_gmt":"2025-07-24T15:20:25","slug":"pleiospilos-nelii","status":"publish","type":"product","link":"https:\/\/antderground.com\/en\/product\/pleiospilos-nelii\/","title":{"rendered":"Pleiospilos nelii"},"content":{"rendered":"<h3 class=\"\" data-start=\"147\" data-end=\"191\">\ud83c\udf3f Technical Sheet \u2013 <em data-start=\"172\" data-end=\"191\">Pleiospilos nelii<\/em><\/h3>\n<p class=\"\" data-start=\"193\" data-end=\"329\"><strong data-start=\"193\" data-end=\"209\">Common name:<\/strong> Split rock, mimicry plant<br data-start=\"235\" data-end=\"238\" \/><strong data-start=\"238\" data-end=\"258\">Scientific name:<\/strong> <em data-start=\"259\" data-end=\"278\">Pleiospilos nelii<\/em><br data-start=\"278\" data-end=\"281\" \/><strong data-start=\"281\" data-end=\"292\">Family:<\/strong> Aizoaceae<br data-start=\"302\" data-end=\"305\" \/><strong data-start=\"305\" data-end=\"316\">Origin:<\/strong> South Africa<\/p>\n<h3 class=\"\" data-start=\"331\" data-end=\"351\">\ud83d\udcdd Description<\/h3>\n<p class=\"\" data-start=\"352\" data-end=\"751\"><em data-start=\"352\" data-end=\"371\">Pleiospilos nelii<\/em> is a perennial succulent with a unique, stone-like appearance that resembles a rock split in half. This natural camouflage makes it highly valued in succulent collections and rock gardens. It usually has one or two thick, rounded leaves in a grey-green tone with darker speckles. It blooms in late winter or early spring with large, daisy-like flowers in bright yellow or orange.<\/p>\n<h3 class=\"\" data-start=\"753\" data-end=\"781\">\ud83c\udf1e Light and placement<\/h3>\n<p class=\"\" data-start=\"782\" data-end=\"1005\"><strong data-start=\"782\" data-end=\"792\">Light:<\/strong> Requires plenty of natural light. Ideal in sunny spots but can tolerate partial shade.<br data-start=\"879\" data-end=\"882\" \/><strong data-start=\"882\" data-end=\"896\">Placement:<\/strong> Outdoors in warm climates or indoors in very bright spaces. Avoid direct sunlight during peak hours indoors.<\/p>\n<h3 class=\"\" data-start=\"1007\" data-end=\"1024\">\ud83d\udca7 Watering<\/h3>\n<p class=\"\" data-start=\"1025\" data-end=\"1208\"><strong data-start=\"1025\" data-end=\"1039\">Frequency:<\/strong> Very infrequent. Water only when the soil is completely dry.<br data-start=\"1100\" data-end=\"1103\" \/><strong data-start=\"1103\" data-end=\"1116\">Dormancy:<\/strong> Reduce or stop watering in winter.<br data-start=\"1151\" data-end=\"1154\" \/><strong data-start=\"1154\" data-end=\"1164\">Avoid:<\/strong> Overwatering, as it is highly prone to rot.<\/p>\n<h3 class=\"\" data-start=\"1210\" data-end=\"1231\">\ud83c\udf21\ufe0f Temperature<\/h3>\n<p class=\"\" data-start=\"1232\" data-end=\"1354\"><strong data-start=\"1232\" data-end=\"1244\">Optimal:<\/strong> Between 18 \u00baC and 28 \u00baC (64\u201382 \u00baF)<br data-start=\"1279\" data-end=\"1282\" \/><strong data-start=\"1282\" data-end=\"1304\">Minimum tolerated:<\/strong> 5 \u00baC (41 \u00baF). Protect from frost or extreme cold.<\/p>\n<h3 class=\"\" data-start=\"1356\" data-end=\"1369\">\ud83c\udf31 Soil<\/h3>\n<p class=\"\" data-start=\"1370\" data-end=\"1508\">Well-draining substrate, ideal for cacti and succulents.<br data-start=\"1426\" data-end=\"1429\" \/>Can be mixed with coarse sand, perlite, or volcanic gravel for better drainage.<\/p>\n<h3 class=\"\" data-start=\"1510\" data-end=\"1528\">\ud83c\udf3c Flowering<\/h3>\n<p class=\"\" data-start=\"1529\" data-end=\"1681\"><strong data-start=\"1529\" data-end=\"1540\">Season:<\/strong> Late winter to early spring<br data-start=\"1568\" data-end=\"1571\" \/><strong data-start=\"1571\" data-end=\"1581\">Color:<\/strong> Bright yellow, occasionally orange<br data-start=\"1616\" data-end=\"1619\" \/><strong data-start=\"1619\" data-end=\"1629\">Notes:<\/strong> Flowers are large in proportion to the plant\u2019s size<\/p>\n<h3 class=\"\" data-start=\"1683\" data-end=\"1703\">\ud83c\udf3e Propagation<\/h3>\n<p class=\"\" data-start=\"1704\" data-end=\"1842\"><strong data-start=\"1704\" data-end=\"1717\">By seeds:<\/strong> Most common method. Germination in 1\u20133 weeks<br data-start=\"1762\" data-end=\"1765\" \/><strong data-start=\"1765\" data-end=\"1781\">By division:<\/strong> Less frequent, possible if the plant produces multiple heads<\/p>\n<h3 class=\"\" data-start=\"1844\" data-end=\"1861\">\ud83d\udc36 Toxicity<\/h3>\n<p class=\"\" data-start=\"1862\" data-end=\"1981\"><strong data-start=\"1862\" data-end=\"1872\">Toxic:<\/strong> Not considered toxic to pets.<br data-start=\"1911\" data-end=\"1914\" \/><strong data-start=\"1914\" data-end=\"1926\">Caution:<\/strong> While non-toxic, it is not recommended for consumption.<\/p>\n","protected":false},"excerpt":{"rendered":"<p class=\"\" data-start=\"2041\" data-end=\"2237\">A unique succulent that looks like a split rock: <em data-start=\"2090\" data-end=\"2109\">Pleiospilos nelii<\/em> stands out with its shape and bright yellow bloom \ud83c\udf3f A must-have for exotic plant lovers. Thrives indoors with plenty of light.<\/p>\n","protected":false},"featured_media":41892,"template":"","meta":[],"product_brand":[],"product_cat":[635],"product_tag":[],"class_list":{"0":"post-42154","1":"product","2":"type-product","3":"status-publish","4":"has-post-thumbnail","6":"product_cat-natural-plants","8":"first","9":"outofstock","10":"shipping-taxable","11":"purchasable","12":"product-type-simple"},"yoast_head":"<!-- This site is optimized with the Yoast SEO plugin v27.4 - https:\/\/yoast.com\/product\/yoast-seo-wordpress\/ -->\n<title>Pleiospilos nelii | Exotic plant lovers - ANTDERGROUND<\/title>\n<meta name=\"description\" content=\"Discover Pleiospilos nelii, the stone-like succulent with bright yellow flowers \ud83c\udf3c Perfect for well-lit interiors and rock garden displays.\" \/>\n<meta name=\"robots\" content=\"index, follow, max-snippet:-1, max-image-preview:large, max-video-preview:-1\" \/>\n<link rel=\"canonical\" href=\"https:\/\/antderground.com\/en\/product\/pleiospilos-nelii\/\" \/>\n<meta property=\"og:locale\" content=\"en_US\" \/>\n<meta property=\"og:type\" content=\"article\" \/>\n<meta property=\"og:title\" content=\"Pleiospilos nelii | Exotic plant lovers - ANTDERGROUND\" \/>\n<meta property=\"og:description\" content=\"Discover Pleiospilos nelii, the stone-like succulent with bright yellow flowers \ud83c\udf3c Perfect for well-lit interiors and rock garden displays.\" \/>\n<meta property=\"og:url\" content=\"https:\/\/antderground.com\/en\/product\/pleiospilos-nelii\/\" \/>\n<meta property=\"og:site_name\" content=\"ANTDERGROUND\" \/>\n<meta property=\"article:modified_time\" content=\"2025-07-24T15:20:25+00:00\" \/>\n<meta property=\"og:image\" content=\"https:\/\/antderground.com\/wp-content\/uploads\/2025\/04\/imatge1.jpg\" \/>\n\t<meta property=\"og:image:width\" content=\"1280\" \/>\n\t<meta property=\"og:image:height\" content=\"1280\" \/>\n\t<meta property=\"og:image:type\" content=\"image\/jpeg\" \/>\n<meta name=\"twitter:card\" content=\"summary_large_image\" \/>\n<meta name=\"twitter:label1\" content=\"Est. reading time\" \/>\n\t<meta name=\"twitter:data1\" content=\"1 minute\" \/>\n<script type=\"application\/ld+json\" class=\"yoast-schema-graph\">{\"@context\":\"https:\\\/\\\/schema.org\",\"@graph\":[{\"@type\":\"WebPage\",\"@id\":\"https:\\\/\\\/antderground.com\\\/en\\\/product\\\/pleiospilos-nelii\\\/\",\"url\":\"https:\\\/\\\/antderground.com\\\/en\\\/product\\\/pleiospilos-nelii\\\/\",\"name\":\"Pleiospilos nelii | Exotic plant lovers - ANTDERGROUND\",\"isPartOf\":{\"@id\":\"https:\\\/\\\/antderground.com\\\/en\\\/#website\"},\"primaryImageOfPage\":{\"@id\":\"https:\\\/\\\/antderground.com\\\/en\\\/product\\\/pleiospilos-nelii\\\/#primaryimage\"},\"image\":{\"@id\":\"https:\\\/\\\/antderground.com\\\/en\\\/product\\\/pleiospilos-nelii\\\/#primaryimage\"},\"thumbnailUrl\":\"https:\\\/\\\/antderground.com\\\/wp-content\\\/uploads\\\/2025\\\/04\\\/imatge1.jpg\",\"datePublished\":\"2025-04-18T19:03:52+00:00\",\"dateModified\":\"2025-07-24T15:20:25+00:00\",\"description\":\"Discover Pleiospilos nelii, the stone-like succulent with bright yellow flowers \ud83c\udf3c Perfect for well-lit interiors and rock garden displays.\",\"breadcrumb\":{\"@id\":\"https:\\\/\\\/antderground.com\\\/en\\\/product\\\/pleiospilos-nelii\\\/#breadcrumb\"},\"inLanguage\":\"en-US\",\"potentialAction\":[{\"@type\":\"ReadAction\",\"target\":[\"https:\\\/\\\/antderground.com\\\/en\\\/product\\\/pleiospilos-nelii\\\/\"]}]},{\"@type\":\"ImageObject\",\"inLanguage\":\"en-US\",\"@id\":\"https:\\\/\\\/antderground.com\\\/en\\\/product\\\/pleiospilos-nelii\\\/#primaryimage\",\"url\":\"https:\\\/\\\/antderground.com\\\/wp-content\\\/uploads\\\/2025\\\/04\\\/imatge1.jpg\",\"contentUrl\":\"https:\\\/\\\/antderground.com\\\/wp-content\\\/uploads\\\/2025\\\/04\\\/imatge1.jpg\",\"width\":1280,\"height\":1280,\"caption\":\"la suculenta Pleiospilos nelii, una planta ex\u00f3tica\"},{\"@type\":\"BreadcrumbList\",\"@id\":\"https:\\\/\\\/antderground.com\\\/en\\\/product\\\/pleiospilos-nelii\\\/#breadcrumb\",\"itemListElement\":[{\"@type\":\"ListItem\",\"position\":1,\"name\":\"Portada\",\"item\":\"https:\\\/\\\/antderground.com\\\/en\\\/\"},{\"@type\":\"ListItem\",\"position\":2,\"name\":\"Products\",\"item\":\"https:\\\/\\\/antderground.com\\\/en\\\/myrmecology-store\\\/\"},{\"@type\":\"ListItem\",\"position\":3,\"name\":\"Pleiospilos nelii\"}]},{\"@type\":\"WebSite\",\"@id\":\"https:\\\/\\\/antderground.com\\\/en\\\/#website\",\"url\":\"https:\\\/\\\/antderground.com\\\/en\\\/\",\"name\":\"ANTDERGROUND\",\"description\":\"Tu tienda de hormigas, gran variedad de hormigueros acr\u00edlicos,madera,arena,3D y mas.. Pide tus hormigas gratis con tu pedido, somos expertos en hormigueros antifugas.\",\"publisher\":{\"@id\":\"https:\\\/\\\/antderground.com\\\/en\\\/#\\\/schema\\\/person\\\/0e322c505e84fe72c65e2f6d08f96b81\"},\"alternateName\":\"Antderground\",\"potentialAction\":[{\"@type\":\"SearchAction\",\"target\":{\"@type\":\"EntryPoint\",\"urlTemplate\":\"https:\\\/\\\/antderground.com\\\/en\\\/?s={search_term_string}\"},\"query-input\":{\"@type\":\"PropertyValueSpecification\",\"valueRequired\":true,\"valueName\":\"search_term_string\"}}],\"inLanguage\":\"en-US\"},{\"@type\":[\"Person\",\"Organization\"],\"@id\":\"https:\\\/\\\/antderground.com\\\/en\\\/#\\\/schema\\\/person\\\/0e322c505e84fe72c65e2f6d08f96b81\",\"name\":\"Eric de Antderground\",\"image\":{\"@type\":\"ImageObject\",\"inLanguage\":\"en-US\",\"@id\":\"https:\\\/\\\/secure.gravatar.com\\\/avatar\\\/c49a1b9f79216d1498cb73c1e85cd47f4465dda35f2a94c03790d491bd4423c3?s=96&d=mm&r=g\",\"url\":\"https:\\\/\\\/secure.gravatar.com\\\/avatar\\\/c49a1b9f79216d1498cb73c1e85cd47f4465dda35f2a94c03790d491bd4423c3?s=96&d=mm&r=g\",\"contentUrl\":\"https:\\\/\\\/secure.gravatar.com\\\/avatar\\\/c49a1b9f79216d1498cb73c1e85cd47f4465dda35f2a94c03790d491bd4423c3?s=96&d=mm&r=g\",\"caption\":\"Eric de Antderground\"},\"logo\":{\"@id\":\"https:\\\/\\\/secure.gravatar.com\\\/avatar\\\/c49a1b9f79216d1498cb73c1e85cd47f4465dda35f2a94c03790d491bd4423c3?s=96&d=mm&r=g\"},\"description\":\"Eric es el especialista y fundador de Antderground, con una amplia trayectoria en artr\u00f3podos y enfocado en la mirmecolog\u00eda y el dise\u00f1o de hormigueros artificiales. Su enfoque combina la innovaci\u00f3n t\u00e9cnica con el respeto por la biolog\u00eda de las hormigas, is\u00f3podos y otros, desarrollando sistemas de nidos modulares 3D y acr\u00edlicos que son referentes para aficionados y profesionales en toda Europa. Su objetivo es facilitar la cr\u00eda de hormigas y otros artr\u00f3podos mediante soluciones seguras y divulgaci\u00f3n de calidad.\",\"sameAs\":[\"https:\\\/\\\/antderground.com\\\/\",\"https:\\\/\\\/www.youtube.com\\\/channel\\\/UCio72z7TlbufkAthAJIJfPw\"]}]}<\/script>\n<!-- \/ Yoast SEO plugin. -->","yoast_head_json":{"title":"Pleiospilos nelii | Exotic plant lovers - ANTDERGROUND","description":"Discover Pleiospilos nelii, the stone-like succulent with bright yellow flowers \ud83c\udf3c Perfect for well-lit interiors and rock garden displays.","robots":{"index":"index","follow":"follow","max-snippet":"max-snippet:-1","max-image-preview":"max-image-preview:large","max-video-preview":"max-video-preview:-1"},"canonical":"https:\/\/antderground.com\/en\/product\/pleiospilos-nelii\/","og_locale":"en_US","og_type":"article","og_title":"Pleiospilos nelii | Exotic plant lovers - ANTDERGROUND","og_description":"Discover Pleiospilos nelii, the stone-like succulent with bright yellow flowers \ud83c\udf3c Perfect for well-lit interiors and rock garden displays.","og_url":"https:\/\/antderground.com\/en\/product\/pleiospilos-nelii\/","og_site_name":"ANTDERGROUND","article_modified_time":"2025-07-24T15:20:25+00:00","og_image":[{"width":1280,"height":1280,"url":"https:\/\/antderground.com\/wp-content\/uploads\/2025\/04\/imatge1.jpg","type":"image\/jpeg"}],"twitter_card":"summary_large_image","twitter_misc":{"Est. reading time":"1 minute"},"schema":{"@context":"https:\/\/schema.org","@graph":[{"@type":"WebPage","@id":"https:\/\/antderground.com\/en\/product\/pleiospilos-nelii\/","url":"https:\/\/antderground.com\/en\/product\/pleiospilos-nelii\/","name":"Pleiospilos nelii | Exotic plant lovers - ANTDERGROUND","isPartOf":{"@id":"https:\/\/antderground.com\/en\/#website"},"primaryImageOfPage":{"@id":"https:\/\/antderground.com\/en\/product\/pleiospilos-nelii\/#primaryimage"},"image":{"@id":"https:\/\/antderground.com\/en\/product\/pleiospilos-nelii\/#primaryimage"},"thumbnailUrl":"https:\/\/antderground.com\/wp-content\/uploads\/2025\/04\/imatge1.jpg","datePublished":"2025-04-18T19:03:52+00:00","dateModified":"2025-07-24T15:20:25+00:00","description":"Discover Pleiospilos nelii, the stone-like succulent with bright yellow flowers \ud83c\udf3c Perfect for well-lit interiors and rock garden displays.","breadcrumb":{"@id":"https:\/\/antderground.com\/en\/product\/pleiospilos-nelii\/#breadcrumb"},"inLanguage":"en-US","potentialAction":[{"@type":"ReadAction","target":["https:\/\/antderground.com\/en\/product\/pleiospilos-nelii\/"]}]},{"@type":"ImageObject","inLanguage":"en-US","@id":"https:\/\/antderground.com\/en\/product\/pleiospilos-nelii\/#primaryimage","url":"https:\/\/antderground.com\/wp-content\/uploads\/2025\/04\/imatge1.jpg","contentUrl":"https:\/\/antderground.com\/wp-content\/uploads\/2025\/04\/imatge1.jpg","width":1280,"height":1280,"caption":"la suculenta Pleiospilos nelii, una planta ex\u00f3tica"},{"@type":"BreadcrumbList","@id":"https:\/\/antderground.com\/en\/product\/pleiospilos-nelii\/#breadcrumb","itemListElement":[{"@type":"ListItem","position":1,"name":"Portada","item":"https:\/\/antderground.com\/en\/"},{"@type":"ListItem","position":2,"name":"Products","item":"https:\/\/antderground.com\/en\/myrmecology-store\/"},{"@type":"ListItem","position":3,"name":"Pleiospilos nelii"}]},{"@type":"WebSite","@id":"https:\/\/antderground.com\/en\/#website","url":"https:\/\/antderground.com\/en\/","name":"ANTDERGROUND","description":"Tu tienda de hormigas, gran variedad de hormigueros acr\u00edlicos,madera,arena,3D y mas.. Pide tus hormigas gratis con tu pedido, somos expertos en hormigueros antifugas.","publisher":{"@id":"https:\/\/antderground.com\/en\/#\/schema\/person\/0e322c505e84fe72c65e2f6d08f96b81"},"alternateName":"Antderground","potentialAction":[{"@type":"SearchAction","target":{"@type":"EntryPoint","urlTemplate":"https:\/\/antderground.com\/en\/?s={search_term_string}"},"query-input":{"@type":"PropertyValueSpecification","valueRequired":true,"valueName":"search_term_string"}}],"inLanguage":"en-US"},{"@type":["Person","Organization"],"@id":"https:\/\/antderground.com\/en\/#\/schema\/person\/0e322c505e84fe72c65e2f6d08f96b81","name":"Eric de Antderground","image":{"@type":"ImageObject","inLanguage":"en-US","@id":"https:\/\/secure.gravatar.com\/avatar\/c49a1b9f79216d1498cb73c1e85cd47f4465dda35f2a94c03790d491bd4423c3?s=96&d=mm&r=g","url":"https:\/\/secure.gravatar.com\/avatar\/c49a1b9f79216d1498cb73c1e85cd47f4465dda35f2a94c03790d491bd4423c3?s=96&d=mm&r=g","contentUrl":"https:\/\/secure.gravatar.com\/avatar\/c49a1b9f79216d1498cb73c1e85cd47f4465dda35f2a94c03790d491bd4423c3?s=96&d=mm&r=g","caption":"Eric de Antderground"},"logo":{"@id":"https:\/\/secure.gravatar.com\/avatar\/c49a1b9f79216d1498cb73c1e85cd47f4465dda35f2a94c03790d491bd4423c3?s=96&d=mm&r=g"},"description":"Eric es el especialista y fundador de Antderground, con una amplia trayectoria en artr\u00f3podos y enfocado en la mirmecolog\u00eda y el dise\u00f1o de hormigueros artificiales. Su enfoque combina la innovaci\u00f3n t\u00e9cnica con el respeto por la biolog\u00eda de las hormigas, is\u00f3podos y otros, desarrollando sistemas de nidos modulares 3D y acr\u00edlicos que son referentes para aficionados y profesionales en toda Europa. Su objetivo es facilitar la cr\u00eda de hormigas y otros artr\u00f3podos mediante soluciones seguras y divulgaci\u00f3n de calidad.","sameAs":["https:\/\/antderground.com\/","https:\/\/www.youtube.com\/channel\/UCio72z7TlbufkAthAJIJfPw"]}]}},"_links":{"self":[{"href":"https:\/\/antderground.com\/en\/wp-json\/wp\/v2\/product\/42154","targetHints":{"allow":["GET"]}}],"collection":[{"href":"https:\/\/antderground.com\/en\/wp-json\/wp\/v2\/product"}],"about":[{"href":"https:\/\/antderground.com\/en\/wp-json\/wp\/v2\/types\/product"}],"version-history":[{"count":0,"href":"https:\/\/antderground.com\/en\/wp-json\/wp\/v2\/product\/42154\/revisions"}],"wp:featuredmedia":[{"embeddable":true,"href":"https:\/\/antderground.com\/en\/wp-json\/wp\/v2\/media\/41892"}],"wp:attachment":[{"href":"https:\/\/antderground.com\/en\/wp-json\/wp\/v2\/media?parent=42154"}],"wp:term":[{"taxonomy":"product_brand","embeddable":true,"href":"https:\/\/antderground.com\/en\/wp-json\/wp\/v2\/product_brand?post=42154"},{"taxonomy":"product_cat","embeddable":true,"href":"https:\/\/antderground.com\/en\/wp-json\/wp\/v2\/product_cat?post=42154"},{"taxonomy":"product_tag","embeddable":true,"href":"https:\/\/antderground.com\/en\/wp-json\/wp\/v2\/product_tag?post=42154"}],"curies":[{"name":"wp","href":"https:\/\/api.w.org\/{rel}","templated":true}]}}