{"id":50152,"date":"2026-02-20T15:45:35","date_gmt":"2026-02-20T14:45:35","guid":{"rendered":"https:\/\/antderground.com\/producto\/orange-springtails-yuukianura-aphoruroides\/"},"modified":"2026-04-14T20:30:07","modified_gmt":"2026-04-14T18:30:07","slug":"orange-springtails-yuukianura-aphoruroides","status":"publish","type":"product","link":"https:\/\/antderground.com\/en\/product\/orange-springtails-yuukianura-aphoruroides\/","title":{"rendered":"Orange Springtails (Yuukianura aphoruroides)"},"content":{"rendered":"<h2><strong>Technical Sheet \u2013 Orange Springtails <em>Yuukianura aphoruroides<\/em><\/strong><\/h2>\n<p>Scientific Name: <em>Yuukianura aphoruroides<\/em><br \/>\nCommon Name: Orange Springtail<br \/>\nOrder: Collembola<br \/>\nFamily: Neanuridae<\/p>\n<p>Size: Approximately 1\u20132 mm.<\/p>\n<p>Coloration: Bright, uniform orange, easily visible on the substrate.<\/p>\n<p>Distribution: Native to Asia, now bred and distributed for terrarium use.<\/p>\n<p>Ideal Temperature: 20\u201326 \u00b0C. Can tolerate slightly lower ranges, but optimal reproduction occurs in medium-high temperatures.<\/p>\n<p>Humidity: Constant high humidity. Prefer moist substrates without waterlogging.<\/p>\n<p>Captive Habitat: Moist organic substrate such as coconut fiber, peat, or humus. Ventilated containers with good moisture retention. Ideal for tropical terrariums, bioactive setups, and paludariums.<\/p>\n<p>Feeding: Decomposing organic matter, fungi, mold, and plant debris. Can be supplemented with powdered yeast or microfauna food.<\/p>\n<p>Reproduction: Very fast under optimal humidity and temperature. Parthenogenetic species (do not require males), allowing easy colony growth.<\/p>\n<p>Role in Terrariums: Natural cleaning crew, control mold, decompose organic matter, and improve the ecosystem balance.<\/p>\n<p>Compatibility: Suitable for terrariums with small reptiles, amphibians, invertebrates, and isopods. Safe for animals and plants.<\/p>\n<p>Maintenance Level: Very easy. Perfect for beginners and advanced bioactive projects.<\/p>\n","protected":false},"excerpt":{"rendered":"<p>Orange Springtails (Yuukianura aphoruroides) are perfect for bioactive terrariums. They act as a natural cleanup crew, controlling mold and decomposing organic matter. Easy to care for with fast reproduction, they keep your ecosystem healthy and balanced.<\/p>\n","protected":false},"featured_media":50133,"template":"","meta":[],"product_brand":[],"product_cat":[840,201,663,479],"product_tag":[],"class_list":{"0":"post-50152","1":"product","2":"type-product","3":"status-publish","4":"has-post-thumbnail","6":"product_cat-collembola","7":"product_cat-food-for-ants","8":"product_cat-live-food","9":"product_cat-arthropods","11":"first","12":"instock","13":"sale","14":"shipping-taxable","15":"purchasable","16":"product-type-variable"},"yoast_head":"<!-- This site is optimized with the Yoast SEO plugin v27.4 - https:\/\/yoast.com\/product\/yoast-seo-wordpress\/ -->\n<title>Orange Springtails (Yuukianura aphoruroides) - ANTDERGROUND<\/title>\n<meta name=\"description\" content=\"Orange Springtails (Yuukianura aphoruroides) for bioactive terrariums. Control mold and keep substrate clean and balanced.\" \/>\n<meta name=\"robots\" content=\"index, follow, max-snippet:-1, max-image-preview:large, max-video-preview:-1\" \/>\n<link rel=\"canonical\" href=\"https:\/\/antderground.com\/en\/product\/orange-springtails-yuukianura-aphoruroides\/\" \/>\n<meta property=\"og:locale\" content=\"en_US\" \/>\n<meta property=\"og:type\" content=\"article\" \/>\n<meta property=\"og:title\" content=\"Orange Springtails (Yuukianura aphoruroides) - ANTDERGROUND\" \/>\n<meta property=\"og:description\" content=\"Orange Springtails (Yuukianura aphoruroides) for bioactive terrariums. Control mold and keep substrate clean and balanced.\" \/>\n<meta property=\"og:url\" content=\"https:\/\/antderground.com\/en\/product\/orange-springtails-yuukianura-aphoruroides\/\" \/>\n<meta property=\"og:site_name\" content=\"ANTDERGROUND\" \/>\n<meta property=\"article:modified_time\" content=\"2026-04-14T18:30:07+00:00\" \/>\n<meta property=\"og:image\" content=\"https:\/\/antderground.com\/wp-content\/uploads\/2026\/02\/Colembolos-Naranjas-Yuukianura-aphoruroides.jpeg\" \/>\n\t<meta property=\"og:image:width\" content=\"2048\" \/>\n\t<meta property=\"og:image:height\" content=\"2048\" \/>\n\t<meta property=\"og:image:type\" content=\"image\/jpeg\" \/>\n<meta name=\"twitter:card\" content=\"summary_large_image\" \/>\n<meta name=\"twitter:label1\" content=\"Est. reading time\" \/>\n\t<meta name=\"twitter:data1\" content=\"1 minute\" \/>\n<script type=\"application\/ld+json\" class=\"yoast-schema-graph\">{\"@context\":\"https:\\\/\\\/schema.org\",\"@graph\":[{\"@type\":\"WebPage\",\"@id\":\"https:\\\/\\\/antderground.com\\\/en\\\/product\\\/orange-springtails-yuukianura-aphoruroides\\\/\",\"url\":\"https:\\\/\\\/antderground.com\\\/en\\\/product\\\/orange-springtails-yuukianura-aphoruroides\\\/\",\"name\":\"Orange Springtails (Yuukianura aphoruroides) - ANTDERGROUND\",\"isPartOf\":{\"@id\":\"https:\\\/\\\/antderground.com\\\/en\\\/#website\"},\"primaryImageOfPage\":{\"@id\":\"https:\\\/\\\/antderground.com\\\/en\\\/product\\\/orange-springtails-yuukianura-aphoruroides\\\/#primaryimage\"},\"image\":{\"@id\":\"https:\\\/\\\/antderground.com\\\/en\\\/product\\\/orange-springtails-yuukianura-aphoruroides\\\/#primaryimage\"},\"thumbnailUrl\":\"https:\\\/\\\/antderground.com\\\/wp-content\\\/uploads\\\/2026\\\/02\\\/Colembolos-Naranjas-Yuukianura-aphoruroides.jpeg\",\"datePublished\":\"2026-02-20T14:45:35+00:00\",\"dateModified\":\"2026-04-14T18:30:07+00:00\",\"description\":\"Orange Springtails (Yuukianura aphoruroides) for bioactive terrariums. Control mold and keep substrate clean and balanced.\",\"breadcrumb\":{\"@id\":\"https:\\\/\\\/antderground.com\\\/en\\\/product\\\/orange-springtails-yuukianura-aphoruroides\\\/#breadcrumb\"},\"inLanguage\":\"en-US\",\"potentialAction\":[{\"@type\":\"ReadAction\",\"target\":[\"https:\\\/\\\/antderground.com\\\/en\\\/product\\\/orange-springtails-yuukianura-aphoruroides\\\/\"]}]},{\"@type\":\"ImageObject\",\"inLanguage\":\"en-US\",\"@id\":\"https:\\\/\\\/antderground.com\\\/en\\\/product\\\/orange-springtails-yuukianura-aphoruroides\\\/#primaryimage\",\"url\":\"https:\\\/\\\/antderground.com\\\/wp-content\\\/uploads\\\/2026\\\/02\\\/Colembolos-Naranjas-Yuukianura-aphoruroides.jpeg\",\"contentUrl\":\"https:\\\/\\\/antderground.com\\\/wp-content\\\/uploads\\\/2026\\\/02\\\/Colembolos-Naranjas-Yuukianura-aphoruroides.jpeg\",\"width\":2048,\"height\":2048,\"caption\":\"Orange Springtails (Yuukianura aphoruroides)\"},{\"@type\":\"BreadcrumbList\",\"@id\":\"https:\\\/\\\/antderground.com\\\/en\\\/product\\\/orange-springtails-yuukianura-aphoruroides\\\/#breadcrumb\",\"itemListElement\":[{\"@type\":\"ListItem\",\"position\":1,\"name\":\"Portada\",\"item\":\"https:\\\/\\\/antderground.com\\\/en\\\/\"},{\"@type\":\"ListItem\",\"position\":2,\"name\":\"Products\",\"item\":\"https:\\\/\\\/antderground.com\\\/en\\\/myrmecology-store\\\/\"},{\"@type\":\"ListItem\",\"position\":3,\"name\":\"Orange Springtails (Yuukianura aphoruroides)\"}]},{\"@type\":\"WebSite\",\"@id\":\"https:\\\/\\\/antderground.com\\\/en\\\/#website\",\"url\":\"https:\\\/\\\/antderground.com\\\/en\\\/\",\"name\":\"ANTDERGROUND\",\"description\":\"Tu tienda de hormigas, gran variedad de hormigueros acr\u00edlicos,madera,arena,3D y mas.. Pide tus hormigas gratis con tu pedido, somos expertos en hormigueros antifugas.\",\"publisher\":{\"@id\":\"https:\\\/\\\/antderground.com\\\/en\\\/#\\\/schema\\\/person\\\/0e322c505e84fe72c65e2f6d08f96b81\"},\"alternateName\":\"Antderground\",\"potentialAction\":[{\"@type\":\"SearchAction\",\"target\":{\"@type\":\"EntryPoint\",\"urlTemplate\":\"https:\\\/\\\/antderground.com\\\/en\\\/?s={search_term_string}\"},\"query-input\":{\"@type\":\"PropertyValueSpecification\",\"valueRequired\":true,\"valueName\":\"search_term_string\"}}],\"inLanguage\":\"en-US\"},{\"@type\":[\"Person\",\"Organization\"],\"@id\":\"https:\\\/\\\/antderground.com\\\/en\\\/#\\\/schema\\\/person\\\/0e322c505e84fe72c65e2f6d08f96b81\",\"name\":\"Eric de Antderground\",\"image\":{\"@type\":\"ImageObject\",\"inLanguage\":\"en-US\",\"@id\":\"https:\\\/\\\/secure.gravatar.com\\\/avatar\\\/c49a1b9f79216d1498cb73c1e85cd47f4465dda35f2a94c03790d491bd4423c3?s=96&d=mm&r=g\",\"url\":\"https:\\\/\\\/secure.gravatar.com\\\/avatar\\\/c49a1b9f79216d1498cb73c1e85cd47f4465dda35f2a94c03790d491bd4423c3?s=96&d=mm&r=g\",\"contentUrl\":\"https:\\\/\\\/secure.gravatar.com\\\/avatar\\\/c49a1b9f79216d1498cb73c1e85cd47f4465dda35f2a94c03790d491bd4423c3?s=96&d=mm&r=g\",\"caption\":\"Eric de Antderground\"},\"logo\":{\"@id\":\"https:\\\/\\\/secure.gravatar.com\\\/avatar\\\/c49a1b9f79216d1498cb73c1e85cd47f4465dda35f2a94c03790d491bd4423c3?s=96&d=mm&r=g\"},\"description\":\"Eric es el especialista y fundador de Antderground, con una amplia trayectoria en artr\u00f3podos y enfocado en la mirmecolog\u00eda y el dise\u00f1o de hormigueros artificiales. Su enfoque combina la innovaci\u00f3n t\u00e9cnica con el respeto por la biolog\u00eda de las hormigas, is\u00f3podos y otros, desarrollando sistemas de nidos modulares 3D y acr\u00edlicos que son referentes para aficionados y profesionales en toda Europa. Su objetivo es facilitar la cr\u00eda de hormigas y otros artr\u00f3podos mediante soluciones seguras y divulgaci\u00f3n de calidad.\",\"sameAs\":[\"https:\\\/\\\/antderground.com\\\/\",\"https:\\\/\\\/www.youtube.com\\\/channel\\\/UCio72z7TlbufkAthAJIJfPw\"]}]}<\/script>\n<!-- \/ Yoast SEO plugin. -->","yoast_head_json":{"title":"Orange Springtails (Yuukianura aphoruroides) - ANTDERGROUND","description":"Orange Springtails (Yuukianura aphoruroides) for bioactive terrariums. Control mold and keep substrate clean and balanced.","robots":{"index":"index","follow":"follow","max-snippet":"max-snippet:-1","max-image-preview":"max-image-preview:large","max-video-preview":"max-video-preview:-1"},"canonical":"https:\/\/antderground.com\/en\/product\/orange-springtails-yuukianura-aphoruroides\/","og_locale":"en_US","og_type":"article","og_title":"Orange Springtails (Yuukianura aphoruroides) - ANTDERGROUND","og_description":"Orange Springtails (Yuukianura aphoruroides) for bioactive terrariums. Control mold and keep substrate clean and balanced.","og_url":"https:\/\/antderground.com\/en\/product\/orange-springtails-yuukianura-aphoruroides\/","og_site_name":"ANTDERGROUND","article_modified_time":"2026-04-14T18:30:07+00:00","og_image":[{"width":2048,"height":2048,"url":"https:\/\/antderground.com\/wp-content\/uploads\/2026\/02\/Colembolos-Naranjas-Yuukianura-aphoruroides.jpeg","type":"image\/jpeg"}],"twitter_card":"summary_large_image","twitter_misc":{"Est. reading time":"1 minute"},"schema":{"@context":"https:\/\/schema.org","@graph":[{"@type":"WebPage","@id":"https:\/\/antderground.com\/en\/product\/orange-springtails-yuukianura-aphoruroides\/","url":"https:\/\/antderground.com\/en\/product\/orange-springtails-yuukianura-aphoruroides\/","name":"Orange Springtails (Yuukianura aphoruroides) - ANTDERGROUND","isPartOf":{"@id":"https:\/\/antderground.com\/en\/#website"},"primaryImageOfPage":{"@id":"https:\/\/antderground.com\/en\/product\/orange-springtails-yuukianura-aphoruroides\/#primaryimage"},"image":{"@id":"https:\/\/antderground.com\/en\/product\/orange-springtails-yuukianura-aphoruroides\/#primaryimage"},"thumbnailUrl":"https:\/\/antderground.com\/wp-content\/uploads\/2026\/02\/Colembolos-Naranjas-Yuukianura-aphoruroides.jpeg","datePublished":"2026-02-20T14:45:35+00:00","dateModified":"2026-04-14T18:30:07+00:00","description":"Orange Springtails (Yuukianura aphoruroides) for bioactive terrariums. Control mold and keep substrate clean and balanced.","breadcrumb":{"@id":"https:\/\/antderground.com\/en\/product\/orange-springtails-yuukianura-aphoruroides\/#breadcrumb"},"inLanguage":"en-US","potentialAction":[{"@type":"ReadAction","target":["https:\/\/antderground.com\/en\/product\/orange-springtails-yuukianura-aphoruroides\/"]}]},{"@type":"ImageObject","inLanguage":"en-US","@id":"https:\/\/antderground.com\/en\/product\/orange-springtails-yuukianura-aphoruroides\/#primaryimage","url":"https:\/\/antderground.com\/wp-content\/uploads\/2026\/02\/Colembolos-Naranjas-Yuukianura-aphoruroides.jpeg","contentUrl":"https:\/\/antderground.com\/wp-content\/uploads\/2026\/02\/Colembolos-Naranjas-Yuukianura-aphoruroides.jpeg","width":2048,"height":2048,"caption":"Orange Springtails (Yuukianura aphoruroides)"},{"@type":"BreadcrumbList","@id":"https:\/\/antderground.com\/en\/product\/orange-springtails-yuukianura-aphoruroides\/#breadcrumb","itemListElement":[{"@type":"ListItem","position":1,"name":"Portada","item":"https:\/\/antderground.com\/en\/"},{"@type":"ListItem","position":2,"name":"Products","item":"https:\/\/antderground.com\/en\/myrmecology-store\/"},{"@type":"ListItem","position":3,"name":"Orange Springtails (Yuukianura aphoruroides)"}]},{"@type":"WebSite","@id":"https:\/\/antderground.com\/en\/#website","url":"https:\/\/antderground.com\/en\/","name":"ANTDERGROUND","description":"Tu tienda de hormigas, gran variedad de hormigueros acr\u00edlicos,madera,arena,3D y mas.. Pide tus hormigas gratis con tu pedido, somos expertos en hormigueros antifugas.","publisher":{"@id":"https:\/\/antderground.com\/en\/#\/schema\/person\/0e322c505e84fe72c65e2f6d08f96b81"},"alternateName":"Antderground","potentialAction":[{"@type":"SearchAction","target":{"@type":"EntryPoint","urlTemplate":"https:\/\/antderground.com\/en\/?s={search_term_string}"},"query-input":{"@type":"PropertyValueSpecification","valueRequired":true,"valueName":"search_term_string"}}],"inLanguage":"en-US"},{"@type":["Person","Organization"],"@id":"https:\/\/antderground.com\/en\/#\/schema\/person\/0e322c505e84fe72c65e2f6d08f96b81","name":"Eric de Antderground","image":{"@type":"ImageObject","inLanguage":"en-US","@id":"https:\/\/secure.gravatar.com\/avatar\/c49a1b9f79216d1498cb73c1e85cd47f4465dda35f2a94c03790d491bd4423c3?s=96&d=mm&r=g","url":"https:\/\/secure.gravatar.com\/avatar\/c49a1b9f79216d1498cb73c1e85cd47f4465dda35f2a94c03790d491bd4423c3?s=96&d=mm&r=g","contentUrl":"https:\/\/secure.gravatar.com\/avatar\/c49a1b9f79216d1498cb73c1e85cd47f4465dda35f2a94c03790d491bd4423c3?s=96&d=mm&r=g","caption":"Eric de Antderground"},"logo":{"@id":"https:\/\/secure.gravatar.com\/avatar\/c49a1b9f79216d1498cb73c1e85cd47f4465dda35f2a94c03790d491bd4423c3?s=96&d=mm&r=g"},"description":"Eric es el especialista y fundador de Antderground, con una amplia trayectoria en artr\u00f3podos y enfocado en la mirmecolog\u00eda y el dise\u00f1o de hormigueros artificiales. Su enfoque combina la innovaci\u00f3n t\u00e9cnica con el respeto por la biolog\u00eda de las hormigas, is\u00f3podos y otros, desarrollando sistemas de nidos modulares 3D y acr\u00edlicos que son referentes para aficionados y profesionales en toda Europa. Su objetivo es facilitar la cr\u00eda de hormigas y otros artr\u00f3podos mediante soluciones seguras y divulgaci\u00f3n de calidad.","sameAs":["https:\/\/antderground.com\/","https:\/\/www.youtube.com\/channel\/UCio72z7TlbufkAthAJIJfPw"]}]}},"_links":{"self":[{"href":"https:\/\/antderground.com\/en\/wp-json\/wp\/v2\/product\/50152","targetHints":{"allow":["GET"]}}],"collection":[{"href":"https:\/\/antderground.com\/en\/wp-json\/wp\/v2\/product"}],"about":[{"href":"https:\/\/antderground.com\/en\/wp-json\/wp\/v2\/types\/product"}],"version-history":[{"count":0,"href":"https:\/\/antderground.com\/en\/wp-json\/wp\/v2\/product\/50152\/revisions"}],"wp:featuredmedia":[{"embeddable":true,"href":"https:\/\/antderground.com\/en\/wp-json\/wp\/v2\/media\/50133"}],"wp:attachment":[{"href":"https:\/\/antderground.com\/en\/wp-json\/wp\/v2\/media?parent=50152"}],"wp:term":[{"taxonomy":"product_brand","embeddable":true,"href":"https:\/\/antderground.com\/en\/wp-json\/wp\/v2\/product_brand?post=50152"},{"taxonomy":"product_cat","embeddable":true,"href":"https:\/\/antderground.com\/en\/wp-json\/wp\/v2\/product_cat?post=50152"},{"taxonomy":"product_tag","embeddable":true,"href":"https:\/\/antderground.com\/en\/wp-json\/wp\/v2\/product_tag?post=50152"}],"curies":[{"name":"wp","href":"https:\/\/api.w.org\/{rel}","templated":true}]}}