{"id":8865,"date":"2019-07-03T23:42:48","date_gmt":"2019-07-03T21:42:48","guid":{"rendered":"https:\/\/www.antderground.com\/producto\/ant-nest-with-mushroom-and-sponge-10-x-10\/"},"modified":"2019-07-03T23:42:48","modified_gmt":"2019-07-03T21:42:48","slug":"ant-nest-with-mushroom-and-sponge-10-x-10","status":"publish","type":"product","link":"https:\/\/antderground.com\/en\/product\/ant-nest-with-mushroom-and-sponge-10-x-10\/","title":{"rendered":"Ant nest with mushroom and sponge (10 x 10)"},"content":{"rendered":"<p>Ant nest with mushroom and sponge (10 x 10)<\/p>\n<p>The ant nest model with mushroom and sponge (10 x 10) is a versatile and beautiful model due to its galleries in natural forms.<\/p>\n<p>It has a double humidity system, a mushroom and a small sponge to better control the humidity level.<\/p>\n<p>In this model the mushroom can be changed without having to fully open the ant farm.<\/p>\n<p>It is as simple as loosening the screw that holds the mushroom safety cap, and replacing it with a new mushroom.<\/p>\n<p>It has an entrance next to the foraging area, to be able to make moves or to connect to other ant hills or foraging boxes.<\/p>\n<p>We think of all the facilities to make the use of the ant nest as simple as possible.<\/p>\n<p>The dividing gates are sliding, so you decide when to open and when to close by just pushing it a few millimeters.<\/p>\n<p>AND THE WATER ?<\/p>\n<p>We also think about it.<\/p>\n<p>The mushroom tank can be filled from above through a hole.<\/p>\n<p>In the case of having to empty the tank, you can also remove 2 nuts.<\/p>\n<p>WHY SO MUCH SCREWS?<\/p>\n<p>At first it may seem cumbersome, but it is not.<\/p>\n<p>The amount of screws is just enough and necessary so that once it is assembled, and with the ants inside, it moves as little as possible to avoid disturbing the ants.<\/p>\n<p>A quality anthill, designed to enjoy your colony from the first moment.<\/p>\n","protected":false},"excerpt":{"rendered":"<p>Size 10 x 10.<br \/>\n1.2 Interior height.<br \/>\nSliding doors.<br \/>\nMushroom + sponge.<br \/>\nSmall foraging area.<\/p>\n","protected":false},"featured_media":14271,"template":"","meta":[],"product_brand":[],"product_cat":[207,212],"product_tag":[],"class_list":{"0":"post-8865","1":"product","2":"type-product","3":"status-publish","4":"has-post-thumbnail","6":"product_cat-ant-nests","7":"product_cat-mushroom-and-sponge","9":"first","10":"instock","11":"shipping-taxable","12":"purchasable","13":"product-type-simple"},"yoast_head":"<!-- This site is optimized with the Yoast SEO plugin v27.3 - https:\/\/yoast.com\/product\/yoast-seo-wordpress\/ -->\n<title>Ant nest with mushroom and sponge 10 x 10 - Antderground<\/title>\n<meta name=\"description\" content=\"Anthill with mushroom and methacrylate sponge size 10 x 10. Versatile anthill for species that need moisture. Quality anthill for the whole family.\" \/>\n<meta name=\"robots\" content=\"index, follow, max-snippet:-1, max-image-preview:large, max-video-preview:-1\" \/>\n<link rel=\"canonical\" href=\"https:\/\/antderground.com\/en\/product\/ant-nest-with-mushroom-and-sponge-10-x-10\/\" \/>\n<meta property=\"og:locale\" content=\"en_US\" \/>\n<meta property=\"og:type\" content=\"article\" \/>\n<meta property=\"og:title\" content=\"Ant nest with mushroom and sponge 10 x 10 - Antderground\" \/>\n<meta property=\"og:description\" content=\"Anthill with mushroom and methacrylate sponge size 10 x 10. Versatile anthill for species that need moisture. Quality anthill for the whole family.\" \/>\n<meta property=\"og:url\" content=\"https:\/\/antderground.com\/en\/product\/ant-nest-with-mushroom-and-sponge-10-x-10\/\" \/>\n<meta property=\"og:site_name\" content=\"ANTDERGROUND\" \/>\n<meta property=\"og:image\" content=\"https:\/\/antderground.com\/wp-content\/uploads\/2019\/07\/hormiguero-10-x-10-seta-inicio.jpg\" \/>\n\t<meta property=\"og:image:width\" content=\"591\" \/>\n\t<meta property=\"og:image:height\" content=\"601\" \/>\n\t<meta property=\"og:image:type\" content=\"image\/jpeg\" \/>\n<meta name=\"twitter:card\" content=\"summary_large_image\" \/>\n<meta name=\"twitter:label1\" content=\"Est. reading time\" \/>\n\t<meta name=\"twitter:data1\" content=\"1 minute\" \/>\n<script type=\"application\/ld+json\" class=\"yoast-schema-graph\">{\"@context\":\"https:\\\/\\\/schema.org\",\"@graph\":[{\"@type\":\"WebPage\",\"@id\":\"https:\\\/\\\/antderground.com\\\/en\\\/product\\\/ant-nest-with-mushroom-and-sponge-10-x-10\\\/\",\"url\":\"https:\\\/\\\/antderground.com\\\/en\\\/product\\\/ant-nest-with-mushroom-and-sponge-10-x-10\\\/\",\"name\":\"Ant nest with mushroom and sponge 10 x 10 - Antderground\",\"isPartOf\":{\"@id\":\"https:\\\/\\\/antderground.com\\\/en\\\/#website\"},\"primaryImageOfPage\":{\"@id\":\"https:\\\/\\\/antderground.com\\\/en\\\/product\\\/ant-nest-with-mushroom-and-sponge-10-x-10\\\/#primaryimage\"},\"image\":{\"@id\":\"https:\\\/\\\/antderground.com\\\/en\\\/product\\\/ant-nest-with-mushroom-and-sponge-10-x-10\\\/#primaryimage\"},\"thumbnailUrl\":\"https:\\\/\\\/antderground.com\\\/wp-content\\\/uploads\\\/2019\\\/07\\\/hormiguero-10-x-10-seta-inicio.jpg\",\"datePublished\":\"2019-07-03T21:42:48+00:00\",\"description\":\"Anthill with mushroom and methacrylate sponge size 10 x 10. Versatile anthill for species that need moisture. Quality anthill for the whole family.\",\"breadcrumb\":{\"@id\":\"https:\\\/\\\/antderground.com\\\/en\\\/product\\\/ant-nest-with-mushroom-and-sponge-10-x-10\\\/#breadcrumb\"},\"inLanguage\":\"en-US\",\"potentialAction\":[{\"@type\":\"ReadAction\",\"target\":[\"https:\\\/\\\/antderground.com\\\/en\\\/product\\\/ant-nest-with-mushroom-and-sponge-10-x-10\\\/\"]}]},{\"@type\":\"ImageObject\",\"inLanguage\":\"en-US\",\"@id\":\"https:\\\/\\\/antderground.com\\\/en\\\/product\\\/ant-nest-with-mushroom-and-sponge-10-x-10\\\/#primaryimage\",\"url\":\"https:\\\/\\\/antderground.com\\\/wp-content\\\/uploads\\\/2019\\\/07\\\/hormiguero-10-x-10-seta-inicio.jpg\",\"contentUrl\":\"https:\\\/\\\/antderground.com\\\/wp-content\\\/uploads\\\/2019\\\/07\\\/hormiguero-10-x-10-seta-inicio.jpg\",\"width\":591,\"height\":601},{\"@type\":\"BreadcrumbList\",\"@id\":\"https:\\\/\\\/antderground.com\\\/en\\\/product\\\/ant-nest-with-mushroom-and-sponge-10-x-10\\\/#breadcrumb\",\"itemListElement\":[{\"@type\":\"ListItem\",\"position\":1,\"name\":\"Portada\",\"item\":\"https:\\\/\\\/antderground.com\\\/en\\\/\"},{\"@type\":\"ListItem\",\"position\":2,\"name\":\"Products\",\"item\":\"https:\\\/\\\/antderground.com\\\/en\\\/myrmecology-store\\\/\"},{\"@type\":\"ListItem\",\"position\":3,\"name\":\"Ant nest with mushroom and sponge (10 x 10)\"}]},{\"@type\":\"WebSite\",\"@id\":\"https:\\\/\\\/antderground.com\\\/en\\\/#website\",\"url\":\"https:\\\/\\\/antderground.com\\\/en\\\/\",\"name\":\"ANTDERGROUND\",\"description\":\"Tu tienda de hormigas, gran variedad de hormigueros acr\u00edlicos,madera,arena,3D y mas.. Pide tus hormigas gratis con tu pedido, somos expertos en hormigueros antifugas.\",\"publisher\":{\"@id\":\"https:\\\/\\\/antderground.com\\\/en\\\/#\\\/schema\\\/person\\\/0e322c505e84fe72c65e2f6d08f96b81\"},\"alternateName\":\"Antderground\",\"potentialAction\":[{\"@type\":\"SearchAction\",\"target\":{\"@type\":\"EntryPoint\",\"urlTemplate\":\"https:\\\/\\\/antderground.com\\\/en\\\/?s={search_term_string}\"},\"query-input\":{\"@type\":\"PropertyValueSpecification\",\"valueRequired\":true,\"valueName\":\"search_term_string\"}}],\"inLanguage\":\"en-US\"},{\"@type\":[\"Person\",\"Organization\"],\"@id\":\"https:\\\/\\\/antderground.com\\\/en\\\/#\\\/schema\\\/person\\\/0e322c505e84fe72c65e2f6d08f96b81\",\"name\":\"Eric de Antderground\",\"image\":{\"@type\":\"ImageObject\",\"inLanguage\":\"en-US\",\"@id\":\"https:\\\/\\\/secure.gravatar.com\\\/avatar\\\/c49a1b9f79216d1498cb73c1e85cd47f4465dda35f2a94c03790d491bd4423c3?s=96&d=mm&r=g\",\"url\":\"https:\\\/\\\/secure.gravatar.com\\\/avatar\\\/c49a1b9f79216d1498cb73c1e85cd47f4465dda35f2a94c03790d491bd4423c3?s=96&d=mm&r=g\",\"contentUrl\":\"https:\\\/\\\/secure.gravatar.com\\\/avatar\\\/c49a1b9f79216d1498cb73c1e85cd47f4465dda35f2a94c03790d491bd4423c3?s=96&d=mm&r=g\",\"caption\":\"Eric de Antderground\"},\"logo\":{\"@id\":\"https:\\\/\\\/secure.gravatar.com\\\/avatar\\\/c49a1b9f79216d1498cb73c1e85cd47f4465dda35f2a94c03790d491bd4423c3?s=96&d=mm&r=g\"},\"description\":\"Eric es el especialista y fundador de Antderground, con una amplia trayectoria en artr\u00f3podos y enfocado en la mirmecolog\u00eda y el dise\u00f1o de hormigueros artificiales. Su enfoque combina la innovaci\u00f3n t\u00e9cnica con el respeto por la biolog\u00eda de las hormigas, is\u00f3podos y otros, desarrollando sistemas de nidos modulares 3D y acr\u00edlicos que son referentes para aficionados y profesionales en toda Europa. Su objetivo es facilitar la cr\u00eda de hormigas y otros artr\u00f3podos mediante soluciones seguras y divulgaci\u00f3n de calidad.\",\"sameAs\":[\"https:\\\/\\\/antderground.com\\\/\",\"https:\\\/\\\/www.youtube.com\\\/channel\\\/UCio72z7TlbufkAthAJIJfPw\"]}]}<\/script>\n<!-- \/ Yoast SEO plugin. -->","yoast_head_json":{"title":"Ant nest with mushroom and sponge 10 x 10 - Antderground","description":"Anthill with mushroom and methacrylate sponge size 10 x 10. Versatile anthill for species that need moisture. Quality anthill for the whole family.","robots":{"index":"index","follow":"follow","max-snippet":"max-snippet:-1","max-image-preview":"max-image-preview:large","max-video-preview":"max-video-preview:-1"},"canonical":"https:\/\/antderground.com\/en\/product\/ant-nest-with-mushroom-and-sponge-10-x-10\/","og_locale":"en_US","og_type":"article","og_title":"Ant nest with mushroom and sponge 10 x 10 - Antderground","og_description":"Anthill with mushroom and methacrylate sponge size 10 x 10. Versatile anthill for species that need moisture. Quality anthill for the whole family.","og_url":"https:\/\/antderground.com\/en\/product\/ant-nest-with-mushroom-and-sponge-10-x-10\/","og_site_name":"ANTDERGROUND","og_image":[{"width":591,"height":601,"url":"https:\/\/antderground.com\/wp-content\/uploads\/2019\/07\/hormiguero-10-x-10-seta-inicio.jpg","type":"image\/jpeg"}],"twitter_card":"summary_large_image","twitter_misc":{"Est. reading time":"1 minute"},"schema":{"@context":"https:\/\/schema.org","@graph":[{"@type":"WebPage","@id":"https:\/\/antderground.com\/en\/product\/ant-nest-with-mushroom-and-sponge-10-x-10\/","url":"https:\/\/antderground.com\/en\/product\/ant-nest-with-mushroom-and-sponge-10-x-10\/","name":"Ant nest with mushroom and sponge 10 x 10 - Antderground","isPartOf":{"@id":"https:\/\/antderground.com\/en\/#website"},"primaryImageOfPage":{"@id":"https:\/\/antderground.com\/en\/product\/ant-nest-with-mushroom-and-sponge-10-x-10\/#primaryimage"},"image":{"@id":"https:\/\/antderground.com\/en\/product\/ant-nest-with-mushroom-and-sponge-10-x-10\/#primaryimage"},"thumbnailUrl":"https:\/\/antderground.com\/wp-content\/uploads\/2019\/07\/hormiguero-10-x-10-seta-inicio.jpg","datePublished":"2019-07-03T21:42:48+00:00","description":"Anthill with mushroom and methacrylate sponge size 10 x 10. Versatile anthill for species that need moisture. Quality anthill for the whole family.","breadcrumb":{"@id":"https:\/\/antderground.com\/en\/product\/ant-nest-with-mushroom-and-sponge-10-x-10\/#breadcrumb"},"inLanguage":"en-US","potentialAction":[{"@type":"ReadAction","target":["https:\/\/antderground.com\/en\/product\/ant-nest-with-mushroom-and-sponge-10-x-10\/"]}]},{"@type":"ImageObject","inLanguage":"en-US","@id":"https:\/\/antderground.com\/en\/product\/ant-nest-with-mushroom-and-sponge-10-x-10\/#primaryimage","url":"https:\/\/antderground.com\/wp-content\/uploads\/2019\/07\/hormiguero-10-x-10-seta-inicio.jpg","contentUrl":"https:\/\/antderground.com\/wp-content\/uploads\/2019\/07\/hormiguero-10-x-10-seta-inicio.jpg","width":591,"height":601},{"@type":"BreadcrumbList","@id":"https:\/\/antderground.com\/en\/product\/ant-nest-with-mushroom-and-sponge-10-x-10\/#breadcrumb","itemListElement":[{"@type":"ListItem","position":1,"name":"Portada","item":"https:\/\/antderground.com\/en\/"},{"@type":"ListItem","position":2,"name":"Products","item":"https:\/\/antderground.com\/en\/myrmecology-store\/"},{"@type":"ListItem","position":3,"name":"Ant nest with mushroom and sponge (10 x 10)"}]},{"@type":"WebSite","@id":"https:\/\/antderground.com\/en\/#website","url":"https:\/\/antderground.com\/en\/","name":"ANTDERGROUND","description":"Tu tienda de hormigas, gran variedad de hormigueros acr\u00edlicos,madera,arena,3D y mas.. Pide tus hormigas gratis con tu pedido, somos expertos en hormigueros antifugas.","publisher":{"@id":"https:\/\/antderground.com\/en\/#\/schema\/person\/0e322c505e84fe72c65e2f6d08f96b81"},"alternateName":"Antderground","potentialAction":[{"@type":"SearchAction","target":{"@type":"EntryPoint","urlTemplate":"https:\/\/antderground.com\/en\/?s={search_term_string}"},"query-input":{"@type":"PropertyValueSpecification","valueRequired":true,"valueName":"search_term_string"}}],"inLanguage":"en-US"},{"@type":["Person","Organization"],"@id":"https:\/\/antderground.com\/en\/#\/schema\/person\/0e322c505e84fe72c65e2f6d08f96b81","name":"Eric de Antderground","image":{"@type":"ImageObject","inLanguage":"en-US","@id":"https:\/\/secure.gravatar.com\/avatar\/c49a1b9f79216d1498cb73c1e85cd47f4465dda35f2a94c03790d491bd4423c3?s=96&d=mm&r=g","url":"https:\/\/secure.gravatar.com\/avatar\/c49a1b9f79216d1498cb73c1e85cd47f4465dda35f2a94c03790d491bd4423c3?s=96&d=mm&r=g","contentUrl":"https:\/\/secure.gravatar.com\/avatar\/c49a1b9f79216d1498cb73c1e85cd47f4465dda35f2a94c03790d491bd4423c3?s=96&d=mm&r=g","caption":"Eric de Antderground"},"logo":{"@id":"https:\/\/secure.gravatar.com\/avatar\/c49a1b9f79216d1498cb73c1e85cd47f4465dda35f2a94c03790d491bd4423c3?s=96&d=mm&r=g"},"description":"Eric es el especialista y fundador de Antderground, con una amplia trayectoria en artr\u00f3podos y enfocado en la mirmecolog\u00eda y el dise\u00f1o de hormigueros artificiales. Su enfoque combina la innovaci\u00f3n t\u00e9cnica con el respeto por la biolog\u00eda de las hormigas, is\u00f3podos y otros, desarrollando sistemas de nidos modulares 3D y acr\u00edlicos que son referentes para aficionados y profesionales en toda Europa. Su objetivo es facilitar la cr\u00eda de hormigas y otros artr\u00f3podos mediante soluciones seguras y divulgaci\u00f3n de calidad.","sameAs":["https:\/\/antderground.com\/","https:\/\/www.youtube.com\/channel\/UCio72z7TlbufkAthAJIJfPw"]}]}},"_links":{"self":[{"href":"https:\/\/antderground.com\/en\/wp-json\/wp\/v2\/product\/8865","targetHints":{"allow":["GET"]}}],"collection":[{"href":"https:\/\/antderground.com\/en\/wp-json\/wp\/v2\/product"}],"about":[{"href":"https:\/\/antderground.com\/en\/wp-json\/wp\/v2\/types\/product"}],"version-history":[{"count":0,"href":"https:\/\/antderground.com\/en\/wp-json\/wp\/v2\/product\/8865\/revisions"}],"wp:featuredmedia":[{"embeddable":true,"href":"https:\/\/antderground.com\/en\/wp-json\/wp\/v2\/media\/14271"}],"wp:attachment":[{"href":"https:\/\/antderground.com\/en\/wp-json\/wp\/v2\/media?parent=8865"}],"wp:term":[{"taxonomy":"product_brand","embeddable":true,"href":"https:\/\/antderground.com\/en\/wp-json\/wp\/v2\/product_brand?post=8865"},{"taxonomy":"product_cat","embeddable":true,"href":"https:\/\/antderground.com\/en\/wp-json\/wp\/v2\/product_cat?post=8865"},{"taxonomy":"product_tag","embeddable":true,"href":"https:\/\/antderground.com\/en\/wp-json\/wp\/v2\/product_tag?post=8865"}],"curies":[{"name":"wp","href":"https:\/\/api.w.org\/{rel}","templated":true}]}}