{"id":52335,"date":"2025-11-04T16:43:13","date_gmt":"2025-11-04T15:43:13","guid":{"rendered":"https:\/\/antderground.com\/mapa-del-sitio\/"},"modified":"2026-04-16T13:06:59","modified_gmt":"2026-04-16T11:06:59","slug":"plan-du-site","status":"publish","type":"page","link":"https:\/\/antderground.com\/fr\/plan-du-site\/","title":{"rendered":"Plan du site"},"content":{"rendered":"\t\t<div data-elementor-type=\"wp-page\" data-elementor-id=\"52335\" class=\"elementor elementor-52335 elementor-47049\">\n\t\t\t\t<div class=\"wd-negative-gap elementor-element elementor-element-69f95b8 e-flex e-con-boxed e-con e-parent\" data-id=\"69f95b8\" data-element_type=\"container\" data-e-type=\"container\">\n\t\t\t\t\t<div class=\"e-con-inner\">\n\t\t\t\t<div class=\"elementor-element elementor-element-be6125a wd-width-100 elementor-widget elementor-widget-wd_title\" data-id=\"be6125a\" data-element_type=\"widget\" data-e-type=\"widget\" data-widget_type=\"wd_title.default\">\n\t\t\t\t<div class=\"elementor-widget-container\">\n\t\t\t\t\t\t\t<div class=\"title-wrapper wd-set-mb reset-last-child wd-title-color-default wd-title-style-default wd-title-size-default text-left\">\n\n\t\t\t\n\t\t\t<div class=\"liner-continer\">\n\t\t\t\t<h2 class=\"woodmart-title-container title wd-fontsize-l\">Pages informatives<\/h2> \n\t\t\t\t\t\t\t<\/div>\n\n\t\t\t\t\t\t\t<div class=\"title-after_title reset-last-child wd-fontsize-xs\">\n\t\t\t\t\t<p>Trouvez les pages de mani\u00e8re rapide et simple<\/p>\t\t\t\t<\/div>\n\t\t\t\t\t<\/div>\n\t\t\t\t\t\t<\/div>\n\t\t\t\t<\/div>\n\t\t\t\t<div class=\"elementor-element elementor-element-75f0c2f elementor-widget elementor-widget-wd_text_block\" data-id=\"75f0c2f\" data-element_type=\"widget\" data-e-type=\"widget\" data-widget_type=\"wd_text_block.default\">\n\t\t\t\t<div class=\"elementor-widget-container\">\n\t\t\t\t\t\t\t<div class=\"wd-text-block reset-last-child text-left\">\n\t\t\t\n\t\t\t<ul>\n<li><a href=\"https:\/\/antderground.com\/fr\/\">Accueil<\/a> (page principale)<\/li>\n<li><a href=\"https:\/\/antderground.com\/fr\/information\/\">Qui sommes-nous<\/a> (Informations sur nos d\u00e9buts)<\/li>\n<li><a href=\"https:\/\/antderground.com\/fr\/faq\/\">Questions fr\u00e9quentes<\/a> (FAQ)<\/li>\n<li><a href=\"https:\/\/antderground.com\/fr\/contact\">Contact<\/a> (Questions \/ Contact)<\/li>\n<li><a href=\"https:\/\/antderground.com\/fr\/category\/informations-et-actualites\/\"> Blog<\/a> (D\u00e9couvrez les nouveaut\u00e9s sur les arthropodes)<\/li>\n<\/ul>\n\n\t\t\t\t\t<\/div>\n\t\t\t\t\t\t<\/div>\n\t\t\t\t<\/div>\n\t\t\t\t<div class=\"elementor-element elementor-element-7108b7b wd-width-100 elementor-widget elementor-widget-wd_title\" data-id=\"7108b7b\" data-element_type=\"widget\" data-e-type=\"widget\" data-widget_type=\"wd_title.default\">\n\t\t\t\t<div class=\"elementor-widget-container\">\n\t\t\t\t\t\t\t<div class=\"title-wrapper wd-set-mb reset-last-child wd-title-color-default wd-title-style-default wd-title-size-default text-left\">\n\n\t\t\t\n\t\t\t<div class=\"liner-continer\">\n\t\t\t\t<h2 class=\"woodmart-title-container title wd-fontsize-l\">Cat\u00e9gories de produits<\/h2> \n\t\t\t\t\t\t\t<\/div>\n\n\t\t\t\t\t\t\t<div class=\"title-after_title reset-last-child wd-fontsize-xs\">\n\t\t\t\t\t<p>Trouvez les produits par cat\u00e9gories<\/p>\t\t\t\t<\/div>\n\t\t\t\t\t<\/div>\n\t\t\t\t\t\t<\/div>\n\t\t\t\t<\/div>\n\t\t\t\t\t<\/div>\n\t\t\t\t<\/div>\n\t\t<div class=\"wd-negative-gap elementor-element elementor-element-3034994 e-grid e-con-boxed e-con e-parent\" data-id=\"3034994\" data-element_type=\"container\" data-e-type=\"container\">\n\t\t\t\t\t<div class=\"e-con-inner\">\n\t\t\t\t<div class=\"elementor-element elementor-element-ab34d36 elementor-widget elementor-widget-wd_text_block\" data-id=\"ab34d36\" data-element_type=\"widget\" data-e-type=\"widget\" data-widget_type=\"wd_text_block.default\">\n\t\t\t\t<div class=\"elementor-widget-container\">\n\t\t\t\t\t\t\t<div class=\"wd-text-block reset-last-child text-left\">\n\t\t\t\n\t\t\t<h3><a href=\"https:\/\/antderground.com\/fr\/categorie-produit\/fourmilieres\/\">Fourmili\u00e8res<\/a><\/h3>\n<section>\n<ul class=\"subcategorias\">\n<li><a href=\"https:\/\/antderground.com\/fr\/categorie-produit\/fourmilieres\/fourmilieres-3d\/\">Fourmili\u00e8res 3D <\/a><\/li>\n<li><a href=\"https:\/\/antderground.com\/fr\/categorie-produit\/fourmilieres\/champignon-eponge\/\">Champignon-\u00c9ponge<\/a><\/li>\n<li><a href=\"https:\/\/antderground.com\/fr\/categorie-produit\/fourmilieres\/fourmilieres-acryliques\/\">Fourmili\u00e8res en acrylique<\/a><\/li>\n<li><a href=\"https:\/\/antderground.com\/fr\/categorie-produit\/fourmilieres\/fourmilieres-en-bois-fourmilieres\/\">Fourmili\u00e8res en bois<\/a><\/li>\n<li><a href=\"https:\/\/antderground.com\/fr\/categorie-produit\/fourmilieres\/fourmilieres-en-platre\/\">Fourmili\u00e8res en pl\u00e2tre<\/a><\/li>\n<li><a href=\"https:\/\/antderground.com\/fr\/categorie-produit\/fourmilieres\/fourmilieres-ytong\/\">Fourmili\u00e8res Ytong<\/a><\/li>\n<li><a href=\"https:\/\/antderground.com\/fr\/categorie-produit\/fourmilieres\/fourmilieres-speciales\/\">Fourmili\u00e8res sp\u00e9ciales<\/a><\/li>\n<li><a href=\"https:\/\/antderground.com\/fr\/categorie-produit\/fourmilieres\/fourmilieres-modulaire\/\">Fourmili\u00e8res modulaires<\/a><\/li>\n<li><a href=\"https:\/\/antderground.com\/fr\/categorie-produit\/fourmilieres\/fourmilieres-anti-fuite\/\">Fourmili\u00e8res Anti Fuite<\/a><\/li>\n<li><a href=\"https:\/\/antderground.com\/fr\/categorie-produit\/fourmilieres\/nid-cloitre\/\">Nid clo\u00eetr\u00e9<\/a><\/li>\n<li><a href=\"https:\/\/antderground.com\/fr\/categorie-produit\/fourmilieres\/fourmilieres-verticales\/\">Fourmili\u00e8res verticales<\/a><\/li>\n<\/ul>\n<h3>Autres cat\u00e9gories importantes<\/h3>\n<ul class=\"lista-miscelanea\">\n<li><a href=\"https:\/\/antderground.com\/fr\/categorie-produit\/elements-naturels\/\">Botaniques<\/a><\/li>\n<li><a href=\"https:\/\/antderground.com\/fr\/categorie-produit\/caisse-de-nourriture\/\">Aires de chasse<\/a><\/li>\n<li><a href=\"https:\/\/antderground.com\/fr\/categorie-produit\/decor\/\">D\u00e9coration et substrats <\/a><\/li>\n<li><a href=\"https:\/\/antderground.com\/fr\/categorie-produit\/kits-fourmiliere\/\">Kits fourmili\u00e8re<\/a><\/li>\n<li><a href=\"https:\/\/antderground.com\/fr\/categorie-produit\/kits-pour-isopodes\/\">Kits pour isopodes<\/a><\/li>\n<li><a href=\"https:\/\/antderground.com\/fr\/categorie-produit\/marchandisage\/\">Marchandisage<\/a>\n<ul class=\"tercer-nivel\">\n<li><a href=\"https:\/\/antderground.com\/fr\/categorie-produit\/marchandisage\/tasses-fr\/\">Tasses<\/a><\/li>\n<\/ul>\n<\/li>\n<li><a href=\"https:\/\/antderground.com\/fr\/categorie-produit\/nouveautes\/\">NOUVEAUTES<\/a><\/li>\n<li><a href=\"https:\/\/antderground.com\/fr\/categorie-produit\/offres\/\">Offres<\/a><\/li>\n<li><a href=\"https:\/\/antderground.com\/fr\/categorie-produit\/plantes-naturelles\/\">Plantes naturelles<\/a><\/li>\n<li><a href=\"https:\/\/antderground.com\/fr\/categorie-produit\/porte-eprouvettes\/\">Porte-\u00e9prouvettes<\/a><\/li>\n<li><a href=\"https:\/\/antderground.com\/fr\/categorie-produit\/pieces-de-rechange\/\">Pi\u00e8ces de rechange<\/a><\/li>\n<li><a href=\"https:\/\/antderground.com\/fr\/categorie-produit\/substrats-fr\/\">Substrats<\/a><\/li>\n<li><a href=\"https:\/\/antderground.com\/fr\/categorie-produit\/terrariums\/\">Terrariums<\/a><\/li>\n<li><a href=\"https:\/\/antderground.com\/fr\/categorie-produit\/terrariums-eternels\/\">Terrariums \u00e9ternels<\/a><\/li>\n<\/ul>\n<\/section>\n<section>\n<ul class=\"subcategorias\">\n<li style=\"list-style-type: none;\"><\/li>\n<\/ul>\n<\/section>\n<section><\/section>\n<section><\/section>\n\n\t\t\t\t\t<\/div>\n\t\t\t\t\t\t<\/div>\n\t\t\t\t<\/div>\n\t\t\t\t<div class=\"elementor-element elementor-element-19e559a elementor-widget elementor-widget-wd_text_block\" data-id=\"19e559a\" data-element_type=\"widget\" data-e-type=\"widget\" data-widget_type=\"wd_text_block.default\">\n\t\t\t\t<div class=\"elementor-widget-container\">\n\t\t\t\t\t\t\t<div class=\"wd-text-block reset-last-child text-left\">\n\t\t\t\n\t\t\t<section>\n<h3><strong><a style=\"font-size: 22px;\" title=\"Ver todo tipo de Artr\u00f3podos: Is\u00f3podos, Tar\u00e1ntulas y m\u00e1s\" href=\"https:\/\/antderground.com\/fr\/categorie-produit\/arthropodes\/\">Arthropodes<\/a><\/strong><\/h3>\n<\/section>\n<section>\n<ul class=\"subcategorias\">\n<li><a href=\"https:\/\/antderground.com\/fr\/categorie-produit\/arthropodes\/coleopteres\/\">Col\u00e9opt\u00e8res<\/a><\/li>\n<li><a href=\"https:\/\/antderground.com\/fr\/categorie-produit\/arthropodes\/blattes\/\">Blattes<\/a><\/li>\n<li><a href=\"https:\/\/antderground.com\/fr\/categorie-produit\/arthropodes\/phasmes\/\">Phasmes<\/a><\/li>\n<li><a title=\"Toutes les esp\u00e8ces et vari\u00e9t\u00e9s d\u2019isopodes\" href=\"https:\/\/antderground.com\/fr\/categorie-produit\/arthropodes\/isopodes\/\">Isopodes<\/a>\n<ul class=\"tercer-nivel\">\n<li><a href=\"https:\/\/antderground.com\/fr\/categorie-produit\/arthropodes\/isopodes\/ardentiella\/\">Ardentiella<\/a><\/li>\n<li><a href=\"https:\/\/antderground.com\/fr\/categorie-produit\/arthropodes\/isopodes\/armadillidium\/\">Armadillidium<\/a><\/li>\n<li><a href=\"#\">Cristarmadillidium<\/a><\/li>\n<li><a href=\"https:\/\/antderground.com\/fr\/categorie-produit\/arthropodes\/isopodes\/cubaris\/\">Cubaris<\/a><\/li>\n<li><a href=\"https:\/\/antderground.com\/fr\/categorie-produit\/arthropodes\/isopodes\/porcellio\/\">Porcellio<\/a><\/li>\n<li><a href=\"https:\/\/antderground.com\/fr\/categorie-produit\/arthropodes\/isopodes\/porcellionides\/\">Porcellionides<\/a><\/li>\n<li><a href=\"https:\/\/antderground.com\/fr\/categorie-produit\/arthropodes\/isopodes\/trichorhina\/\">Trichorhina<\/a><\/li>\n<li><a href=\"https:\/\/antderground.com\/fr\/categorie-produit\/arthropodes\/isopodes\/troglodillo\/\">Troglodillo<\/a><\/li>\n<\/ul>\n<\/li>\n<li><a href=\"https:\/\/antderground.com\/fr\/categorie-produit\/arthropodes\/isopteres\/\">Isopt\u00e8res<\/a><\/li>\n<li><a href=\"https:\/\/antderground.com\/fr\/categorie-produit\/arthropodes\/mantodea-fr\/\">Mante<\/a><\/li>\n<li><a href=\"https:\/\/antderground.com\/fr\/categorie-produit\/arthropodes\/autres-araignees\/\">Autres araign\u00e9es<\/a><\/li>\n<li><a href=\"https:\/\/antderground.com\/fr\/categorie-produit\/arthropodes\/tarentules\/\">Tarentules<br \/>\n<\/a><\/li>\n<li><a href=\"https:\/\/antderground.com\/fr\/categorie-produit\/fourmis\/\">Fourmis (Toutes les esp\u00e8ces)<\/a>\n<ul class=\"tercer-nivel\">\n<li><a href=\"https:\/\/antderground.com\/fr\/categorie-produit\/fourmis-autochtones\/\">Fourmis autochtones<\/a><\/li>\n<li><a href=\"https:\/\/antderground.com\/fr\/categorie-produit\/fourmis-exotiques\/\">Fourmis exotiques<\/a><\/li>\n<\/ul>\n<\/li>\n<\/ul>\n<section>\n<h3><a title=\"Tout le n\u00e9cessaire pour nourrir vos colonies\" href=\"https:\/\/antderground.com\/fr\/categorie-produit\/aliments\/\">Aliments<\/a><\/h3>\n<ul class=\"subcategorias\">\n<li><a href=\"https:\/\/antderground.com\/fr\/categorie-produit\/aliments\/nourriture-vivante\/\">Nourriture vivante<\/a><\/li>\n<li><a href=\"https:\/\/antderground.com\/fr\/categorie-produit\/aliments\/deshydrates-et-autres\/\">D\u00e9shydrat\u00e9s et autres<\/a><\/li>\n<li><a href=\"https:\/\/antderground.com\/fr\/categorie-produit\/aliments\/gelatines-et-liquides\/\">G\u00e9latines et liquides<\/a><\/li>\n<li><a href=\"https:\/\/antderground.com\/fr\/categorie-produit\/aliments\/aliments-secs-graines-et-cereales\/\">Aliments secs, graines et c\u00e9r\u00e9ales<br \/>\n<\/a><\/li>\n<li><a href=\"https:\/\/antderground.com\/fr\/categorie-produit\/aliments\/complements-alimentaires\/\">Compl\u00e9ments alimentaires<\/a><\/li>\n<\/ul>\n<\/section>\n<section>\n<h3><a title=\"Tous les accessoires pour l\u2019\u00e9levage et l\u2019entretien\" href=\"https:\/\/antderground.com\/fr\/categorie-produit\/accessoires\/\">Accessoires<\/a><\/h3>\n<ul class=\"subcategorias\">\n<li><a href=\"https:\/\/antderground.com\/fr\/categorie-produit\/accessoires\/huile-anti-fuite\/\">Huile Anti Fuite<\/a><\/li>\n<li><a href=\"https:\/\/antderground.com\/fr\/categorie-produit\/accessoires\/mangeoires-et-abreuvoirs\/\">Mangeoires et abreuvoirs<\/a><\/li>\n<li><a href=\"https:\/\/antderground.com\/fr\/categorie-produit\/accessoires\/connecteurs\/\">Connecteurs<\/a><\/li>\n<li><a href=\"https:\/\/antderground.com\/fr\/categorie-produit\/accessoires\/contenants\/\">Contenants<\/a><\/li>\n<li><a href=\"https:\/\/antderground.com\/fr\/categorie-produit\/accessoires\/loupes\/\">Loupes<\/a><\/li>\n<li><a href=\"https:\/\/antderground.com\/fr\/categorie-produit\/accessoires\/pincettes\/\">Pincettes<\/a><\/li>\n<li><a href=\"https:\/\/antderground.com\/fr\/categorie-produit\/accessoires\/couvertures-rouges\/\">Couvertures Rouges<\/a><\/li>\n<li><a href=\"https:\/\/antderground.com\/fr\/categorie-produit\/accessoires\/tubes\/\">Tubes<\/a><\/li>\n<\/ul>\n<\/section>\n<\/section>\n<section><\/section>\n<section><\/section>\n<section><\/section>\n\n\t\t\t\t\t<\/div>\n\t\t\t\t\t\t<\/div>\n\t\t\t\t<\/div>\n\t\t\t\t\t<\/div>\n\t\t\t\t<\/div>\n\t\t\t\t<\/div>\n\t\t","protected":false},"excerpt":{"rendered":"<p>Pages informatives Trouvez les pages de mani\u00e8re rapide et simple Accueil (page principale) Qui sommes-nous (Informations sur nos d\u00e9buts) Questions<\/p>\n","protected":false},"author":1,"featured_media":0,"parent":0,"menu_order":0,"comment_status":"closed","ping_status":"closed","template":"","meta":{"footnotes":""},"class_list":["post-52335","page","type-page","status-publish","hentry"],"yoast_head":"<!-- This site is optimized with the Yoast SEO plugin v27.4 - https:\/\/yoast.com\/product\/yoast-seo-wordpress\/ -->\n<title>Plan du site | Liens organis\u00e9s ;-) - ANTDERGROUND<\/title>\n<meta name=\"description\" content=\"Liens directs vers les diff\u00e9rentes sections du site d\u2019arthropodes et vers des produits tels que les fourmili\u00e8res ou les terrariums, ainsi que davantage d\u2019informations.\" \/>\n<meta name=\"robots\" content=\"index, follow, max-snippet:-1, max-image-preview:large, max-video-preview:-1\" \/>\n<link rel=\"canonical\" href=\"https:\/\/antderground.com\/fr\/plan-du-site\/\" \/>\n<meta property=\"og:locale\" content=\"fr_FR\" \/>\n<meta property=\"og:type\" content=\"article\" \/>\n<meta property=\"og:title\" content=\"Plan du site | Liens organis\u00e9s ;-) - ANTDERGROUND\" \/>\n<meta property=\"og:description\" content=\"Liens directs vers les diff\u00e9rentes sections du site d\u2019arthropodes et vers des produits tels que les fourmili\u00e8res ou les terrariums, ainsi que davantage d\u2019informations.\" \/>\n<meta property=\"og:url\" content=\"https:\/\/antderground.com\/fr\/plan-du-site\/\" \/>\n<meta property=\"og:site_name\" content=\"ANTDERGROUND\" \/>\n<meta property=\"article:modified_time\" content=\"2026-04-16T11:06:59+00:00\" \/>\n<meta name=\"twitter:card\" content=\"summary_large_image\" \/>\n<meta name=\"twitter:label1\" content=\"Dur\u00e9e de lecture estim\u00e9e\" \/>\n\t<meta name=\"twitter:data1\" content=\"1 minute\" \/>\n<script type=\"application\/ld+json\" class=\"yoast-schema-graph\">{\"@context\":\"https:\\\/\\\/schema.org\",\"@graph\":[{\"@type\":\"WebPage\",\"@id\":\"https:\\\/\\\/antderground.com\\\/fr\\\/plan-du-site\\\/\",\"url\":\"https:\\\/\\\/antderground.com\\\/fr\\\/plan-du-site\\\/\",\"name\":\"Plan du site | Liens organis\u00e9s ;-) - ANTDERGROUND\",\"isPartOf\":{\"@id\":\"https:\\\/\\\/antderground.com\\\/fr\\\/#website\"},\"datePublished\":\"2025-11-04T15:43:13+00:00\",\"dateModified\":\"2026-04-16T11:06:59+00:00\",\"description\":\"Liens directs vers les diff\u00e9rentes sections du site d\u2019arthropodes et vers des produits tels que les fourmili\u00e8res ou les terrariums, ainsi que davantage d\u2019informations.\",\"breadcrumb\":{\"@id\":\"https:\\\/\\\/antderground.com\\\/fr\\\/plan-du-site\\\/#breadcrumb\"},\"inLanguage\":\"fr-FR\",\"potentialAction\":[{\"@type\":\"ReadAction\",\"target\":[\"https:\\\/\\\/antderground.com\\\/fr\\\/plan-du-site\\\/\"]}]},{\"@type\":\"BreadcrumbList\",\"@id\":\"https:\\\/\\\/antderground.com\\\/fr\\\/plan-du-site\\\/#breadcrumb\",\"itemListElement\":[{\"@type\":\"ListItem\",\"position\":1,\"name\":\"Portada\",\"item\":\"https:\\\/\\\/antderground.com\\\/fr\\\/\"},{\"@type\":\"ListItem\",\"position\":2,\"name\":\"Plan du site\"}]},{\"@type\":\"WebSite\",\"@id\":\"https:\\\/\\\/antderground.com\\\/fr\\\/#website\",\"url\":\"https:\\\/\\\/antderground.com\\\/fr\\\/\",\"name\":\"ANTDERGROUND\",\"description\":\"Tu tienda de hormigas, gran variedad de hormigueros acr\u00edlicos,madera,arena,3D y mas.. Pide tus hormigas gratis con tu pedido, somos expertos en hormigueros antifugas.\",\"publisher\":{\"@id\":\"https:\\\/\\\/antderground.com\\\/fr\\\/#\\\/schema\\\/person\\\/0e322c505e84fe72c65e2f6d08f96b81\"},\"alternateName\":\"Antderground\",\"potentialAction\":[{\"@type\":\"SearchAction\",\"target\":{\"@type\":\"EntryPoint\",\"urlTemplate\":\"https:\\\/\\\/antderground.com\\\/fr\\\/?s={search_term_string}\"},\"query-input\":{\"@type\":\"PropertyValueSpecification\",\"valueRequired\":true,\"valueName\":\"search_term_string\"}}],\"inLanguage\":\"fr-FR\"},{\"@type\":[\"Person\",\"Organization\"],\"@id\":\"https:\\\/\\\/antderground.com\\\/fr\\\/#\\\/schema\\\/person\\\/0e322c505e84fe72c65e2f6d08f96b81\",\"name\":\"Eric de Antderground\",\"image\":{\"@type\":\"ImageObject\",\"inLanguage\":\"fr-FR\",\"@id\":\"https:\\\/\\\/secure.gravatar.com\\\/avatar\\\/c49a1b9f79216d1498cb73c1e85cd47f4465dda35f2a94c03790d491bd4423c3?s=96&d=mm&r=g\",\"url\":\"https:\\\/\\\/secure.gravatar.com\\\/avatar\\\/c49a1b9f79216d1498cb73c1e85cd47f4465dda35f2a94c03790d491bd4423c3?s=96&d=mm&r=g\",\"contentUrl\":\"https:\\\/\\\/secure.gravatar.com\\\/avatar\\\/c49a1b9f79216d1498cb73c1e85cd47f4465dda35f2a94c03790d491bd4423c3?s=96&d=mm&r=g\",\"caption\":\"Eric de Antderground\"},\"logo\":{\"@id\":\"https:\\\/\\\/secure.gravatar.com\\\/avatar\\\/c49a1b9f79216d1498cb73c1e85cd47f4465dda35f2a94c03790d491bd4423c3?s=96&d=mm&r=g\"},\"description\":\"Eric es el especialista y fundador de Antderground, con una amplia trayectoria en artr\u00f3podos y enfocado en la mirmecolog\u00eda y el dise\u00f1o de hormigueros artificiales. Su enfoque combina la innovaci\u00f3n t\u00e9cnica con el respeto por la biolog\u00eda de las hormigas, is\u00f3podos y otros, desarrollando sistemas de nidos modulares 3D y acr\u00edlicos que son referentes para aficionados y profesionales en toda Europa. Su objetivo es facilitar la cr\u00eda de hormigas y otros artr\u00f3podos mediante soluciones seguras y divulgaci\u00f3n de calidad.\",\"sameAs\":[\"https:\\\/\\\/antderground.com\\\/\",\"https:\\\/\\\/www.youtube.com\\\/channel\\\/UCio72z7TlbufkAthAJIJfPw\"]}]}<\/script>\n<!-- \/ Yoast SEO plugin. -->","yoast_head_json":{"title":"Plan du site | Liens organis\u00e9s ;-) - ANTDERGROUND","description":"Liens directs vers les diff\u00e9rentes sections du site d\u2019arthropodes et vers des produits tels que les fourmili\u00e8res ou les terrariums, ainsi que davantage d\u2019informations.","robots":{"index":"index","follow":"follow","max-snippet":"max-snippet:-1","max-image-preview":"max-image-preview:large","max-video-preview":"max-video-preview:-1"},"canonical":"https:\/\/antderground.com\/fr\/plan-du-site\/","og_locale":"fr_FR","og_type":"article","og_title":"Plan du site | Liens organis\u00e9s ;-) - ANTDERGROUND","og_description":"Liens directs vers les diff\u00e9rentes sections du site d\u2019arthropodes et vers des produits tels que les fourmili\u00e8res ou les terrariums, ainsi que davantage d\u2019informations.","og_url":"https:\/\/antderground.com\/fr\/plan-du-site\/","og_site_name":"ANTDERGROUND","article_modified_time":"2026-04-16T11:06:59+00:00","twitter_card":"summary_large_image","twitter_misc":{"Dur\u00e9e de lecture estim\u00e9e":"1 minute"},"schema":{"@context":"https:\/\/schema.org","@graph":[{"@type":"WebPage","@id":"https:\/\/antderground.com\/fr\/plan-du-site\/","url":"https:\/\/antderground.com\/fr\/plan-du-site\/","name":"Plan du site | Liens organis\u00e9s ;-) - ANTDERGROUND","isPartOf":{"@id":"https:\/\/antderground.com\/fr\/#website"},"datePublished":"2025-11-04T15:43:13+00:00","dateModified":"2026-04-16T11:06:59+00:00","description":"Liens directs vers les diff\u00e9rentes sections du site d\u2019arthropodes et vers des produits tels que les fourmili\u00e8res ou les terrariums, ainsi que davantage d\u2019informations.","breadcrumb":{"@id":"https:\/\/antderground.com\/fr\/plan-du-site\/#breadcrumb"},"inLanguage":"fr-FR","potentialAction":[{"@type":"ReadAction","target":["https:\/\/antderground.com\/fr\/plan-du-site\/"]}]},{"@type":"BreadcrumbList","@id":"https:\/\/antderground.com\/fr\/plan-du-site\/#breadcrumb","itemListElement":[{"@type":"ListItem","position":1,"name":"Portada","item":"https:\/\/antderground.com\/fr\/"},{"@type":"ListItem","position":2,"name":"Plan du site"}]},{"@type":"WebSite","@id":"https:\/\/antderground.com\/fr\/#website","url":"https:\/\/antderground.com\/fr\/","name":"ANTDERGROUND","description":"Tu tienda de hormigas, gran variedad de hormigueros acr\u00edlicos,madera,arena,3D y mas.. Pide tus hormigas gratis con tu pedido, somos expertos en hormigueros antifugas.","publisher":{"@id":"https:\/\/antderground.com\/fr\/#\/schema\/person\/0e322c505e84fe72c65e2f6d08f96b81"},"alternateName":"Antderground","potentialAction":[{"@type":"SearchAction","target":{"@type":"EntryPoint","urlTemplate":"https:\/\/antderground.com\/fr\/?s={search_term_string}"},"query-input":{"@type":"PropertyValueSpecification","valueRequired":true,"valueName":"search_term_string"}}],"inLanguage":"fr-FR"},{"@type":["Person","Organization"],"@id":"https:\/\/antderground.com\/fr\/#\/schema\/person\/0e322c505e84fe72c65e2f6d08f96b81","name":"Eric de Antderground","image":{"@type":"ImageObject","inLanguage":"fr-FR","@id":"https:\/\/secure.gravatar.com\/avatar\/c49a1b9f79216d1498cb73c1e85cd47f4465dda35f2a94c03790d491bd4423c3?s=96&d=mm&r=g","url":"https:\/\/secure.gravatar.com\/avatar\/c49a1b9f79216d1498cb73c1e85cd47f4465dda35f2a94c03790d491bd4423c3?s=96&d=mm&r=g","contentUrl":"https:\/\/secure.gravatar.com\/avatar\/c49a1b9f79216d1498cb73c1e85cd47f4465dda35f2a94c03790d491bd4423c3?s=96&d=mm&r=g","caption":"Eric de Antderground"},"logo":{"@id":"https:\/\/secure.gravatar.com\/avatar\/c49a1b9f79216d1498cb73c1e85cd47f4465dda35f2a94c03790d491bd4423c3?s=96&d=mm&r=g"},"description":"Eric es el especialista y fundador de Antderground, con una amplia trayectoria en artr\u00f3podos y enfocado en la mirmecolog\u00eda y el dise\u00f1o de hormigueros artificiales. Su enfoque combina la innovaci\u00f3n t\u00e9cnica con el respeto por la biolog\u00eda de las hormigas, is\u00f3podos y otros, desarrollando sistemas de nidos modulares 3D y acr\u00edlicos que son referentes para aficionados y profesionales en toda Europa. Su objetivo es facilitar la cr\u00eda de hormigas y otros artr\u00f3podos mediante soluciones seguras y divulgaci\u00f3n de calidad.","sameAs":["https:\/\/antderground.com\/","https:\/\/www.youtube.com\/channel\/UCio72z7TlbufkAthAJIJfPw"]}]}},"_links":{"self":[{"href":"https:\/\/antderground.com\/fr\/wp-json\/wp\/v2\/pages\/52335","targetHints":{"allow":["GET"]}}],"collection":[{"href":"https:\/\/antderground.com\/fr\/wp-json\/wp\/v2\/pages"}],"about":[{"href":"https:\/\/antderground.com\/fr\/wp-json\/wp\/v2\/types\/page"}],"author":[{"embeddable":true,"href":"https:\/\/antderground.com\/fr\/wp-json\/wp\/v2\/users\/1"}],"replies":[{"embeddable":true,"href":"https:\/\/antderground.com\/fr\/wp-json\/wp\/v2\/comments?post=52335"}],"version-history":[{"count":31,"href":"https:\/\/antderground.com\/fr\/wp-json\/wp\/v2\/pages\/52335\/revisions"}],"predecessor-version":[{"id":52381,"href":"https:\/\/antderground.com\/fr\/wp-json\/wp\/v2\/pages\/52335\/revisions\/52381"}],"wp:attachment":[{"href":"https:\/\/antderground.com\/fr\/wp-json\/wp\/v2\/media?parent=52335"}],"curies":[{"name":"wp","href":"https:\/\/api.w.org\/{rel}","templated":true}]}}