{"id":7803,"date":"2019-06-16T08:35:11","date_gmt":"2019-06-16T06:35:11","guid":{"rendered":"https:\/\/www.antderground.com\/aviso-legal\/"},"modified":"2021-05-19T17:08:20","modified_gmt":"2021-05-19T15:08:20","slug":"information-legale","status":"publish","type":"page","link":"https:\/\/antderground.com\/fr\/information-legale\/","title":{"rendered":"Information l\u00e9gale"},"content":{"rendered":"<p align=\"left\"><strong>DONN\u00c9ES D&#8217;IDENTIFICATION DU PROPRI\u00c9TAIRE DU SITE WEB<\/strong><\/p>\n<p>Conform\u00e9ment au devoir d&#8217;information pr\u00e9vu \u00e0 l&#8217;article 10 de la loi 34\/2002 du 11 juillet, Services de la soci\u00e9t\u00e9 de l&#8217;information et du commerce \u00e9lectronique, <strong>ERIC LOPEZ FERNANDEZ<\/strong> avec pi\u00e8ce d&#8217;identit\u00e9 77745286-L, \u00e0 partir de maintenant Antderground ,en tant que propri\u00e9taire du site Web www.antderground.com, r\u00e9side au Carretera de Berga 15, code postal 08611 vers Cal Rosal, Espagne \u2013 Barcelona, adresse e-mail antderground@gmail.com, proc\u00e8de \u00e0 la communication des pr\u00e9sentes informations qui forment et r\u00e9glementent les conditions d&#8217;utilisation sur cette page, les limitations de responsabilit\u00e9 et les obligations que les utilisateurs du site Web publi\u00e9 sous le nom de domaine www.antderground.com, assument et s&#8217;engagent respecter.<\/p>\n<p align=\"left\"><strong>CONDITION D&#8217;UTILISATION<\/strong><\/p>\n<p align=\"left\">L&#8217;utilisation de www.antderground.com conf\u00e8re le statut d&#8217;Utilisateur de www.antderground.com, qu&#8217;il s&#8217;agisse d&#8217;une personne physique ou morale et implique n\u00e9cessairement l&#8217;acceptation compl\u00e8te, enti\u00e8re et sans r\u00e9serve de chacune des clauses et conditions g\u00e9n\u00e9rales incluses dans les mentions l\u00e9gales. Si l&#8217;Utilisateur n&#8217;est pas satisfait des clauses et conditions d&#8217;utilisation des pr\u00e9sentes Mentions L\u00e9gales, il s&#8217;abstiendra d&#8217;utiliser www.antderground.com. Cet avis juridique est sujet \u00e0 modifications et mises \u00e0 jour, la version publi\u00e9e par ANTDERGROUND peut donc \u00eatre diff\u00e9rente \u00e0 chaque fois que l&#8217;utilisateur acc\u00e8de au portail. Par cons\u00e9quent, l&#8217;utilisateur doit lire les mentions l\u00e9gales \u00e0 chacune des occasions auxquelles il acc\u00e8de \u00e0 www.antderground.com.<\/p>\n<p>Par le biais de www.antderground.com, ANTDERGROUND fournit \u00e0 l&#8217;Utilisateur l&#8217;acc\u00e8s et l&#8217;utilisation de divers Contenus publi\u00e9s sur Internet par ANTDERGROUND ou par des tiers autoris\u00e9s.<\/p>\n<p>L&#8217;Utilisateur est oblig\u00e9 et s&#8217;engage \u00e0 utiliser www.antderground.com et le Contenu conform\u00e9ment \u00e0 la l\u00e9gislation en vigueur, aux Mentions l\u00e9gales et \u00e0 tout autre avis ou instruction port\u00e9 \u00e0 leur attention, soit par le biais des pr\u00e9sentes mentions l\u00e9gales soit Un autre endroit dans le Contenu qui compose www.antderground.com, comme les r\u00e8gles de coexistence, la morale et les bonnes coutumes g\u00e9n\u00e9ralement accept\u00e9es. A cet effet, l&#8217;Utilisateur accepte et s&#8217;engage \u00e0 NE PAS utiliser les Contenus \u00e0 des fins ou effets illicites, interdits dans les Mentions L\u00e9gales ou par la l\u00e9gislation en vigueur, pr\u00e9judiciables aux droits et int\u00e9r\u00eats des tiers, ou qui de quelque mani\u00e8re que ce soit peuvent endommager , d\u00e9sactiver, surcharger, d\u00e9t\u00e9riorer ou entraver l&#8217;utilisation normale du Contenu, de l&#8217;\u00e9quipement ou des documents informatiques, des fichiers et de toutes sortes de contenus stock\u00e9s dans tout \u00e9quipement informatique d\u00e9tenu ou sous contrat par ANTDERGROUND, un autre UTILISATEUR ou tout internaute (mat\u00e9riel informatique) et logiciels).<\/p>\n<p>L&#8217;Utilisateur s&#8217;engage \u00e0 ne pas transmettre, diffuser ou mettre \u00e0 la disposition de tiers tout type de contenu contenu sur www.antderground.com, tel que des informations, textes, donn\u00e9es, contenus, messages, graphiques, dessins, fichiers son et \/ ou image. , photographies, enregistrements, logiciels, logos, marques, ic\u00f4nes, technologie, photographies, logiciels, liens, conception graphique et codes sources, ou tout autre mat\u00e9riel auquel vous avez eu acc\u00e8s en tant qu&#8217;utilisateur de www.antderground.com. De plus, conform\u00e9ment \u00e0 tout cela, l&#8217;Utilisateur ne peut pas:<\/p>\n<p>-Reproduire, copier, distribuer, mettre \u00e0 disposition ou de toute autre mani\u00e8re communiquer publiquement, transformer ou modifier le Contenu, sauf si vous avez l&#8217;autorisation expresse et \u00e9crite d&#8217;ANTDERGROUND, qui est le propri\u00e9taire des droits correspondants, ou qu&#8217;il en r\u00e9sulte l\u00e9galement autoris\u00e9.<\/p>\n<p>-Supprimer, manipuler ou alt\u00e9rer de quelque mani\u00e8re que ce soit le \u00abcopyright\u00bb et autres donn\u00e9es d&#8217;identification de la r\u00e9servation de droits d&#8217;ANTDERGROUND ou de ses propri\u00e9taires, des empreintes digitales et \/ ou des identifiants num\u00e9riques, des filigranes ou de tout autre moyen technique mis en place pour leur reconnaissance.<\/p>\n<p>L&#8217;Utilisateur doit s&#8217;abstenir d&#8217;obtenir et m\u00eame tenter d&#8217;obtenir le Contenu en utilisant des moyens ou proc\u00e9dures autres que ceux qui, selon le cas, ont \u00e9t\u00e9 mis \u00e0 disposition \u00e0 cet effet ou qui ont \u00e9t\u00e9 indiqu\u00e9s \u00e0 cet effet sur les pages web o\u00f9 trouver le Contenu ou, en g\u00e9n\u00e9ral, ceux qui sont couramment utilis\u00e9s sur Internet \u00e0 cet effet, \u00e0 condition qu&#8217;ils n&#8217;entra\u00eenent pas de risque de dommage ou de d\u00e9sactivation de www.antderground.com, et \/ ou du Contenu.<\/p>\n<p align=\"left\"><strong>PROPRI\u00c9T\u00c9 INTELLECTUELLE<\/strong><\/p>\n<p align=\"left\">Toutes les marques, noms commerciaux ou signes distinctifs de toute nature qui apparaissent sur www.antderground.com sont la propri\u00e9t\u00e9 d&#8217;ANTDERGROUND ou, le cas \u00e9ch\u00e9ant, de leurs propri\u00e9taires respectifs, sans qu&#8217;il soit entendu que l&#8217;utilisation ou l&#8217;acc\u00e8s au Portail et \/ ou au Les Contenus attribuent \u00e0 l&#8217;Utilisateur tout droit sur les marques, noms commerciaux et \/ ou signes distinctifs susmentionn\u00e9s et sans \u00eatre compris comme attribu\u00e9s \u00e0 l&#8217;Utilisateur, aucun des droits d&#8217;exploitation qui existent ou peuvent exister sur lesdits Contenus. De m\u00eame, les Contenus sont la propri\u00e9t\u00e9 intellectuelle d&#8217;ANTDERGROUND, ou de tiers le cas \u00e9ch\u00e9ant, par cons\u00e9quent, les droits de Propri\u00e9t\u00e9 Intellectuelle sont la propri\u00e9t\u00e9 d&#8217;ANTDERGROUND ou de tiers qui ont autoris\u00e9 leur utilisation, \u00e0 qui correspond l&#8217;exercice exclusif des droits d&#8217;exploitation. de la m\u00eame forme et en particulier les droits de reproduction, de distribution, de communication publique et de transformation. L&#8217;utilisation non autoris\u00e9e des informations contenues sur ce site, ainsi que la violation des droits de propri\u00e9t\u00e9 intellectuelle ou industrielle d&#8217;ANTDERGROUND ou de tiers inclus dans www.antderground.com qui ont transf\u00e9r\u00e9 du contenu entra\u00eeneront les responsabilit\u00e9s l\u00e9galement \u00e9tablies.<\/p>\n<p align=\"left\"><strong>DISPONIBILIT\u00c9 DE WWW.ANTDERGROUND.COM<\/strong><\/p>\n<p align=\"left\">ANTDERGROUND ne garantit pas l&#8217;absence d&#8217;interruptions ou d&#8217;erreurs dans l&#8217;acc\u00e8s \u00e0 www.antderground.com, son contenu, ou leur mise \u00e0 jour, bien qu&#8217;il fera de son mieux pour les \u00e9viter, les corriger ou les mettre \u00e0 jour, le cas \u00e9ch\u00e9ant. Par cons\u00e9quent, ANTDERGROUND n&#8217;est pas responsable des dommages ou pertes de toute nature produits chez l&#8217;Utilisateur qui sont caus\u00e9s par des d\u00e9faillances ou des d\u00e9connexions dans les r\u00e9seaux de t\u00e9l\u00e9communications qui provoquent la suspension, l&#8217;annulation ou l&#8217;interruption du service de portail lors de la fourniture de celui-ci ou avec caract\u00e8re pr\u00e9c\u00e9dent.<\/p>\n<p>ANTDERGROUND exclut, avec les exceptions pr\u00e9vues dans la l\u00e9gislation en vigueur, toute responsabilit\u00e9 pour les dommages de toute nature qui pourraient \u00eatre dus au manque de disponibilit\u00e9, de continuit\u00e9 ou de qualit\u00e9 du fonctionnement de www.antderground.com et du Contenu, de la non-conformit\u00e9 de l&#8217;attente d&#8217;utilit\u00e9 que l&#8217;UTILISATEUR aurait pu attribuer \u00e0 www.antderground.com et au Contenu.<\/p>\n<p>Les hyperliens qui apparaissent sur ce site Web ont pour fonction exclusive d&#8217;informer l&#8217;utilisateur de l&#8217;existence d&#8217;autres sites Web contenant des informations sur le sujet. Ces hyperliens ne constituent aucune suggestion ou recommandation.<\/p>\n<p>ANTDERGROUND n&#8217;est pas responsable du contenu desdites pages li\u00e9es, du fonctionnement ou de l&#8217;utilit\u00e9 des Hyperliens ou du r\u00e9sultat de ces liens, ni ne garantit l&#8217;absence de virus ou d&#8217;autres \u00e9l\u00e9ments qui pourraient provoquer des alt\u00e9rations du syst\u00e8me informatique (mat\u00e9riel et logiciel), les documents ou fichiers de l&#8217;utilisateur, \u00e0 l&#8217;exclusion de toute responsabilit\u00e9 pour les dommages de toute nature caus\u00e9s \u00e0 l&#8217;utilisateur pour cette raison.<\/p>\n<p>L&#8217;acc\u00e8s \u00e0 www.antderground.com n&#8217;implique pas l&#8217;obligation d&#8217;ANTDERGROUND de contr\u00f4ler l&#8217;absence de virus, de vers ou de tout autre \u00e9l\u00e9ment informatique nuisible. Dans tous les cas, l&#8217;utilisateur est responsable de la disponibilit\u00e9 d&#8217;outils ad\u00e9quats pour la d\u00e9tection et la d\u00e9sinfection des programmes informatiques nuisibles, par cons\u00e9quent, ANTDERGROUND n&#8217;est pas responsable des \u00e9ventuelles erreurs de s\u00e9curit\u00e9 qui pourraient survenir lors de la fourniture du service www. antderground.com, ni des \u00e9ventuels dommages pouvant \u00eatre caus\u00e9s au syst\u00e8me informatique de l&#8217;Utilisateur ou \u00e0 celui de tiers (mat\u00e9riel et logiciels), aux fichiers ou documents qui y sont stock\u00e9s, du fait de la pr\u00e9sence de virus dans l&#8217;ordinateur de l&#8217;Utilisateur utilis\u00e9 pour le connexion aux services et contenus du Web, dysfonctionnement du navigateur ou utilisation de versions obsol\u00e8tes de celui-ci.<\/p>\n<p>La fourniture du service de www.antderground.com et du Contenu a, en principe, une dur\u00e9e ind\u00e9termin\u00e9e. ANTDERGROUND, cependant, est autoris\u00e9 \u00e0 mettre fin ou \u00e0 suspendre la fourniture du service de www.antderground.com et \/ ou de tout Contenu \u00e0 tout moment. Lorsque cela est raisonnablement possible, ANTDERGROUND avertira pr\u00e9alablement la r\u00e9siliation ou la suspension de www.antderground.com.<\/p>\n<p><strong>QUALIT\u00c9 DE WWW.ANTDERGROUND.COM<\/strong><\/p>\n<p>Compte tenu de l&#8217;environnement dynamique et changeant des informations et des services fournis via www.antderground.com, ANTDERGROUND fait ses meilleurs efforts, mais ne garantit pas la v\u00e9racit\u00e9, l&#8217;exactitude, la fiabilit\u00e9, l&#8217;utilit\u00e9 et \/ ou l&#8217;actualit\u00e9 du contenu. Les informations contenues dans les pages qui composent ce portail sont uniquement informatives, consultatives, informatives et publicitaires. En aucun cas, ils n&#8217;offrent ou n&#8217;ont le caract\u00e8re d&#8217;un engagement contraignant ou contractuel.<\/p>\n<p align=\"left\"><strong>LIMITATION DE RESPONSABILIT\u00c9<\/strong><\/p>\n<p align=\"left\">ANTDERGROUND d\u00e9cline toute responsabilit\u00e9 pour les d\u00e9cisions que l&#8217;Utilisateur peut prendre sur la base de ces informations, ainsi que pour d&#8217;\u00e9ventuelles erreurs typographiques pouvant \u00eatre contenues dans les documents et graphiques de www.antderground.com. Les informations sont sujettes \u00e0 d&#8217;\u00e9ventuelles modifications p\u00e9riodiques sans pr\u00e9avis de leur contenu en raison de l&#8217;expansion, l&#8217;am\u00e9lioration, la correction ou la mise \u00e0 jour du Contenu.<\/p>\n<p align=\"left\"><strong>NOTIFICATIONS<\/strong><\/p>\n<p align=\"left\">Toutes les notifications et communications par ANTDERGROUND \u00e0 l&#8217;Utilisateur effectu\u00e9es par tout moyen seront consid\u00e9r\u00e9es comme efficaces \u00e0 toutes fins.<\/p>\n<p align=\"left\"><strong>JURIDICTION<\/strong><\/p>\n<p align=\"left\">Pour toutes les questions qui se posent sur l&#8217;interpr\u00e9tation, l&#8217;application et la conformit\u00e9 du pr\u00e9sent avis juridique, ainsi que les r\u00e9clamations qui peuvent d\u00e9couler de son utilisation, toutes les parties impliqu\u00e9es soumettent aux juges et aux tribunaux de la province d&#8217;Espagne &#8211; Barcelone, d\u00e9missionnant de express\u00e9ment \u00e0 toute autre juridiction qui pourrait leur correspondre.<\/p>\n<p align=\"left\"><strong>L\u00c9GISLATION APPLICABLE<\/strong><\/p>\n<p align=\"left\">Cet avis juridique est r\u00e9gi par la r\u00e9glementation espagnole en vigueur.<\/p>\n","protected":false},"excerpt":{"rendered":"<p>DONN\u00c9ES D&#8217;IDENTIFICATION DU PROPRI\u00c9TAIRE DU SITE WEB Conform\u00e9ment au devoir d&#8217;information pr\u00e9vu \u00e0 l&#8217;article 10 de la loi 34\/2002 du<\/p>\n","protected":false},"author":1,"featured_media":0,"parent":0,"menu_order":0,"comment_status":"closed","ping_status":"closed","template":"","meta":{"footnotes":""},"class_list":["post-7803","page","type-page","status-publish","hentry"],"yoast_head":"<!-- This site is optimized with the Yoast SEO plugin v27.4 - https:\/\/yoast.com\/product\/yoast-seo-wordpress\/ -->\n<title>Information l\u00e9gale - ANTDERGROUND<\/title>\n<meta name=\"robots\" content=\"index, follow, max-snippet:-1, max-image-preview:large, max-video-preview:-1\" \/>\n<link rel=\"canonical\" href=\"https:\/\/antderground.com\/fr\/information-legale\/\" \/>\n<meta property=\"og:locale\" content=\"fr_FR\" \/>\n<meta property=\"og:type\" content=\"article\" \/>\n<meta property=\"og:title\" content=\"Information l\u00e9gale - ANTDERGROUND\" \/>\n<meta property=\"og:description\" content=\"DONN\u00c9ES D&#8217;IDENTIFICATION DU PROPRI\u00c9TAIRE DU SITE WEB Conform\u00e9ment au devoir d&#8217;information pr\u00e9vu \u00e0 l&#8217;article 10 de la loi 34\/2002 du\" \/>\n<meta property=\"og:url\" content=\"https:\/\/antderground.com\/fr\/information-legale\/\" \/>\n<meta property=\"og:site_name\" content=\"ANTDERGROUND\" \/>\n<meta property=\"article:modified_time\" content=\"2021-05-19T15:08:20+00:00\" \/>\n<meta name=\"twitter:card\" content=\"summary_large_image\" \/>\n<meta name=\"twitter:label1\" content=\"Dur\u00e9e de lecture estim\u00e9e\" \/>\n\t<meta name=\"twitter:data1\" content=\"7 minutes\" \/>\n<script type=\"application\/ld+json\" class=\"yoast-schema-graph\">{\"@context\":\"https:\\\/\\\/schema.org\",\"@graph\":[{\"@type\":\"WebPage\",\"@id\":\"https:\\\/\\\/antderground.com\\\/fr\\\/information-legale\\\/\",\"url\":\"https:\\\/\\\/antderground.com\\\/fr\\\/information-legale\\\/\",\"name\":\"Information l\u00e9gale - ANTDERGROUND\",\"isPartOf\":{\"@id\":\"https:\\\/\\\/antderground.com\\\/fr\\\/#website\"},\"datePublished\":\"2019-06-16T06:35:11+00:00\",\"dateModified\":\"2021-05-19T15:08:20+00:00\",\"breadcrumb\":{\"@id\":\"https:\\\/\\\/antderground.com\\\/fr\\\/information-legale\\\/#breadcrumb\"},\"inLanguage\":\"fr-FR\",\"potentialAction\":[{\"@type\":\"ReadAction\",\"target\":[\"https:\\\/\\\/antderground.com\\\/fr\\\/information-legale\\\/\"]}]},{\"@type\":\"BreadcrumbList\",\"@id\":\"https:\\\/\\\/antderground.com\\\/fr\\\/information-legale\\\/#breadcrumb\",\"itemListElement\":[{\"@type\":\"ListItem\",\"position\":1,\"name\":\"Portada\",\"item\":\"https:\\\/\\\/antderground.com\\\/fr\\\/\"},{\"@type\":\"ListItem\",\"position\":2,\"name\":\"Information l\u00e9gale\"}]},{\"@type\":\"WebSite\",\"@id\":\"https:\\\/\\\/antderground.com\\\/fr\\\/#website\",\"url\":\"https:\\\/\\\/antderground.com\\\/fr\\\/\",\"name\":\"ANTDERGROUND\",\"description\":\"Tu tienda de hormigas, gran variedad de hormigueros acr\u00edlicos,madera,arena,3D y mas.. Pide tus hormigas gratis con tu pedido, somos expertos en hormigueros antifugas.\",\"publisher\":{\"@id\":\"https:\\\/\\\/antderground.com\\\/fr\\\/#\\\/schema\\\/person\\\/0e322c505e84fe72c65e2f6d08f96b81\"},\"alternateName\":\"Antderground\",\"potentialAction\":[{\"@type\":\"SearchAction\",\"target\":{\"@type\":\"EntryPoint\",\"urlTemplate\":\"https:\\\/\\\/antderground.com\\\/fr\\\/?s={search_term_string}\"},\"query-input\":{\"@type\":\"PropertyValueSpecification\",\"valueRequired\":true,\"valueName\":\"search_term_string\"}}],\"inLanguage\":\"fr-FR\"},{\"@type\":[\"Person\",\"Organization\"],\"@id\":\"https:\\\/\\\/antderground.com\\\/fr\\\/#\\\/schema\\\/person\\\/0e322c505e84fe72c65e2f6d08f96b81\",\"name\":\"Eric de Antderground\",\"image\":{\"@type\":\"ImageObject\",\"inLanguage\":\"fr-FR\",\"@id\":\"https:\\\/\\\/secure.gravatar.com\\\/avatar\\\/c49a1b9f79216d1498cb73c1e85cd47f4465dda35f2a94c03790d491bd4423c3?s=96&d=mm&r=g\",\"url\":\"https:\\\/\\\/secure.gravatar.com\\\/avatar\\\/c49a1b9f79216d1498cb73c1e85cd47f4465dda35f2a94c03790d491bd4423c3?s=96&d=mm&r=g\",\"contentUrl\":\"https:\\\/\\\/secure.gravatar.com\\\/avatar\\\/c49a1b9f79216d1498cb73c1e85cd47f4465dda35f2a94c03790d491bd4423c3?s=96&d=mm&r=g\",\"caption\":\"Eric de Antderground\"},\"logo\":{\"@id\":\"https:\\\/\\\/secure.gravatar.com\\\/avatar\\\/c49a1b9f79216d1498cb73c1e85cd47f4465dda35f2a94c03790d491bd4423c3?s=96&d=mm&r=g\"},\"description\":\"Eric es el especialista y fundador de Antderground, con una amplia trayectoria en artr\u00f3podos y enfocado en la mirmecolog\u00eda y el dise\u00f1o de hormigueros artificiales. Su enfoque combina la innovaci\u00f3n t\u00e9cnica con el respeto por la biolog\u00eda de las hormigas, is\u00f3podos y otros, desarrollando sistemas de nidos modulares 3D y acr\u00edlicos que son referentes para aficionados y profesionales en toda Europa. Su objetivo es facilitar la cr\u00eda de hormigas y otros artr\u00f3podos mediante soluciones seguras y divulgaci\u00f3n de calidad.\",\"sameAs\":[\"https:\\\/\\\/antderground.com\\\/\",\"https:\\\/\\\/www.youtube.com\\\/channel\\\/UCio72z7TlbufkAthAJIJfPw\"]}]}<\/script>\n<!-- \/ Yoast SEO plugin. -->","yoast_head_json":{"title":"Information l\u00e9gale - ANTDERGROUND","robots":{"index":"index","follow":"follow","max-snippet":"max-snippet:-1","max-image-preview":"max-image-preview:large","max-video-preview":"max-video-preview:-1"},"canonical":"https:\/\/antderground.com\/fr\/information-legale\/","og_locale":"fr_FR","og_type":"article","og_title":"Information l\u00e9gale - ANTDERGROUND","og_description":"DONN\u00c9ES D&#8217;IDENTIFICATION DU PROPRI\u00c9TAIRE DU SITE WEB Conform\u00e9ment au devoir d&#8217;information pr\u00e9vu \u00e0 l&#8217;article 10 de la loi 34\/2002 du","og_url":"https:\/\/antderground.com\/fr\/information-legale\/","og_site_name":"ANTDERGROUND","article_modified_time":"2021-05-19T15:08:20+00:00","twitter_card":"summary_large_image","twitter_misc":{"Dur\u00e9e de lecture estim\u00e9e":"7 minutes"},"schema":{"@context":"https:\/\/schema.org","@graph":[{"@type":"WebPage","@id":"https:\/\/antderground.com\/fr\/information-legale\/","url":"https:\/\/antderground.com\/fr\/information-legale\/","name":"Information l\u00e9gale - ANTDERGROUND","isPartOf":{"@id":"https:\/\/antderground.com\/fr\/#website"},"datePublished":"2019-06-16T06:35:11+00:00","dateModified":"2021-05-19T15:08:20+00:00","breadcrumb":{"@id":"https:\/\/antderground.com\/fr\/information-legale\/#breadcrumb"},"inLanguage":"fr-FR","potentialAction":[{"@type":"ReadAction","target":["https:\/\/antderground.com\/fr\/information-legale\/"]}]},{"@type":"BreadcrumbList","@id":"https:\/\/antderground.com\/fr\/information-legale\/#breadcrumb","itemListElement":[{"@type":"ListItem","position":1,"name":"Portada","item":"https:\/\/antderground.com\/fr\/"},{"@type":"ListItem","position":2,"name":"Information l\u00e9gale"}]},{"@type":"WebSite","@id":"https:\/\/antderground.com\/fr\/#website","url":"https:\/\/antderground.com\/fr\/","name":"ANTDERGROUND","description":"Tu tienda de hormigas, gran variedad de hormigueros acr\u00edlicos,madera,arena,3D y mas.. Pide tus hormigas gratis con tu pedido, somos expertos en hormigueros antifugas.","publisher":{"@id":"https:\/\/antderground.com\/fr\/#\/schema\/person\/0e322c505e84fe72c65e2f6d08f96b81"},"alternateName":"Antderground","potentialAction":[{"@type":"SearchAction","target":{"@type":"EntryPoint","urlTemplate":"https:\/\/antderground.com\/fr\/?s={search_term_string}"},"query-input":{"@type":"PropertyValueSpecification","valueRequired":true,"valueName":"search_term_string"}}],"inLanguage":"fr-FR"},{"@type":["Person","Organization"],"@id":"https:\/\/antderground.com\/fr\/#\/schema\/person\/0e322c505e84fe72c65e2f6d08f96b81","name":"Eric de Antderground","image":{"@type":"ImageObject","inLanguage":"fr-FR","@id":"https:\/\/secure.gravatar.com\/avatar\/c49a1b9f79216d1498cb73c1e85cd47f4465dda35f2a94c03790d491bd4423c3?s=96&d=mm&r=g","url":"https:\/\/secure.gravatar.com\/avatar\/c49a1b9f79216d1498cb73c1e85cd47f4465dda35f2a94c03790d491bd4423c3?s=96&d=mm&r=g","contentUrl":"https:\/\/secure.gravatar.com\/avatar\/c49a1b9f79216d1498cb73c1e85cd47f4465dda35f2a94c03790d491bd4423c3?s=96&d=mm&r=g","caption":"Eric de Antderground"},"logo":{"@id":"https:\/\/secure.gravatar.com\/avatar\/c49a1b9f79216d1498cb73c1e85cd47f4465dda35f2a94c03790d491bd4423c3?s=96&d=mm&r=g"},"description":"Eric es el especialista y fundador de Antderground, con una amplia trayectoria en artr\u00f3podos y enfocado en la mirmecolog\u00eda y el dise\u00f1o de hormigueros artificiales. Su enfoque combina la innovaci\u00f3n t\u00e9cnica con el respeto por la biolog\u00eda de las hormigas, is\u00f3podos y otros, desarrollando sistemas de nidos modulares 3D y acr\u00edlicos que son referentes para aficionados y profesionales en toda Europa. Su objetivo es facilitar la cr\u00eda de hormigas y otros artr\u00f3podos mediante soluciones seguras y divulgaci\u00f3n de calidad.","sameAs":["https:\/\/antderground.com\/","https:\/\/www.youtube.com\/channel\/UCio72z7TlbufkAthAJIJfPw"]}]}},"_links":{"self":[{"href":"https:\/\/antderground.com\/fr\/wp-json\/wp\/v2\/pages\/7803","targetHints":{"allow":["GET"]}}],"collection":[{"href":"https:\/\/antderground.com\/fr\/wp-json\/wp\/v2\/pages"}],"about":[{"href":"https:\/\/antderground.com\/fr\/wp-json\/wp\/v2\/types\/page"}],"author":[{"embeddable":true,"href":"https:\/\/antderground.com\/fr\/wp-json\/wp\/v2\/users\/1"}],"replies":[{"embeddable":true,"href":"https:\/\/antderground.com\/fr\/wp-json\/wp\/v2\/comments?post=7803"}],"version-history":[{"count":0,"href":"https:\/\/antderground.com\/fr\/wp-json\/wp\/v2\/pages\/7803\/revisions"}],"wp:attachment":[{"href":"https:\/\/antderground.com\/fr\/wp-json\/wp\/v2\/media?parent=7803"}],"curies":[{"name":"wp","href":"https:\/\/api.w.org\/{rel}","templated":true}]}}