{"id":7807,"date":"2019-06-16T08:35:11","date_gmt":"2019-06-16T06:35:11","guid":{"rendered":"https:\/\/www.antderground.com\/politica-de-privacidad\/"},"modified":"2021-05-19T17:23:43","modified_gmt":"2021-05-19T15:23:43","slug":"politique-de-confidentialite","status":"publish","type":"page","link":"https:\/\/antderground.com\/fr\/politique-de-confidentialite\/","title":{"rendered":"Politique de confidentialit\u00e9"},"content":{"rendered":"<p><b>INTRODUCTION<\/b><\/p>\n<p>Chez ANTDERGROUND, sensibilis\u00e9 aux besoins des internautes et conscient de l&#8217;importance de la confidentialit\u00e9 rigoureuse des informations personnelles qu&#8217;ils nous confient, nous incluons cette d\u00e9claration de confidentialit\u00e9 afin de vous faire prendre connaissance de la politique de traitement des donn\u00e9es personnels que vous obtenez de vos visiteurs et utilisateurs.<\/p>\n<p>En tant qu&#8217;utilisateur, vous acceptez ces conditions simplement en lisant, en consultant ou en naviguant sur le site. Si vous ne les acceptez pas, vous devez quitter le site, sans en faire usage et son contenu, et sans acc\u00e9der aux pages li\u00e9es.<\/p>\n<p><b>RESPONSABLE DU TRAITEMENT DES DONN\u00c9ES<\/b><\/p>\n<p>Le propri\u00e9taire du site et responsable du traitement des donn\u00e9es est ERIC LOPEZ FERNANDEZ, avec DNI 77745286-L, pour vous contacter, vous pouvez utiliser l&#8217;adresse e-mail antderground@gmail.com ou un courrier postal \u00e0 Carretera de Berga 15, code postal 08611 Cal Rosal, Espagne \u2013 Barcelone.<\/p>\n<p><b>OBJECTIF DU TRAITEMENT DES DONN\u00c9ES<\/b><\/p>\n<p>Sur nos sites Web, il existe des sections sp\u00e9cifiques o\u00f9 vous pouvez noter vos donn\u00e9es pour recevoir des informations sur les mises \u00e0 jour de notre site Web et certains des programmes qui sont distribu\u00e9s. Nous vous assurons que les informations que vous fournissez seront g\u00e9r\u00e9es de mani\u00e8re totalement confidentielle.<\/p>\n<p>Formulaire de contact: Restez en contact avec vous ou d&#8217;autres actions obligatoires.<\/p>\n<p>Les donn\u00e9es seront conserv\u00e9es tant qu&#8217;il y aura une pr\u00e9vision de leur utilisation aux fins pour lesquelles elles ont \u00e9t\u00e9 collect\u00e9es.<\/p>\n<p>Aucune prise de d\u00e9cision automatis\u00e9e n&#8217;est effectu\u00e9e avec vos donn\u00e9es.<\/p>\n<p>Le site Web peut utiliser des cookies, voir notre &#8211; politique de cookies.<\/p>\n<p><b>L\u00c9GITIMATION DU TRAITEMENT DES DONN\u00c9ES<\/b><\/p>\n<p>L&#8217;utilisation de vos donn\u00e9es se fait parce que vous nous donnez votre consentement \u00e0 utiliser celles que vous nous fournissez dans les formulaires pour une utilisation sp\u00e9cifique indiqu\u00e9e dans chacun d&#8217;eux. Vos donn\u00e9es ne sont n\u00e9cessaires que pour les utilisations sp\u00e9cifiques pour lesquelles elles sont demand\u00e9es.Si vous ne les fournissez pas, ces services ne sont pas possibles.<\/p>\n<p><b>TRANSFERT DE DONN\u00c9ES<\/b><\/p>\n<p>Il y a un engagement ferme de notre part que les donn\u00e9es que vous fournissez \u00e0 ANTDERGROUND ne seront pas vendues ou transf\u00e9r\u00e9es \u00e0 des tiers sans le consentement pr\u00e9alable de la partie int\u00e9ress\u00e9e sous aucun concept ou circonstance, sauf avec le consentement expr\u00e8s ou l&#8217;obligation l\u00e9gale.<\/p>\n<p>Notre site Web contient des liens vers des sites Web tiers. ANTDERGROUND n&#8217;est pas responsable des politiques et pratiques de confidentialit\u00e9 de ces autres sites.<\/p>\n<p><b>DROITS DES INT\u00c9RESS\u00c9S<\/b><\/p>\n<p>Vous avez le droit d&#8217;acc\u00e9der aux informations vous concernant qui sont stock\u00e9es dans nos bases de donn\u00e9es, de les rectifier s&#8217;il y a un errata, de le supprimer, de le limiter, de vous opposer \u00e0 son traitement et de retirer votre consentement si tel est votre souhait. Pour ce faire, il vous suffit d&#8217;\u00e9crire un e-mail \u00e0 l&#8217;adresse e-mail antderground@gmail.com o\u00f9 nous serons ravis de vous aider pour toute question, commentaire ou clarification requis \u00e0 cet \u00e9gard.<\/p>\n<p>Pour plus d&#8217;informations sur des sujets connexes, le site de r\u00e9f\u00e9rence sur le r\u00e9seau espagnol est l&#8217;Agence de protection des donn\u00e9es, o\u00f9 vous avez le droit de r\u00e9clamer.<\/p>\n","protected":false},"excerpt":{"rendered":"<p>INTRODUCTION Chez ANTDERGROUND, sensibilis\u00e9 aux besoins des internautes et conscient de l&#8217;importance de la confidentialit\u00e9 rigoureuse des informations personnelles qu&#8217;ils<\/p>\n","protected":false},"author":1,"featured_media":0,"parent":0,"menu_order":0,"comment_status":"closed","ping_status":"closed","template":"","meta":{"footnotes":""},"class_list":["post-7807","page","type-page","status-publish","hentry"],"yoast_head":"<!-- This site is optimized with the Yoast SEO plugin v27.4 - https:\/\/yoast.com\/product\/yoast-seo-wordpress\/ -->\n<title>Politique de confidentialit\u00e9 - ANTDERGROUND<\/title>\n<meta name=\"robots\" content=\"index, follow, max-snippet:-1, max-image-preview:large, max-video-preview:-1\" \/>\n<link rel=\"canonical\" href=\"https:\/\/antderground.com\/fr\/politique-de-confidentialite\/\" \/>\n<meta property=\"og:locale\" content=\"fr_FR\" \/>\n<meta property=\"og:type\" content=\"article\" \/>\n<meta property=\"og:title\" content=\"Politique de confidentialit\u00e9 - ANTDERGROUND\" \/>\n<meta property=\"og:description\" content=\"INTRODUCTION Chez ANTDERGROUND, sensibilis\u00e9 aux besoins des internautes et conscient de l&#8217;importance de la confidentialit\u00e9 rigoureuse des informations personnelles qu&#8217;ils\" \/>\n<meta property=\"og:url\" content=\"https:\/\/antderground.com\/fr\/politique-de-confidentialite\/\" \/>\n<meta property=\"og:site_name\" content=\"ANTDERGROUND\" \/>\n<meta property=\"article:modified_time\" content=\"2021-05-19T15:23:43+00:00\" \/>\n<meta name=\"twitter:card\" content=\"summary_large_image\" \/>\n<meta name=\"twitter:label1\" content=\"Dur\u00e9e de lecture estim\u00e9e\" \/>\n\t<meta name=\"twitter:data1\" content=\"3 minutes\" \/>\n<script type=\"application\/ld+json\" class=\"yoast-schema-graph\">{\"@context\":\"https:\\\/\\\/schema.org\",\"@graph\":[{\"@type\":\"WebPage\",\"@id\":\"https:\\\/\\\/antderground.com\\\/fr\\\/politique-de-confidentialite\\\/\",\"url\":\"https:\\\/\\\/antderground.com\\\/fr\\\/politique-de-confidentialite\\\/\",\"name\":\"Politique de confidentialit\u00e9 - ANTDERGROUND\",\"isPartOf\":{\"@id\":\"https:\\\/\\\/antderground.com\\\/fr\\\/#website\"},\"datePublished\":\"2019-06-16T06:35:11+00:00\",\"dateModified\":\"2021-05-19T15:23:43+00:00\",\"breadcrumb\":{\"@id\":\"https:\\\/\\\/antderground.com\\\/fr\\\/politique-de-confidentialite\\\/#breadcrumb\"},\"inLanguage\":\"fr-FR\",\"potentialAction\":[{\"@type\":\"ReadAction\",\"target\":[\"https:\\\/\\\/antderground.com\\\/fr\\\/politique-de-confidentialite\\\/\"]}]},{\"@type\":\"BreadcrumbList\",\"@id\":\"https:\\\/\\\/antderground.com\\\/fr\\\/politique-de-confidentialite\\\/#breadcrumb\",\"itemListElement\":[{\"@type\":\"ListItem\",\"position\":1,\"name\":\"Portada\",\"item\":\"https:\\\/\\\/antderground.com\\\/fr\\\/\"},{\"@type\":\"ListItem\",\"position\":2,\"name\":\"Politique de confidentialit\u00e9\"}]},{\"@type\":\"WebSite\",\"@id\":\"https:\\\/\\\/antderground.com\\\/fr\\\/#website\",\"url\":\"https:\\\/\\\/antderground.com\\\/fr\\\/\",\"name\":\"ANTDERGROUND\",\"description\":\"Tu tienda de hormigas, gran variedad de hormigueros acr\u00edlicos,madera,arena,3D y mas.. Pide tus hormigas gratis con tu pedido, somos expertos en hormigueros antifugas.\",\"publisher\":{\"@id\":\"https:\\\/\\\/antderground.com\\\/fr\\\/#\\\/schema\\\/person\\\/0e322c505e84fe72c65e2f6d08f96b81\"},\"alternateName\":\"Antderground\",\"potentialAction\":[{\"@type\":\"SearchAction\",\"target\":{\"@type\":\"EntryPoint\",\"urlTemplate\":\"https:\\\/\\\/antderground.com\\\/fr\\\/?s={search_term_string}\"},\"query-input\":{\"@type\":\"PropertyValueSpecification\",\"valueRequired\":true,\"valueName\":\"search_term_string\"}}],\"inLanguage\":\"fr-FR\"},{\"@type\":[\"Person\",\"Organization\"],\"@id\":\"https:\\\/\\\/antderground.com\\\/fr\\\/#\\\/schema\\\/person\\\/0e322c505e84fe72c65e2f6d08f96b81\",\"name\":\"Eric de Antderground\",\"image\":{\"@type\":\"ImageObject\",\"inLanguage\":\"fr-FR\",\"@id\":\"https:\\\/\\\/secure.gravatar.com\\\/avatar\\\/c49a1b9f79216d1498cb73c1e85cd47f4465dda35f2a94c03790d491bd4423c3?s=96&d=mm&r=g\",\"url\":\"https:\\\/\\\/secure.gravatar.com\\\/avatar\\\/c49a1b9f79216d1498cb73c1e85cd47f4465dda35f2a94c03790d491bd4423c3?s=96&d=mm&r=g\",\"contentUrl\":\"https:\\\/\\\/secure.gravatar.com\\\/avatar\\\/c49a1b9f79216d1498cb73c1e85cd47f4465dda35f2a94c03790d491bd4423c3?s=96&d=mm&r=g\",\"caption\":\"Eric de Antderground\"},\"logo\":{\"@id\":\"https:\\\/\\\/secure.gravatar.com\\\/avatar\\\/c49a1b9f79216d1498cb73c1e85cd47f4465dda35f2a94c03790d491bd4423c3?s=96&d=mm&r=g\"},\"description\":\"Eric es el especialista y fundador de Antderground, con una amplia trayectoria en artr\u00f3podos y enfocado en la mirmecolog\u00eda y el dise\u00f1o de hormigueros artificiales. Su enfoque combina la innovaci\u00f3n t\u00e9cnica con el respeto por la biolog\u00eda de las hormigas, is\u00f3podos y otros, desarrollando sistemas de nidos modulares 3D y acr\u00edlicos que son referentes para aficionados y profesionales en toda Europa. Su objetivo es facilitar la cr\u00eda de hormigas y otros artr\u00f3podos mediante soluciones seguras y divulgaci\u00f3n de calidad.\",\"sameAs\":[\"https:\\\/\\\/antderground.com\\\/\",\"https:\\\/\\\/www.youtube.com\\\/channel\\\/UCio72z7TlbufkAthAJIJfPw\"]}]}<\/script>\n<!-- \/ Yoast SEO plugin. -->","yoast_head_json":{"title":"Politique de confidentialit\u00e9 - ANTDERGROUND","robots":{"index":"index","follow":"follow","max-snippet":"max-snippet:-1","max-image-preview":"max-image-preview:large","max-video-preview":"max-video-preview:-1"},"canonical":"https:\/\/antderground.com\/fr\/politique-de-confidentialite\/","og_locale":"fr_FR","og_type":"article","og_title":"Politique de confidentialit\u00e9 - ANTDERGROUND","og_description":"INTRODUCTION Chez ANTDERGROUND, sensibilis\u00e9 aux besoins des internautes et conscient de l&#8217;importance de la confidentialit\u00e9 rigoureuse des informations personnelles qu&#8217;ils","og_url":"https:\/\/antderground.com\/fr\/politique-de-confidentialite\/","og_site_name":"ANTDERGROUND","article_modified_time":"2021-05-19T15:23:43+00:00","twitter_card":"summary_large_image","twitter_misc":{"Dur\u00e9e de lecture estim\u00e9e":"3 minutes"},"schema":{"@context":"https:\/\/schema.org","@graph":[{"@type":"WebPage","@id":"https:\/\/antderground.com\/fr\/politique-de-confidentialite\/","url":"https:\/\/antderground.com\/fr\/politique-de-confidentialite\/","name":"Politique de confidentialit\u00e9 - ANTDERGROUND","isPartOf":{"@id":"https:\/\/antderground.com\/fr\/#website"},"datePublished":"2019-06-16T06:35:11+00:00","dateModified":"2021-05-19T15:23:43+00:00","breadcrumb":{"@id":"https:\/\/antderground.com\/fr\/politique-de-confidentialite\/#breadcrumb"},"inLanguage":"fr-FR","potentialAction":[{"@type":"ReadAction","target":["https:\/\/antderground.com\/fr\/politique-de-confidentialite\/"]}]},{"@type":"BreadcrumbList","@id":"https:\/\/antderground.com\/fr\/politique-de-confidentialite\/#breadcrumb","itemListElement":[{"@type":"ListItem","position":1,"name":"Portada","item":"https:\/\/antderground.com\/fr\/"},{"@type":"ListItem","position":2,"name":"Politique de confidentialit\u00e9"}]},{"@type":"WebSite","@id":"https:\/\/antderground.com\/fr\/#website","url":"https:\/\/antderground.com\/fr\/","name":"ANTDERGROUND","description":"Tu tienda de hormigas, gran variedad de hormigueros acr\u00edlicos,madera,arena,3D y mas.. Pide tus hormigas gratis con tu pedido, somos expertos en hormigueros antifugas.","publisher":{"@id":"https:\/\/antderground.com\/fr\/#\/schema\/person\/0e322c505e84fe72c65e2f6d08f96b81"},"alternateName":"Antderground","potentialAction":[{"@type":"SearchAction","target":{"@type":"EntryPoint","urlTemplate":"https:\/\/antderground.com\/fr\/?s={search_term_string}"},"query-input":{"@type":"PropertyValueSpecification","valueRequired":true,"valueName":"search_term_string"}}],"inLanguage":"fr-FR"},{"@type":["Person","Organization"],"@id":"https:\/\/antderground.com\/fr\/#\/schema\/person\/0e322c505e84fe72c65e2f6d08f96b81","name":"Eric de Antderground","image":{"@type":"ImageObject","inLanguage":"fr-FR","@id":"https:\/\/secure.gravatar.com\/avatar\/c49a1b9f79216d1498cb73c1e85cd47f4465dda35f2a94c03790d491bd4423c3?s=96&d=mm&r=g","url":"https:\/\/secure.gravatar.com\/avatar\/c49a1b9f79216d1498cb73c1e85cd47f4465dda35f2a94c03790d491bd4423c3?s=96&d=mm&r=g","contentUrl":"https:\/\/secure.gravatar.com\/avatar\/c49a1b9f79216d1498cb73c1e85cd47f4465dda35f2a94c03790d491bd4423c3?s=96&d=mm&r=g","caption":"Eric de Antderground"},"logo":{"@id":"https:\/\/secure.gravatar.com\/avatar\/c49a1b9f79216d1498cb73c1e85cd47f4465dda35f2a94c03790d491bd4423c3?s=96&d=mm&r=g"},"description":"Eric es el especialista y fundador de Antderground, con una amplia trayectoria en artr\u00f3podos y enfocado en la mirmecolog\u00eda y el dise\u00f1o de hormigueros artificiales. Su enfoque combina la innovaci\u00f3n t\u00e9cnica con el respeto por la biolog\u00eda de las hormigas, is\u00f3podos y otros, desarrollando sistemas de nidos modulares 3D y acr\u00edlicos que son referentes para aficionados y profesionales en toda Europa. Su objetivo es facilitar la cr\u00eda de hormigas y otros artr\u00f3podos mediante soluciones seguras y divulgaci\u00f3n de calidad.","sameAs":["https:\/\/antderground.com\/","https:\/\/www.youtube.com\/channel\/UCio72z7TlbufkAthAJIJfPw"]}]}},"_links":{"self":[{"href":"https:\/\/antderground.com\/fr\/wp-json\/wp\/v2\/pages\/7807","targetHints":{"allow":["GET"]}}],"collection":[{"href":"https:\/\/antderground.com\/fr\/wp-json\/wp\/v2\/pages"}],"about":[{"href":"https:\/\/antderground.com\/fr\/wp-json\/wp\/v2\/types\/page"}],"author":[{"embeddable":true,"href":"https:\/\/antderground.com\/fr\/wp-json\/wp\/v2\/users\/1"}],"replies":[{"embeddable":true,"href":"https:\/\/antderground.com\/fr\/wp-json\/wp\/v2\/comments?post=7807"}],"version-history":[{"count":0,"href":"https:\/\/antderground.com\/fr\/wp-json\/wp\/v2\/pages\/7807\/revisions"}],"wp:attachment":[{"href":"https:\/\/antderground.com\/fr\/wp-json\/wp\/v2\/media?parent=7807"}],"curies":[{"name":"wp","href":"https:\/\/api.w.org\/{rel}","templated":true}]}}