{"id":7812,"date":"2020-03-19T18:30:02","date_gmt":"2020-03-19T17:30:02","guid":{"rendered":"https:\/\/www.antderground.com\/somos-tu-tienda-de-hormigueros\/"},"modified":"2020-07-16T12:21:16","modified_gmt":"2020-07-16T10:21:16","slug":"information","status":"publish","type":"page","link":"https:\/\/antderground.com\/fr\/information\/","title":{"rendered":"Nous sommes votre boutique en ligne fourmili\u00e8res"},"content":{"rendered":"<p>Nous sommes votre boutique \u00e0 fourmili\u00e8re Antderground, n\u00e9 de l&#8217;illusion d&#8217;un gar\u00e7on de 5 ans: mon fils Marc.<\/p>\n<p>Nous sommes tous les deux passionn\u00e9s par la nature et les animaux, et en particulier les <a href=\"https:\/\/antderground.com\/fr\/fourmis\">fourmis<\/a>, nous avons donc d\u00e9cid\u00e9 de faire des fourmili\u00e8res \u00e0 donner \u00e0 leur \u00e9cole, et c&#8217;est ainsi que tout a commenc\u00e9.<\/p>\n<p>Nous sommes rapidement devenus une jeune entreprise.<\/p>\n<p>L&#8217;entreprise a \u00e9t\u00e9 cr\u00e9\u00e9e \u00e0 Berga en mai 2019 et avec de nouveaux ajouts \u00e0 l&#8217;\u00e9quipe de travail.<\/p>\n<p>Tous nos produits sont fabriqu\u00e9s en interne, afin d&#8217;essayer d&#8217;offrir les meilleurs produits pour le soin des fourmis et de r\u00e9aliser des designs personnalis\u00e9s adapt\u00e9s \u00e0 chaque client.<\/p>\n<p>Nous avons un groupe <a href=\"https:\/\/www.facebook.com\/groups\/antderground\">facebook<\/a> dans lequel nous avons un contact direct avec les clients et les followers.<\/p>\n<p>Nous vous invitons \u00e0 rejoindre le groupe, o\u00f9 vous pourrez apporter vos id\u00e9es, publier des photos , poser des questions, r\u00e9pondre aux questions et \u00eatre au courant de toutes les actualit\u00e9s que nous vous pr\u00e9senterons.<\/p>\n<p>Nous vous encourageons \u00e0 faire partie de ce monde curieux et passionnant qu&#8217;est le monde des fourmis.<\/p>\n<p>Depuis Antderground, nous esp\u00e9rons que vous aurez une exp\u00e9rience agr\u00e9able et n&#8217;h\u00e9sitez pas \u00e0 nous <a href=\"https:\/\/antderground.com\/fr\/contact\/\">contacter<\/a> pour toute question.<\/p>\n<p>Merci beaucoup:<\/p>\n<p>Votre boutique en ligne de fourmili\u00e8res.<\/p>\n","protected":false},"excerpt":{"rendered":"<p>Nous sommes votre boutique \u00e0 fourmili\u00e8re Antderground, n\u00e9 de l&#8217;illusion d&#8217;un gar\u00e7on de 5 ans: mon fils Marc. Nous sommes<\/p>\n","protected":false},"author":1,"featured_media":7814,"parent":0,"menu_order":0,"comment_status":"closed","ping_status":"closed","template":"","meta":{"footnotes":""},"class_list":["post-7812","page","type-page","status-publish","has-post-thumbnail","hentry"],"yoast_head":"<!-- This site is optimized with the Yoast SEO plugin v27.3 - https:\/\/yoast.com\/product\/yoast-seo-wordpress\/ -->\n<title>Nous sommes votre boutique en ligne fourmili\u00e8res - Antderground<\/title>\n<meta name=\"description\" content=\"Informations g\u00e9n\u00e9rales de notre boutique en ligne de myrm\u00e9cologie. Des fourmili\u00e8res de fabrication propre pour nos clients.\" \/>\n<meta name=\"robots\" content=\"index, follow, max-snippet:-1, max-image-preview:large, max-video-preview:-1\" \/>\n<link rel=\"canonical\" href=\"https:\/\/antderground.com\/fr\/information\/\" \/>\n<meta property=\"og:locale\" content=\"fr_FR\" \/>\n<meta property=\"og:type\" content=\"article\" \/>\n<meta property=\"og:title\" content=\"Nous sommes votre boutique en ligne fourmili\u00e8res - Antderground\" \/>\n<meta property=\"og:description\" content=\"Informations g\u00e9n\u00e9rales de notre boutique en ligne de myrm\u00e9cologie. Des fourmili\u00e8res de fabrication propre pour nos clients.\" \/>\n<meta property=\"og:url\" content=\"https:\/\/antderground.com\/fr\/information\/\" \/>\n<meta property=\"og:site_name\" content=\"ANTDERGROUND\" \/>\n<meta property=\"article:modified_time\" content=\"2020-07-16T10:21:16+00:00\" \/>\n<meta property=\"og:image\" content=\"https:\/\/antderground.com\/wp-content\/uploads\/2019\/05\/WhatsApp-Image-2019-05-07-at-7.25.58-PM.jpeg\" \/>\n\t<meta property=\"og:image:width\" content=\"1266\" \/>\n\t<meta property=\"og:image:height\" content=\"674\" \/>\n\t<meta property=\"og:image:type\" content=\"image\/jpeg\" \/>\n<meta name=\"twitter:card\" content=\"summary_large_image\" \/>\n<meta name=\"twitter:label1\" content=\"Dur\u00e9e de lecture estim\u00e9e\" \/>\n\t<meta name=\"twitter:data1\" content=\"1 minute\" \/>\n<script type=\"application\/ld+json\" class=\"yoast-schema-graph\">{\"@context\":\"https:\\\/\\\/schema.org\",\"@graph\":[{\"@type\":\"WebPage\",\"@id\":\"https:\\\/\\\/antderground.com\\\/fr\\\/information\\\/\",\"url\":\"https:\\\/\\\/antderground.com\\\/fr\\\/information\\\/\",\"name\":\"Nous sommes votre boutique en ligne fourmili\u00e8res - Antderground\",\"isPartOf\":{\"@id\":\"https:\\\/\\\/antderground.com\\\/fr\\\/#website\"},\"primaryImageOfPage\":{\"@id\":\"https:\\\/\\\/antderground.com\\\/fr\\\/information\\\/#primaryimage\"},\"image\":{\"@id\":\"https:\\\/\\\/antderground.com\\\/fr\\\/information\\\/#primaryimage\"},\"thumbnailUrl\":\"https:\\\/\\\/antderground.com\\\/wp-content\\\/uploads\\\/2019\\\/05\\\/WhatsApp-Image-2019-05-07-at-7.25.58-PM.jpeg\",\"datePublished\":\"2020-03-19T17:30:02+00:00\",\"dateModified\":\"2020-07-16T10:21:16+00:00\",\"description\":\"Informations g\u00e9n\u00e9rales de notre boutique en ligne de myrm\u00e9cologie. Des fourmili\u00e8res de fabrication propre pour nos clients.\",\"breadcrumb\":{\"@id\":\"https:\\\/\\\/antderground.com\\\/fr\\\/information\\\/#breadcrumb\"},\"inLanguage\":\"fr-FR\",\"potentialAction\":[{\"@type\":\"ReadAction\",\"target\":[\"https:\\\/\\\/antderground.com\\\/fr\\\/information\\\/\"]}]},{\"@type\":\"ImageObject\",\"inLanguage\":\"fr-FR\",\"@id\":\"https:\\\/\\\/antderground.com\\\/fr\\\/information\\\/#primaryimage\",\"url\":\"https:\\\/\\\/antderground.com\\\/wp-content\\\/uploads\\\/2019\\\/05\\\/WhatsApp-Image-2019-05-07-at-7.25.58-PM.jpeg\",\"contentUrl\":\"https:\\\/\\\/antderground.com\\\/wp-content\\\/uploads\\\/2019\\\/05\\\/WhatsApp-Image-2019-05-07-at-7.25.58-PM.jpeg\",\"width\":1266,\"height\":674,\"caption\":\"somos tu tienda de hormigueros\"},{\"@type\":\"BreadcrumbList\",\"@id\":\"https:\\\/\\\/antderground.com\\\/fr\\\/information\\\/#breadcrumb\",\"itemListElement\":[{\"@type\":\"ListItem\",\"position\":1,\"name\":\"Portada\",\"item\":\"https:\\\/\\\/antderground.com\\\/fr\\\/\"},{\"@type\":\"ListItem\",\"position\":2,\"name\":\"Nous sommes votre boutique en ligne fourmili\u00e8res\"}]},{\"@type\":\"WebSite\",\"@id\":\"https:\\\/\\\/antderground.com\\\/fr\\\/#website\",\"url\":\"https:\\\/\\\/antderground.com\\\/fr\\\/\",\"name\":\"ANTDERGROUND\",\"description\":\"Tu tienda de hormigas, gran variedad de hormigueros acr\u00edlicos,madera,arena,3D y mas.. Pide tus hormigas gratis con tu pedido, somos expertos en hormigueros antifugas.\",\"publisher\":{\"@id\":\"https:\\\/\\\/antderground.com\\\/fr\\\/#\\\/schema\\\/person\\\/0e322c505e84fe72c65e2f6d08f96b81\"},\"alternateName\":\"Antderground\",\"potentialAction\":[{\"@type\":\"SearchAction\",\"target\":{\"@type\":\"EntryPoint\",\"urlTemplate\":\"https:\\\/\\\/antderground.com\\\/fr\\\/?s={search_term_string}\"},\"query-input\":{\"@type\":\"PropertyValueSpecification\",\"valueRequired\":true,\"valueName\":\"search_term_string\"}}],\"inLanguage\":\"fr-FR\"},{\"@type\":[\"Person\",\"Organization\"],\"@id\":\"https:\\\/\\\/antderground.com\\\/fr\\\/#\\\/schema\\\/person\\\/0e322c505e84fe72c65e2f6d08f96b81\",\"name\":\"Eric de Antderground\",\"image\":{\"@type\":\"ImageObject\",\"inLanguage\":\"fr-FR\",\"@id\":\"https:\\\/\\\/secure.gravatar.com\\\/avatar\\\/c49a1b9f79216d1498cb73c1e85cd47f4465dda35f2a94c03790d491bd4423c3?s=96&d=mm&r=g\",\"url\":\"https:\\\/\\\/secure.gravatar.com\\\/avatar\\\/c49a1b9f79216d1498cb73c1e85cd47f4465dda35f2a94c03790d491bd4423c3?s=96&d=mm&r=g\",\"contentUrl\":\"https:\\\/\\\/secure.gravatar.com\\\/avatar\\\/c49a1b9f79216d1498cb73c1e85cd47f4465dda35f2a94c03790d491bd4423c3?s=96&d=mm&r=g\",\"caption\":\"Eric de Antderground\"},\"logo\":{\"@id\":\"https:\\\/\\\/secure.gravatar.com\\\/avatar\\\/c49a1b9f79216d1498cb73c1e85cd47f4465dda35f2a94c03790d491bd4423c3?s=96&d=mm&r=g\"},\"description\":\"Eric es el especialista y fundador de Antderground, con una amplia trayectoria en artr\u00f3podos y enfocado en la mirmecolog\u00eda y el dise\u00f1o de hormigueros artificiales. Su enfoque combina la innovaci\u00f3n t\u00e9cnica con el respeto por la biolog\u00eda de las hormigas, is\u00f3podos y otros, desarrollando sistemas de nidos modulares 3D y acr\u00edlicos que son referentes para aficionados y profesionales en toda Europa. Su objetivo es facilitar la cr\u00eda de hormigas y otros artr\u00f3podos mediante soluciones seguras y divulgaci\u00f3n de calidad.\",\"sameAs\":[\"https:\\\/\\\/antderground.com\\\/\",\"https:\\\/\\\/www.youtube.com\\\/channel\\\/UCio72z7TlbufkAthAJIJfPw\"]}]}<\/script>\n<!-- \/ Yoast SEO plugin. -->","yoast_head_json":{"title":"Nous sommes votre boutique en ligne fourmili\u00e8res - Antderground","description":"Informations g\u00e9n\u00e9rales de notre boutique en ligne de myrm\u00e9cologie. Des fourmili\u00e8res de fabrication propre pour nos clients.","robots":{"index":"index","follow":"follow","max-snippet":"max-snippet:-1","max-image-preview":"max-image-preview:large","max-video-preview":"max-video-preview:-1"},"canonical":"https:\/\/antderground.com\/fr\/information\/","og_locale":"fr_FR","og_type":"article","og_title":"Nous sommes votre boutique en ligne fourmili\u00e8res - Antderground","og_description":"Informations g\u00e9n\u00e9rales de notre boutique en ligne de myrm\u00e9cologie. Des fourmili\u00e8res de fabrication propre pour nos clients.","og_url":"https:\/\/antderground.com\/fr\/information\/","og_site_name":"ANTDERGROUND","article_modified_time":"2020-07-16T10:21:16+00:00","og_image":[{"width":1266,"height":674,"url":"https:\/\/antderground.com\/wp-content\/uploads\/2019\/05\/WhatsApp-Image-2019-05-07-at-7.25.58-PM.jpeg","type":"image\/jpeg"}],"twitter_card":"summary_large_image","twitter_misc":{"Dur\u00e9e de lecture estim\u00e9e":"1 minute"},"schema":{"@context":"https:\/\/schema.org","@graph":[{"@type":"WebPage","@id":"https:\/\/antderground.com\/fr\/information\/","url":"https:\/\/antderground.com\/fr\/information\/","name":"Nous sommes votre boutique en ligne fourmili\u00e8res - Antderground","isPartOf":{"@id":"https:\/\/antderground.com\/fr\/#website"},"primaryImageOfPage":{"@id":"https:\/\/antderground.com\/fr\/information\/#primaryimage"},"image":{"@id":"https:\/\/antderground.com\/fr\/information\/#primaryimage"},"thumbnailUrl":"https:\/\/antderground.com\/wp-content\/uploads\/2019\/05\/WhatsApp-Image-2019-05-07-at-7.25.58-PM.jpeg","datePublished":"2020-03-19T17:30:02+00:00","dateModified":"2020-07-16T10:21:16+00:00","description":"Informations g\u00e9n\u00e9rales de notre boutique en ligne de myrm\u00e9cologie. Des fourmili\u00e8res de fabrication propre pour nos clients.","breadcrumb":{"@id":"https:\/\/antderground.com\/fr\/information\/#breadcrumb"},"inLanguage":"fr-FR","potentialAction":[{"@type":"ReadAction","target":["https:\/\/antderground.com\/fr\/information\/"]}]},{"@type":"ImageObject","inLanguage":"fr-FR","@id":"https:\/\/antderground.com\/fr\/information\/#primaryimage","url":"https:\/\/antderground.com\/wp-content\/uploads\/2019\/05\/WhatsApp-Image-2019-05-07-at-7.25.58-PM.jpeg","contentUrl":"https:\/\/antderground.com\/wp-content\/uploads\/2019\/05\/WhatsApp-Image-2019-05-07-at-7.25.58-PM.jpeg","width":1266,"height":674,"caption":"somos tu tienda de hormigueros"},{"@type":"BreadcrumbList","@id":"https:\/\/antderground.com\/fr\/information\/#breadcrumb","itemListElement":[{"@type":"ListItem","position":1,"name":"Portada","item":"https:\/\/antderground.com\/fr\/"},{"@type":"ListItem","position":2,"name":"Nous sommes votre boutique en ligne fourmili\u00e8res"}]},{"@type":"WebSite","@id":"https:\/\/antderground.com\/fr\/#website","url":"https:\/\/antderground.com\/fr\/","name":"ANTDERGROUND","description":"Tu tienda de hormigas, gran variedad de hormigueros acr\u00edlicos,madera,arena,3D y mas.. Pide tus hormigas gratis con tu pedido, somos expertos en hormigueros antifugas.","publisher":{"@id":"https:\/\/antderground.com\/fr\/#\/schema\/person\/0e322c505e84fe72c65e2f6d08f96b81"},"alternateName":"Antderground","potentialAction":[{"@type":"SearchAction","target":{"@type":"EntryPoint","urlTemplate":"https:\/\/antderground.com\/fr\/?s={search_term_string}"},"query-input":{"@type":"PropertyValueSpecification","valueRequired":true,"valueName":"search_term_string"}}],"inLanguage":"fr-FR"},{"@type":["Person","Organization"],"@id":"https:\/\/antderground.com\/fr\/#\/schema\/person\/0e322c505e84fe72c65e2f6d08f96b81","name":"Eric de Antderground","image":{"@type":"ImageObject","inLanguage":"fr-FR","@id":"https:\/\/secure.gravatar.com\/avatar\/c49a1b9f79216d1498cb73c1e85cd47f4465dda35f2a94c03790d491bd4423c3?s=96&d=mm&r=g","url":"https:\/\/secure.gravatar.com\/avatar\/c49a1b9f79216d1498cb73c1e85cd47f4465dda35f2a94c03790d491bd4423c3?s=96&d=mm&r=g","contentUrl":"https:\/\/secure.gravatar.com\/avatar\/c49a1b9f79216d1498cb73c1e85cd47f4465dda35f2a94c03790d491bd4423c3?s=96&d=mm&r=g","caption":"Eric de Antderground"},"logo":{"@id":"https:\/\/secure.gravatar.com\/avatar\/c49a1b9f79216d1498cb73c1e85cd47f4465dda35f2a94c03790d491bd4423c3?s=96&d=mm&r=g"},"description":"Eric es el especialista y fundador de Antderground, con una amplia trayectoria en artr\u00f3podos y enfocado en la mirmecolog\u00eda y el dise\u00f1o de hormigueros artificiales. Su enfoque combina la innovaci\u00f3n t\u00e9cnica con el respeto por la biolog\u00eda de las hormigas, is\u00f3podos y otros, desarrollando sistemas de nidos modulares 3D y acr\u00edlicos que son referentes para aficionados y profesionales en toda Europa. Su objetivo es facilitar la cr\u00eda de hormigas y otros artr\u00f3podos mediante soluciones seguras y divulgaci\u00f3n de calidad.","sameAs":["https:\/\/antderground.com\/","https:\/\/www.youtube.com\/channel\/UCio72z7TlbufkAthAJIJfPw"]}]}},"_links":{"self":[{"href":"https:\/\/antderground.com\/fr\/wp-json\/wp\/v2\/pages\/7812","targetHints":{"allow":["GET"]}}],"collection":[{"href":"https:\/\/antderground.com\/fr\/wp-json\/wp\/v2\/pages"}],"about":[{"href":"https:\/\/antderground.com\/fr\/wp-json\/wp\/v2\/types\/page"}],"author":[{"embeddable":true,"href":"https:\/\/antderground.com\/fr\/wp-json\/wp\/v2\/users\/1"}],"replies":[{"embeddable":true,"href":"https:\/\/antderground.com\/fr\/wp-json\/wp\/v2\/comments?post=7812"}],"version-history":[{"count":0,"href":"https:\/\/antderground.com\/fr\/wp-json\/wp\/v2\/pages\/7812\/revisions"}],"wp:featuredmedia":[{"embeddable":true,"href":"https:\/\/antderground.com\/fr\/wp-json\/wp\/v2\/media\/7814"}],"wp:attachment":[{"href":"https:\/\/antderground.com\/fr\/wp-json\/wp\/v2\/media?parent=7812"}],"curies":[{"name":"wp","href":"https:\/\/api.w.org\/{rel}","templated":true}]}}