{"id":16058,"date":"2021-01-03T11:59:04","date_gmt":"2021-01-03T10:59:04","guid":{"rendered":"https:\/\/www.antderground.com\/producto\/kit-fourmiliere-modulable-en-bois\/"},"modified":"2021-01-03T11:59:04","modified_gmt":"2021-01-03T10:59:04","slug":"kit-fourmiliere-modulable-en-bois","status":"publish","type":"product","link":"https:\/\/antderground.com\/fr\/produit\/kit-fourmiliere-modulable-en-bois\/","title":{"rendered":"Kit fourmili\u00e8re modulable en bois."},"content":{"rendered":"<p>D\u00e9couvrez ce kit fantastique pour d\u00e9marrer notre propre colonie de fourmis, car il s&#8217;agit d&#8217;une fourmili\u00e8re modulaire qui nous permettra d&#8217;agrandir notre fourmili\u00e8re au fur et \u00e0 mesure qu&#8217;elle grandit. Il comprend \u00e9galement une caisse de nourriture et tous les accessoires importants pour d\u00e9marrer votre propre fourmili\u00e8re.<\/p>\n<p>Il comprend \u00e9galement une fourmi gratuite que vous devrez s\u00e9lectionner dans la cat\u00e9gorie des fourmis, vous pourrez y voir quelles fourmis sont disponibles en m\u00eame temps.<\/p>\n<p>Description du kit complet :<br \/>\n-Fourmili\u00e8re en bois modulable 10&#215;10.<br \/>\n-Bo\u00eete \u00e0 nourriture 10&#215;10.<br \/>\n-Haut rouge de la fourmili\u00e8re.<br \/>\n-Abreuvoir de 1,5 ml.<br \/>\n-Connecteur<br \/>\n-Connecteur de tubes.<br \/>\n-Nectar de fourmi.<br \/>\n-Gel\u00e9e<\/p>\n","protected":false},"excerpt":{"rendered":"<p>D\u00e9couvrez ce fantastique kit pour d\u00e9marrer notre propre fourmili\u00e8re gr\u00e2ce \u00e0 la fourmili\u00e8re modulaire qui nous permettra d&#8217;\u00e9tendre notre fourmili\u00e8re au fur et \u00e0 mesure de sa croissance, car il est modulaire, il comprend \u00e9galement une bo\u00eete \u00e0 nourriture et tous les accessoires importants pour d\u00e9marrer votre propre fourmili\u00e8re.<\/p>\n<p>Il comprend \u00e9galement une fourmi gratuite que vous devrez s\u00e9lectionner dans la cat\u00e9gorie des fourmis, vous pourrez y voir quelles fourmis sont disponibles en m\u00eame temps.<\/p>\n<p>Description du kit complet :<br \/>\n-Fourmili\u00e8re en bois modulable 10&#215;10.<br \/>\n-Bo\u00eete \u00e0 nourriture 10&#215;10.<br \/>\n-Haut rouge de la fourmili\u00e8re.<br \/>\n-Abreuvoir de 1,5 ml.<br \/>\n-Connecteur<br \/>\n-Connecteur de tubes.<br \/>\n-Nectar de fourmi.<br \/>\n-Gel\u00e9e<\/p>\n","protected":false},"featured_media":14562,"template":"","meta":[],"product_brand":[],"product_cat":[304],"product_tag":[],"class_list":{"0":"post-16058","1":"product","2":"type-product","3":"status-publish","4":"has-post-thumbnail","6":"product_cat-kits-fourmiliere","8":"first","9":"instock","10":"sale","11":"shipping-taxable","12":"purchasable","13":"product-type-simple"},"yoast_head":"<!-- This site is optimized with the Yoast SEO plugin v27.4 - https:\/\/yoast.com\/product\/yoast-seo-wordpress\/ -->\n<title>kit de fourmili\u00e8re en bois modulable - ANTDERGROUND<\/title>\n<meta name=\"description\" content=\"Votre kit fourmili\u00e8re en bois modulable avec fourrag\u00e8re et tous ses accessoires pour vous initier au monde des fourmis.\" \/>\n<meta name=\"robots\" content=\"index, follow, max-snippet:-1, max-image-preview:large, max-video-preview:-1\" \/>\n<link rel=\"canonical\" href=\"https:\/\/antderground.com\/fr\/produit\/kit-fourmiliere-modulable-en-bois\/\" \/>\n<meta property=\"og:locale\" content=\"fr_FR\" \/>\n<meta property=\"og:type\" content=\"article\" \/>\n<meta property=\"og:title\" content=\"kit de fourmili\u00e8re en bois modulable - ANTDERGROUND\" \/>\n<meta property=\"og:description\" content=\"Votre kit fourmili\u00e8re en bois modulable avec fourrag\u00e8re et tous ses accessoires pour vous initier au monde des fourmis.\" \/>\n<meta property=\"og:url\" content=\"https:\/\/antderground.com\/fr\/produit\/kit-fourmiliere-modulable-en-bois\/\" \/>\n<meta property=\"og:site_name\" content=\"ANTDERGROUND\" \/>\n<meta property=\"og:image\" content=\"https:\/\/antderground.com\/wp-content\/uploads\/2021\/01\/kit-modular-de-madera-.jpg\" \/>\n\t<meta property=\"og:image:width\" content=\"591\" \/>\n\t<meta property=\"og:image:height\" content=\"601\" \/>\n\t<meta property=\"og:image:type\" content=\"image\/jpeg\" \/>\n<meta name=\"twitter:card\" content=\"summary_large_image\" \/>\n<meta name=\"twitter:label1\" content=\"Dur\u00e9e de lecture estim\u00e9e\" \/>\n\t<meta name=\"twitter:data1\" content=\"1 minute\" \/>\n<script type=\"application\/ld+json\" class=\"yoast-schema-graph\">{\"@context\":\"https:\\\/\\\/schema.org\",\"@graph\":[{\"@type\":\"WebPage\",\"@id\":\"https:\\\/\\\/antderground.com\\\/fr\\\/produit\\\/kit-fourmiliere-modulable-en-bois\\\/\",\"url\":\"https:\\\/\\\/antderground.com\\\/fr\\\/produit\\\/kit-fourmiliere-modulable-en-bois\\\/\",\"name\":\"kit de fourmili\u00e8re en bois modulable - ANTDERGROUND\",\"isPartOf\":{\"@id\":\"https:\\\/\\\/antderground.com\\\/fr\\\/#website\"},\"primaryImageOfPage\":{\"@id\":\"https:\\\/\\\/antderground.com\\\/fr\\\/produit\\\/kit-fourmiliere-modulable-en-bois\\\/#primaryimage\"},\"image\":{\"@id\":\"https:\\\/\\\/antderground.com\\\/fr\\\/produit\\\/kit-fourmiliere-modulable-en-bois\\\/#primaryimage\"},\"thumbnailUrl\":\"https:\\\/\\\/antderground.com\\\/wp-content\\\/uploads\\\/2021\\\/01\\\/kit-modular-de-madera-.jpg\",\"datePublished\":\"2021-01-03T10:59:04+00:00\",\"description\":\"Votre kit fourmili\u00e8re en bois modulable avec fourrag\u00e8re et tous ses accessoires pour vous initier au monde des fourmis.\",\"breadcrumb\":{\"@id\":\"https:\\\/\\\/antderground.com\\\/fr\\\/produit\\\/kit-fourmiliere-modulable-en-bois\\\/#breadcrumb\"},\"inLanguage\":\"fr-FR\",\"potentialAction\":[{\"@type\":\"ReadAction\",\"target\":[\"https:\\\/\\\/antderground.com\\\/fr\\\/produit\\\/kit-fourmiliere-modulable-en-bois\\\/\"]}]},{\"@type\":\"ImageObject\",\"inLanguage\":\"fr-FR\",\"@id\":\"https:\\\/\\\/antderground.com\\\/fr\\\/produit\\\/kit-fourmiliere-modulable-en-bois\\\/#primaryimage\",\"url\":\"https:\\\/\\\/antderground.com\\\/wp-content\\\/uploads\\\/2021\\\/01\\\/kit-modular-de-madera-.jpg\",\"contentUrl\":\"https:\\\/\\\/antderground.com\\\/wp-content\\\/uploads\\\/2021\\\/01\\\/kit-modular-de-madera-.jpg\",\"width\":591,\"height\":601},{\"@type\":\"BreadcrumbList\",\"@id\":\"https:\\\/\\\/antderground.com\\\/fr\\\/produit\\\/kit-fourmiliere-modulable-en-bois\\\/#breadcrumb\",\"itemListElement\":[{\"@type\":\"ListItem\",\"position\":1,\"name\":\"Portada\",\"item\":\"https:\\\/\\\/antderground.com\\\/fr\\\/\"},{\"@type\":\"ListItem\",\"position\":2,\"name\":\"Boutique\",\"item\":\"https:\\\/\\\/antderground.com\\\/fr\\\/boutique\\\/\"},{\"@type\":\"ListItem\",\"position\":3,\"name\":\"Kit fourmili\u00e8re modulable en bois.\"}]},{\"@type\":\"WebSite\",\"@id\":\"https:\\\/\\\/antderground.com\\\/fr\\\/#website\",\"url\":\"https:\\\/\\\/antderground.com\\\/fr\\\/\",\"name\":\"ANTDERGROUND\",\"description\":\"Tu tienda de hormigas, gran variedad de hormigueros acr\u00edlicos,madera,arena,3D y mas.. Pide tus hormigas gratis con tu pedido, somos expertos en hormigueros antifugas.\",\"publisher\":{\"@id\":\"https:\\\/\\\/antderground.com\\\/fr\\\/#\\\/schema\\\/person\\\/0e322c505e84fe72c65e2f6d08f96b81\"},\"alternateName\":\"Antderground\",\"potentialAction\":[{\"@type\":\"SearchAction\",\"target\":{\"@type\":\"EntryPoint\",\"urlTemplate\":\"https:\\\/\\\/antderground.com\\\/fr\\\/?s={search_term_string}\"},\"query-input\":{\"@type\":\"PropertyValueSpecification\",\"valueRequired\":true,\"valueName\":\"search_term_string\"}}],\"inLanguage\":\"fr-FR\"},{\"@type\":[\"Person\",\"Organization\"],\"@id\":\"https:\\\/\\\/antderground.com\\\/fr\\\/#\\\/schema\\\/person\\\/0e322c505e84fe72c65e2f6d08f96b81\",\"name\":\"Eric de Antderground\",\"image\":{\"@type\":\"ImageObject\",\"inLanguage\":\"fr-FR\",\"@id\":\"https:\\\/\\\/secure.gravatar.com\\\/avatar\\\/c49a1b9f79216d1498cb73c1e85cd47f4465dda35f2a94c03790d491bd4423c3?s=96&d=mm&r=g\",\"url\":\"https:\\\/\\\/secure.gravatar.com\\\/avatar\\\/c49a1b9f79216d1498cb73c1e85cd47f4465dda35f2a94c03790d491bd4423c3?s=96&d=mm&r=g\",\"contentUrl\":\"https:\\\/\\\/secure.gravatar.com\\\/avatar\\\/c49a1b9f79216d1498cb73c1e85cd47f4465dda35f2a94c03790d491bd4423c3?s=96&d=mm&r=g\",\"caption\":\"Eric de Antderground\"},\"logo\":{\"@id\":\"https:\\\/\\\/secure.gravatar.com\\\/avatar\\\/c49a1b9f79216d1498cb73c1e85cd47f4465dda35f2a94c03790d491bd4423c3?s=96&d=mm&r=g\"},\"description\":\"Eric es el especialista y fundador de Antderground, con una amplia trayectoria en artr\u00f3podos y enfocado en la mirmecolog\u00eda y el dise\u00f1o de hormigueros artificiales. Su enfoque combina la innovaci\u00f3n t\u00e9cnica con el respeto por la biolog\u00eda de las hormigas, is\u00f3podos y otros, desarrollando sistemas de nidos modulares 3D y acr\u00edlicos que son referentes para aficionados y profesionales en toda Europa. Su objetivo es facilitar la cr\u00eda de hormigas y otros artr\u00f3podos mediante soluciones seguras y divulgaci\u00f3n de calidad.\",\"sameAs\":[\"https:\\\/\\\/antderground.com\\\/\",\"https:\\\/\\\/www.youtube.com\\\/channel\\\/UCio72z7TlbufkAthAJIJfPw\"]}]}<\/script>\n<!-- \/ Yoast SEO plugin. -->","yoast_head_json":{"title":"kit de fourmili\u00e8re en bois modulable - ANTDERGROUND","description":"Votre kit fourmili\u00e8re en bois modulable avec fourrag\u00e8re et tous ses accessoires pour vous initier au monde des fourmis.","robots":{"index":"index","follow":"follow","max-snippet":"max-snippet:-1","max-image-preview":"max-image-preview:large","max-video-preview":"max-video-preview:-1"},"canonical":"https:\/\/antderground.com\/fr\/produit\/kit-fourmiliere-modulable-en-bois\/","og_locale":"fr_FR","og_type":"article","og_title":"kit de fourmili\u00e8re en bois modulable - ANTDERGROUND","og_description":"Votre kit fourmili\u00e8re en bois modulable avec fourrag\u00e8re et tous ses accessoires pour vous initier au monde des fourmis.","og_url":"https:\/\/antderground.com\/fr\/produit\/kit-fourmiliere-modulable-en-bois\/","og_site_name":"ANTDERGROUND","og_image":[{"width":591,"height":601,"url":"https:\/\/antderground.com\/wp-content\/uploads\/2021\/01\/kit-modular-de-madera-.jpg","type":"image\/jpeg"}],"twitter_card":"summary_large_image","twitter_misc":{"Dur\u00e9e de lecture estim\u00e9e":"1 minute"},"schema":{"@context":"https:\/\/schema.org","@graph":[{"@type":"WebPage","@id":"https:\/\/antderground.com\/fr\/produit\/kit-fourmiliere-modulable-en-bois\/","url":"https:\/\/antderground.com\/fr\/produit\/kit-fourmiliere-modulable-en-bois\/","name":"kit de fourmili\u00e8re en bois modulable - ANTDERGROUND","isPartOf":{"@id":"https:\/\/antderground.com\/fr\/#website"},"primaryImageOfPage":{"@id":"https:\/\/antderground.com\/fr\/produit\/kit-fourmiliere-modulable-en-bois\/#primaryimage"},"image":{"@id":"https:\/\/antderground.com\/fr\/produit\/kit-fourmiliere-modulable-en-bois\/#primaryimage"},"thumbnailUrl":"https:\/\/antderground.com\/wp-content\/uploads\/2021\/01\/kit-modular-de-madera-.jpg","datePublished":"2021-01-03T10:59:04+00:00","description":"Votre kit fourmili\u00e8re en bois modulable avec fourrag\u00e8re et tous ses accessoires pour vous initier au monde des fourmis.","breadcrumb":{"@id":"https:\/\/antderground.com\/fr\/produit\/kit-fourmiliere-modulable-en-bois\/#breadcrumb"},"inLanguage":"fr-FR","potentialAction":[{"@type":"ReadAction","target":["https:\/\/antderground.com\/fr\/produit\/kit-fourmiliere-modulable-en-bois\/"]}]},{"@type":"ImageObject","inLanguage":"fr-FR","@id":"https:\/\/antderground.com\/fr\/produit\/kit-fourmiliere-modulable-en-bois\/#primaryimage","url":"https:\/\/antderground.com\/wp-content\/uploads\/2021\/01\/kit-modular-de-madera-.jpg","contentUrl":"https:\/\/antderground.com\/wp-content\/uploads\/2021\/01\/kit-modular-de-madera-.jpg","width":591,"height":601},{"@type":"BreadcrumbList","@id":"https:\/\/antderground.com\/fr\/produit\/kit-fourmiliere-modulable-en-bois\/#breadcrumb","itemListElement":[{"@type":"ListItem","position":1,"name":"Portada","item":"https:\/\/antderground.com\/fr\/"},{"@type":"ListItem","position":2,"name":"Boutique","item":"https:\/\/antderground.com\/fr\/boutique\/"},{"@type":"ListItem","position":3,"name":"Kit fourmili\u00e8re modulable en bois."}]},{"@type":"WebSite","@id":"https:\/\/antderground.com\/fr\/#website","url":"https:\/\/antderground.com\/fr\/","name":"ANTDERGROUND","description":"Tu tienda de hormigas, gran variedad de hormigueros acr\u00edlicos,madera,arena,3D y mas.. Pide tus hormigas gratis con tu pedido, somos expertos en hormigueros antifugas.","publisher":{"@id":"https:\/\/antderground.com\/fr\/#\/schema\/person\/0e322c505e84fe72c65e2f6d08f96b81"},"alternateName":"Antderground","potentialAction":[{"@type":"SearchAction","target":{"@type":"EntryPoint","urlTemplate":"https:\/\/antderground.com\/fr\/?s={search_term_string}"},"query-input":{"@type":"PropertyValueSpecification","valueRequired":true,"valueName":"search_term_string"}}],"inLanguage":"fr-FR"},{"@type":["Person","Organization"],"@id":"https:\/\/antderground.com\/fr\/#\/schema\/person\/0e322c505e84fe72c65e2f6d08f96b81","name":"Eric de Antderground","image":{"@type":"ImageObject","inLanguage":"fr-FR","@id":"https:\/\/secure.gravatar.com\/avatar\/c49a1b9f79216d1498cb73c1e85cd47f4465dda35f2a94c03790d491bd4423c3?s=96&d=mm&r=g","url":"https:\/\/secure.gravatar.com\/avatar\/c49a1b9f79216d1498cb73c1e85cd47f4465dda35f2a94c03790d491bd4423c3?s=96&d=mm&r=g","contentUrl":"https:\/\/secure.gravatar.com\/avatar\/c49a1b9f79216d1498cb73c1e85cd47f4465dda35f2a94c03790d491bd4423c3?s=96&d=mm&r=g","caption":"Eric de Antderground"},"logo":{"@id":"https:\/\/secure.gravatar.com\/avatar\/c49a1b9f79216d1498cb73c1e85cd47f4465dda35f2a94c03790d491bd4423c3?s=96&d=mm&r=g"},"description":"Eric es el especialista y fundador de Antderground, con una amplia trayectoria en artr\u00f3podos y enfocado en la mirmecolog\u00eda y el dise\u00f1o de hormigueros artificiales. Su enfoque combina la innovaci\u00f3n t\u00e9cnica con el respeto por la biolog\u00eda de las hormigas, is\u00f3podos y otros, desarrollando sistemas de nidos modulares 3D y acr\u00edlicos que son referentes para aficionados y profesionales en toda Europa. Su objetivo es facilitar la cr\u00eda de hormigas y otros artr\u00f3podos mediante soluciones seguras y divulgaci\u00f3n de calidad.","sameAs":["https:\/\/antderground.com\/","https:\/\/www.youtube.com\/channel\/UCio72z7TlbufkAthAJIJfPw"]}]}},"_links":{"self":[{"href":"https:\/\/antderground.com\/fr\/wp-json\/wp\/v2\/product\/16058","targetHints":{"allow":["GET"]}}],"collection":[{"href":"https:\/\/antderground.com\/fr\/wp-json\/wp\/v2\/product"}],"about":[{"href":"https:\/\/antderground.com\/fr\/wp-json\/wp\/v2\/types\/product"}],"version-history":[{"count":0,"href":"https:\/\/antderground.com\/fr\/wp-json\/wp\/v2\/product\/16058\/revisions"}],"wp:featuredmedia":[{"embeddable":true,"href":"https:\/\/antderground.com\/fr\/wp-json\/wp\/v2\/media\/14562"}],"wp:attachment":[{"href":"https:\/\/antderground.com\/fr\/wp-json\/wp\/v2\/media?parent=16058"}],"wp:term":[{"taxonomy":"product_brand","embeddable":true,"href":"https:\/\/antderground.com\/fr\/wp-json\/wp\/v2\/product_brand?post=16058"},{"taxonomy":"product_cat","embeddable":true,"href":"https:\/\/antderground.com\/fr\/wp-json\/wp\/v2\/product_cat?post=16058"},{"taxonomy":"product_tag","embeddable":true,"href":"https:\/\/antderground.com\/fr\/wp-json\/wp\/v2\/product_tag?post=16058"}],"curies":[{"name":"wp","href":"https:\/\/api.w.org\/{rel}","templated":true}]}}