{"id":18123,"date":"2022-02-11T17:55:03","date_gmt":"2022-02-11T16:55:03","guid":{"rendered":"https:\/\/www.antderground.com\/producto\/fourmiliere-acrylique-avec-substrat-anti-affaissement\/"},"modified":"2023-11-30T23:00:08","modified_gmt":"2023-11-30T22:00:08","slug":"fourmiliere-acrylique-avec-substrat-anti-affaissement","status":"publish","type":"product","link":"https:\/\/antderground.com\/fr\/produit\/fourmiliere-acrylique-avec-substrat-anti-affaissement\/","title":{"rendered":"Fourmili\u00e8re avec substrat anti-effondrement"},"content":{"rendered":"<p>Fourmili\u00e8re verticale (21&#215;18) avec substrat anti-effondrement, parfait pour voir comment les fourmis construisent leurs propres chambres et galeries.<br \/>\nIl comprend un substrat anti-effondrement, qui a \u00e9t\u00e9 con\u00e7u pour ne pas subir les glissements de terrain caus\u00e9s par le sable et dans le cas o\u00f9 cela se produirait en raison de la construction du nid, il est totalement inoffensif.<br \/>\nUne fourmili\u00e8re pour voir comment les fourmis agissent dans un environnement le plus naturel possible.<\/p>\n<p>Comprend : fourmili\u00e8re + couvercle rouge + substrat<\/p>\n","protected":false},"excerpt":{"rendered":"<p>Fourmili\u00e8re verticale (21&#215;18) avec substrat anti-effondrement, parfait pour voir comment les fourmis construisent leurs propres chambres et galeries. Il comprend<\/p>\n","protected":false},"featured_media":18093,"template":"","meta":[],"product_brand":[],"product_cat":[114,117],"product_tag":[140],"class_list":{"0":"post-18123","1":"product","2":"type-product","3":"status-publish","4":"has-post-thumbnail","6":"product_cat-fourmilieres","7":"product_cat-fourmilieres-verticales","8":"product_tag-fourmilieres-verticales-fr","10":"first","11":"instock","12":"shipping-taxable","13":"purchasable","14":"product-type-simple"},"yoast_head":"<!-- This site is optimized with the Yoast SEO plugin v27.4 - https:\/\/yoast.com\/product\/yoast-seo-wordpress\/ -->\n<title>Fourmili\u00e8re avec substrat anti-effondrement - ANTDERGROUND<\/title>\n<meta name=\"description\" content=\"Nouvelle fourmili\u00e8re verticale avec substrat anti-effondrement, une fourmili\u00e8re en acrylique pour voir comment les fourmis cr\u00e9ent leurs galeries.\" \/>\n<meta name=\"robots\" content=\"index, follow, max-snippet:-1, max-image-preview:large, max-video-preview:-1\" \/>\n<link rel=\"canonical\" href=\"https:\/\/antderground.com\/fr\/produit\/fourmiliere-acrylique-avec-substrat-anti-affaissement\/\" \/>\n<meta property=\"og:locale\" content=\"fr_FR\" \/>\n<meta property=\"og:type\" content=\"article\" \/>\n<meta property=\"og:title\" content=\"Fourmili\u00e8re avec substrat anti-effondrement - ANTDERGROUND\" \/>\n<meta property=\"og:description\" content=\"Nouvelle fourmili\u00e8re verticale avec substrat anti-effondrement, une fourmili\u00e8re en acrylique pour voir comment les fourmis cr\u00e9ent leurs galeries.\" \/>\n<meta property=\"og:url\" content=\"https:\/\/antderground.com\/fr\/produit\/fourmiliere-acrylique-avec-substrat-anti-affaissement\/\" \/>\n<meta property=\"og:site_name\" content=\"ANTDERGROUND\" \/>\n<meta property=\"article:modified_time\" content=\"2023-11-30T22:00:08+00:00\" \/>\n<meta property=\"og:image\" content=\"https:\/\/antderground.com\/wp-content\/uploads\/2022\/02\/WhatsApp-Image-2022-02-10-at-11.04.14.jpeg\" \/>\n\t<meta property=\"og:image:width\" content=\"1600\" \/>\n\t<meta property=\"og:image:height\" content=\"1600\" \/>\n\t<meta property=\"og:image:type\" content=\"image\/jpeg\" \/>\n<meta name=\"twitter:card\" content=\"summary_large_image\" \/>\n<script type=\"application\/ld+json\" class=\"yoast-schema-graph\">{\"@context\":\"https:\\\/\\\/schema.org\",\"@graph\":[{\"@type\":\"WebPage\",\"@id\":\"https:\\\/\\\/antderground.com\\\/fr\\\/produit\\\/fourmiliere-acrylique-avec-substrat-anti-affaissement\\\/\",\"url\":\"https:\\\/\\\/antderground.com\\\/fr\\\/produit\\\/fourmiliere-acrylique-avec-substrat-anti-affaissement\\\/\",\"name\":\"Fourmili\u00e8re avec substrat anti-effondrement - ANTDERGROUND\",\"isPartOf\":{\"@id\":\"https:\\\/\\\/antderground.com\\\/fr\\\/#website\"},\"primaryImageOfPage\":{\"@id\":\"https:\\\/\\\/antderground.com\\\/fr\\\/produit\\\/fourmiliere-acrylique-avec-substrat-anti-affaissement\\\/#primaryimage\"},\"image\":{\"@id\":\"https:\\\/\\\/antderground.com\\\/fr\\\/produit\\\/fourmiliere-acrylique-avec-substrat-anti-affaissement\\\/#primaryimage\"},\"thumbnailUrl\":\"https:\\\/\\\/antderground.com\\\/wp-content\\\/uploads\\\/2022\\\/02\\\/WhatsApp-Image-2022-02-10-at-11.04.14.jpeg\",\"datePublished\":\"2022-02-11T16:55:03+00:00\",\"dateModified\":\"2023-11-30T22:00:08+00:00\",\"description\":\"Nouvelle fourmili\u00e8re verticale avec substrat anti-effondrement, une fourmili\u00e8re en acrylique pour voir comment les fourmis cr\u00e9ent leurs galeries.\",\"breadcrumb\":{\"@id\":\"https:\\\/\\\/antderground.com\\\/fr\\\/produit\\\/fourmiliere-acrylique-avec-substrat-anti-affaissement\\\/#breadcrumb\"},\"inLanguage\":\"fr-FR\",\"potentialAction\":[{\"@type\":\"ReadAction\",\"target\":[\"https:\\\/\\\/antderground.com\\\/fr\\\/produit\\\/fourmiliere-acrylique-avec-substrat-anti-affaissement\\\/\"]}]},{\"@type\":\"ImageObject\",\"inLanguage\":\"fr-FR\",\"@id\":\"https:\\\/\\\/antderground.com\\\/fr\\\/produit\\\/fourmiliere-acrylique-avec-substrat-anti-affaissement\\\/#primaryimage\",\"url\":\"https:\\\/\\\/antderground.com\\\/wp-content\\\/uploads\\\/2022\\\/02\\\/WhatsApp-Image-2022-02-10-at-11.04.14.jpeg\",\"contentUrl\":\"https:\\\/\\\/antderground.com\\\/wp-content\\\/uploads\\\/2022\\\/02\\\/WhatsApp-Image-2022-02-10-at-11.04.14.jpeg\",\"width\":1600,\"height\":1600},{\"@type\":\"BreadcrumbList\",\"@id\":\"https:\\\/\\\/antderground.com\\\/fr\\\/produit\\\/fourmiliere-acrylique-avec-substrat-anti-affaissement\\\/#breadcrumb\",\"itemListElement\":[{\"@type\":\"ListItem\",\"position\":1,\"name\":\"Portada\",\"item\":\"https:\\\/\\\/antderground.com\\\/fr\\\/\"},{\"@type\":\"ListItem\",\"position\":2,\"name\":\"Boutique\",\"item\":\"https:\\\/\\\/antderground.com\\\/fr\\\/boutique\\\/\"},{\"@type\":\"ListItem\",\"position\":3,\"name\":\"Fourmili\u00e8re avec substrat anti-effondrement\"}]},{\"@type\":\"WebSite\",\"@id\":\"https:\\\/\\\/antderground.com\\\/fr\\\/#website\",\"url\":\"https:\\\/\\\/antderground.com\\\/fr\\\/\",\"name\":\"ANTDERGROUND\",\"description\":\"Tu tienda de hormigas, gran variedad de hormigueros acr\u00edlicos,madera,arena,3D y mas.. Pide tus hormigas gratis con tu pedido, somos expertos en hormigueros antifugas.\",\"publisher\":{\"@id\":\"https:\\\/\\\/antderground.com\\\/fr\\\/#\\\/schema\\\/person\\\/0e322c505e84fe72c65e2f6d08f96b81\"},\"alternateName\":\"Antderground\",\"potentialAction\":[{\"@type\":\"SearchAction\",\"target\":{\"@type\":\"EntryPoint\",\"urlTemplate\":\"https:\\\/\\\/antderground.com\\\/fr\\\/?s={search_term_string}\"},\"query-input\":{\"@type\":\"PropertyValueSpecification\",\"valueRequired\":true,\"valueName\":\"search_term_string\"}}],\"inLanguage\":\"fr-FR\"},{\"@type\":[\"Person\",\"Organization\"],\"@id\":\"https:\\\/\\\/antderground.com\\\/fr\\\/#\\\/schema\\\/person\\\/0e322c505e84fe72c65e2f6d08f96b81\",\"name\":\"Eric de Antderground\",\"image\":{\"@type\":\"ImageObject\",\"inLanguage\":\"fr-FR\",\"@id\":\"https:\\\/\\\/secure.gravatar.com\\\/avatar\\\/c49a1b9f79216d1498cb73c1e85cd47f4465dda35f2a94c03790d491bd4423c3?s=96&d=mm&r=g\",\"url\":\"https:\\\/\\\/secure.gravatar.com\\\/avatar\\\/c49a1b9f79216d1498cb73c1e85cd47f4465dda35f2a94c03790d491bd4423c3?s=96&d=mm&r=g\",\"contentUrl\":\"https:\\\/\\\/secure.gravatar.com\\\/avatar\\\/c49a1b9f79216d1498cb73c1e85cd47f4465dda35f2a94c03790d491bd4423c3?s=96&d=mm&r=g\",\"caption\":\"Eric de Antderground\"},\"logo\":{\"@id\":\"https:\\\/\\\/secure.gravatar.com\\\/avatar\\\/c49a1b9f79216d1498cb73c1e85cd47f4465dda35f2a94c03790d491bd4423c3?s=96&d=mm&r=g\"},\"description\":\"Eric es el especialista y fundador de Antderground, con una amplia trayectoria en artr\u00f3podos y enfocado en la mirmecolog\u00eda y el dise\u00f1o de hormigueros artificiales. Su enfoque combina la innovaci\u00f3n t\u00e9cnica con el respeto por la biolog\u00eda de las hormigas, is\u00f3podos y otros, desarrollando sistemas de nidos modulares 3D y acr\u00edlicos que son referentes para aficionados y profesionales en toda Europa. Su objetivo es facilitar la cr\u00eda de hormigas y otros artr\u00f3podos mediante soluciones seguras y divulgaci\u00f3n de calidad.\",\"sameAs\":[\"https:\\\/\\\/antderground.com\\\/\",\"https:\\\/\\\/www.youtube.com\\\/channel\\\/UCio72z7TlbufkAthAJIJfPw\"]}]}<\/script>\n<!-- \/ Yoast SEO plugin. -->","yoast_head_json":{"title":"Fourmili\u00e8re avec substrat anti-effondrement - ANTDERGROUND","description":"Nouvelle fourmili\u00e8re verticale avec substrat anti-effondrement, une fourmili\u00e8re en acrylique pour voir comment les fourmis cr\u00e9ent leurs galeries.","robots":{"index":"index","follow":"follow","max-snippet":"max-snippet:-1","max-image-preview":"max-image-preview:large","max-video-preview":"max-video-preview:-1"},"canonical":"https:\/\/antderground.com\/fr\/produit\/fourmiliere-acrylique-avec-substrat-anti-affaissement\/","og_locale":"fr_FR","og_type":"article","og_title":"Fourmili\u00e8re avec substrat anti-effondrement - ANTDERGROUND","og_description":"Nouvelle fourmili\u00e8re verticale avec substrat anti-effondrement, une fourmili\u00e8re en acrylique pour voir comment les fourmis cr\u00e9ent leurs galeries.","og_url":"https:\/\/antderground.com\/fr\/produit\/fourmiliere-acrylique-avec-substrat-anti-affaissement\/","og_site_name":"ANTDERGROUND","article_modified_time":"2023-11-30T22:00:08+00:00","og_image":[{"width":1600,"height":1600,"url":"https:\/\/antderground.com\/wp-content\/uploads\/2022\/02\/WhatsApp-Image-2022-02-10-at-11.04.14.jpeg","type":"image\/jpeg"}],"twitter_card":"summary_large_image","schema":{"@context":"https:\/\/schema.org","@graph":[{"@type":"WebPage","@id":"https:\/\/antderground.com\/fr\/produit\/fourmiliere-acrylique-avec-substrat-anti-affaissement\/","url":"https:\/\/antderground.com\/fr\/produit\/fourmiliere-acrylique-avec-substrat-anti-affaissement\/","name":"Fourmili\u00e8re avec substrat anti-effondrement - ANTDERGROUND","isPartOf":{"@id":"https:\/\/antderground.com\/fr\/#website"},"primaryImageOfPage":{"@id":"https:\/\/antderground.com\/fr\/produit\/fourmiliere-acrylique-avec-substrat-anti-affaissement\/#primaryimage"},"image":{"@id":"https:\/\/antderground.com\/fr\/produit\/fourmiliere-acrylique-avec-substrat-anti-affaissement\/#primaryimage"},"thumbnailUrl":"https:\/\/antderground.com\/wp-content\/uploads\/2022\/02\/WhatsApp-Image-2022-02-10-at-11.04.14.jpeg","datePublished":"2022-02-11T16:55:03+00:00","dateModified":"2023-11-30T22:00:08+00:00","description":"Nouvelle fourmili\u00e8re verticale avec substrat anti-effondrement, une fourmili\u00e8re en acrylique pour voir comment les fourmis cr\u00e9ent leurs galeries.","breadcrumb":{"@id":"https:\/\/antderground.com\/fr\/produit\/fourmiliere-acrylique-avec-substrat-anti-affaissement\/#breadcrumb"},"inLanguage":"fr-FR","potentialAction":[{"@type":"ReadAction","target":["https:\/\/antderground.com\/fr\/produit\/fourmiliere-acrylique-avec-substrat-anti-affaissement\/"]}]},{"@type":"ImageObject","inLanguage":"fr-FR","@id":"https:\/\/antderground.com\/fr\/produit\/fourmiliere-acrylique-avec-substrat-anti-affaissement\/#primaryimage","url":"https:\/\/antderground.com\/wp-content\/uploads\/2022\/02\/WhatsApp-Image-2022-02-10-at-11.04.14.jpeg","contentUrl":"https:\/\/antderground.com\/wp-content\/uploads\/2022\/02\/WhatsApp-Image-2022-02-10-at-11.04.14.jpeg","width":1600,"height":1600},{"@type":"BreadcrumbList","@id":"https:\/\/antderground.com\/fr\/produit\/fourmiliere-acrylique-avec-substrat-anti-affaissement\/#breadcrumb","itemListElement":[{"@type":"ListItem","position":1,"name":"Portada","item":"https:\/\/antderground.com\/fr\/"},{"@type":"ListItem","position":2,"name":"Boutique","item":"https:\/\/antderground.com\/fr\/boutique\/"},{"@type":"ListItem","position":3,"name":"Fourmili\u00e8re avec substrat anti-effondrement"}]},{"@type":"WebSite","@id":"https:\/\/antderground.com\/fr\/#website","url":"https:\/\/antderground.com\/fr\/","name":"ANTDERGROUND","description":"Tu tienda de hormigas, gran variedad de hormigueros acr\u00edlicos,madera,arena,3D y mas.. Pide tus hormigas gratis con tu pedido, somos expertos en hormigueros antifugas.","publisher":{"@id":"https:\/\/antderground.com\/fr\/#\/schema\/person\/0e322c505e84fe72c65e2f6d08f96b81"},"alternateName":"Antderground","potentialAction":[{"@type":"SearchAction","target":{"@type":"EntryPoint","urlTemplate":"https:\/\/antderground.com\/fr\/?s={search_term_string}"},"query-input":{"@type":"PropertyValueSpecification","valueRequired":true,"valueName":"search_term_string"}}],"inLanguage":"fr-FR"},{"@type":["Person","Organization"],"@id":"https:\/\/antderground.com\/fr\/#\/schema\/person\/0e322c505e84fe72c65e2f6d08f96b81","name":"Eric de Antderground","image":{"@type":"ImageObject","inLanguage":"fr-FR","@id":"https:\/\/secure.gravatar.com\/avatar\/c49a1b9f79216d1498cb73c1e85cd47f4465dda35f2a94c03790d491bd4423c3?s=96&d=mm&r=g","url":"https:\/\/secure.gravatar.com\/avatar\/c49a1b9f79216d1498cb73c1e85cd47f4465dda35f2a94c03790d491bd4423c3?s=96&d=mm&r=g","contentUrl":"https:\/\/secure.gravatar.com\/avatar\/c49a1b9f79216d1498cb73c1e85cd47f4465dda35f2a94c03790d491bd4423c3?s=96&d=mm&r=g","caption":"Eric de Antderground"},"logo":{"@id":"https:\/\/secure.gravatar.com\/avatar\/c49a1b9f79216d1498cb73c1e85cd47f4465dda35f2a94c03790d491bd4423c3?s=96&d=mm&r=g"},"description":"Eric es el especialista y fundador de Antderground, con una amplia trayectoria en artr\u00f3podos y enfocado en la mirmecolog\u00eda y el dise\u00f1o de hormigueros artificiales. Su enfoque combina la innovaci\u00f3n t\u00e9cnica con el respeto por la biolog\u00eda de las hormigas, is\u00f3podos y otros, desarrollando sistemas de nidos modulares 3D y acr\u00edlicos que son referentes para aficionados y profesionales en toda Europa. Su objetivo es facilitar la cr\u00eda de hormigas y otros artr\u00f3podos mediante soluciones seguras y divulgaci\u00f3n de calidad.","sameAs":["https:\/\/antderground.com\/","https:\/\/www.youtube.com\/channel\/UCio72z7TlbufkAthAJIJfPw"]}]}},"_links":{"self":[{"href":"https:\/\/antderground.com\/fr\/wp-json\/wp\/v2\/product\/18123","targetHints":{"allow":["GET"]}}],"collection":[{"href":"https:\/\/antderground.com\/fr\/wp-json\/wp\/v2\/product"}],"about":[{"href":"https:\/\/antderground.com\/fr\/wp-json\/wp\/v2\/types\/product"}],"version-history":[{"count":0,"href":"https:\/\/antderground.com\/fr\/wp-json\/wp\/v2\/product\/18123\/revisions"}],"wp:featuredmedia":[{"embeddable":true,"href":"https:\/\/antderground.com\/fr\/wp-json\/wp\/v2\/media\/18093"}],"wp:attachment":[{"href":"https:\/\/antderground.com\/fr\/wp-json\/wp\/v2\/media?parent=18123"}],"wp:term":[{"taxonomy":"product_brand","embeddable":true,"href":"https:\/\/antderground.com\/fr\/wp-json\/wp\/v2\/product_brand?post=18123"},{"taxonomy":"product_cat","embeddable":true,"href":"https:\/\/antderground.com\/fr\/wp-json\/wp\/v2\/product_cat?post=18123"},{"taxonomy":"product_tag","embeddable":true,"href":"https:\/\/antderground.com\/fr\/wp-json\/wp\/v2\/product_tag?post=18123"}],"curies":[{"name":"wp","href":"https:\/\/api.w.org\/{rel}","templated":true}]}}