{"id":19199,"date":"2022-02-24T17:28:41","date_gmt":"2022-02-24T16:28:41","guid":{"rendered":"https:\/\/www.antderground.com\/producto\/camponotus-habereri\/"},"modified":"2024-03-31T20:32:40","modified_gmt":"2024-03-31T18:32:40","slug":"camponotus-habereri","status":"publish","type":"product","link":"https:\/\/antderground.com\/fr\/produit\/camponotus-habereri\/","title":{"rendered":"Camponotus habereri"},"content":{"rendered":"<ul>\n<li><strong>Nom scientifique :<\/strong> Camponotus habereri<\/li>\n<li><strong>Classification taxonomique :<\/strong>\n<ul>\n<li>R\u00e8gne : Animalia<\/li>\n<li>Phylum : Arthropoda<\/li>\n<li>Classe : Insecta<\/li>\n<li>Ordre : Hymenoptera<\/li>\n<li>Famille : Formicidae<\/li>\n<li>Sous-famille : Formicinae<\/li>\n<li>Genre : Camponotus<\/li>\n<li>Esp\u00e8ce : C. habereri<\/li>\n<\/ul>\n<\/li>\n<li><strong>Distribution g\u00e9ographique :<\/strong> Camponotus habereri est une esp\u00e8ce end\u00e9mique de Ta\u00efwan, une \u00eele de l&#8217;Asie de l&#8217;Est.<\/li>\n<li><strong>Caract\u00e9ristiques physiques :<\/strong> Les ouvri\u00e8res de Camponotus habereri varient en taille, avec des longueurs typiques de 6 \u00e0 10 mm. Elles ont un corps robuste et leur couleur peut varier du noir au marron fonc\u00e9, avec un abdomen aux tons plus clairs. Ces fourmis sont polymorphes, ce qui signifie qu&#8217;elles ont diff\u00e9rentes castes d&#8217;ouvri\u00e8res avec des tailles et des fonctions vari\u00e9es.<\/li>\n<li><strong>Comportement :<\/strong> Camponotus habereri est une esp\u00e8ce int\u00e9ressante en raison de son comportement social et de son adaptation \u00e0 diff\u00e9rents environnements. Ce sont des fourmis charpenti\u00e8res qui peuvent creuser leurs nids dans le bois et d&#8217;autres mat\u00e9riaux. Elles sont \u00e9galement des collectrices et se nourrissent d&#8217;une vari\u00e9t\u00e9 de substances, notamment de nectar, de miellat et de petits insectes.<\/li>\n<li><strong>\u00c9tat de conservation :<\/strong> Il n&#8217;y a pas d&#8217;informations sp\u00e9cifiques disponibles sur l&#8217;\u00e9tat de conservation de Camponotus habereri.<\/li>\n<li><strong>Notes suppl\u00e9mentaires :<\/strong> Ces fourmis sont importantes pour la d\u00e9composition de la mati\u00e8re organique et ont un r\u00f4le \u00e9cologique dans les \u00e9cosyst\u00e8mes de Ta\u00efwan. En raison de leur pr\u00e9sence dans une r\u00e9gion insulaire unique, elles font l&#8217;objet d&#8217;\u00e9tudes dans les domaines de l&#8217;entomologie et de l&#8217;\u00e9cologie.<\/li>\n<\/ul>\n","protected":false},"excerpt":{"rendered":"<p>Nom scientifique : Camponotus habereri Classification taxonomique : R\u00e8gne : Animalia Phylum : Arthropoda Classe : Insecta Ordre : Hymenoptera<\/p>\n","protected":false},"featured_media":19022,"template":"","meta":[],"product_brand":[],"product_cat":[113,302],"product_tag":[],"class_list":{"0":"post-19199","1":"product","2":"type-product","3":"status-publish","4":"has-post-thumbnail","6":"product_cat-fourmis","7":"product_cat-fourmis-exotiques","9":"first","10":"outofstock","11":"shipping-taxable","12":"purchasable","13":"product-type-variable"},"yoast_head":"<!-- This site is optimized with the Yoast SEO plugin v27.3 - https:\/\/yoast.com\/product\/yoast-seo-wordpress\/ -->\n<title>Camponotus habereri - ANTDERGROUND<\/title>\n<meta name=\"description\" content=\"D\u00e9couvrez l&#039;esp\u00e8ce de fourmi Camponotus habereri, une fourmi exotique originaire d&#039;Asie de la r\u00e9gion de Ta\u00efwan. Tout sur l&#039;entomologie \/ Formicariums.\" \/>\n<meta name=\"robots\" content=\"index, follow, max-snippet:-1, max-image-preview:large, max-video-preview:-1\" \/>\n<link rel=\"canonical\" href=\"https:\/\/antderground.com\/fr\/produit\/camponotus-habereri\/\" \/>\n<meta property=\"og:locale\" content=\"fr_FR\" \/>\n<meta property=\"og:type\" content=\"article\" \/>\n<meta property=\"og:title\" content=\"Camponotus habereri - ANTDERGROUND\" \/>\n<meta property=\"og:description\" content=\"D\u00e9couvrez l&#039;esp\u00e8ce de fourmi Camponotus habereri, une fourmi exotique originaire d&#039;Asie de la r\u00e9gion de Ta\u00efwan. Tout sur l&#039;entomologie \/ Formicariums.\" \/>\n<meta property=\"og:url\" content=\"https:\/\/antderground.com\/fr\/produit\/camponotus-habereri\/\" \/>\n<meta property=\"og:site_name\" content=\"ANTDERGROUND\" \/>\n<meta property=\"article:modified_time\" content=\"2024-03-31T18:32:40+00:00\" \/>\n<meta property=\"og:image\" content=\"https:\/\/antderground.com\/wp-content\/uploads\/2022\/02\/camponotus-habereri.jpg\" \/>\n\t<meta property=\"og:image:width\" content=\"1027\" \/>\n\t<meta property=\"og:image:height\" content=\"1027\" \/>\n\t<meta property=\"og:image:type\" content=\"image\/jpeg\" \/>\n<meta name=\"twitter:card\" content=\"summary_large_image\" \/>\n<meta name=\"twitter:label1\" content=\"Dur\u00e9e de lecture estim\u00e9e\" \/>\n\t<meta name=\"twitter:data1\" content=\"1 minute\" \/>\n<script type=\"application\/ld+json\" class=\"yoast-schema-graph\">{\"@context\":\"https:\\\/\\\/schema.org\",\"@graph\":[{\"@type\":\"WebPage\",\"@id\":\"https:\\\/\\\/antderground.com\\\/fr\\\/produit\\\/camponotus-habereri\\\/\",\"url\":\"https:\\\/\\\/antderground.com\\\/fr\\\/produit\\\/camponotus-habereri\\\/\",\"name\":\"Camponotus habereri - ANTDERGROUND\",\"isPartOf\":{\"@id\":\"https:\\\/\\\/antderground.com\\\/fr\\\/#website\"},\"primaryImageOfPage\":{\"@id\":\"https:\\\/\\\/antderground.com\\\/fr\\\/produit\\\/camponotus-habereri\\\/#primaryimage\"},\"image\":{\"@id\":\"https:\\\/\\\/antderground.com\\\/fr\\\/produit\\\/camponotus-habereri\\\/#primaryimage\"},\"thumbnailUrl\":\"https:\\\/\\\/antderground.com\\\/wp-content\\\/uploads\\\/2022\\\/02\\\/camponotus-habereri.jpg\",\"datePublished\":\"2022-02-24T16:28:41+00:00\",\"dateModified\":\"2024-03-31T18:32:40+00:00\",\"description\":\"D\u00e9couvrez l'esp\u00e8ce de fourmi Camponotus habereri, une fourmi exotique originaire d'Asie de la r\u00e9gion de Ta\u00efwan. Tout sur l'entomologie \\\/ Formicariums.\",\"breadcrumb\":{\"@id\":\"https:\\\/\\\/antderground.com\\\/fr\\\/produit\\\/camponotus-habereri\\\/#breadcrumb\"},\"inLanguage\":\"fr-FR\",\"potentialAction\":[{\"@type\":\"ReadAction\",\"target\":[\"https:\\\/\\\/antderground.com\\\/fr\\\/produit\\\/camponotus-habereri\\\/\"]}]},{\"@type\":\"ImageObject\",\"inLanguage\":\"fr-FR\",\"@id\":\"https:\\\/\\\/antderground.com\\\/fr\\\/produit\\\/camponotus-habereri\\\/#primaryimage\",\"url\":\"https:\\\/\\\/antderground.com\\\/wp-content\\\/uploads\\\/2022\\\/02\\\/camponotus-habereri.jpg\",\"contentUrl\":\"https:\\\/\\\/antderground.com\\\/wp-content\\\/uploads\\\/2022\\\/02\\\/camponotus-habereri.jpg\",\"width\":1027,\"height\":1027,\"caption\":\"Camponotus habereri\"},{\"@type\":\"BreadcrumbList\",\"@id\":\"https:\\\/\\\/antderground.com\\\/fr\\\/produit\\\/camponotus-habereri\\\/#breadcrumb\",\"itemListElement\":[{\"@type\":\"ListItem\",\"position\":1,\"name\":\"Portada\",\"item\":\"https:\\\/\\\/antderground.com\\\/fr\\\/\"},{\"@type\":\"ListItem\",\"position\":2,\"name\":\"Boutique\",\"item\":\"https:\\\/\\\/antderground.com\\\/fr\\\/boutique\\\/\"},{\"@type\":\"ListItem\",\"position\":3,\"name\":\"Camponotus habereri\"}]},{\"@type\":\"WebSite\",\"@id\":\"https:\\\/\\\/antderground.com\\\/fr\\\/#website\",\"url\":\"https:\\\/\\\/antderground.com\\\/fr\\\/\",\"name\":\"ANTDERGROUND\",\"description\":\"Tu tienda de hormigas, gran variedad de hormigueros acr\u00edlicos,madera,arena,3D y mas.. Pide tus hormigas gratis con tu pedido, somos expertos en hormigueros antifugas.\",\"publisher\":{\"@id\":\"https:\\\/\\\/antderground.com\\\/fr\\\/#\\\/schema\\\/person\\\/0e322c505e84fe72c65e2f6d08f96b81\"},\"alternateName\":\"Antderground\",\"potentialAction\":[{\"@type\":\"SearchAction\",\"target\":{\"@type\":\"EntryPoint\",\"urlTemplate\":\"https:\\\/\\\/antderground.com\\\/fr\\\/?s={search_term_string}\"},\"query-input\":{\"@type\":\"PropertyValueSpecification\",\"valueRequired\":true,\"valueName\":\"search_term_string\"}}],\"inLanguage\":\"fr-FR\"},{\"@type\":[\"Person\",\"Organization\"],\"@id\":\"https:\\\/\\\/antderground.com\\\/fr\\\/#\\\/schema\\\/person\\\/0e322c505e84fe72c65e2f6d08f96b81\",\"name\":\"Eric de Antderground\",\"image\":{\"@type\":\"ImageObject\",\"inLanguage\":\"fr-FR\",\"@id\":\"https:\\\/\\\/secure.gravatar.com\\\/avatar\\\/c49a1b9f79216d1498cb73c1e85cd47f4465dda35f2a94c03790d491bd4423c3?s=96&d=mm&r=g\",\"url\":\"https:\\\/\\\/secure.gravatar.com\\\/avatar\\\/c49a1b9f79216d1498cb73c1e85cd47f4465dda35f2a94c03790d491bd4423c3?s=96&d=mm&r=g\",\"contentUrl\":\"https:\\\/\\\/secure.gravatar.com\\\/avatar\\\/c49a1b9f79216d1498cb73c1e85cd47f4465dda35f2a94c03790d491bd4423c3?s=96&d=mm&r=g\",\"caption\":\"Eric de Antderground\"},\"logo\":{\"@id\":\"https:\\\/\\\/secure.gravatar.com\\\/avatar\\\/c49a1b9f79216d1498cb73c1e85cd47f4465dda35f2a94c03790d491bd4423c3?s=96&d=mm&r=g\"},\"description\":\"Eric es el especialista y fundador de Antderground, con una amplia trayectoria en artr\u00f3podos y enfocado en la mirmecolog\u00eda y el dise\u00f1o de hormigueros artificiales. Su enfoque combina la innovaci\u00f3n t\u00e9cnica con el respeto por la biolog\u00eda de las hormigas, is\u00f3podos y otros, desarrollando sistemas de nidos modulares 3D y acr\u00edlicos que son referentes para aficionados y profesionales en toda Europa. Su objetivo es facilitar la cr\u00eda de hormigas y otros artr\u00f3podos mediante soluciones seguras y divulgaci\u00f3n de calidad.\",\"sameAs\":[\"https:\\\/\\\/antderground.com\\\/\",\"https:\\\/\\\/www.youtube.com\\\/channel\\\/UCio72z7TlbufkAthAJIJfPw\"]}]}<\/script>\n<!-- \/ Yoast SEO plugin. -->","yoast_head_json":{"title":"Camponotus habereri - ANTDERGROUND","description":"D\u00e9couvrez l'esp\u00e8ce de fourmi Camponotus habereri, une fourmi exotique originaire d'Asie de la r\u00e9gion de Ta\u00efwan. Tout sur l'entomologie \/ Formicariums.","robots":{"index":"index","follow":"follow","max-snippet":"max-snippet:-1","max-image-preview":"max-image-preview:large","max-video-preview":"max-video-preview:-1"},"canonical":"https:\/\/antderground.com\/fr\/produit\/camponotus-habereri\/","og_locale":"fr_FR","og_type":"article","og_title":"Camponotus habereri - ANTDERGROUND","og_description":"D\u00e9couvrez l'esp\u00e8ce de fourmi Camponotus habereri, une fourmi exotique originaire d'Asie de la r\u00e9gion de Ta\u00efwan. Tout sur l'entomologie \/ Formicariums.","og_url":"https:\/\/antderground.com\/fr\/produit\/camponotus-habereri\/","og_site_name":"ANTDERGROUND","article_modified_time":"2024-03-31T18:32:40+00:00","og_image":[{"width":1027,"height":1027,"url":"https:\/\/antderground.com\/wp-content\/uploads\/2022\/02\/camponotus-habereri.jpg","type":"image\/jpeg"}],"twitter_card":"summary_large_image","twitter_misc":{"Dur\u00e9e de lecture estim\u00e9e":"1 minute"},"schema":{"@context":"https:\/\/schema.org","@graph":[{"@type":"WebPage","@id":"https:\/\/antderground.com\/fr\/produit\/camponotus-habereri\/","url":"https:\/\/antderground.com\/fr\/produit\/camponotus-habereri\/","name":"Camponotus habereri - ANTDERGROUND","isPartOf":{"@id":"https:\/\/antderground.com\/fr\/#website"},"primaryImageOfPage":{"@id":"https:\/\/antderground.com\/fr\/produit\/camponotus-habereri\/#primaryimage"},"image":{"@id":"https:\/\/antderground.com\/fr\/produit\/camponotus-habereri\/#primaryimage"},"thumbnailUrl":"https:\/\/antderground.com\/wp-content\/uploads\/2022\/02\/camponotus-habereri.jpg","datePublished":"2022-02-24T16:28:41+00:00","dateModified":"2024-03-31T18:32:40+00:00","description":"D\u00e9couvrez l'esp\u00e8ce de fourmi Camponotus habereri, une fourmi exotique originaire d'Asie de la r\u00e9gion de Ta\u00efwan. Tout sur l'entomologie \/ Formicariums.","breadcrumb":{"@id":"https:\/\/antderground.com\/fr\/produit\/camponotus-habereri\/#breadcrumb"},"inLanguage":"fr-FR","potentialAction":[{"@type":"ReadAction","target":["https:\/\/antderground.com\/fr\/produit\/camponotus-habereri\/"]}]},{"@type":"ImageObject","inLanguage":"fr-FR","@id":"https:\/\/antderground.com\/fr\/produit\/camponotus-habereri\/#primaryimage","url":"https:\/\/antderground.com\/wp-content\/uploads\/2022\/02\/camponotus-habereri.jpg","contentUrl":"https:\/\/antderground.com\/wp-content\/uploads\/2022\/02\/camponotus-habereri.jpg","width":1027,"height":1027,"caption":"Camponotus habereri"},{"@type":"BreadcrumbList","@id":"https:\/\/antderground.com\/fr\/produit\/camponotus-habereri\/#breadcrumb","itemListElement":[{"@type":"ListItem","position":1,"name":"Portada","item":"https:\/\/antderground.com\/fr\/"},{"@type":"ListItem","position":2,"name":"Boutique","item":"https:\/\/antderground.com\/fr\/boutique\/"},{"@type":"ListItem","position":3,"name":"Camponotus habereri"}]},{"@type":"WebSite","@id":"https:\/\/antderground.com\/fr\/#website","url":"https:\/\/antderground.com\/fr\/","name":"ANTDERGROUND","description":"Tu tienda de hormigas, gran variedad de hormigueros acr\u00edlicos,madera,arena,3D y mas.. Pide tus hormigas gratis con tu pedido, somos expertos en hormigueros antifugas.","publisher":{"@id":"https:\/\/antderground.com\/fr\/#\/schema\/person\/0e322c505e84fe72c65e2f6d08f96b81"},"alternateName":"Antderground","potentialAction":[{"@type":"SearchAction","target":{"@type":"EntryPoint","urlTemplate":"https:\/\/antderground.com\/fr\/?s={search_term_string}"},"query-input":{"@type":"PropertyValueSpecification","valueRequired":true,"valueName":"search_term_string"}}],"inLanguage":"fr-FR"},{"@type":["Person","Organization"],"@id":"https:\/\/antderground.com\/fr\/#\/schema\/person\/0e322c505e84fe72c65e2f6d08f96b81","name":"Eric de Antderground","image":{"@type":"ImageObject","inLanguage":"fr-FR","@id":"https:\/\/secure.gravatar.com\/avatar\/c49a1b9f79216d1498cb73c1e85cd47f4465dda35f2a94c03790d491bd4423c3?s=96&d=mm&r=g","url":"https:\/\/secure.gravatar.com\/avatar\/c49a1b9f79216d1498cb73c1e85cd47f4465dda35f2a94c03790d491bd4423c3?s=96&d=mm&r=g","contentUrl":"https:\/\/secure.gravatar.com\/avatar\/c49a1b9f79216d1498cb73c1e85cd47f4465dda35f2a94c03790d491bd4423c3?s=96&d=mm&r=g","caption":"Eric de Antderground"},"logo":{"@id":"https:\/\/secure.gravatar.com\/avatar\/c49a1b9f79216d1498cb73c1e85cd47f4465dda35f2a94c03790d491bd4423c3?s=96&d=mm&r=g"},"description":"Eric es el especialista y fundador de Antderground, con una amplia trayectoria en artr\u00f3podos y enfocado en la mirmecolog\u00eda y el dise\u00f1o de hormigueros artificiales. Su enfoque combina la innovaci\u00f3n t\u00e9cnica con el respeto por la biolog\u00eda de las hormigas, is\u00f3podos y otros, desarrollando sistemas de nidos modulares 3D y acr\u00edlicos que son referentes para aficionados y profesionales en toda Europa. Su objetivo es facilitar la cr\u00eda de hormigas y otros artr\u00f3podos mediante soluciones seguras y divulgaci\u00f3n de calidad.","sameAs":["https:\/\/antderground.com\/","https:\/\/www.youtube.com\/channel\/UCio72z7TlbufkAthAJIJfPw"]}]}},"_links":{"self":[{"href":"https:\/\/antderground.com\/fr\/wp-json\/wp\/v2\/product\/19199","targetHints":{"allow":["GET"]}}],"collection":[{"href":"https:\/\/antderground.com\/fr\/wp-json\/wp\/v2\/product"}],"about":[{"href":"https:\/\/antderground.com\/fr\/wp-json\/wp\/v2\/types\/product"}],"version-history":[{"count":0,"href":"https:\/\/antderground.com\/fr\/wp-json\/wp\/v2\/product\/19199\/revisions"}],"wp:featuredmedia":[{"embeddable":true,"href":"https:\/\/antderground.com\/fr\/wp-json\/wp\/v2\/media\/19022"}],"wp:attachment":[{"href":"https:\/\/antderground.com\/fr\/wp-json\/wp\/v2\/media?parent=19199"}],"wp:term":[{"taxonomy":"product_brand","embeddable":true,"href":"https:\/\/antderground.com\/fr\/wp-json\/wp\/v2\/product_brand?post=19199"},{"taxonomy":"product_cat","embeddable":true,"href":"https:\/\/antderground.com\/fr\/wp-json\/wp\/v2\/product_cat?post=19199"},{"taxonomy":"product_tag","embeddable":true,"href":"https:\/\/antderground.com\/fr\/wp-json\/wp\/v2\/product_tag?post=19199"}],"curies":[{"name":"wp","href":"https:\/\/api.w.org\/{rel}","templated":true}]}}