{"id":19211,"date":"2022-02-22T11:02:53","date_gmt":"2022-02-22T10:02:53","guid":{"rendered":"https:\/\/www.antderground.com\/producto\/camponotus-lateralis\/"},"modified":"2026-01-25T18:02:25","modified_gmt":"2026-01-25T17:02:25","slug":"camponotus-lateralis","status":"publish","type":"product","link":"https:\/\/antderground.com\/fr\/produit\/camponotus-lateralis\/","title":{"rendered":"Camponotus lateralis"},"content":{"rendered":"<p><strong>Nom scientifique :<\/strong> Camponotus lateralis<\/p>\n<p><strong>Classification taxonomique :<\/strong> R\u00e8gne Animalia, Phylum Arthropoda, Classe Insecta, Ordre Hymenoptera, Famille Formicidae, Sous-famille Formicinae, Genre Camponotus.<\/p>\n<p><strong>R\u00e9partition g\u00e9ographique :<\/strong> Camponotus lateralis se trouve dans diff\u00e9rentes r\u00e9gions du monde, notamment en Am\u00e9rique du Nord, en Am\u00e9rique centrale, en Am\u00e9rique du Sud, dans certaines parties de l&#8217;Europe et dans certaines zones d&#8217;Espagne.<\/p>\n<p><strong>Caract\u00e9ristiques physiques :<\/strong> Camponotus lateralis est une fourmi de taille moyenne \u00e0 grande, mesurant entre 6 et 12 mm de longueur pour les ouvri\u00e8res. Elle poss\u00e8de un corps robuste, une t\u00eate large et de puissantes mandibules. Sa couleur varie g\u00e9n\u00e9ralement entre le noir et le brun fonc\u00e9.<\/p>\n<p><strong>Comportement :<\/strong> Ces fourmis sont principalement actives pendant la journ\u00e9e. Elles construisent leurs nids dans le sol, les troncs d&#8217;arbres ou d&#8217;autres cavit\u00e9s naturelles. Elles sont omnivores et se nourrissent de nectar, d&#8217;insectes, de s\u00e8ve et d&#8217;autres ressources disponibles.<\/p>\n<p><strong>\u00c9tat de conservation :<\/strong> Aucune information sp\u00e9cifique n&#8217;est disponible sur l&#8217;\u00e9tat de conservation de Camponotus lateralis.<\/p>\n<p><strong>Notes compl\u00e9mentaires :<\/strong> Camponotus lateralis est une esp\u00e8ce largement r\u00e9pandue dans diff\u00e9rentes r\u00e9gions du monde, y compris des zones d&#8217;Espagne et certaines parties de l&#8217;Europe. Sa taille et son comportement en font une esp\u00e8ce int\u00e9ressante \u00e0 \u00e9tudier dans le domaine de l&#8217;entomologie.<\/p>\n","protected":false},"excerpt":{"rendered":"<p>Nom scientifique : Camponotus lateralis Classification taxonomique : R\u00e8gne Animalia, Phylum Arthropoda, Classe Insecta, Ordre Hymenoptera, Famille Formicidae, Sous-famille Formicinae,<\/p>\n","protected":false},"featured_media":29106,"template":"","meta":[],"product_brand":[],"product_cat":[113,305],"product_tag":[],"class_list":{"0":"post-19211","1":"product","2":"type-product","3":"status-publish","4":"has-post-thumbnail","6":"product_cat-fourmis","7":"product_cat-fourmis-autochtones","9":"first","10":"outofstock","11":"shipping-taxable","12":"purchasable","13":"product-type-variable"},"yoast_head":"<!-- This site is optimized with the Yoast SEO plugin v27.4 - https:\/\/yoast.com\/product\/yoast-seo-wordpress\/ -->\n<title>Fourmis Camponotus lateralis - ANTDERGROUND<\/title>\n<meta name=\"description\" content=\"\u00c0 Antderground, nous avons des fourmis indig\u00e8nes et les reines de Camponotus lateralis ainsi que des colonies de fourmis Cmponotus lateralis.\" \/>\n<meta name=\"robots\" content=\"index, follow, max-snippet:-1, max-image-preview:large, max-video-preview:-1\" \/>\n<link rel=\"canonical\" href=\"https:\/\/antderground.com\/fr\/produit\/camponotus-lateralis\/\" \/>\n<meta property=\"og:locale\" content=\"fr_FR\" \/>\n<meta property=\"og:type\" content=\"article\" \/>\n<meta property=\"og:title\" content=\"Fourmis Camponotus lateralis - ANTDERGROUND\" \/>\n<meta property=\"og:description\" content=\"\u00c0 Antderground, nous avons des fourmis indig\u00e8nes et les reines de Camponotus lateralis ainsi que des colonies de fourmis Cmponotus lateralis.\" \/>\n<meta property=\"og:url\" content=\"https:\/\/antderground.com\/fr\/produit\/camponotus-lateralis\/\" \/>\n<meta property=\"og:site_name\" content=\"ANTDERGROUND\" \/>\n<meta property=\"article:modified_time\" content=\"2026-01-25T17:02:25+00:00\" \/>\n<meta property=\"og:image\" content=\"https:\/\/antderground.com\/wp-content\/uploads\/2022\/02\/Camponotus-lateralis.jpg\" \/>\n\t<meta property=\"og:image:width\" content=\"1417\" \/>\n\t<meta property=\"og:image:height\" content=\"1417\" \/>\n\t<meta property=\"og:image:type\" content=\"image\/jpeg\" \/>\n<meta name=\"twitter:card\" content=\"summary_large_image\" \/>\n<meta name=\"twitter:label1\" content=\"Dur\u00e9e de lecture estim\u00e9e\" \/>\n\t<meta name=\"twitter:data1\" content=\"1 minute\" \/>\n<script type=\"application\/ld+json\" class=\"yoast-schema-graph\">{\"@context\":\"https:\\\/\\\/schema.org\",\"@graph\":[{\"@type\":\"WebPage\",\"@id\":\"https:\\\/\\\/antderground.com\\\/fr\\\/produit\\\/camponotus-lateralis\\\/\",\"url\":\"https:\\\/\\\/antderground.com\\\/fr\\\/produit\\\/camponotus-lateralis\\\/\",\"name\":\"Fourmis Camponotus lateralis - ANTDERGROUND\",\"isPartOf\":{\"@id\":\"https:\\\/\\\/antderground.com\\\/fr\\\/#website\"},\"primaryImageOfPage\":{\"@id\":\"https:\\\/\\\/antderground.com\\\/fr\\\/produit\\\/camponotus-lateralis\\\/#primaryimage\"},\"image\":{\"@id\":\"https:\\\/\\\/antderground.com\\\/fr\\\/produit\\\/camponotus-lateralis\\\/#primaryimage\"},\"thumbnailUrl\":\"https:\\\/\\\/antderground.com\\\/wp-content\\\/uploads\\\/2022\\\/02\\\/Camponotus-lateralis.jpg\",\"datePublished\":\"2022-02-22T10:02:53+00:00\",\"dateModified\":\"2026-01-25T17:02:25+00:00\",\"description\":\"\u00c0 Antderground, nous avons des fourmis indig\u00e8nes et les reines de Camponotus lateralis ainsi que des colonies de fourmis Cmponotus lateralis.\",\"breadcrumb\":{\"@id\":\"https:\\\/\\\/antderground.com\\\/fr\\\/produit\\\/camponotus-lateralis\\\/#breadcrumb\"},\"inLanguage\":\"fr-FR\",\"potentialAction\":[{\"@type\":\"ReadAction\",\"target\":[\"https:\\\/\\\/antderground.com\\\/fr\\\/produit\\\/camponotus-lateralis\\\/\"]}]},{\"@type\":\"ImageObject\",\"inLanguage\":\"fr-FR\",\"@id\":\"https:\\\/\\\/antderground.com\\\/fr\\\/produit\\\/camponotus-lateralis\\\/#primaryimage\",\"url\":\"https:\\\/\\\/antderground.com\\\/wp-content\\\/uploads\\\/2022\\\/02\\\/Camponotus-lateralis.jpg\",\"contentUrl\":\"https:\\\/\\\/antderground.com\\\/wp-content\\\/uploads\\\/2022\\\/02\\\/Camponotus-lateralis.jpg\",\"width\":1417,\"height\":1417,\"caption\":\"Camponotus lateralis\"},{\"@type\":\"BreadcrumbList\",\"@id\":\"https:\\\/\\\/antderground.com\\\/fr\\\/produit\\\/camponotus-lateralis\\\/#breadcrumb\",\"itemListElement\":[{\"@type\":\"ListItem\",\"position\":1,\"name\":\"Portada\",\"item\":\"https:\\\/\\\/antderground.com\\\/fr\\\/\"},{\"@type\":\"ListItem\",\"position\":2,\"name\":\"Boutique\",\"item\":\"https:\\\/\\\/antderground.com\\\/fr\\\/boutique\\\/\"},{\"@type\":\"ListItem\",\"position\":3,\"name\":\"Camponotus lateralis\"}]},{\"@type\":\"WebSite\",\"@id\":\"https:\\\/\\\/antderground.com\\\/fr\\\/#website\",\"url\":\"https:\\\/\\\/antderground.com\\\/fr\\\/\",\"name\":\"ANTDERGROUND\",\"description\":\"Tu tienda de hormigas, gran variedad de hormigueros acr\u00edlicos,madera,arena,3D y mas.. Pide tus hormigas gratis con tu pedido, somos expertos en hormigueros antifugas.\",\"publisher\":{\"@id\":\"https:\\\/\\\/antderground.com\\\/fr\\\/#\\\/schema\\\/person\\\/0e322c505e84fe72c65e2f6d08f96b81\"},\"alternateName\":\"Antderground\",\"potentialAction\":[{\"@type\":\"SearchAction\",\"target\":{\"@type\":\"EntryPoint\",\"urlTemplate\":\"https:\\\/\\\/antderground.com\\\/fr\\\/?s={search_term_string}\"},\"query-input\":{\"@type\":\"PropertyValueSpecification\",\"valueRequired\":true,\"valueName\":\"search_term_string\"}}],\"inLanguage\":\"fr-FR\"},{\"@type\":[\"Person\",\"Organization\"],\"@id\":\"https:\\\/\\\/antderground.com\\\/fr\\\/#\\\/schema\\\/person\\\/0e322c505e84fe72c65e2f6d08f96b81\",\"name\":\"Eric de Antderground\",\"image\":{\"@type\":\"ImageObject\",\"inLanguage\":\"fr-FR\",\"@id\":\"https:\\\/\\\/secure.gravatar.com\\\/avatar\\\/c49a1b9f79216d1498cb73c1e85cd47f4465dda35f2a94c03790d491bd4423c3?s=96&d=mm&r=g\",\"url\":\"https:\\\/\\\/secure.gravatar.com\\\/avatar\\\/c49a1b9f79216d1498cb73c1e85cd47f4465dda35f2a94c03790d491bd4423c3?s=96&d=mm&r=g\",\"contentUrl\":\"https:\\\/\\\/secure.gravatar.com\\\/avatar\\\/c49a1b9f79216d1498cb73c1e85cd47f4465dda35f2a94c03790d491bd4423c3?s=96&d=mm&r=g\",\"caption\":\"Eric de Antderground\"},\"logo\":{\"@id\":\"https:\\\/\\\/secure.gravatar.com\\\/avatar\\\/c49a1b9f79216d1498cb73c1e85cd47f4465dda35f2a94c03790d491bd4423c3?s=96&d=mm&r=g\"},\"description\":\"Eric es el especialista y fundador de Antderground, con una amplia trayectoria en artr\u00f3podos y enfocado en la mirmecolog\u00eda y el dise\u00f1o de hormigueros artificiales. Su enfoque combina la innovaci\u00f3n t\u00e9cnica con el respeto por la biolog\u00eda de las hormigas, is\u00f3podos y otros, desarrollando sistemas de nidos modulares 3D y acr\u00edlicos que son referentes para aficionados y profesionales en toda Europa. Su objetivo es facilitar la cr\u00eda de hormigas y otros artr\u00f3podos mediante soluciones seguras y divulgaci\u00f3n de calidad.\",\"sameAs\":[\"https:\\\/\\\/antderground.com\\\/\",\"https:\\\/\\\/www.youtube.com\\\/channel\\\/UCio72z7TlbufkAthAJIJfPw\"]}]}<\/script>\n<!-- \/ Yoast SEO plugin. -->","yoast_head_json":{"title":"Fourmis Camponotus lateralis - ANTDERGROUND","description":"\u00c0 Antderground, nous avons des fourmis indig\u00e8nes et les reines de Camponotus lateralis ainsi que des colonies de fourmis Cmponotus lateralis.","robots":{"index":"index","follow":"follow","max-snippet":"max-snippet:-1","max-image-preview":"max-image-preview:large","max-video-preview":"max-video-preview:-1"},"canonical":"https:\/\/antderground.com\/fr\/produit\/camponotus-lateralis\/","og_locale":"fr_FR","og_type":"article","og_title":"Fourmis Camponotus lateralis - ANTDERGROUND","og_description":"\u00c0 Antderground, nous avons des fourmis indig\u00e8nes et les reines de Camponotus lateralis ainsi que des colonies de fourmis Cmponotus lateralis.","og_url":"https:\/\/antderground.com\/fr\/produit\/camponotus-lateralis\/","og_site_name":"ANTDERGROUND","article_modified_time":"2026-01-25T17:02:25+00:00","og_image":[{"width":1417,"height":1417,"url":"https:\/\/antderground.com\/wp-content\/uploads\/2022\/02\/Camponotus-lateralis.jpg","type":"image\/jpeg"}],"twitter_card":"summary_large_image","twitter_misc":{"Dur\u00e9e de lecture estim\u00e9e":"1 minute"},"schema":{"@context":"https:\/\/schema.org","@graph":[{"@type":"WebPage","@id":"https:\/\/antderground.com\/fr\/produit\/camponotus-lateralis\/","url":"https:\/\/antderground.com\/fr\/produit\/camponotus-lateralis\/","name":"Fourmis Camponotus lateralis - ANTDERGROUND","isPartOf":{"@id":"https:\/\/antderground.com\/fr\/#website"},"primaryImageOfPage":{"@id":"https:\/\/antderground.com\/fr\/produit\/camponotus-lateralis\/#primaryimage"},"image":{"@id":"https:\/\/antderground.com\/fr\/produit\/camponotus-lateralis\/#primaryimage"},"thumbnailUrl":"https:\/\/antderground.com\/wp-content\/uploads\/2022\/02\/Camponotus-lateralis.jpg","datePublished":"2022-02-22T10:02:53+00:00","dateModified":"2026-01-25T17:02:25+00:00","description":"\u00c0 Antderground, nous avons des fourmis indig\u00e8nes et les reines de Camponotus lateralis ainsi que des colonies de fourmis Cmponotus lateralis.","breadcrumb":{"@id":"https:\/\/antderground.com\/fr\/produit\/camponotus-lateralis\/#breadcrumb"},"inLanguage":"fr-FR","potentialAction":[{"@type":"ReadAction","target":["https:\/\/antderground.com\/fr\/produit\/camponotus-lateralis\/"]}]},{"@type":"ImageObject","inLanguage":"fr-FR","@id":"https:\/\/antderground.com\/fr\/produit\/camponotus-lateralis\/#primaryimage","url":"https:\/\/antderground.com\/wp-content\/uploads\/2022\/02\/Camponotus-lateralis.jpg","contentUrl":"https:\/\/antderground.com\/wp-content\/uploads\/2022\/02\/Camponotus-lateralis.jpg","width":1417,"height":1417,"caption":"Camponotus lateralis"},{"@type":"BreadcrumbList","@id":"https:\/\/antderground.com\/fr\/produit\/camponotus-lateralis\/#breadcrumb","itemListElement":[{"@type":"ListItem","position":1,"name":"Portada","item":"https:\/\/antderground.com\/fr\/"},{"@type":"ListItem","position":2,"name":"Boutique","item":"https:\/\/antderground.com\/fr\/boutique\/"},{"@type":"ListItem","position":3,"name":"Camponotus lateralis"}]},{"@type":"WebSite","@id":"https:\/\/antderground.com\/fr\/#website","url":"https:\/\/antderground.com\/fr\/","name":"ANTDERGROUND","description":"Tu tienda de hormigas, gran variedad de hormigueros acr\u00edlicos,madera,arena,3D y mas.. Pide tus hormigas gratis con tu pedido, somos expertos en hormigueros antifugas.","publisher":{"@id":"https:\/\/antderground.com\/fr\/#\/schema\/person\/0e322c505e84fe72c65e2f6d08f96b81"},"alternateName":"Antderground","potentialAction":[{"@type":"SearchAction","target":{"@type":"EntryPoint","urlTemplate":"https:\/\/antderground.com\/fr\/?s={search_term_string}"},"query-input":{"@type":"PropertyValueSpecification","valueRequired":true,"valueName":"search_term_string"}}],"inLanguage":"fr-FR"},{"@type":["Person","Organization"],"@id":"https:\/\/antderground.com\/fr\/#\/schema\/person\/0e322c505e84fe72c65e2f6d08f96b81","name":"Eric de Antderground","image":{"@type":"ImageObject","inLanguage":"fr-FR","@id":"https:\/\/secure.gravatar.com\/avatar\/c49a1b9f79216d1498cb73c1e85cd47f4465dda35f2a94c03790d491bd4423c3?s=96&d=mm&r=g","url":"https:\/\/secure.gravatar.com\/avatar\/c49a1b9f79216d1498cb73c1e85cd47f4465dda35f2a94c03790d491bd4423c3?s=96&d=mm&r=g","contentUrl":"https:\/\/secure.gravatar.com\/avatar\/c49a1b9f79216d1498cb73c1e85cd47f4465dda35f2a94c03790d491bd4423c3?s=96&d=mm&r=g","caption":"Eric de Antderground"},"logo":{"@id":"https:\/\/secure.gravatar.com\/avatar\/c49a1b9f79216d1498cb73c1e85cd47f4465dda35f2a94c03790d491bd4423c3?s=96&d=mm&r=g"},"description":"Eric es el especialista y fundador de Antderground, con una amplia trayectoria en artr\u00f3podos y enfocado en la mirmecolog\u00eda y el dise\u00f1o de hormigueros artificiales. Su enfoque combina la innovaci\u00f3n t\u00e9cnica con el respeto por la biolog\u00eda de las hormigas, is\u00f3podos y otros, desarrollando sistemas de nidos modulares 3D y acr\u00edlicos que son referentes para aficionados y profesionales en toda Europa. Su objetivo es facilitar la cr\u00eda de hormigas y otros artr\u00f3podos mediante soluciones seguras y divulgaci\u00f3n de calidad.","sameAs":["https:\/\/antderground.com\/","https:\/\/www.youtube.com\/channel\/UCio72z7TlbufkAthAJIJfPw"]}]}},"_links":{"self":[{"href":"https:\/\/antderground.com\/fr\/wp-json\/wp\/v2\/product\/19211","targetHints":{"allow":["GET"]}}],"collection":[{"href":"https:\/\/antderground.com\/fr\/wp-json\/wp\/v2\/product"}],"about":[{"href":"https:\/\/antderground.com\/fr\/wp-json\/wp\/v2\/types\/product"}],"version-history":[{"count":0,"href":"https:\/\/antderground.com\/fr\/wp-json\/wp\/v2\/product\/19211\/revisions"}],"wp:featuredmedia":[{"embeddable":true,"href":"https:\/\/antderground.com\/fr\/wp-json\/wp\/v2\/media\/29106"}],"wp:attachment":[{"href":"https:\/\/antderground.com\/fr\/wp-json\/wp\/v2\/media?parent=19211"}],"wp:term":[{"taxonomy":"product_brand","embeddable":true,"href":"https:\/\/antderground.com\/fr\/wp-json\/wp\/v2\/product_brand?post=19211"},{"taxonomy":"product_cat","embeddable":true,"href":"https:\/\/antderground.com\/fr\/wp-json\/wp\/v2\/product_cat?post=19211"},{"taxonomy":"product_tag","embeddable":true,"href":"https:\/\/antderground.com\/fr\/wp-json\/wp\/v2\/product_tag?post=19211"}],"curies":[{"name":"wp","href":"https:\/\/api.w.org\/{rel}","templated":true}]}}