{"id":19567,"date":"2022-03-16T13:40:51","date_gmt":"2022-03-16T12:40:51","guid":{"rendered":"https:\/\/www.antderground.com\/producto\/harpegnathos-venator-reine-avec-15-a-20-ouvrieres\/"},"modified":"2023-12-21T00:31:14","modified_gmt":"2023-12-20T23:31:14","slug":"harpegnathos-venator-reine-avec-15-a-20-ouvrieres","status":"publish","type":"product","link":"https:\/\/antderground.com\/fr\/produit\/harpegnathos-venator-reine-avec-15-a-20-ouvrieres\/","title":{"rendered":"Harpegnathos venator"},"content":{"rendered":"<p>D\u00e9couvrez une fourmi exotique et surprenante, la fourmi Harpegnathos Venator.<br \/>&#8211; Une reine avec 15 \u00e0 20 ouvri\u00e8res.<\/p>\n<p>Origine : Inde, Asie du Sud-Est, Malaisie.<\/p>\n<p>Fourmili\u00e8res recommand\u00e9es : 3d, Acrylique, Ytong, vertical avec substrat.<\/p>\n<p>Accessoires recommand\u00e9s : Abreuvoir sp\u00e9cial pour les esp\u00e8ces \u00e0 grandes m\u00e2choires.<\/p>\n<p>Temp\u00e9rature : 24 \u2013 28 \u00baC<\/p>\n<p>Humidit\u00e9 : 50 &#8211; 80 %<\/p>\n<p>Hibernation : Non<\/p>\n<p>Alimentation : Petits insectes.<\/p>\n","protected":false},"excerpt":{"rendered":"<p><br data-mce-bogus=\"1\"><\/p>\n","protected":false},"featured_media":19562,"template":"","meta":[],"product_brand":[],"product_cat":[113,302],"product_tag":[],"class_list":{"0":"post-19567","1":"product","2":"type-product","3":"status-publish","4":"has-post-thumbnail","6":"product_cat-fourmis","7":"product_cat-fourmis-exotiques","9":"first","10":"outofstock","11":"shipping-taxable","12":"purchasable","13":"product-type-variable"},"yoast_head":"<!-- This site is optimized with the Yoast SEO plugin v27.3 - https:\/\/yoast.com\/product\/yoast-seo-wordpress\/ -->\n<title>Harpegnathos venator - ANTDERGROUND<\/title>\n<meta name=\"description\" content=\"D\u00e9couvrez cette fourmi exotique Harpegnathos venator une sorte de fourmi exotique et surprenante\" \/>\n<meta name=\"robots\" content=\"index, follow, max-snippet:-1, max-image-preview:large, max-video-preview:-1\" \/>\n<link rel=\"canonical\" href=\"https:\/\/antderground.com\/fr\/produit\/harpegnathos-venator-reine-avec-15-a-20-ouvrieres\/\" \/>\n<meta property=\"og:locale\" content=\"fr_FR\" \/>\n<meta property=\"og:type\" content=\"article\" \/>\n<meta property=\"og:title\" content=\"Harpegnathos venator - ANTDERGROUND\" \/>\n<meta property=\"og:description\" content=\"D\u00e9couvrez cette fourmi exotique Harpegnathos venator une sorte de fourmi exotique et surprenante\" \/>\n<meta property=\"og:url\" content=\"https:\/\/antderground.com\/fr\/produit\/harpegnathos-venator-reine-avec-15-a-20-ouvrieres\/\" \/>\n<meta property=\"og:site_name\" content=\"ANTDERGROUND\" \/>\n<meta property=\"article:modified_time\" content=\"2023-12-20T23:31:14+00:00\" \/>\n<meta property=\"og:image\" content=\"https:\/\/antderground.com\/wp-content\/uploads\/2022\/03\/WhatsApp-Image-2022-03-16-at-1.30.55-PM.jpeg\" \/>\n\t<meta property=\"og:image:width\" content=\"892\" \/>\n\t<meta property=\"og:image:height\" content=\"654\" \/>\n\t<meta property=\"og:image:type\" content=\"image\/jpeg\" \/>\n<meta name=\"twitter:card\" content=\"summary_large_image\" \/>\n<script type=\"application\/ld+json\" class=\"yoast-schema-graph\">{\"@context\":\"https:\\\/\\\/schema.org\",\"@graph\":[{\"@type\":\"WebPage\",\"@id\":\"https:\\\/\\\/antderground.com\\\/fr\\\/produit\\\/harpegnathos-venator-reine-avec-15-a-20-ouvrieres\\\/\",\"url\":\"https:\\\/\\\/antderground.com\\\/fr\\\/produit\\\/harpegnathos-venator-reine-avec-15-a-20-ouvrieres\\\/\",\"name\":\"Harpegnathos venator - ANTDERGROUND\",\"isPartOf\":{\"@id\":\"https:\\\/\\\/antderground.com\\\/fr\\\/#website\"},\"primaryImageOfPage\":{\"@id\":\"https:\\\/\\\/antderground.com\\\/fr\\\/produit\\\/harpegnathos-venator-reine-avec-15-a-20-ouvrieres\\\/#primaryimage\"},\"image\":{\"@id\":\"https:\\\/\\\/antderground.com\\\/fr\\\/produit\\\/harpegnathos-venator-reine-avec-15-a-20-ouvrieres\\\/#primaryimage\"},\"thumbnailUrl\":\"https:\\\/\\\/antderground.com\\\/wp-content\\\/uploads\\\/2022\\\/03\\\/WhatsApp-Image-2022-03-16-at-1.30.55-PM.jpeg\",\"datePublished\":\"2022-03-16T12:40:51+00:00\",\"dateModified\":\"2023-12-20T23:31:14+00:00\",\"description\":\"D\u00e9couvrez cette fourmi exotique Harpegnathos venator une sorte de fourmi exotique et surprenante\",\"breadcrumb\":{\"@id\":\"https:\\\/\\\/antderground.com\\\/fr\\\/produit\\\/harpegnathos-venator-reine-avec-15-a-20-ouvrieres\\\/#breadcrumb\"},\"inLanguage\":\"fr-FR\",\"potentialAction\":[{\"@type\":\"ReadAction\",\"target\":[\"https:\\\/\\\/antderground.com\\\/fr\\\/produit\\\/harpegnathos-venator-reine-avec-15-a-20-ouvrieres\\\/\"]}]},{\"@type\":\"ImageObject\",\"inLanguage\":\"fr-FR\",\"@id\":\"https:\\\/\\\/antderground.com\\\/fr\\\/produit\\\/harpegnathos-venator-reine-avec-15-a-20-ouvrieres\\\/#primaryimage\",\"url\":\"https:\\\/\\\/antderground.com\\\/wp-content\\\/uploads\\\/2022\\\/03\\\/WhatsApp-Image-2022-03-16-at-1.30.55-PM.jpeg\",\"contentUrl\":\"https:\\\/\\\/antderground.com\\\/wp-content\\\/uploads\\\/2022\\\/03\\\/WhatsApp-Image-2022-03-16-at-1.30.55-PM.jpeg\",\"width\":892,\"height\":654},{\"@type\":\"BreadcrumbList\",\"@id\":\"https:\\\/\\\/antderground.com\\\/fr\\\/produit\\\/harpegnathos-venator-reine-avec-15-a-20-ouvrieres\\\/#breadcrumb\",\"itemListElement\":[{\"@type\":\"ListItem\",\"position\":1,\"name\":\"Portada\",\"item\":\"https:\\\/\\\/antderground.com\\\/fr\\\/\"},{\"@type\":\"ListItem\",\"position\":2,\"name\":\"Boutique\",\"item\":\"https:\\\/\\\/antderground.com\\\/fr\\\/boutique\\\/\"},{\"@type\":\"ListItem\",\"position\":3,\"name\":\"Harpegnathos venator\"}]},{\"@type\":\"WebSite\",\"@id\":\"https:\\\/\\\/antderground.com\\\/fr\\\/#website\",\"url\":\"https:\\\/\\\/antderground.com\\\/fr\\\/\",\"name\":\"ANTDERGROUND\",\"description\":\"Tu tienda de hormigas, gran variedad de hormigueros acr\u00edlicos,madera,arena,3D y mas.. Pide tus hormigas gratis con tu pedido, somos expertos en hormigueros antifugas.\",\"publisher\":{\"@id\":\"https:\\\/\\\/antderground.com\\\/fr\\\/#\\\/schema\\\/person\\\/0e322c505e84fe72c65e2f6d08f96b81\"},\"alternateName\":\"Antderground\",\"potentialAction\":[{\"@type\":\"SearchAction\",\"target\":{\"@type\":\"EntryPoint\",\"urlTemplate\":\"https:\\\/\\\/antderground.com\\\/fr\\\/?s={search_term_string}\"},\"query-input\":{\"@type\":\"PropertyValueSpecification\",\"valueRequired\":true,\"valueName\":\"search_term_string\"}}],\"inLanguage\":\"fr-FR\"},{\"@type\":[\"Person\",\"Organization\"],\"@id\":\"https:\\\/\\\/antderground.com\\\/fr\\\/#\\\/schema\\\/person\\\/0e322c505e84fe72c65e2f6d08f96b81\",\"name\":\"Eric de Antderground\",\"image\":{\"@type\":\"ImageObject\",\"inLanguage\":\"fr-FR\",\"@id\":\"https:\\\/\\\/secure.gravatar.com\\\/avatar\\\/c49a1b9f79216d1498cb73c1e85cd47f4465dda35f2a94c03790d491bd4423c3?s=96&d=mm&r=g\",\"url\":\"https:\\\/\\\/secure.gravatar.com\\\/avatar\\\/c49a1b9f79216d1498cb73c1e85cd47f4465dda35f2a94c03790d491bd4423c3?s=96&d=mm&r=g\",\"contentUrl\":\"https:\\\/\\\/secure.gravatar.com\\\/avatar\\\/c49a1b9f79216d1498cb73c1e85cd47f4465dda35f2a94c03790d491bd4423c3?s=96&d=mm&r=g\",\"caption\":\"Eric de Antderground\"},\"logo\":{\"@id\":\"https:\\\/\\\/secure.gravatar.com\\\/avatar\\\/c49a1b9f79216d1498cb73c1e85cd47f4465dda35f2a94c03790d491bd4423c3?s=96&d=mm&r=g\"},\"description\":\"Eric es el especialista y fundador de Antderground, con una amplia trayectoria en artr\u00f3podos y enfocado en la mirmecolog\u00eda y el dise\u00f1o de hormigueros artificiales. Su enfoque combina la innovaci\u00f3n t\u00e9cnica con el respeto por la biolog\u00eda de las hormigas, is\u00f3podos y otros, desarrollando sistemas de nidos modulares 3D y acr\u00edlicos que son referentes para aficionados y profesionales en toda Europa. Su objetivo es facilitar la cr\u00eda de hormigas y otros artr\u00f3podos mediante soluciones seguras y divulgaci\u00f3n de calidad.\",\"sameAs\":[\"https:\\\/\\\/antderground.com\\\/\",\"https:\\\/\\\/www.youtube.com\\\/channel\\\/UCio72z7TlbufkAthAJIJfPw\"]}]}<\/script>\n<!-- \/ Yoast SEO plugin. -->","yoast_head_json":{"title":"Harpegnathos venator - ANTDERGROUND","description":"D\u00e9couvrez cette fourmi exotique Harpegnathos venator une sorte de fourmi exotique et surprenante","robots":{"index":"index","follow":"follow","max-snippet":"max-snippet:-1","max-image-preview":"max-image-preview:large","max-video-preview":"max-video-preview:-1"},"canonical":"https:\/\/antderground.com\/fr\/produit\/harpegnathos-venator-reine-avec-15-a-20-ouvrieres\/","og_locale":"fr_FR","og_type":"article","og_title":"Harpegnathos venator - ANTDERGROUND","og_description":"D\u00e9couvrez cette fourmi exotique Harpegnathos venator une sorte de fourmi exotique et surprenante","og_url":"https:\/\/antderground.com\/fr\/produit\/harpegnathos-venator-reine-avec-15-a-20-ouvrieres\/","og_site_name":"ANTDERGROUND","article_modified_time":"2023-12-20T23:31:14+00:00","og_image":[{"width":892,"height":654,"url":"https:\/\/antderground.com\/wp-content\/uploads\/2022\/03\/WhatsApp-Image-2022-03-16-at-1.30.55-PM.jpeg","type":"image\/jpeg"}],"twitter_card":"summary_large_image","schema":{"@context":"https:\/\/schema.org","@graph":[{"@type":"WebPage","@id":"https:\/\/antderground.com\/fr\/produit\/harpegnathos-venator-reine-avec-15-a-20-ouvrieres\/","url":"https:\/\/antderground.com\/fr\/produit\/harpegnathos-venator-reine-avec-15-a-20-ouvrieres\/","name":"Harpegnathos venator - ANTDERGROUND","isPartOf":{"@id":"https:\/\/antderground.com\/fr\/#website"},"primaryImageOfPage":{"@id":"https:\/\/antderground.com\/fr\/produit\/harpegnathos-venator-reine-avec-15-a-20-ouvrieres\/#primaryimage"},"image":{"@id":"https:\/\/antderground.com\/fr\/produit\/harpegnathos-venator-reine-avec-15-a-20-ouvrieres\/#primaryimage"},"thumbnailUrl":"https:\/\/antderground.com\/wp-content\/uploads\/2022\/03\/WhatsApp-Image-2022-03-16-at-1.30.55-PM.jpeg","datePublished":"2022-03-16T12:40:51+00:00","dateModified":"2023-12-20T23:31:14+00:00","description":"D\u00e9couvrez cette fourmi exotique Harpegnathos venator une sorte de fourmi exotique et surprenante","breadcrumb":{"@id":"https:\/\/antderground.com\/fr\/produit\/harpegnathos-venator-reine-avec-15-a-20-ouvrieres\/#breadcrumb"},"inLanguage":"fr-FR","potentialAction":[{"@type":"ReadAction","target":["https:\/\/antderground.com\/fr\/produit\/harpegnathos-venator-reine-avec-15-a-20-ouvrieres\/"]}]},{"@type":"ImageObject","inLanguage":"fr-FR","@id":"https:\/\/antderground.com\/fr\/produit\/harpegnathos-venator-reine-avec-15-a-20-ouvrieres\/#primaryimage","url":"https:\/\/antderground.com\/wp-content\/uploads\/2022\/03\/WhatsApp-Image-2022-03-16-at-1.30.55-PM.jpeg","contentUrl":"https:\/\/antderground.com\/wp-content\/uploads\/2022\/03\/WhatsApp-Image-2022-03-16-at-1.30.55-PM.jpeg","width":892,"height":654},{"@type":"BreadcrumbList","@id":"https:\/\/antderground.com\/fr\/produit\/harpegnathos-venator-reine-avec-15-a-20-ouvrieres\/#breadcrumb","itemListElement":[{"@type":"ListItem","position":1,"name":"Portada","item":"https:\/\/antderground.com\/fr\/"},{"@type":"ListItem","position":2,"name":"Boutique","item":"https:\/\/antderground.com\/fr\/boutique\/"},{"@type":"ListItem","position":3,"name":"Harpegnathos venator"}]},{"@type":"WebSite","@id":"https:\/\/antderground.com\/fr\/#website","url":"https:\/\/antderground.com\/fr\/","name":"ANTDERGROUND","description":"Tu tienda de hormigas, gran variedad de hormigueros acr\u00edlicos,madera,arena,3D y mas.. Pide tus hormigas gratis con tu pedido, somos expertos en hormigueros antifugas.","publisher":{"@id":"https:\/\/antderground.com\/fr\/#\/schema\/person\/0e322c505e84fe72c65e2f6d08f96b81"},"alternateName":"Antderground","potentialAction":[{"@type":"SearchAction","target":{"@type":"EntryPoint","urlTemplate":"https:\/\/antderground.com\/fr\/?s={search_term_string}"},"query-input":{"@type":"PropertyValueSpecification","valueRequired":true,"valueName":"search_term_string"}}],"inLanguage":"fr-FR"},{"@type":["Person","Organization"],"@id":"https:\/\/antderground.com\/fr\/#\/schema\/person\/0e322c505e84fe72c65e2f6d08f96b81","name":"Eric de Antderground","image":{"@type":"ImageObject","inLanguage":"fr-FR","@id":"https:\/\/secure.gravatar.com\/avatar\/c49a1b9f79216d1498cb73c1e85cd47f4465dda35f2a94c03790d491bd4423c3?s=96&d=mm&r=g","url":"https:\/\/secure.gravatar.com\/avatar\/c49a1b9f79216d1498cb73c1e85cd47f4465dda35f2a94c03790d491bd4423c3?s=96&d=mm&r=g","contentUrl":"https:\/\/secure.gravatar.com\/avatar\/c49a1b9f79216d1498cb73c1e85cd47f4465dda35f2a94c03790d491bd4423c3?s=96&d=mm&r=g","caption":"Eric de Antderground"},"logo":{"@id":"https:\/\/secure.gravatar.com\/avatar\/c49a1b9f79216d1498cb73c1e85cd47f4465dda35f2a94c03790d491bd4423c3?s=96&d=mm&r=g"},"description":"Eric es el especialista y fundador de Antderground, con una amplia trayectoria en artr\u00f3podos y enfocado en la mirmecolog\u00eda y el dise\u00f1o de hormigueros artificiales. Su enfoque combina la innovaci\u00f3n t\u00e9cnica con el respeto por la biolog\u00eda de las hormigas, is\u00f3podos y otros, desarrollando sistemas de nidos modulares 3D y acr\u00edlicos que son referentes para aficionados y profesionales en toda Europa. Su objetivo es facilitar la cr\u00eda de hormigas y otros artr\u00f3podos mediante soluciones seguras y divulgaci\u00f3n de calidad.","sameAs":["https:\/\/antderground.com\/","https:\/\/www.youtube.com\/channel\/UCio72z7TlbufkAthAJIJfPw"]}]}},"_links":{"self":[{"href":"https:\/\/antderground.com\/fr\/wp-json\/wp\/v2\/product\/19567","targetHints":{"allow":["GET"]}}],"collection":[{"href":"https:\/\/antderground.com\/fr\/wp-json\/wp\/v2\/product"}],"about":[{"href":"https:\/\/antderground.com\/fr\/wp-json\/wp\/v2\/types\/product"}],"version-history":[{"count":0,"href":"https:\/\/antderground.com\/fr\/wp-json\/wp\/v2\/product\/19567\/revisions"}],"wp:featuredmedia":[{"embeddable":true,"href":"https:\/\/antderground.com\/fr\/wp-json\/wp\/v2\/media\/19562"}],"wp:attachment":[{"href":"https:\/\/antderground.com\/fr\/wp-json\/wp\/v2\/media?parent=19567"}],"wp:term":[{"taxonomy":"product_brand","embeddable":true,"href":"https:\/\/antderground.com\/fr\/wp-json\/wp\/v2\/product_brand?post=19567"},{"taxonomy":"product_cat","embeddable":true,"href":"https:\/\/antderground.com\/fr\/wp-json\/wp\/v2\/product_cat?post=19567"},{"taxonomy":"product_tag","embeddable":true,"href":"https:\/\/antderground.com\/fr\/wp-json\/wp\/v2\/product_tag?post=19567"}],"curies":[{"name":"wp","href":"https:\/\/api.w.org\/{rel}","templated":true}]}}