{"id":20629,"date":"2022-08-13T13:13:57","date_gmt":"2022-08-13T11:13:57","guid":{"rendered":"https:\/\/www.antderground.com\/producto\/fourmiliere-3d-4-8x7cm\/"},"modified":"2023-11-06T21:34:06","modified_gmt":"2023-11-06T20:34:06","slug":"fourmiliere-3d-4-8x7cm","status":"publish","type":"product","link":"https:\/\/antderground.com\/fr\/produit\/fourmiliere-3d-4-8x7cm\/","title":{"rendered":"Fourmili\u00e8re 3D (7&#215;4,5) pour (fourmis reines)"},"content":{"rendered":"<p>Cette <strong>fourmili\u00e8re 3D<\/strong> de 7 cm par 4,5 cm va vous surprendre, c&#8217;est une fourmili\u00e8re con\u00e7ue pour d\u00e9marrer des colonies de reines ou pour de petites colonies de fourmis.<\/p>\n<p>Il poss\u00e8de un grand r\u00e9servoir d&#8217;hydratation de 35 ml avec une fente en acier inoxydable au fond. Cette fourmili\u00e8re a un syst\u00e8me facile pour ins\u00e9rer le d\u00e9p\u00f4t, &#8220;AntClick&#8221;. Un syst\u00e8me simple, rapide et s\u00e9curis\u00e9.<\/p>\n<p>Il dispose d&#8217;une connexion \u00e0 l&#8217;avant pour pouvoir agrandir la fourmili\u00e8re ou connecter une <a href=\"https:\/\/antderground.com\/fr\/categorie-produit\/caisse-de-nourriture\/\" target=\"_blank\" rel=\"noopener\">caisse de nourriture.<\/a><\/p>\n<p>\u00c0 l&#8217;int\u00e9rieur, vous trouverez une porte tournante et une autre porte standard typique d&#8217;Antderground.<\/p>\n<h2>Cette fourmili\u00e8re 3D est pour tous les niveaux ?<\/h2>\n<p>Oui! C&#8217;est pour tous les niveaux mais en m\u00eame temps professionnel. Avec la m\u00eame s\u00e9curit\u00e9 anti-fuite que les autres fourmili\u00e8res en mat\u00e9riau acrylique.<\/p>\n<h3>R\u00e9sum\u00e9 des caract\u00e9ristiques de la fourmili\u00e8re 3D :<\/h3>\n<p>Taille de la fourmili\u00e8re : 7 cm x 4,5 cm<br \/>\nD\u00e9p\u00f4t : 35 ml (Syst\u00e8me de connexion facile d\u00e9p\u00f4t avec la fourmili\u00e8re)<br \/>\nHauteur des chambres\/galeries : 1,2 cm de haut<br \/>\nFourmili\u00e8re Couleur : Blanc<br \/>\nCouvercle : inclus Couleur rouge<br \/>\nDouble porte : Une porte tournante int\u00e9rieure et une porte tournante standard.<\/p>\n<p>Si vous d\u00e9butez dans le monde de la myrm\u00e9cologie et que vous pensez que les fourmili\u00e8res 3d sont int\u00e9ressantes, parfait !<\/p>\n<p>Cette fourmili\u00e8re est id\u00e9ale ! N&#8217;oubliez pas que les fourmili\u00e8res fabriqu\u00e9es et imprim\u00e9es en 3D ont leurs avantages, l&#8217;un des avantages les plus importants dont nous avons parl\u00e9 dans la cat\u00e9gorie principale est leurs options de r\u00e9alisme.<\/p>\n<h4>Qu&#8217;est-ce que le tag AntClick ?<\/h4>\n<p>C&#8217;est un dr\u00f4le de mot pour exprimer \u00e0 quel point il est facile de connecter le r\u00e9servoir d&#8217;hydratation sans vis \u00e0 la fourmili\u00e8re 3d.<\/p>\n<h5>Comment trouver une colonie de fourmis id\u00e9ale ou une reine fourmi pour ma fourmili\u00e8re 3d ?<\/h5>\n<p>Notre fourmili\u00e8re Antderground poss\u00e8de une grande vari\u00e9t\u00e9 de fourmis de votre r\u00e9gion et des fourmis exotiques qui vous surprendront.<\/p>\n<h6>Vous avez des doutes sur les nouvelles fourmili\u00e8res ou nos fourmis ?<\/h6>\n<p>Si vous avez des questions sur la fourmili\u00e8re 3D ou li\u00e9es aux fourmis, Antderground se fera un plaisir de r\u00e9pondre \u00e0 vos questions.<\/p>\n","protected":false},"excerpt":{"rendered":"<p>D\u00e9couvrez notre nouvelle fourmili\u00e8re 3D avec d\u00e9p\u00f4t et une connexion avec la possibilit\u00e9 d&#8217;agrandir la fourmili\u00e8re ou de connecter une Caisse de nourriture.<\/p>\n<p><strong>Caract\u00e9ristiques de la fourmili\u00e8re 3D\u00a0:<\/strong><br \/>\nTaille : 7 cm x 4,5 cm<br \/>\nD\u00e9p\u00f4t : 35 ml (Syst\u00e8me de connexion facile)<br \/>\nChambres\/Galeries : 1,2 cm de hauteur<br \/>\nCouleur blanche.<br \/>\nCouvercle : inclus Couleur rouge<br \/>\nDouble porte : Une porte tournante int\u00e9rieure et une porte Antderground standard.<\/p>\n","protected":false},"featured_media":30636,"template":"","meta":[],"product_brand":[],"product_cat":[114,431,122],"product_tag":[],"class_list":{"0":"post-20629","1":"product","2":"type-product","3":"status-publish","4":"has-post-thumbnail","6":"product_cat-fourmilieres","7":"product_cat-fourmilieres-3d","8":"product_cat-nid-cloitre","10":"first","11":"instock","12":"sale","13":"shipping-taxable","14":"purchasable","15":"product-type-simple"},"yoast_head":"<!-- This site is optimized with the Yoast SEO plugin v27.3 - https:\/\/yoast.com\/product\/yoast-seo-wordpress\/ -->\n<title>Fourmili\u00e8re 3D (7x4,5) pour (fourmis reines) avec bonnet rouge - ANTDERGROUND<\/title>\n<meta name=\"description\" content=\"D\u00e9couvrez cette fantastique fourmili\u00e8re 3d d&#039;Antderground, une fourmili\u00e8re 3D au format 7x4,5 avec un d\u00e9p\u00f4t avec connexions et portes ;-)\" \/>\n<meta name=\"robots\" content=\"index, follow, max-snippet:-1, max-image-preview:large, max-video-preview:-1\" \/>\n<link rel=\"canonical\" href=\"https:\/\/antderground.com\/fr\/produit\/fourmiliere-3d-4-8x7cm\/\" \/>\n<meta property=\"og:locale\" content=\"fr_FR\" \/>\n<meta property=\"og:type\" content=\"article\" \/>\n<meta property=\"og:title\" content=\"Fourmili\u00e8re 3D (7x4,5) pour (fourmis reines) avec bonnet rouge - ANTDERGROUND\" \/>\n<meta property=\"og:description\" content=\"D\u00e9couvrez cette fantastique fourmili\u00e8re 3d d&#039;Antderground, une fourmili\u00e8re 3D au format 7x4,5 avec un d\u00e9p\u00f4t avec connexions et portes ;-)\" \/>\n<meta property=\"og:url\" content=\"https:\/\/antderground.com\/fr\/produit\/fourmiliere-3d-4-8x7cm\/\" \/>\n<meta property=\"og:site_name\" content=\"ANTDERGROUND\" \/>\n<meta property=\"article:modified_time\" content=\"2023-11-06T20:34:06+00:00\" \/>\n<meta property=\"og:image\" content=\"https:\/\/antderground.com\/wp-content\/uploads\/2022\/08\/hormiguero-3d-reinero.jpg\" \/>\n\t<meta property=\"og:image:width\" content=\"1417\" \/>\n\t<meta property=\"og:image:height\" content=\"1417\" \/>\n\t<meta property=\"og:image:type\" content=\"image\/jpeg\" \/>\n<meta name=\"twitter:card\" content=\"summary_large_image\" \/>\n<meta name=\"twitter:label1\" content=\"Dur\u00e9e de lecture estim\u00e9e\" \/>\n\t<meta name=\"twitter:data1\" content=\"2 minutes\" \/>\n<script type=\"application\/ld+json\" class=\"yoast-schema-graph\">{\"@context\":\"https:\\\/\\\/schema.org\",\"@graph\":[{\"@type\":\"WebPage\",\"@id\":\"https:\\\/\\\/antderground.com\\\/fr\\\/produit\\\/fourmiliere-3d-4-8x7cm\\\/\",\"url\":\"https:\\\/\\\/antderground.com\\\/fr\\\/produit\\\/fourmiliere-3d-4-8x7cm\\\/\",\"name\":\"Fourmili\u00e8re 3D (7x4,5) pour (fourmis reines) avec bonnet rouge - ANTDERGROUND\",\"isPartOf\":{\"@id\":\"https:\\\/\\\/antderground.com\\\/fr\\\/#website\"},\"primaryImageOfPage\":{\"@id\":\"https:\\\/\\\/antderground.com\\\/fr\\\/produit\\\/fourmiliere-3d-4-8x7cm\\\/#primaryimage\"},\"image\":{\"@id\":\"https:\\\/\\\/antderground.com\\\/fr\\\/produit\\\/fourmiliere-3d-4-8x7cm\\\/#primaryimage\"},\"thumbnailUrl\":\"https:\\\/\\\/antderground.com\\\/wp-content\\\/uploads\\\/2022\\\/08\\\/hormiguero-3d-reinero.jpg\",\"datePublished\":\"2022-08-13T11:13:57+00:00\",\"dateModified\":\"2023-11-06T20:34:06+00:00\",\"description\":\"D\u00e9couvrez cette fantastique fourmili\u00e8re 3d d'Antderground, une fourmili\u00e8re 3D au format 7x4,5 avec un d\u00e9p\u00f4t avec connexions et portes ;-)\",\"breadcrumb\":{\"@id\":\"https:\\\/\\\/antderground.com\\\/fr\\\/produit\\\/fourmiliere-3d-4-8x7cm\\\/#breadcrumb\"},\"inLanguage\":\"fr-FR\",\"potentialAction\":[{\"@type\":\"ReadAction\",\"target\":[\"https:\\\/\\\/antderground.com\\\/fr\\\/produit\\\/fourmiliere-3d-4-8x7cm\\\/\"]}]},{\"@type\":\"ImageObject\",\"inLanguage\":\"fr-FR\",\"@id\":\"https:\\\/\\\/antderground.com\\\/fr\\\/produit\\\/fourmiliere-3d-4-8x7cm\\\/#primaryimage\",\"url\":\"https:\\\/\\\/antderground.com\\\/wp-content\\\/uploads\\\/2022\\\/08\\\/hormiguero-3d-reinero.jpg\",\"contentUrl\":\"https:\\\/\\\/antderground.com\\\/wp-content\\\/uploads\\\/2022\\\/08\\\/hormiguero-3d-reinero.jpg\",\"width\":1417,\"height\":1417,\"caption\":\"Fourmili\u00e8re 3D, un nid id\u00e9al pour les reines des fourmis\"},{\"@type\":\"BreadcrumbList\",\"@id\":\"https:\\\/\\\/antderground.com\\\/fr\\\/produit\\\/fourmiliere-3d-4-8x7cm\\\/#breadcrumb\",\"itemListElement\":[{\"@type\":\"ListItem\",\"position\":1,\"name\":\"Portada\",\"item\":\"https:\\\/\\\/antderground.com\\\/fr\\\/\"},{\"@type\":\"ListItem\",\"position\":2,\"name\":\"Boutique\",\"item\":\"https:\\\/\\\/antderground.com\\\/fr\\\/boutique\\\/\"},{\"@type\":\"ListItem\",\"position\":3,\"name\":\"Fourmili\u00e8re 3D (7&#215;4,5) pour (fourmis reines)\"}]},{\"@type\":\"WebSite\",\"@id\":\"https:\\\/\\\/antderground.com\\\/fr\\\/#website\",\"url\":\"https:\\\/\\\/antderground.com\\\/fr\\\/\",\"name\":\"ANTDERGROUND\",\"description\":\"Tu tienda de hormigas, gran variedad de hormigueros acr\u00edlicos,madera,arena,3D y mas.. Pide tus hormigas gratis con tu pedido, somos expertos en hormigueros antifugas.\",\"publisher\":{\"@id\":\"https:\\\/\\\/antderground.com\\\/fr\\\/#\\\/schema\\\/person\\\/0e322c505e84fe72c65e2f6d08f96b81\"},\"alternateName\":\"Antderground\",\"potentialAction\":[{\"@type\":\"SearchAction\",\"target\":{\"@type\":\"EntryPoint\",\"urlTemplate\":\"https:\\\/\\\/antderground.com\\\/fr\\\/?s={search_term_string}\"},\"query-input\":{\"@type\":\"PropertyValueSpecification\",\"valueRequired\":true,\"valueName\":\"search_term_string\"}}],\"inLanguage\":\"fr-FR\"},{\"@type\":[\"Person\",\"Organization\"],\"@id\":\"https:\\\/\\\/antderground.com\\\/fr\\\/#\\\/schema\\\/person\\\/0e322c505e84fe72c65e2f6d08f96b81\",\"name\":\"Eric de Antderground\",\"image\":{\"@type\":\"ImageObject\",\"inLanguage\":\"fr-FR\",\"@id\":\"https:\\\/\\\/secure.gravatar.com\\\/avatar\\\/c49a1b9f79216d1498cb73c1e85cd47f4465dda35f2a94c03790d491bd4423c3?s=96&d=mm&r=g\",\"url\":\"https:\\\/\\\/secure.gravatar.com\\\/avatar\\\/c49a1b9f79216d1498cb73c1e85cd47f4465dda35f2a94c03790d491bd4423c3?s=96&d=mm&r=g\",\"contentUrl\":\"https:\\\/\\\/secure.gravatar.com\\\/avatar\\\/c49a1b9f79216d1498cb73c1e85cd47f4465dda35f2a94c03790d491bd4423c3?s=96&d=mm&r=g\",\"caption\":\"Eric de Antderground\"},\"logo\":{\"@id\":\"https:\\\/\\\/secure.gravatar.com\\\/avatar\\\/c49a1b9f79216d1498cb73c1e85cd47f4465dda35f2a94c03790d491bd4423c3?s=96&d=mm&r=g\"},\"description\":\"Eric es el especialista y fundador de Antderground, con una amplia trayectoria en artr\u00f3podos y enfocado en la mirmecolog\u00eda y el dise\u00f1o de hormigueros artificiales. Su enfoque combina la innovaci\u00f3n t\u00e9cnica con el respeto por la biolog\u00eda de las hormigas, is\u00f3podos y otros, desarrollando sistemas de nidos modulares 3D y acr\u00edlicos que son referentes para aficionados y profesionales en toda Europa. Su objetivo es facilitar la cr\u00eda de hormigas y otros artr\u00f3podos mediante soluciones seguras y divulgaci\u00f3n de calidad.\",\"sameAs\":[\"https:\\\/\\\/antderground.com\\\/\",\"https:\\\/\\\/www.youtube.com\\\/channel\\\/UCio72z7TlbufkAthAJIJfPw\"]}]}<\/script>\n<!-- \/ Yoast SEO plugin. -->","yoast_head_json":{"title":"Fourmili\u00e8re 3D (7x4,5) pour (fourmis reines) avec bonnet rouge - ANTDERGROUND","description":"D\u00e9couvrez cette fantastique fourmili\u00e8re 3d d'Antderground, une fourmili\u00e8re 3D au format 7x4,5 avec un d\u00e9p\u00f4t avec connexions et portes ;-)","robots":{"index":"index","follow":"follow","max-snippet":"max-snippet:-1","max-image-preview":"max-image-preview:large","max-video-preview":"max-video-preview:-1"},"canonical":"https:\/\/antderground.com\/fr\/produit\/fourmiliere-3d-4-8x7cm\/","og_locale":"fr_FR","og_type":"article","og_title":"Fourmili\u00e8re 3D (7x4,5) pour (fourmis reines) avec bonnet rouge - ANTDERGROUND","og_description":"D\u00e9couvrez cette fantastique fourmili\u00e8re 3d d'Antderground, une fourmili\u00e8re 3D au format 7x4,5 avec un d\u00e9p\u00f4t avec connexions et portes ;-)","og_url":"https:\/\/antderground.com\/fr\/produit\/fourmiliere-3d-4-8x7cm\/","og_site_name":"ANTDERGROUND","article_modified_time":"2023-11-06T20:34:06+00:00","og_image":[{"width":1417,"height":1417,"url":"https:\/\/antderground.com\/wp-content\/uploads\/2022\/08\/hormiguero-3d-reinero.jpg","type":"image\/jpeg"}],"twitter_card":"summary_large_image","twitter_misc":{"Dur\u00e9e de lecture estim\u00e9e":"2 minutes"},"schema":{"@context":"https:\/\/schema.org","@graph":[{"@type":"WebPage","@id":"https:\/\/antderground.com\/fr\/produit\/fourmiliere-3d-4-8x7cm\/","url":"https:\/\/antderground.com\/fr\/produit\/fourmiliere-3d-4-8x7cm\/","name":"Fourmili\u00e8re 3D (7x4,5) pour (fourmis reines) avec bonnet rouge - ANTDERGROUND","isPartOf":{"@id":"https:\/\/antderground.com\/fr\/#website"},"primaryImageOfPage":{"@id":"https:\/\/antderground.com\/fr\/produit\/fourmiliere-3d-4-8x7cm\/#primaryimage"},"image":{"@id":"https:\/\/antderground.com\/fr\/produit\/fourmiliere-3d-4-8x7cm\/#primaryimage"},"thumbnailUrl":"https:\/\/antderground.com\/wp-content\/uploads\/2022\/08\/hormiguero-3d-reinero.jpg","datePublished":"2022-08-13T11:13:57+00:00","dateModified":"2023-11-06T20:34:06+00:00","description":"D\u00e9couvrez cette fantastique fourmili\u00e8re 3d d'Antderground, une fourmili\u00e8re 3D au format 7x4,5 avec un d\u00e9p\u00f4t avec connexions et portes ;-)","breadcrumb":{"@id":"https:\/\/antderground.com\/fr\/produit\/fourmiliere-3d-4-8x7cm\/#breadcrumb"},"inLanguage":"fr-FR","potentialAction":[{"@type":"ReadAction","target":["https:\/\/antderground.com\/fr\/produit\/fourmiliere-3d-4-8x7cm\/"]}]},{"@type":"ImageObject","inLanguage":"fr-FR","@id":"https:\/\/antderground.com\/fr\/produit\/fourmiliere-3d-4-8x7cm\/#primaryimage","url":"https:\/\/antderground.com\/wp-content\/uploads\/2022\/08\/hormiguero-3d-reinero.jpg","contentUrl":"https:\/\/antderground.com\/wp-content\/uploads\/2022\/08\/hormiguero-3d-reinero.jpg","width":1417,"height":1417,"caption":"Fourmili\u00e8re 3D, un nid id\u00e9al pour les reines des fourmis"},{"@type":"BreadcrumbList","@id":"https:\/\/antderground.com\/fr\/produit\/fourmiliere-3d-4-8x7cm\/#breadcrumb","itemListElement":[{"@type":"ListItem","position":1,"name":"Portada","item":"https:\/\/antderground.com\/fr\/"},{"@type":"ListItem","position":2,"name":"Boutique","item":"https:\/\/antderground.com\/fr\/boutique\/"},{"@type":"ListItem","position":3,"name":"Fourmili\u00e8re 3D (7&#215;4,5) pour (fourmis reines)"}]},{"@type":"WebSite","@id":"https:\/\/antderground.com\/fr\/#website","url":"https:\/\/antderground.com\/fr\/","name":"ANTDERGROUND","description":"Tu tienda de hormigas, gran variedad de hormigueros acr\u00edlicos,madera,arena,3D y mas.. Pide tus hormigas gratis con tu pedido, somos expertos en hormigueros antifugas.","publisher":{"@id":"https:\/\/antderground.com\/fr\/#\/schema\/person\/0e322c505e84fe72c65e2f6d08f96b81"},"alternateName":"Antderground","potentialAction":[{"@type":"SearchAction","target":{"@type":"EntryPoint","urlTemplate":"https:\/\/antderground.com\/fr\/?s={search_term_string}"},"query-input":{"@type":"PropertyValueSpecification","valueRequired":true,"valueName":"search_term_string"}}],"inLanguage":"fr-FR"},{"@type":["Person","Organization"],"@id":"https:\/\/antderground.com\/fr\/#\/schema\/person\/0e322c505e84fe72c65e2f6d08f96b81","name":"Eric de Antderground","image":{"@type":"ImageObject","inLanguage":"fr-FR","@id":"https:\/\/secure.gravatar.com\/avatar\/c49a1b9f79216d1498cb73c1e85cd47f4465dda35f2a94c03790d491bd4423c3?s=96&d=mm&r=g","url":"https:\/\/secure.gravatar.com\/avatar\/c49a1b9f79216d1498cb73c1e85cd47f4465dda35f2a94c03790d491bd4423c3?s=96&d=mm&r=g","contentUrl":"https:\/\/secure.gravatar.com\/avatar\/c49a1b9f79216d1498cb73c1e85cd47f4465dda35f2a94c03790d491bd4423c3?s=96&d=mm&r=g","caption":"Eric de Antderground"},"logo":{"@id":"https:\/\/secure.gravatar.com\/avatar\/c49a1b9f79216d1498cb73c1e85cd47f4465dda35f2a94c03790d491bd4423c3?s=96&d=mm&r=g"},"description":"Eric es el especialista y fundador de Antderground, con una amplia trayectoria en artr\u00f3podos y enfocado en la mirmecolog\u00eda y el dise\u00f1o de hormigueros artificiales. Su enfoque combina la innovaci\u00f3n t\u00e9cnica con el respeto por la biolog\u00eda de las hormigas, is\u00f3podos y otros, desarrollando sistemas de nidos modulares 3D y acr\u00edlicos que son referentes para aficionados y profesionales en toda Europa. Su objetivo es facilitar la cr\u00eda de hormigas y otros artr\u00f3podos mediante soluciones seguras y divulgaci\u00f3n de calidad.","sameAs":["https:\/\/antderground.com\/","https:\/\/www.youtube.com\/channel\/UCio72z7TlbufkAthAJIJfPw"]}]}},"_links":{"self":[{"href":"https:\/\/antderground.com\/fr\/wp-json\/wp\/v2\/product\/20629","targetHints":{"allow":["GET"]}}],"collection":[{"href":"https:\/\/antderground.com\/fr\/wp-json\/wp\/v2\/product"}],"about":[{"href":"https:\/\/antderground.com\/fr\/wp-json\/wp\/v2\/types\/product"}],"version-history":[{"count":0,"href":"https:\/\/antderground.com\/fr\/wp-json\/wp\/v2\/product\/20629\/revisions"}],"wp:featuredmedia":[{"embeddable":true,"href":"https:\/\/antderground.com\/fr\/wp-json\/wp\/v2\/media\/30636"}],"wp:attachment":[{"href":"https:\/\/antderground.com\/fr\/wp-json\/wp\/v2\/media?parent=20629"}],"wp:term":[{"taxonomy":"product_brand","embeddable":true,"href":"https:\/\/antderground.com\/fr\/wp-json\/wp\/v2\/product_brand?post=20629"},{"taxonomy":"product_cat","embeddable":true,"href":"https:\/\/antderground.com\/fr\/wp-json\/wp\/v2\/product_cat?post=20629"},{"taxonomy":"product_tag","embeddable":true,"href":"https:\/\/antderground.com\/fr\/wp-json\/wp\/v2\/product_tag?post=20629"}],"curies":[{"name":"wp","href":"https:\/\/api.w.org\/{rel}","templated":true}]}}