{"id":20966,"date":"2022-10-05T22:47:30","date_gmt":"2022-10-05T20:47:30","guid":{"rendered":"https:\/\/www.antderground.com\/producto\/antdertube-tube-fourmiliere-10x2-5\/"},"modified":"2024-12-02T10:34:20","modified_gmt":"2024-12-02T09:34:20","slug":"antdertube-tube-fourmiliere-10x2-5","status":"publish","type":"product","link":"https:\/\/antderground.com\/fr\/produit\/antdertube-tube-fourmiliere-10x2-5\/","title":{"rendered":"AntderTube (Tube fourmili\u00e8re) 10&#215;2.5"},"content":{"rendered":"<p>D\u00e9couvrez notre nouvelle fourmili\u00e8re fusionn\u00e9e avec un tube (AntderTube), avec un r\u00e9servoir sup\u00e9rieur vertical, un design pens\u00e9 pour le confort des fourmis et la facilit\u00e9 de tous les utilisateurs.<\/p>\n<p>Comme illustr\u00e9 en haut, la fourmili\u00e8re version tube 3d se compose d&#8217;un format de 10 cm de long sur 2,5 cm de large avec un int\u00e9rieur \u00e0 diff\u00e9rents niveaux pour offrir plus de r\u00e9alisme. Comprend un couvercle rouge emp\u00eachant la lumi\u00e8re d&#8217;interf\u00e9rer avec le d\u00e9veloppement de la colonie de fourmis. (Exemple\u00a0: causer du stress)<\/p>\n<p>Dans la partie avant, il a une bouchon id\u00e9ale pour faciliter l&#8217;alimentation de notre reine fourmi ou des fourmis en g\u00e9n\u00e9ral pendant leur s\u00e9jour.<\/p>\n<h2>Fusionner un tube et une fourmili\u00e8re ?<\/h2>\n<p>Facile! En fusionnant ces deux concepts, nous pouvons offrir plus de s\u00e9curit\u00e9 et de confort aux diff\u00e9rentes esp\u00e8ces de fourmis, \u00e9galement pour la commodit\u00e9 de l&#8217;utilisateur puisque cette fusion \u00e9vite d&#8217;avoir \u00e0 d\u00e9placer les fourmis d&#8217;un endroit \u00e0 un autre et il est plus facile de nourrir les fourmis.<\/p>\n<h3>Avec r\u00e9servoir vertical !!<\/h3>\n<p>Avec notre syst\u00e8me de d\u00e9p\u00f4t vertical, vous garantissez que nos fourmis peuvent profiter de chaque derni\u00e8re goutte.<\/p>\n<p>Il existe des versions horizontales mais le principal inconv\u00e9nient des r\u00e9servoirs horizontaux est qu&#8217;il arrive un moment o\u00f9 le liquide n&#8217;est plus utilis\u00e9.<\/p>\n<h4>Pourquoi une bouchon \u00e0 l&#8217;avant ?<\/h4>\n<p>La mati\u00e8re du capuchon permet d&#8217;administrer Antnectar sans avoir \u00e0 le retirer (\u00e0 l&#8217;aide d&#8217;une seringue avec une aiguille).<\/p>\n","protected":false},"excerpt":{"rendered":"<p>Bye Bye tubes avec du coton !! La version AntderTube cr\u00e9\u00e9e par Antderground est la fusion parfaite entre une fourmili\u00e8re 3d et un tube, id\u00e9al pour garder nos fourmis bien soign\u00e9es.<\/p>\n<p><strong>Caract\u00e9ristiques de la fourmili\u00e8re tube :<\/strong><br \/>\nTaille : 10 cm x 2,5 cm<br \/>\nR\u00e9servoir : 10 ml (nouveau syst\u00e8me de connexion facile).<br \/>\nChambres\/galerie : Diff\u00e9rentes hauteurs.<br \/>\nCouleur: Blanche<br \/>\nCouvercle : inclus Couleur rouge.<br \/>\nBouchon : Oui<\/p>\n<p>D\u00e9couvrez plus de fonctionnalit\u00e9s ci-dessous.<\/p>\n","protected":false},"featured_media":37488,"template":"","meta":[],"product_brand":[],"product_cat":[124,114,431],"product_tag":[],"class_list":{"0":"post-20966","1":"product","2":"type-product","3":"status-publish","4":"has-post-thumbnail","6":"product_cat-tubes","7":"product_cat-fourmilieres","8":"product_cat-fourmilieres-3d","10":"first","11":"instock","12":"shipping-taxable","13":"purchasable","14":"product-type-simple"},"yoast_head":"<!-- This site is optimized with the Yoast SEO plugin v27.4 - https:\/\/yoast.com\/product\/yoast-seo-wordpress\/ -->\n<title>AntderTube (Tube fourmili\u00e8re) 10x2.5 - ANTDERGROUND<\/title>\n<meta name=\"description\" content=\"La version AntderTube est la fusion parfaite entre une fourmili\u00e8re 3d et un tube, id\u00e9al pour garder nos fourmis bien soign\u00e9es.\" \/>\n<meta name=\"robots\" content=\"index, follow, max-snippet:-1, max-image-preview:large, max-video-preview:-1\" \/>\n<link rel=\"canonical\" href=\"https:\/\/antderground.com\/fr\/produit\/antdertube-tube-fourmiliere-10x2-5\/\" \/>\n<meta property=\"og:locale\" content=\"fr_FR\" \/>\n<meta property=\"og:type\" content=\"article\" \/>\n<meta property=\"og:title\" content=\"AntderTube (Tube fourmili\u00e8re) 10x2.5 - ANTDERGROUND\" \/>\n<meta property=\"og:description\" content=\"La version AntderTube est la fusion parfaite entre une fourmili\u00e8re 3d et un tube, id\u00e9al pour garder nos fourmis bien soign\u00e9es.\" \/>\n<meta property=\"og:url\" content=\"https:\/\/antderground.com\/fr\/produit\/antdertube-tube-fourmiliere-10x2-5\/\" \/>\n<meta property=\"og:site_name\" content=\"ANTDERGROUND\" \/>\n<meta property=\"article:modified_time\" content=\"2024-12-02T09:34:20+00:00\" \/>\n<meta property=\"og:image\" content=\"https:\/\/antderground.com\/wp-content\/uploads\/2022\/10\/WhatsApp-Image-2022-10-05-at-14.45.46-min.jpeg\" \/>\n\t<meta property=\"og:image:width\" content=\"1600\" \/>\n\t<meta property=\"og:image:height\" content=\"1600\" \/>\n\t<meta property=\"og:image:type\" content=\"image\/jpeg\" \/>\n<meta name=\"twitter:card\" content=\"summary_large_image\" \/>\n<meta name=\"twitter:label1\" content=\"Dur\u00e9e de lecture estim\u00e9e\" \/>\n\t<meta name=\"twitter:data1\" content=\"2 minutes\" \/>\n<script type=\"application\/ld+json\" class=\"yoast-schema-graph\">{\"@context\":\"https:\\\/\\\/schema.org\",\"@graph\":[{\"@type\":\"WebPage\",\"@id\":\"https:\\\/\\\/antderground.com\\\/fr\\\/produit\\\/antdertube-tube-fourmiliere-10x2-5\\\/\",\"url\":\"https:\\\/\\\/antderground.com\\\/fr\\\/produit\\\/antdertube-tube-fourmiliere-10x2-5\\\/\",\"name\":\"AntderTube (Tube fourmili\u00e8re) 10x2.5 - ANTDERGROUND\",\"isPartOf\":{\"@id\":\"https:\\\/\\\/antderground.com\\\/fr\\\/#website\"},\"primaryImageOfPage\":{\"@id\":\"https:\\\/\\\/antderground.com\\\/fr\\\/produit\\\/antdertube-tube-fourmiliere-10x2-5\\\/#primaryimage\"},\"image\":{\"@id\":\"https:\\\/\\\/antderground.com\\\/fr\\\/produit\\\/antdertube-tube-fourmiliere-10x2-5\\\/#primaryimage\"},\"thumbnailUrl\":\"https:\\\/\\\/antderground.com\\\/wp-content\\\/uploads\\\/2022\\\/10\\\/AntderTube-principal-bo.png\",\"datePublished\":\"2022-10-05T20:47:30+00:00\",\"dateModified\":\"2024-12-02T09:34:20+00:00\",\"description\":\"La version AntderTube est la fusion parfaite entre une fourmili\u00e8re 3d et un tube, id\u00e9al pour garder nos fourmis bien soign\u00e9es.\",\"breadcrumb\":{\"@id\":\"https:\\\/\\\/antderground.com\\\/fr\\\/produit\\\/antdertube-tube-fourmiliere-10x2-5\\\/#breadcrumb\"},\"inLanguage\":\"fr-FR\",\"potentialAction\":[{\"@type\":\"ReadAction\",\"target\":[\"https:\\\/\\\/antderground.com\\\/fr\\\/produit\\\/antdertube-tube-fourmiliere-10x2-5\\\/\"]}]},{\"@type\":\"ImageObject\",\"inLanguage\":\"fr-FR\",\"@id\":\"https:\\\/\\\/antderground.com\\\/fr\\\/produit\\\/antdertube-tube-fourmiliere-10x2-5\\\/#primaryimage\",\"url\":\"https:\\\/\\\/antderground.com\\\/wp-content\\\/uploads\\\/2022\\\/10\\\/AntderTube-principal-bo.png\",\"contentUrl\":\"https:\\\/\\\/antderground.com\\\/wp-content\\\/uploads\\\/2022\\\/10\\\/AntderTube-principal-bo.png\",\"width\":1280,\"height\":1280,\"caption\":\"antdertube hormiguero\"},{\"@type\":\"BreadcrumbList\",\"@id\":\"https:\\\/\\\/antderground.com\\\/fr\\\/produit\\\/antdertube-tube-fourmiliere-10x2-5\\\/#breadcrumb\",\"itemListElement\":[{\"@type\":\"ListItem\",\"position\":1,\"name\":\"Portada\",\"item\":\"https:\\\/\\\/antderground.com\\\/fr\\\/\"},{\"@type\":\"ListItem\",\"position\":2,\"name\":\"Boutique\",\"item\":\"https:\\\/\\\/antderground.com\\\/fr\\\/boutique\\\/\"},{\"@type\":\"ListItem\",\"position\":3,\"name\":\"AntderTube (Tube fourmili\u00e8re) 10&#215;2.5\"}]},{\"@type\":\"WebSite\",\"@id\":\"https:\\\/\\\/antderground.com\\\/fr\\\/#website\",\"url\":\"https:\\\/\\\/antderground.com\\\/fr\\\/\",\"name\":\"ANTDERGROUND\",\"description\":\"Tu tienda de hormigas, gran variedad de hormigueros acr\u00edlicos,madera,arena,3D y mas.. Pide tus hormigas gratis con tu pedido, somos expertos en hormigueros antifugas.\",\"publisher\":{\"@id\":\"https:\\\/\\\/antderground.com\\\/fr\\\/#\\\/schema\\\/person\\\/0e322c505e84fe72c65e2f6d08f96b81\"},\"alternateName\":\"Antderground\",\"potentialAction\":[{\"@type\":\"SearchAction\",\"target\":{\"@type\":\"EntryPoint\",\"urlTemplate\":\"https:\\\/\\\/antderground.com\\\/fr\\\/?s={search_term_string}\"},\"query-input\":{\"@type\":\"PropertyValueSpecification\",\"valueRequired\":true,\"valueName\":\"search_term_string\"}}],\"inLanguage\":\"fr-FR\"},{\"@type\":[\"Person\",\"Organization\"],\"@id\":\"https:\\\/\\\/antderground.com\\\/fr\\\/#\\\/schema\\\/person\\\/0e322c505e84fe72c65e2f6d08f96b81\",\"name\":\"Eric de Antderground\",\"image\":{\"@type\":\"ImageObject\",\"inLanguage\":\"fr-FR\",\"@id\":\"https:\\\/\\\/secure.gravatar.com\\\/avatar\\\/c49a1b9f79216d1498cb73c1e85cd47f4465dda35f2a94c03790d491bd4423c3?s=96&d=mm&r=g\",\"url\":\"https:\\\/\\\/secure.gravatar.com\\\/avatar\\\/c49a1b9f79216d1498cb73c1e85cd47f4465dda35f2a94c03790d491bd4423c3?s=96&d=mm&r=g\",\"contentUrl\":\"https:\\\/\\\/secure.gravatar.com\\\/avatar\\\/c49a1b9f79216d1498cb73c1e85cd47f4465dda35f2a94c03790d491bd4423c3?s=96&d=mm&r=g\",\"caption\":\"Eric de Antderground\"},\"logo\":{\"@id\":\"https:\\\/\\\/secure.gravatar.com\\\/avatar\\\/c49a1b9f79216d1498cb73c1e85cd47f4465dda35f2a94c03790d491bd4423c3?s=96&d=mm&r=g\"},\"description\":\"Eric es el especialista y fundador de Antderground, con una amplia trayectoria en artr\u00f3podos y enfocado en la mirmecolog\u00eda y el dise\u00f1o de hormigueros artificiales. Su enfoque combina la innovaci\u00f3n t\u00e9cnica con el respeto por la biolog\u00eda de las hormigas, is\u00f3podos y otros, desarrollando sistemas de nidos modulares 3D y acr\u00edlicos que son referentes para aficionados y profesionales en toda Europa. Su objetivo es facilitar la cr\u00eda de hormigas y otros artr\u00f3podos mediante soluciones seguras y divulgaci\u00f3n de calidad.\",\"sameAs\":[\"https:\\\/\\\/antderground.com\\\/\",\"https:\\\/\\\/www.youtube.com\\\/channel\\\/UCio72z7TlbufkAthAJIJfPw\"]}]}<\/script>\n<!-- \/ Yoast SEO plugin. -->","yoast_head_json":{"title":"AntderTube (Tube fourmili\u00e8re) 10x2.5 - ANTDERGROUND","description":"La version AntderTube est la fusion parfaite entre une fourmili\u00e8re 3d et un tube, id\u00e9al pour garder nos fourmis bien soign\u00e9es.","robots":{"index":"index","follow":"follow","max-snippet":"max-snippet:-1","max-image-preview":"max-image-preview:large","max-video-preview":"max-video-preview:-1"},"canonical":"https:\/\/antderground.com\/fr\/produit\/antdertube-tube-fourmiliere-10x2-5\/","og_locale":"fr_FR","og_type":"article","og_title":"AntderTube (Tube fourmili\u00e8re) 10x2.5 - ANTDERGROUND","og_description":"La version AntderTube est la fusion parfaite entre une fourmili\u00e8re 3d et un tube, id\u00e9al pour garder nos fourmis bien soign\u00e9es.","og_url":"https:\/\/antderground.com\/fr\/produit\/antdertube-tube-fourmiliere-10x2-5\/","og_site_name":"ANTDERGROUND","article_modified_time":"2024-12-02T09:34:20+00:00","og_image":[{"width":1600,"height":1600,"url":"https:\/\/antderground.com\/wp-content\/uploads\/2022\/10\/WhatsApp-Image-2022-10-05-at-14.45.46-min.jpeg","type":"image\/jpeg"}],"twitter_card":"summary_large_image","twitter_misc":{"Dur\u00e9e de lecture estim\u00e9e":"2 minutes"},"schema":{"@context":"https:\/\/schema.org","@graph":[{"@type":"WebPage","@id":"https:\/\/antderground.com\/fr\/produit\/antdertube-tube-fourmiliere-10x2-5\/","url":"https:\/\/antderground.com\/fr\/produit\/antdertube-tube-fourmiliere-10x2-5\/","name":"AntderTube (Tube fourmili\u00e8re) 10x2.5 - ANTDERGROUND","isPartOf":{"@id":"https:\/\/antderground.com\/fr\/#website"},"primaryImageOfPage":{"@id":"https:\/\/antderground.com\/fr\/produit\/antdertube-tube-fourmiliere-10x2-5\/#primaryimage"},"image":{"@id":"https:\/\/antderground.com\/fr\/produit\/antdertube-tube-fourmiliere-10x2-5\/#primaryimage"},"thumbnailUrl":"https:\/\/antderground.com\/wp-content\/uploads\/2022\/10\/AntderTube-principal-bo.png","datePublished":"2022-10-05T20:47:30+00:00","dateModified":"2024-12-02T09:34:20+00:00","description":"La version AntderTube est la fusion parfaite entre une fourmili\u00e8re 3d et un tube, id\u00e9al pour garder nos fourmis bien soign\u00e9es.","breadcrumb":{"@id":"https:\/\/antderground.com\/fr\/produit\/antdertube-tube-fourmiliere-10x2-5\/#breadcrumb"},"inLanguage":"fr-FR","potentialAction":[{"@type":"ReadAction","target":["https:\/\/antderground.com\/fr\/produit\/antdertube-tube-fourmiliere-10x2-5\/"]}]},{"@type":"ImageObject","inLanguage":"fr-FR","@id":"https:\/\/antderground.com\/fr\/produit\/antdertube-tube-fourmiliere-10x2-5\/#primaryimage","url":"https:\/\/antderground.com\/wp-content\/uploads\/2022\/10\/AntderTube-principal-bo.png","contentUrl":"https:\/\/antderground.com\/wp-content\/uploads\/2022\/10\/AntderTube-principal-bo.png","width":1280,"height":1280,"caption":"antdertube hormiguero"},{"@type":"BreadcrumbList","@id":"https:\/\/antderground.com\/fr\/produit\/antdertube-tube-fourmiliere-10x2-5\/#breadcrumb","itemListElement":[{"@type":"ListItem","position":1,"name":"Portada","item":"https:\/\/antderground.com\/fr\/"},{"@type":"ListItem","position":2,"name":"Boutique","item":"https:\/\/antderground.com\/fr\/boutique\/"},{"@type":"ListItem","position":3,"name":"AntderTube (Tube fourmili\u00e8re) 10&#215;2.5"}]},{"@type":"WebSite","@id":"https:\/\/antderground.com\/fr\/#website","url":"https:\/\/antderground.com\/fr\/","name":"ANTDERGROUND","description":"Tu tienda de hormigas, gran variedad de hormigueros acr\u00edlicos,madera,arena,3D y mas.. Pide tus hormigas gratis con tu pedido, somos expertos en hormigueros antifugas.","publisher":{"@id":"https:\/\/antderground.com\/fr\/#\/schema\/person\/0e322c505e84fe72c65e2f6d08f96b81"},"alternateName":"Antderground","potentialAction":[{"@type":"SearchAction","target":{"@type":"EntryPoint","urlTemplate":"https:\/\/antderground.com\/fr\/?s={search_term_string}"},"query-input":{"@type":"PropertyValueSpecification","valueRequired":true,"valueName":"search_term_string"}}],"inLanguage":"fr-FR"},{"@type":["Person","Organization"],"@id":"https:\/\/antderground.com\/fr\/#\/schema\/person\/0e322c505e84fe72c65e2f6d08f96b81","name":"Eric de Antderground","image":{"@type":"ImageObject","inLanguage":"fr-FR","@id":"https:\/\/secure.gravatar.com\/avatar\/c49a1b9f79216d1498cb73c1e85cd47f4465dda35f2a94c03790d491bd4423c3?s=96&d=mm&r=g","url":"https:\/\/secure.gravatar.com\/avatar\/c49a1b9f79216d1498cb73c1e85cd47f4465dda35f2a94c03790d491bd4423c3?s=96&d=mm&r=g","contentUrl":"https:\/\/secure.gravatar.com\/avatar\/c49a1b9f79216d1498cb73c1e85cd47f4465dda35f2a94c03790d491bd4423c3?s=96&d=mm&r=g","caption":"Eric de Antderground"},"logo":{"@id":"https:\/\/secure.gravatar.com\/avatar\/c49a1b9f79216d1498cb73c1e85cd47f4465dda35f2a94c03790d491bd4423c3?s=96&d=mm&r=g"},"description":"Eric es el especialista y fundador de Antderground, con una amplia trayectoria en artr\u00f3podos y enfocado en la mirmecolog\u00eda y el dise\u00f1o de hormigueros artificiales. Su enfoque combina la innovaci\u00f3n t\u00e9cnica con el respeto por la biolog\u00eda de las hormigas, is\u00f3podos y otros, desarrollando sistemas de nidos modulares 3D y acr\u00edlicos que son referentes para aficionados y profesionales en toda Europa. Su objetivo es facilitar la cr\u00eda de hormigas y otros artr\u00f3podos mediante soluciones seguras y divulgaci\u00f3n de calidad.","sameAs":["https:\/\/antderground.com\/","https:\/\/www.youtube.com\/channel\/UCio72z7TlbufkAthAJIJfPw"]}]}},"_links":{"self":[{"href":"https:\/\/antderground.com\/fr\/wp-json\/wp\/v2\/product\/20966","targetHints":{"allow":["GET"]}}],"collection":[{"href":"https:\/\/antderground.com\/fr\/wp-json\/wp\/v2\/product"}],"about":[{"href":"https:\/\/antderground.com\/fr\/wp-json\/wp\/v2\/types\/product"}],"version-history":[{"count":0,"href":"https:\/\/antderground.com\/fr\/wp-json\/wp\/v2\/product\/20966\/revisions"}],"wp:featuredmedia":[{"embeddable":true,"href":"https:\/\/antderground.com\/fr\/wp-json\/wp\/v2\/media\/37488"}],"wp:attachment":[{"href":"https:\/\/antderground.com\/fr\/wp-json\/wp\/v2\/media?parent=20966"}],"wp:term":[{"taxonomy":"product_brand","embeddable":true,"href":"https:\/\/antderground.com\/fr\/wp-json\/wp\/v2\/product_brand?post=20966"},{"taxonomy":"product_cat","embeddable":true,"href":"https:\/\/antderground.com\/fr\/wp-json\/wp\/v2\/product_cat?post=20966"},{"taxonomy":"product_tag","embeddable":true,"href":"https:\/\/antderground.com\/fr\/wp-json\/wp\/v2\/product_tag?post=20966"}],"curies":[{"name":"wp","href":"https:\/\/api.w.org\/{rel}","templated":true}]}}