{"id":21200,"date":"2022-11-16T18:32:20","date_gmt":"2022-11-16T17:32:20","guid":{"rendered":"https:\/\/www.antderground.com\/producto\/fourmiliere-3d-avec-zone-de-nourriture\/"},"modified":"2023-11-30T23:00:10","modified_gmt":"2023-11-30T22:00:10","slug":"fourmiliere-3d-avec-zone-de-nourriture","status":"publish","type":"product","link":"https:\/\/antderground.com\/fr\/produit\/fourmiliere-3d-avec-zone-de-nourriture\/","title":{"rendered":"Fourmili\u00e8re 3D 10&#215;15 zone d&#8217;alimentation"},"content":{"rendered":"<p>D\u00e9couvrez cette nouvelle <em>fourmili\u00e8re 3D<\/em> de 10 cm x 15 cm avec une zone de chasse et un r\u00e9servoir d&#8217;eau.<\/p>\n<p>Un <strong><em>nid de fourmis 3D<\/em><\/strong> avec diff\u00e9rentes hauteurs id\u00e9al pour toutes les esp\u00e8ces de fourmis.<\/p>\n<p>Cette <a href=\"https:\/\/antderground.com\/fr\/categorie-produit\/fourmilieres\/fourmilieres-3d\/\">ferme de fourmis 3d<\/a> est disponible en 3 couleurs diff\u00e9rentes. (Jaune, Rose, Blanc).<\/p>\n<p>Le blanc est la version la plus utilis\u00e9e car les fourmis peuvent \u00eatre mieux visualis\u00e9es. Les autres couleurs de notre magasin sont \u00e9galement con\u00e7ues pour pouvoir visualiser correctement les fourmis.<\/p>\n<p>Si vous vous demandez!<\/p>\n<h2>Est-ce id\u00e9al pour une colonie de fourmis exotiques ?<\/h2>\n<p>Notre r\u00e9ponse est OUI.<\/p>\n<p>Ce sont des <strong>fourmili\u00e8res artificielles<\/strong> cr\u00e9\u00e9es en 3D et con\u00e7ues pour toutes les esp\u00e8ces de fourmis.<\/p>\n","protected":false},"excerpt":{"rendered":"<p><strong style=\"color: #008000;\">* Le d\u00e9lai de livraison est d\u2019environ 3 jours.<\/strong><br \/>\nD\u00e9couvrez cette fourmili\u00e8re 3D avec butinage (Caisse de nourriture) et d\u00e9p\u00f4t liquide. une fourmili\u00e8re compl\u00e8te et r\u00e9aliste avec des formes naturelles et avec diff\u00e9rentes hauteurs\/niveaux. Test\u00e9 avec diff\u00e9rentes esp\u00e8ces de fourmis pour trouver la version la plus parfaite.<\/p>\n<p><b>Caract\u00e9ristiques de la fourmili\u00e8re 3D:<\/b><br \/>\nTaille fourmili\u00e8re : 10 cm x 15 cm<br \/>\nTaille caisse de nourriture : 9 cm x 5 cm<br \/>\nR\u00e9servoir: 25 ml (Syst\u00e8me Antclick)<br \/>\nChambres\/Galerie : Diff\u00e9rentes hauteurs<br \/>\nCouleur: Blanc ou Jaune ou Rose<br \/>\nCouvercle : inclus Couleur rouge.<br \/>\nPortes int\u00e9rieures\u00a0: 3<\/p>\n","protected":false},"featured_media":45219,"template":"","meta":[],"product_brand":[],"product_cat":[114,431],"product_tag":[],"class_list":{"0":"post-21200","1":"product","2":"type-product","3":"status-publish","4":"has-post-thumbnail","6":"product_cat-fourmilieres","7":"product_cat-fourmilieres-3d","9":"first","10":"instock","11":"shipping-taxable","12":"purchasable","13":"product-type-simple"},"yoast_head":"<!-- This site is optimized with the Yoast SEO plugin v27.3 - https:\/\/yoast.com\/product\/yoast-seo-wordpress\/ -->\n<title>Fourmili\u00e8re 3D 10x15 zone d&#039;alimentation - ANTDERGROUND<\/title>\n<meta name=\"description\" content=\"Nouvelle fourmili\u00e8re 3D avec zone d&#039;alimentation (aire de chasse) et r\u00e9servoir d&#039;eau, un nid de fourmis 3D compl\u00e8te et r\u00e9aliste pour vos reines fourmis.\" \/>\n<meta name=\"robots\" content=\"index, follow, max-snippet:-1, max-image-preview:large, max-video-preview:-1\" \/>\n<link rel=\"canonical\" href=\"https:\/\/antderground.com\/fr\/produit\/fourmiliere-3d-avec-zone-de-nourriture\/\" \/>\n<meta property=\"og:locale\" content=\"fr_FR\" \/>\n<meta property=\"og:type\" content=\"article\" \/>\n<meta property=\"og:title\" content=\"Fourmili\u00e8re 3D 10x15 zone d&#039;alimentation - ANTDERGROUND\" \/>\n<meta property=\"og:description\" content=\"Nouvelle fourmili\u00e8re 3D avec zone d&#039;alimentation (aire de chasse) et r\u00e9servoir d&#039;eau, un nid de fourmis 3D compl\u00e8te et r\u00e9aliste pour vos reines fourmis.\" \/>\n<meta property=\"og:url\" content=\"https:\/\/antderground.com\/fr\/produit\/fourmiliere-3d-avec-zone-de-nourriture\/\" \/>\n<meta property=\"og:site_name\" content=\"ANTDERGROUND\" \/>\n<meta property=\"article:modified_time\" content=\"2023-11-30T22:00:10+00:00\" \/>\n<meta property=\"og:image\" content=\"https:\/\/antderground.com\/wp-content\/uploads\/2022\/11\/principal.jpg\" \/>\n\t<meta property=\"og:image:width\" content=\"753\" \/>\n\t<meta property=\"og:image:height\" content=\"771\" \/>\n\t<meta property=\"og:image:type\" content=\"image\/jpeg\" \/>\n<meta name=\"twitter:card\" content=\"summary_large_image\" \/>\n<meta name=\"twitter:label1\" content=\"Dur\u00e9e de lecture estim\u00e9e\" \/>\n\t<meta name=\"twitter:data1\" content=\"1 minute\" \/>\n<script type=\"application\/ld+json\" class=\"yoast-schema-graph\">{\"@context\":\"https:\\\/\\\/schema.org\",\"@graph\":[{\"@type\":\"WebPage\",\"@id\":\"https:\\\/\\\/antderground.com\\\/fr\\\/produit\\\/fourmiliere-3d-avec-zone-de-nourriture\\\/\",\"url\":\"https:\\\/\\\/antderground.com\\\/fr\\\/produit\\\/fourmiliere-3d-avec-zone-de-nourriture\\\/\",\"name\":\"Fourmili\u00e8re 3D 10x15 zone d'alimentation - ANTDERGROUND\",\"isPartOf\":{\"@id\":\"https:\\\/\\\/antderground.com\\\/fr\\\/#website\"},\"primaryImageOfPage\":{\"@id\":\"https:\\\/\\\/antderground.com\\\/fr\\\/produit\\\/fourmiliere-3d-avec-zone-de-nourriture\\\/#primaryimage\"},\"image\":{\"@id\":\"https:\\\/\\\/antderground.com\\\/fr\\\/produit\\\/fourmiliere-3d-avec-zone-de-nourriture\\\/#primaryimage\"},\"thumbnailUrl\":\"https:\\\/\\\/antderground.com\\\/wp-content\\\/uploads\\\/2022\\\/11\\\/Adobe-Express-file.jpg\",\"datePublished\":\"2022-11-16T17:32:20+00:00\",\"dateModified\":\"2023-11-30T22:00:10+00:00\",\"description\":\"Nouvelle fourmili\u00e8re 3D avec zone d'alimentation (aire de chasse) et r\u00e9servoir d'eau, un nid de fourmis 3D compl\u00e8te et r\u00e9aliste pour vos reines fourmis.\",\"breadcrumb\":{\"@id\":\"https:\\\/\\\/antderground.com\\\/fr\\\/produit\\\/fourmiliere-3d-avec-zone-de-nourriture\\\/#breadcrumb\"},\"inLanguage\":\"fr-FR\",\"potentialAction\":[{\"@type\":\"ReadAction\",\"target\":[\"https:\\\/\\\/antderground.com\\\/fr\\\/produit\\\/fourmiliere-3d-avec-zone-de-nourriture\\\/\"]}]},{\"@type\":\"ImageObject\",\"inLanguage\":\"fr-FR\",\"@id\":\"https:\\\/\\\/antderground.com\\\/fr\\\/produit\\\/fourmiliere-3d-avec-zone-de-nourriture\\\/#primaryimage\",\"url\":\"https:\\\/\\\/antderground.com\\\/wp-content\\\/uploads\\\/2022\\\/11\\\/Adobe-Express-file.jpg\",\"contentUrl\":\"https:\\\/\\\/antderground.com\\\/wp-content\\\/uploads\\\/2022\\\/11\\\/Adobe-Express-file.jpg\",\"width\":932,\"height\":932,\"caption\":\"hormiguero 3d compacto todo en uno\"},{\"@type\":\"BreadcrumbList\",\"@id\":\"https:\\\/\\\/antderground.com\\\/fr\\\/produit\\\/fourmiliere-3d-avec-zone-de-nourriture\\\/#breadcrumb\",\"itemListElement\":[{\"@type\":\"ListItem\",\"position\":1,\"name\":\"Portada\",\"item\":\"https:\\\/\\\/antderground.com\\\/fr\\\/\"},{\"@type\":\"ListItem\",\"position\":2,\"name\":\"Boutique\",\"item\":\"https:\\\/\\\/antderground.com\\\/fr\\\/boutique\\\/\"},{\"@type\":\"ListItem\",\"position\":3,\"name\":\"Fourmili\u00e8re 3D 10&#215;15 zone d&#8217;alimentation\"}]},{\"@type\":\"WebSite\",\"@id\":\"https:\\\/\\\/antderground.com\\\/fr\\\/#website\",\"url\":\"https:\\\/\\\/antderground.com\\\/fr\\\/\",\"name\":\"ANTDERGROUND\",\"description\":\"Tu tienda de hormigas, gran variedad de hormigueros acr\u00edlicos,madera,arena,3D y mas.. Pide tus hormigas gratis con tu pedido, somos expertos en hormigueros antifugas.\",\"publisher\":{\"@id\":\"https:\\\/\\\/antderground.com\\\/fr\\\/#\\\/schema\\\/person\\\/0e322c505e84fe72c65e2f6d08f96b81\"},\"alternateName\":\"Antderground\",\"potentialAction\":[{\"@type\":\"SearchAction\",\"target\":{\"@type\":\"EntryPoint\",\"urlTemplate\":\"https:\\\/\\\/antderground.com\\\/fr\\\/?s={search_term_string}\"},\"query-input\":{\"@type\":\"PropertyValueSpecification\",\"valueRequired\":true,\"valueName\":\"search_term_string\"}}],\"inLanguage\":\"fr-FR\"},{\"@type\":[\"Person\",\"Organization\"],\"@id\":\"https:\\\/\\\/antderground.com\\\/fr\\\/#\\\/schema\\\/person\\\/0e322c505e84fe72c65e2f6d08f96b81\",\"name\":\"Eric de Antderground\",\"image\":{\"@type\":\"ImageObject\",\"inLanguage\":\"fr-FR\",\"@id\":\"https:\\\/\\\/secure.gravatar.com\\\/avatar\\\/c49a1b9f79216d1498cb73c1e85cd47f4465dda35f2a94c03790d491bd4423c3?s=96&d=mm&r=g\",\"url\":\"https:\\\/\\\/secure.gravatar.com\\\/avatar\\\/c49a1b9f79216d1498cb73c1e85cd47f4465dda35f2a94c03790d491bd4423c3?s=96&d=mm&r=g\",\"contentUrl\":\"https:\\\/\\\/secure.gravatar.com\\\/avatar\\\/c49a1b9f79216d1498cb73c1e85cd47f4465dda35f2a94c03790d491bd4423c3?s=96&d=mm&r=g\",\"caption\":\"Eric de Antderground\"},\"logo\":{\"@id\":\"https:\\\/\\\/secure.gravatar.com\\\/avatar\\\/c49a1b9f79216d1498cb73c1e85cd47f4465dda35f2a94c03790d491bd4423c3?s=96&d=mm&r=g\"},\"description\":\"Eric es el especialista y fundador de Antderground, con una amplia trayectoria en artr\u00f3podos y enfocado en la mirmecolog\u00eda y el dise\u00f1o de hormigueros artificiales. Su enfoque combina la innovaci\u00f3n t\u00e9cnica con el respeto por la biolog\u00eda de las hormigas, is\u00f3podos y otros, desarrollando sistemas de nidos modulares 3D y acr\u00edlicos que son referentes para aficionados y profesionales en toda Europa. Su objetivo es facilitar la cr\u00eda de hormigas y otros artr\u00f3podos mediante soluciones seguras y divulgaci\u00f3n de calidad.\",\"sameAs\":[\"https:\\\/\\\/antderground.com\\\/\",\"https:\\\/\\\/www.youtube.com\\\/channel\\\/UCio72z7TlbufkAthAJIJfPw\"]}]}<\/script>\n<!-- \/ Yoast SEO plugin. -->","yoast_head_json":{"title":"Fourmili\u00e8re 3D 10x15 zone d'alimentation - ANTDERGROUND","description":"Nouvelle fourmili\u00e8re 3D avec zone d'alimentation (aire de chasse) et r\u00e9servoir d'eau, un nid de fourmis 3D compl\u00e8te et r\u00e9aliste pour vos reines fourmis.","robots":{"index":"index","follow":"follow","max-snippet":"max-snippet:-1","max-image-preview":"max-image-preview:large","max-video-preview":"max-video-preview:-1"},"canonical":"https:\/\/antderground.com\/fr\/produit\/fourmiliere-3d-avec-zone-de-nourriture\/","og_locale":"fr_FR","og_type":"article","og_title":"Fourmili\u00e8re 3D 10x15 zone d'alimentation - ANTDERGROUND","og_description":"Nouvelle fourmili\u00e8re 3D avec zone d'alimentation (aire de chasse) et r\u00e9servoir d'eau, un nid de fourmis 3D compl\u00e8te et r\u00e9aliste pour vos reines fourmis.","og_url":"https:\/\/antderground.com\/fr\/produit\/fourmiliere-3d-avec-zone-de-nourriture\/","og_site_name":"ANTDERGROUND","article_modified_time":"2023-11-30T22:00:10+00:00","og_image":[{"width":753,"height":771,"url":"https:\/\/antderground.com\/wp-content\/uploads\/2022\/11\/principal.jpg","type":"image\/jpeg"}],"twitter_card":"summary_large_image","twitter_misc":{"Dur\u00e9e de lecture estim\u00e9e":"1 minute"},"schema":{"@context":"https:\/\/schema.org","@graph":[{"@type":"WebPage","@id":"https:\/\/antderground.com\/fr\/produit\/fourmiliere-3d-avec-zone-de-nourriture\/","url":"https:\/\/antderground.com\/fr\/produit\/fourmiliere-3d-avec-zone-de-nourriture\/","name":"Fourmili\u00e8re 3D 10x15 zone d'alimentation - ANTDERGROUND","isPartOf":{"@id":"https:\/\/antderground.com\/fr\/#website"},"primaryImageOfPage":{"@id":"https:\/\/antderground.com\/fr\/produit\/fourmiliere-3d-avec-zone-de-nourriture\/#primaryimage"},"image":{"@id":"https:\/\/antderground.com\/fr\/produit\/fourmiliere-3d-avec-zone-de-nourriture\/#primaryimage"},"thumbnailUrl":"https:\/\/antderground.com\/wp-content\/uploads\/2022\/11\/Adobe-Express-file.jpg","datePublished":"2022-11-16T17:32:20+00:00","dateModified":"2023-11-30T22:00:10+00:00","description":"Nouvelle fourmili\u00e8re 3D avec zone d'alimentation (aire de chasse) et r\u00e9servoir d'eau, un nid de fourmis 3D compl\u00e8te et r\u00e9aliste pour vos reines fourmis.","breadcrumb":{"@id":"https:\/\/antderground.com\/fr\/produit\/fourmiliere-3d-avec-zone-de-nourriture\/#breadcrumb"},"inLanguage":"fr-FR","potentialAction":[{"@type":"ReadAction","target":["https:\/\/antderground.com\/fr\/produit\/fourmiliere-3d-avec-zone-de-nourriture\/"]}]},{"@type":"ImageObject","inLanguage":"fr-FR","@id":"https:\/\/antderground.com\/fr\/produit\/fourmiliere-3d-avec-zone-de-nourriture\/#primaryimage","url":"https:\/\/antderground.com\/wp-content\/uploads\/2022\/11\/Adobe-Express-file.jpg","contentUrl":"https:\/\/antderground.com\/wp-content\/uploads\/2022\/11\/Adobe-Express-file.jpg","width":932,"height":932,"caption":"hormiguero 3d compacto todo en uno"},{"@type":"BreadcrumbList","@id":"https:\/\/antderground.com\/fr\/produit\/fourmiliere-3d-avec-zone-de-nourriture\/#breadcrumb","itemListElement":[{"@type":"ListItem","position":1,"name":"Portada","item":"https:\/\/antderground.com\/fr\/"},{"@type":"ListItem","position":2,"name":"Boutique","item":"https:\/\/antderground.com\/fr\/boutique\/"},{"@type":"ListItem","position":3,"name":"Fourmili\u00e8re 3D 10&#215;15 zone d&#8217;alimentation"}]},{"@type":"WebSite","@id":"https:\/\/antderground.com\/fr\/#website","url":"https:\/\/antderground.com\/fr\/","name":"ANTDERGROUND","description":"Tu tienda de hormigas, gran variedad de hormigueros acr\u00edlicos,madera,arena,3D y mas.. Pide tus hormigas gratis con tu pedido, somos expertos en hormigueros antifugas.","publisher":{"@id":"https:\/\/antderground.com\/fr\/#\/schema\/person\/0e322c505e84fe72c65e2f6d08f96b81"},"alternateName":"Antderground","potentialAction":[{"@type":"SearchAction","target":{"@type":"EntryPoint","urlTemplate":"https:\/\/antderground.com\/fr\/?s={search_term_string}"},"query-input":{"@type":"PropertyValueSpecification","valueRequired":true,"valueName":"search_term_string"}}],"inLanguage":"fr-FR"},{"@type":["Person","Organization"],"@id":"https:\/\/antderground.com\/fr\/#\/schema\/person\/0e322c505e84fe72c65e2f6d08f96b81","name":"Eric de Antderground","image":{"@type":"ImageObject","inLanguage":"fr-FR","@id":"https:\/\/secure.gravatar.com\/avatar\/c49a1b9f79216d1498cb73c1e85cd47f4465dda35f2a94c03790d491bd4423c3?s=96&d=mm&r=g","url":"https:\/\/secure.gravatar.com\/avatar\/c49a1b9f79216d1498cb73c1e85cd47f4465dda35f2a94c03790d491bd4423c3?s=96&d=mm&r=g","contentUrl":"https:\/\/secure.gravatar.com\/avatar\/c49a1b9f79216d1498cb73c1e85cd47f4465dda35f2a94c03790d491bd4423c3?s=96&d=mm&r=g","caption":"Eric de Antderground"},"logo":{"@id":"https:\/\/secure.gravatar.com\/avatar\/c49a1b9f79216d1498cb73c1e85cd47f4465dda35f2a94c03790d491bd4423c3?s=96&d=mm&r=g"},"description":"Eric es el especialista y fundador de Antderground, con una amplia trayectoria en artr\u00f3podos y enfocado en la mirmecolog\u00eda y el dise\u00f1o de hormigueros artificiales. Su enfoque combina la innovaci\u00f3n t\u00e9cnica con el respeto por la biolog\u00eda de las hormigas, is\u00f3podos y otros, desarrollando sistemas de nidos modulares 3D y acr\u00edlicos que son referentes para aficionados y profesionales en toda Europa. Su objetivo es facilitar la cr\u00eda de hormigas y otros artr\u00f3podos mediante soluciones seguras y divulgaci\u00f3n de calidad.","sameAs":["https:\/\/antderground.com\/","https:\/\/www.youtube.com\/channel\/UCio72z7TlbufkAthAJIJfPw"]}]}},"_links":{"self":[{"href":"https:\/\/antderground.com\/fr\/wp-json\/wp\/v2\/product\/21200","targetHints":{"allow":["GET"]}}],"collection":[{"href":"https:\/\/antderground.com\/fr\/wp-json\/wp\/v2\/product"}],"about":[{"href":"https:\/\/antderground.com\/fr\/wp-json\/wp\/v2\/types\/product"}],"version-history":[{"count":0,"href":"https:\/\/antderground.com\/fr\/wp-json\/wp\/v2\/product\/21200\/revisions"}],"wp:featuredmedia":[{"embeddable":true,"href":"https:\/\/antderground.com\/fr\/wp-json\/wp\/v2\/media\/45219"}],"wp:attachment":[{"href":"https:\/\/antderground.com\/fr\/wp-json\/wp\/v2\/media?parent=21200"}],"wp:term":[{"taxonomy":"product_brand","embeddable":true,"href":"https:\/\/antderground.com\/fr\/wp-json\/wp\/v2\/product_brand?post=21200"},{"taxonomy":"product_cat","embeddable":true,"href":"https:\/\/antderground.com\/fr\/wp-json\/wp\/v2\/product_cat?post=21200"},{"taxonomy":"product_tag","embeddable":true,"href":"https:\/\/antderground.com\/fr\/wp-json\/wp\/v2\/product_tag?post=21200"}],"curies":[{"name":"wp","href":"https:\/\/api.w.org\/{rel}","templated":true}]}}