{"id":21872,"date":"2023-01-09T21:59:50","date_gmt":"2023-01-09T20:59:50","guid":{"rendered":"https:\/\/www.antderground.com\/producto\/fourmiliere-3d-avec-chambres-en-platre-7x4-5\/"},"modified":"2023-07-07T12:19:56","modified_gmt":"2023-07-07T10:19:56","slug":"fourmiliere-3d-avec-chambres-en-platre-7x4-5","status":"publish","type":"product","link":"https:\/\/antderground.com\/fr\/produit\/fourmiliere-3d-avec-chambres-en-platre-7x4-5\/","title":{"rendered":"Fourmili\u00e8re 3D avec chambres en pl\u00e2tre (7&#215;4,5)"},"content":{"rendered":"<p>Mini <a href=\"https:\/\/antderground.com\/fr\/categorie-produit\/fourmilieres\/fourmilieres-3d\/\">fourmili\u00e8re en 3D<\/a> id\u00e9ale pour les reines fourmis avec chambre en pl\u00e2tre + r\u00e9servoir d&#8217;eau sup\u00e9rieur.<\/p>\n<h2>Est-ce pour d\u00e9marrer une colonie de fourmis ?<\/h2>\n<p>Oui, cette mini fourmili\u00e8re est destin\u00e9e \u00e0 la reine et \u00e0 ses premi\u00e8res fourmis, elle est id\u00e9ale pour partir de z\u00e9ro.<\/p>\n<h3>Un nid en 3D pour les reines ?<\/h3>\n<p>Oui, il s&#8217;agit d&#8217;une <strong>fourmili\u00e8re 3D<\/strong> et comme mentionn\u00e9 ci-dessus, elle est con\u00e7ue pour les reines.<\/p>\n<h4>Convient-il aux fourmis exotiques ?<\/h4>\n<p>Oui, ce nid est con\u00e7u pour toutes les fourmis dans leurs premiers stades de croissance.<\/p>\n","protected":false},"excerpt":{"rendered":"<p>Fourmili\u00e8re 3D avec chambres \u00e0 pl\u00e2tre + d\u00e9p\u00f4t sup\u00e9rieur. Une fourmili\u00e8re (id\u00e9ale pour d\u00e9marrer des colonies de fourmis ou pour nos reines). Une fourmili\u00e8re id\u00e9ale pour les fourmis exigeantes avec un taux d&#8217;humidit\u00e9 \u00e9lev\u00e9.<\/p>\n<p>Caract\u00e9ristiques de la fourmili\u00e8re\u00a0:<br \/>\nTaille : 7 cm x 4,5 cm.<br \/>\nChambres\/Galerie\u00a0: PL\u00c2TRE<br \/>\nD\u00e9p\u00f4t : 35 ml (nouveau syst\u00e8me de connexion facile).<br \/>\nCouleur blanche.<br \/>\nCouvercle\u00a0: couleur rouge incluse<br \/>\nPorte tournante<\/p>\n","protected":false},"featured_media":21776,"template":"","meta":[],"product_brand":[],"product_cat":[114,431,463,122],"product_tag":[],"class_list":{"0":"post-21872","1":"product","2":"type-product","3":"status-publish","4":"has-post-thumbnail","6":"product_cat-fourmilieres","7":"product_cat-fourmilieres-3d","8":"product_cat-fourmilieres-en-platre","9":"product_cat-nid-cloitre","11":"first","12":"instock","13":"sale","14":"shipping-taxable","15":"purchasable","16":"product-type-simple"},"yoast_head":"<!-- This site is optimized with the Yoast SEO plugin v27.4 - https:\/\/yoast.com\/product\/yoast-seo-wordpress\/ -->\n<title>Fourmili\u00e8re 3D avec chambres en pl\u00e2tre (7x4,5) ANTDERGROUND<\/title>\n<meta name=\"description\" content=\"D\u00e9couvrez cette fourmili\u00e8re 3D avec chambres en pl\u00e2tre id\u00e9ales pour certaines esp\u00e8ces de fourmis, une nid de fourmis 3d s\u00fbre et professionnelle.\" \/>\n<meta name=\"robots\" content=\"index, follow, max-snippet:-1, max-image-preview:large, max-video-preview:-1\" \/>\n<link rel=\"canonical\" href=\"https:\/\/antderground.com\/fr\/produit\/fourmiliere-3d-avec-chambres-en-platre-7x4-5\/\" \/>\n<meta property=\"og:locale\" content=\"fr_FR\" \/>\n<meta property=\"og:type\" content=\"article\" \/>\n<meta property=\"og:title\" content=\"Fourmili\u00e8re 3D avec chambres en pl\u00e2tre (7x4,5) ANTDERGROUND\" \/>\n<meta property=\"og:description\" content=\"D\u00e9couvrez cette fourmili\u00e8re 3D avec chambres en pl\u00e2tre id\u00e9ales pour certaines esp\u00e8ces de fourmis, une nid de fourmis 3d s\u00fbre et professionnelle.\" \/>\n<meta property=\"og:url\" content=\"https:\/\/antderground.com\/fr\/produit\/fourmiliere-3d-avec-chambres-en-platre-7x4-5\/\" \/>\n<meta property=\"og:site_name\" content=\"ANTDERGROUND\" \/>\n<meta property=\"article:modified_time\" content=\"2023-07-07T10:19:56+00:00\" \/>\n<meta property=\"og:image\" content=\"https:\/\/antderground.com\/wp-content\/uploads\/2023\/01\/WhatsApp-Image-2023-01-09-at-20.02.27-1.jpeg\" \/>\n\t<meta property=\"og:image:width\" content=\"1078\" \/>\n\t<meta property=\"og:image:height\" content=\"1078\" \/>\n\t<meta property=\"og:image:type\" content=\"image\/jpeg\" \/>\n<meta name=\"twitter:card\" content=\"summary_large_image\" \/>\n<meta name=\"twitter:label1\" content=\"Dur\u00e9e de lecture estim\u00e9e\" \/>\n\t<meta name=\"twitter:data1\" content=\"1 minute\" \/>\n<script type=\"application\/ld+json\" class=\"yoast-schema-graph\">{\"@context\":\"https:\\\/\\\/schema.org\",\"@graph\":[{\"@type\":\"WebPage\",\"@id\":\"https:\\\/\\\/antderground.com\\\/fr\\\/produit\\\/fourmiliere-3d-avec-chambres-en-platre-7x4-5\\\/\",\"url\":\"https:\\\/\\\/antderground.com\\\/fr\\\/produit\\\/fourmiliere-3d-avec-chambres-en-platre-7x4-5\\\/\",\"name\":\"Fourmili\u00e8re 3D avec chambres en pl\u00e2tre (7x4,5) ANTDERGROUND\",\"isPartOf\":{\"@id\":\"https:\\\/\\\/antderground.com\\\/fr\\\/#website\"},\"primaryImageOfPage\":{\"@id\":\"https:\\\/\\\/antderground.com\\\/fr\\\/produit\\\/fourmiliere-3d-avec-chambres-en-platre-7x4-5\\\/#primaryimage\"},\"image\":{\"@id\":\"https:\\\/\\\/antderground.com\\\/fr\\\/produit\\\/fourmiliere-3d-avec-chambres-en-platre-7x4-5\\\/#primaryimage\"},\"thumbnailUrl\":\"https:\\\/\\\/antderground.com\\\/wp-content\\\/uploads\\\/2023\\\/01\\\/WhatsApp-Image-2023-01-09-at-20.02.27-1.jpeg\",\"datePublished\":\"2023-01-09T20:59:50+00:00\",\"dateModified\":\"2023-07-07T10:19:56+00:00\",\"description\":\"D\u00e9couvrez cette fourmili\u00e8re 3D avec chambres en pl\u00e2tre id\u00e9ales pour certaines esp\u00e8ces de fourmis, une nid de fourmis 3d s\u00fbre et professionnelle.\",\"breadcrumb\":{\"@id\":\"https:\\\/\\\/antderground.com\\\/fr\\\/produit\\\/fourmiliere-3d-avec-chambres-en-platre-7x4-5\\\/#breadcrumb\"},\"inLanguage\":\"fr-FR\",\"potentialAction\":[{\"@type\":\"ReadAction\",\"target\":[\"https:\\\/\\\/antderground.com\\\/fr\\\/produit\\\/fourmiliere-3d-avec-chambres-en-platre-7x4-5\\\/\"]}]},{\"@type\":\"ImageObject\",\"inLanguage\":\"fr-FR\",\"@id\":\"https:\\\/\\\/antderground.com\\\/fr\\\/produit\\\/fourmiliere-3d-avec-chambres-en-platre-7x4-5\\\/#primaryimage\",\"url\":\"https:\\\/\\\/antderground.com\\\/wp-content\\\/uploads\\\/2023\\\/01\\\/WhatsApp-Image-2023-01-09-at-20.02.27-1.jpeg\",\"contentUrl\":\"https:\\\/\\\/antderground.com\\\/wp-content\\\/uploads\\\/2023\\\/01\\\/WhatsApp-Image-2023-01-09-at-20.02.27-1.jpeg\",\"width\":1078,\"height\":1078},{\"@type\":\"BreadcrumbList\",\"@id\":\"https:\\\/\\\/antderground.com\\\/fr\\\/produit\\\/fourmiliere-3d-avec-chambres-en-platre-7x4-5\\\/#breadcrumb\",\"itemListElement\":[{\"@type\":\"ListItem\",\"position\":1,\"name\":\"Portada\",\"item\":\"https:\\\/\\\/antderground.com\\\/fr\\\/\"},{\"@type\":\"ListItem\",\"position\":2,\"name\":\"Boutique\",\"item\":\"https:\\\/\\\/antderground.com\\\/fr\\\/boutique\\\/\"},{\"@type\":\"ListItem\",\"position\":3,\"name\":\"Fourmili\u00e8re 3D avec chambres en pl\u00e2tre (7&#215;4,5)\"}]},{\"@type\":\"WebSite\",\"@id\":\"https:\\\/\\\/antderground.com\\\/fr\\\/#website\",\"url\":\"https:\\\/\\\/antderground.com\\\/fr\\\/\",\"name\":\"ANTDERGROUND\",\"description\":\"Tu tienda de hormigas, gran variedad de hormigueros acr\u00edlicos,madera,arena,3D y mas.. Pide tus hormigas gratis con tu pedido, somos expertos en hormigueros antifugas.\",\"publisher\":{\"@id\":\"https:\\\/\\\/antderground.com\\\/fr\\\/#\\\/schema\\\/person\\\/0e322c505e84fe72c65e2f6d08f96b81\"},\"alternateName\":\"Antderground\",\"potentialAction\":[{\"@type\":\"SearchAction\",\"target\":{\"@type\":\"EntryPoint\",\"urlTemplate\":\"https:\\\/\\\/antderground.com\\\/fr\\\/?s={search_term_string}\"},\"query-input\":{\"@type\":\"PropertyValueSpecification\",\"valueRequired\":true,\"valueName\":\"search_term_string\"}}],\"inLanguage\":\"fr-FR\"},{\"@type\":[\"Person\",\"Organization\"],\"@id\":\"https:\\\/\\\/antderground.com\\\/fr\\\/#\\\/schema\\\/person\\\/0e322c505e84fe72c65e2f6d08f96b81\",\"name\":\"Eric de Antderground\",\"image\":{\"@type\":\"ImageObject\",\"inLanguage\":\"fr-FR\",\"@id\":\"https:\\\/\\\/secure.gravatar.com\\\/avatar\\\/c49a1b9f79216d1498cb73c1e85cd47f4465dda35f2a94c03790d491bd4423c3?s=96&d=mm&r=g\",\"url\":\"https:\\\/\\\/secure.gravatar.com\\\/avatar\\\/c49a1b9f79216d1498cb73c1e85cd47f4465dda35f2a94c03790d491bd4423c3?s=96&d=mm&r=g\",\"contentUrl\":\"https:\\\/\\\/secure.gravatar.com\\\/avatar\\\/c49a1b9f79216d1498cb73c1e85cd47f4465dda35f2a94c03790d491bd4423c3?s=96&d=mm&r=g\",\"caption\":\"Eric de Antderground\"},\"logo\":{\"@id\":\"https:\\\/\\\/secure.gravatar.com\\\/avatar\\\/c49a1b9f79216d1498cb73c1e85cd47f4465dda35f2a94c03790d491bd4423c3?s=96&d=mm&r=g\"},\"description\":\"Eric es el especialista y fundador de Antderground, con una amplia trayectoria en artr\u00f3podos y enfocado en la mirmecolog\u00eda y el dise\u00f1o de hormigueros artificiales. Su enfoque combina la innovaci\u00f3n t\u00e9cnica con el respeto por la biolog\u00eda de las hormigas, is\u00f3podos y otros, desarrollando sistemas de nidos modulares 3D y acr\u00edlicos que son referentes para aficionados y profesionales en toda Europa. Su objetivo es facilitar la cr\u00eda de hormigas y otros artr\u00f3podos mediante soluciones seguras y divulgaci\u00f3n de calidad.\",\"sameAs\":[\"https:\\\/\\\/antderground.com\\\/\",\"https:\\\/\\\/www.youtube.com\\\/channel\\\/UCio72z7TlbufkAthAJIJfPw\"]}]}<\/script>\n<!-- \/ Yoast SEO plugin. -->","yoast_head_json":{"title":"Fourmili\u00e8re 3D avec chambres en pl\u00e2tre (7x4,5) ANTDERGROUND","description":"D\u00e9couvrez cette fourmili\u00e8re 3D avec chambres en pl\u00e2tre id\u00e9ales pour certaines esp\u00e8ces de fourmis, une nid de fourmis 3d s\u00fbre et professionnelle.","robots":{"index":"index","follow":"follow","max-snippet":"max-snippet:-1","max-image-preview":"max-image-preview:large","max-video-preview":"max-video-preview:-1"},"canonical":"https:\/\/antderground.com\/fr\/produit\/fourmiliere-3d-avec-chambres-en-platre-7x4-5\/","og_locale":"fr_FR","og_type":"article","og_title":"Fourmili\u00e8re 3D avec chambres en pl\u00e2tre (7x4,5) ANTDERGROUND","og_description":"D\u00e9couvrez cette fourmili\u00e8re 3D avec chambres en pl\u00e2tre id\u00e9ales pour certaines esp\u00e8ces de fourmis, une nid de fourmis 3d s\u00fbre et professionnelle.","og_url":"https:\/\/antderground.com\/fr\/produit\/fourmiliere-3d-avec-chambres-en-platre-7x4-5\/","og_site_name":"ANTDERGROUND","article_modified_time":"2023-07-07T10:19:56+00:00","og_image":[{"width":1078,"height":1078,"url":"https:\/\/antderground.com\/wp-content\/uploads\/2023\/01\/WhatsApp-Image-2023-01-09-at-20.02.27-1.jpeg","type":"image\/jpeg"}],"twitter_card":"summary_large_image","twitter_misc":{"Dur\u00e9e de lecture estim\u00e9e":"1 minute"},"schema":{"@context":"https:\/\/schema.org","@graph":[{"@type":"WebPage","@id":"https:\/\/antderground.com\/fr\/produit\/fourmiliere-3d-avec-chambres-en-platre-7x4-5\/","url":"https:\/\/antderground.com\/fr\/produit\/fourmiliere-3d-avec-chambres-en-platre-7x4-5\/","name":"Fourmili\u00e8re 3D avec chambres en pl\u00e2tre (7x4,5) ANTDERGROUND","isPartOf":{"@id":"https:\/\/antderground.com\/fr\/#website"},"primaryImageOfPage":{"@id":"https:\/\/antderground.com\/fr\/produit\/fourmiliere-3d-avec-chambres-en-platre-7x4-5\/#primaryimage"},"image":{"@id":"https:\/\/antderground.com\/fr\/produit\/fourmiliere-3d-avec-chambres-en-platre-7x4-5\/#primaryimage"},"thumbnailUrl":"https:\/\/antderground.com\/wp-content\/uploads\/2023\/01\/WhatsApp-Image-2023-01-09-at-20.02.27-1.jpeg","datePublished":"2023-01-09T20:59:50+00:00","dateModified":"2023-07-07T10:19:56+00:00","description":"D\u00e9couvrez cette fourmili\u00e8re 3D avec chambres en pl\u00e2tre id\u00e9ales pour certaines esp\u00e8ces de fourmis, une nid de fourmis 3d s\u00fbre et professionnelle.","breadcrumb":{"@id":"https:\/\/antderground.com\/fr\/produit\/fourmiliere-3d-avec-chambres-en-platre-7x4-5\/#breadcrumb"},"inLanguage":"fr-FR","potentialAction":[{"@type":"ReadAction","target":["https:\/\/antderground.com\/fr\/produit\/fourmiliere-3d-avec-chambres-en-platre-7x4-5\/"]}]},{"@type":"ImageObject","inLanguage":"fr-FR","@id":"https:\/\/antderground.com\/fr\/produit\/fourmiliere-3d-avec-chambres-en-platre-7x4-5\/#primaryimage","url":"https:\/\/antderground.com\/wp-content\/uploads\/2023\/01\/WhatsApp-Image-2023-01-09-at-20.02.27-1.jpeg","contentUrl":"https:\/\/antderground.com\/wp-content\/uploads\/2023\/01\/WhatsApp-Image-2023-01-09-at-20.02.27-1.jpeg","width":1078,"height":1078},{"@type":"BreadcrumbList","@id":"https:\/\/antderground.com\/fr\/produit\/fourmiliere-3d-avec-chambres-en-platre-7x4-5\/#breadcrumb","itemListElement":[{"@type":"ListItem","position":1,"name":"Portada","item":"https:\/\/antderground.com\/fr\/"},{"@type":"ListItem","position":2,"name":"Boutique","item":"https:\/\/antderground.com\/fr\/boutique\/"},{"@type":"ListItem","position":3,"name":"Fourmili\u00e8re 3D avec chambres en pl\u00e2tre (7&#215;4,5)"}]},{"@type":"WebSite","@id":"https:\/\/antderground.com\/fr\/#website","url":"https:\/\/antderground.com\/fr\/","name":"ANTDERGROUND","description":"Tu tienda de hormigas, gran variedad de hormigueros acr\u00edlicos,madera,arena,3D y mas.. Pide tus hormigas gratis con tu pedido, somos expertos en hormigueros antifugas.","publisher":{"@id":"https:\/\/antderground.com\/fr\/#\/schema\/person\/0e322c505e84fe72c65e2f6d08f96b81"},"alternateName":"Antderground","potentialAction":[{"@type":"SearchAction","target":{"@type":"EntryPoint","urlTemplate":"https:\/\/antderground.com\/fr\/?s={search_term_string}"},"query-input":{"@type":"PropertyValueSpecification","valueRequired":true,"valueName":"search_term_string"}}],"inLanguage":"fr-FR"},{"@type":["Person","Organization"],"@id":"https:\/\/antderground.com\/fr\/#\/schema\/person\/0e322c505e84fe72c65e2f6d08f96b81","name":"Eric de Antderground","image":{"@type":"ImageObject","inLanguage":"fr-FR","@id":"https:\/\/secure.gravatar.com\/avatar\/c49a1b9f79216d1498cb73c1e85cd47f4465dda35f2a94c03790d491bd4423c3?s=96&d=mm&r=g","url":"https:\/\/secure.gravatar.com\/avatar\/c49a1b9f79216d1498cb73c1e85cd47f4465dda35f2a94c03790d491bd4423c3?s=96&d=mm&r=g","contentUrl":"https:\/\/secure.gravatar.com\/avatar\/c49a1b9f79216d1498cb73c1e85cd47f4465dda35f2a94c03790d491bd4423c3?s=96&d=mm&r=g","caption":"Eric de Antderground"},"logo":{"@id":"https:\/\/secure.gravatar.com\/avatar\/c49a1b9f79216d1498cb73c1e85cd47f4465dda35f2a94c03790d491bd4423c3?s=96&d=mm&r=g"},"description":"Eric es el especialista y fundador de Antderground, con una amplia trayectoria en artr\u00f3podos y enfocado en la mirmecolog\u00eda y el dise\u00f1o de hormigueros artificiales. Su enfoque combina la innovaci\u00f3n t\u00e9cnica con el respeto por la biolog\u00eda de las hormigas, is\u00f3podos y otros, desarrollando sistemas de nidos modulares 3D y acr\u00edlicos que son referentes para aficionados y profesionales en toda Europa. Su objetivo es facilitar la cr\u00eda de hormigas y otros artr\u00f3podos mediante soluciones seguras y divulgaci\u00f3n de calidad.","sameAs":["https:\/\/antderground.com\/","https:\/\/www.youtube.com\/channel\/UCio72z7TlbufkAthAJIJfPw"]}]}},"_links":{"self":[{"href":"https:\/\/antderground.com\/fr\/wp-json\/wp\/v2\/product\/21872","targetHints":{"allow":["GET"]}}],"collection":[{"href":"https:\/\/antderground.com\/fr\/wp-json\/wp\/v2\/product"}],"about":[{"href":"https:\/\/antderground.com\/fr\/wp-json\/wp\/v2\/types\/product"}],"version-history":[{"count":0,"href":"https:\/\/antderground.com\/fr\/wp-json\/wp\/v2\/product\/21872\/revisions"}],"wp:featuredmedia":[{"embeddable":true,"href":"https:\/\/antderground.com\/fr\/wp-json\/wp\/v2\/media\/21776"}],"wp:attachment":[{"href":"https:\/\/antderground.com\/fr\/wp-json\/wp\/v2\/media?parent=21872"}],"wp:term":[{"taxonomy":"product_brand","embeddable":true,"href":"https:\/\/antderground.com\/fr\/wp-json\/wp\/v2\/product_brand?post=21872"},{"taxonomy":"product_cat","embeddable":true,"href":"https:\/\/antderground.com\/fr\/wp-json\/wp\/v2\/product_cat?post=21872"},{"taxonomy":"product_tag","embeddable":true,"href":"https:\/\/antderground.com\/fr\/wp-json\/wp\/v2\/product_tag?post=21872"}],"curies":[{"name":"wp","href":"https:\/\/api.w.org\/{rel}","templated":true}]}}