{"id":21988,"date":"2022-10-26T15:30:57","date_gmt":"2022-10-26T13:30:57","guid":{"rendered":"https:\/\/www.antderground.com\/producto\/100-microtubes-a-centrifuger\/"},"modified":"2024-03-04T18:50:50","modified_gmt":"2024-03-04T17:50:50","slug":"100-microtubes-a-centrifuger","status":"publish","type":"product","link":"https:\/\/antderground.com\/fr\/produit\/100-microtubes-a-centrifuger\/","title":{"rendered":"100 microtubes \u00e0 centrifuger"},"content":{"rendered":"","protected":false},"excerpt":{"rendered":"<p>Quantit\u00e9 : 100 tubes :<br \/>\nD\u00e9p\u00f4t : 1,5 ml<br \/>\nCouleur : Il peut varier entre blanc transparent, vert ou rose selon la disponibilit\u00e9 du fournisseur.<\/p>\n<p>C&#8217;est un tube parfait pour avoir des \u00e9chantillons, ces tubes sont connus sous le nom de tubes eppendorf.<br \/>\nTubes \u00e0 essai plus petits et plus r\u00e9sistants notamment pour la microcentrifugeuse, mais en r\u00e9alit\u00e9 il est utilis\u00e9 dans de nombreux domaines de recherche, l&#8217;un de ces domaines est la myrm\u00e9cologie.<\/p>\n","protected":false},"featured_media":21068,"template":"","meta":[],"product_brand":[],"product_cat":[107,124],"product_tag":[],"class_list":{"0":"post-21988","1":"product","2":"type-product","3":"status-publish","4":"has-post-thumbnail","6":"product_cat-accessoires","7":"product_cat-tubes","9":"first","10":"outofstock","11":"shipping-taxable","12":"purchasable","13":"product-type-simple"},"yoast_head":"<!-- This site is optimized with the Yoast SEO plugin v27.3 - https:\/\/yoast.com\/product\/yoast-seo-wordpress\/ -->\n<title>100 microtubes \u00e0 centrifuger - ANTDERGROUND<\/title>\n<meta name=\"description\" content=\"C&#039;est un tube parfait pour avoir des \u00e9chantillons, ces tubes sont connus sous le nom de tubes eppendorf. Id\u00e9al pour le monde des fourmis et de la myrm\u00e9cologie.\" \/>\n<meta name=\"robots\" content=\"index, follow, max-snippet:-1, max-image-preview:large, max-video-preview:-1\" \/>\n<link rel=\"canonical\" href=\"https:\/\/antderground.com\/fr\/produit\/100-microtubes-a-centrifuger\/\" \/>\n<meta property=\"og:locale\" content=\"fr_FR\" \/>\n<meta property=\"og:type\" content=\"article\" \/>\n<meta property=\"og:title\" content=\"100 microtubes \u00e0 centrifuger - ANTDERGROUND\" \/>\n<meta property=\"og:description\" content=\"C&#039;est un tube parfait pour avoir des \u00e9chantillons, ces tubes sont connus sous le nom de tubes eppendorf. Id\u00e9al pour le monde des fourmis et de la myrm\u00e9cologie.\" \/>\n<meta property=\"og:url\" content=\"https:\/\/antderground.com\/fr\/produit\/100-microtubes-a-centrifuger\/\" \/>\n<meta property=\"og:site_name\" content=\"ANTDERGROUND\" \/>\n<meta property=\"article:modified_time\" content=\"2024-03-04T17:50:50+00:00\" \/>\n<meta property=\"og:image\" content=\"https:\/\/antderground.com\/wp-content\/uploads\/2022\/10\/WhatsApp-Image-2022-10-24-at-21.35.21.jpeg\" \/>\n\t<meta property=\"og:image:width\" content=\"700\" \/>\n\t<meta property=\"og:image:height\" content=\"700\" \/>\n\t<meta property=\"og:image:type\" content=\"image\/jpeg\" \/>\n<meta name=\"twitter:card\" content=\"summary_large_image\" \/>\n<script type=\"application\/ld+json\" class=\"yoast-schema-graph\">{\"@context\":\"https:\\\/\\\/schema.org\",\"@graph\":[{\"@type\":\"WebPage\",\"@id\":\"https:\\\/\\\/antderground.com\\\/fr\\\/produit\\\/100-microtubes-a-centrifuger\\\/\",\"url\":\"https:\\\/\\\/antderground.com\\\/fr\\\/produit\\\/100-microtubes-a-centrifuger\\\/\",\"name\":\"100 microtubes \u00e0 centrifuger - ANTDERGROUND\",\"isPartOf\":{\"@id\":\"https:\\\/\\\/antderground.com\\\/fr\\\/#website\"},\"primaryImageOfPage\":{\"@id\":\"https:\\\/\\\/antderground.com\\\/fr\\\/produit\\\/100-microtubes-a-centrifuger\\\/#primaryimage\"},\"image\":{\"@id\":\"https:\\\/\\\/antderground.com\\\/fr\\\/produit\\\/100-microtubes-a-centrifuger\\\/#primaryimage\"},\"thumbnailUrl\":\"https:\\\/\\\/antderground.com\\\/wp-content\\\/uploads\\\/2022\\\/10\\\/WhatsApp-Image-2022-10-24-at-21.35.21.jpeg\",\"datePublished\":\"2022-10-26T13:30:57+00:00\",\"dateModified\":\"2024-03-04T17:50:50+00:00\",\"description\":\"C'est un tube parfait pour avoir des \u00e9chantillons, ces tubes sont connus sous le nom de tubes eppendorf. Id\u00e9al pour le monde des fourmis et de la myrm\u00e9cologie.\",\"breadcrumb\":{\"@id\":\"https:\\\/\\\/antderground.com\\\/fr\\\/produit\\\/100-microtubes-a-centrifuger\\\/#breadcrumb\"},\"inLanguage\":\"fr-FR\",\"potentialAction\":[{\"@type\":\"ReadAction\",\"target\":[\"https:\\\/\\\/antderground.com\\\/fr\\\/produit\\\/100-microtubes-a-centrifuger\\\/\"]}]},{\"@type\":\"ImageObject\",\"inLanguage\":\"fr-FR\",\"@id\":\"https:\\\/\\\/antderground.com\\\/fr\\\/produit\\\/100-microtubes-a-centrifuger\\\/#primaryimage\",\"url\":\"https:\\\/\\\/antderground.com\\\/wp-content\\\/uploads\\\/2022\\\/10\\\/WhatsApp-Image-2022-10-24-at-21.35.21.jpeg\",\"contentUrl\":\"https:\\\/\\\/antderground.com\\\/wp-content\\\/uploads\\\/2022\\\/10\\\/WhatsApp-Image-2022-10-24-at-21.35.21.jpeg\",\"width\":700,\"height\":700,\"caption\":\"tubo de microcentr\u00edfuga\"},{\"@type\":\"BreadcrumbList\",\"@id\":\"https:\\\/\\\/antderground.com\\\/fr\\\/produit\\\/100-microtubes-a-centrifuger\\\/#breadcrumb\",\"itemListElement\":[{\"@type\":\"ListItem\",\"position\":1,\"name\":\"Portada\",\"item\":\"https:\\\/\\\/antderground.com\\\/fr\\\/\"},{\"@type\":\"ListItem\",\"position\":2,\"name\":\"Boutique\",\"item\":\"https:\\\/\\\/antderground.com\\\/fr\\\/boutique\\\/\"},{\"@type\":\"ListItem\",\"position\":3,\"name\":\"100 microtubes \u00e0 centrifuger\"}]},{\"@type\":\"WebSite\",\"@id\":\"https:\\\/\\\/antderground.com\\\/fr\\\/#website\",\"url\":\"https:\\\/\\\/antderground.com\\\/fr\\\/\",\"name\":\"ANTDERGROUND\",\"description\":\"Tu tienda de hormigas, gran variedad de hormigueros acr\u00edlicos,madera,arena,3D y mas.. Pide tus hormigas gratis con tu pedido, somos expertos en hormigueros antifugas.\",\"publisher\":{\"@id\":\"https:\\\/\\\/antderground.com\\\/fr\\\/#\\\/schema\\\/person\\\/0e322c505e84fe72c65e2f6d08f96b81\"},\"alternateName\":\"Antderground\",\"potentialAction\":[{\"@type\":\"SearchAction\",\"target\":{\"@type\":\"EntryPoint\",\"urlTemplate\":\"https:\\\/\\\/antderground.com\\\/fr\\\/?s={search_term_string}\"},\"query-input\":{\"@type\":\"PropertyValueSpecification\",\"valueRequired\":true,\"valueName\":\"search_term_string\"}}],\"inLanguage\":\"fr-FR\"},{\"@type\":[\"Person\",\"Organization\"],\"@id\":\"https:\\\/\\\/antderground.com\\\/fr\\\/#\\\/schema\\\/person\\\/0e322c505e84fe72c65e2f6d08f96b81\",\"name\":\"Eric de Antderground\",\"image\":{\"@type\":\"ImageObject\",\"inLanguage\":\"fr-FR\",\"@id\":\"https:\\\/\\\/secure.gravatar.com\\\/avatar\\\/c49a1b9f79216d1498cb73c1e85cd47f4465dda35f2a94c03790d491bd4423c3?s=96&d=mm&r=g\",\"url\":\"https:\\\/\\\/secure.gravatar.com\\\/avatar\\\/c49a1b9f79216d1498cb73c1e85cd47f4465dda35f2a94c03790d491bd4423c3?s=96&d=mm&r=g\",\"contentUrl\":\"https:\\\/\\\/secure.gravatar.com\\\/avatar\\\/c49a1b9f79216d1498cb73c1e85cd47f4465dda35f2a94c03790d491bd4423c3?s=96&d=mm&r=g\",\"caption\":\"Eric de Antderground\"},\"logo\":{\"@id\":\"https:\\\/\\\/secure.gravatar.com\\\/avatar\\\/c49a1b9f79216d1498cb73c1e85cd47f4465dda35f2a94c03790d491bd4423c3?s=96&d=mm&r=g\"},\"description\":\"Eric es el especialista y fundador de Antderground, con una amplia trayectoria en artr\u00f3podos y enfocado en la mirmecolog\u00eda y el dise\u00f1o de hormigueros artificiales. Su enfoque combina la innovaci\u00f3n t\u00e9cnica con el respeto por la biolog\u00eda de las hormigas, is\u00f3podos y otros, desarrollando sistemas de nidos modulares 3D y acr\u00edlicos que son referentes para aficionados y profesionales en toda Europa. Su objetivo es facilitar la cr\u00eda de hormigas y otros artr\u00f3podos mediante soluciones seguras y divulgaci\u00f3n de calidad.\",\"sameAs\":[\"https:\\\/\\\/antderground.com\\\/\",\"https:\\\/\\\/www.youtube.com\\\/channel\\\/UCio72z7TlbufkAthAJIJfPw\"]}]}<\/script>\n<!-- \/ Yoast SEO plugin. -->","yoast_head_json":{"title":"100 microtubes \u00e0 centrifuger - ANTDERGROUND","description":"C'est un tube parfait pour avoir des \u00e9chantillons, ces tubes sont connus sous le nom de tubes eppendorf. Id\u00e9al pour le monde des fourmis et de la myrm\u00e9cologie.","robots":{"index":"index","follow":"follow","max-snippet":"max-snippet:-1","max-image-preview":"max-image-preview:large","max-video-preview":"max-video-preview:-1"},"canonical":"https:\/\/antderground.com\/fr\/produit\/100-microtubes-a-centrifuger\/","og_locale":"fr_FR","og_type":"article","og_title":"100 microtubes \u00e0 centrifuger - ANTDERGROUND","og_description":"C'est un tube parfait pour avoir des \u00e9chantillons, ces tubes sont connus sous le nom de tubes eppendorf. Id\u00e9al pour le monde des fourmis et de la myrm\u00e9cologie.","og_url":"https:\/\/antderground.com\/fr\/produit\/100-microtubes-a-centrifuger\/","og_site_name":"ANTDERGROUND","article_modified_time":"2024-03-04T17:50:50+00:00","og_image":[{"width":700,"height":700,"url":"https:\/\/antderground.com\/wp-content\/uploads\/2022\/10\/WhatsApp-Image-2022-10-24-at-21.35.21.jpeg","type":"image\/jpeg"}],"twitter_card":"summary_large_image","schema":{"@context":"https:\/\/schema.org","@graph":[{"@type":"WebPage","@id":"https:\/\/antderground.com\/fr\/produit\/100-microtubes-a-centrifuger\/","url":"https:\/\/antderground.com\/fr\/produit\/100-microtubes-a-centrifuger\/","name":"100 microtubes \u00e0 centrifuger - ANTDERGROUND","isPartOf":{"@id":"https:\/\/antderground.com\/fr\/#website"},"primaryImageOfPage":{"@id":"https:\/\/antderground.com\/fr\/produit\/100-microtubes-a-centrifuger\/#primaryimage"},"image":{"@id":"https:\/\/antderground.com\/fr\/produit\/100-microtubes-a-centrifuger\/#primaryimage"},"thumbnailUrl":"https:\/\/antderground.com\/wp-content\/uploads\/2022\/10\/WhatsApp-Image-2022-10-24-at-21.35.21.jpeg","datePublished":"2022-10-26T13:30:57+00:00","dateModified":"2024-03-04T17:50:50+00:00","description":"C'est un tube parfait pour avoir des \u00e9chantillons, ces tubes sont connus sous le nom de tubes eppendorf. Id\u00e9al pour le monde des fourmis et de la myrm\u00e9cologie.","breadcrumb":{"@id":"https:\/\/antderground.com\/fr\/produit\/100-microtubes-a-centrifuger\/#breadcrumb"},"inLanguage":"fr-FR","potentialAction":[{"@type":"ReadAction","target":["https:\/\/antderground.com\/fr\/produit\/100-microtubes-a-centrifuger\/"]}]},{"@type":"ImageObject","inLanguage":"fr-FR","@id":"https:\/\/antderground.com\/fr\/produit\/100-microtubes-a-centrifuger\/#primaryimage","url":"https:\/\/antderground.com\/wp-content\/uploads\/2022\/10\/WhatsApp-Image-2022-10-24-at-21.35.21.jpeg","contentUrl":"https:\/\/antderground.com\/wp-content\/uploads\/2022\/10\/WhatsApp-Image-2022-10-24-at-21.35.21.jpeg","width":700,"height":700,"caption":"tubo de microcentr\u00edfuga"},{"@type":"BreadcrumbList","@id":"https:\/\/antderground.com\/fr\/produit\/100-microtubes-a-centrifuger\/#breadcrumb","itemListElement":[{"@type":"ListItem","position":1,"name":"Portada","item":"https:\/\/antderground.com\/fr\/"},{"@type":"ListItem","position":2,"name":"Boutique","item":"https:\/\/antderground.com\/fr\/boutique\/"},{"@type":"ListItem","position":3,"name":"100 microtubes \u00e0 centrifuger"}]},{"@type":"WebSite","@id":"https:\/\/antderground.com\/fr\/#website","url":"https:\/\/antderground.com\/fr\/","name":"ANTDERGROUND","description":"Tu tienda de hormigas, gran variedad de hormigueros acr\u00edlicos,madera,arena,3D y mas.. Pide tus hormigas gratis con tu pedido, somos expertos en hormigueros antifugas.","publisher":{"@id":"https:\/\/antderground.com\/fr\/#\/schema\/person\/0e322c505e84fe72c65e2f6d08f96b81"},"alternateName":"Antderground","potentialAction":[{"@type":"SearchAction","target":{"@type":"EntryPoint","urlTemplate":"https:\/\/antderground.com\/fr\/?s={search_term_string}"},"query-input":{"@type":"PropertyValueSpecification","valueRequired":true,"valueName":"search_term_string"}}],"inLanguage":"fr-FR"},{"@type":["Person","Organization"],"@id":"https:\/\/antderground.com\/fr\/#\/schema\/person\/0e322c505e84fe72c65e2f6d08f96b81","name":"Eric de Antderground","image":{"@type":"ImageObject","inLanguage":"fr-FR","@id":"https:\/\/secure.gravatar.com\/avatar\/c49a1b9f79216d1498cb73c1e85cd47f4465dda35f2a94c03790d491bd4423c3?s=96&d=mm&r=g","url":"https:\/\/secure.gravatar.com\/avatar\/c49a1b9f79216d1498cb73c1e85cd47f4465dda35f2a94c03790d491bd4423c3?s=96&d=mm&r=g","contentUrl":"https:\/\/secure.gravatar.com\/avatar\/c49a1b9f79216d1498cb73c1e85cd47f4465dda35f2a94c03790d491bd4423c3?s=96&d=mm&r=g","caption":"Eric de Antderground"},"logo":{"@id":"https:\/\/secure.gravatar.com\/avatar\/c49a1b9f79216d1498cb73c1e85cd47f4465dda35f2a94c03790d491bd4423c3?s=96&d=mm&r=g"},"description":"Eric es el especialista y fundador de Antderground, con una amplia trayectoria en artr\u00f3podos y enfocado en la mirmecolog\u00eda y el dise\u00f1o de hormigueros artificiales. Su enfoque combina la innovaci\u00f3n t\u00e9cnica con el respeto por la biolog\u00eda de las hormigas, is\u00f3podos y otros, desarrollando sistemas de nidos modulares 3D y acr\u00edlicos que son referentes para aficionados y profesionales en toda Europa. Su objetivo es facilitar la cr\u00eda de hormigas y otros artr\u00f3podos mediante soluciones seguras y divulgaci\u00f3n de calidad.","sameAs":["https:\/\/antderground.com\/","https:\/\/www.youtube.com\/channel\/UCio72z7TlbufkAthAJIJfPw"]}]}},"_links":{"self":[{"href":"https:\/\/antderground.com\/fr\/wp-json\/wp\/v2\/product\/21988","targetHints":{"allow":["GET"]}}],"collection":[{"href":"https:\/\/antderground.com\/fr\/wp-json\/wp\/v2\/product"}],"about":[{"href":"https:\/\/antderground.com\/fr\/wp-json\/wp\/v2\/types\/product"}],"version-history":[{"count":0,"href":"https:\/\/antderground.com\/fr\/wp-json\/wp\/v2\/product\/21988\/revisions"}],"wp:featuredmedia":[{"embeddable":true,"href":"https:\/\/antderground.com\/fr\/wp-json\/wp\/v2\/media\/21068"}],"wp:attachment":[{"href":"https:\/\/antderground.com\/fr\/wp-json\/wp\/v2\/media?parent=21988"}],"wp:term":[{"taxonomy":"product_brand","embeddable":true,"href":"https:\/\/antderground.com\/fr\/wp-json\/wp\/v2\/product_brand?post=21988"},{"taxonomy":"product_cat","embeddable":true,"href":"https:\/\/antderground.com\/fr\/wp-json\/wp\/v2\/product_cat?post=21988"},{"taxonomy":"product_tag","embeddable":true,"href":"https:\/\/antderground.com\/fr\/wp-json\/wp\/v2\/product_tag?post=21988"}],"curies":[{"name":"wp","href":"https:\/\/api.w.org\/{rel}","templated":true}]}}